{"id":6532,"date":"2025-03-11T06:28:19","date_gmt":"2025-03-11T06:28:19","guid":{"rendered":"https:\/\/fmp-components.com\/product\/italy-factory-supply-5-stage-telescopic-hydraulic-cylinder-for-dump-truck"},"modified":"2025-03-14T02:40:55","modified_gmt":"2025-03-14T02:40:55","slug":"italy-factory-supply-5-stage-telescopic-hydraulic-cylinder-for-dump-truck","status":"publish","type":"product","link":"https:\/\/fmp-components.com\/de\/product\/italy-factory-supply-5-stage-telescopic-hydraulic-cylinder-for-dump-truck\/","title":{"rendered":"Italienische Fabrik liefert 5-stufigen Teleskop-Hydraulikzylinder f\u00fcr Muldenkipper"},"content":{"rendered":"<h2>Italienische Fabrik liefert 5-stufigen Teleskop-Hydraulikzylinder f\u00fcr Muldenkipper<\/h2>\n<p>Dieser neue, standardisierte mehrstufige Hydraulikzylinder ist ein hochwertiges Produkt direkt vom Hersteller. Gefertigt aus Stahl, bietet er die f\u00fcr schwere Maschinen erforderliche H\u00f6chstleistung und Langlebigkeit. Er eignet sich ideal f\u00fcr Maschinenreparaturwerkst\u00e4tten, Landwirtschaftsbetriebe, die Energie- und Bergbauindustrie, den Maschinenbau und Maschinenbaubetriebe.<\/p>\n<h3>Merkmale und Funktionen<\/h3>\n<ul>\n<li>Maximaler Schub: 3000<\/li>\n<li>Max. Zugkraft: 20 Tonnen<\/li>\n<li>Anschl\u00fcsse: G\/SAE\/NPT\/M<\/li>\n<li>Zertifizierung: ISO9001:2000<\/li>\n<li>Bohrungsgr\u00f6\u00dfe: 2-6 Zoll<\/li>\n<li>Stangengr\u00f6\u00dfe: 1,125-4 Zoll<\/li>\n<li>Hubgr\u00f6\u00dfe: 4-100 Zoll<\/li>\n<li>Stiftgr\u00f6\u00dfe: 0,5-2 Zoll<\/li>\n<li>Farbe: Schwarz<\/li>\n<\/ul>\n<h3>Produktdetails und Spezifikationen<\/h3>\n<p>Dieser Hydraulikzylinder wiegt 38 kg und hat eine einj\u00e4hrige Garantie. Zu den Kernkomponenten geh\u00f6ren das Lager und der Hydraulikzylinder selbst.<\/p>\n<p>Sehen Sie sich die detaillierten Spezifikationen unten an:<\/p>\n<table style=\"width: 96.9541%;\" border=\"\">\n<tbody>\n<tr>\n<td style=\"width: 41.704%;\"><i>Produktname<\/i><\/td>\n<td style=\"width: 301.794%;\">Teleskopzylinder<\/td>\n<\/tr>\n<tr>\n<td style=\"width: 41.704%;\"><i>Zertifizierung<\/i><\/td>\n<td style=\"width: 301.794%;\">ISO9001:2000<\/td>\n<\/tr>\n<tr>\n<td style=\"width: 41.704%;\"><i>Bohrungsgr\u00f6\u00dfe<\/i><\/td>\n<td style=\"width: 301.794%;\">2-6 Zoll<\/td>\n<\/tr>\n<tr>\n<td style=\"width: 41.704%;\"><i>Stangengr\u00f6\u00dfe<\/i><\/td>\n<td style=\"width: 301.794%;\">1,125-4 Zoll<\/td>\n<\/tr>\n<tr>\n<td style=\"width: 41.704%;\"><i>Strichgr\u00f6\u00dfe<\/i><\/td>\n<td style=\"width: 301.794%;\">4-100 Zoll<\/td>\n<\/tr>\n<tr>\n<td style=\"width: 41.704%;\"><i>Pin-Gr\u00f6\u00dfe<\/i><\/td>\n<td style=\"width: 301.794%;\">0,5-2 Zoll<\/td>\n<\/tr>\n<tr>\n<td style=\"width: 41.704%;\"><i>H\u00e4fen<\/i><\/td>\n<td style=\"width: 301.794%;\">G\/SAE\/NPT\/M<\/td>\n<\/tr>\n<\/tbody>\n<\/table>\n<h2>Einzigartige Vorteile<\/h2>\n<p>Dieser Hydraulikzylinder ist energieeffizient, hochwirksam und sicher. Er ist eine Schl\u00fcsselkomponente in Hydrauliksystemen und wandelt Fl\u00fcssigkeitsdruck in eine Kraft um, die schwere Lasten bewegen kann. Seine Einsatzm\u00f6glichkeiten sind vielf\u00e4ltig und reichen von Muldenkippern \u00fcber Maschinenreparaturwerkst\u00e4tten und Landwirtschaft bis hin zu Energie- und Bergbauunternehmen, Maschinenbau und Fabriken.<\/p>\n<p><img loading=\"lazy\" decoding=\"async\" class=\"alignnone size-full wp-image-6796\" src=\"https:\/\/fmp-components.com\/wp-content\/uploads\/2025\/03\/Telescopic-Hydraulic-Cylinders-12.webp\" alt=\"Teleskop-Hydraulikzylinder\" width=\"800\" height=\"800\" title=\"\" srcset=\"https:\/\/fmp-components.com\/wp-content\/uploads\/2025\/03\/Telescopic-Hydraulic-Cylinders-12.webp 800w, https:\/\/fmp-components.com\/wp-content\/uploads\/2025\/03\/Telescopic-Hydraulic-Cylinders-12-480x480.webp 480w\" sizes=\"(min-width: 0px) and (max-width: 480px) 480px, (min-width: 481px) 800px, 100vw\" \/><\/p>\n<h2>Hydrauliksysteme und Funktionsprinzip<\/h2>\n<p>Der Hydraulikzylinder funktioniert nach dem Pascalschen Prinzip. Wird Druck auf die Fl\u00fcssigkeit im Zylinder ausge\u00fcbt, erzeugt dies eine Kraft, die den Zylinderkolben bewegt, welcher wiederum Arbeit an der Last verrichtet.<\/p>\n<h3>Anwendungsszenarien<\/h3>\n<p>Mit einer maximalen Zugkraft von 20 Tonnen und einem maximalen Schub von 3000 ist dieser Hydraulikzylinder perfekt f\u00fcr anspruchsvolle Anwendungen wie Muldenkipper, Bagger und andere schwere Maschinen geeignet.<\/p>\n<h2>Hydraulikzylinder und Antriebseinheiten<\/h2>\n<p>Hydraulikzylinder und Hydraulikaggregate sind unverzichtbare Komponenten von Hydrauliksystemen. Sie arbeiten zusammen, um die breite Anwendung der Hydrauliktechnik im industriellen Bereich zu gew\u00e4hrleisten und eine zuverl\u00e4ssige Energieversorgung und Steuerung f\u00fcr diverse technische und mechanische Anlagen sicherzustellen. Wir bieten auch Hydraulikaggregate zum Verkauf an.<\/p>\n<h2>H\u00e4ufig gestellte Fragen<\/h2>\n<p><b>F: Sind Sie ein Handelsunternehmen oder Hersteller?<\/b><br \/>\nA: Wir sind ein Hersteller.<\/p>\n<p><b>F: Wie lange ist Ihre Lieferzeit?<\/b><br \/>\nA: Im Allgemeinen sind es 25\u201335 Tage.<\/p>\n<p><b>F: Stellen Sie Muster zur Verf\u00fcgung? Ist es kostenlos oder extra?<\/b><br \/>\nA: Ja, wir k\u00f6nnten die Probe anbieten, aber sie ist nicht kostenlos.<\/p>\n<h3>\u00dcber FMP<\/h3>\n<p class=\"break-words\">FMP ist ein f\u00fchrender italienischer Hersteller, der sich auf die Konstruktion, Entwicklung und Produktion hochwertiger Hydraulikzylinder spezialisiert hat. Mit unserer langj\u00e4hrigen Erfahrung verbinden wir italienische Handwerkskunst mit modernster Technologie, um au\u00dfergew\u00f6hnliche Hydraulikl\u00f6sungen zu liefern, die auf die vielf\u00e4ltigen Bed\u00fcrfnisse unserer weltweiten Kundschaft zugeschnitten sind. Mit Sitz in Italien, einem Zentrum der Ingenieurskunst, gilt FMP als vertrauensw\u00fcrdiger Name in der Hydraulikbranche und hat sich der Bereitstellung zuverl\u00e4ssiger, langlebiger und innovativer Produkte verschrieben, die Unternehmen weltweit unterst\u00fctzen.<\/p>\n<p class=\"break-words\">Unser Unternehmen verbindet die besten Fertigungstraditionen mit einem zukunftsorientierten Ansatz. Dank langj\u00e4hriger Erfahrung im Bereich Hydrauliksysteme hat sich FMP zu einem modernen Unternehmen entwickelt, das sich durch herausragende Leistungen in Forschung, Design und Produktion auszeichnet. Wir sind spezialisiert auf ein breites Spektrum an Hydraulikzylindern, darunter doppeltwirkende Zylinder, Automobil-Hubzylinder, Landmaschinenzylinder und ma\u00dfgeschneiderte L\u00f6sungen f\u00fcr verschiedene Industrieanwendungen. Ob f\u00fcr Bauwesen, Industrieanlagen, Landwirtschaft oder Schwermaschinen \u2013 unsere Hydraulikzylinder sind f\u00fcr h\u00e4rteste Bedingungen ausgelegt und gew\u00e4hrleisten Sicherheit, Effizienz und Langlebigkeit.<\/p>\n<p><img loading=\"lazy\" decoding=\"async\" class=\"alignnone size-full wp-image-6720\" src=\"https:\/\/fmp-components.com\/wp-content\/uploads\/2025\/03\/hydraulic-cylinder-8.webp\" alt=\"Teleskop-Hydraulikzylinder\" width=\"933\" height=\"526\" title=\"\" srcset=\"https:\/\/fmp-components.com\/wp-content\/uploads\/2025\/03\/hydraulic-cylinder-8.webp 933w, https:\/\/fmp-components.com\/wp-content\/uploads\/2025\/03\/hydraulic-cylinder-8-480x271.webp 480w\" sizes=\"(min-width: 0px) and (max-width: 480px) 480px, (min-width: 481px) 933px, 100vw\" \/><\/p>\n<p class=\"break-words\">Bei FMP sind wir stolz auf unsere hochmodernen Produktionsanlagen, die mit Pr\u00e4zisionsmaschinen und fortschrittlichen Pr\u00fcfsystemen ausgestattet sind. Unsere Fertigungsprozesse entsprechen strengen nationalen und internationalen Standards und gew\u00e4hrleisten, dass jeder Hydraulikzylinder, der unser Werk verl\u00e4sst, von h\u00f6chster Qualit\u00e4t und Zuverl\u00e4ssigkeit ist. Unser qualifiziertes technisches Team und modernste Ausr\u00fcstung erm\u00f6glichen uns eine strenge Qualit\u00e4tskontrolle in jeder Produktionsphase \u2013 von der Rohstoffauswahl bis zur Endkontrolle. Dieses Streben nach Exzellenz hat uns Zertifizierungen und Anerkennungen von Branchenbeh\u00f6rden eingebracht und unseren Ruf als zuverl\u00e4ssiger Partner weiter gefestigt.<\/p>\n<p class=\"break-words\">Unsere Mission ist einfach und doch ehrgeizig: Wir m\u00f6chten unseren Kunden Hydraulikzylinder liefern, die ihre Erwartungen in puncto Leistung, Langlebigkeit und Wert \u00fcbertreffen. Professionalit\u00e4t, Integrit\u00e4t und Kundenorientierung sind unsere Leitprinzipien. Durch Innovation und Pr\u00e4zision entwickeln wir unsere Produkte kontinuierlich weiter, um im Wettbewerb die Nase vorn zu behalten. Unser umfassendes Produktsortiment und unsere F\u00e4higkeit, ma\u00dfgeschneiderte L\u00f6sungen anzubieten, machen uns zur ersten Wahl f\u00fcr Unternehmen, die leistungsstarke Hydraulikzylinder suchen.<\/p>\n<p class=\"break-words\">FMP ist mehr als nur ein Hersteller \u2013 wir sind Ihr Partner f\u00fcr Ihren Erfolg. Wir wissen, dass unsere Kunden auf uns vertrauen, wenn es um Werkzeuge geht, die ihre Produktivit\u00e4t und Sicherheit steigern. Deshalb bieten wir nicht nur erstklassige Produkte, sondern auch hervorragenden Service. Von der ersten Beratung bis zum After-Sales-Support arbeiten wir eng mit unseren Kunden zusammen, um sicherzustellen, dass ihre Bed\u00fcrfnisse professionell und sorgf\u00e4ltig erf\u00fcllt werden. Unsere wettbewerbsf\u00e4higen Preise und unser unerm\u00fcdliches Engagement f\u00fcr Qualit\u00e4t machen FMP zur intelligenten Wahl f\u00fcr Unternehmen, die in zuverl\u00e4ssige Hydraulikl\u00f6sungen investieren m\u00f6chten.<\/p>","protected":false},"excerpt":{"rendered":"<p>Italy Factory Supply 5 Stage Telescopic Hydraulic Cylinder For Dump Truck This new, standard multistage hydraulic cylinder is a high-quality product straight from the factory. Manufactured with a steel body, it provides the ultimate power and durability needed for heavy machinery. It\u2019s perfect for machinery repair shops, farms, energy &amp; mining, machinery manufacturing, and machinery [&hellip;]<\/p>","protected":false},"featured_media":6769,"comment_status":"closed","ping_status":"closed","template":"","meta":{"_et_pb_use_builder":"","_et_pb_old_content":"","_et_gb_content_width":""},"product_brand":[],"product_cat":[103],"product_tag":[34,105],"class_list":{"0":"post-6532","1":"product","2":"type-product","3":"status-publish","4":"has-post-thumbnail","6":"product_cat-telescopic-hydraulic-cylinders","7":"product_tag-hydraulic-cylinder","8":"product_tag-telescopic-hydraulic-cylinders","10":"first","11":"instock","12":"product-type-simple"},"_links":{"self":[{"href":"https:\/\/fmp-components.com\/de\/wp-json\/wp\/v2\/product\/6532","targetHints":{"allow":["GET"]}}],"collection":[{"href":"https:\/\/fmp-components.com\/de\/wp-json\/wp\/v2\/product"}],"about":[{"href":"https:\/\/fmp-components.com\/de\/wp-json\/wp\/v2\/types\/product"}],"replies":[{"embeddable":true,"href":"https:\/\/fmp-components.com\/de\/wp-json\/wp\/v2\/comments?post=6532"}],"wp:featuredmedia":[{"embeddable":true,"href":"https:\/\/fmp-components.com\/de\/wp-json\/wp\/v2\/media\/6769"}],"wp:attachment":[{"href":"https:\/\/fmp-components.com\/de\/wp-json\/wp\/v2\/media?parent=6532"}],"wp:term":[{"taxonomy":"product_brand","embeddable":true,"href":"https:\/\/fmp-components.com\/de\/wp-json\/wp\/v2\/product_brand?post=6532"},{"taxonomy":"product_cat","embeddable":true,"href":"https:\/\/fmp-components.com\/de\/wp-json\/wp\/v2\/product_cat?post=6532"},{"taxonomy":"product_tag","embeddable":true,"href":"https:\/\/fmp-components.com\/de\/wp-json\/wp\/v2\/product_tag?post=6532"}],"curies":[{"name":"wp","href":"https:\/\/api.w.org\/{rel}","templated":true}]}}