{"id":6525,"date":"2025-03-11T06:26:57","date_gmt":"2025-03-11T06:26:57","guid":{"rendered":"https:\/\/fmp-components.com\/product\/chinese-factory-dump-trailer-hydraulic-cylinders-multistage-hydraulic-cylinder-for-sale"},"modified":"2025-03-18T02:13:23","modified_gmt":"2025-03-18T02:13:23","slug":"italian-factory-dump-trailer-hydraulic-cylinders-multistage-hydraulic-cylinder-for-sale","status":"publish","type":"product","link":"https:\/\/fmp-components.com\/de\/product\/italian-factory-dump-trailer-hydraulic-cylinders-multistage-hydraulic-cylinder-for-sale\/","title":{"rendered":"Italienische Fabrik-Hydraulikzylinder f\u00fcr Kippanh\u00e4nger, mehrstufige Hydraulikzylinder zu verkaufen"},"content":{"rendered":"<h2>Italienische Fabrik-Hydraulikzylinder f\u00fcr Kippanh\u00e4nger, mehrstufige Hydraulikzylinder zu verkaufen<\/h2>\n<p>Entdecken Sie die Leistungsf\u00e4higkeit unserer mehrstufigen Hydraulikzylinder. Diese hocheffizienten und zuverl\u00e4ssigen Zylinder sind f\u00fcr anspruchsvolle Anwendungen konzipiert und bieten hervorragende Leistung in verschiedenen Branchen, darunter Maschinenreparaturwerkst\u00e4tten, Landwirtschaft, Energie- und Bergbau sowie Maschinenbau. Unsere Hydraulikzylinder werden mit h\u00f6chster Pr\u00e4zision gefertigt und garantieren so erstklassige Funktionalit\u00e4t und Langlebigkeit. Mit einer maximalen Schubkraft von 3000 Nm und einer maximalen Zugkraft von 20 Tonnen sind sie f\u00fcr den dauerhaften Einsatz ausgelegt.<\/p>\n<h3>Produktspezifikationen<\/h3>\n<table style=\"width: 101.086%;\" border=\"\">\n<tbody>\n<tr>\n<td style=\"width: 43.5028%;\"><b>Bohrungsgr\u00f6\u00dfe<\/b><\/td>\n<td style=\"width: 490.96%;\">2-6 Zoll<\/td>\n<\/tr>\n<tr>\n<td style=\"width: 43.5028%;\"><b>Stangengr\u00f6\u00dfe<\/b><\/td>\n<td style=\"width: 490.96%;\">1,125-4 Zoll<\/td>\n<\/tr>\n<tr>\n<td style=\"width: 43.5028%;\"><b>Strichgr\u00f6\u00dfe<\/b><\/td>\n<td style=\"width: 490.96%;\">4-100 Zoll<\/td>\n<\/tr>\n<tr>\n<td style=\"width: 43.5028%;\"><b>Pin-Gr\u00f6\u00dfe<\/b><\/td>\n<td style=\"width: 490.96%;\">0,5-2 Zoll<\/td>\n<\/tr>\n<tr>\n<td style=\"width: 43.5028%;\"><b>H\u00e4fen<\/b><\/td>\n<td style=\"width: 490.96%;\">G\/SAE\/NPT\/M<\/td>\n<\/tr>\n<\/tbody>\n<\/table>\n<h3>Einzigartige Funktionen und Vorteile<\/h3>\n<ul>\n<li>Energieeffizient<\/li>\n<li>Hohe Leistung<\/li>\n<li>Sicherheit garantiert<\/li>\n<\/ul>\n<h3>Verst\u00e4ndnis des Hydrauliksystems und seiner Funktionsprinzipien<\/h3>\n<p>Hydrauliksysteme sind in vielen Branchen unverzichtbar, vor allem aufgrund ihrer bemerkenswerten F\u00e4higkeit, gro\u00dfe Leistungsmengen zu erzeugen und pr\u00e4zise zu steuern. Diese Systeme nutzen die Prinzipien der Str\u00f6mungsmechanik, um Kr\u00e4fte zu \u00fcbertragen und zu verst\u00e4rken. Dadurch eignen sie sich ideal f\u00fcr Anwendungen, die pr\u00e4zise Bewegungen und hohe Hubkr\u00e4fte erfordern. Eine Schl\u00fcsselkomponente von Hydrauliksystemen ist der mehrstufige Hydraulikzylinder, der hydraulische Energie in mechanische Bewegung umwandelt. Dieser Umwandlungsprozess erzeugt eine starke Kraft, die f\u00fcr vielf\u00e4ltige Anwendungen genutzt werden kann, vom Heben schwerer Lasten bis zur pr\u00e4zisen Positionierung von Maschinen. Die Konstruktion dieser Zylinder erm\u00f6glicht einen effizienten Betrieb bei unterschiedlichen Druckniveaus und gew\u00e4hrleistet so einen zuverl\u00e4ssigen Betrieb unter verschiedenen Bedingungen.<\/p>\n<p><img loading=\"lazy\" decoding=\"async\" class=\"alignnone wp-image-6659\" src=\"https:\/\/fmp-components.com\/wp-content\/uploads\/2025\/03\/telescopic-hydraulic-cylinder-12.webp\" alt=\"Teleskop-Hydraulikzylinder\" width=\"953\" height=\"953\" title=\"\" srcset=\"https:\/\/fmp-components.com\/wp-content\/uploads\/2025\/03\/telescopic-hydraulic-cylinder-12.webp 953w, https:\/\/fmp-components.com\/wp-content\/uploads\/2025\/03\/telescopic-hydraulic-cylinder-12-480x480.webp 480w\" sizes=\"(min-width: 0px) and (max-width: 480px) 480px, (min-width: 481px) 953px, 100vw\" \/><\/p>\n<h3>Anwendungen von Hydraulikzylindern<\/h3>\n<p>Unsere Hydraulikzylinder sind \u00e4u\u00dferst vielseitig und finden in einer breiten Anwendungspalette Verwendung. Im Maschinenbau sind sie unverzichtbar f\u00fcr den Betrieb von Anlagen, die kraftvolle und pr\u00e4zise Bewegungen erfordern, wie beispielsweise Pressen, Hebezeuge und F\u00f6rderb\u00e4nder. Im Bauwesen erm\u00f6glichen diese Zylinder den Betrieb von Kr\u00e4nen, Baggern und anderen schweren Baumaschinen und damit das m\u00fchelose Heben und Bewegen gro\u00dfer Materialmengen. Auch in der Landwirtschaft treiben Hydraulikzylinder Ger\u00e4te wie Traktoren und M\u00e4hdrescher an und tragen so zu effizienten und produktivit\u00e4tssteigernden Arbeitsabl\u00e4ufen bei.<\/p>\n<p>Dank ihrer robusten Bauweise und effizienten Funktionsweise sind Hydraulikzylinder in allen Branchen, die kraftvolle Bewegungen und pr\u00e4zise Steuerung erfordern, unverzichtbar. Ob in der Fertigung, im Transportwesen oder im Energiesektor \u2013 diese Zylinder steigern die betriebliche Effizienz und Effektivit\u00e4t und unterst\u00fctzen Unternehmen beim Erreichen ihrer Ziele bei gleichzeitiger Gew\u00e4hrleistung von Sicherheit und Zuverl\u00e4ssigkeit. Die Anpassungsf\u00e4higkeit und St\u00e4rke unserer Hydraulikzylinder gew\u00e4hrleisten, dass sie den vielf\u00e4ltigen Anforderungen unterschiedlichster Anwendungen gerecht werden und somit ein unverzichtbares Werkzeug in modernen Industrieanlagen darstellen.<\/p>\n<h3>\u00dcber FMP<\/h3>\n<p class=\"break-words\">FMP ist ein f\u00fchrender italienischer Hersteller, der sich auf die Konstruktion, Entwicklung und Produktion hochwertiger Hydraulikzylinder spezialisiert hat. Mit unserer langj\u00e4hrigen Erfahrung verbinden wir italienische Handwerkskunst mit modernster Technologie, um au\u00dfergew\u00f6hnliche Hydraulikl\u00f6sungen zu liefern, die auf die vielf\u00e4ltigen Bed\u00fcrfnisse unserer weltweiten Kundschaft zugeschnitten sind. Mit Sitz in Italien, einem Zentrum der Ingenieurskunst, gilt FMP als vertrauensw\u00fcrdiger Name in der Hydraulikbranche und hat sich der Bereitstellung zuverl\u00e4ssiger, langlebiger und innovativer Produkte verschrieben, die Unternehmen weltweit unterst\u00fctzen.<\/p>\n<p class=\"break-words\">Unser Unternehmen verbindet die besten Fertigungstraditionen mit einem zukunftsorientierten Ansatz. Dank langj\u00e4hriger Erfahrung im Bereich Hydrauliksysteme hat sich FMP zu einem modernen Unternehmen entwickelt, das sich durch herausragende Leistungen in Forschung, Design und Produktion auszeichnet. Wir sind spezialisiert auf ein breites Spektrum an Hydraulikzylindern, darunter doppeltwirkende Zylinder, Automobil-Hubzylinder, Landmaschinenzylinder und ma\u00dfgeschneiderte L\u00f6sungen f\u00fcr verschiedene Industrieanwendungen. Ob f\u00fcr Bauwesen, Industrieanlagen, Landwirtschaft oder Schwermaschinen \u2013 unsere Hydraulikzylinder sind f\u00fcr h\u00e4rteste Bedingungen ausgelegt und gew\u00e4hrleisten Sicherheit, Effizienz und Langlebigkeit.<\/p>\n<p><img loading=\"lazy\" decoding=\"async\" class=\"alignnone size-full wp-image-6720\" src=\"https:\/\/fmp-components.com\/wp-content\/uploads\/2025\/03\/hydraulic-cylinder-8.webp\" alt=\"Teleskop-Hydraulikzylinder\" width=\"933\" height=\"526\" title=\"\" srcset=\"https:\/\/fmp-components.com\/wp-content\/uploads\/2025\/03\/hydraulic-cylinder-8.webp 933w, https:\/\/fmp-components.com\/wp-content\/uploads\/2025\/03\/hydraulic-cylinder-8-480x271.webp 480w\" sizes=\"(min-width: 0px) and (max-width: 480px) 480px, (min-width: 481px) 933px, 100vw\" \/><\/p>\n<p class=\"break-words\">Bei FMP sind wir stolz auf unsere hochmodernen Produktionsanlagen, die mit Pr\u00e4zisionsmaschinen und fortschrittlichen Pr\u00fcfsystemen ausgestattet sind. Unsere Fertigungsprozesse entsprechen strengen nationalen und internationalen Standards und gew\u00e4hrleisten, dass jeder Hydraulikzylinder, der unser Werk verl\u00e4sst, von h\u00f6chster Qualit\u00e4t und Zuverl\u00e4ssigkeit ist. Unser qualifiziertes technisches Team und modernste Ausr\u00fcstung erm\u00f6glichen uns eine strenge Qualit\u00e4tskontrolle in jeder Produktionsphase \u2013 von der Rohstoffauswahl bis zur Endkontrolle. Dieses Streben nach Exzellenz hat uns Zertifizierungen und Anerkennungen von Branchenbeh\u00f6rden eingebracht und unseren Ruf als zuverl\u00e4ssiger Partner weiter gefestigt.<\/p>\n<p class=\"break-words\">Unsere Mission ist einfach und doch ehrgeizig: Wir m\u00f6chten unseren Kunden Hydraulikzylinder liefern, die ihre Erwartungen in puncto Leistung, Langlebigkeit und Wert \u00fcbertreffen. Professionalit\u00e4t, Integrit\u00e4t und Kundenorientierung sind unsere Leitprinzipien. Durch Innovation und Pr\u00e4zision entwickeln wir unsere Produkte kontinuierlich weiter, um im Wettbewerb die Nase vorn zu behalten. Unser umfassendes Produktsortiment und unsere F\u00e4higkeit, ma\u00dfgeschneiderte L\u00f6sungen anzubieten, machen uns zur ersten Wahl f\u00fcr Unternehmen, die leistungsstarke Hydraulikzylinder suchen.<\/p>\n<p class=\"break-words\">FMP ist mehr als nur ein Hersteller \u2013 wir sind Ihr Partner f\u00fcr Ihren Erfolg. Wir wissen, dass unsere Kunden auf uns vertrauen, wenn es um Werkzeuge geht, die ihre Produktivit\u00e4t und Sicherheit steigern. Deshalb bieten wir nicht nur erstklassige Produkte, sondern auch hervorragenden Service. Von der ersten Beratung bis zum After-Sales-Support arbeiten wir eng mit unseren Kunden zusammen, um sicherzustellen, dass ihre Bed\u00fcrfnisse professionell und sorgf\u00e4ltig erf\u00fcllt werden. Unsere wettbewerbsf\u00e4higen Preise und unser unerm\u00fcdliches Engagement f\u00fcr Qualit\u00e4t machen FMP zur intelligenten Wahl f\u00fcr Unternehmen, die in zuverl\u00e4ssige Hydraulikl\u00f6sungen investieren m\u00f6chten.<\/p>\n<h2>H\u00e4ufig gestellte Fragen<\/h2>\n<p><b>F: Sind Sie ein Handelsunternehmen oder Hersteller?<\/b><br \/>\nA: Wir sind ein Hersteller.<\/p>\n<p><b>F: Wie lange ist Ihre Lieferzeit?<\/b><br \/>\nA: Im Allgemeinen sind es 25\u201335 Tage.<\/p>\n<p><b>F: Stellen Sie Muster zur Verf\u00fcgung? Ist es kostenlos oder extra?<\/b><br \/>\nA: Ja, wir stellen Muster zur Verf\u00fcgung, aber diese sind nicht kostenlos.<\/p>\n<p><img loading=\"lazy\" decoding=\"async\" class=\"alignnone size-full wp-image-6660\" src=\"https:\/\/fmp-components.com\/wp-content\/uploads\/2025\/03\/hydraulic-cylinder-workshop-4.webp\" alt=\"Teleskop-Hydraulikzylinder\" width=\"914\" height=\"733\" title=\"\" srcset=\"https:\/\/fmp-components.com\/wp-content\/uploads\/2025\/03\/hydraulic-cylinder-workshop-4.webp 914w, https:\/\/fmp-components.com\/wp-content\/uploads\/2025\/03\/hydraulic-cylinder-workshop-4-480x385.webp 480w\" sizes=\"(min-width: 0px) and (max-width: 480px) 480px, (min-width: 481px) 914px, 100vw\" \/><\/p>","protected":false},"excerpt":{"rendered":"<p>Italian Factory Dump Trailer Hydraulic Cylinders Multistage Hydraulic Cylinder For Sale Discover the power of our multistage hydraulic cylinders. These highly efficient and reliable cylinders are designed for heavy-duty applications, offering excellent performance in a variety of industries including machinery repair shops, farms, energy and mining, and machinery manufacturing. Our hydraulic cylinders are crafted with [&hellip;]<\/p>","protected":false},"featured_media":6686,"comment_status":"closed","ping_status":"closed","template":"","meta":{"_et_pb_use_builder":"","_et_pb_old_content":"","_et_gb_content_width":""},"product_brand":[],"product_cat":[103],"product_tag":[34,105],"class_list":{"0":"post-6525","1":"product","2":"type-product","3":"status-publish","4":"has-post-thumbnail","6":"product_cat-telescopic-hydraulic-cylinders","7":"product_tag-hydraulic-cylinder","8":"product_tag-telescopic-hydraulic-cylinders","10":"first","11":"instock","12":"product-type-simple"},"_links":{"self":[{"href":"https:\/\/fmp-components.com\/de\/wp-json\/wp\/v2\/product\/6525","targetHints":{"allow":["GET"]}}],"collection":[{"href":"https:\/\/fmp-components.com\/de\/wp-json\/wp\/v2\/product"}],"about":[{"href":"https:\/\/fmp-components.com\/de\/wp-json\/wp\/v2\/types\/product"}],"replies":[{"embeddable":true,"href":"https:\/\/fmp-components.com\/de\/wp-json\/wp\/v2\/comments?post=6525"}],"wp:featuredmedia":[{"embeddable":true,"href":"https:\/\/fmp-components.com\/de\/wp-json\/wp\/v2\/media\/6686"}],"wp:attachment":[{"href":"https:\/\/fmp-components.com\/de\/wp-json\/wp\/v2\/media?parent=6525"}],"wp:term":[{"taxonomy":"product_brand","embeddable":true,"href":"https:\/\/fmp-components.com\/de\/wp-json\/wp\/v2\/product_brand?post=6525"},{"taxonomy":"product_cat","embeddable":true,"href":"https:\/\/fmp-components.com\/de\/wp-json\/wp\/v2\/product_cat?post=6525"},{"taxonomy":"product_tag","embeddable":true,"href":"https:\/\/fmp-components.com\/de\/wp-json\/wp\/v2\/product_tag?post=6525"}],"curies":[{"name":"wp","href":"https:\/\/api.w.org\/{rel}","templated":true}]}}