{"id":6524,"date":"2025-03-11T06:26:57","date_gmt":"2025-03-11T06:26:57","guid":{"rendered":"https:\/\/fmp-components.com\/product\/factory-customized-mini-dump-truck-hydraulic-cylinder-telescopic-hydraulic-cylinder"},"modified":"2025-03-18T01:59:50","modified_gmt":"2025-03-18T01:59:50","slug":"factory-customized-mini-dump-truck-hydraulic-cylinder-telescopic-hydraulic-cylinder","status":"publish","type":"product","link":"https:\/\/fmp-components.com\/de\/product\/factory-customized-mini-dump-truck-hydraulic-cylinder-telescopic-hydraulic-cylinder\/","title":{"rendered":"Fabrikangepasster Mini-Muldenkipper-Hydraulikzylinder Teleskop-Hydraulikzylinder"},"content":{"rendered":"<h2>Fabrikangepasster Mini-Muldenkipper-Hydraulikzylinder Teleskop-Hydraulikzylinder<\/h2>\n<p>Wir pr\u00e4sentieren den werkseitig angepassten Teleskop-Hydraulikzylinder f\u00fcr Mini-Muldenkipper \u2013 ein unverzichtbares Werkzeug f\u00fcr zahlreiche Branchen. Dieses vielseitige Ger\u00e4t bietet ein neues Ma\u00df an Effizienz und Effektivit\u00e4t in den Bereichen Energie und Bergbau, Maschinenbau, Maschinenreparatur und Landwirtschaft. Dieser mit h\u00f6chster Pr\u00e4zision gefertigte Hydraulikzylinder f\u00fcr Mini-Muldenkipper besticht durch h\u00f6chste Qualit\u00e4t, Langlebigkeit und Zuverl\u00e4ssigkeit.<\/p>\n<h3>Eigenschaften und Vorteile<\/h3>\n<ul>\n<li style=\"list-style-type: none;\">\n<ul>\n<li>Energieeffizient: Maximiert die Leistung und reduziert gleichzeitig den Stromverbrauch.<\/li>\n<\/ul>\n<\/li>\n<\/ul>\n<ul>\n<li>Hocheffizient: Erm\u00f6glicht schnelle und zuverl\u00e4ssige Vorg\u00e4nge.<\/li>\n<li>Sicherheit: Mit Sicherheitsma\u00dfnahmen entwickelt, um Unf\u00e4lle oder Missgeschicke zu verhindern.<\/li>\n<\/ul>\n<h2>Technische Spezifikationen<\/h2>\n<p>Unser Hydraulikzylinder verf\u00fcgt \u00fcber eine breite Palette an technischen Merkmalen, die auf Ihre spezifischen Anforderungen zugeschnitten sind. Nachfolgend finden Sie die detaillierten technischen Parameter:<\/p>\n<table style=\"width: 99.9175%;\" border=\"\">\n<tbody>\n<tr>\n<th style=\"width: 43.5028%;\">Bohrungsgr\u00f6\u00dfe<\/th>\n<td style=\"width: 484.746%;\">2-6 Zoll<\/td>\n<\/tr>\n<tr>\n<th style=\"width: 43.5028%;\">Stangengr\u00f6\u00dfe<\/th>\n<td style=\"width: 484.746%;\">1,125-4 Zoll<\/td>\n<\/tr>\n<tr>\n<th style=\"width: 43.5028%;\">Strichgr\u00f6\u00dfe<\/th>\n<td style=\"width: 484.746%;\">4-100 Zoll<\/td>\n<\/tr>\n<tr>\n<th style=\"width: 43.5028%;\">Pin-Gr\u00f6\u00dfe<\/th>\n<td style=\"width: 484.746%;\">0,5-2 Zoll<\/td>\n<\/tr>\n<tr>\n<th style=\"width: 43.5028%;\">H\u00e4fen<\/th>\n<td style=\"width: 484.746%;\">G\/SAE\/NPT\/M<\/td>\n<\/tr>\n<\/tbody>\n<\/table>\n<h2>Hydrauliksystem und Funktionsprinzip<\/h2>\n<p>Unser Hydraulikzylinder arbeitet nach dem Grundprinzip der Umwandlung von hydraulischem Druck in mechanische Kraft. Dieser Prozess wird durch die Verwendung eines Kolbens erreicht, der sich in einem zylindrischen Geh\u00e4use oder Zylinder bewegt.<\/p>\n<h2>Anwendung<\/h2>\n<p>Der Hydraulikzylinder findet in zahlreichen Bereichen Anwendung, darunter in Maschinenreparaturwerkst\u00e4tten, auf landwirtschaftlichen Betrieben, im Energie- und Bergbausektor, im Maschinenbau und in Maschinenfabriken.<\/p>\n<h2>Hydraulikzylinder und Antriebseinheiten<\/h2>\n<p>Hydraulikzylinder und -aggregate sind integrale Bestandteile eines Hydrauliksystems. Sie arbeiten Hand in Hand und gew\u00e4hrleisten die breite Anwendung der Hydrauliktechnologie in der Industrie. Sie sorgen f\u00fcr zuverl\u00e4ssige Antriebs- und Steuerungsunterst\u00fctzung f\u00fcr verschiedene technische und mechanische Ger\u00e4te. Wir von FMP bieten hochwertige Aggregate zum Kauf an.<\/p>\n<p><img loading=\"lazy\" decoding=\"async\" class=\"alignnone wp-image-6663\" src=\"https:\/\/fmp-components.com\/wp-content\/uploads\/2025\/03\/telescopic-hydraulic-cylinder-11.webp\" alt=\"Teleskop-Hydraulikzylinder\" width=\"891\" height=\"891\" title=\"\" srcset=\"https:\/\/fmp-components.com\/wp-content\/uploads\/2025\/03\/telescopic-hydraulic-cylinder-11.webp 891w, https:\/\/fmp-components.com\/wp-content\/uploads\/2025\/03\/telescopic-hydraulic-cylinder-11-480x480.webp 480w\" sizes=\"(min-width: 0px) and (max-width: 480px) 480px, (min-width: 481px) 891px, 100vw\" \/><\/p>\n<h2>FAQs<\/h2>\n<ol>\n<li><b>Sind Sie ein Handelsunternehmen oder ein Hersteller?<\/b><br \/>\nWir sind eine Fabrik.<\/li>\n<li><b>Wie lange dauert die Lieferung?<\/b><br \/>\nIm Allgemeinen sind es 25\u201335 Tage.<\/li>\n<li><b>Stellen Sie Muster zur Verf\u00fcgung? Sind diese kostenlos oder extra?<\/b><br \/>\nJa, wir k\u00f6nnten das Muster anbieten, aber es ist nicht kostenlos.<\/li>\n<\/ol>\n<h3>\u00dcber FMP<\/h3>\n<p class=\"break-words\">FMP ist ein f\u00fchrender italienischer Hersteller, der sich auf die Konstruktion, Entwicklung und Produktion hochwertiger Hydraulikzylinder spezialisiert hat. Mit unserer langj\u00e4hrigen Erfahrung verbinden wir italienische Handwerkskunst mit modernster Technologie, um au\u00dfergew\u00f6hnliche Hydraulikl\u00f6sungen zu liefern, die auf die vielf\u00e4ltigen Bed\u00fcrfnisse unserer weltweiten Kundschaft zugeschnitten sind. Mit Sitz in Italien, einem Zentrum der Ingenieurskunst, gilt FMP als vertrauensw\u00fcrdiger Name in der Hydraulikbranche und hat sich der Bereitstellung zuverl\u00e4ssiger, langlebiger und innovativer Produkte verschrieben, die Unternehmen weltweit unterst\u00fctzen.<\/p>\n<p class=\"break-words\">Unser Unternehmen verbindet die besten Fertigungstraditionen mit einem zukunftsorientierten Ansatz. Dank langj\u00e4hriger Erfahrung im Bereich Hydrauliksysteme hat sich FMP zu einem modernen Unternehmen entwickelt, das sich durch herausragende Leistungen in Forschung, Design und Produktion auszeichnet. Wir sind spezialisiert auf ein breites Spektrum an Hydraulikzylindern, darunter doppeltwirkende Zylinder, Automobil-Hubzylinder, Landmaschinenzylinder und ma\u00dfgeschneiderte L\u00f6sungen f\u00fcr verschiedene Industrieanwendungen. Ob f\u00fcr Bauwesen, Industrieanlagen, Landwirtschaft oder Schwermaschinen \u2013 unsere Hydraulikzylinder sind f\u00fcr h\u00e4rteste Bedingungen ausgelegt und gew\u00e4hrleisten Sicherheit, Effizienz und Langlebigkeit.<\/p>\n<p><img loading=\"lazy\" decoding=\"async\" class=\"alignnone size-full wp-image-6720\" src=\"https:\/\/fmp-components.com\/wp-content\/uploads\/2025\/03\/hydraulic-cylinder-8.webp\" alt=\"Teleskop-Hydraulikzylinder\" width=\"933\" height=\"526\" title=\"\" srcset=\"https:\/\/fmp-components.com\/wp-content\/uploads\/2025\/03\/hydraulic-cylinder-8.webp 933w, https:\/\/fmp-components.com\/wp-content\/uploads\/2025\/03\/hydraulic-cylinder-8-480x271.webp 480w\" sizes=\"(min-width: 0px) and (max-width: 480px) 480px, (min-width: 481px) 933px, 100vw\" \/><\/p>\n<p class=\"break-words\">Bei FMP sind wir stolz auf unsere hochmodernen Produktionsanlagen, die mit Pr\u00e4zisionsmaschinen und fortschrittlichen Pr\u00fcfsystemen ausgestattet sind. Unsere Fertigungsprozesse entsprechen strengen nationalen und internationalen Standards und gew\u00e4hrleisten, dass jeder Hydraulikzylinder, der unser Werk verl\u00e4sst, von h\u00f6chster Qualit\u00e4t und Zuverl\u00e4ssigkeit ist. Unser qualifiziertes technisches Team und modernste Ausr\u00fcstung erm\u00f6glichen uns eine strenge Qualit\u00e4tskontrolle in jeder Produktionsphase \u2013 von der Rohstoffauswahl bis zur Endkontrolle. Dieses Streben nach Exzellenz hat uns Zertifizierungen und Anerkennungen von Branchenbeh\u00f6rden eingebracht und unseren Ruf als zuverl\u00e4ssiger Partner weiter gefestigt.<\/p>\n<p class=\"break-words\">Unsere Mission ist einfach und doch ehrgeizig: Wir m\u00f6chten unseren Kunden Hydraulikzylinder liefern, die ihre Erwartungen in puncto Leistung, Langlebigkeit und Wert \u00fcbertreffen. Professionalit\u00e4t, Integrit\u00e4t und Kundenorientierung sind unsere Leitprinzipien. Durch Innovation und Pr\u00e4zision entwickeln wir unsere Produkte kontinuierlich weiter, um im Wettbewerb die Nase vorn zu behalten. Unser umfassendes Produktsortiment und unsere F\u00e4higkeit, ma\u00dfgeschneiderte L\u00f6sungen anzubieten, machen uns zur ersten Wahl f\u00fcr Unternehmen, die leistungsstarke Hydraulikzylinder suchen.<\/p>\n<p class=\"break-words\">FMP ist mehr als nur ein Hersteller \u2013 wir sind Ihr Partner f\u00fcr Ihren Erfolg. Wir wissen, dass unsere Kunden auf uns vertrauen, wenn es um Werkzeuge geht, die ihre Produktivit\u00e4t und Sicherheit steigern. Deshalb bieten wir nicht nur erstklassige Produkte, sondern auch hervorragenden Service. Von der ersten Beratung bis zum After-Sales-Support arbeiten wir eng mit unseren Kunden zusammen, um sicherzustellen, dass ihre Bed\u00fcrfnisse professionell und sorgf\u00e4ltig erf\u00fcllt werden. Unsere wettbewerbsf\u00e4higen Preise und unser unerm\u00fcdliches Engagement f\u00fcr Qualit\u00e4t machen FMP zur intelligenten Wahl f\u00fcr Unternehmen, die in zuverl\u00e4ssige Hydraulikl\u00f6sungen investieren m\u00f6chten.<\/p>","protected":false},"excerpt":{"rendered":"<p>Factory Customized Mini Dump Truck Hydraulic Cylinder Telescopic Hydraulic Cylinder Introducing the Factory Customized Mini Dump Truck Hydraulic Cylinder Telescopic Hydraulic Cylinder, an indispensable tool for various industries. This versatile device provides a new level of efficiency and effectiveness in energy and mining, machinery manufacturing, machinery repair shops, and farming sectors. Crafted with the utmost [&hellip;]<\/p>","protected":false},"featured_media":6684,"comment_status":"closed","ping_status":"closed","template":"","meta":{"_et_pb_use_builder":"","_et_pb_old_content":"","_et_gb_content_width":""},"product_brand":[],"product_cat":[103],"product_tag":[34,105],"class_list":{"0":"post-6524","1":"product","2":"type-product","3":"status-publish","4":"has-post-thumbnail","6":"product_cat-telescopic-hydraulic-cylinders","7":"product_tag-hydraulic-cylinder","8":"product_tag-telescopic-hydraulic-cylinders","10":"first","11":"instock","12":"product-type-simple"},"_links":{"self":[{"href":"https:\/\/fmp-components.com\/de\/wp-json\/wp\/v2\/product\/6524","targetHints":{"allow":["GET"]}}],"collection":[{"href":"https:\/\/fmp-components.com\/de\/wp-json\/wp\/v2\/product"}],"about":[{"href":"https:\/\/fmp-components.com\/de\/wp-json\/wp\/v2\/types\/product"}],"replies":[{"embeddable":true,"href":"https:\/\/fmp-components.com\/de\/wp-json\/wp\/v2\/comments?post=6524"}],"wp:featuredmedia":[{"embeddable":true,"href":"https:\/\/fmp-components.com\/de\/wp-json\/wp\/v2\/media\/6684"}],"wp:attachment":[{"href":"https:\/\/fmp-components.com\/de\/wp-json\/wp\/v2\/media?parent=6524"}],"wp:term":[{"taxonomy":"product_brand","embeddable":true,"href":"https:\/\/fmp-components.com\/de\/wp-json\/wp\/v2\/product_brand?post=6524"},{"taxonomy":"product_cat","embeddable":true,"href":"https:\/\/fmp-components.com\/de\/wp-json\/wp\/v2\/product_cat?post=6524"},{"taxonomy":"product_tag","embeddable":true,"href":"https:\/\/fmp-components.com\/de\/wp-json\/wp\/v2\/product_tag?post=6524"}],"curies":[{"name":"wp","href":"https:\/\/api.w.org\/{rel}","templated":true}]}}