{"id":6523,"date":"2025-03-11T06:26:57","date_gmt":"2025-03-11T06:26:57","guid":{"rendered":"https:\/\/fmp-components.com\/product\/chinese-factory-5-stage-telescopic-hydraulic-cylinder-multistage-hydraulic-cylinder"},"modified":"2025-03-18T02:13:27","modified_gmt":"2025-03-18T02:13:27","slug":"italian-factory-5-stage-telescopic-hydraulic-cylinder-multistage-hydraulic-cylinder","status":"publish","type":"product","link":"https:\/\/fmp-components.com\/de\/product\/italian-factory-5-stage-telescopic-hydraulic-cylinder-multistage-hydraulic-cylinder\/","title":{"rendered":"Italienische Fabrik 5-stufiger Teleskop-Hydraulikzylinder Mehrstufiger Hydraulikzylinder"},"content":{"rendered":"<h2>Fabrik 5-stufiger Teleskop-Hydraulikzylinder Mehrstufiger Hydraulikzylinder<\/h2>\n<p>Wir pr\u00e4sentieren den 5-stufigen Teleskop-Hydraulikzylinder von FMP, einer italienischen Fabrik, die f\u00fcr ihre hochwertigen Hydraulikzylinder bekannt ist. Dieser perfekt gefertigte mehrstufige Hydraulikzylinder bietet beispiellose Effizienz und Leistung in verschiedenen Branchen wie Maschinenreparaturwerkst\u00e4tten, Landwirtschaft, Energie- und Bergbau, Maschinenbau und Maschinenfabriken.<\/p>\n<h3>Merkmale und Funktionen<\/h3>\n<p>Unser Hydraulikzylinder verf\u00fcgt \u00fcber ein robustes Stahlgeh\u00e4use und bietet eine maximale Schubkraft von 3000 und eine Zugkraft von 20 Tonnen. Der Zylinder ist zudem ISO9001:2000-zertifiziert und gew\u00e4hrleistet h\u00f6chste Qualit\u00e4t und Zuverl\u00e4ssigkeit.<\/p>\n<h3>Technische Spezifikationen<\/h3>\n<table style=\"width: 98.6435%;\" border=\"\">\n<tbody>\n<tr>\n<td style=\"width: 43.5028%;\"><b>Bohrungsgr\u00f6\u00dfe<\/b><\/td>\n<td style=\"width: 477.966%;\">2-6 Zoll<\/td>\n<\/tr>\n<tr>\n<td style=\"width: 43.5028%;\"><b>Stangengr\u00f6\u00dfe<\/b><\/td>\n<td style=\"width: 477.966%;\">1,125-4 Zoll<\/td>\n<\/tr>\n<tr>\n<td style=\"width: 43.5028%;\"><b>Strichgr\u00f6\u00dfe<\/b><\/td>\n<td style=\"width: 477.966%;\">4-100 Zoll<\/td>\n<\/tr>\n<tr>\n<td style=\"width: 43.5028%;\"><b>Pin-Gr\u00f6\u00dfe<\/b><\/td>\n<td style=\"width: 477.966%;\">0,5-2 Zoll<\/td>\n<\/tr>\n<tr>\n<td style=\"width: 43.5028%;\"><b>H\u00e4fen<\/b><\/td>\n<td style=\"width: 477.966%;\">G\/SAE\/NPT\/M<\/td>\n<\/tr>\n<\/tbody>\n<\/table>\n<h3>Einzigartige Vorteile<\/h3>\n<ul>\n<li>Energieeffizient: Unser Hydraulikzylinder bietet optimale Leistung bei minimalem Energieverbrauch.<\/li>\n<li>Hocheffizient: Das mehrstufige Design erm\u00f6glicht eine verbesserte Effizienz in verschiedenen Anwendungen.<\/li>\n<li>Sicherheit: Das Produkt wird mit einer 1-j\u00e4hrigen Garantie auf die Kernkomponenten geliefert, um die Sicherheit des Benutzers zu gew\u00e4hrleisten.<\/li>\n<\/ul>\n<h2>Hydrauliksystem und Funktionsprinzip<\/h2>\n<p>Das Hydrauliksystem basiert auf dem Grundprinzip der Umwandlung hydraulischer Energie in mechanische Bewegung. Dabei kommt dem Hydraulikzylinder eine entscheidende Rolle zu. Dieser Zylinder ist entscheidend f\u00fcr die Umwandlung von Druckfl\u00fcssigkeit in kraftvolle Bewegung und erm\u00f6glicht so vielf\u00e4ltige Anwendungen in unterschiedlichen Branchen. Die F\u00e4higkeit des Hydraulikzylinders, erhebliche Kr\u00e4fte zu erzeugen, macht ihn f\u00fcr Aufgaben unverzichtbar, die pr\u00e4zise Steuerung und Leistung erfordern.<\/p>\n<p>Erg\u00e4nzt wird der Hydraulikzylinder durch das Antriebsaggregat, das die notwendige Energie und Steuersignale an das Hydrauliksystem liefert. Dieses Aggregat erzeugt und regelt den Hydraulikfl\u00fcssigkeitsdruck und sorgt so f\u00fcr einen effektiven und effizienten Systembetrieb. Das harmonische Zusammenspiel von Hydraulikzylinder und Antriebsaggregat ergibt ein robustes System, das die Leistung maximiert, Energieverluste minimiert und die Gesamtproduktivit\u00e4t steigert. Gemeinsam sorgen sie f\u00fcr einen reibungslosen Betrieb, der f\u00fcr verschiedene mechanische und industrielle Anwendungen unerl\u00e4sslich ist.<\/p>\n<p><img loading=\"lazy\" decoding=\"async\" class=\"alignnone wp-image-6662\" src=\"https:\/\/fmp-components.com\/wp-content\/uploads\/2025\/03\/telescopic-hydraulic-cylinder-4.webp\" alt=\"Teleskop-Hydraulikzylinder\" width=\"931\" height=\"931\" title=\"\" srcset=\"https:\/\/fmp-components.com\/wp-content\/uploads\/2025\/03\/telescopic-hydraulic-cylinder-4.webp 931w, https:\/\/fmp-components.com\/wp-content\/uploads\/2025\/03\/telescopic-hydraulic-cylinder-4-480x480.webp 480w\" sizes=\"(min-width: 0px) and (max-width: 480px) 480px, (min-width: 481px) 931px, 100vw\" \/><\/p>\n<h2>Anwendung<\/h2>\n<p>Unsere Hydraulikzylinder eignen sich perfekt f\u00fcr vielf\u00e4ltige Anwendungen und sind daher die ideale Wahl f\u00fcr Branchen wie Maschinenreparaturwerkst\u00e4tten, Landwirtschaft, Energie- und Bergbau, Maschinenbau und Maschinenfabriken. In Maschinenreparaturwerkst\u00e4tten erleichtern sie das Heben und Man\u00f6vrieren schwerer Komponenten und erm\u00f6glichen Technikern sichere und effiziente Reparaturen. In der Landwirtschaft verbessern diese Zylinder die Funktionalit\u00e4t von Ger\u00e4ten wie Traktoren und erm\u00f6glichen einen effizienten Materialtransport. Die Energie- und Bergbaubranche profitiert von der robusten Leistung unserer Hydraulikzylinder, die den anspruchsvollen Bedingungen schwerer Aufgaben standhalten. Dar\u00fcber hinaus unterst\u00fctzen unsere Zylinder in der Fertigung verschiedene Produktionsprozesse und sorgen f\u00fcr einen reibungslosen und effizienten Ablauf.<\/p>\n<p>Wir laden Sie ein, in unsere Welt einzutauchen und die Handwerkskunst hinter unseren Produkten zu erleben. Besuchen Sie unsere VR-Fabrik und erleben Sie unseren Produktionsprozess live. Dieser virtuelle Rundgang gibt Ihnen Einblicke in unser Engagement f\u00fcr Qualit\u00e4t und Innovation und zeigt, wie wir unsere Hydraulikl\u00f6sungen zum Leben erwecken.<\/p>\n<h2>Hydraulikzylinder und Antriebseinheiten<\/h2>\n<p>Hydraulikzylinder und Antriebseinheiten sind integrale Bestandteile jedes Hydrauliksystems. Ihr Zusammenspiel ist f\u00fcr die breite Anwendung der Hydrauliktechnologie in der Industrie unerl\u00e4sslich. Gemeinsam sorgen sie f\u00fcr zuverl\u00e4ssige Antriebs- und Steuerungsunterst\u00fctzung f\u00fcr eine Vielzahl von technischen und mechanischen Ger\u00e4ten. Der Hydraulikzylinder fungiert als Antrieb und wandelt hydraulische Energie in mechanische Bewegung um, w\u00e4hrend die Antriebseinheit als Energiequelle dient und den notwendigen Druck und die Steuersignale liefert.<\/p>\n<p>Bei FMP bieten wir auch eine Auswahl an Aggregaten zum Kauf an und sind damit Ihr Komplettanbieter f\u00fcr alle Hydraulikanforderungen. Unser Anspruch an hochwertige Hydraulikl\u00f6sungen stellt sicher, dass Sie sich bei Zylindern und Aggregaten auf uns verlassen k\u00f6nnen. So optimieren wir Ihre Abl\u00e4ufe und steigern Ihre Produktivit\u00e4t. Mit unserem umfassenden Produktangebot erf\u00fcllen wir die vielf\u00e4ltigen Anforderungen unserer Kunden aus verschiedenen Branchen.<\/p>\n<p><img loading=\"lazy\" decoding=\"async\" class=\"alignnone wp-image-6663\" src=\"https:\/\/fmp-components.com\/wp-content\/uploads\/2025\/03\/telescopic-hydraulic-cylinder-11.webp\" alt=\"Teleskop-Hydraulikzylinder\" width=\"941\" height=\"941\" title=\"\" srcset=\"https:\/\/fmp-components.com\/wp-content\/uploads\/2025\/03\/telescopic-hydraulic-cylinder-11.webp 941w, https:\/\/fmp-components.com\/wp-content\/uploads\/2025\/03\/telescopic-hydraulic-cylinder-11-480x480.webp 480w\" sizes=\"(min-width: 0px) and (max-width: 480px) 480px, (min-width: 481px) 941px, 100vw\" \/><\/p>\n<h2>H\u00e4ufig gestellte Fragen<\/h2>\n<p><b>F: Sind Sie ein Handelsunternehmen oder Hersteller?<\/b><br \/>\nA: Wir sind ein Hersteller mit Sitz in Italien.<\/p>\n<p><b>F: Wie lange dauert die Lieferung Ihrer Hydraulikzylinder?<\/b><br \/>\nA: Im Allgemeinen sind es 25\u201335 Tage.<\/p>\n<p><b>F: Stellen Sie Muster zur Verf\u00fcgung?<\/b><br \/>\nA: Ja, wir stellen Muster zur Verf\u00fcgung, aber diese sind nicht kostenlos.<\/p>\n<h3>\u00dcber FMP<\/h3>\n<p>FMP ist ein f\u00fchrender italienischer Hersteller, der f\u00fcr seine Expertise in der Konstruktion, Entwicklung und Produktion hochwertiger Hydraulikzylinder bekannt ist. Mit einem \u00fcber Jahrzehnte aufgebauten Erbe verbinden wir traditionelle italienische Handwerkskunst mit modernster Technologie, um au\u00dfergew\u00f6hnliche Hydraulikl\u00f6sungen zu schaffen, die den vielf\u00e4ltigen Anforderungen unserer weltweiten Kunden gerecht werden. Mit Sitz in Italien, einem Zentrum der technischen Exzellenz, hat sich FMP als vertrauensw\u00fcrdiger Name in der Hydraulikbranche etabliert und liefert zuverl\u00e4ssige, langlebige und innovative Produkte, die Unternehmen weltweit unterst\u00fctzen.<\/p>\n<p>Unser Unternehmen verbindet fortschrittliche Fertigungstraditionen mit einer fortschrittlichen Denkweise. Dank unserer umfassenden Erfahrung mit Hydrauliksystemen hat sich FMP zu einem modernen Unternehmen entwickelt, das sich durch herausragende Leistungen in Forschung, Design und Produktion auszeichnet. Wir bieten ein umfassendes Sortiment an Hydraulikzylindern, darunter doppeltwirkende Zylinder, Hubzylinder f\u00fcr Kraftfahrzeuge, Zylinder f\u00fcr Landmaschinen sowie ma\u00dfgeschneiderte L\u00f6sungen f\u00fcr verschiedene industrielle Anwendungen. Ob f\u00fcr Bauwesen, Industrieanlagen, Landwirtschaft oder Schwermaschinen \u2013 unsere Hydraulikzylinder sind f\u00fcr den Einsatz unter anspruchsvollsten Bedingungen ausgelegt und gew\u00e4hrleisten Sicherheit, Effizienz und Langlebigkeit.<\/p>\n<p>Wir bei FMP sind stolz auf unsere hochmodernen Produktionsanlagen, die mit Pr\u00e4zisionsmaschinen und fortschrittlichen Pr\u00fcfsystemen ausgestattet sind. Unsere Fertigungsprozesse entsprechen strengen nationalen und internationalen Standards und stellen sicher, dass jeder produzierte Hydraulikzylinder h\u00f6chste Qualit\u00e4ts- und Zuverl\u00e4ssigkeitsstandards erf\u00fcllt. Unser qualifiziertes technisches Team und die moderne Ausr\u00fcstung erm\u00f6glichen uns eine strenge Qualit\u00e4tskontrolle in jeder Produktionsphase \u2013 von der Rohstoffauswahl bis zur Endkontrolle. Dieses Engagement f\u00fcr Spitzenleistungen hat uns Zertifizierungen und Auszeichnungen von Branchenbeh\u00f6rden eingebracht und unseren Ruf als zuverl\u00e4ssiger Partner gest\u00e4rkt.<\/p>\n<p><img loading=\"lazy\" decoding=\"async\" class=\"alignnone size-full wp-image-6720\" src=\"https:\/\/fmp-components.com\/wp-content\/uploads\/2025\/03\/hydraulic-cylinder-8.webp\" alt=\"Teleskop-Hydraulikzylinder\" width=\"933\" height=\"526\" title=\"\" srcset=\"https:\/\/fmp-components.com\/wp-content\/uploads\/2025\/03\/hydraulic-cylinder-8.webp 933w, https:\/\/fmp-components.com\/wp-content\/uploads\/2025\/03\/hydraulic-cylinder-8-480x271.webp 480w\" sizes=\"(min-width: 0px) and (max-width: 480px) 480px, (min-width: 481px) 933px, 100vw\" \/><\/p>\n<p>Unsere Mission ist klar und zugleich ambitioniert: Wir m\u00f6chten unseren Kunden Hydraulikzylinder liefern, die ihre Erwartungen in Leistung, Haltbarkeit und Wert \u00fcbertreffen. Wir arbeiten auf der Grundlage von Professionalit\u00e4t, Integrit\u00e4t und Kundenorientierung. Durch die F\u00f6rderung einer Kultur der Innovation und Pr\u00e4zision verbessern wir unsere Produkte kontinuierlich und sichern so unseren Wettbewerbsvorteil. Unsere umfassende Produktpalette und die F\u00e4higkeit, ma\u00dfgeschneiderte L\u00f6sungen anzubieten, machen uns zur bevorzugten Wahl f\u00fcr Unternehmen, die leistungsstarke Hydraulikzylinder suchen.<\/p>\n<p>FMP ist mehr als nur ein Hersteller; wir sind Ihr Partner f\u00fcr Ihren Erfolg. Wir wissen, dass unsere Kunden sich auf uns verlassen, wenn es um Werkzeuge geht, die ihre Produktivit\u00e4t und Sicherheit steigern. Deshalb bieten wir nicht nur hochwertige Produkte, sondern auch hervorragenden Service. Von der ersten Beratung bis zum After-Sales-Support arbeiten wir eng mit unseren Kunden zusammen, um sicherzustellen, dass ihre Bed\u00fcrfnisse professionell und sorgf\u00e4ltig erf\u00fcllt werden. Unsere wettbewerbsf\u00e4higen Preise und unser unerm\u00fcdliches Engagement f\u00fcr Qualit\u00e4t machen FMP zur intelligenten Wahl f\u00fcr Unternehmen, die in zuverl\u00e4ssige Hydraulikl\u00f6sungen investieren m\u00f6chten.<\/p>","protected":false},"excerpt":{"rendered":"<p>Factory 5 Stage Telescopic Hydraulic Cylinder Multistage Hydraulic Cylinder Introducing the 5 Stage Telescopic hydraulic cylinder From FMP, a Italian Factory renowned for its high-quality hydraulic cylinders. Crafted to perfection, this multistage hydraulic cylinder offers unparalleled efficiency and performance in various industries such as machinery repair shops, farms, energy &amp; mining, machinery manufacturing, and machinery [&hellip;]<\/p>","protected":false},"featured_media":6688,"comment_status":"closed","ping_status":"closed","template":"","meta":{"_et_pb_use_builder":"","_et_pb_old_content":"","_et_gb_content_width":""},"product_brand":[],"product_cat":[103],"product_tag":[34,105],"class_list":{"0":"post-6523","1":"product","2":"type-product","3":"status-publish","4":"has-post-thumbnail","6":"product_cat-telescopic-hydraulic-cylinders","7":"product_tag-hydraulic-cylinder","8":"product_tag-telescopic-hydraulic-cylinders","10":"first","11":"instock","12":"product-type-simple"},"_links":{"self":[{"href":"https:\/\/fmp-components.com\/de\/wp-json\/wp\/v2\/product\/6523","targetHints":{"allow":["GET"]}}],"collection":[{"href":"https:\/\/fmp-components.com\/de\/wp-json\/wp\/v2\/product"}],"about":[{"href":"https:\/\/fmp-components.com\/de\/wp-json\/wp\/v2\/types\/product"}],"replies":[{"embeddable":true,"href":"https:\/\/fmp-components.com\/de\/wp-json\/wp\/v2\/comments?post=6523"}],"wp:featuredmedia":[{"embeddable":true,"href":"https:\/\/fmp-components.com\/de\/wp-json\/wp\/v2\/media\/6688"}],"wp:attachment":[{"href":"https:\/\/fmp-components.com\/de\/wp-json\/wp\/v2\/media?parent=6523"}],"wp:term":[{"taxonomy":"product_brand","embeddable":true,"href":"https:\/\/fmp-components.com\/de\/wp-json\/wp\/v2\/product_brand?post=6523"},{"taxonomy":"product_cat","embeddable":true,"href":"https:\/\/fmp-components.com\/de\/wp-json\/wp\/v2\/product_cat?post=6523"},{"taxonomy":"product_tag","embeddable":true,"href":"https:\/\/fmp-components.com\/de\/wp-json\/wp\/v2\/product_tag?post=6523"}],"curies":[{"name":"wp","href":"https:\/\/api.w.org\/{rel}","templated":true}]}}