{"id":6522,"date":"2025-03-11T06:26:57","date_gmt":"2025-03-11T06:26:57","guid":{"rendered":"https:\/\/fmp-components.com\/product\/factory-customized-2-stage-hydraulic-cylinder-small-dump-truck-multistage-hydraulic-cylinder"},"modified":"2025-03-12T01:10:20","modified_gmt":"2025-03-12T01:10:20","slug":"factory-customized-2-stage-hydraulic-cylinder-small-dump-truck-multistage-hydraulic-cylinder","status":"publish","type":"product","link":"https:\/\/fmp-components.com\/de\/product\/factory-customized-2-stage-hydraulic-cylinder-small-dump-truck-multistage-hydraulic-cylinder\/","title":{"rendered":"Werkseitig kundenspezifischer 2-stufiger Hydraulikzylinder f\u00fcr kleine Muldenkipper"},"content":{"rendered":"<h2>Werkseitig kundenspezifischer 2-stufiger Hydraulikzylinder f\u00fcr kleine Muldenkipper<\/h2>\n<p>Entdecken Sie die herausragende Effizienz und Langlebigkeit unseres werkseitig kundenspezifisch gefertigten 2-stufigen Hydraulikzylinders. Dieser speziell f\u00fcr kleine Muldenkipper und andere Maschinen entwickelte Mehrstufen-Hydraulikzylinder bietet un\u00fcbertroffene Leistung und Zuverl\u00e4ssigkeit. Ob Sie in der Maschinenreparatur, der Landwirtschaft, der Energie- und Bergbaubranche oder im Maschinenbau t\u00e4tig sind \u2013 unser Hydraulikzylinder wird Ihre Erwartungen \u00fcbertreffen.<\/p>\n<h2>Produktspezifikationen<\/h2>\n<p>Wir haben bei der Konstruktion und Fertigung unserer Hydraulikzylinder viel Wert auf Details gelegt. Hier die wichtigsten Parameter:<\/p>\n<table style=\"width: 100.555%;\" border=\"\">\n<tbody>\n<tr>\n<td style=\"width: 43.5028%;\"><i>Bohrungsgr\u00f6\u00dfe:<\/i><\/td>\n<td style=\"width: 488.136%;\">2-6 Zoll<\/td>\n<\/tr>\n<tr>\n<td style=\"width: 43.5028%;\"><i>Rutengr\u00f6\u00dfe:<\/i><\/td>\n<td style=\"width: 488.136%;\">1,125-4 Zoll<\/td>\n<\/tr>\n<tr>\n<td style=\"width: 43.5028%;\"><i>Strichst\u00e4rke:<\/i><\/td>\n<td style=\"width: 488.136%;\">4-100 Zoll<\/td>\n<\/tr>\n<tr>\n<td style=\"width: 43.5028%;\"><i>Pin-Gr\u00f6\u00dfe:<\/i><\/td>\n<td style=\"width: 488.136%;\">0,5-2 Zoll<\/td>\n<\/tr>\n<tr>\n<td style=\"width: 43.5028%;\"><i>Anschl\u00fcsse:<\/i><\/td>\n<td style=\"width: 488.136%;\">G\/SAE\/NPT\/M<\/td>\n<\/tr>\n<\/tbody>\n<\/table>\n<h2>Einzigartige Funktionen und Vorteile<\/h2>\n<p>Unsere Hydraulikzylinder zeichnen sich durch eine Reihe einzigartiger Merkmale aus, die sie im Markt hervorheben. Besonders hervorzuheben ist ihre Energieeffizienz, die den Energieverlust im Betrieb minimiert und somit Betriebskosten senkt und die Umweltbelastung reduziert. Dar\u00fcber hinaus sind diese Zylinder auf hohe Leistung ausgelegt und liefern die notwendige Kraft und Geschwindigkeit, um selbst anspruchsvollste Aufgaben pr\u00e4zise zu bew\u00e4ltigen. Sicherheit hat h\u00f6chste Priorit\u00e4t: Unsere Hydraulikzylinder sind mit fortschrittlichen Sicherheitsmechanismen ausgestattet, die \u00dcberdruck verhindern und einen zuverl\u00e4ssigen Betrieb unter verschiedensten Bedingungen gew\u00e4hrleisten.<\/p>\n<p>Diese Zylinder sind f\u00fcr h\u00e4rteste Einsatzbedingungen ausgelegt und zeichnen sich durch langlebige Materialien und eine robuste Konstruktion aus, die ihre Lebensdauer und Leistungsf\u00e4higkeit optimieren. Ob extreme Temperaturen, hohe Belastungen oder anspruchsvolle Arbeitsbedingungen \u2013 unsere Hydraulikzylinder sind auf Langlebigkeit ausgelegt, liefern zuverl\u00e4ssige Ergebnisse und minimieren Ausfallzeiten. Diese Kombination aus Energieeffizienz, hoher Leistung und Sicherheit macht unsere Hydraulikzylinder zu einer wertvollen Investition f\u00fcr jede Branche.<\/p>\n<p><img loading=\"lazy\" decoding=\"async\" class=\"alignnone  wp-image-6665\" src=\"https:\/\/fmp-components.com\/wp-content\/uploads\/2025\/03\/telescopic-hydraulic-cylinder-9.webp\" alt=\"Teleskop-Hydraulikzylinder\" width=\"916\" height=\"916\" title=\"\" srcset=\"https:\/\/fmp-components.com\/wp-content\/uploads\/2025\/03\/telescopic-hydraulic-cylinder-9.webp 916w, https:\/\/fmp-components.com\/wp-content\/uploads\/2025\/03\/telescopic-hydraulic-cylinder-9-480x480.webp 480w\" sizes=\"(min-width: 0px) and (max-width: 480px) 480px, (min-width: 481px) 916px, 100vw\" \/><\/p>\n<h3>Hydraulische Systeme und Funktionsprinzipien<\/h3>\n<p>Hydrauliksysteme basieren auf dem Grundprinzip der Nutzung von Fl\u00fcssigkeitsdruck. In unseren Hydraulikzylindern wird ein Kolben durch den Druck der in den Zylinder gepumpten Hydraulikfl\u00fcssigkeit bet\u00e4tigt. Beim Einstr\u00f6men der Fl\u00fcssigkeit \u00fcbt diese Druck auf den Kolben aus und versetzt ihn in Bewegung. Diese Bewegung wird dann effektiv auf die angeschlossenen Maschinen \u00fcbertragen und liefert die notwendige Kraft f\u00fcr eine Vielzahl von Aufgaben. Durch die Nutzung von Fl\u00fcssigkeitsdruck k\u00f6nnen Hydrauliksysteme erhebliche Kr\u00e4fte erzeugen und eine gleichm\u00e4\u00dfige, kontrollierte Bewegung erm\u00f6glichen. Daher sind sie in Anwendungen von Baumaschinen bis hin zu Fertigungsprozessen unverzichtbar.<\/p>\n<h2>Hydraulikzylinder und Antriebseinheiten<\/h2>\n<p>Hydraulikzylinder und Hydraulikaggregate sind integrale Bestandteile von Hydrauliksystemen und arbeiten harmonisch zusammen, um den effektiven Einsatz der Hydrauliktechnologie in verschiedenen Branchen zu gew\u00e4hrleisten. Der Hydraulikzylinder fungiert als Aktor und wandelt hydraulische Energie in mechanische Bewegung um, w\u00e4hrend das Hydraulikaggregat als Herzst\u00fcck des Systems die Druckfl\u00fcssigkeit liefert, die den Zylinder antreibt. Gemeinsam bieten sie zuverl\u00e4ssige Energieversorgung und Steuerung f\u00fcr eine Vielzahl von technischen und mechanischen Anlagen.<\/p>\n<p>Wir bei FMP wissen um die entscheidende Rolle dieser Komponenten f\u00fcr die Steigerung der Betriebseffizienz. Deshalb bieten wir Ihnen auch eine Auswahl an Hydraulikaggregaten zum Kauf an, damit Sie eine Komplettl\u00f6sung f\u00fcr all Ihre Hydrauliksystemanforderungen erhalten. Unser Qualit\u00e4ts- und Leistungsanspruch garantiert Ihnen, dass unsere Produkte die f\u00fcr Ihre Betriebsabl\u00e4ufe notwendige Zuverl\u00e4ssigkeit und Effektivit\u00e4t bieten \u2013 branchenunabh\u00e4ngig und f\u00fcr jede Anwendung geeignet.<\/p>\n<h2>H\u00e4ufig gestellte Fragen<\/h2>\n<p><b>F: Sind Sie ein Handelsunternehmen oder ein Hersteller?<\/b><br \/>\nA: Wir sind eine Fabrik.<\/p>\n<p><b>F: Wie lange ist Ihre Lieferzeit?<\/b><br \/>\nA: Im Allgemeinen sind es 25\u201335 Tage.<\/p>\n<p><b>F: Stellen Sie Muster zur Verf\u00fcgung? Ist es kostenlos oder extra?<\/b><br \/>\nA: Ja, wir k\u00f6nnten die Probe anbieten, aber sie ist nicht kostenlos.<\/p>\n<p><img loading=\"lazy\" decoding=\"async\" class=\"alignnone  wp-image-6717\" src=\"https:\/\/fmp-components.com\/wp-content\/uploads\/2025\/03\/hydraulic-cylinder-211.webp\" alt=\"Hydraulik-Zylinder\" width=\"910\" height=\"912\" title=\"\" srcset=\"https:\/\/fmp-components.com\/wp-content\/uploads\/2025\/03\/hydraulic-cylinder-211.webp 910w, https:\/\/fmp-components.com\/wp-content\/uploads\/2025\/03\/hydraulic-cylinder-211-480x481.webp 480w\" sizes=\"(min-width: 0px) and (max-width: 480px) 480px, (min-width: 481px) 910px, 100vw\" \/><\/p>\n<h3>\u00dcber FMP<\/h3>\n<p>FMP ist ein f\u00fchrender italienischer Hersteller, der f\u00fcr seine Expertise in der Konstruktion, Entwicklung und Produktion hochwertiger Hydraulikzylinder bekannt ist. Mit einem \u00fcber Jahrzehnte aufgebauten Erbe verbinden wir traditionelle italienische Handwerkskunst mit modernster Technologie, um au\u00dfergew\u00f6hnliche Hydraulikl\u00f6sungen zu schaffen, die den vielf\u00e4ltigen Anforderungen unserer weltweiten Kunden gerecht werden. Mit Sitz in Italien, einem Zentrum der technischen Exzellenz, hat sich FMP als vertrauensw\u00fcrdiger Name in der Hydraulikbranche etabliert und liefert zuverl\u00e4ssige, langlebige und innovative Produkte, die Unternehmen weltweit unterst\u00fctzen.<\/p>\n<p>Unser Unternehmen verbindet fortschrittliche Fertigungstraditionen mit einer fortschrittlichen Denkweise. Dank unserer umfassenden Erfahrung mit Hydrauliksystemen hat sich FMP zu einem modernen Unternehmen entwickelt, das sich durch herausragende Leistungen in Forschung, Design und Produktion auszeichnet. Wir bieten ein umfassendes Sortiment an Hydraulikzylindern, darunter doppeltwirkende Zylinder, Hubzylinder f\u00fcr Kraftfahrzeuge, Zylinder f\u00fcr Landmaschinen sowie ma\u00dfgeschneiderte L\u00f6sungen f\u00fcr verschiedene industrielle Anwendungen. Ob f\u00fcr Bauwesen, Industrieanlagen, Landwirtschaft oder Schwermaschinen \u2013 unsere Hydraulikzylinder sind f\u00fcr den Einsatz unter anspruchsvollsten Bedingungen ausgelegt und gew\u00e4hrleisten Sicherheit, Effizienz und Langlebigkeit.<\/p>\n<p>Wir bei FMP sind stolz auf unsere hochmodernen Produktionsanlagen, die mit Pr\u00e4zisionsmaschinen und fortschrittlichen Pr\u00fcfsystemen ausgestattet sind. Unsere Fertigungsprozesse entsprechen strengen nationalen und internationalen Standards und stellen sicher, dass jeder produzierte Hydraulikzylinder h\u00f6chste Qualit\u00e4ts- und Zuverl\u00e4ssigkeitsstandards erf\u00fcllt. Unser qualifiziertes technisches Team und die moderne Ausr\u00fcstung erm\u00f6glichen uns eine strenge Qualit\u00e4tskontrolle in jeder Produktionsphase \u2013 von der Rohstoffauswahl bis zur Endkontrolle. Dieses Engagement f\u00fcr Spitzenleistungen hat uns Zertifizierungen und Auszeichnungen von Branchenbeh\u00f6rden eingebracht und unseren Ruf als zuverl\u00e4ssiger Partner gest\u00e4rkt.<\/p>\n<p><img loading=\"lazy\" decoding=\"async\" class=\"alignnone size-full wp-image-6720\" src=\"https:\/\/fmp-components.com\/wp-content\/uploads\/2025\/03\/hydraulic-cylinder-8.webp\" alt=\"Teleskop-Hydraulikzylinder\" width=\"933\" height=\"526\" title=\"\" srcset=\"https:\/\/fmp-components.com\/wp-content\/uploads\/2025\/03\/hydraulic-cylinder-8.webp 933w, https:\/\/fmp-components.com\/wp-content\/uploads\/2025\/03\/hydraulic-cylinder-8-480x271.webp 480w\" sizes=\"(min-width: 0px) and (max-width: 480px) 480px, (min-width: 481px) 933px, 100vw\" \/><\/p>\n<p>Unsere Mission ist klar und zugleich ambitioniert: Wir m\u00f6chten unseren Kunden Hydraulikzylinder liefern, die ihre Erwartungen in Leistung, Haltbarkeit und Wert \u00fcbertreffen. Wir arbeiten auf der Grundlage von Professionalit\u00e4t, Integrit\u00e4t und Kundenorientierung. Durch die F\u00f6rderung einer Kultur der Innovation und Pr\u00e4zision verbessern wir unsere Produkte kontinuierlich und sichern so unseren Wettbewerbsvorteil. Unsere umfassende Produktpalette und die F\u00e4higkeit, ma\u00dfgeschneiderte L\u00f6sungen anzubieten, machen uns zur bevorzugten Wahl f\u00fcr Unternehmen, die leistungsstarke Hydraulikzylinder suchen.<\/p>\n<p>FMP ist mehr als nur ein Hersteller; wir sind Ihr Partner f\u00fcr Ihren Erfolg. Wir wissen, dass unsere Kunden sich auf uns verlassen, wenn es um Werkzeuge geht, die ihre Produktivit\u00e4t und Sicherheit steigern. Deshalb bieten wir nicht nur hochwertige Produkte, sondern auch hervorragenden Service. Von der ersten Beratung bis zum After-Sales-Support arbeiten wir eng mit unseren Kunden zusammen, um sicherzustellen, dass ihre Bed\u00fcrfnisse professionell und sorgf\u00e4ltig erf\u00fcllt werden. Unsere wettbewerbsf\u00e4higen Preise und unser unerm\u00fcdliches Engagement f\u00fcr Qualit\u00e4t machen FMP zur intelligenten Wahl f\u00fcr Unternehmen, die in zuverl\u00e4ssige Hydraulikl\u00f6sungen investieren m\u00f6chten.<\/p>","protected":false},"excerpt":{"rendered":"<p>Factory Customized 2 Stage Hydraulic Cylinder Small Dump Truck Multistage Hydraulic Cylinder Discover the remarkable efficiency and durability of our Factory Customized 2 Stage Hydraulic Cylinder. Designed specifically for small dump trucks and other machinery, this multistage hydraulic cylinder offers unmatched performance and reliability. Whether you work in machinery repair, farming, energy &amp; mining, or [&hellip;]<\/p>","protected":false},"featured_media":6690,"comment_status":"closed","ping_status":"closed","template":"","meta":{"_et_pb_use_builder":"","_et_pb_old_content":"","_et_gb_content_width":""},"product_brand":[],"product_cat":[103],"product_tag":[34,105],"class_list":{"0":"post-6522","1":"product","2":"type-product","3":"status-publish","4":"has-post-thumbnail","6":"product_cat-telescopic-hydraulic-cylinders","7":"product_tag-hydraulic-cylinder","8":"product_tag-telescopic-hydraulic-cylinders","10":"first","11":"instock","12":"product-type-simple"},"_links":{"self":[{"href":"https:\/\/fmp-components.com\/de\/wp-json\/wp\/v2\/product\/6522","targetHints":{"allow":["GET"]}}],"collection":[{"href":"https:\/\/fmp-components.com\/de\/wp-json\/wp\/v2\/product"}],"about":[{"href":"https:\/\/fmp-components.com\/de\/wp-json\/wp\/v2\/types\/product"}],"replies":[{"embeddable":true,"href":"https:\/\/fmp-components.com\/de\/wp-json\/wp\/v2\/comments?post=6522"}],"wp:featuredmedia":[{"embeddable":true,"href":"https:\/\/fmp-components.com\/de\/wp-json\/wp\/v2\/media\/6690"}],"wp:attachment":[{"href":"https:\/\/fmp-components.com\/de\/wp-json\/wp\/v2\/media?parent=6522"}],"wp:term":[{"taxonomy":"product_brand","embeddable":true,"href":"https:\/\/fmp-components.com\/de\/wp-json\/wp\/v2\/product_brand?post=6522"},{"taxonomy":"product_cat","embeddable":true,"href":"https:\/\/fmp-components.com\/de\/wp-json\/wp\/v2\/product_cat?post=6522"},{"taxonomy":"product_tag","embeddable":true,"href":"https:\/\/fmp-components.com\/de\/wp-json\/wp\/v2\/product_tag?post=6522"}],"curies":[{"name":"wp","href":"https:\/\/api.w.org\/{rel}","templated":true}]}}