{"id":6521,"date":"2025-03-11T06:26:57","date_gmt":"2025-03-11T06:26:57","guid":{"rendered":"https:\/\/fmp-components.com\/product\/excellent-quality-small-dump-truck-hydraulic-hoist-cylinder-telescopic-hydraulic-cylinder"},"modified":"2025-03-20T00:46:54","modified_gmt":"2025-03-20T00:46:54","slug":"excellent-quality-small-dump-truck-hydraulic-hoist-cylinder-telescopic-hydraulic-cylinder","status":"publish","type":"product","link":"https:\/\/fmp-components.com\/de\/product\/excellent-quality-small-dump-truck-hydraulic-hoist-cylinder-telescopic-hydraulic-cylinder\/","title":{"rendered":"Hochwertiger Hydraulikzylinder f\u00fcr kleine Muldenkipper, Teleskop-Hydraulikzylinder"},"content":{"rendered":"<h2>Hochwertiger Hydraulikzylinder f\u00fcr kleine Muldenkipper, Teleskop-Hydraulikzylinder<\/h2>\n<p>Unser Hydraulikzylinder ist ein hochwertiger Hydraulikzylinder f\u00fcr kleine Muldenkipper und ein Teleskop-Hydraulikzylinder. Er wurde 2025 neu auf den Markt gebracht und ist f\u00fcr h\u00f6chste Leistung in Maschinenreparaturwerkst\u00e4tten, landwirtschaftlichen Betrieben, der Energie- und Bergbauindustrie, der Maschinenbauindustrie und in Maschinenfabriken konzipiert.<\/p>\n<h2>Funktionen und Spezifikationen<\/h2>\n<p>Der Hydraulikzylinder ist Standardausf\u00fchrung mit Kolbenbauweise und wird hydraulisch angetrieben. Er besteht aus robustem Stahl und ist schwarz. Seine maximale Schubkraft betr\u00e4gt 3000 Nm, und er kann bis zu 20 Tonnen ziehen.<\/p>\n<h3>Technische Parameter<\/h3>\n<table style=\"width: 100.836%;\" border=\"\">\n<tbody>\n<tr>\n<td style=\"width: 42.9379%;\"><i>Bohrungsgr\u00f6\u00dfe<\/i><\/td>\n<td style=\"width: 478.531%;\">2-6 Zoll<\/td>\n<\/tr>\n<tr>\n<td style=\"width: 42.9379%;\"><i>Stangengr\u00f6\u00dfe<\/i><\/td>\n<td style=\"width: 478.531%;\">1,125-4 Zoll<\/td>\n<\/tr>\n<tr>\n<td style=\"width: 42.9379%;\"><i>Strichgr\u00f6\u00dfe<\/i><\/td>\n<td style=\"width: 478.531%;\">4-100 Zoll<\/td>\n<\/tr>\n<tr>\n<td style=\"width: 42.9379%;\"><i>Pin-Gr\u00f6\u00dfe<\/i><\/td>\n<td style=\"width: 478.531%;\">0,5-2 Zoll<\/td>\n<\/tr>\n<tr>\n<td style=\"width: 42.9379%;\"><i>H\u00e4fen<\/i><\/td>\n<td style=\"width: 478.531%;\">G\/SAE\/NPT\/M<\/td>\n<\/tr>\n<\/tbody>\n<\/table>\n<h3>Einzigartige Funktionen und Vorteile<\/h3>\n<ul>\n<li>Energieeffizient<\/li>\n<li>Hochwirksam<\/li>\n<li>Sicher im Gebrauch<\/li>\n<\/ul>\n<h2>Das Hydrauliksystem und sein Funktionsprinzip verstehen<\/h2>\n<p>Das Hydrauliksystem basiert auf dem Grundprinzip der Fluidtechnik und nutzt die Kraft von unter Druck stehender Fl\u00fcssigkeit, um Energie zu erzeugen, zu steuern und effektiv zu \u00fcbertragen. Es macht sich die Inkompressibilit\u00e4t von Fl\u00fcssigkeiten zunutze und erm\u00f6glicht so die effiziente Kraft\u00fcbertragung \u00fcber gr\u00f6\u00dfere Distanzen. Der Hydraulikzylinder ist eine zentrale Komponente, da er die hydraulische Energie in nutzbare mechanische Arbeit umwandelt. Durch den Druck der Hydraulikfl\u00fcssigkeit erzeugt der Zylinder eine lineare Kraft und Bewegung, wodurch verschiedene mechanische Aufgaben pr\u00e4zise und kraftvoll ausgef\u00fchrt werden k\u00f6nnen. Diese Eigenschaften machen Hydrauliksysteme ideal f\u00fcr Anwendungen, die hohe Leistung und pr\u00e4zise Steuerung erfordern, und steigern die Produktivit\u00e4t in zahlreichen Branchen.<\/p>\n<p><img loading=\"lazy\" decoding=\"async\" class=\"alignnone wp-image-6656\" src=\"https:\/\/fmp-components.com\/wp-content\/uploads\/2025\/03\/telescopic-hydraulic-cylinder-5.webp\" alt=\"Teleskop-Hydraulikzylinder\" width=\"928\" height=\"928\" title=\"\" srcset=\"https:\/\/fmp-components.com\/wp-content\/uploads\/2025\/03\/telescopic-hydraulic-cylinder-5.webp 928w, https:\/\/fmp-components.com\/wp-content\/uploads\/2025\/03\/telescopic-hydraulic-cylinder-5-480x480.webp 480w\" sizes=\"(min-width: 0px) and (max-width: 480px) 480px, (min-width: 481px) 928px, 100vw\" \/><\/p>\n<h2>Anwendungen von Hydraulikzylindern<\/h2>\n<p>Hydraulikzylinder finden in verschiedenen Branchen vielf\u00e4ltige Anwendung und beweisen dabei ihre Vielseitigkeit und Effektivit\u00e4t. In Maschinenreparaturwerkst\u00e4tten sind sie unverzichtbar f\u00fcr das Heben und Man\u00f6vrieren schwerer Ger\u00e4te und erm\u00f6glichen es Technikern, Wartungs- und Reparaturarbeiten sicher und effizient durchzuf\u00fchren. In der Landwirtschaft verbessern Hydraulikzylinder die Funktionalit\u00e4t verschiedener Landmaschinen wie Traktoren und M\u00e4hdrescher und erm\u00f6glichen so eine effiziente Ernte und Materialverarbeitung. Auch die Energie- und Bergbaubranche setzt auf Hydraulikzylinder, da sie unter anspruchsvollen Bedingungen zuverl\u00e4ssig funktionieren und Aufgaben wie das Heben schwerer Lasten und den Betrieb von Maschinen in schwierigen Umgebungen erleichtern. Dar\u00fcber hinaus spielen diese Zylinder in der Maschinenbauindustrie und in Maschinenfabriken eine entscheidende Rolle in Montagelinien und Produktionsprozessen und gew\u00e4hrleisten einen reibungslosen Ablauf und hohe Effizienz.<\/p>\n<h2>Hydraulikzylinder und Antriebseinheiten<\/h2>\n<p>Hydraulikzylinder und Hydraulikaggregate sind unverzichtbare Komponenten von Hydrauliksystemen und arbeiten zusammen, um den effektiven Einsatz der Hydrauliktechnik in industriellen Umgebungen zu gew\u00e4hrleisten. Der Hydraulikzylinder fungiert als Aktor, der hydraulische Energie in mechanische Bewegung umwandelt, w\u00e4hrend das Hydraulikaggregat als Quelle f\u00fcr Hydraulikfl\u00fcssigkeit dient und den f\u00fcr den Zylinderbetrieb ben\u00f6tigten Druck erzeugt und regelt. Gemeinsam bieten sie zuverl\u00e4ssige Energieversorgung und Steuerung f\u00fcr eine Vielzahl von technischen und mechanischen Anlagen.<\/p>\n<p>Wir bei FMP wissen um die Bedeutung dieser Komponenten f\u00fcr effiziente Hydrauliksysteme und bieten daher auch eine Auswahl an Hydraulikaggregaten zum Verkauf an. Mit Hydraulikzylindern und Hydraulikaggregaten sind wir Ihr Komplettanbieter f\u00fcr alle Hydraulikanforderungen. Unser Engagement f\u00fcr qualitativ hochwertige Produkte garantiert Ihnen, dass Sie sich auf unsere L\u00f6sungen verlassen k\u00f6nnen, um die Effizienz und Zuverl\u00e4ssigkeit Ihrer Betriebsabl\u00e4ufe zu steigern \u2013 branchen- und anwendungsunabh\u00e4ngig.<\/p>\n<p><img loading=\"lazy\" decoding=\"async\" class=\"alignnone wp-image-6657\" src=\"https:\/\/fmp-components.com\/wp-content\/uploads\/2025\/03\/telescopic-hydraulic-cylinder-3.webp\" alt=\"Teleskop-Hydraulikzylinder\" width=\"933\" height=\"933\" title=\"\" srcset=\"https:\/\/fmp-components.com\/wp-content\/uploads\/2025\/03\/telescopic-hydraulic-cylinder-3.webp 933w, https:\/\/fmp-components.com\/wp-content\/uploads\/2025\/03\/telescopic-hydraulic-cylinder-3-480x480.webp 480w\" sizes=\"(min-width: 0px) and (max-width: 480px) 480px, (min-width: 481px) 933px, 100vw\" \/><\/p>\n<h3>H\u00e4ufig gestellte Fragen<\/h3>\n<p>F: Sind Sie ein Handelsunternehmen oder Hersteller?<br \/>\nA: Wir sind ein Werk mit Sitz in Italien.<\/p>\n<p>F: Wie lange dauert die Lieferung?<br \/>\nA: Im Allgemeinen sind es 25\u201335 Tage.<\/p>\n<p>F: Stellen Sie Muster zur Verf\u00fcgung?<br \/>\nA: Ja, wir stellen Muster zur Verf\u00fcgung, aber diese sind nicht kostenlos.<\/p>\n<h3>\u00dcber FMP<\/h3>\n<p>FMP ist ein f\u00fchrender italienischer Hersteller, der f\u00fcr seine Expertise in der Konstruktion, Entwicklung und Produktion hochwertiger Hydraulikzylinder bekannt ist. Mit einem \u00fcber Jahrzehnte aufgebauten Erbe verbinden wir traditionelle italienische Handwerkskunst mit modernster Technologie, um au\u00dfergew\u00f6hnliche Hydraulikl\u00f6sungen zu schaffen, die den vielf\u00e4ltigen Anforderungen unserer weltweiten Kunden gerecht werden. Mit Sitz in Italien, einem Zentrum der technischen Exzellenz, hat sich FMP als vertrauensw\u00fcrdiger Name in der Hydraulikbranche etabliert und liefert zuverl\u00e4ssige, langlebige und innovative Produkte, die Unternehmen weltweit unterst\u00fctzen.<\/p>\n<p>Unser Unternehmen verbindet fortschrittliche Fertigungstraditionen mit einer fortschrittlichen Denkweise. Dank unserer umfassenden Erfahrung mit Hydrauliksystemen hat sich FMP zu einem modernen Unternehmen entwickelt, das sich durch herausragende Leistungen in Forschung, Design und Produktion auszeichnet. Wir bieten ein umfassendes Sortiment an Hydraulikzylindern, darunter doppeltwirkende Zylinder, Hubzylinder f\u00fcr Kraftfahrzeuge, Zylinder f\u00fcr Landmaschinen sowie ma\u00dfgeschneiderte L\u00f6sungen f\u00fcr verschiedene industrielle Anwendungen. Ob f\u00fcr Bauwesen, Industrieanlagen, Landwirtschaft oder Schwermaschinen \u2013 unsere Hydraulikzylinder sind f\u00fcr den Einsatz unter anspruchsvollsten Bedingungen ausgelegt und gew\u00e4hrleisten Sicherheit, Effizienz und Langlebigkeit.<\/p>\n<p>Wir bei FMP sind stolz auf unsere hochmodernen Produktionsanlagen, die mit Pr\u00e4zisionsmaschinen und fortschrittlichen Pr\u00fcfsystemen ausgestattet sind. Unsere Fertigungsprozesse entsprechen strengen nationalen und internationalen Standards und stellen sicher, dass jeder produzierte Hydraulikzylinder h\u00f6chste Qualit\u00e4ts- und Zuverl\u00e4ssigkeitsstandards erf\u00fcllt. Unser qualifiziertes technisches Team und die moderne Ausr\u00fcstung erm\u00f6glichen uns eine strenge Qualit\u00e4tskontrolle in jeder Produktionsphase \u2013 von der Rohstoffauswahl bis zur Endkontrolle. Dieses Engagement f\u00fcr Spitzenleistungen hat uns Zertifizierungen und Auszeichnungen von Branchenbeh\u00f6rden eingebracht und unseren Ruf als zuverl\u00e4ssiger Partner gest\u00e4rkt.<\/p>\n<p><img loading=\"lazy\" decoding=\"async\" class=\"alignnone size-full wp-image-6720\" src=\"https:\/\/fmp-components.com\/wp-content\/uploads\/2025\/03\/hydraulic-cylinder-8.webp\" alt=\"Teleskop-Hydraulikzylinder\" width=\"933\" height=\"526\" title=\"\" srcset=\"https:\/\/fmp-components.com\/wp-content\/uploads\/2025\/03\/hydraulic-cylinder-8.webp 933w, https:\/\/fmp-components.com\/wp-content\/uploads\/2025\/03\/hydraulic-cylinder-8-480x271.webp 480w\" sizes=\"(min-width: 0px) and (max-width: 480px) 480px, (min-width: 481px) 933px, 100vw\" \/><\/p>\n<p>Unsere Mission ist klar und zugleich ambitioniert: Wir m\u00f6chten unseren Kunden Hydraulikzylinder liefern, die ihre Erwartungen in Leistung, Haltbarkeit und Wert \u00fcbertreffen. Wir arbeiten auf der Grundlage von Professionalit\u00e4t, Integrit\u00e4t und Kundenorientierung. Durch die F\u00f6rderung einer Kultur der Innovation und Pr\u00e4zision verbessern wir unsere Produkte kontinuierlich und sichern so unseren Wettbewerbsvorteil. Unsere umfassende Produktpalette und die F\u00e4higkeit, ma\u00dfgeschneiderte L\u00f6sungen anzubieten, machen uns zur bevorzugten Wahl f\u00fcr Unternehmen, die leistungsstarke Hydraulikzylinder suchen.<\/p>\n<p>FMP ist mehr als nur ein Hersteller; wir sind Ihr Partner f\u00fcr Ihren Erfolg. Wir wissen, dass unsere Kunden sich auf uns verlassen, wenn es um Werkzeuge geht, die ihre Produktivit\u00e4t und Sicherheit steigern. Deshalb bieten wir nicht nur hochwertige Produkte, sondern auch hervorragenden Service. Von der ersten Beratung bis zum After-Sales-Support arbeiten wir eng mit unseren Kunden zusammen, um sicherzustellen, dass ihre Bed\u00fcrfnisse professionell und sorgf\u00e4ltig erf\u00fcllt werden. Unsere wettbewerbsf\u00e4higen Preise und unser unerm\u00fcdliches Engagement f\u00fcr Qualit\u00e4t machen FMP zur intelligenten Wahl f\u00fcr Unternehmen, die in zuverl\u00e4ssige Hydraulikl\u00f6sungen investieren m\u00f6chten.<\/p>","protected":false},"excerpt":{"rendered":"<p>Excellent Quality Small Dump Truck Hydraulic Hoist Cylinder Telescopic Hydraulic Cylinder Our Hydraulic Cylinder is an excellent quality small dump truck hydraulic hoist cylinder and a telescopic hydraulic cylinder. It&#8217;s a new product of 2025, designed for superior performance in machinery repair shops, farms, energy and mining industries, machinery manufacturing, and machinery factories. Features and [&hellip;]<\/p>","protected":false},"featured_media":6781,"comment_status":"closed","ping_status":"closed","template":"","meta":{"_et_pb_use_builder":"","_et_pb_old_content":"","_et_gb_content_width":""},"product_brand":[],"product_cat":[103],"product_tag":[34,105],"class_list":{"0":"post-6521","1":"product","2":"type-product","3":"status-publish","4":"has-post-thumbnail","6":"product_cat-telescopic-hydraulic-cylinders","7":"product_tag-hydraulic-cylinder","8":"product_tag-telescopic-hydraulic-cylinders","10":"first","11":"instock","12":"product-type-simple"},"_links":{"self":[{"href":"https:\/\/fmp-components.com\/de\/wp-json\/wp\/v2\/product\/6521","targetHints":{"allow":["GET"]}}],"collection":[{"href":"https:\/\/fmp-components.com\/de\/wp-json\/wp\/v2\/product"}],"about":[{"href":"https:\/\/fmp-components.com\/de\/wp-json\/wp\/v2\/types\/product"}],"replies":[{"embeddable":true,"href":"https:\/\/fmp-components.com\/de\/wp-json\/wp\/v2\/comments?post=6521"}],"wp:featuredmedia":[{"embeddable":true,"href":"https:\/\/fmp-components.com\/de\/wp-json\/wp\/v2\/media\/6781"}],"wp:attachment":[{"href":"https:\/\/fmp-components.com\/de\/wp-json\/wp\/v2\/media?parent=6521"}],"wp:term":[{"taxonomy":"product_brand","embeddable":true,"href":"https:\/\/fmp-components.com\/de\/wp-json\/wp\/v2\/product_brand?post=6521"},{"taxonomy":"product_cat","embeddable":true,"href":"https:\/\/fmp-components.com\/de\/wp-json\/wp\/v2\/product_cat?post=6521"},{"taxonomy":"product_tag","embeddable":true,"href":"https:\/\/fmp-components.com\/de\/wp-json\/wp\/v2\/product_tag?post=6521"}],"curies":[{"name":"wp","href":"https:\/\/api.w.org\/{rel}","templated":true}]}}