{"id":6520,"date":"2025-03-11T06:26:57","date_gmt":"2025-03-11T06:26:57","guid":{"rendered":"https:\/\/fmp-components.com\/product\/durable-hydraulic-cylinders-5-stage-telescopic-hydraulic-cylinder-for-sale"},"modified":"2025-03-12T01:16:29","modified_gmt":"2025-03-12T01:16:29","slug":"durable-hydraulic-cylinders-5-stage-telescopic-hydraulic-cylinder-for-sale","status":"publish","type":"product","link":"https:\/\/fmp-components.com\/de\/product\/durable-hydraulic-cylinders-5-stage-telescopic-hydraulic-cylinder-for-sale\/","title":{"rendered":"Langlebige Hydraulikzylinder 5-stufiger Teleskop-Hydraulikzylinder zu verkaufen"},"content":{"rendered":"<h2>Langlebige Hydraulikzylinder 5-stufiger Teleskop-Hydraulikzylinder zu verkaufen<\/h2>\n<p>Entdecken Sie die Leistungsf\u00e4higkeit unserer robusten Hydraulikzylinder, darunter ein 5-stufiger Teleskop-Hydraulikzylinder, der jetzt erh\u00e4ltlich ist. Dieses brandneue Ger\u00e4t wurde entwickelt, um die Leistung in einer Vielzahl von Branchen zu optimieren, darunter Maschinenreparaturwerkst\u00e4tten, Landwirtschaft, Energie- und Bergbau, Maschinenbau und Maschinenbauunternehmen.<\/p>\n<h2>Produktmerkmale und Funktionalit\u00e4t<\/h2>\n<p>Unser Hydraulikzylinder zeichnet sich durch seine robuste Stahlkonstruktion aus, die Langlebigkeit und eine lange Lebensdauer gew\u00e4hrleistet. Der mehrstufige Hydraulikzylinder bietet eine maximale Schubkraft von 3000 Nm und eine maximale Zugkraft von 20 Tonnen, was seine hohe Effizienz und zuverl\u00e4ssige Leistungsabgabe unterstreicht. Dieses leistungsstarke Ger\u00e4t ist nach ISO 9001:2000 zertifiziert und erf\u00fcllt somit h\u00f6chste Qualit\u00e4ts- und Sicherheitsstandards.<\/p>\n<h3>Technische Spezifikationen<\/h3>\n<p>Unser Hydraulikzylinder verf\u00fcgt \u00fcber eine Bohrung von 2\u20136 Zoll, einen Kolbenstangendurchmesser von 1,125\u20134 Zoll, einen Hub von 4\u2013100 Zoll und einen Bolzendurchmesser von 0,5\u20132 Zoll. Er ist in elegantem Schwarz erh\u00e4ltlich und wiegt ca. 42 kg.<\/p>\n<table style=\"width: 98.2317%;\" border=\"\">\n<tbody>\n<tr>\n<td style=\"width: 42.9379%;\"><i>Bohrungsgr\u00f6\u00dfe<\/i><\/td>\n<td style=\"width: 464.972%;\">2-6 Zoll<\/td>\n<\/tr>\n<tr>\n<td style=\"width: 42.9379%;\"><i>Stangengr\u00f6\u00dfe<\/i><\/td>\n<td style=\"width: 464.972%;\">1,125-4 Zoll<\/td>\n<\/tr>\n<tr>\n<td style=\"width: 42.9379%;\"><i>Strichgr\u00f6\u00dfe<\/i><\/td>\n<td style=\"width: 464.972%;\">4-100 Zoll<\/td>\n<\/tr>\n<tr>\n<td style=\"width: 42.9379%;\"><i>Pin-Gr\u00f6\u00dfe<\/i><\/td>\n<td style=\"width: 464.972%;\">0,5-2 Zoll<\/td>\n<\/tr>\n<tr>\n<td style=\"width: 42.9379%;\"><i>H\u00e4fen<\/i><\/td>\n<td style=\"width: 464.972%;\">G\/SAE\/NPT\/M<\/td>\n<\/tr>\n<\/tbody>\n<\/table>\n<h3>Alleinstellungsmerkmale<\/h3>\n<ul>\n<li>Energieeffizient: Unser Hydraulikzylinder ist auf geringen Energieverbrauch ausgelegt und somit eine nachhaltige Wahl f\u00fcr Ihre Maschinenanforderungen.<\/li>\n<li>Hohe Effizienz: Dank seiner hohen Schub- und Zugkraft gew\u00e4hrleistet dieser Hydraulikzylinder maximale Produktivit\u00e4t und Effizienz im Betrieb.<\/li>\n<li>Sicherheit: Unser Hydraulikzylinder ist nach ISO9001:2000 zertifiziert und gew\u00e4hrleistet somit h\u00f6chste Sicherheitsstandards bei seiner Leistung.<\/li>\n<\/ul>\n<p><img loading=\"lazy\" decoding=\"async\" class=\"alignnone  wp-image-6658\" src=\"https:\/\/fmp-components.com\/wp-content\/uploads\/2025\/03\/telescopic-hydraulic-cylinder-6.webp\" alt=\"Teleskop-Hydraulikzylinder\" width=\"935\" height=\"935\" title=\"\" srcset=\"https:\/\/fmp-components.com\/wp-content\/uploads\/2025\/03\/telescopic-hydraulic-cylinder-6.webp 935w, https:\/\/fmp-components.com\/wp-content\/uploads\/2025\/03\/telescopic-hydraulic-cylinder-6-480x480.webp 480w\" sizes=\"(min-width: 0px) and (max-width: 480px) 480px, (min-width: 481px) 935px, 100vw\" \/><\/p>\n<h2>Hydraulische Systeme und ihr Funktionsprinzip verstehen<\/h2>\n<p>Hydraulische Systeme spielen in verschiedenen Branchen eine entscheidende Rolle, da sie gro\u00dfe Leistungsmengen erzeugen und Maschinen steuern k\u00f6nnen. Hydraulikzylinder, wie die unseren, wandeln hydraulische Energie in mechanische Energie um und erm\u00f6glichen so kraftvolle und kontrollierte Bewegungen.<\/p>\n<h2>Hydraulikzylinder und Antriebseinheiten<\/h2>\n<p>Hydraulikzylinder und Hydraulikaggregat sind unverzichtbare Komponenten eines Hydrauliksystems. Sie arbeiten zusammen, um die breite Anwendung der Hydrauliktechnik in der Industrie zu gew\u00e4hrleisten. Der Hydraulikzylinder wandelt als Aktor hydraulische Energie in mechanische Bewegung um und erzeugt so Kraft aus Druck. Das Hydraulikaggregat ist das Herzst\u00fcck des Systems und liefert die ben\u00f6tigte Energie und Steuersignale. Das reibungslose Zusammenspiel beider Komponenten erm\u00f6glicht den einwandfreien Betrieb des Hydrauliksystems. FMP bietet auch Hydraulikaggregate zum Verkauf an.<\/p>\n<p><img loading=\"lazy\" decoding=\"async\" class=\"alignnone  wp-image-6659\" src=\"https:\/\/fmp-components.com\/wp-content\/uploads\/2025\/03\/telescopic-hydraulic-cylinder-12.webp\" alt=\"Teleskop-Hydraulikzylinder\" width=\"921\" height=\"921\" title=\"\" srcset=\"https:\/\/fmp-components.com\/wp-content\/uploads\/2025\/03\/telescopic-hydraulic-cylinder-12.webp 921w, https:\/\/fmp-components.com\/wp-content\/uploads\/2025\/03\/telescopic-hydraulic-cylinder-12-480x480.webp 480w\" sizes=\"(min-width: 0px) and (max-width: 480px) 480px, (min-width: 481px) 921px, 100vw\" \/><\/p>\n<h2>H\u00e4ufig gestellte Fragen<\/h2>\n<p>F: Sind Sie ein Handelsunternehmen oder ein Hersteller?<br \/>\nA: Wir sind eine Fabrik.<br \/>\nF: Wie lange ist Ihre Lieferzeit?<br \/>\nA: Im Allgemeinen sind es 25\u201335 Tage.<br \/>\nF: Stellen Sie Muster zur Verf\u00fcgung? Ist es kostenlos oder extra?<br \/>\nA: Ja, wir k\u00f6nnten die Probe anbieten, aber sie ist nicht kostenlos.<\/p>\n<h3>\u00dcber FMP<\/h3>\n<p>FMP ist ein f\u00fchrender italienischer Hersteller, der f\u00fcr seine Expertise in der Konstruktion, Entwicklung und Produktion hochwertiger Hydraulikzylinder bekannt ist. Mit einem \u00fcber Jahrzehnte aufgebauten Erbe verbinden wir traditionelle italienische Handwerkskunst mit modernster Technologie, um au\u00dfergew\u00f6hnliche Hydraulikl\u00f6sungen zu schaffen, die den vielf\u00e4ltigen Anforderungen unserer weltweiten Kunden gerecht werden. Mit Sitz in Italien, einem Zentrum der technischen Exzellenz, hat sich FMP als vertrauensw\u00fcrdiger Name in der Hydraulikbranche etabliert und liefert zuverl\u00e4ssige, langlebige und innovative Produkte, die Unternehmen weltweit unterst\u00fctzen.<\/p>\n<p>Unser Unternehmen verbindet fortschrittliche Fertigungstraditionen mit einer fortschrittlichen Denkweise. Dank unserer umfassenden Erfahrung mit Hydrauliksystemen hat sich FMP zu einem modernen Unternehmen entwickelt, das sich durch herausragende Leistungen in Forschung, Design und Produktion auszeichnet. Wir bieten ein umfassendes Sortiment an Hydraulikzylindern, darunter doppeltwirkende Zylinder, Hubzylinder f\u00fcr Kraftfahrzeuge, Zylinder f\u00fcr Landmaschinen sowie ma\u00dfgeschneiderte L\u00f6sungen f\u00fcr verschiedene industrielle Anwendungen. Ob f\u00fcr Bauwesen, Industrieanlagen, Landwirtschaft oder Schwermaschinen \u2013 unsere Hydraulikzylinder sind f\u00fcr den Einsatz unter anspruchsvollsten Bedingungen ausgelegt und gew\u00e4hrleisten Sicherheit, Effizienz und Langlebigkeit.<\/p>\n<p>Wir bei FMP sind stolz auf unsere hochmodernen Produktionsanlagen, die mit Pr\u00e4zisionsmaschinen und fortschrittlichen Pr\u00fcfsystemen ausgestattet sind. Unsere Fertigungsprozesse entsprechen strengen nationalen und internationalen Standards und stellen sicher, dass jeder produzierte Hydraulikzylinder h\u00f6chste Qualit\u00e4ts- und Zuverl\u00e4ssigkeitsstandards erf\u00fcllt. Unser qualifiziertes technisches Team und die moderne Ausr\u00fcstung erm\u00f6glichen uns eine strenge Qualit\u00e4tskontrolle in jeder Produktionsphase \u2013 von der Rohstoffauswahl bis zur Endkontrolle. Dieses Engagement f\u00fcr Spitzenleistungen hat uns Zertifizierungen und Auszeichnungen von Branchenbeh\u00f6rden eingebracht und unseren Ruf als zuverl\u00e4ssiger Partner gest\u00e4rkt.<\/p>\n<p><img loading=\"lazy\" decoding=\"async\" class=\"alignnone size-full wp-image-6720\" src=\"https:\/\/fmp-components.com\/wp-content\/uploads\/2025\/03\/hydraulic-cylinder-8.webp\" alt=\"Teleskop-Hydraulikzylinder\" width=\"933\" height=\"526\" title=\"\" srcset=\"https:\/\/fmp-components.com\/wp-content\/uploads\/2025\/03\/hydraulic-cylinder-8.webp 933w, https:\/\/fmp-components.com\/wp-content\/uploads\/2025\/03\/hydraulic-cylinder-8-480x271.webp 480w\" sizes=\"(min-width: 0px) and (max-width: 480px) 480px, (min-width: 481px) 933px, 100vw\" \/><\/p>\n<p>Unsere Mission ist klar und zugleich ambitioniert: Wir m\u00f6chten unseren Kunden Hydraulikzylinder liefern, die ihre Erwartungen in Leistung, Haltbarkeit und Wert \u00fcbertreffen. Wir arbeiten auf der Grundlage von Professionalit\u00e4t, Integrit\u00e4t und Kundenorientierung. Durch die F\u00f6rderung einer Kultur der Innovation und Pr\u00e4zision verbessern wir unsere Produkte kontinuierlich und sichern so unseren Wettbewerbsvorteil. Unsere umfassende Produktpalette und die F\u00e4higkeit, ma\u00dfgeschneiderte L\u00f6sungen anzubieten, machen uns zur bevorzugten Wahl f\u00fcr Unternehmen, die leistungsstarke Hydraulikzylinder suchen.<\/p>\n<p>FMP ist mehr als nur ein Hersteller; wir sind Ihr Partner f\u00fcr Ihren Erfolg. Wir wissen, dass unsere Kunden sich auf uns verlassen, wenn es um Werkzeuge geht, die ihre Produktivit\u00e4t und Sicherheit steigern. Deshalb bieten wir nicht nur hochwertige Produkte, sondern auch hervorragenden Service. Von der ersten Beratung bis zum After-Sales-Support arbeiten wir eng mit unseren Kunden zusammen, um sicherzustellen, dass ihre Bed\u00fcrfnisse professionell und sorgf\u00e4ltig erf\u00fcllt werden. Unsere wettbewerbsf\u00e4higen Preise und unser unerm\u00fcdliches Engagement f\u00fcr Qualit\u00e4t machen FMP zur intelligenten Wahl f\u00fcr Unternehmen, die in zuverl\u00e4ssige Hydraulikl\u00f6sungen investieren m\u00f6chten.<\/p>","protected":false},"excerpt":{"rendered":"<p>Durable Hydraulic Cylinders 5 Stage Telescopic Hydraulic Cylinder For Sale Discover the power of our Durable Hydraulic Cylinders, a 5 Stage Telescopic Hydraulic Cylinder, now available for sale. This brand-new unit is designed to enhance performance across a variety of industries, including machinery repair shops, farms, energy and mining, machinery manufacturing, and machinery factories. Product [&hellip;]<\/p>","protected":false},"featured_media":6691,"comment_status":"closed","ping_status":"closed","template":"","meta":{"_et_pb_use_builder":"","_et_pb_old_content":"","_et_gb_content_width":""},"product_brand":[],"product_cat":[103],"product_tag":[34,105],"class_list":{"0":"post-6520","1":"product","2":"type-product","3":"status-publish","4":"has-post-thumbnail","6":"product_cat-telescopic-hydraulic-cylinders","7":"product_tag-hydraulic-cylinder","8":"product_tag-telescopic-hydraulic-cylinders","10":"first","11":"instock","12":"product-type-simple"},"_links":{"self":[{"href":"https:\/\/fmp-components.com\/de\/wp-json\/wp\/v2\/product\/6520","targetHints":{"allow":["GET"]}}],"collection":[{"href":"https:\/\/fmp-components.com\/de\/wp-json\/wp\/v2\/product"}],"about":[{"href":"https:\/\/fmp-components.com\/de\/wp-json\/wp\/v2\/types\/product"}],"replies":[{"embeddable":true,"href":"https:\/\/fmp-components.com\/de\/wp-json\/wp\/v2\/comments?post=6520"}],"wp:featuredmedia":[{"embeddable":true,"href":"https:\/\/fmp-components.com\/de\/wp-json\/wp\/v2\/media\/6691"}],"wp:attachment":[{"href":"https:\/\/fmp-components.com\/de\/wp-json\/wp\/v2\/media?parent=6520"}],"wp:term":[{"taxonomy":"product_brand","embeddable":true,"href":"https:\/\/fmp-components.com\/de\/wp-json\/wp\/v2\/product_brand?post=6520"},{"taxonomy":"product_cat","embeddable":true,"href":"https:\/\/fmp-components.com\/de\/wp-json\/wp\/v2\/product_cat?post=6520"},{"taxonomy":"product_tag","embeddable":true,"href":"https:\/\/fmp-components.com\/de\/wp-json\/wp\/v2\/product_tag?post=6520"}],"curies":[{"name":"wp","href":"https:\/\/api.w.org\/{rel}","templated":true}]}}