{"id":6519,"date":"2025-03-11T06:26:57","date_gmt":"2025-03-11T06:26:57","guid":{"rendered":"https:\/\/fmp-components.com\/product\/quality-manufacturing-small-dump-truck-telescopic-hydraulic-cylinder-for-sale"},"modified":"2025-03-12T01:20:27","modified_gmt":"2025-03-12T01:20:27","slug":"quality-manufacturing-small-dump-truck-telescopic-hydraulic-cylinder-for-sale","status":"publish","type":"product","link":"https:\/\/fmp-components.com\/de\/product\/quality-manufacturing-small-dump-truck-telescopic-hydraulic-cylinder-for-sale\/","title":{"rendered":"Hochwertiger Teleskop-Hydraulikzylinder f\u00fcr kleine Muldenkipper zu verkaufen"},"content":{"rendered":"<h2>Hochwertiger Teleskop-Hydraulikzylinder f\u00fcr kleine Muldenkipper zu verkaufen<\/h2>\n<p>Wir pr\u00e4sentieren unseren hochwertigen Teleskop-Hydraulikzylinder f\u00fcr kleine Muldenkipper, der mit modernsten Fertigungstechniken hergestellt wird. Dieses Produkt ist ein bahnbrechendes Produkt in der Branche und bietet eine einj\u00e4hrige Garantie und ist neuwertig. Seine Qualit\u00e4t ist durch die ISO9001:2000-Zertifizierung garantiert.<\/p>\n<h3>Produkteigenschaften<\/h3>\n<p>Unser Produkt ist ein mehrstufiger Hydraulikzylinder mit einer beeindruckenden maximalen Schubkraft von 3000 und einer maximalen Zugkraft von 20 Tonnen. Seine Standardstruktur ist ein hydraulisch angetriebener Kolbenzylinder aus langlebigem Stahl.<\/p>\n<h3>Technische Parameter<\/h3>\n<table style=\"width: 101.206%;\" border=\"\">\n<tbody>\n<tr>\n<th style=\"width: 16.9576%;\">Bohrungsgr\u00f6\u00dfe<\/th>\n<th style=\"width: 20.4489%;\">Stangengr\u00f6\u00dfe<\/th>\n<th style=\"width: 19.9501%;\">Strichgr\u00f6\u00dfe<\/th>\n<th style=\"width: 16.4589%;\">Pin-Gr\u00f6\u00dfe<\/th>\n<th style=\"width: 156.608%;\">H\u00e4fen<\/th>\n<\/tr>\n<tr>\n<td style=\"width: 16.9576%;\">2-6 Zoll<\/td>\n<td style=\"width: 20.4489%;\">1,125-4 Zoll<\/td>\n<td style=\"width: 19.9501%;\">4-100 Zoll<\/td>\n<td style=\"width: 16.4589%;\">0,5-2 Zoll<\/td>\n<td style=\"width: 156.608%;\">G\/SAE\/NPT\/M<\/td>\n<\/tr>\n<\/tbody>\n<\/table>\n<h3>Einzigartige Vorteile<\/h3>\n<p>Unsere Hydraulikzylinder zeichnen sich durch einzigartige Vorteile aus, darunter au\u00dfergew\u00f6hnliche Energieeffizienz, hohe Leistung und robuste Sicherheitsfunktionen. Diese Zylinder sind auf minimalen Energieverbrauch bei maximaler Leistung ausgelegt und somit nicht nur kosteng\u00fcnstig, sondern auch umweltfreundlich. Ihre hohe Leistung gew\u00e4hrleistet, dass sie anspruchsvolle Aufgaben pr\u00e4zise und kraftvoll bew\u00e4ltigen und sich daher f\u00fcr eine Vielzahl industrieller Anwendungen eignen. Sicherheit hat bei unserem Designprozess h\u00f6chste Priorit\u00e4t. Unsere Hydraulikzylinder sind mit fortschrittlichen Sicherheitsmechanismen ausgestattet, die \u00dcberdruck verhindern und einen zuverl\u00e4ssigen Betrieb auch unter anspruchsvollen Bedingungen gew\u00e4hrleisten. Diese Kombination aus Zuverl\u00e4ssigkeit und Best\u00e4ndigkeit macht unsere Hydraulikzylinder zu einem unverzichtbaren Bestandteil in verschiedenen Branchen, darunter Maschinenreparaturwerkst\u00e4tten, Landwirtschaft, Energie- und Bergbau, Maschinenbau und Maschinenfabriken.<\/p>\n<h3>Funktionsprinzip und Anwendungen<\/h3>\n<p>Der Hydraulikzylinder funktioniert, indem er hydraulische Energie in mechanische Bewegung umwandelt und so Druck in Kraft umsetzt. Wird Hydraulikfl\u00fcssigkeit in den Zylinder gepumpt, entsteht Druck, der einen Kolben im Inneren bewegt. Diese Bewegung erzeugt eine lineare Kraft, die f\u00fcr eine Vielzahl von Aufgaben genutzt werden kann. Daher sind Hydraulikzylinder f\u00fcr viele Anwendungen unverzichtbar. Beispielsweise sind sie f\u00fcr den Betrieb von kleinen Muldenkippern und anderen Schwerlastfahrzeugen unerl\u00e4sslich, da sie Hebe- und Kippmechanismen erm\u00f6glichen. Dar\u00fcber hinaus ist ihre F\u00e4higkeit, kontrollierte und kraftvolle Bewegungen zu erm\u00f6glichen, von unsch\u00e4tzbarem Wert im Baugewerbe, in Landmaschinen und bei Flurf\u00f6rderzeugen, wo Pr\u00e4zision und Kraft entscheidend sind.<\/p>\n<p><img loading=\"lazy\" decoding=\"async\" class=\"alignnone  wp-image-6661\" src=\"https:\/\/fmp-components.com\/wp-content\/uploads\/2025\/03\/telescopic-hydraulic-cylinder-10.webp\" alt=\"Teleskop-Hydraulikzylinder\" width=\"911\" height=\"911\" title=\"\" srcset=\"https:\/\/fmp-components.com\/wp-content\/uploads\/2025\/03\/telescopic-hydraulic-cylinder-10.webp 911w, https:\/\/fmp-components.com\/wp-content\/uploads\/2025\/03\/telescopic-hydraulic-cylinder-10-480x480.webp 480w\" sizes=\"(min-width: 0px) and (max-width: 480px) 480px, (min-width: 481px) 911px, 100vw\" \/><\/p>\n<h2>Hydraulikzylinder und Antriebseinheiten<\/h2>\n<p>Hydraulikzylinder und Antriebseinheiten sind unverzichtbare Komponenten jedes Hydrauliksystems. Ihr Zusammenspiel ist entscheidend f\u00fcr den effektiven Einsatz der Hydrauliktechnologie in verschiedenen Industriezweigen. Der Hydraulikzylinder fungiert als Antrieb und wandelt hydraulische Energie in mechanische Bewegung um, w\u00e4hrend die Antriebseinheit als Herzst\u00fcck des Systems fungiert und die notwendige Hydraulikfl\u00fcssigkeit und den Druck f\u00fcr den Zylinderbetrieb liefert. Gemeinsam sorgen sie f\u00fcr zuverl\u00e4ssige Stromversorgung und Steuerung einer Vielzahl von technischen und mechanischen Ger\u00e4ten.<\/p>\n<p>Wir bei FMP wissen, wie wichtig Hydraulikzylinder und -aggregate f\u00fcr die Steigerung der Betriebseffizienz sind. Deshalb bieten wir Ihnen auch eine Auswahl an Aggregaten zum Kauf an, um Ihnen eine komplette Hydraulikl\u00f6sung zu bieten. Dank unseres Engagements f\u00fcr qualitativ hochwertige Produkte k\u00f6nnen Sie darauf vertrauen, dass unsere L\u00f6sungen die Zuverl\u00e4ssigkeit und Effektivit\u00e4t Ihrer Betriebsabl\u00e4ufe steigern \u2013 unabh\u00e4ngig von der jeweiligen Branche oder Anwendung.<\/p>\n<h2>H\u00e4ufig gestellte Fragen<\/h2>\n<p><b>F: Sind Sie ein Handelsunternehmen oder Hersteller?<\/b><br \/>\nA: Wir sind ein Hersteller.<\/p>\n<p><b>F: Wie lange ist Ihre Lieferzeit?<\/b><br \/>\nA: Im Allgemeinen sind es 25\u201335 Tage.<\/p>\n<p><b>F: Stellen Sie Muster zur Verf\u00fcgung?<\/b><br \/>\nA: Ja, wir bieten Muster an, aber diese sind nicht kostenlos.<\/p>\n<p><img loading=\"lazy\" decoding=\"async\" class=\"alignnone size-full wp-image-6660\" src=\"https:\/\/fmp-components.com\/wp-content\/uploads\/2025\/03\/hydraulic-cylinder-workshop-4.webp\" alt=\"Teleskop-Hydraulikzylinder\" width=\"914\" height=\"733\" title=\"\" srcset=\"https:\/\/fmp-components.com\/wp-content\/uploads\/2025\/03\/hydraulic-cylinder-workshop-4.webp 914w, https:\/\/fmp-components.com\/wp-content\/uploads\/2025\/03\/hydraulic-cylinder-workshop-4-480x385.webp 480w\" sizes=\"(min-width: 0px) and (max-width: 480px) 480px, (min-width: 481px) 914px, 100vw\" \/><\/p>\n<h3>\u00dcber FMP<\/h3>\n<p>FMP ist ein f\u00fchrender italienischer Hersteller, der f\u00fcr seine Expertise in der Konstruktion, Entwicklung und Produktion hochwertiger Hydraulikzylinder bekannt ist. Mit einem \u00fcber Jahrzehnte aufgebauten Erbe verbinden wir traditionelle italienische Handwerkskunst mit modernster Technologie, um au\u00dfergew\u00f6hnliche Hydraulikl\u00f6sungen zu schaffen, die den vielf\u00e4ltigen Anforderungen unserer weltweiten Kunden gerecht werden. Mit Sitz in Italien, einem Zentrum der technischen Exzellenz, hat sich FMP als vertrauensw\u00fcrdiger Name in der Hydraulikbranche etabliert und liefert zuverl\u00e4ssige, langlebige und innovative Produkte, die Unternehmen weltweit unterst\u00fctzen.<\/p>\n<p>Unser Unternehmen verbindet fortschrittliche Fertigungstraditionen mit einer fortschrittlichen Denkweise. Dank unserer umfassenden Erfahrung mit Hydrauliksystemen hat sich FMP zu einem modernen Unternehmen entwickelt, das sich durch herausragende Leistungen in Forschung, Design und Produktion auszeichnet. Wir bieten ein umfassendes Sortiment an Hydraulikzylindern, darunter doppeltwirkende Zylinder, Hubzylinder f\u00fcr Kraftfahrzeuge, Zylinder f\u00fcr Landmaschinen sowie ma\u00dfgeschneiderte L\u00f6sungen f\u00fcr verschiedene industrielle Anwendungen. Ob f\u00fcr Bauwesen, Industrieanlagen, Landwirtschaft oder Schwermaschinen \u2013 unsere Hydraulikzylinder sind f\u00fcr den Einsatz unter anspruchsvollsten Bedingungen ausgelegt und gew\u00e4hrleisten Sicherheit, Effizienz und Langlebigkeit.<\/p>\n<p>Wir bei FMP sind stolz auf unsere hochmodernen Produktionsanlagen, die mit Pr\u00e4zisionsmaschinen und fortschrittlichen Pr\u00fcfsystemen ausgestattet sind. Unsere Fertigungsprozesse entsprechen strengen nationalen und internationalen Standards und stellen sicher, dass jeder produzierte Hydraulikzylinder h\u00f6chste Qualit\u00e4ts- und Zuverl\u00e4ssigkeitsstandards erf\u00fcllt. Unser qualifiziertes technisches Team und die moderne Ausr\u00fcstung erm\u00f6glichen uns eine strenge Qualit\u00e4tskontrolle in jeder Produktionsphase \u2013 von der Rohstoffauswahl bis zur Endkontrolle. Dieses Engagement f\u00fcr Spitzenleistungen hat uns Zertifizierungen und Auszeichnungen von Branchenbeh\u00f6rden eingebracht und unseren Ruf als zuverl\u00e4ssiger Partner gest\u00e4rkt.<\/p>\n<p><img loading=\"lazy\" decoding=\"async\" class=\"alignnone size-full wp-image-6720\" src=\"https:\/\/fmp-components.com\/wp-content\/uploads\/2025\/03\/hydraulic-cylinder-8.webp\" alt=\"Teleskop-Hydraulikzylinder\" width=\"933\" height=\"526\" title=\"\" srcset=\"https:\/\/fmp-components.com\/wp-content\/uploads\/2025\/03\/hydraulic-cylinder-8.webp 933w, https:\/\/fmp-components.com\/wp-content\/uploads\/2025\/03\/hydraulic-cylinder-8-480x271.webp 480w\" sizes=\"(min-width: 0px) and (max-width: 480px) 480px, (min-width: 481px) 933px, 100vw\" \/><\/p>\n<p>Unsere Mission ist klar und zugleich ambitioniert: Wir m\u00f6chten unseren Kunden Hydraulikzylinder liefern, die ihre Erwartungen in Leistung, Haltbarkeit und Wert \u00fcbertreffen. Wir arbeiten auf der Grundlage von Professionalit\u00e4t, Integrit\u00e4t und Kundenorientierung. Durch die F\u00f6rderung einer Kultur der Innovation und Pr\u00e4zision verbessern wir unsere Produkte kontinuierlich und sichern so unseren Wettbewerbsvorteil. Unsere umfassende Produktpalette und die F\u00e4higkeit, ma\u00dfgeschneiderte L\u00f6sungen anzubieten, machen uns zur bevorzugten Wahl f\u00fcr Unternehmen, die leistungsstarke Hydraulikzylinder suchen.<\/p>\n<p>FMP ist mehr als nur ein Hersteller; wir sind Ihr Partner f\u00fcr Ihren Erfolg. Wir wissen, dass unsere Kunden sich auf uns verlassen, wenn es um Werkzeuge geht, die ihre Produktivit\u00e4t und Sicherheit steigern. Deshalb bieten wir nicht nur hochwertige Produkte, sondern auch hervorragenden Service. Von der ersten Beratung bis zum After-Sales-Support arbeiten wir eng mit unseren Kunden zusammen, um sicherzustellen, dass ihre Bed\u00fcrfnisse professionell und sorgf\u00e4ltig erf\u00fcllt werden. Unsere wettbewerbsf\u00e4higen Preise und unser unerm\u00fcdliches Engagement f\u00fcr Qualit\u00e4t machen FMP zur intelligenten Wahl f\u00fcr Unternehmen, die in zuverl\u00e4ssige Hydraulikl\u00f6sungen investieren m\u00f6chten.<\/p>","protected":false},"excerpt":{"rendered":"<p>Quality Manufacturing Small Dump Truck Telescopic Hydraulic Cylinder For Sale Introducing our top-quality small dump truck telescopic hydraulic cylinder, made with supreme manufacturing techniques. This product is a game-changer in the industry, offering a one-year warranty and a new condition. Its quality is guaranteed by ISO9001:2000 certification. Product Features Our product is a multistage hydraulic [&hellip;]<\/p>","protected":false},"featured_media":6692,"comment_status":"closed","ping_status":"closed","template":"","meta":{"_et_pb_use_builder":"","_et_pb_old_content":"","_et_gb_content_width":""},"product_brand":[],"product_cat":[103],"product_tag":[34,105],"class_list":{"0":"post-6519","1":"product","2":"type-product","3":"status-publish","4":"has-post-thumbnail","6":"product_cat-telescopic-hydraulic-cylinders","7":"product_tag-hydraulic-cylinder","8":"product_tag-telescopic-hydraulic-cylinders","10":"first","11":"instock","12":"product-type-simple"},"_links":{"self":[{"href":"https:\/\/fmp-components.com\/de\/wp-json\/wp\/v2\/product\/6519","targetHints":{"allow":["GET"]}}],"collection":[{"href":"https:\/\/fmp-components.com\/de\/wp-json\/wp\/v2\/product"}],"about":[{"href":"https:\/\/fmp-components.com\/de\/wp-json\/wp\/v2\/types\/product"}],"replies":[{"embeddable":true,"href":"https:\/\/fmp-components.com\/de\/wp-json\/wp\/v2\/comments?post=6519"}],"wp:featuredmedia":[{"embeddable":true,"href":"https:\/\/fmp-components.com\/de\/wp-json\/wp\/v2\/media\/6692"}],"wp:attachment":[{"href":"https:\/\/fmp-components.com\/de\/wp-json\/wp\/v2\/media?parent=6519"}],"wp:term":[{"taxonomy":"product_brand","embeddable":true,"href":"https:\/\/fmp-components.com\/de\/wp-json\/wp\/v2\/product_brand?post=6519"},{"taxonomy":"product_cat","embeddable":true,"href":"https:\/\/fmp-components.com\/de\/wp-json\/wp\/v2\/product_cat?post=6519"},{"taxonomy":"product_tag","embeddable":true,"href":"https:\/\/fmp-components.com\/de\/wp-json\/wp\/v2\/product_tag?post=6519"}],"curies":[{"name":"wp","href":"https:\/\/api.w.org\/{rel}","templated":true}]}}