{"id":6517,"date":"2025-03-11T06:26:57","date_gmt":"2025-03-11T06:26:57","guid":{"rendered":"https:\/\/fmp-components.com\/product\/factory-serving-small-dump-truck-hydraulic-hoist-cylinder-multistage-hydraulic-cylinder"},"modified":"2025-03-12T01:35:55","modified_gmt":"2025-03-12T01:35:55","slug":"factory-serving-small-dump-truck-hydraulic-hoist-cylinder-multistage-hydraulic-cylinder","status":"publish","type":"product","link":"https:\/\/fmp-components.com\/de\/product\/factory-serving-small-dump-truck-hydraulic-hoist-cylinder-multistage-hydraulic-cylinder\/","title":{"rendered":"Fabrik-Service f\u00fcr kleine Muldenkipper-Hydraulikzylinder Mehrstufiger Hydraulikzylinder"},"content":{"rendered":"<h2>Fabrik-Service f\u00fcr kleine Muldenkipper-Hydraulikzylinder Mehrstufiger Hydraulikzylinder<\/h2>\n<p>Wir pr\u00e4sentieren unseren brandneuen, werksseitig einsetzbaren Hydraulikzylinder f\u00fcr kleine Muldenkipper \u2013 einen mehrstufigen Hydraulikzylinder, eine innovative L\u00f6sung, die Ihre Maschinenanforderungen erf\u00fcllt. Gefertigt aus hochwertigsten Materialien und konstruiert f\u00fcr \u00fcberragende Leistung, ist dieser Hydraulikzylinder die richtige Wahl f\u00fcr ein breites Anwendungsspektrum.<\/p>\n<h3>Produktmerkmale und Bedeutung<\/h3>\n<p>Unser mehrstufiger Hydraulikzylinder ist f\u00fcr kleine Muldenkipper konzipiert und dient als robuste und zuverl\u00e4ssige hydraulische Hebevorrichtung. Er spielt eine entscheidende Rolle beim Heben und Bewegen schwerer Lasten und steigert dadurch die Produktivit\u00e4t und Effizienz in verschiedenen Branchen wie Maschinenreparaturwerkst\u00e4tten, Landwirtschaft, Energie- und Bergbau, Maschinenbau und Maschinenbaufabriken.<\/p>\n<h3>Technische Spezifikationen<\/h3>\n<p>Unser Hydraulikzylinder f\u00fcr Hebezeuge wird nach detaillierten Spezifikationen gefertigt, die optimale Leistung und Langlebigkeit gew\u00e4hrleisten.<\/p>\n<table style=\"width: 101.27%;\" border=\"\">\n<tbody>\n<tr>\n<td style=\"width: 42.9379%;\"><i>Bohrungsgr\u00f6\u00dfe<\/i><\/td>\n<td style=\"width: 480.791%;\">2-6 Zoll<\/td>\n<\/tr>\n<tr>\n<td style=\"width: 42.9379%;\"><i>Stangengr\u00f6\u00dfe<\/i><\/td>\n<td style=\"width: 480.791%;\">1,125-4 Zoll<\/td>\n<\/tr>\n<tr>\n<td style=\"width: 42.9379%;\"><i>Strichgr\u00f6\u00dfe<\/i><\/td>\n<td style=\"width: 480.791%;\">4-100 Zoll<\/td>\n<\/tr>\n<tr>\n<td style=\"width: 42.9379%;\"><i>Pin-Gr\u00f6\u00dfe<\/i><\/td>\n<td style=\"width: 480.791%;\">0,5-2 Zoll<\/td>\n<\/tr>\n<tr>\n<td style=\"width: 42.9379%;\"><i>H\u00e4fen<\/i><\/td>\n<td style=\"width: 480.791%;\">G\/SAE\/NPT\/M<\/td>\n<\/tr>\n<\/tbody>\n<\/table>\n<h2>Einzigartige Funktionen und Vorteile<\/h2>\n<p>Unser mehrstufiger Hydraulikzylinder zeichnet sich durch eine Reihe einzigartiger Merkmale und Vorteile aus, die ihn im Markt deutlich hervorheben. Mit einer bemerkenswerten maximalen Schubkraft von 3000 Nm und einer maximalen Zugkraft von 20 Tonnen bietet dieser Zylinder au\u00dfergew\u00f6hnliche Leistung und Effizienz und ist somit ideal f\u00fcr anspruchsvolle Anwendungen geeignet. Sein energiesparendes Design maximiert nicht nur die Leistung, sondern minimiert auch die Betriebskosten, sodass Anwender von Effektivit\u00e4t und Nachhaltigkeit profitieren.<\/p>\n<p>Der aus hochwertigem Stahl gefertigte Zylinder zeichnet sich durch au\u00dfergew\u00f6hnliche Langlebigkeit und Sicherheit aus und eignet sich daher ideal f\u00fcr anspruchsvolle Arbeitsumgebungen. Sein robustes Stahlgeh\u00e4use h\u00e4lt den Belastungen und Beanspruchungen bei anspruchsvollen Aufgaben stand und gibt dem Bediener somit maximale Sicherheit. Dar\u00fcber hinaus ist unser mehrstufiger Hydraulikzylinder nach ISO 9001:2000 zertifiziert. Dies unterstreicht unser Engagement f\u00fcr h\u00f6chste Qualit\u00e4t und Zuverl\u00e4ssigkeit unserer Produkte. Die Zertifizierung garantiert unseren Kunden, dass sie in ein Produkt investieren, das strenge internationale Qualit\u00e4tsmanagementstandards erf\u00fcllt und somit seine Attraktivit\u00e4t f\u00fcr vielf\u00e4ltige industrielle Anwendungen weiter steigert.<\/p>\n<p><img loading=\"lazy\" decoding=\"async\" class=\"alignnone  wp-image-6664\" src=\"https:\/\/fmp-components.com\/wp-content\/uploads\/2025\/03\/telescopic-hydraulic-cylinder-8.webp\" alt=\"Teleskop-Hydraulikzylinder\" width=\"919\" height=\"919\" title=\"\" srcset=\"https:\/\/fmp-components.com\/wp-content\/uploads\/2025\/03\/telescopic-hydraulic-cylinder-8.webp 919w, https:\/\/fmp-components.com\/wp-content\/uploads\/2025\/03\/telescopic-hydraulic-cylinder-8-480x480.webp 480w\" sizes=\"(min-width: 0px) and (max-width: 480px) 480px, (min-width: 481px) 919px, 100vw\" \/><\/p>\n<h2>Hydrauliksystem und Funktionsprinzipien<\/h2>\n<p>Unser Hydraulikzylinder f\u00fcr Hebezeuge arbeitet nach dem Prinzip der Druckhydraulik, die f\u00fcr die Erzeugung linearer Bewegung und Kraft unerl\u00e4sslich ist. In diesem System wird unter Druck stehende Hydraulikfl\u00fcssigkeit in den Zylinder geleitet, wodurch sich der Kolben bewegt. Diese Bewegung erzeugt die notwendige Kraft, um schwere Lasten effizient anzuheben oder zu bewegen. Die Konstruktion des Hydraulikzylinders gew\u00e4hrleistet einen gleichm\u00e4\u00dfigen und kraftvollen Ablauf und tr\u00e4gt so zu hoher Leistung und Zuverl\u00e4ssigkeit bei.<\/p>\n<p>Die effiziente Umwandlung hydraulischer Energie in mechanische Bewegung erm\u00f6glicht es unserem Hydraulikzylinder, ein breites Aufgabenspektrum pr\u00e4zise auszuf\u00fchren. Dieses effiziente System steigert nicht nur die Produktivit\u00e4t, sondern gew\u00e4hrleistet auch das sichere Heben von Lasten und ist somit eine unverzichtbare Komponente in verschiedenen industriellen Anwendungen, darunter Bauwesen, Fertigung und Transport.<\/p>\n<p><img loading=\"lazy\" decoding=\"async\" class=\"alignnone  wp-image-6665\" src=\"https:\/\/fmp-components.com\/wp-content\/uploads\/2025\/03\/telescopic-hydraulic-cylinder-9.webp\" alt=\"Teleskop-Hydraulikzylinder\" width=\"906\" height=\"906\" title=\"\" srcset=\"https:\/\/fmp-components.com\/wp-content\/uploads\/2025\/03\/telescopic-hydraulic-cylinder-9.webp 906w, https:\/\/fmp-components.com\/wp-content\/uploads\/2025\/03\/telescopic-hydraulic-cylinder-9-480x480.webp 480w\" sizes=\"(min-width: 0px) and (max-width: 480px) 480px, (min-width: 481px) 906px, 100vw\" \/><\/p>\n<h2>Hydraulikzylinder und Antriebseinheiten<\/h2>\n<p>Hydraulikzylinder und Hydraulikaggregate sind unverzichtbare Bestandteile von Hydrauliksystemen und spielen jeweils eine entscheidende Rolle f\u00fcr deren Gesamtfunktionalit\u00e4t. Der Hydraulikzylinder dient als Aktor und wandelt hydraulische Energie in mechanische Bewegung um, w\u00e4hrend das Hydraulikaggregat als Herzst\u00fcck des Systems fungiert und die notwendige Hydraulikfl\u00fcssigkeit und den erforderlichen Druck f\u00fcr den Betrieb des Zylinders bereitstellt.<\/p>\n<p>Das koordinierte Zusammenspiel dieser beiden Komponenten ist unerl\u00e4sslich f\u00fcr die breite Anwendung der Hydrauliktechnik im Industriesektor. Gemeinsam gew\u00e4hrleisten sie eine zuverl\u00e4ssige Energieversorgung und Steuerung f\u00fcr eine Vielzahl von technischen und mechanischen Anlagen und sorgen so f\u00fcr einen reibungslosen und effizienten Betrieb.<\/p>\n<p>Wir bei unserem Unternehmen wissen um die Bedeutung dieser Komponenten f\u00fcr die Steigerung der Betriebseffizienz und bieten daher auch hochwertige Hydraulikaggregate zum Verkauf an. Unser Engagement f\u00fcr zuverl\u00e4ssige Hydraulikl\u00f6sungen garantiert Ihnen, dass Sie sich auf unsere Produkte hinsichtlich Leistung und Kontrolle in Ihren spezifischen Anwendungen verlassen k\u00f6nnen.<\/p>\n<p><img loading=\"lazy\" decoding=\"async\" class=\"alignnone  wp-image-6717\" src=\"https:\/\/fmp-components.com\/wp-content\/uploads\/2025\/03\/hydraulic-cylinder-211.webp\" alt=\"Hydraulik-Zylinder\" width=\"910\" height=\"912\" title=\"\" srcset=\"https:\/\/fmp-components.com\/wp-content\/uploads\/2025\/03\/hydraulic-cylinder-211.webp 910w, https:\/\/fmp-components.com\/wp-content\/uploads\/2025\/03\/hydraulic-cylinder-211-480x481.webp 480w\" sizes=\"(min-width: 0px) and (max-width: 480px) 480px, (min-width: 481px) 910px, 100vw\" \/><\/p>\n<h2>FAQs<\/h2>\n<p><b>F: Sind Sie ein Handelsunternehmen oder Hersteller?<\/b><br \/>\nA: Wir sind eine Fabrik.<\/p>\n<p><b>F: Wie lange ist Ihre Lieferzeit?<\/b><br \/>\nA: Im Allgemeinen sind es 25\u201335 Tage.<\/p>\n<p><b>F: Stellen Sie Muster zur Verf\u00fcgung?<\/b><br \/>\nA: Ja, wir k\u00f6nnten Ihnen ein Muster anbieten, aber es ist nicht kostenlos.<\/p>\n<h3>\u00dcber FMP<\/h3>\n<p>FMP ist ein f\u00fchrender italienischer Hersteller, der f\u00fcr seine Expertise in der Konstruktion, Entwicklung und Produktion hochwertiger Hydraulikzylinder bekannt ist. Mit einem \u00fcber Jahrzehnte aufgebauten Erbe verbinden wir traditionelle italienische Handwerkskunst mit modernster Technologie, um au\u00dfergew\u00f6hnliche Hydraulikl\u00f6sungen zu schaffen, die den vielf\u00e4ltigen Anforderungen unserer weltweiten Kunden gerecht werden. Mit Sitz in Italien, einem Zentrum der technischen Exzellenz, hat sich FMP als vertrauensw\u00fcrdiger Name in der Hydraulikbranche etabliert und liefert zuverl\u00e4ssige, langlebige und innovative Produkte, die Unternehmen weltweit unterst\u00fctzen.<\/p>\n<p>Unser Unternehmen verbindet fortschrittliche Fertigungstraditionen mit einer fortschrittlichen Denkweise. Dank unserer umfassenden Erfahrung mit Hydrauliksystemen hat sich FMP zu einem modernen Unternehmen entwickelt, das sich durch herausragende Leistungen in Forschung, Design und Produktion auszeichnet. Wir bieten ein umfassendes Sortiment an Hydraulikzylindern, darunter doppeltwirkende Zylinder, Hubzylinder f\u00fcr Kraftfahrzeuge, Zylinder f\u00fcr Landmaschinen sowie ma\u00dfgeschneiderte L\u00f6sungen f\u00fcr verschiedene industrielle Anwendungen. Ob f\u00fcr Bauwesen, Industrieanlagen, Landwirtschaft oder Schwermaschinen \u2013 unsere Hydraulikzylinder sind f\u00fcr den Einsatz unter anspruchsvollsten Bedingungen ausgelegt und gew\u00e4hrleisten Sicherheit, Effizienz und Langlebigkeit.<\/p>\n<p>Wir bei FMP sind stolz auf unsere hochmodernen Produktionsanlagen, die mit Pr\u00e4zisionsmaschinen und fortschrittlichen Pr\u00fcfsystemen ausgestattet sind. Unsere Fertigungsprozesse entsprechen strengen nationalen und internationalen Standards und stellen sicher, dass jeder produzierte Hydraulikzylinder h\u00f6chste Qualit\u00e4ts- und Zuverl\u00e4ssigkeitsstandards erf\u00fcllt. Unser qualifiziertes technisches Team und die moderne Ausr\u00fcstung erm\u00f6glichen uns eine strenge Qualit\u00e4tskontrolle in jeder Produktionsphase \u2013 von der Rohstoffauswahl bis zur Endkontrolle. Dieses Engagement f\u00fcr Spitzenleistungen hat uns Zertifizierungen und Auszeichnungen von Branchenbeh\u00f6rden eingebracht und unseren Ruf als zuverl\u00e4ssiger Partner gest\u00e4rkt.<\/p>\n<p><img loading=\"lazy\" decoding=\"async\" class=\"alignnone size-full wp-image-6720\" src=\"https:\/\/fmp-components.com\/wp-content\/uploads\/2025\/03\/hydraulic-cylinder-8.webp\" alt=\"Teleskop-Hydraulikzylinder\" width=\"933\" height=\"526\" title=\"\" srcset=\"https:\/\/fmp-components.com\/wp-content\/uploads\/2025\/03\/hydraulic-cylinder-8.webp 933w, https:\/\/fmp-components.com\/wp-content\/uploads\/2025\/03\/hydraulic-cylinder-8-480x271.webp 480w\" sizes=\"(min-width: 0px) and (max-width: 480px) 480px, (min-width: 481px) 933px, 100vw\" \/><\/p>\n<p>Unsere Mission ist klar und zugleich ambitioniert: Wir m\u00f6chten unseren Kunden Hydraulikzylinder liefern, die ihre Erwartungen in Leistung, Haltbarkeit und Wert \u00fcbertreffen. Wir arbeiten auf der Grundlage von Professionalit\u00e4t, Integrit\u00e4t und Kundenorientierung. Durch die F\u00f6rderung einer Kultur der Innovation und Pr\u00e4zision verbessern wir unsere Produkte kontinuierlich und sichern so unseren Wettbewerbsvorteil. Unsere umfassende Produktpalette und die F\u00e4higkeit, ma\u00dfgeschneiderte L\u00f6sungen anzubieten, machen uns zur bevorzugten Wahl f\u00fcr Unternehmen, die leistungsstarke Hydraulikzylinder suchen.<\/p>\n<p>FMP ist mehr als nur ein Hersteller; wir sind Ihr Partner f\u00fcr Ihren Erfolg. Wir wissen, dass unsere Kunden sich auf uns verlassen, wenn es um Werkzeuge geht, die ihre Produktivit\u00e4t und Sicherheit steigern. Deshalb bieten wir nicht nur hochwertige Produkte, sondern auch hervorragenden Service. Von der ersten Beratung bis zum After-Sales-Support arbeiten wir eng mit unseren Kunden zusammen, um sicherzustellen, dass ihre Bed\u00fcrfnisse professionell und sorgf\u00e4ltig erf\u00fcllt werden. Unsere wettbewerbsf\u00e4higen Preise und unser unerm\u00fcdliches Engagement f\u00fcr Qualit\u00e4t machen FMP zur intelligenten Wahl f\u00fcr Unternehmen, die in zuverl\u00e4ssige Hydraulikl\u00f6sungen investieren m\u00f6chten.<\/p>","protected":false},"excerpt":{"rendered":"<p>Factory Serving Small Dump Truck Hydraulic Hoist Cylinder Multistage Hydraulic Cylinder Introducing our brand new Factory Serving Small Dump Truck Hydraulic Hoist Cylinder Multistage Hydraulic Cylinder, a cutting-edge solution designed to meet your machinery needs. Built with the highest quality materials and engineered for superior performance, this hydraulic cylinder is the right choice for a [&hellip;]<\/p>","protected":false},"featured_media":6694,"comment_status":"closed","ping_status":"closed","template":"","meta":{"_et_pb_use_builder":"","_et_pb_old_content":"","_et_gb_content_width":""},"product_brand":[],"product_cat":[103],"product_tag":[34,105],"class_list":{"0":"post-6517","1":"product","2":"type-product","3":"status-publish","4":"has-post-thumbnail","6":"product_cat-telescopic-hydraulic-cylinders","7":"product_tag-hydraulic-cylinder","8":"product_tag-telescopic-hydraulic-cylinders","10":"first","11":"instock","12":"product-type-simple"},"_links":{"self":[{"href":"https:\/\/fmp-components.com\/de\/wp-json\/wp\/v2\/product\/6517","targetHints":{"allow":["GET"]}}],"collection":[{"href":"https:\/\/fmp-components.com\/de\/wp-json\/wp\/v2\/product"}],"about":[{"href":"https:\/\/fmp-components.com\/de\/wp-json\/wp\/v2\/types\/product"}],"replies":[{"embeddable":true,"href":"https:\/\/fmp-components.com\/de\/wp-json\/wp\/v2\/comments?post=6517"}],"wp:featuredmedia":[{"embeddable":true,"href":"https:\/\/fmp-components.com\/de\/wp-json\/wp\/v2\/media\/6694"}],"wp:attachment":[{"href":"https:\/\/fmp-components.com\/de\/wp-json\/wp\/v2\/media?parent=6517"}],"wp:term":[{"taxonomy":"product_brand","embeddable":true,"href":"https:\/\/fmp-components.com\/de\/wp-json\/wp\/v2\/product_brand?post=6517"},{"taxonomy":"product_cat","embeddable":true,"href":"https:\/\/fmp-components.com\/de\/wp-json\/wp\/v2\/product_cat?post=6517"},{"taxonomy":"product_tag","embeddable":true,"href":"https:\/\/fmp-components.com\/de\/wp-json\/wp\/v2\/product_tag?post=6517"}],"curies":[{"name":"wp","href":"https:\/\/api.w.org\/{rel}","templated":true}]}}