{"id":6516,"date":"2025-03-11T06:26:57","date_gmt":"2025-03-11T06:26:57","guid":{"rendered":"https:\/\/fmp-components.com\/product\/professional-5-stage-telescopic-dump-truck-hydraulic-cylinder-multistage-hydraulic-cylinder"},"modified":"2025-03-18T01:07:16","modified_gmt":"2025-03-18T01:07:16","slug":"professional-5-stage-telescopic-dump-truck-hydraulic-cylinder-multistage-hydraulic-cylinder","status":"publish","type":"product","link":"https:\/\/fmp-components.com\/de\/product\/professional-5-stage-telescopic-dump-truck-hydraulic-cylinder-multistage-hydraulic-cylinder\/","title":{"rendered":"Professioneller 5-stufiger Teleskop-Hydraulikzylinder f\u00fcr Muldenkipper, mehrstufiger Hydraulikzylinder"},"content":{"rendered":"<h2>Qualit\u00e4tssicherung Muldenkipper-Hydraulikzylinder 4-stufiger kleiner Muldenkipper-Hydraulikzylinder<\/h2>\n<p>Unser 4-stufiger Hydraulikzylinder f\u00fcr kleine Muldenkipper ist ein qualit\u00e4tsgesichertes Produkt, das optimale Leistung gew\u00e4hrleistet. Er ist ein neues Produkt, das 2025 auf den Markt kommt und mit einer einj\u00e4hrigen Garantie ausgestattet ist. Dieser Hydraulikzylinder ist f\u00fcr den Einsatz in Maschinenreparaturwerkst\u00e4tten, landwirtschaftlichen Betrieben, der Energie- und Bergbauindustrie, der Maschinenbauindustrie und in Maschinenfabriken konzipiert.<\/p>\n<h3>Eigenschaften und Vorteile<\/h3>\n<ul>\n<li>Es verf\u00fcgt \u00fcber eine Standardstruktur eines Kolbenzylinders mit hydraulischer Kraft.<\/li>\n<li>Es besteht aus Stahl, was seine Haltbarkeit erh\u00f6ht.<\/li>\n<li>Es verf\u00fcgt \u00fcber einen maximalen Schub von 3000 und eine maximale Zugkraft von 20 Tonnen.<\/li>\n<li>Es handelt sich um einen mehrstufigen Hydraulikzylinder mit G\/SAE\/NPT\/M-Anschl\u00fcssen.<\/li>\n<li>Das Unternehmen ist nach ISO 9001:2000 f\u00fcr Qualit\u00e4tssicherung zertifiziert.<\/li>\n<li>Die Bohrungsgr\u00f6\u00dfe betr\u00e4gt 2-6 Zoll, die Pleuelstangengr\u00f6\u00dfe 1,125-4 Zoll und die Hubgr\u00f6\u00dfe 4-100 Zoll.<\/li>\n<\/ul>\n<p><img loading=\"lazy\" decoding=\"async\" class=\"alignnone wp-image-6717\" src=\"https:\/\/fmp-components.com\/wp-content\/uploads\/2025\/03\/hydraulic-cylinder-211.webp\" alt=\"Hydraulik-Zylinder\" width=\"937\" height=\"939\" title=\"\" srcset=\"https:\/\/fmp-components.com\/wp-content\/uploads\/2025\/03\/hydraulic-cylinder-211.webp 937w, https:\/\/fmp-components.com\/wp-content\/uploads\/2025\/03\/hydraulic-cylinder-211-480x481.webp 480w\" sizes=\"(min-width: 0px) and (max-width: 480px) 480px, (min-width: 481px) 937px, 100vw\" \/><\/p>\n<h2>Technische Spezifikationen<\/h2>\n<table style=\"width: 100.445%;\" border=\"\">\n<tbody>\n<tr>\n<th style=\"width: 42.9185%;\">Produktname<\/th>\n<td style=\"width: 348.927%;\">Teleskopzylinder<\/td>\n<\/tr>\n<tr>\n<th style=\"width: 42.9185%;\">Zertifizierung<\/th>\n<td style=\"width: 348.927%;\">ISO9001:2000<\/td>\n<\/tr>\n<tr>\n<th style=\"width: 42.9185%;\">Bohrungsgr\u00f6\u00dfe<\/th>\n<td style=\"width: 348.927%;\">2-6 Zoll<\/td>\n<\/tr>\n<tr>\n<th style=\"width: 42.9185%;\">Stangengr\u00f6\u00dfe<\/th>\n<td style=\"width: 348.927%;\">1,125-4 Zoll<\/td>\n<\/tr>\n<tr>\n<th style=\"width: 42.9185%;\">Strichgr\u00f6\u00dfe<\/th>\n<td style=\"width: 348.927%;\">4-100 Zoll<\/td>\n<\/tr>\n<tr>\n<th style=\"width: 42.9185%;\">Pin-Gr\u00f6\u00dfe<\/th>\n<td style=\"width: 348.927%;\">0,5-2 Zoll<\/td>\n<\/tr>\n<tr>\n<th style=\"width: 42.9185%;\">H\u00e4fen<\/th>\n<td style=\"width: 348.927%;\">G\/SAE\/NPT\/M<\/td>\n<\/tr>\n<\/tbody>\n<\/table>\n<h2>Einzigartige Funktionen und Vorteile<\/h2>\n<p>Unser Hydraulikzylinder zeichnet sich durch seine bemerkenswerte Energieeffizienz, hohe Leistung und robuste Sicherheitsmerkmale aus und ist damit die ideale Wahl f\u00fcr vielf\u00e4ltige Anwendungen. Seine Konstruktion minimiert den Energieverbrauch bei gleichzeitig maximaler Leistung, was nicht nur die Betriebskosten senkt, sondern auch die Umweltbelastung reduziert. Dank seiner hohen Leistungsf\u00e4higkeit bew\u00e4ltigt unser Hydraulikzylinder anspruchsvolle Aufgaben pr\u00e4zise und kraftvoll und eignet sich daher perfekt f\u00fcr Anwendungen, die Zuverl\u00e4ssigkeit und Stabilit\u00e4t erfordern.<\/p>\n<p>Neben diesen Vorteilen erm\u00f6glicht die Vielseitigkeit unseres Hydraulikzylinders seinen Einsatz in einer breiten Palette von Branchen. Ob im Bauwesen, in der Landwirtschaft, im Transportwesen oder in der Fertigung \u2013 dieser Hydraulikzylinder l\u00e4sst sich an spezifische Betriebsanforderungen anpassen. Seine Kompatibilit\u00e4t mit verschiedenen Systemen und Ger\u00e4ten steigert seine Attraktivit\u00e4t zus\u00e4tzlich und bietet Anwendern eine zuverl\u00e4ssige L\u00f6sung f\u00fcr ihre Hydraulikanforderungen.<\/p>\n<h2>Hydraulische Systeme und Funktionsprinzipien<\/h2>\n<p>Unser Hydraulikzylinder arbeitet nach dem Grundprinzip der Druckhydraulik, die f\u00fcr die Krafterzeugung und Bewegungserzeugung unerl\u00e4sslich ist. Wird Hydraulikfl\u00fcssigkeit in den Zylinder gepumpt, entsteht ein Druck, der auf den Kolben im Inneren wirkt. Dieser Druck bewirkt die Bewegung des Kolbens und wandelt so hydraulische Energie in mechanische Energie um.<\/p>\n<p>Als integraler Bestandteil des Hydrauliksystems spielt der Hydraulikzylinder eine entscheidende Rolle bei der kontrollierten Bewegung und Krafterzeugung. Dieser effiziente Kraft\u00fcbertragungsprozess erm\u00f6glicht die pr\u00e4zise Handhabung schwerer Lasten und Maschinen und macht Hydrauliksysteme in vielf\u00e4ltigen Anwendungen unverzichtbar. Der zuverl\u00e4ssige Betrieb unseres Hydraulikzylinders tr\u00e4gt zur Gesamteffizienz und Effektivit\u00e4t der Hydrauliksysteme bei, in denen er eingesetzt wird.<\/p>\n<h2>Anwendungsszenarien<\/h2>\n<p>Dieser Hydraulikzylinder eignet sich ideal f\u00fcr den Einsatz in Muldenkippern und kleineren Lkw mit hohem Hub- und Ladebedarf. In Muldenkippern liefert er die notwendige Kraft zum Heben und Senken der Ladefl\u00e4che und erm\u00f6glicht so das effiziente Entladen von Materialien wie Kies, Sand und Bauschutt. Seine robuste Konstruktion gew\u00e4hrleistet, dass er die im Bau- und Transportwesen typischen schweren Lasten ohne Kompromisse bei Sicherheit und Leistung bew\u00e4ltigt.<\/p>\n<p>Dar\u00fcber hinaus verbessert der Hydraulikzylinder bei kleinen Lkw die Transport- und Handhabungsleistung bei schweren Lasten und ist somit eine entscheidende Komponente f\u00fcr Materialumschlag und Logistik. Ob Heben, Neigen oder Senken \u2013 unser Hydraulikzylinder tr\u00e4gt zum reibungslosen Betrieb dieser Fahrzeuge bei und gew\u00e4hrleistet deren effiziente Leistung auch unter anspruchsvollen Bedingungen.<\/p>\n<h2>FAQs<\/h2>\n<p><strong>F: Wie lange ist die Lieferzeit? <\/strong><br \/>\nA: Die allgemeine Lieferzeit betr\u00e4gt 25\u201335 Tage.<\/p>\n<p><strong>F: Stellen Sie Muster zur Verf\u00fcgung? <\/strong><br \/>\nA: Ja, wir stellen Muster zur Verf\u00fcgung, aber diese sind nicht kostenlos.<\/p>\n<p><strong>F: K\u00f6nnen Sie gem\u00e4\u00df den Mustern produzieren? <\/strong><br \/>\nA: Ja, wir k\u00f6nnen anhand Ihrer Muster oder technischen Zeichnungen produzieren. Wir k\u00f6nnen die Formen und Vorrichtungen bauen.<\/p>\n<p><img loading=\"lazy\" decoding=\"async\" class=\"alignnone wp-image-6665\" src=\"https:\/\/fmp-components.com\/wp-content\/uploads\/2025\/03\/telescopic-hydraulic-cylinder-9.webp\" alt=\"Teleskop-Hydraulikzylinder\" width=\"900\" height=\"900\" title=\"\" srcset=\"https:\/\/fmp-components.com\/wp-content\/uploads\/2025\/03\/telescopic-hydraulic-cylinder-9.webp 900w, https:\/\/fmp-components.com\/wp-content\/uploads\/2025\/03\/telescopic-hydraulic-cylinder-9-480x480.webp 480w\" sizes=\"(min-width: 0px) and (max-width: 480px) 480px, (min-width: 481px) 900px, 100vw\" \/><\/p>\n<h3>\u00dcber FMP<\/h3>\n<p>FMP ist ein f\u00fchrender italienischer Hersteller, der sich auf die Konstruktion, Entwicklung und Produktion hochwertiger Hydraulikzylinder spezialisiert hat. Dank unserer jahrzehntelangen Erfahrung verbinden wir italienische Handwerkskunst nahtlos mit modernster Technologie und liefern au\u00dfergew\u00f6hnliche Hydraulikl\u00f6sungen, die auf die vielf\u00e4ltigen Bed\u00fcrfnisse unserer weltweiten Kundschaft zugeschnitten sind. Mit Sitz in Italien \u2013 einem Zentrum technischer Exzellenz \u2013 hat sich FMP als vertrauensw\u00fcrdiger Name in der Hydraulikbranche etabliert und bietet zuverl\u00e4ssige, langlebige und innovative Produkte, die Unternehmen weltweit unterst\u00fctzen.<\/p>\n<p>Unser Unternehmen verbindet fortschrittliche Fertigungstraditionen mit einem zukunftsorientierten Ansatz. Dank unserer umfassenden Erfahrung mit Hydrauliksystemen hat sich FMP zu einem modernen Unternehmen entwickelt, das sich durch herausragende Leistungen in Forschung, Design und Produktion auszeichnet. Wir bieten eine breite Palette an Hydraulikzylindern, darunter doppeltwirkende Zylinder, Hubzylinder f\u00fcr Kraftfahrzeuge, Zylinder f\u00fcr Landmaschinen sowie ma\u00dfgeschneiderte L\u00f6sungen f\u00fcr verschiedene industrielle Anwendungen. Egal in welcher Branche \u2013 ob Bauwesen, Industrieanlagen, Landwirtschaft oder Schwermaschinenbau \u2013 unsere Hydraulikzylinder sind f\u00fcr den Einsatz unter anspruchsvollsten Bedingungen ausgelegt und gew\u00e4hrleisten Sicherheit, Effizienz und Langlebigkeit.<\/p>\n<p><img loading=\"lazy\" decoding=\"async\" class=\"alignnone size-full wp-image-6720\" src=\"https:\/\/fmp-components.com\/wp-content\/uploads\/2025\/03\/hydraulic-cylinder-8.webp\" alt=\"Teleskop-Hydraulikzylinder\" width=\"933\" height=\"526\" title=\"\" srcset=\"https:\/\/fmp-components.com\/wp-content\/uploads\/2025\/03\/hydraulic-cylinder-8.webp 933w, https:\/\/fmp-components.com\/wp-content\/uploads\/2025\/03\/hydraulic-cylinder-8-480x271.webp 480w\" sizes=\"(min-width: 0px) and (max-width: 480px) 480px, (min-width: 481px) 933px, 100vw\" \/><\/p>\n<p>Wir bei FMP sind stolz auf unsere hochmodernen Produktionsanlagen, die mit Pr\u00e4zisionsmaschinen und fortschrittlichen Pr\u00fcfsystemen ausgestattet sind. Unsere Fertigungsprozesse erf\u00fcllen strenge nationale und internationale Standards und gew\u00e4hrleisten h\u00f6chste Qualit\u00e4t und Zuverl\u00e4ssigkeit f\u00fcr jeden produzierten Hydraulikzylinder. Unser qualifiziertes technisches Team und modernste Ausr\u00fcstung erm\u00f6glichen uns eine strenge Qualit\u00e4tskontrolle in jeder Produktionsphase \u2013 von der Rohstoffauswahl bis zur Endkontrolle. Dieses Engagement f\u00fcr Spitzenleistungen hat uns Zertifizierungen und Anerkennungen von Branchenbeh\u00f6rden eingebracht und unseren Ruf als zuverl\u00e4ssiger Partner weiter gefestigt.<\/p>\n<p>Unsere Mission ist klar und ambitioniert: Wir m\u00f6chten unseren Kunden Hydraulikzylinder liefern, die ihre Erwartungen in puncto Leistung, Langlebigkeit und Wert \u00fcbertreffen. Professionalit\u00e4t, Integrit\u00e4t und Kundenorientierung stehen bei uns an erster Stelle. Durch Innovation und Pr\u00e4zision entwickeln wir unsere Produkte kontinuierlich weiter, um im Wettbewerb die Nase vorn zu behalten. Unser umfassendes Produktsortiment und unsere F\u00e4higkeit, ma\u00dfgeschneiderte L\u00f6sungen anzubieten, machen uns zur ersten Wahl f\u00fcr Unternehmen, die leistungsstarke Hydraulikzylinder suchen.<\/p>\n<p>FMP ist mehr als nur ein Hersteller; wir sind Ihr Partner f\u00fcr Ihren Erfolg. Wir wissen, dass unsere Kunden auf uns vertrauen, wenn es um Werkzeuge zur Steigerung von Produktivit\u00e4t und Sicherheit geht. Deshalb legen wir nicht nur Wert auf erstklassige Produkte, sondern auch auf au\u00dfergew\u00f6hnlichen Service. Von der Erstberatung bis zum After-Sales-Support arbeiten wir eng mit unseren Kunden zusammen, um sicherzustellen, dass ihre Bed\u00fcrfnisse professionell und sorgf\u00e4ltig erf\u00fcllt werden. Unsere wettbewerbsf\u00e4higen Preise und unser unerm\u00fcdliches Engagement f\u00fcr Qualit\u00e4t machen FMP zur intelligenten Wahl f\u00fcr Unternehmen, die in zuverl\u00e4ssige Hydraulikl\u00f6sungen investieren m\u00f6chten.<\/p>","protected":false},"excerpt":{"rendered":"<p>Quality Assurance Dump Truck Hydraulic Hoist Cylinder 4 Stage Small Dump Truck Hydraulic Cylinder Our 4 Stage Small Dump Truck hydraulic cylinder is a quality assured product that ensures optimal performance. It is a new product, launching in 2025, with a 1-year warranty. This hydraulic cylinder is designed for use in machinery repair shops, farms, [&hellip;]<\/p>","protected":false},"featured_media":6695,"comment_status":"closed","ping_status":"closed","template":"","meta":{"_et_pb_use_builder":"","_et_pb_old_content":"","_et_gb_content_width":""},"product_brand":[],"product_cat":[103],"product_tag":[34,105],"class_list":{"0":"post-6516","1":"product","2":"type-product","3":"status-publish","4":"has-post-thumbnail","6":"product_cat-telescopic-hydraulic-cylinders","7":"product_tag-hydraulic-cylinder","8":"product_tag-telescopic-hydraulic-cylinders","10":"first","11":"instock","12":"product-type-simple"},"_links":{"self":[{"href":"https:\/\/fmp-components.com\/de\/wp-json\/wp\/v2\/product\/6516","targetHints":{"allow":["GET"]}}],"collection":[{"href":"https:\/\/fmp-components.com\/de\/wp-json\/wp\/v2\/product"}],"about":[{"href":"https:\/\/fmp-components.com\/de\/wp-json\/wp\/v2\/types\/product"}],"replies":[{"embeddable":true,"href":"https:\/\/fmp-components.com\/de\/wp-json\/wp\/v2\/comments?post=6516"}],"wp:featuredmedia":[{"embeddable":true,"href":"https:\/\/fmp-components.com\/de\/wp-json\/wp\/v2\/media\/6695"}],"wp:attachment":[{"href":"https:\/\/fmp-components.com\/de\/wp-json\/wp\/v2\/media?parent=6516"}],"wp:term":[{"taxonomy":"product_brand","embeddable":true,"href":"https:\/\/fmp-components.com\/de\/wp-json\/wp\/v2\/product_brand?post=6516"},{"taxonomy":"product_cat","embeddable":true,"href":"https:\/\/fmp-components.com\/de\/wp-json\/wp\/v2\/product_cat?post=6516"},{"taxonomy":"product_tag","embeddable":true,"href":"https:\/\/fmp-components.com\/de\/wp-json\/wp\/v2\/product_tag?post=6516"}],"curies":[{"name":"wp","href":"https:\/\/api.w.org\/{rel}","templated":true}]}}