{"id":6514,"date":"2025-03-11T06:26:57","date_gmt":"2025-03-11T06:26:57","guid":{"rendered":"https:\/\/fmp-components.com\/product\/customized-telescopic-hydraulic-cylinders-multistage-hydraulic-cylinder-for-dump-trailer"},"modified":"2025-03-14T03:08:06","modified_gmt":"2025-03-14T03:08:06","slug":"customized-telescopic-hydraulic-cylinders-multistage-hydraulic-cylinder-for-dump-trailer","status":"publish","type":"product","link":"https:\/\/fmp-components.com\/de\/product\/customized-telescopic-hydraulic-cylinders-multistage-hydraulic-cylinder-for-dump-trailer\/","title":{"rendered":"Kundenspezifischer Teleskop-Hydraulikzylinder Mehrstufiger Hydraulikzylinder f\u00fcr Kippanh\u00e4nger"},"content":{"rendered":"<h2>Kundenspezifischer Teleskop-Hydraulikzylinder Mehrstufiger Hydraulikzylinder f\u00fcr Kippanh\u00e4nger<\/h2>\n<p>Entdecken Sie die Effizienz und Leistung unserer ma\u00dfgeschneiderten Teleskop-Hydraulikzylinder und mehrstufigen Hydraulikzylinder f\u00fcr Kippanh\u00e4nger. Dieses auf hohe Leistung und Langlebigkeit ausgelegte Produkt ist ein Muss f\u00fcr Branchen, die zuverl\u00e4ssige und robuste Hydraulikl\u00f6sungen ben\u00f6tigen.<\/p>\n<h3>Funktion und Bedeutung<\/h3>\n<p>Unser Hydraulikzylinder spielt eine entscheidende Rolle bei der Umwandlung von Fluidkraft in lineare mechanische Kraft und Bewegung. Er ist unverzichtbar f\u00fcr Anwendungen, die Schub-, Zug-, Hebe- und Senkbewegungen erfordern. Verlassen Sie sich auf unser Produkt f\u00fcr herausragenden Betrieb und maximale Produktivit\u00e4t.<\/p>\n<h3>Technische Spezifikationen<\/h3>\n<table style=\"width: 98.3734%;\" border=\"\">\n<tbody>\n<tr>\n<td style=\"width: 42.8571%;\"><i>Bohrungsgr\u00f6\u00dfe<\/i><\/td>\n<td style=\"width: 399.429%;\">2-6 Zoll<\/td>\n<\/tr>\n<tr>\n<td style=\"width: 42.8571%;\"><i>Stangengr\u00f6\u00dfe<\/i><\/td>\n<td style=\"width: 399.429%;\">1,125-4 Zoll<\/td>\n<\/tr>\n<tr>\n<td style=\"width: 42.8571%;\"><i>Strichgr\u00f6\u00dfe<\/i><\/td>\n<td style=\"width: 399.429%;\">4-100 Zoll<\/td>\n<\/tr>\n<tr>\n<td style=\"width: 42.8571%;\"><i>Pin-Gr\u00f6\u00dfe<\/i><\/td>\n<td style=\"width: 399.429%;\">0,5-2 Zoll<\/td>\n<\/tr>\n<tr>\n<td style=\"width: 42.8571%;\"><i>H\u00e4fen<\/i><\/td>\n<td style=\"width: 399.429%;\">G\/SAE\/NPT\/M<\/td>\n<\/tr>\n<\/tbody>\n<\/table>\n<h2>Einzigartige Funktionen und Vorteile<\/h2>\n<ul>\n<li>Energieeffizient: Unser Produkt ist auf optimale Leistung bei minimalem Energieverbrauch ausgelegt.<\/li>\n<li>Hochwirksam: Erwarten Sie hohe Effizienz und Produktivit\u00e4t mit unserem Hydraulikzylinder.<\/li>\n<li>Garantierte Sicherheit: Ihre Sicherheit hat f\u00fcr uns oberste Priorit\u00e4t. Unser Produkt wird nach den h\u00f6chsten Sicherheitsstandards entwickelt.<\/li>\n<\/ul>\n<h2>Hydraulische Systeme und ihre Funktionsprinzipien<\/h2>\n<p>Verstehen Sie die Prinzipien hydraulischer Systeme und wie unser Produkt in diese Systeme passt. Unser Hydraulikzylinder spielt eine entscheidende Rolle in der Mechanik hydraulischer Systeme und sorgt f\u00fcr effizienten Betrieb und maximale Leistung.<\/p>\n<p><img loading=\"lazy\" decoding=\"async\" class=\"alignnone size-full wp-image-6750\" src=\"https:\/\/fmp-components.com\/wp-content\/uploads\/2025\/03\/Telescopic-Hydraulic-Cylinders-107.webp\" alt=\"Teleskop-Hydraulikzylinder\" width=\"800\" height=\"800\" title=\"\" srcset=\"https:\/\/fmp-components.com\/wp-content\/uploads\/2025\/03\/Telescopic-Hydraulic-Cylinders-107.webp 800w, https:\/\/fmp-components.com\/wp-content\/uploads\/2025\/03\/Telescopic-Hydraulic-Cylinders-107-480x480.webp 480w\" sizes=\"(min-width: 0px) and (max-width: 480px) 480px, (min-width: 481px) 800px, 100vw\" \/><\/p>\n<h2>Anwendbare Anwendungsf\u00e4lle<\/h2>\n<p>Unsere Hydraulikzylinder finden in zahlreichen Branchen Anwendung, darunter in Maschinenreparaturwerkst\u00e4tten, auf landwirtschaftlichen Betrieben, im Energie- und Bergbausektor, im Maschinenbau und in Maschinenfabriken.<\/p>\n<h2>Hydraulikzylinder und Antriebseinheiten<\/h2>\n<p>Hydraulikzylinder und Antriebseinheiten sind unverzichtbare Komponenten hydraulischer Systeme. Ihr koordinierter Betrieb gew\u00e4hrleistet die breite Anwendung der Hydrauliktechnologie im industriellen Bereich und bietet zuverl\u00e4ssige Antriebs- und Steuerungsunterst\u00fctzung f\u00fcr verschiedene technische und mechanische Ger\u00e4te.<\/p>\n<h2>FAQs<\/h2>\n<p><b>F: Wie lange ist Ihre Lieferzeit?<\/b><br \/>\nA: Im Allgemeinen sind es 25\u201335 Tage.<\/p>\n<p><b>F: Stellen Sie Muster zur Verf\u00fcgung? Ist es kostenlos oder extra?<\/b><br \/>\nA: Ja, wir k\u00f6nnten die Probe anbieten, aber sie ist nicht kostenlos.<\/p>\n<p><b>F: K\u00f6nnen Sie gem\u00e4\u00df den Mustern produzieren?<\/b><br \/>\nA: Ja, wir k\u00f6nnen anhand Ihrer Muster oder technischen Zeichnungen produzieren. Wir k\u00f6nnen die Formen und Vorrichtungen bauen.<\/p>\n<h3>\u00dcber FMP<\/h3>\n<p class=\"break-words\">FMP ist ein f\u00fchrender italienischer Hersteller, der sich auf die Konstruktion, Entwicklung und Produktion hochwertiger Hydraulikzylinder spezialisiert hat. Mit unserer langj\u00e4hrigen Erfahrung verbinden wir italienische Handwerkskunst mit modernster Technologie, um au\u00dfergew\u00f6hnliche Hydraulikl\u00f6sungen zu liefern, die auf die vielf\u00e4ltigen Bed\u00fcrfnisse unserer weltweiten Kundschaft zugeschnitten sind. Mit Sitz in Italien, einem Zentrum der Ingenieurskunst, gilt FMP als vertrauensw\u00fcrdiger Name in der Hydraulikbranche und hat sich der Bereitstellung zuverl\u00e4ssiger, langlebiger und innovativer Produkte verschrieben, die Unternehmen weltweit unterst\u00fctzen.<\/p>\n<p class=\"break-words\">Unser Unternehmen verbindet die besten Fertigungstraditionen mit einem zukunftsorientierten Ansatz. Dank langj\u00e4hriger Erfahrung im Bereich Hydrauliksysteme hat sich FMP zu einem modernen Unternehmen entwickelt, das sich durch herausragende Leistungen in Forschung, Design und Produktion auszeichnet. Wir sind spezialisiert auf ein breites Spektrum an Hydraulikzylindern, darunter doppeltwirkende Zylinder, Automobil-Hubzylinder, Landmaschinenzylinder und ma\u00dfgeschneiderte L\u00f6sungen f\u00fcr verschiedene Industrieanwendungen. Ob f\u00fcr Bauwesen, Industrieanlagen, Landwirtschaft oder Schwermaschinen \u2013 unsere Hydraulikzylinder sind f\u00fcr h\u00e4rteste Bedingungen ausgelegt und gew\u00e4hrleisten Sicherheit, Effizienz und Langlebigkeit.<\/p>\n<p><img loading=\"lazy\" decoding=\"async\" class=\"alignnone size-full wp-image-6720\" src=\"https:\/\/fmp-components.com\/wp-content\/uploads\/2025\/03\/hydraulic-cylinder-8.webp\" alt=\"Teleskop-Hydraulikzylinder\" width=\"933\" height=\"526\" title=\"\" srcset=\"https:\/\/fmp-components.com\/wp-content\/uploads\/2025\/03\/hydraulic-cylinder-8.webp 933w, https:\/\/fmp-components.com\/wp-content\/uploads\/2025\/03\/hydraulic-cylinder-8-480x271.webp 480w\" sizes=\"(min-width: 0px) and (max-width: 480px) 480px, (min-width: 481px) 933px, 100vw\" \/><\/p>\n<p class=\"break-words\">Bei FMP sind wir stolz auf unsere hochmodernen Produktionsanlagen, die mit Pr\u00e4zisionsmaschinen und fortschrittlichen Pr\u00fcfsystemen ausgestattet sind. Unsere Fertigungsprozesse entsprechen strengen nationalen und internationalen Standards und gew\u00e4hrleisten, dass jeder Hydraulikzylinder, der unser Werk verl\u00e4sst, von h\u00f6chster Qualit\u00e4t und Zuverl\u00e4ssigkeit ist. Unser qualifiziertes technisches Team und modernste Ausr\u00fcstung erm\u00f6glichen uns eine strenge Qualit\u00e4tskontrolle in jeder Produktionsphase \u2013 von der Rohstoffauswahl bis zur Endkontrolle. Dieses Streben nach Exzellenz hat uns Zertifizierungen und Anerkennungen von Branchenbeh\u00f6rden eingebracht und unseren Ruf als zuverl\u00e4ssiger Partner weiter gefestigt.<\/p>\n<p class=\"break-words\">Unsere Mission ist einfach und doch ehrgeizig: Wir m\u00f6chten unseren Kunden Hydraulikzylinder liefern, die ihre Erwartungen in puncto Leistung, Langlebigkeit und Wert \u00fcbertreffen. Professionalit\u00e4t, Integrit\u00e4t und Kundenorientierung sind unsere Leitprinzipien. Durch Innovation und Pr\u00e4zision entwickeln wir unsere Produkte kontinuierlich weiter, um im Wettbewerb die Nase vorn zu behalten. Unser umfassendes Produktsortiment und unsere F\u00e4higkeit, ma\u00dfgeschneiderte L\u00f6sungen anzubieten, machen uns zur ersten Wahl f\u00fcr Unternehmen, die leistungsstarke Hydraulikzylinder suchen.<\/p>\n<p class=\"break-words\">FMP ist mehr als nur ein Hersteller \u2013 wir sind Ihr Partner f\u00fcr Ihren Erfolg. Wir wissen, dass unsere Kunden auf uns vertrauen, wenn es um Werkzeuge geht, die ihre Produktivit\u00e4t und Sicherheit steigern. Deshalb bieten wir nicht nur erstklassige Produkte, sondern auch hervorragenden Service. Von der ersten Beratung bis zum After-Sales-Support arbeiten wir eng mit unseren Kunden zusammen, um sicherzustellen, dass ihre Bed\u00fcrfnisse professionell und sorgf\u00e4ltig erf\u00fcllt werden. Unsere wettbewerbsf\u00e4higen Preise und unser unerm\u00fcdliches Engagement f\u00fcr Qualit\u00e4t machen FMP zur intelligenten Wahl f\u00fcr Unternehmen, die in zuverl\u00e4ssige Hydraulikl\u00f6sungen investieren m\u00f6chten.<\/p>","protected":false},"excerpt":{"rendered":"<p>Customized Telescopic Hydraulic Cylinders Multistage Hydraulic Cylinder For Dump Trailer Discover the efficiency and power of our Customized Telescopic Hydraulic Cylinders Multistage Hydraulic Cylinder for Dump Trailer. Designed for high performance and durability, this product is a must-have for industries that require reliable and robust hydraulic solutions. Function and Importance Our hydraulic cylinder serves a [&hellip;]<\/p>","protected":false},"featured_media":6809,"comment_status":"closed","ping_status":"closed","template":"","meta":{"_et_pb_use_builder":"","_et_pb_old_content":"","_et_gb_content_width":""},"product_brand":[],"product_cat":[103],"product_tag":[34,105],"class_list":{"0":"post-6514","1":"product","2":"type-product","3":"status-publish","4":"has-post-thumbnail","6":"product_cat-telescopic-hydraulic-cylinders","7":"product_tag-hydraulic-cylinder","8":"product_tag-telescopic-hydraulic-cylinders","10":"first","11":"instock","12":"product-type-simple"},"_links":{"self":[{"href":"https:\/\/fmp-components.com\/de\/wp-json\/wp\/v2\/product\/6514","targetHints":{"allow":["GET"]}}],"collection":[{"href":"https:\/\/fmp-components.com\/de\/wp-json\/wp\/v2\/product"}],"about":[{"href":"https:\/\/fmp-components.com\/de\/wp-json\/wp\/v2\/types\/product"}],"replies":[{"embeddable":true,"href":"https:\/\/fmp-components.com\/de\/wp-json\/wp\/v2\/comments?post=6514"}],"wp:featuredmedia":[{"embeddable":true,"href":"https:\/\/fmp-components.com\/de\/wp-json\/wp\/v2\/media\/6809"}],"wp:attachment":[{"href":"https:\/\/fmp-components.com\/de\/wp-json\/wp\/v2\/media?parent=6514"}],"wp:term":[{"taxonomy":"product_brand","embeddable":true,"href":"https:\/\/fmp-components.com\/de\/wp-json\/wp\/v2\/product_brand?post=6514"},{"taxonomy":"product_cat","embeddable":true,"href":"https:\/\/fmp-components.com\/de\/wp-json\/wp\/v2\/product_cat?post=6514"},{"taxonomy":"product_tag","embeddable":true,"href":"https:\/\/fmp-components.com\/de\/wp-json\/wp\/v2\/product_tag?post=6514"}],"curies":[{"name":"wp","href":"https:\/\/api.w.org\/{rel}","templated":true}]}}