{"id":6510,"date":"2025-03-11T06:26:57","date_gmt":"2025-03-11T06:26:57","guid":{"rendered":"https:\/\/fmp-components.com\/product\/guaranteed-quality-mini-dump-truck-hydraulic-cylinders-telescopic-hydraulic-cylinder"},"modified":"2025-03-18T01:06:37","modified_gmt":"2025-03-18T01:06:37","slug":"guaranteed-quality-mini-dump-truck-hydraulic-cylinders-telescopic-hydraulic-cylinder","status":"publish","type":"product","link":"https:\/\/fmp-components.com\/de\/product\/guaranteed-quality-mini-dump-truck-hydraulic-cylinders-telescopic-hydraulic-cylinder\/","title":{"rendered":"Garantierte Qualit\u00e4t Mini Dump Truck Hydraulikzylinder Teleskop Hydraulikzylinder"},"content":{"rendered":"<h2>Garantierte Qualit\u00e4t Mini Dump Truck Hydraulikzylinder Teleskop Hydraulikzylinder<\/h2>\n<p>Wir pr\u00e4sentieren unseren hochwertigen Teleskop-Hydraulikzylinder f\u00fcr Mini-Muldenkipper, ein neues Produkt f\u00fcr 2025. Bei diesem Produkt handelt es sich um einen Standard-Hydraulikzylinder vom Typ Plungerzylinder, der speziell f\u00fcr Maschinenreparaturwerkst\u00e4tten, landwirtschaftliche Betriebe, die Energie- und Bergbauindustrie sowie den Maschinenbau entwickelt wurde. Er besteht aus robustem Stahl und verf\u00fcgt \u00fcber ein mehrstufiges Design, das sich perfekt f\u00fcr Hochleistungsanwendungen eignet.<\/p>\n<h3>Einzigartige Funktionen und Vorteile<\/h3>\n<ul>\n<li><b>Energieeffizient:<\/b> Unser Hydraulikzylinder ist auf einen geringeren Stromverbrauch ausgelegt und somit effizienter und umweltfreundlicher.<\/li>\n<li><b>Hohe Leistung:<\/b> Mit einer maximalen Schubkraft von 3000 und einer maximalen Zugkraft von 20 Tonnen bietet es au\u00dfergew\u00f6hnliche Leistung f\u00fcr jede Aufgabe.<\/li>\n<li><b>Sicherheit:<\/b> Unser Produkt ist ISO9001:2000-zertifiziert, was seine Sicherheit und Zuverl\u00e4ssigkeit gew\u00e4hrleistet.<\/li>\n<\/ul>\n<h3>Technische Details<\/h3>\n<p>Unser Hydraulikzylinder hat einen Bohrungsdurchmesser von 2\u20136 Zoll, einen Stangendurchmesser von 1,125\u20134 Zoll und einen Hub von 4\u2013100 Zoll. Er verf\u00fcgt \u00fcber Anschl\u00fcsse von G\/SAE\/NPT\/M und eine Stiftgr\u00f6\u00dfe von 0,5\u20132 Zoll. All diese Eigenschaften gew\u00e4hrleisten seine Vielseitigkeit und Anpassungsf\u00e4higkeit in einer Vielzahl von Arbeitsszenarien.<\/p>\n<table style=\"width: 101.488%;\" border=\"\">\n<tbody>\n<tr>\n<td style=\"width: 42.9379%;\"><i>Bohrungsgr\u00f6\u00dfe<\/i><\/td>\n<td style=\"width: 481.921%;\">2-6 Zoll<\/td>\n<\/tr>\n<tr>\n<td style=\"width: 42.9379%;\"><i>Stangengr\u00f6\u00dfe<\/i><\/td>\n<td style=\"width: 481.921%;\">1,125-4 Zoll<\/td>\n<\/tr>\n<tr>\n<td style=\"width: 42.9379%;\"><i>Strichgr\u00f6\u00dfe<\/i><\/td>\n<td style=\"width: 481.921%;\">4-100 Zoll<\/td>\n<\/tr>\n<tr>\n<td style=\"width: 42.9379%;\"><i>Pin-Gr\u00f6\u00dfe<\/i><\/td>\n<td style=\"width: 481.921%;\">0,5-2 Zoll<\/td>\n<\/tr>\n<tr>\n<td style=\"width: 42.9379%;\"><i>H\u00e4fen<\/i><\/td>\n<td style=\"width: 481.921%;\">G\/SAE\/NPT\/M<\/td>\n<\/tr>\n<\/tbody>\n<\/table>\n<h3>Hydrauliksystem und Arbeitsprinzip<\/h3>\n<p>Unsere Hydraulikzylinder arbeiten nach dem Grundprinzip der Druckfl\u00fcssigkeitsvervielfachung. Dieses System nutzt die Kraft der Hydraulikfl\u00fcssigkeit und erm\u00f6glicht so eine effiziente Kraft- und Bewegungs\u00fcbertragung. Durch den Einsatz von Druckfl\u00fcssigkeit k\u00f6nnen unsere Hydraulikzylinder die Kraftabgabe verst\u00e4rken und so anspruchsvolle Aufgaben m\u00fchelos und pr\u00e4zise ausf\u00fchren. Diese Konstruktion gew\u00e4hrleistet nicht nur konstante Leistung in verschiedenen Anwendungen, sondern unterstreicht auch h\u00f6chste Sicherheits- und Effizienzstandards. Das Hydrauliksystem ist sorgf\u00e4ltig konstruiert, um Energieverluste zu minimieren, die Produktivit\u00e4t zu maximieren und die Betriebssicherheit zu gew\u00e4hrleisten. Damit ist es ein unverzichtbarer Bestandteil moderner Industriemaschinen.<\/p>\n<p><img loading=\"lazy\" decoding=\"async\" class=\"alignnone wp-image-6657\" src=\"https:\/\/fmp-components.com\/wp-content\/uploads\/2025\/03\/telescopic-hydraulic-cylinder-3.webp\" alt=\"Teleskop-Hydraulikzylinder\" width=\"917\" height=\"917\" title=\"\" srcset=\"https:\/\/fmp-components.com\/wp-content\/uploads\/2025\/03\/telescopic-hydraulic-cylinder-3.webp 917w, https:\/\/fmp-components.com\/wp-content\/uploads\/2025\/03\/telescopic-hydraulic-cylinder-3-480x480.webp 480w\" sizes=\"(min-width: 0px) and (max-width: 480px) 480px, (min-width: 481px) 917px, 100vw\" \/><\/p>\n<h3>Hydraulikzylinder und Antriebseinheiten<\/h3>\n<p>Hydraulikzylinder und Antriebseinheiten sind integrale Bestandteile jedes Hydrauliksystems und sorgen durch ihr Zusammenspiel f\u00fcr optimale Leistung. Der Hydraulikzylinder fungiert als Aktuator und wandelt hydraulische Energie in mechanische Bewegung um. Er wandelt Druck in Kraft um und erm\u00f6glicht so die Ausf\u00fchrung vielf\u00e4ltiger Aufgaben, vom Heben und Dr\u00fccken bis hin zum Spannen und Drehen. Die Antriebseinheit hingegen fungiert als Herzst\u00fcck des Hydrauliksystems und liefert die f\u00fcr den Betrieb erforderliche Energie und Steuersignale. Sie erzeugt und regelt den Hydraulikfl\u00fcssigkeitsdruck und sorgt so f\u00fcr einen reibungslosen und effizienten Zylinderbetrieb.<\/p>\n<p>Der koordinierte Betrieb von Hydraulikzylinder und Antriebsaggregat ist entscheidend f\u00fcr den effektiven Einsatz von Hydrauliktechnologie in verschiedenen Branchen. Diese Synergie sorgt nicht nur f\u00fcr zuverl\u00e4ssige Stromversorgung und Steuerung von Maschinen und Anlagen, sondern steigert auch die Gesamteffizienz. Durch das reibungslose Zusammenspiel beider Komponenten kann das Hydrauliksystem komplexe Aufgaben pr\u00e4zise und zuverl\u00e4ssig ausf\u00fchren. FMP bietet Ihnen au\u00dferdem eine Reihe von Antriebsaggregaten zum Kauf an, die unsere Hydraulikzylinder erg\u00e4nzen und umfassende L\u00f6sungen f\u00fcr Ihre Hydrauliksystemanforderungen bieten. Unser Engagement f\u00fcr Qualit\u00e4t und Innovation garantiert Ihnen die effektivsten Produkte zur Verbesserung Ihrer Betriebsf\u00e4higkeiten.<\/p>\n<p><img loading=\"lazy\" decoding=\"async\" class=\"alignnone wp-image-6658\" src=\"https:\/\/fmp-components.com\/wp-content\/uploads\/2025\/03\/telescopic-hydraulic-cylinder-6.webp\" alt=\"Teleskop-Hydraulikzylinder\" width=\"929\" height=\"929\" title=\"\" srcset=\"https:\/\/fmp-components.com\/wp-content\/uploads\/2025\/03\/telescopic-hydraulic-cylinder-6.webp 929w, https:\/\/fmp-components.com\/wp-content\/uploads\/2025\/03\/telescopic-hydraulic-cylinder-6-480x480.webp 480w\" sizes=\"(min-width: 0px) and (max-width: 480px) 480px, (min-width: 481px) 929px, 100vw\" \/><\/p>\n<h2>FAQs<\/h2>\n<p><b>F: Sind Sie ein Handelsunternehmen oder Hersteller?<\/b><br \/>\nA: Wir sind eine Fabrik.<\/p>\n<p><b>F: Wie lange ist Ihre Lieferzeit?<\/b><br \/>\nA: Im Allgemeinen sind es 25\u201335 Tage.<\/p>\n<p><b>F: Stellen Sie Muster zur Verf\u00fcgung? Ist das kostenlos oder extra?<\/b><br \/>\nA: Ja, wir k\u00f6nnten die Probe anbieten, aber sie ist nicht kostenlos.<\/p>\n<h3>\u00dcber FMP<\/h3>\n<p class=\"break-words\">FMP ist ein f\u00fchrender italienischer Hersteller, der sich auf die Konstruktion, Entwicklung und Produktion hochwertiger Hydraulikzylinder spezialisiert hat. Mit unserer langj\u00e4hrigen Erfahrung verbinden wir italienische Handwerkskunst mit modernster Technologie, um au\u00dfergew\u00f6hnliche Hydraulikl\u00f6sungen zu liefern, die auf die vielf\u00e4ltigen Bed\u00fcrfnisse unserer weltweiten Kundschaft zugeschnitten sind. Mit Sitz in Italien, einem Zentrum der Ingenieurskunst, gilt FMP als vertrauensw\u00fcrdiger Name in der Hydraulikbranche und hat sich der Bereitstellung zuverl\u00e4ssiger, langlebiger und innovativer Produkte verschrieben, die Unternehmen weltweit unterst\u00fctzen.<\/p>\n<p class=\"break-words\">Unser Unternehmen verbindet die besten Fertigungstraditionen mit einem zukunftsorientierten Ansatz. Dank langj\u00e4hriger Erfahrung im Bereich Hydrauliksysteme hat sich FMP zu einem modernen Unternehmen entwickelt, das sich durch herausragende Leistungen in Forschung, Design und Produktion auszeichnet. Wir sind spezialisiert auf ein breites Spektrum an Hydraulikzylindern, darunter doppeltwirkende Zylinder, Automobil-Hubzylinder, Landmaschinenzylinder und ma\u00dfgeschneiderte L\u00f6sungen f\u00fcr verschiedene Industrieanwendungen. Ob f\u00fcr Bauwesen, Industrieanlagen, Landwirtschaft oder Schwermaschinen \u2013 unsere Hydraulikzylinder sind f\u00fcr h\u00e4rteste Bedingungen ausgelegt und gew\u00e4hrleisten Sicherheit, Effizienz und Langlebigkeit.<\/p>\n<p><img loading=\"lazy\" decoding=\"async\" class=\"alignnone size-full wp-image-6720\" src=\"https:\/\/fmp-components.com\/wp-content\/uploads\/2025\/03\/hydraulic-cylinder-8.webp\" alt=\"Teleskop-Hydraulikzylinder\" width=\"933\" height=\"526\" title=\"\" srcset=\"https:\/\/fmp-components.com\/wp-content\/uploads\/2025\/03\/hydraulic-cylinder-8.webp 933w, https:\/\/fmp-components.com\/wp-content\/uploads\/2025\/03\/hydraulic-cylinder-8-480x271.webp 480w\" sizes=\"(min-width: 0px) and (max-width: 480px) 480px, (min-width: 481px) 933px, 100vw\" \/><\/p>\n<p class=\"break-words\">Bei FMP sind wir stolz auf unsere hochmodernen Produktionsanlagen, die mit Pr\u00e4zisionsmaschinen und fortschrittlichen Pr\u00fcfsystemen ausgestattet sind. Unsere Fertigungsprozesse entsprechen strengen nationalen und internationalen Standards und gew\u00e4hrleisten, dass jeder Hydraulikzylinder, der unser Werk verl\u00e4sst, von h\u00f6chster Qualit\u00e4t und Zuverl\u00e4ssigkeit ist. Unser qualifiziertes technisches Team und modernste Ausr\u00fcstung erm\u00f6glichen uns eine strenge Qualit\u00e4tskontrolle in jeder Produktionsphase \u2013 von der Rohstoffauswahl bis zur Endkontrolle. Dieses Streben nach Exzellenz hat uns Zertifizierungen und Anerkennungen von Branchenbeh\u00f6rden eingebracht und unseren Ruf als zuverl\u00e4ssiger Partner weiter gefestigt.<\/p>\n<p class=\"break-words\">Unsere Mission ist einfach und doch ehrgeizig: Wir m\u00f6chten unseren Kunden Hydraulikzylinder liefern, die ihre Erwartungen in puncto Leistung, Langlebigkeit und Wert \u00fcbertreffen. Professionalit\u00e4t, Integrit\u00e4t und Kundenorientierung sind unsere Leitprinzipien. Durch Innovation und Pr\u00e4zision entwickeln wir unsere Produkte kontinuierlich weiter, um im Wettbewerb die Nase vorn zu behalten. Unser umfassendes Produktsortiment und unsere F\u00e4higkeit, ma\u00dfgeschneiderte L\u00f6sungen anzubieten, machen uns zur ersten Wahl f\u00fcr Unternehmen, die leistungsstarke Hydraulikzylinder suchen.<\/p>\n<p class=\"break-words\">FMP ist mehr als nur ein Hersteller \u2013 wir sind Ihr Partner f\u00fcr Ihren Erfolg. Wir wissen, dass unsere Kunden auf uns vertrauen, wenn es um Werkzeuge geht, die ihre Produktivit\u00e4t und Sicherheit steigern. Deshalb bieten wir nicht nur erstklassige Produkte, sondern auch hervorragenden Service. Von der ersten Beratung bis zum After-Sales-Support arbeiten wir eng mit unseren Kunden zusammen, um sicherzustellen, dass ihre Bed\u00fcrfnisse professionell und sorgf\u00e4ltig erf\u00fcllt werden. Unsere wettbewerbsf\u00e4higen Preise und unser unerm\u00fcdliches Engagement f\u00fcr Qualit\u00e4t machen FMP zur intelligenten Wahl f\u00fcr Unternehmen, die in zuverl\u00e4ssige Hydraulikl\u00f6sungen investieren m\u00f6chten.<\/p>","protected":false},"excerpt":{"rendered":"<p>Guaranteed Quality Mini Dump Truck Hydraulic Cylinders Telescopic Hydraulic Cylinder Introducing our top-quality Mini Dump Truck Hydraulic Cylinders Telescopic Hydraulic Cylinder, a new product for 2025. This product is a standard, plunger cylinder type hydraulic cylinder, designed specifically for the Machinery Repair Shops, Farms, Energy &amp; Mining, and Machinery Manufacturing industries. It\u2019s made from robust [&hellip;]<\/p>","protected":false},"featured_media":6685,"comment_status":"closed","ping_status":"closed","template":"","meta":{"_et_pb_use_builder":"","_et_pb_old_content":"","_et_gb_content_width":""},"product_brand":[],"product_cat":[103],"product_tag":[34,105],"class_list":{"0":"post-6510","1":"product","2":"type-product","3":"status-publish","4":"has-post-thumbnail","6":"product_cat-telescopic-hydraulic-cylinders","7":"product_tag-hydraulic-cylinder","8":"product_tag-telescopic-hydraulic-cylinders","10":"first","11":"instock","12":"product-type-simple"},"_links":{"self":[{"href":"https:\/\/fmp-components.com\/de\/wp-json\/wp\/v2\/product\/6510","targetHints":{"allow":["GET"]}}],"collection":[{"href":"https:\/\/fmp-components.com\/de\/wp-json\/wp\/v2\/product"}],"about":[{"href":"https:\/\/fmp-components.com\/de\/wp-json\/wp\/v2\/types\/product"}],"replies":[{"embeddable":true,"href":"https:\/\/fmp-components.com\/de\/wp-json\/wp\/v2\/comments?post=6510"}],"wp:featuredmedia":[{"embeddable":true,"href":"https:\/\/fmp-components.com\/de\/wp-json\/wp\/v2\/media\/6685"}],"wp:attachment":[{"href":"https:\/\/fmp-components.com\/de\/wp-json\/wp\/v2\/media?parent=6510"}],"wp:term":[{"taxonomy":"product_brand","embeddable":true,"href":"https:\/\/fmp-components.com\/de\/wp-json\/wp\/v2\/product_brand?post=6510"},{"taxonomy":"product_cat","embeddable":true,"href":"https:\/\/fmp-components.com\/de\/wp-json\/wp\/v2\/product_cat?post=6510"},{"taxonomy":"product_tag","embeddable":true,"href":"https:\/\/fmp-components.com\/de\/wp-json\/wp\/v2\/product_tag?post=6510"}],"curies":[{"name":"wp","href":"https:\/\/api.w.org\/{rel}","templated":true}]}}