{"id":6507,"date":"2025-03-11T06:26:57","date_gmt":"2025-03-11T06:26:57","guid":{"rendered":"https:\/\/fmp-components.com\/product\/high-quality-small-hydraulic-cylinder-telescopic-hydraulic-cylinder-for-dump-truck"},"modified":"2025-03-17T08:57:58","modified_gmt":"2025-03-17T08:57:58","slug":"high-quality-small-hydraulic-cylinder-telescopic-hydraulic-cylinder-for-dump-truck","status":"publish","type":"product","link":"https:\/\/fmp-components.com\/de\/product\/high-quality-small-hydraulic-cylinder-telescopic-hydraulic-cylinder-for-dump-truck\/","title":{"rendered":"Hochwertiger kleiner Hydraulikzylinder Teleskop-Hydraulikzylinder f\u00fcr Muldenkipper"},"content":{"rendered":"<h2>Hochwertiger kleiner Hydraulikzylinder Teleskop-Hydraulikzylinder f\u00fcr Muldenkipper<\/h2>\n<p>Unser hochwertiger kleiner Hydraulikzylinder ist ein Standardprodukt von FMP, einem f\u00fchrenden Hersteller in der Hydraulikmaschinenindustrie. FMP hat seinen Sitz in Italien. Dieser speziell f\u00fcr Muldenkipper entwickelte Teleskop-Hydraulikzylinder zeichnet sich durch seine erstklassige Qualit\u00e4t und zuverl\u00e4ssige Leistung aus.<\/p>\n<h2>Funktion und Bedeutung<\/h2>\n<p>Dieser Teleskop-Hydraulikzylinder ist ein wichtiges Bauteil im Mechanismus von Muldenkippern. Er liefert die n\u00f6tige Kraft zum Heben und Senken der Mulde. Aus robustem Stahl gefertigt, h\u00e4lt er hohen Belastungen stand und ist verschlei\u00dffest, was eine lange Lebensdauer gew\u00e4hrleistet.<\/p>\n<h3>Produktspezifikationen<\/h3>\n<table style=\"width: 103.251%; height: 167px;\" border=\"\">\n<tbody>\n<tr>\n<td colspan=\"\" rowspan=\"\"><i>Bohrungsgr\u00f6\u00dfe<\/i><\/td>\n<td colspan=\"\" rowspan=\"\">2-6 Zoll<\/td>\n<\/tr>\n<tr>\n<td colspan=\"\" rowspan=\"\"><i>Stangengr\u00f6\u00dfe<\/i><\/td>\n<td colspan=\"\" rowspan=\"\">1,125-4 Zoll<\/td>\n<\/tr>\n<tr>\n<td colspan=\"\" rowspan=\"\"><i>Strichgr\u00f6\u00dfe<\/i><\/td>\n<td colspan=\"\" rowspan=\"\">4-100 Zoll<\/td>\n<\/tr>\n<tr>\n<td colspan=\"\" rowspan=\"\"><i>Pin-Gr\u00f6\u00dfe<\/i><\/td>\n<td colspan=\"\" rowspan=\"\">0,5-2 Zoll<\/td>\n<\/tr>\n<tr>\n<td colspan=\"\" rowspan=\"\"><i>H\u00e4fen<\/i><\/td>\n<td colspan=\"\" rowspan=\"\">G\/SAE\/NPT\/M<\/td>\n<\/tr>\n<\/tbody>\n<\/table>\n<h3>Einzigartige Funktionen und Vorteile<\/h3>\n<ul>\n<li>Energieeffizient: Unsere Hydraulikzylinder sind so konzipiert, dass sie weniger Strom verbrauchen und gleichzeitig maximale Leistung liefern.<\/li>\n<li>Hocheffizient: Dank der hohen Schub- und Zugkapazit\u00e4ten k\u00f6nnen sie schwere Aufgaben problemlos bew\u00e4ltigen.<\/li>\n<li>Sicher und zuverl\u00e4ssig: Die Verwendung hochwertiger Materialien und fortschrittlicher Fertigungstechniken gew\u00e4hrleisten die Sicherheit und Zuverl\u00e4ssigkeit unserer Produkte.<\/li>\n<\/ul>\n<p><img loading=\"lazy\" decoding=\"async\" class=\"alignnone wp-image-6664\" src=\"https:\/\/fmp-components.com\/wp-content\/uploads\/2025\/03\/telescopic-hydraulic-cylinder-8.webp\" alt=\"Teleskop-Hydraulikzylinder\" width=\"941\" height=\"941\" title=\"\" srcset=\"https:\/\/fmp-components.com\/wp-content\/uploads\/2025\/03\/telescopic-hydraulic-cylinder-8.webp 941w, https:\/\/fmp-components.com\/wp-content\/uploads\/2025\/03\/telescopic-hydraulic-cylinder-8-480x480.webp 480w\" sizes=\"(min-width: 0px) and (max-width: 480px) 480px, (min-width: 481px) 941px, 100vw\" \/><\/p>\n<h2>Hydraulische Systeme und Funktionsprinzipien<\/h2>\n<p>Unsere Hydraulikzylinder basieren auf dem Grundprinzip, unter Druck stehende Hydraulikfl\u00fcssigkeit zur Erzeugung linearer Kraft und Bewegung zu nutzen. Dieser Mechanismus ist entscheidend f\u00fcr Anwendungen, die starke und pr\u00e4zise Schub- oder Zugkr\u00e4fte erfordern. Wenn Hydraulikfl\u00fcssigkeit unter Druck gesetzt und in den Zylinder geleitet wird, erzeugt sie eine starke Kraft, die schwere Lasten bewegen oder komplexe Aufgaben mit bemerkenswerter Pr\u00e4zision ausf\u00fchren kann. Diese F\u00e4higkeit, hydraulische Energie in mechanische Bewegung umzuwandeln, macht unsere Hydraulikzylinder in einer Vielzahl von Industrieumgebungen unverzichtbar, in denen Effizienz und Pr\u00e4zision an erster Stelle stehen.<\/p>\n<h2>Anwendungen<\/h2>\n<p>Diese Hydraulikzylinder finden in zahlreichen Branchen breite Anwendung und beweisen ihre Vielseitigkeit und Zuverl\u00e4ssigkeit. In Maschinenreparaturwerkst\u00e4tten erleichtern sie das Heben und Positionieren schwerer Ger\u00e4te und erm\u00f6glichen Technikern eine sichere und effektive Reparatur. In landwirtschaftlichen Betrieben verbessern Hydraulikzylinder die Funktionalit\u00e4t landwirtschaftlicher Maschinen wie Traktoren und Erntemaschinen und erm\u00f6glichen eine effiziente Handhabung von Materialien und Feldfr\u00fcchten. Auch die Energie- und Bergbaubranche profitiert von der robusten Konstruktion dieser Zylinder, da sie den anspruchsvollen Umgebungen standhalten, die mit Schwerlastarbeiten wie dem Heben und Transportieren von Materialien einhergehen. Im Maschinenbau und in Maschinenfabriken spielen unsere Hydraulikzylinder eine entscheidende Rolle in Flie\u00dfb\u00e4ndern und Produktionsprozessen, da sie die n\u00f6tige Kraft f\u00fcr verschiedene Aufgaben bereitstellen, vom Bewegen von Komponenten bis zum Betreiben von Pressen.<\/p>\n<h2>Hydraulikzylinder und Antriebseinheiten<\/h2>\n<p>Hydraulikzylinder und -aggregate sind wesentliche Bestandteile jedes Hydrauliksystems. Ihre Integration ist entscheidend f\u00fcr den effektiven Einsatz der Hydrauliktechnologie in der Industrie und gew\u00e4hrleistet die zuverl\u00e4ssige Stromversorgung und Steuerung verschiedener technischer und mechanischer Ger\u00e4te. Der Hydraulikzylinder fungiert als Antrieb und wandelt die vom Aggregat bereitgestellte hydraulische Energie in mechanische Bewegung um. Gleichzeitig dient das Aggregat als Energiequelle und erzeugt und reguliert den f\u00fcr den Betrieb erforderlichen Hydraulikfl\u00fcssigkeitsdruck.<\/p>\n<p>Wir bei FMP wissen um die Bedeutung dieser Komponenten f\u00fcr effiziente Hydrauliksysteme und bieten daher auch verschiedene Antriebseinheiten zum Kauf an. Mit unserem Angebot an Hydraulikzylindern und Antriebseinheiten bieten wir Ihnen umfassende L\u00f6sungen f\u00fcr alle Hydraulikanforderungen. Unser Engagement f\u00fcr Qualit\u00e4t und Leistung garantiert Ihnen Produkte, die die Produktivit\u00e4t und Zuverl\u00e4ssigkeit Ihres Betriebs steigern \u2013 unabh\u00e4ngig von der Branche.<\/p>\n<p><img loading=\"lazy\" decoding=\"async\" class=\"alignnone wp-image-6663\" src=\"https:\/\/fmp-components.com\/wp-content\/uploads\/2025\/03\/telescopic-hydraulic-cylinder-11.webp\" alt=\"Teleskop-Hydraulikzylinder\" width=\"906\" height=\"906\" title=\"\" srcset=\"https:\/\/fmp-components.com\/wp-content\/uploads\/2025\/03\/telescopic-hydraulic-cylinder-11.webp 906w, https:\/\/fmp-components.com\/wp-content\/uploads\/2025\/03\/telescopic-hydraulic-cylinder-11-480x480.webp 480w\" sizes=\"(min-width: 0px) and (max-width: 480px) 480px, (min-width: 481px) 906px, 100vw\" \/><\/p>\n<h2>H\u00e4ufig gestellte Fragen<\/h2>\n<p><b>F: Wie lange ist Ihre Lieferzeit?<\/b><br \/>\nA: Im Allgemeinen sind es 25\u201335 Tage.<\/p>\n<p><b>F: Stellen Sie Muster zur Verf\u00fcgung? Ist es kostenlos oder extra?<\/b><br \/>\nA: Ja, wir k\u00f6nnten die Probe anbieten, aber sie ist nicht kostenlos.<\/p>\n<p><b>F: K\u00f6nnen Sie gem\u00e4\u00df den Mustern produzieren?<\/b><br \/>\nA: Ja, wir k\u00f6nnen nach Ihren Mustern oder technischen Zeichnungen produzieren. Wir k\u00f6nnen die Formen und Vorrichtungen bauen.\u201c<\/p>\n<h3>\u00dcber FMP<\/h3>\n<p>FMP ist ein f\u00fchrender italienischer Hersteller, der f\u00fcr seine Expertise in der Konstruktion, Entwicklung und Produktion hochwertiger Hydraulikzylinder bekannt ist. Mit einem \u00fcber Jahrzehnte aufgebauten Erbe verbinden wir traditionelle italienische Handwerkskunst mit modernster Technologie, um au\u00dfergew\u00f6hnliche Hydraulikl\u00f6sungen zu schaffen, die den vielf\u00e4ltigen Anforderungen unserer weltweiten Kunden gerecht werden. Mit Sitz in Italien, einem Zentrum der technischen Exzellenz, hat sich FMP als vertrauensw\u00fcrdiger Name in der Hydraulikbranche etabliert und liefert zuverl\u00e4ssige, langlebige und innovative Produkte, die Unternehmen weltweit unterst\u00fctzen.<\/p>\n<p>Unser Unternehmen verbindet fortschrittliche Fertigungstraditionen mit einer fortschrittlichen Denkweise. Dank unserer umfassenden Erfahrung mit Hydrauliksystemen hat sich FMP zu einem modernen Unternehmen entwickelt, das sich durch herausragende Leistungen in Forschung, Design und Produktion auszeichnet. Wir bieten ein umfassendes Sortiment an Hydraulikzylindern, darunter doppeltwirkende Zylinder, Hubzylinder f\u00fcr Kraftfahrzeuge, Zylinder f\u00fcr Landmaschinen sowie ma\u00dfgeschneiderte L\u00f6sungen f\u00fcr verschiedene industrielle Anwendungen. Ob f\u00fcr Bauwesen, Industrieanlagen, Landwirtschaft oder Schwermaschinen \u2013 unsere Hydraulikzylinder sind f\u00fcr den Einsatz unter anspruchsvollsten Bedingungen ausgelegt und gew\u00e4hrleisten Sicherheit, Effizienz und Langlebigkeit.<\/p>\n<p>Wir bei FMP sind stolz auf unsere hochmodernen Produktionsanlagen, die mit Pr\u00e4zisionsmaschinen und fortschrittlichen Pr\u00fcfsystemen ausgestattet sind. Unsere Fertigungsprozesse entsprechen strengen nationalen und internationalen Standards und stellen sicher, dass jeder produzierte Hydraulikzylinder h\u00f6chste Qualit\u00e4ts- und Zuverl\u00e4ssigkeitsstandards erf\u00fcllt. Unser qualifiziertes technisches Team und die moderne Ausr\u00fcstung erm\u00f6glichen uns eine strenge Qualit\u00e4tskontrolle in jeder Produktionsphase \u2013 von der Rohstoffauswahl bis zur Endkontrolle. Dieses Engagement f\u00fcr Spitzenleistungen hat uns Zertifizierungen und Auszeichnungen von Branchenbeh\u00f6rden eingebracht und unseren Ruf als zuverl\u00e4ssiger Partner gest\u00e4rkt.<\/p>\n<p><img loading=\"lazy\" decoding=\"async\" class=\"alignnone size-full wp-image-6720\" src=\"https:\/\/fmp-components.com\/wp-content\/uploads\/2025\/03\/hydraulic-cylinder-8.webp\" alt=\"Teleskop-Hydraulikzylinder\" width=\"933\" height=\"526\" title=\"\" srcset=\"https:\/\/fmp-components.com\/wp-content\/uploads\/2025\/03\/hydraulic-cylinder-8.webp 933w, https:\/\/fmp-components.com\/wp-content\/uploads\/2025\/03\/hydraulic-cylinder-8-480x271.webp 480w\" sizes=\"(min-width: 0px) and (max-width: 480px) 480px, (min-width: 481px) 933px, 100vw\" \/><\/p>\n<p>Unsere Mission ist klar und zugleich ambitioniert: Wir m\u00f6chten unseren Kunden Hydraulikzylinder liefern, die ihre Erwartungen in Leistung, Haltbarkeit und Wert \u00fcbertreffen. Wir arbeiten auf der Grundlage von Professionalit\u00e4t, Integrit\u00e4t und Kundenorientierung. Durch die F\u00f6rderung einer Kultur der Innovation und Pr\u00e4zision verbessern wir unsere Produkte kontinuierlich und sichern so unseren Wettbewerbsvorteil. Unsere umfassende Produktpalette und die F\u00e4higkeit, ma\u00dfgeschneiderte L\u00f6sungen anzubieten, machen uns zur bevorzugten Wahl f\u00fcr Unternehmen, die leistungsstarke Hydraulikzylinder suchen.<\/p>\n<p>FMP ist mehr als nur ein Hersteller; wir sind Ihr Partner f\u00fcr Ihren Erfolg. Wir wissen, dass unsere Kunden sich auf uns verlassen, wenn es um Werkzeuge geht, die ihre Produktivit\u00e4t und Sicherheit steigern. Deshalb bieten wir nicht nur hochwertige Produkte, sondern auch hervorragenden Service. Von der ersten Beratung bis zum After-Sales-Support arbeiten wir eng mit unseren Kunden zusammen, um sicherzustellen, dass ihre Bed\u00fcrfnisse professionell und sorgf\u00e4ltig erf\u00fcllt werden. Unsere wettbewerbsf\u00e4higen Preise und unser unerm\u00fcdliches Engagement f\u00fcr Qualit\u00e4t machen FMP zur intelligenten Wahl f\u00fcr Unternehmen, die in zuverl\u00e4ssige Hydraulikl\u00f6sungen investieren m\u00f6chten.<\/p>","protected":false},"excerpt":{"rendered":"<p>High Quality Small Hydraulic Cylinder Telescopic Hydraulic Cylinder For Dump Truck Our High-Quality Small hydraulic cylinder is a standard and essential product from FMP, a leading manufacturer in the hydraulic machinery industry. FMP is based in Italy. This Telescopic Hydraulic Cylinder, specially designed for dump trucks, is a noteworthy product for its top-notch quality and [&hellip;]<\/p>","protected":false},"featured_media":6689,"comment_status":"closed","ping_status":"closed","template":"","meta":{"_et_pb_use_builder":"","_et_pb_old_content":"","_et_gb_content_width":""},"product_brand":[],"product_cat":[103],"product_tag":[34,105],"class_list":{"0":"post-6507","1":"product","2":"type-product","3":"status-publish","4":"has-post-thumbnail","6":"product_cat-telescopic-hydraulic-cylinders","7":"product_tag-hydraulic-cylinder","8":"product_tag-telescopic-hydraulic-cylinders","10":"first","11":"instock","12":"product-type-simple"},"_links":{"self":[{"href":"https:\/\/fmp-components.com\/de\/wp-json\/wp\/v2\/product\/6507","targetHints":{"allow":["GET"]}}],"collection":[{"href":"https:\/\/fmp-components.com\/de\/wp-json\/wp\/v2\/product"}],"about":[{"href":"https:\/\/fmp-components.com\/de\/wp-json\/wp\/v2\/types\/product"}],"replies":[{"embeddable":true,"href":"https:\/\/fmp-components.com\/de\/wp-json\/wp\/v2\/comments?post=6507"}],"wp:featuredmedia":[{"embeddable":true,"href":"https:\/\/fmp-components.com\/de\/wp-json\/wp\/v2\/media\/6689"}],"wp:attachment":[{"href":"https:\/\/fmp-components.com\/de\/wp-json\/wp\/v2\/media?parent=6507"}],"wp:term":[{"taxonomy":"product_brand","embeddable":true,"href":"https:\/\/fmp-components.com\/de\/wp-json\/wp\/v2\/product_brand?post=6507"},{"taxonomy":"product_cat","embeddable":true,"href":"https:\/\/fmp-components.com\/de\/wp-json\/wp\/v2\/product_cat?post=6507"},{"taxonomy":"product_tag","embeddable":true,"href":"https:\/\/fmp-components.com\/de\/wp-json\/wp\/v2\/product_tag?post=6507"}],"curies":[{"name":"wp","href":"https:\/\/api.w.org\/{rel}","templated":true}]}}