{"id":6502,"date":"2025-03-11T06:25:30","date_gmt":"2025-03-11T06:25:30","guid":{"rendered":"https:\/\/fmp-components.com\/product\/high-quality-small-dump-truck-double-acting-multistage-hydraulic-cylinder"},"modified":"2025-03-18T02:00:39","modified_gmt":"2025-03-18T02:00:39","slug":"high-quality-small-dump-truck-double-acting-multistage-hydraulic-cylinder","status":"publish","type":"product","link":"https:\/\/fmp-components.com\/de\/product\/high-quality-small-dump-truck-double-acting-multistage-hydraulic-cylinder\/","title":{"rendered":"Hochwertiger kleiner Muldenkipper, doppeltwirkend, mehrstufiger Hydraulikzylinder"},"content":{"rendered":"<h2>Hochwertiger kleiner Muldenkipper, doppeltwirkend, mehrstufiger Hydraulikzylinder<\/h2>\n<p>Wir pr\u00e4sentieren den hochwertigen, doppeltwirkenden Mehrstufen-Hydraulikzylinder f\u00fcr kleine Muldenkipper \u2013 ein zuverl\u00e4ssiges und effizientes Werkzeug zur Leistungssteigerung Ihrer Maschinen. Dieser Hydraulikzylinder ist f\u00fcr den harten Einsatz konzipiert und bietet optimale L\u00f6sungen f\u00fcr verschiedene Branchen wie Maschinenreparaturwerkst\u00e4tten, Landwirtschaft, Energie- und Bergbau, Maschinenbau und Maschinenbauunternehmen.<\/p>\n<h2>Produktspezifikationen<\/h2>\n<p>Der Hydraulikzylinder erf\u00fcllt alle g\u00e4ngigen Normen und zeichnet sich durch seine Kolbenkonstruktion und den hydraulischen Antrieb aus. Sein robustes Stahlgeh\u00e4use gew\u00e4hrleistet Langlebigkeit und Zuverl\u00e4ssigkeit. Die ISO 9001:2000-Zertifizierung unterstreicht die hohe Qualit\u00e4t und Leistungsf\u00e4higkeit dieses mehrstufigen Hydraulikzylinders.<\/p>\n<table style=\"width: 100.343%;\" border=\"\">\n<tbody>\n<tr>\n<th style=\"width: 43.5028%;\">Bohrungsgr\u00f6\u00dfe<\/th>\n<td style=\"width: 487.006%;\">2-6 Zoll<\/td>\n<\/tr>\n<tr>\n<th style=\"width: 43.5028%;\">Stangengr\u00f6\u00dfe<\/th>\n<td style=\"width: 487.006%;\">1,125-4 Zoll<\/td>\n<\/tr>\n<tr>\n<th style=\"width: 43.5028%;\">Strichgr\u00f6\u00dfe<\/th>\n<td style=\"width: 487.006%;\">4-100 Zoll<\/td>\n<\/tr>\n<tr>\n<th style=\"width: 43.5028%;\">Pin-Gr\u00f6\u00dfe<\/th>\n<td style=\"width: 487.006%;\">0,5-2 Zoll<\/td>\n<\/tr>\n<tr>\n<th style=\"width: 43.5028%;\">H\u00e4fen<\/th>\n<td style=\"width: 487.006%;\">G\/SAE\/NPT\/M<\/td>\n<\/tr>\n<\/tbody>\n<\/table>\n<h2>Hauptmerkmale und Vorteile<\/h2>\n<ul>\n<li>Energieeffizient<\/li>\n<li>Hohe Leistung<\/li>\n<li>Sicher und zuverl\u00e4ssig<\/li>\n<\/ul>\n<h2>Hydrauliksysteme und Funktionsprinzip<\/h2>\n<p>Unser Hydraulikzylinder wandelt Fl\u00fcssigkeitsdruck in mechanische Kraft um und bietet so ein un\u00fcbertroffenes Leistungsgewicht bei kompakter Bauweise. Diese \u00fcberlegene Technologie gew\u00e4hrleistet die gleichbleibende Leistung Ihrer Maschinen.<\/p>\n<p><img loading=\"lazy\" decoding=\"async\" class=\"alignnone wp-image-6659\" src=\"https:\/\/fmp-components.com\/wp-content\/uploads\/2025\/03\/telescopic-hydraulic-cylinder-12.webp\" alt=\"Teleskop-Hydraulikzylinder\" width=\"965\" height=\"965\" title=\"\" srcset=\"https:\/\/fmp-components.com\/wp-content\/uploads\/2025\/03\/telescopic-hydraulic-cylinder-12.webp 965w, https:\/\/fmp-components.com\/wp-content\/uploads\/2025\/03\/telescopic-hydraulic-cylinder-12-480x480.webp 480w\" sizes=\"(min-width: 0px) and (max-width: 480px) 480px, (min-width: 481px) 965px, 100vw\" \/><\/p>\n<h2>Hydraulikzylinder und Antriebseinheiten<\/h2>\n<p>Hydraulikzylinder und Hydraulikaggregate sind unverzichtbare Komponenten von Hydrauliksystemen. Ihr Zusammenspiel gew\u00e4hrleistet den breiten Einsatz der Hydrauliktechnik in verschiedenen Branchen und bietet zuverl\u00e4ssige Energieversorgung und Steuerung f\u00fcr unterschiedliche Maschinentypen. Bei FMP bieten wir neben unseren Hydraulikzylindern auch Hydraulikaggregate zum Verkauf an.<\/p>\n<h2>FAQs<\/h2>\n<p><b>F: Sind Sie ein Handelsunternehmen oder Hersteller?<\/b><br \/>\nA: Wir sind ein Hersteller.<\/p>\n<p><b>F: Wie lange ist Ihre Lieferzeit?<\/b><br \/>\nA: Im Allgemeinen betr\u00e4gt unsere Lieferzeit 25\u201335 Tage.<\/p>\n<p><b>F: Stellen Sie Muster zur Verf\u00fcgung?<\/b><br \/>\nA: Ja, wir stellen Muster zur Verf\u00fcgung, aber diese sind nicht kostenlos.<\/p>\n<h3>\u00dcber FMP<\/h3>\n<p>FMP ist ein f\u00fchrender italienischer Hersteller, der f\u00fcr seine Expertise in der Konstruktion, Entwicklung und Produktion hochwertiger Hydraulikzylinder bekannt ist. Dank unserer jahrzehntelangen Erfahrung verbinden wir italienische Handwerkskunst nahtlos mit modernster Technologie, um herausragende Hydraulikl\u00f6sungen zu liefern, die auf die vielf\u00e4ltigen Bed\u00fcrfnisse unserer globalen Kunden zugeschnitten sind. Mit Sitz in Italien, einem Zentrum der technischen Exzellenz, hat sich FMP als vertrauensw\u00fcrdiger Marktf\u00fchrer in der Hydraulikbranche etabliert und bietet zuverl\u00e4ssige, langlebige und innovative Produkte, die Unternehmen weltweit unterst\u00fctzen.<\/p>\n<p>Wir verbinden fortschrittliche Fertigungstraditionen mit einer zukunftsorientierten Perspektive. Dank unserer langj\u00e4hrigen Erfahrung im Bereich Hydrauliksysteme hat sich FMP zu einem modernen Unternehmen entwickelt, das in Forschung, Design und Produktion herausragend ist. Unsere Spezialisierung umfasst ein breites Spektrum an Hydraulikzylindern, darunter doppeltwirkende Zylinder, Automobil-Hubzylinder, Landmaschinenzylinder und ma\u00dfgeschneiderte L\u00f6sungen f\u00fcr vielf\u00e4ltige Industrieanwendungen. Ob f\u00fcr Bauwesen, Industrieanlagen, Landwirtschaft oder Schwermaschinen \u2013 unsere Hydraulikzylinder sind f\u00fcr h\u00f6chste Anspr\u00fcche ausgelegt und gew\u00e4hrleisten Sicherheit, Effizienz und Langlebigkeit.<\/p>\n<p><img loading=\"lazy\" decoding=\"async\" class=\"alignnone size-full wp-image-6720\" src=\"https:\/\/fmp-components.com\/wp-content\/uploads\/2025\/03\/hydraulic-cylinder-8.webp\" alt=\"Teleskop-Hydraulikzylinder\" width=\"933\" height=\"526\" title=\"\" srcset=\"https:\/\/fmp-components.com\/wp-content\/uploads\/2025\/03\/hydraulic-cylinder-8.webp 933w, https:\/\/fmp-components.com\/wp-content\/uploads\/2025\/03\/hydraulic-cylinder-8-480x271.webp 480w\" sizes=\"(min-width: 0px) and (max-width: 480px) 480px, (min-width: 481px) 933px, 100vw\" \/><\/p>\n<p>Bei FMP sind wir stolz auf unsere hochmodernen Produktionsanlagen, die mit Pr\u00e4zisionsmaschinen und fortschrittlichen Pr\u00fcfsystemen ausgestattet sind. Unsere Fertigungsprozesse entsprechen strengen nationalen und internationalen Standards und gew\u00e4hrleisten h\u00f6chste Qualit\u00e4t und Zuverl\u00e4ssigkeit f\u00fcr jeden produzierten Hydraulikzylinder. Unser qualifiziertes technisches Team und die moderne Ausr\u00fcstung erm\u00f6glichen uns eine strenge Qualit\u00e4tskontrolle in jeder Produktionsphase \u2013 von der Rohstoffauswahl bis zur Endkontrolle. Dieses Engagement f\u00fcr Spitzenleistungen hat uns Zertifizierungen und Anerkennungen von Branchenbeh\u00f6rden eingebracht und unseren Ruf als zuverl\u00e4ssiger Partner weiter gefestigt.<\/p>\n<p>Unsere Mission ist klar und zugleich ambitioniert: Hydraulikzylinder zu liefern, die die Erwartungen an Leistung, Haltbarkeit und Wert \u00fcbertreffen. Wir stehen f\u00fcr Professionalit\u00e4t, Integrit\u00e4t und Kundenorientierung. Durch Innovation und Pr\u00e4zision entwickeln wir unsere Produkte kontinuierlich weiter, um wettbewerbsf\u00e4hig zu bleiben. Unsere umfassende Produktpalette und die F\u00e4higkeit, ma\u00dfgeschneiderte L\u00f6sungen anzubieten, machen uns zur ersten Wahl f\u00fcr Unternehmen, die leistungsstarke Hydraulikzylinder ben\u00f6tigen.<\/p>\n<p>FMP ist mehr als nur ein Hersteller; wir sind Ihr Partner f\u00fcr Ihren Erfolg. Wir wissen, dass unsere Kunden auf uns vertrauen, wenn es um Werkzeuge zur Steigerung von Produktivit\u00e4t und Sicherheit geht. Deshalb legen wir nicht nur Wert auf hochwertige Produkte, sondern auch auf hervorragenden Service. Von der ersten Beratung bis zum After-Sales-Support arbeiten wir eng mit unseren Kunden zusammen, um sicherzustellen, dass ihre Bed\u00fcrfnisse professionell und sorgf\u00e4ltig erf\u00fcllt werden. Unsere wettbewerbsf\u00e4higen Preise und unser unerm\u00fcdliches Engagement f\u00fcr Qualit\u00e4t machen FMP zur besten Wahl f\u00fcr Unternehmen, die zuverl\u00e4ssige Hydraulikl\u00f6sungen suchen.<\/p>","protected":false},"excerpt":{"rendered":"<p>High Quality Small Dump Truck Double Acting Multistage Hydraulic Cylinder Introducing the High Quality Small Dump Truck Double Acting Multistage hydraulic cylinder, a reliable and efficient tool that enhances your machinery&#8217;s performance. This hydraulic cylinder is designed to withstand rigorous operations and provide optimal solutions for various industries such as machinery repair shops, farms, energy [&hellip;]<\/p>","protected":false},"featured_media":6675,"comment_status":"closed","ping_status":"closed","template":"","meta":{"_et_pb_use_builder":"","_et_pb_old_content":"","_et_gb_content_width":""},"product_brand":[],"product_cat":[103],"product_tag":[34,105],"class_list":{"0":"post-6502","1":"product","2":"type-product","3":"status-publish","4":"has-post-thumbnail","6":"product_cat-telescopic-hydraulic-cylinders","7":"product_tag-hydraulic-cylinder","8":"product_tag-telescopic-hydraulic-cylinders","10":"first","11":"instock","12":"product-type-simple"},"_links":{"self":[{"href":"https:\/\/fmp-components.com\/de\/wp-json\/wp\/v2\/product\/6502","targetHints":{"allow":["GET"]}}],"collection":[{"href":"https:\/\/fmp-components.com\/de\/wp-json\/wp\/v2\/product"}],"about":[{"href":"https:\/\/fmp-components.com\/de\/wp-json\/wp\/v2\/types\/product"}],"replies":[{"embeddable":true,"href":"https:\/\/fmp-components.com\/de\/wp-json\/wp\/v2\/comments?post=6502"}],"wp:featuredmedia":[{"embeddable":true,"href":"https:\/\/fmp-components.com\/de\/wp-json\/wp\/v2\/media\/6675"}],"wp:attachment":[{"href":"https:\/\/fmp-components.com\/de\/wp-json\/wp\/v2\/media?parent=6502"}],"wp:term":[{"taxonomy":"product_brand","embeddable":true,"href":"https:\/\/fmp-components.com\/de\/wp-json\/wp\/v2\/product_brand?post=6502"},{"taxonomy":"product_cat","embeddable":true,"href":"https:\/\/fmp-components.com\/de\/wp-json\/wp\/v2\/product_cat?post=6502"},{"taxonomy":"product_tag","embeddable":true,"href":"https:\/\/fmp-components.com\/de\/wp-json\/wp\/v2\/product_tag?post=6502"}],"curies":[{"name":"wp","href":"https:\/\/api.w.org\/{rel}","templated":true}]}}