{"id":6501,"date":"2025-03-11T06:25:30","date_gmt":"2025-03-11T06:25:30","guid":{"rendered":"https:\/\/fmp-components.com\/product\/low-price-multistage-hydraulic-cylinder-double-acting-for-dump-truck"},"modified":"2025-03-18T02:01:22","modified_gmt":"2025-03-18T02:01:22","slug":"low-price-multistage-hydraulic-cylinder-double-acting-for-dump-truck","status":"publish","type":"product","link":"https:\/\/fmp-components.com\/de\/product\/low-price-multistage-hydraulic-cylinder-double-acting-for-dump-truck\/","title":{"rendered":"Niedriger Preis Mehrstufige Hydraulische Zylinder Doppel Wirkenden F\u00fcr Dump"},"content":{"rendered":"<h2>Niedriger Preis Mehrstufige Hydraulische Zylinder Doppel Wirkenden F\u00fcr Dump<\/h2>\n<p>Wir stellen Ihnen unseren preisg\u00fcnstigen mehrstufigen Hydraulikzylinder vor, eine doppeltwirkende L\u00f6sung speziell f\u00fcr Muldenkipper. Dieses leistungsstarke Ger\u00e4t ist eine zuverl\u00e4ssige und effiziente Erg\u00e4nzung f\u00fcr Ihre Schwerlastausr\u00fcstung.<\/p>\n<h2>Produktmerkmale und Spezifikationen<\/h2>\n<p>Unser Hydraulikzylinder verf\u00fcgt \u00fcber ein robustes Stahlgeh\u00e4use, das extremen Arbeitsbedingungen standh\u00e4lt. Er verf\u00fcgt \u00fcber eine maximale Schubkraft von 3000 und eine maximale Zugkraft von 20 Tonnen und ist somit f\u00fcr Schwerlastanwendungen geeignet.<\/p>\n<table style=\"width: 98.5375%;\" border=\"\">\n<tbody>\n<tr>\n<td style=\"width: 43.5028%;\"><strong>Bohrungsgr\u00f6\u00dfe<\/strong><\/td>\n<td style=\"width: 477.401%;\">2-6 Zoll<\/td>\n<\/tr>\n<tr>\n<td style=\"width: 43.5028%;\"><strong>Stangengr\u00f6\u00dfe<\/strong><\/td>\n<td style=\"width: 477.401%;\">1,125-4 Zoll<\/td>\n<\/tr>\n<tr>\n<td style=\"width: 43.5028%;\"><strong>Strichgr\u00f6\u00dfe<\/strong><\/td>\n<td style=\"width: 477.401%;\">4-100 Zoll<\/td>\n<\/tr>\n<tr>\n<td style=\"width: 43.5028%;\"><strong>Pin-Gr\u00f6\u00dfe<\/strong><\/td>\n<td style=\"width: 477.401%;\">0,5-2 Zoll<\/td>\n<\/tr>\n<tr>\n<td style=\"width: 43.5028%;\"><strong>H\u00e4fen<\/strong><\/td>\n<td style=\"width: 477.401%;\">G\/SAE\/NPT\/M<\/td>\n<\/tr>\n<\/tbody>\n<\/table>\n<h2>Einzigartige Vorteile<\/h2>\n<ul>\n<li>Energieeinsparung: Bietet effizienten Betrieb und reduziert so den Energieverbrauch und die Betriebskosten.<\/li>\n<li>Hohe Leistung: Bietet starke Schub- und Zugkapazit\u00e4t f\u00fcr Hochleistungsanwendungen.<\/li>\n<li>Sicherheit: Hergestellt aus hochwertigem Stahl, der Langlebigkeit und Zuverl\u00e4ssigkeit im Betrieb gew\u00e4hrleistet.<\/li>\n<\/ul>\n<h2>Betrieb und Anwendungen<\/h2>\n<p>Der mehrstufige Hydraulikzylinder wandelt hydraulische Kraft in mechanische Bewegung um und liefert so die Kraft, die Muldenkipper zum Heben und Senken ihrer Lasten ben\u00f6tigen. Dies macht ihn zu einem unverzichtbaren Bestandteil in Branchen wie dem Baugewerbe, dem Bergbau und der Landwirtschaft.<\/p>\n<p><img loading=\"lazy\" decoding=\"async\" class=\"alignnone wp-image-6656\" src=\"https:\/\/fmp-components.com\/wp-content\/uploads\/2025\/03\/telescopic-hydraulic-cylinder-5.webp\" alt=\"Teleskop-Hydraulikzylinder\" width=\"904\" height=\"904\" title=\"\" srcset=\"https:\/\/fmp-components.com\/wp-content\/uploads\/2025\/03\/telescopic-hydraulic-cylinder-5.webp 904w, https:\/\/fmp-components.com\/wp-content\/uploads\/2025\/03\/telescopic-hydraulic-cylinder-5-480x480.webp 480w\" sizes=\"(min-width: 0px) and (max-width: 480px) 480px, (min-width: 481px) 904px, 100vw\" \/><\/p>\n<h2>Hydraulikzylinder und Antriebseinheiten<\/h2>\n<p>Hydraulikzylinder und -aggregate sind integrale Bestandteile jedes Hydrauliksystems. Der Zylinder wandelt hydraulische Energie in mechanische Bewegung um, w\u00e4hrend das Aggregat die notwendige Energie und Steuersignale liefert. Diese Synergie gew\u00e4hrleistet die breite Anwendung der Hydrauliktechnologie in verschiedenen Branchen und bietet zuverl\u00e4ssige Antriebs- und Steuerungsunterst\u00fctzung. Bei FMP bieten wir auch Aggregate zum Verkauf an, um den optimalen Betrieb Ihres Hydrauliksystems sicherzustellen.<\/p>\n<h3>\u00dcber FMP<\/h3>\n<p>FMP ist ein f\u00fchrender italienischer Hersteller, der f\u00fcr seine Expertise in der Konstruktion, Entwicklung und Produktion hochwertiger Hydraulikzylinder bekannt ist. Dank unserer jahrzehntelangen Erfahrung verbinden wir italienische Handwerkskunst nahtlos mit modernster Technologie, um herausragende Hydraulikl\u00f6sungen zu liefern, die auf die vielf\u00e4ltigen Bed\u00fcrfnisse unserer globalen Kunden zugeschnitten sind. Mit Sitz in Italien, einem Zentrum der technischen Exzellenz, hat sich FMP als vertrauensw\u00fcrdiger Marktf\u00fchrer in der Hydraulikbranche etabliert und bietet zuverl\u00e4ssige, langlebige und innovative Produkte, die Unternehmen weltweit unterst\u00fctzen.<\/p>\n<p>Wir verbinden fortschrittliche Fertigungstraditionen mit einer zukunftsorientierten Perspektive. Dank unserer langj\u00e4hrigen Erfahrung im Bereich Hydrauliksysteme hat sich FMP zu einem modernen Unternehmen entwickelt, das in Forschung, Design und Produktion herausragend ist. Unsere Spezialisierung umfasst ein breites Spektrum an Hydraulikzylindern, darunter doppeltwirkende Zylinder, Automobil-Hubzylinder, Landmaschinenzylinder und ma\u00dfgeschneiderte L\u00f6sungen f\u00fcr vielf\u00e4ltige Industrieanwendungen. Ob f\u00fcr Bauwesen, Industrieanlagen, Landwirtschaft oder Schwermaschinen \u2013 unsere Hydraulikzylinder sind f\u00fcr h\u00f6chste Anspr\u00fcche ausgelegt und gew\u00e4hrleisten Sicherheit, Effizienz und Langlebigkeit.<\/p>\n<p><img loading=\"lazy\" decoding=\"async\" class=\"alignnone size-full wp-image-6720\" src=\"https:\/\/fmp-components.com\/wp-content\/uploads\/2025\/03\/hydraulic-cylinder-8.webp\" alt=\"Teleskop-Hydraulikzylinder\" width=\"933\" height=\"526\" title=\"\" srcset=\"https:\/\/fmp-components.com\/wp-content\/uploads\/2025\/03\/hydraulic-cylinder-8.webp 933w, https:\/\/fmp-components.com\/wp-content\/uploads\/2025\/03\/hydraulic-cylinder-8-480x271.webp 480w\" sizes=\"(min-width: 0px) and (max-width: 480px) 480px, (min-width: 481px) 933px, 100vw\" \/><\/p>\n<p>Bei FMP sind wir stolz auf unsere hochmodernen Produktionsanlagen, die mit Pr\u00e4zisionsmaschinen und fortschrittlichen Pr\u00fcfsystemen ausgestattet sind. Unsere Fertigungsprozesse entsprechen strengen nationalen und internationalen Standards und gew\u00e4hrleisten h\u00f6chste Qualit\u00e4t und Zuverl\u00e4ssigkeit f\u00fcr jeden produzierten Hydraulikzylinder. Unser qualifiziertes technisches Team und die moderne Ausr\u00fcstung erm\u00f6glichen uns eine strenge Qualit\u00e4tskontrolle in jeder Produktionsphase \u2013 von der Rohstoffauswahl bis zur Endkontrolle. Dieses Engagement f\u00fcr Spitzenleistungen hat uns Zertifizierungen und Anerkennungen von Branchenbeh\u00f6rden eingebracht und unseren Ruf als zuverl\u00e4ssiger Partner weiter gefestigt.<\/p>\n<p>Unsere Mission ist klar und zugleich ambitioniert: Hydraulikzylinder zu liefern, die die Erwartungen an Leistung, Haltbarkeit und Wert \u00fcbertreffen. Wir stehen f\u00fcr Professionalit\u00e4t, Integrit\u00e4t und Kundenorientierung. Durch Innovation und Pr\u00e4zision entwickeln wir unsere Produkte kontinuierlich weiter, um wettbewerbsf\u00e4hig zu bleiben. Unsere umfassende Produktpalette und die F\u00e4higkeit, ma\u00dfgeschneiderte L\u00f6sungen anzubieten, machen uns zur ersten Wahl f\u00fcr Unternehmen, die leistungsstarke Hydraulikzylinder ben\u00f6tigen.<\/p>\n<p>FMP ist mehr als nur ein Hersteller; wir sind Ihr Partner f\u00fcr Ihren Erfolg. Wir wissen, dass unsere Kunden auf uns vertrauen, wenn es um Werkzeuge zur Steigerung von Produktivit\u00e4t und Sicherheit geht. Deshalb legen wir nicht nur Wert auf hochwertige Produkte, sondern auch auf hervorragenden Service. Von der ersten Beratung bis zum After-Sales-Support arbeiten wir eng mit unseren Kunden zusammen, um sicherzustellen, dass ihre Bed\u00fcrfnisse professionell und sorgf\u00e4ltig erf\u00fcllt werden. Unsere wettbewerbsf\u00e4higen Preise und unser unerm\u00fcdliches Engagement f\u00fcr Qualit\u00e4t machen FMP zur besten Wahl f\u00fcr Unternehmen, die zuverl\u00e4ssige Hydraulikl\u00f6sungen suchen.<\/p>\n<h2>FAQs<\/h2>\n<p><strong>F: Sind Sie ein Handelsunternehmen oder Hersteller?<\/strong><br \/>\nA: Wir sind ein Hersteller.<\/p>\n<p><strong>F: Wie lange ist Ihre Lieferzeit?<\/strong><br \/>\nA: Im Allgemeinen sind es 25\u201335 Tage.<\/p>\n<p><strong>F: Stellen Sie Muster zur Verf\u00fcgung? Ist es kostenlos oder extra?<\/strong><br \/>\nA: Ja, wir k\u00f6nnten die Probe anbieten, aber sie ist nicht kostenlos.<\/p>\n<p><img loading=\"lazy\" decoding=\"async\" class=\"alignnone wp-image-6717\" src=\"https:\/\/fmp-components.com\/wp-content\/uploads\/2025\/03\/hydraulic-cylinder-211.webp\" alt=\"Hydraulik-Zylinder\" width=\"947\" height=\"949\" title=\"\" srcset=\"https:\/\/fmp-components.com\/wp-content\/uploads\/2025\/03\/hydraulic-cylinder-211.webp 947w, https:\/\/fmp-components.com\/wp-content\/uploads\/2025\/03\/hydraulic-cylinder-211-480x481.webp 480w\" sizes=\"(min-width: 0px) and (max-width: 480px) 480px, (min-width: 481px) 947px, 100vw\" \/><\/p>","protected":false},"excerpt":{"rendered":"<p>Low Price Multistage Hydraulic Cylinder Double Acting For Dump Truck Introducing our competitively priced Multistage hydraulic cylinder, a double acting solution specifically designed for dump trucks. This powerful piece of machinery is a dependable and efficient addition to your heavy-duty equipment. Product Features and Specifications Our hydraulic cylinder is built with a sturdy steel body, [&hellip;]<\/p>","protected":false},"featured_media":6676,"comment_status":"closed","ping_status":"closed","template":"","meta":{"_et_pb_use_builder":"","_et_pb_old_content":"","_et_gb_content_width":""},"product_brand":[],"product_cat":[103],"product_tag":[34,105],"class_list":{"0":"post-6501","1":"product","2":"type-product","3":"status-publish","4":"has-post-thumbnail","6":"product_cat-telescopic-hydraulic-cylinders","7":"product_tag-hydraulic-cylinder","8":"product_tag-telescopic-hydraulic-cylinders","10":"first","11":"instock","12":"product-type-simple"},"_links":{"self":[{"href":"https:\/\/fmp-components.com\/de\/wp-json\/wp\/v2\/product\/6501","targetHints":{"allow":["GET"]}}],"collection":[{"href":"https:\/\/fmp-components.com\/de\/wp-json\/wp\/v2\/product"}],"about":[{"href":"https:\/\/fmp-components.com\/de\/wp-json\/wp\/v2\/types\/product"}],"replies":[{"embeddable":true,"href":"https:\/\/fmp-components.com\/de\/wp-json\/wp\/v2\/comments?post=6501"}],"wp:featuredmedia":[{"embeddable":true,"href":"https:\/\/fmp-components.com\/de\/wp-json\/wp\/v2\/media\/6676"}],"wp:attachment":[{"href":"https:\/\/fmp-components.com\/de\/wp-json\/wp\/v2\/media?parent=6501"}],"wp:term":[{"taxonomy":"product_brand","embeddable":true,"href":"https:\/\/fmp-components.com\/de\/wp-json\/wp\/v2\/product_brand?post=6501"},{"taxonomy":"product_cat","embeddable":true,"href":"https:\/\/fmp-components.com\/de\/wp-json\/wp\/v2\/product_cat?post=6501"},{"taxonomy":"product_tag","embeddable":true,"href":"https:\/\/fmp-components.com\/de\/wp-json\/wp\/v2\/product_tag?post=6501"}],"curies":[{"name":"wp","href":"https:\/\/api.w.org\/{rel}","templated":true}]}}