{"id":6496,"date":"2025-03-11T06:25:30","date_gmt":"2025-03-11T06:25:30","guid":{"rendered":"https:\/\/fmp-components.com\/product\/effective-5-stage-telescopic-small-dump-truck-hydraulic-cylinder"},"modified":"2025-03-14T03:13:00","modified_gmt":"2025-03-14T03:13:00","slug":"effective-5-stage-telescopic-small-dump-truck-hydraulic-cylinder","status":"publish","type":"product","link":"https:\/\/fmp-components.com\/de\/product\/effective-5-stage-telescopic-small-dump-truck-hydraulic-cylinder\/","title":{"rendered":"Effektiver 5-stufiger Teleskop-Hydraulikzylinder f\u00fcr kleine Muldenkipper"},"content":{"rendered":"<h2>Effektiver 5-stufiger Teleskop-Hydraulikzylinder f\u00fcr kleine Muldenkipper<\/h2>\n<p>Erleben Sie die Effizienz des effektiven 5-stufigen Teleskop-Hydraulikzylinders von FMP f\u00fcr kleine Muldenkipper \u2013 ein kompaktes Kraftpaket, das f\u00fcr \u00fcberragende Leistung und Zuverl\u00e4ssigkeit entwickelt wurde. Dieser vielseitige Hydraulikzylinder eignet sich ideal f\u00fcr Maschinenreparaturwerkst\u00e4tten, Landwirtschaftsbetriebe, die Energie- und Bergbauindustrie, den Maschinenbau und Maschinenbaubetriebe.<\/p>\n<h2>Produktspezifikationen<\/h2>\n<p>Unser Hydraulikzylinder zeichnet sich durch zahlreiche herausragende Merkmale aus. Es handelt sich um einen Standard-Kolbenzylinder mit hydraulischer Leistung und Stahlgeh\u00e4use. Er bietet eine maximale Schubkraft von 3000 Nm und eine maximale Zugkraft von 20 Tonnen. Der mehrstufige Hydraulikzylinder verf\u00fcgt \u00fcber Anschl\u00fcsse der Typen G\/SAE\/NPT\/M. Der Bohrungsdurchmesser reicht von 2 bis 6 Zoll, der Kolbenstangendurchmesser von 1,125 bis 4 Zoll und der Hub von 4 bis 100 Zoll. Er ist in elegantem Schwarz erh\u00e4ltlich, wiegt 23 kg und hat einen Kolbenbolzendurchmesser von 0,5 bis 2 Zoll. Der Hydraulikzylinder ist nach ISO 9001:2000 zertifiziert und garantiert somit h\u00f6chste Qualit\u00e4t und Leistungsf\u00e4higkeit.<\/p>\n<table style=\"width: 100.115%;\" border=\"\">\n<tbody>\n<tr>\n<th style=\"width: 42.8571%;\">Bohrungsgr\u00f6\u00dfe<\/th>\n<th style=\"width: 419.429%;\">2-6 Zoll<\/th>\n<\/tr>\n<tr>\n<th style=\"width: 42.8571%;\">Stangengr\u00f6\u00dfe<\/th>\n<th style=\"width: 419.429%;\">1,125-4 Zoll<\/th>\n<\/tr>\n<tr>\n<th style=\"width: 42.8571%;\">Strichgr\u00f6\u00dfe<\/th>\n<th style=\"width: 419.429%;\">4-100 Zoll<\/th>\n<\/tr>\n<tr>\n<th style=\"width: 42.8571%;\">Pin-Gr\u00f6\u00dfe<\/th>\n<th style=\"width: 419.429%;\">0,5-2 Zoll<\/th>\n<\/tr>\n<tr>\n<th style=\"width: 42.8571%;\">H\u00e4fen<\/th>\n<th style=\"width: 419.429%;\">G\/SAE\/NPT\/M<\/th>\n<\/tr>\n<\/tbody>\n<\/table>\n<h2>Besondere Merkmale und Vorteile<\/h2>\n<ul>\n<li>Energieeffizient: Unser Hydraulikzylinder ist auf optimale Effizienz ausgelegt, wodurch Energieverschwendung minimiert wird.<\/li>\n<li>Hohe Leistungsf\u00e4higkeit: Mit einem maximalen Schub von 3000 und einer maximalen Zugkraft von 20 Tonnen garantiert dieser Hydraulikzylinder \u00fcberragende Leistung.<\/li>\n<li>Sicherheit: Bei der Konstruktion unseres Zylinders stand die Sicherheit im Vordergrund, um einen reibungslosen Betrieb unter allen Bedingungen zu gew\u00e4hrleisten.<\/li>\n<\/ul>\n<h2>Hydrauliksysteme und Funktionsprinzip<\/h2>\n<p>Der Hydraulikzylinder ist eine Schl\u00fcsselkomponente des Hydrauliksystems und wandelt den Fl\u00fcssigkeitsdruck in mechanische Kraft um. Diese mechanische Kraft wird dann genutzt, um Maschinen zu bewegen oder zu betreiben, wodurch er in vielen Branchen unverzichtbar ist.<\/p>\n<p><img loading=\"lazy\" decoding=\"async\" class=\"alignnone  wp-image-6754\" src=\"https:\/\/fmp-components.com\/wp-content\/uploads\/2025\/03\/Telescopic-Hydraulic-Cylinders-111.webp\" alt=\"Teleskop-Hydraulikzylinder\" width=\"814\" height=\"814\" title=\"\" srcset=\"https:\/\/fmp-components.com\/wp-content\/uploads\/2025\/03\/Telescopic-Hydraulic-Cylinders-111.webp 814w, https:\/\/fmp-components.com\/wp-content\/uploads\/2025\/03\/Telescopic-Hydraulic-Cylinders-111-480x480.webp 480w\" sizes=\"(min-width: 0px) and (max-width: 480px) 480px, (min-width: 481px) 814px, 100vw\" \/><\/p>\n<h2>Anwendungen unserer Hydraulikzylinder<\/h2>\n<p>Unser Hydraulikzylinder findet breite Anwendung in Maschinenreparaturwerkst\u00e4tten, landwirtschaftlichen Betrieben, der Energie- und Bergbauindustrie, der Maschinenbaubranche und in Maschinenfabriken. Seine kompakte Bauweise und seine \u00fcberlegene Leistung machen ihn zur idealen Wahl f\u00fcr ein breites Anwendungsspektrum.<\/p>\n<h2>Hydraulikzylinder und Antriebseinheiten<\/h2>\n<p>Hydraulikzylinder und Hydraulikaggregate sind untrennbare Bestandteile des Hydrauliksystems. Sie arbeiten zusammen, um die breite Anwendung der Hydrauliktechnik in der Industrie zu gew\u00e4hrleisten und eine zuverl\u00e4ssige Energie- und Steuerungsunterst\u00fctzung f\u00fcr diverse technische und mechanische Anlagen bereitzustellen. Der Hydraulikzylinder dient als Aktor und wandelt hydraulische Energie in mechanische Bewegung um, indem er Druck in Kraft transformiert. Das Hydraulikaggregat bildet das Herzst\u00fcck des Systems und liefert die ben\u00f6tigte Energie und Steuersignale. Ihr Zusammenspiel gew\u00e4hrleistet den reibungslosen Betrieb des Hydrauliksystems. FMP bietet auch Hydraulikaggregate zum Verkauf an.<\/p>\n<h2>H\u00e4ufig gestellte Fragen<\/h2>\n<p><q><b>F: Wie lange ist die Garantiezeit f\u00fcr den Hydraulikzylinder?<\/b><br \/>\nA: F\u00fcr den Hydraulikzylinder gilt eine 1-j\u00e4hrige Garantie.<\/q><br \/>\n<q><b>F: Wie lange dauert die Lieferung?<\/b><br \/>\nA: Die allgemeine Lieferzeit betr\u00e4gt 25\u201335 Tage.<\/q><br \/>\n<q><b>F: Kann ich ein Muster des Hydraulikzylinders zum Testen erhalten?<\/b><br \/>\nA: Ja, wir bieten Muster an, aber diese sind nicht kostenlos.<\/q><\/p>\n<h3>\u00dcber FMP<\/h3>\n<p class=\"break-words\">FMP ist ein f\u00fchrender italienischer Hersteller, der sich auf die Konstruktion, Entwicklung und Produktion hochwertiger Hydraulikzylinder spezialisiert hat. Mit unserer langj\u00e4hrigen Erfahrung verbinden wir italienische Handwerkskunst mit modernster Technologie, um au\u00dfergew\u00f6hnliche Hydraulikl\u00f6sungen zu liefern, die auf die vielf\u00e4ltigen Bed\u00fcrfnisse unserer weltweiten Kundschaft zugeschnitten sind. Mit Sitz in Italien, einem Zentrum der Ingenieurskunst, gilt FMP als vertrauensw\u00fcrdiger Name in der Hydraulikbranche und hat sich der Bereitstellung zuverl\u00e4ssiger, langlebiger und innovativer Produkte verschrieben, die Unternehmen weltweit unterst\u00fctzen.<\/p>\n<p class=\"break-words\">Unser Unternehmen verbindet die besten Fertigungstraditionen mit einem zukunftsorientierten Ansatz. Dank langj\u00e4hriger Erfahrung im Bereich Hydrauliksysteme hat sich FMP zu einem modernen Unternehmen entwickelt, das sich durch herausragende Leistungen in Forschung, Design und Produktion auszeichnet. Wir sind spezialisiert auf ein breites Spektrum an Hydraulikzylindern, darunter doppeltwirkende Zylinder, Automobil-Hubzylinder, Landmaschinenzylinder und ma\u00dfgeschneiderte L\u00f6sungen f\u00fcr verschiedene Industrieanwendungen. Ob f\u00fcr Bauwesen, Industrieanlagen, Landwirtschaft oder Schwermaschinen \u2013 unsere Hydraulikzylinder sind f\u00fcr h\u00e4rteste Bedingungen ausgelegt und gew\u00e4hrleisten Sicherheit, Effizienz und Langlebigkeit.<\/p>\n<p><img loading=\"lazy\" decoding=\"async\" class=\"alignnone size-full wp-image-6720\" src=\"https:\/\/fmp-components.com\/wp-content\/uploads\/2025\/03\/hydraulic-cylinder-8.webp\" alt=\"Teleskop-Hydraulikzylinder\" width=\"933\" height=\"526\" title=\"\" srcset=\"https:\/\/fmp-components.com\/wp-content\/uploads\/2025\/03\/hydraulic-cylinder-8.webp 933w, https:\/\/fmp-components.com\/wp-content\/uploads\/2025\/03\/hydraulic-cylinder-8-480x271.webp 480w\" sizes=\"(min-width: 0px) and (max-width: 480px) 480px, (min-width: 481px) 933px, 100vw\" \/><\/p>\n<p class=\"break-words\">Bei FMP sind wir stolz auf unsere hochmodernen Produktionsanlagen, die mit Pr\u00e4zisionsmaschinen und fortschrittlichen Pr\u00fcfsystemen ausgestattet sind. Unsere Fertigungsprozesse entsprechen strengen nationalen und internationalen Standards und gew\u00e4hrleisten, dass jeder Hydraulikzylinder, der unser Werk verl\u00e4sst, von h\u00f6chster Qualit\u00e4t und Zuverl\u00e4ssigkeit ist. Unser qualifiziertes technisches Team und modernste Ausr\u00fcstung erm\u00f6glichen uns eine strenge Qualit\u00e4tskontrolle in jeder Produktionsphase \u2013 von der Rohstoffauswahl bis zur Endkontrolle. Dieses Streben nach Exzellenz hat uns Zertifizierungen und Anerkennungen von Branchenbeh\u00f6rden eingebracht und unseren Ruf als zuverl\u00e4ssiger Partner weiter gefestigt.<\/p>\n<p class=\"break-words\">Unsere Mission ist einfach und doch ehrgeizig: Wir m\u00f6chten unseren Kunden Hydraulikzylinder liefern, die ihre Erwartungen in puncto Leistung, Langlebigkeit und Wert \u00fcbertreffen. Professionalit\u00e4t, Integrit\u00e4t und Kundenorientierung sind unsere Leitprinzipien. Durch Innovation und Pr\u00e4zision entwickeln wir unsere Produkte kontinuierlich weiter, um im Wettbewerb die Nase vorn zu behalten. Unser umfassendes Produktsortiment und unsere F\u00e4higkeit, ma\u00dfgeschneiderte L\u00f6sungen anzubieten, machen uns zur ersten Wahl f\u00fcr Unternehmen, die leistungsstarke Hydraulikzylinder suchen.<\/p>\n<p class=\"break-words\">FMP ist mehr als nur ein Hersteller \u2013 wir sind Ihr Partner f\u00fcr Ihren Erfolg. Wir wissen, dass unsere Kunden auf uns vertrauen, wenn es um Werkzeuge geht, die ihre Produktivit\u00e4t und Sicherheit steigern. Deshalb bieten wir nicht nur erstklassige Produkte, sondern auch hervorragenden Service. Von der ersten Beratung bis zum After-Sales-Support arbeiten wir eng mit unseren Kunden zusammen, um sicherzustellen, dass ihre Bed\u00fcrfnisse professionell und sorgf\u00e4ltig erf\u00fcllt werden. Unsere wettbewerbsf\u00e4higen Preise und unser unerm\u00fcdliches Engagement f\u00fcr Qualit\u00e4t machen FMP zur intelligenten Wahl f\u00fcr Unternehmen, die in zuverl\u00e4ssige Hydraulikl\u00f6sungen investieren m\u00f6chten.<\/p>","protected":false},"excerpt":{"rendered":"<p>Effective 5 Stage Telescopic Small Dump Truck Hydraulic Cylinder Experience the efficiency of FMP&#8217;s Effective 5 Stage Telescopic Small Dump Truck Hydraulic Cylinder, a compact power-pack designed to deliver superior performance and reliability. This versatile hydraulic cylinder is perfect for machinery repair shops, farms, energy &amp; mining, machinery manufacturing, and machinery factories. Products Specifications Our [&hellip;]<\/p>","protected":false},"featured_media":6795,"comment_status":"closed","ping_status":"closed","template":"","meta":{"_et_pb_use_builder":"","_et_pb_old_content":"","_et_gb_content_width":""},"product_brand":[],"product_cat":[103],"product_tag":[34,105],"class_list":{"0":"post-6496","1":"product","2":"type-product","3":"status-publish","4":"has-post-thumbnail","6":"product_cat-telescopic-hydraulic-cylinders","7":"product_tag-hydraulic-cylinder","8":"product_tag-telescopic-hydraulic-cylinders","10":"first","11":"instock","12":"product-type-simple"},"_links":{"self":[{"href":"https:\/\/fmp-components.com\/de\/wp-json\/wp\/v2\/product\/6496","targetHints":{"allow":["GET"]}}],"collection":[{"href":"https:\/\/fmp-components.com\/de\/wp-json\/wp\/v2\/product"}],"about":[{"href":"https:\/\/fmp-components.com\/de\/wp-json\/wp\/v2\/types\/product"}],"replies":[{"embeddable":true,"href":"https:\/\/fmp-components.com\/de\/wp-json\/wp\/v2\/comments?post=6496"}],"wp:featuredmedia":[{"embeddable":true,"href":"https:\/\/fmp-components.com\/de\/wp-json\/wp\/v2\/media\/6795"}],"wp:attachment":[{"href":"https:\/\/fmp-components.com\/de\/wp-json\/wp\/v2\/media?parent=6496"}],"wp:term":[{"taxonomy":"product_brand","embeddable":true,"href":"https:\/\/fmp-components.com\/de\/wp-json\/wp\/v2\/product_brand?post=6496"},{"taxonomy":"product_cat","embeddable":true,"href":"https:\/\/fmp-components.com\/de\/wp-json\/wp\/v2\/product_cat?post=6496"},{"taxonomy":"product_tag","embeddable":true,"href":"https:\/\/fmp-components.com\/de\/wp-json\/wp\/v2\/product_tag?post=6496"}],"curies":[{"name":"wp","href":"https:\/\/api.w.org\/{rel}","templated":true}]}}