{"id":6492,"date":"2025-03-11T06:25:30","date_gmt":"2025-03-11T06:25:30","guid":{"rendered":"https:\/\/fmp-components.com\/product\/factory-provide-hydraulic-cylinders-5-stage-telescopic-hydraulic-cylinder-for-sale"},"modified":"2025-03-14T03:15:28","modified_gmt":"2025-03-14T03:15:28","slug":"factory-provide-hydraulic-cylinders-5-stage-telescopic-hydraulic-cylinder-for-sale","status":"publish","type":"product","link":"https:\/\/fmp-components.com\/de\/product\/factory-provide-hydraulic-cylinders-5-stage-telescopic-hydraulic-cylinder-for-sale\/","title":{"rendered":"Werkseitig angebotene Hydraulikzylinder 5-stufiger Teleskop-Hydraulikzylinder zum Verkauf"},"content":{"rendered":"<h2>Werkseitig angebotene Hydraulikzylinder 5-stufiger Teleskop-Hydraulikzylinder zum Verkauf<\/h2>\n<p>Wenn Sie hochwertige, langlebige und effiziente Hydraulikzylinder ben\u00f6tigen, sind Sie bei unserem 5-stufigen Teleskop-Hydraulikzylinder genau richtig. Dieses Produkt bietet ein H\u00f6chstma\u00df an Leistung, Performance und Vielseitigkeit und eignet sich daher perfekt f\u00fcr eine Vielzahl von Anwendungen in den Bereichen Energie, Bergbau, Maschinenbau und Reparatur.<\/p>\n<h3>Produktspezifikationen und -funktionen<\/h3>\n<p>Der Hydraulikzylinder ist standardm\u00e4\u00dfig aufgebaut und nutzt hydraulische Kraft. Er besteht aus robustem Stahl, hat eine maximale Schubkraft von 3000 Nm und eine maximale Zugkraft von 20 Tonnen. Dieser mehrstufige Hydraulikzylinder ist ISO 9001:2000 zertifiziert und verf\u00fcgt \u00fcber einen Bohrungsdurchmesser von 2\u20136 Zoll, einen Stangendurchmesser von 1,125\u20134 Zoll, einen Hub von 4\u2013100 Zoll und einen Bolzendurchmesser von 0,5\u20132 Zoll. Der Zylinder ist in Schwarz erh\u00e4ltlich und verf\u00fcgt \u00fcber Anschl\u00fcsse in G\/SAE\/NPT\/M.<\/p>\n<table style=\"width: 99.1886%; height: 98px;\" border=\"\">\n<tbody>\n<tr>\n<td colspan=\"\" rowspan=\"\"><i>Bohrungsgr\u00f6\u00dfe<\/i><\/td>\n<td colspan=\"\" rowspan=\"\">2-6 Zoll<\/td>\n<\/tr>\n<tr>\n<td colspan=\"\" rowspan=\"\"><i>Stangengr\u00f6\u00dfe<\/i><\/td>\n<td colspan=\"\" rowspan=\"\">1,125-4 Zoll<\/td>\n<\/tr>\n<tr>\n<td colspan=\"\" rowspan=\"\"><i>Strichgr\u00f6\u00dfe<\/i><\/td>\n<td colspan=\"\" rowspan=\"\">4-100 Zoll<\/td>\n<\/tr>\n<tr>\n<td colspan=\"\" rowspan=\"\"><i>Pin-Gr\u00f6\u00dfe<\/i><\/td>\n<td colspan=\"\" rowspan=\"\">0,5-2 Zoll<\/td>\n<\/tr>\n<tr>\n<td colspan=\"\" rowspan=\"\"><i>H\u00e4fen<\/i><\/td>\n<td colspan=\"\" rowspan=\"\">G\/SAE\/NPT\/M<\/td>\n<\/tr>\n<\/tbody>\n<\/table>\n<h3>Wichtige Vorteile und Nutzen<\/h3>\n<p>Unser 5-stufiger Teleskop-Hydraulikzylinder bietet zahlreiche Vorteile und Vorz\u00fcge, wie zum Beispiel:<\/p>\n<ul>\n<li>Energieeffizienz<\/li>\n<li>Hohe Leistung<\/li>\n<li>Sicherheit und Zuverl\u00e4ssigkeit<\/li>\n<li>Vielseitige Anwendung<\/li>\n<\/ul>\n<h2>Hydraulische Systeme und Funktionsprinzipien<\/h2>\n<p>Der Hydraulikzylinder ist eine Schl\u00fcsselkomponente in Hydrauliksystemen. Er arbeitet nach dem Prinzip der Umwandlung von hydraulischem Druck in mechanische Kraft. Diese Kraft wird dann f\u00fcr verschiedene Aufgaben in Industriemaschinen genutzt.<\/p>\n<p><img loading=\"lazy\" decoding=\"async\" class=\"alignnone  wp-image-6662\" src=\"https:\/\/fmp-components.com\/wp-content\/uploads\/2025\/03\/telescopic-hydraulic-cylinder-4.webp\" alt=\"Teleskop-Hydraulikzylinder\" width=\"817\" height=\"817\" title=\"\" srcset=\"https:\/\/fmp-components.com\/wp-content\/uploads\/2025\/03\/telescopic-hydraulic-cylinder-4.webp 817w, https:\/\/fmp-components.com\/wp-content\/uploads\/2025\/03\/telescopic-hydraulic-cylinder-4-480x480.webp 480w\" sizes=\"(min-width: 0px) and (max-width: 480px) 480px, (min-width: 481px) 817px, 100vw\" \/><\/p>\n<h2>Anwendungsszenarien<\/h2>\n<p>Der 5-stufige Teleskop-Hydraulikzylinder kann in zahlreichen Sektoren und Anwendungen eingesetzt werden, darunter Maschinenreparaturwerkst\u00e4tten, landwirtschaftliche Betriebe, Energie- und Bergbaubetriebe, Maschinenbau und Fabriken.<\/p>\n<h2>Hydraulikzylinder und Antriebseinheiten<\/h2>\n<p>Hydraulikzylinder und Antriebsaggregat sind unverzichtbare Komponenten hydraulischer Systeme. Ihr koordiniertes Zusammenspiel gew\u00e4hrleistet die breite Anwendung der Hydrauliktechnologie im industriellen Bereich und bietet zuverl\u00e4ssige Energie- und Steuerungsunterst\u00fctzung f\u00fcr verschiedene technische und mechanische Ger\u00e4te. Der Hydraulikzylinder als Antriebselement wandelt hydraulische Energie in mechanische Bewegung und Druck in Kraft um. Das Antriebsaggregat ist das Herzst\u00fcck, das die vom Hydrauliksystem ben\u00f6tigte Energie und Steuersignale bereitstellt. Die Koordination der beiden erm\u00f6glicht den reibungslosen Betrieb des Hydrauliksystems. FMP bietet auch Antriebsaggregate zum Verkauf an.<\/p>\n<h2>H\u00e4ufig gestellte Fragen<\/h2>\n<dl>\n<dt><strong>F: Sind Sie ein Handelsunternehmen oder Hersteller?<\/strong><\/dt>\n<dd>A: Wir sind eine Fabrik.<\/dd>\n<dt><strong>F: Wie lange ist Ihre Lieferzeit?<\/strong><\/dt>\n<dd>A: Im Allgemeinen sind es 25\u201335 Tage.<\/dd>\n<dt><strong>F: Stellen Sie Muster zur Verf\u00fcgung? Ist es kostenlos oder extra?<\/strong><\/dt>\n<dd>A: Ja, wir k\u00f6nnten die Probe anbieten, aber sie ist nicht kostenlos.<\/dd>\n<\/dl>\n<h3>\u00dcber FMP<\/h3>\n<p class=\"break-words\">FMP ist ein f\u00fchrender italienischer Hersteller, der sich auf die Konstruktion, Entwicklung und Produktion hochwertiger Hydraulikzylinder spezialisiert hat. Mit unserer langj\u00e4hrigen Erfahrung verbinden wir italienische Handwerkskunst mit modernster Technologie, um au\u00dfergew\u00f6hnliche Hydraulikl\u00f6sungen zu liefern, die auf die vielf\u00e4ltigen Bed\u00fcrfnisse unserer weltweiten Kundschaft zugeschnitten sind. Mit Sitz in Italien, einem Zentrum der Ingenieurskunst, gilt FMP als vertrauensw\u00fcrdiger Name in der Hydraulikbranche und hat sich der Bereitstellung zuverl\u00e4ssiger, langlebiger und innovativer Produkte verschrieben, die Unternehmen weltweit unterst\u00fctzen.<\/p>\n<p class=\"break-words\">Unser Unternehmen verbindet die besten Fertigungstraditionen mit einem zukunftsorientierten Ansatz. Dank langj\u00e4hriger Erfahrung im Bereich Hydrauliksysteme hat sich FMP zu einem modernen Unternehmen entwickelt, das sich durch herausragende Leistungen in Forschung, Design und Produktion auszeichnet. Wir sind spezialisiert auf ein breites Spektrum an Hydraulikzylindern, darunter doppeltwirkende Zylinder, Automobil-Hubzylinder, Landmaschinenzylinder und ma\u00dfgeschneiderte L\u00f6sungen f\u00fcr verschiedene Industrieanwendungen. Ob f\u00fcr Bauwesen, Industrieanlagen, Landwirtschaft oder Schwermaschinen \u2013 unsere Hydraulikzylinder sind f\u00fcr h\u00e4rteste Bedingungen ausgelegt und gew\u00e4hrleisten Sicherheit, Effizienz und Langlebigkeit.<\/p>\n<p><img loading=\"lazy\" decoding=\"async\" class=\"alignnone size-full wp-image-6720\" src=\"https:\/\/fmp-components.com\/wp-content\/uploads\/2025\/03\/hydraulic-cylinder-8.webp\" alt=\"Teleskop-Hydraulikzylinder\" width=\"933\" height=\"526\" title=\"\" srcset=\"https:\/\/fmp-components.com\/wp-content\/uploads\/2025\/03\/hydraulic-cylinder-8.webp 933w, https:\/\/fmp-components.com\/wp-content\/uploads\/2025\/03\/hydraulic-cylinder-8-480x271.webp 480w\" sizes=\"(min-width: 0px) and (max-width: 480px) 480px, (min-width: 481px) 933px, 100vw\" \/><\/p>\n<p class=\"break-words\">Bei FMP sind wir stolz auf unsere hochmodernen Produktionsanlagen, die mit Pr\u00e4zisionsmaschinen und fortschrittlichen Pr\u00fcfsystemen ausgestattet sind. Unsere Fertigungsprozesse entsprechen strengen nationalen und internationalen Standards und gew\u00e4hrleisten, dass jeder Hydraulikzylinder, der unser Werk verl\u00e4sst, von h\u00f6chster Qualit\u00e4t und Zuverl\u00e4ssigkeit ist. Unser qualifiziertes technisches Team und modernste Ausr\u00fcstung erm\u00f6glichen uns eine strenge Qualit\u00e4tskontrolle in jeder Produktionsphase \u2013 von der Rohstoffauswahl bis zur Endkontrolle. Dieses Streben nach Exzellenz hat uns Zertifizierungen und Anerkennungen von Branchenbeh\u00f6rden eingebracht und unseren Ruf als zuverl\u00e4ssiger Partner weiter gefestigt.<\/p>\n<p class=\"break-words\">Unsere Mission ist einfach und doch ehrgeizig: Wir m\u00f6chten unseren Kunden Hydraulikzylinder liefern, die ihre Erwartungen in puncto Leistung, Langlebigkeit und Wert \u00fcbertreffen. Professionalit\u00e4t, Integrit\u00e4t und Kundenorientierung sind unsere Leitprinzipien. Durch Innovation und Pr\u00e4zision entwickeln wir unsere Produkte kontinuierlich weiter, um im Wettbewerb die Nase vorn zu behalten. Unser umfassendes Produktsortiment und unsere F\u00e4higkeit, ma\u00dfgeschneiderte L\u00f6sungen anzubieten, machen uns zur ersten Wahl f\u00fcr Unternehmen, die leistungsstarke Hydraulikzylinder suchen.<\/p>\n<p class=\"break-words\">FMP ist mehr als nur ein Hersteller \u2013 wir sind Ihr Partner f\u00fcr Ihren Erfolg. Wir wissen, dass unsere Kunden auf uns vertrauen, wenn es um Werkzeuge geht, die ihre Produktivit\u00e4t und Sicherheit steigern. Deshalb bieten wir nicht nur erstklassige Produkte, sondern auch hervorragenden Service. Von der ersten Beratung bis zum After-Sales-Support arbeiten wir eng mit unseren Kunden zusammen, um sicherzustellen, dass ihre Bed\u00fcrfnisse professionell und sorgf\u00e4ltig erf\u00fcllt werden. Unsere wettbewerbsf\u00e4higen Preise und unser unerm\u00fcdliches Engagement f\u00fcr Qualit\u00e4t machen FMP zur intelligenten Wahl f\u00fcr Unternehmen, die in zuverl\u00e4ssige Hydraulikl\u00f6sungen investieren m\u00f6chten.<\/p>","protected":false},"excerpt":{"rendered":"<p>Factory Provide Hydraulic Cylinders 5 Stage Telescopic Hydraulic Cylinder For Sale If you&#8217;re in need of high-quality, durable and efficient hydraulic cylinders, look no further than our 5 Stage Telescopic Hydraulic Cylinder. This product is designed to offer the ultimate in power, performance, and versatility, making it perfect for a wide range of applications in [&hellip;]<\/p>","protected":false},"featured_media":6766,"comment_status":"closed","ping_status":"closed","template":"","meta":{"_et_pb_use_builder":"","_et_pb_old_content":"","_et_gb_content_width":""},"product_brand":[],"product_cat":[103],"product_tag":[34,105],"class_list":{"0":"post-6492","1":"product","2":"type-product","3":"status-publish","4":"has-post-thumbnail","6":"product_cat-telescopic-hydraulic-cylinders","7":"product_tag-hydraulic-cylinder","8":"product_tag-telescopic-hydraulic-cylinders","10":"first","11":"instock","12":"product-type-simple"},"_links":{"self":[{"href":"https:\/\/fmp-components.com\/de\/wp-json\/wp\/v2\/product\/6492","targetHints":{"allow":["GET"]}}],"collection":[{"href":"https:\/\/fmp-components.com\/de\/wp-json\/wp\/v2\/product"}],"about":[{"href":"https:\/\/fmp-components.com\/de\/wp-json\/wp\/v2\/types\/product"}],"replies":[{"embeddable":true,"href":"https:\/\/fmp-components.com\/de\/wp-json\/wp\/v2\/comments?post=6492"}],"wp:featuredmedia":[{"embeddable":true,"href":"https:\/\/fmp-components.com\/de\/wp-json\/wp\/v2\/media\/6766"}],"wp:attachment":[{"href":"https:\/\/fmp-components.com\/de\/wp-json\/wp\/v2\/media?parent=6492"}],"wp:term":[{"taxonomy":"product_brand","embeddable":true,"href":"https:\/\/fmp-components.com\/de\/wp-json\/wp\/v2\/product_brand?post=6492"},{"taxonomy":"product_cat","embeddable":true,"href":"https:\/\/fmp-components.com\/de\/wp-json\/wp\/v2\/product_cat?post=6492"},{"taxonomy":"product_tag","embeddable":true,"href":"https:\/\/fmp-components.com\/de\/wp-json\/wp\/v2\/product_tag?post=6492"}],"curies":[{"name":"wp","href":"https:\/\/api.w.org\/{rel}","templated":true}]}}