{"id":6491,"date":"2025-03-11T06:25:30","date_gmt":"2025-03-11T06:25:30","guid":{"rendered":"https:\/\/fmp-components.com\/product\/good-quality-2-stage-hydraulic-cylinder-telescopic-hydraulic-cylinder-for-sale"},"modified":"2025-03-14T03:20:18","modified_gmt":"2025-03-14T03:20:18","slug":"good-quality-2-stage-hydraulic-cylinder-telescopic-hydraulic-cylinder-for-sale","status":"publish","type":"product","link":"https:\/\/fmp-components.com\/de\/product\/good-quality-2-stage-hydraulic-cylinder-telescopic-hydraulic-cylinder-for-sale\/","title":{"rendered":"Gute Qualit\u00e4t 2-stufiger Hydraulikzylinder Teleskop-Hydraulikzylinder zu verkaufen"},"content":{"rendered":"<h2>Gute Qualit\u00e4t 2-stufiger Hydraulikzylinder Teleskop-Hydraulikzylinder zu verkaufen<\/h2>\n<p>Dieser hochwertige zweistufige Hydraulikzylinder ist ein Muss f\u00fcr jede Branche, die auf Schwerlastmaschinen angewiesen ist. Er eignet sich ideal f\u00fcr Maschinenreparaturwerkst\u00e4tten, Landwirtschaftsbetriebe, die Energie- und Bergbauindustrie, den Maschinenbau und Maschinenbaubetriebe und ist auf h\u00f6chste Leistung ausgelegt.<\/p>\n<h3>Produktmerkmale und Funktionen<\/h3>\n<p>Der Hydraulikzylinder wird mit einem Jahr Garantie geliefert und ist ein fabrikneues Standardprodukt. Es handelt sich um einen hydraulisch betriebenen Kolbenzylinder aus Stahl. Dieser mehrstufige Hydraulikzylinder hat eine maximale Schubkraft von 3000 Nm und kann bis zu 20 Tonnen ziehen. Er ist nach ISO 9001:2000 zertifiziert und besteht zu seinen Kernkomponenten aus Lager und Hydraulikzylinder.<\/p>\n<h3>Technische Spezifikationen<\/h3>\n<p>Die technischen Parameter des Produkts lauten wie folgt:<\/p>\n<table style=\"width: 94.9966%;\" border=\"\">\n<tbody>\n<tr>\n<td style=\"width: 43.4286%;\"><b>Bohrungsgr\u00f6\u00dfe<\/b><\/td>\n<td style=\"width: 393.714%;\">2-6 Zoll<\/td>\n<\/tr>\n<tr>\n<td style=\"width: 43.4286%;\"><b>Stangengr\u00f6\u00dfe<\/b><\/td>\n<td style=\"width: 393.714%;\">1,125-4 Zoll<\/td>\n<\/tr>\n<tr>\n<td style=\"width: 43.4286%;\"><b>Strichgr\u00f6\u00dfe<\/b><\/td>\n<td style=\"width: 393.714%;\">4-100 Zoll<\/td>\n<\/tr>\n<tr>\n<td style=\"width: 43.4286%;\"><b>Pin-Gr\u00f6\u00dfe<\/b><\/td>\n<td style=\"width: 393.714%;\">0,5-2 Zoll<\/td>\n<\/tr>\n<tr>\n<td style=\"width: 43.4286%;\"><b>H\u00e4fen<\/b><\/td>\n<td style=\"width: 393.714%;\">G\/SAE\/NPT\/M<\/td>\n<\/tr>\n<\/tbody>\n<\/table>\n<h2>Produktvorteile<\/h2>\n<ul>\n<li>Energiesparend: Dieser Hydraulikzylinder ist auf optimale Energienutzung ausgelegt und reduziert so die Betriebskosten.<\/li>\n<li>Effizient: Mit einem maximalen Schub von 3000 und einer Zugkraft von bis zu 20 Tonnen bietet dieser Hydraulikzylinder eine effiziente Leistung.<\/li>\n<li>Sicher: Dieser Hydraulikzylinder ist nach ISO9001:2000 zertifiziert und erf\u00fcllt somit internationale Sicherheits- und Qualit\u00e4tsstandards.<\/li>\n<\/ul>\n<h2>Hydrauliksysteme und Funktionsprinzip<\/h2>\n<p>Hydraulikzylinder spielen eine entscheidende Rolle f\u00fcr die Funktion verschiedener Maschinen. Sie wandeln hydraulische Energie in mechanische Energie um und transformieren Druck in Kraft. Dieser spezielle Hydraulikzylinder ist insbesondere f\u00fcr den effektiven und effizienten Antrieb von Maschinen unerl\u00e4sslich.<\/p>\n<p><img loading=\"lazy\" decoding=\"async\" class=\"alignnone size-full wp-image-6759\" src=\"https:\/\/fmp-components.com\/wp-content\/uploads\/2025\/03\/Telescopic-Hydraulic-Cylinders-116.webp\" alt=\"Teleskop-Hydraulikzylinder\" width=\"640\" height=\"640\" title=\"\" srcset=\"https:\/\/fmp-components.com\/wp-content\/uploads\/2025\/03\/Telescopic-Hydraulic-Cylinders-116.webp 640w, https:\/\/fmp-components.com\/wp-content\/uploads\/2025\/03\/Telescopic-Hydraulic-Cylinders-116-480x480.webp 480w\" sizes=\"(min-width: 0px) and (max-width: 480px) 480px, (min-width: 481px) 640px, 100vw\" \/><\/p>\n<h2>Hydraulikzylinder und Antriebseinheiten<\/h2>\n<p>Hydraulikzylinder und Hydraulikaggregate sind integrale Bestandteile eines Hydrauliksystems. Ihr Zusammenspiel gew\u00e4hrleistet die breite Anwendung der Hydrauliktechnik in der Industrie und bietet zuverl\u00e4ssige Energie- und Steuerungsunterst\u00fctzung f\u00fcr diverse technische und mechanische Anlagen. Als ausf\u00fchrende Komponente wandelt der Hydraulikzylinder hydraulische Energie in mechanische Bewegung um und transformiert Druck in Kraft. Das Hydraulikaggregat hingegen bildet das Herzst\u00fcck des Systems und liefert die ben\u00f6tigte Energie und Steuersignale. Das reibungslose Zusammenspiel beider Komponenten erm\u00f6glicht den einwandfreien Betrieb des Hydrauliksystems.<\/p>\n<h3>H\u00e4ufig gestellte Fragen<\/h3>\n<p><b>F: Sind Sie ein Handelsunternehmen oder Hersteller?<\/b><br \/>\nA: Wir sind ein Hersteller.<\/p>\n<p><b>F: Wie lange ist Ihre Lieferzeit?<\/b><br \/>\nA: Im Allgemeinen sind es 25\u201335 Tage.<\/p>\n<p><b>F: Stellen Sie Muster zur Verf\u00fcgung? Ist es kostenlos oder extra?<\/b><br \/>\nA: Ja, wir k\u00f6nnten die Probe anbieten, aber sie ist nicht kostenlos.<\/p>\n<h3>\u00dcber FMP<\/h3>\n<p class=\"break-words\">FMP ist ein f\u00fchrender italienischer Hersteller, der sich auf die Konstruktion, Entwicklung und Produktion hochwertiger Hydraulikzylinder spezialisiert hat. Mit unserer langj\u00e4hrigen Erfahrung verbinden wir italienische Handwerkskunst mit modernster Technologie, um au\u00dfergew\u00f6hnliche Hydraulikl\u00f6sungen zu liefern, die auf die vielf\u00e4ltigen Bed\u00fcrfnisse unserer weltweiten Kundschaft zugeschnitten sind. Mit Sitz in Italien, einem Zentrum der Ingenieurskunst, gilt FMP als vertrauensw\u00fcrdiger Name in der Hydraulikbranche und hat sich der Bereitstellung zuverl\u00e4ssiger, langlebiger und innovativer Produkte verschrieben, die Unternehmen weltweit unterst\u00fctzen.<\/p>\n<p class=\"break-words\">Unser Unternehmen verbindet die besten Fertigungstraditionen mit einem zukunftsorientierten Ansatz. Dank langj\u00e4hriger Erfahrung im Bereich Hydrauliksysteme hat sich FMP zu einem modernen Unternehmen entwickelt, das sich durch herausragende Leistungen in Forschung, Design und Produktion auszeichnet. Wir sind spezialisiert auf ein breites Spektrum an Hydraulikzylindern, darunter doppeltwirkende Zylinder, Automobil-Hubzylinder, Landmaschinenzylinder und ma\u00dfgeschneiderte L\u00f6sungen f\u00fcr verschiedene Industrieanwendungen. Ob f\u00fcr Bauwesen, Industrieanlagen, Landwirtschaft oder Schwermaschinen \u2013 unsere Hydraulikzylinder sind f\u00fcr h\u00e4rteste Bedingungen ausgelegt und gew\u00e4hrleisten Sicherheit, Effizienz und Langlebigkeit.<\/p>\n<p><img loading=\"lazy\" decoding=\"async\" class=\"alignnone size-full wp-image-6720\" src=\"https:\/\/fmp-components.com\/wp-content\/uploads\/2025\/03\/hydraulic-cylinder-8.webp\" alt=\"Teleskop-Hydraulikzylinder\" width=\"933\" height=\"526\" title=\"\" srcset=\"https:\/\/fmp-components.com\/wp-content\/uploads\/2025\/03\/hydraulic-cylinder-8.webp 933w, https:\/\/fmp-components.com\/wp-content\/uploads\/2025\/03\/hydraulic-cylinder-8-480x271.webp 480w\" sizes=\"(min-width: 0px) and (max-width: 480px) 480px, (min-width: 481px) 933px, 100vw\" \/><\/p>\n<p class=\"break-words\">Bei FMP sind wir stolz auf unsere hochmodernen Produktionsanlagen, die mit Pr\u00e4zisionsmaschinen und fortschrittlichen Pr\u00fcfsystemen ausgestattet sind. Unsere Fertigungsprozesse entsprechen strengen nationalen und internationalen Standards und gew\u00e4hrleisten, dass jeder Hydraulikzylinder, der unser Werk verl\u00e4sst, von h\u00f6chster Qualit\u00e4t und Zuverl\u00e4ssigkeit ist. Unser qualifiziertes technisches Team und modernste Ausr\u00fcstung erm\u00f6glichen uns eine strenge Qualit\u00e4tskontrolle in jeder Produktionsphase \u2013 von der Rohstoffauswahl bis zur Endkontrolle. Dieses Streben nach Exzellenz hat uns Zertifizierungen und Anerkennungen von Branchenbeh\u00f6rden eingebracht und unseren Ruf als zuverl\u00e4ssiger Partner weiter gefestigt.<\/p>\n<p class=\"break-words\">Unsere Mission ist einfach und doch ehrgeizig: Wir m\u00f6chten unseren Kunden Hydraulikzylinder liefern, die ihre Erwartungen in puncto Leistung, Langlebigkeit und Wert \u00fcbertreffen. Professionalit\u00e4t, Integrit\u00e4t und Kundenorientierung sind unsere Leitprinzipien. Durch Innovation und Pr\u00e4zision entwickeln wir unsere Produkte kontinuierlich weiter, um im Wettbewerb die Nase vorn zu behalten. Unser umfassendes Produktsortiment und unsere F\u00e4higkeit, ma\u00dfgeschneiderte L\u00f6sungen anzubieten, machen uns zur ersten Wahl f\u00fcr Unternehmen, die leistungsstarke Hydraulikzylinder suchen.<\/p>\n<p class=\"break-words\">FMP ist mehr als nur ein Hersteller \u2013 wir sind Ihr Partner f\u00fcr Ihren Erfolg. Wir wissen, dass unsere Kunden auf uns vertrauen, wenn es um Werkzeuge geht, die ihre Produktivit\u00e4t und Sicherheit steigern. Deshalb bieten wir nicht nur erstklassige Produkte, sondern auch hervorragenden Service. Von der ersten Beratung bis zum After-Sales-Support arbeiten wir eng mit unseren Kunden zusammen, um sicherzustellen, dass ihre Bed\u00fcrfnisse professionell und sorgf\u00e4ltig erf\u00fcllt werden. Unsere wettbewerbsf\u00e4higen Preise und unser unerm\u00fcdliches Engagement f\u00fcr Qualit\u00e4t machen FMP zur intelligenten Wahl f\u00fcr Unternehmen, die in zuverl\u00e4ssige Hydraulikl\u00f6sungen investieren m\u00f6chten.<\/p>","protected":false},"excerpt":{"rendered":"<p>Good Quality 2 Stage Hydraulic Cylinder Telescopic Hydraulic Cylinder For Sale This high-quality 2-stage hydraulic cylinder is a must-have for any industry that requires heavy-duty machinery. Ideal for machinery repair shops, farms, energy &amp; mining, machinery manufacturing, and machinery factories, this hydraulic cylinder is designed to excel. Product Features and Functions The hydraulic cylinder comes [&hellip;]<\/p>","protected":false},"featured_media":6780,"comment_status":"closed","ping_status":"closed","template":"","meta":{"_et_pb_use_builder":"","_et_pb_old_content":"","_et_gb_content_width":""},"product_brand":[],"product_cat":[103],"product_tag":[34,105],"class_list":{"0":"post-6491","1":"product","2":"type-product","3":"status-publish","4":"has-post-thumbnail","6":"product_cat-telescopic-hydraulic-cylinders","7":"product_tag-hydraulic-cylinder","8":"product_tag-telescopic-hydraulic-cylinders","10":"first","11":"instock","12":"product-type-simple"},"_links":{"self":[{"href":"https:\/\/fmp-components.com\/de\/wp-json\/wp\/v2\/product\/6491","targetHints":{"allow":["GET"]}}],"collection":[{"href":"https:\/\/fmp-components.com\/de\/wp-json\/wp\/v2\/product"}],"about":[{"href":"https:\/\/fmp-components.com\/de\/wp-json\/wp\/v2\/types\/product"}],"replies":[{"embeddable":true,"href":"https:\/\/fmp-components.com\/de\/wp-json\/wp\/v2\/comments?post=6491"}],"wp:featuredmedia":[{"embeddable":true,"href":"https:\/\/fmp-components.com\/de\/wp-json\/wp\/v2\/media\/6780"}],"wp:attachment":[{"href":"https:\/\/fmp-components.com\/de\/wp-json\/wp\/v2\/media?parent=6491"}],"wp:term":[{"taxonomy":"product_brand","embeddable":true,"href":"https:\/\/fmp-components.com\/de\/wp-json\/wp\/v2\/product_brand?post=6491"},{"taxonomy":"product_cat","embeddable":true,"href":"https:\/\/fmp-components.com\/de\/wp-json\/wp\/v2\/product_cat?post=6491"},{"taxonomy":"product_tag","embeddable":true,"href":"https:\/\/fmp-components.com\/de\/wp-json\/wp\/v2\/product_tag?post=6491"}],"curies":[{"name":"wp","href":"https:\/\/api.w.org\/{rel}","templated":true}]}}