{"id":6416,"date":"2025-03-10T06:11:29","date_gmt":"2025-03-10T06:11:29","guid":{"rendered":"https:\/\/fmp-components.com\/?post_type=product&#038;p=6416"},"modified":"2025-03-10T06:22:50","modified_gmt":"2025-03-10T06:22:50","slug":"spacer-couplings","status":"publish","type":"product","link":"https:\/\/fmp-components.com\/de\/product\/spacer-couplings\/","title":{"rendered":"Distanzkupplungen"},"content":{"rendered":"<p><img loading=\"lazy\" decoding=\"async\" class=\"alignnone size-full wp-image-6418\" src=\"https:\/\/fmp-components.com\/wp-content\/uploads\/2025\/03\/Spacer-Couplings-2.webp\" alt=\"Distanzkupplung\" width=\"1002\" height=\"362\" title=\"\" srcset=\"https:\/\/fmp-components.com\/wp-content\/uploads\/2025\/03\/Spacer-Couplings-2.webp 1002w, https:\/\/fmp-components.com\/wp-content\/uploads\/2025\/03\/Spacer-Couplings-2-980x354.webp 980w, https:\/\/fmp-components.com\/wp-content\/uploads\/2025\/03\/Spacer-Couplings-2-480x173.webp 480w\" sizes=\"(min-width: 0px) and (max-width: 480px) 480px, (min-width: 481px) and (max-width: 980px) 980px, (min-width: 981px) 1002px, 100vw\" \/><\/p>\n<p><img loading=\"lazy\" decoding=\"async\" class=\"alignnone size-full wp-image-6417\" src=\"https:\/\/fmp-components.com\/wp-content\/uploads\/2025\/03\/Spacer-Couplings-3.webp\" alt=\"Distanzkupplung\" width=\"915\" height=\"844\" title=\"\" srcset=\"https:\/\/fmp-components.com\/wp-content\/uploads\/2025\/03\/Spacer-Couplings-3.webp 915w, https:\/\/fmp-components.com\/wp-content\/uploads\/2025\/03\/Spacer-Couplings-3-480x443.webp 480w\" sizes=\"(min-width: 0px) and (max-width: 480px) 480px, (min-width: 481px) 915px, 100vw\" \/><\/p>\n<div class=\"dad65929\">\n<div class=\"f9bf7997 d7dc56a8 c05b5566\">\n<div class=\"ds-markdown ds-markdown--block\">\n<h3>Distanzkupplung vs. flexible Kupplung<\/h3>\n<ol start=\"1\">\n<li><strong>Hauptfunktion<\/strong>:\n<ul>\n<li><strong>Distanzkupplung<\/strong>Der Abstandshalter dient dazu, einen bestimmten Abstand zwischen zwei verbundenen Wellen aufrechtzuerhalten. Er wird h\u00e4ufig eingesetzt, wenn Ger\u00e4te (z. B. Pumpen, Motoren) nicht nahe beieinander positioniert werden k\u00f6nnen. Der Abstandshalter fungiert als starres oder verstellbares Bauteil, um den Spalt zu \u00fcberbr\u00fccken.<\/li>\n<li><strong>Flexible Kupplung<\/strong>Der Fokus liegt auf dem Ausgleich von Fluchtungsfehlern (winklig, parallel oder axial) und der Absorption von Vibrationen\/Sto\u00dfbelastungen. Es erm\u00f6glicht Bewegungen zwischen Wellen, ohne \u00fcberm\u00e4\u00dfige Belastungen auf angeschlossene Maschinen zu \u00fcbertragen.<\/li>\n<\/ul>\n<\/li>\n<li><strong>Design und Flexibilit\u00e4t<\/strong>:\n<ul>\n<li><strong>Distanzkupplung<\/strong>:\n<ul>\n<li>Kann sein\u00a0<strong>starr<\/strong>\u00a0(f\u00fcr pr\u00e4zise Ausrichtung in festen Aufbauten) oder\u00a0<strong>flexibel<\/strong>\u00a0(Kombination von Abstand und Toleranz gegen\u00fcber Fehlausrichtungen).<\/li>\n<li>Beispiele hierf\u00fcr sind starre Distanzh\u00fclsen oder flexible Distanzkonstruktionen mit elastomeren Elementen.<\/li>\n<\/ul>\n<\/li>\n<li><strong>Flexible Kupplung<\/strong>:\n<ul>\n<li>Priorisiert Flexibilit\u00e4t durch Materialien wie Elastomere (z. B. Gummi in Klauenkupplungen) oder mechanische Elemente (z. B. Metallfedern in Scheibenkupplungen).<\/li>\n<li>Zu den Typen geh\u00f6ren Klauen-, Zahnrad-, Scheiben- und Elastomerkupplungen.<\/li>\n<\/ul>\n<\/li>\n<\/ul>\n<\/li>\n<li><strong>Anwendungen<\/strong>:\n<ul>\n<li><strong>Distanzkupplung<\/strong>:\n<ul>\n<li>Wird in Szenarien eingesetzt, die einen festen Wellenabstand erfordern, wie z. B. bei gro\u00dfen Industriemaschinen, Schiffsantriebssystemen oder F\u00f6rderb\u00e4ndern.<\/li>\n<\/ul>\n<\/li>\n<li><strong>Flexible Kupplung<\/strong>:\n<ul>\n<li>Anwendung findet es in Systemen, bei denen eine thermische Ausdehnung, Vibrationen oder Fehlausrichtung zu erwarten sind, wie beispielsweise in Antriebsstr\u00e4ngen von Kraftfahrzeugen, in Klimaanlagen oder in Turbinen.<\/li>\n<\/ul>\n<\/li>\n<\/ul>\n<\/li>\n<li><strong>Installation und Wartung<\/strong>:\n<ul>\n<li><strong>Distanzkupplung<\/strong>:\n<ul>\n<li>Bei der Installation ist oft eine pr\u00e4zise Ausrichtung erforderlich, insbesondere bei starren Ausf\u00fchrungen. Die Wartung kann die \u00dcberpr\u00fcfung der Dichtheit der Abstandshalter umfassen.<\/li>\n<\/ul>\n<\/li>\n<li><strong>Flexible Kupplung<\/strong>:\n<ul>\n<li>Gleicht geringf\u00fcgige Fehlausrichtungen aus und erleichtert so die Installation. Die Wartung konzentriert sich auf den Verschlei\u00df flexibler Elemente (z. B. Austausch von Gummieins\u00e4tzen).<\/li>\n<\/ul>\n<\/li>\n<\/ul>\n<\/li>\n<li><strong>Materielle Erw\u00e4gungen<\/strong>:\n<ul>\n<li><strong>Distanzkupplung<\/strong>Typischerweise bestehen sie aus Metall (Stahl, Aluminium), um eine dauerhafte Distanz zu gew\u00e4hrleisten. Flexible Varianten k\u00f6nnen Elastomere enthalten.<\/li>\n<li><strong>Flexible Kupplung<\/strong>: Kombiniert Metalle mit flexiblen Materialien (Gummi, Urethan) oder verwendet flexible Metallkomponenten (z. B. Edelstahlscheiben).<\/li>\n<\/ul>\n<\/li>\n<\/ol>\n<p>Manche Kupplungen vereinen beide Eigenschaften (z. B. flexible Distanzkupplungen) und erm\u00f6glichen so sowohl die Anpassung des Abstands als auch den Ausgleich von Fehlausrichtungen. Der grundlegende Unterschied bleibt jedoch ihr Hauptzweck: Abstand versus Flexibilit\u00e4t. W\u00e4hlen Sie eine Distanzkupplung, wenn der Abstand entscheidend ist, und eine flexible Kupplung, wenn Bewegung oder Fehlausrichtung im Vordergrund stehen.<\/p>\n<\/div>\n<\/div>\n<\/div>","protected":false},"excerpt":{"rendered":"<p>Spacer Coupling vs. Flexible Coupling Primary Function: Spacer Coupling: Designed to maintain a specific distance between two connected shafts. Commonly used when equipment (e.g., pumps, motors) cannot be positioned close together. The spacer acts as a rigid or adjustable component to bridge the gap. Flexible Coupling: Focuses on accommodating misalignment (angular, parallel, or axial) and [&hellip;]<\/p>","protected":false},"featured_media":6419,"comment_status":"open","ping_status":"closed","template":"","meta":{"_et_pb_use_builder":"","_et_pb_old_content":"","_et_gb_content_width":""},"product_brand":[],"product_cat":[101],"product_tag":[],"class_list":{"0":"post-6416","1":"product","2":"type-product","3":"status-publish","4":"has-post-thumbnail","6":"product_cat-coupling","8":"first","9":"instock","10":"shipping-taxable","11":"product-type-simple"},"_links":{"self":[{"href":"https:\/\/fmp-components.com\/de\/wp-json\/wp\/v2\/product\/6416","targetHints":{"allow":["GET"]}}],"collection":[{"href":"https:\/\/fmp-components.com\/de\/wp-json\/wp\/v2\/product"}],"about":[{"href":"https:\/\/fmp-components.com\/de\/wp-json\/wp\/v2\/types\/product"}],"replies":[{"embeddable":true,"href":"https:\/\/fmp-components.com\/de\/wp-json\/wp\/v2\/comments?post=6416"}],"wp:featuredmedia":[{"embeddable":true,"href":"https:\/\/fmp-components.com\/de\/wp-json\/wp\/v2\/media\/6419"}],"wp:attachment":[{"href":"https:\/\/fmp-components.com\/de\/wp-json\/wp\/v2\/media?parent=6416"}],"wp:term":[{"taxonomy":"product_brand","embeddable":true,"href":"https:\/\/fmp-components.com\/de\/wp-json\/wp\/v2\/product_brand?post=6416"},{"taxonomy":"product_cat","embeddable":true,"href":"https:\/\/fmp-components.com\/de\/wp-json\/wp\/v2\/product_cat?post=6416"},{"taxonomy":"product_tag","embeddable":true,"href":"https:\/\/fmp-components.com\/de\/wp-json\/wp\/v2\/product_tag?post=6416"}],"curies":[{"name":"wp","href":"https:\/\/api.w.org\/{rel}","templated":true}]}}