{"id":6409,"date":"2025-03-10T05:58:14","date_gmt":"2025-03-10T05:58:14","guid":{"rendered":"https:\/\/fmp-components.com\/?post_type=product&#038;p=6409"},"modified":"2025-03-10T05:58:16","modified_gmt":"2025-03-10T05:58:16","slug":"rigid-couplings","status":"publish","type":"product","link":"https:\/\/fmp-components.com\/de\/product\/rigid-couplings\/","title":{"rendered":"Starre Kupplungen"},"content":{"rendered":"<h2>Spezifikationen starrer Kupplungen<\/h2>\n<p><img loading=\"lazy\" decoding=\"async\" class=\"alignnone size-full wp-image-6411\" src=\"https:\/\/fmp-components.com\/wp-content\/uploads\/2025\/03\/rigid-coupling-1.webp\" alt=\"starre Kupplung\" width=\"879\" height=\"698\" title=\"\" srcset=\"https:\/\/fmp-components.com\/wp-content\/uploads\/2025\/03\/rigid-coupling-1.webp 879w, https:\/\/fmp-components.com\/wp-content\/uploads\/2025\/03\/rigid-coupling-1-480x381.webp 480w\" sizes=\"(min-width: 0px) and (max-width: 480px) 480px, (min-width: 481px) 879px, 100vw\" \/><\/p>\n<h2>Merkmale starrer Kupplungen<\/h2>\n<ul>\n<li>Leichtgewichtig, extrem geringe Tr\u00e4gheit und hohe Empfindlichkeit<\/li>\n<li>Wartungsfrei, extrem \u00f6l- und korrosionsbest\u00e4ndig<\/li>\n<li>Aluminiumlegierungen und Edelstahlmaterialien<\/li>\n<li>Geben Sie den Befestigungsbolzentyp, den Cliptyp und den Trennungstyp an<\/li>\n<li>Modelle mit unterschiedlichen Lochgr\u00f6\u00dfen an beiden Enden sind ebenfalls auf Lager verf\u00fcgbar<\/li>\n<\/ul>\n<h2>Vor- und Nachteile starrer Kupplungen<\/h2>\n<p><strong>Vorteile starrer Kupplungen<\/strong><br \/>\nStarre Kupplungen werden h\u00e4ufig in langsam laufenden, sto\u00dffreien Anwendungen eingesetzt, bei denen die Wellen aufgrund ihrer einfachen Konstruktion, Kosteneffizienz und der F\u00e4higkeit, gro\u00dfe Drehmomente zu \u00fcbertragen, eine hohe Steifigkeit und pr\u00e4zise Ausrichtung aufweisen. Ein g\u00e4ngiges Beispiel ist die\u00a0<strong>Flanschkupplung<\/strong>, das aus zwei durch Bolzen verbundenen Flanschscheiben besteht. Jede Scheibe ist \u00fcber eine Passfederverbindung auf einer Welle montiert, wodurch die Drehmoment- und Bewegungs\u00fcbertragung zwischen den beiden Wellen erm\u00f6glicht wird.<\/p>\n<p>Zu den wichtigsten Vorteilen von Flanschkupplungen geh\u00f6ren:<\/p>\n<ol start=\"1\">\n<li><strong>Einfachheit und Erschwinglichkeit<\/strong>: Einfache Herstellung, Installation und Wartung bei niedrigen Produktionskosten.<\/li>\n<li><strong>Hohe Drehmomentkapazit\u00e4t<\/strong>: Kann ein hohes Drehmoment zuverl\u00e4ssig \u00fcbertragen.<\/li>\n<li><strong>Pr\u00e4zise Ausrichtung<\/strong>: Gew\u00e4hrleistet eine genaue Wellenausrichtung und ist daher ideal f\u00fcr Hochgeschwindigkeitsanwendungen oder Systeme, die eine strenge \u00dcbertragungsgenauigkeit erfordern.<\/li>\n<li><strong>Haltbarkeit<\/strong>: Robuste Konstruktion minimiert den Verschlei\u00df unter stabilen Lastbedingungen.<\/li>\n<\/ol>\n<p>Starre Kupplungen verf\u00fcgen jedoch nicht \u00fcber einen radialen, axialen oder Winkelausgleich. Eine fehlerhafte Wellenausrichtung w\u00e4hrend des Betriebs kann zu verminderter Effizienz, erh\u00f6htem Verschlei\u00df, verst\u00e4rkter Vibration und L\u00e4rm f\u00fchren. Um den Drehmomentanforderungen gerecht zu werden, k\u00f6nnen Flanschkupplungen Passlochschrauben f\u00fcr alle oder die H\u00e4lfte der Verbindungen verwenden, w\u00e4hrend die restlichen Schrauben Standardschrauben sind.<\/p>\n<p><strong>Nachteile starrer Kupplungen<\/strong><br \/>\nDer Hauptnachteil starrer Kupplungen, wie Flanschkupplungen, ist ihre\u00a0<strong>strenge Anforderung an die pr\u00e4zise Wellenausrichtung<\/strong>Jede relative Verschiebung zwischen den Wellen f\u00fchrt zu zus\u00e4tzlicher Belastung der angeschlossenen Komponenten und verschlechtert die Betriebsbedingungen. Diese Einschr\u00e4nkung macht sie ungeeignet f\u00fcr Systeme mit potenziellen Fehlausrichtungen, dynamischen Belastungen oder Sto\u00dfd\u00e4mpfungsanforderungen.<\/p>\n<p>Zusammenfassend l\u00e4sst sich sagen, dass starre Kupplungen zwar durch ihre Einfachheit und Drehmoment\u00fcbertragung bei gut ausgerichteten Wellen \u00fcberzeugen, ihre Unf\u00e4higkeit, Fehlausrichtungen auszugleichen, ihre Verwendung in dynamischeren oder flexibleren Systemen jedoch einschr\u00e4nkt.<\/p>\n<p>&nbsp;<\/p>","protected":false},"excerpt":{"rendered":"<p>Specifications of Rigid Couplings Rigid Couplings Features Lightweight, ultra-low inertia, and high sensitivity Maintenance-free, super oil and corrosion resistance Aluminum alloy and stainless steel materials Provide fastening bolt type, clip type and separation type Models with different hole sizes at both ends are also available in stock Advantages and Disadvantages of Rigid Couplings Advantages of [&hellip;]<\/p>","protected":false},"featured_media":6410,"comment_status":"open","ping_status":"closed","template":"","meta":{"_et_pb_use_builder":"","_et_pb_old_content":"","_et_gb_content_width":""},"product_brand":[],"product_cat":[101],"product_tag":[],"class_list":{"0":"post-6409","1":"product","2":"type-product","3":"status-publish","4":"has-post-thumbnail","6":"product_cat-coupling","8":"first","9":"instock","10":"shipping-taxable","11":"product-type-simple"},"_links":{"self":[{"href":"https:\/\/fmp-components.com\/de\/wp-json\/wp\/v2\/product\/6409","targetHints":{"allow":["GET"]}}],"collection":[{"href":"https:\/\/fmp-components.com\/de\/wp-json\/wp\/v2\/product"}],"about":[{"href":"https:\/\/fmp-components.com\/de\/wp-json\/wp\/v2\/types\/product"}],"replies":[{"embeddable":true,"href":"https:\/\/fmp-components.com\/de\/wp-json\/wp\/v2\/comments?post=6409"}],"wp:featuredmedia":[{"embeddable":true,"href":"https:\/\/fmp-components.com\/de\/wp-json\/wp\/v2\/media\/6410"}],"wp:attachment":[{"href":"https:\/\/fmp-components.com\/de\/wp-json\/wp\/v2\/media?parent=6409"}],"wp:term":[{"taxonomy":"product_brand","embeddable":true,"href":"https:\/\/fmp-components.com\/de\/wp-json\/wp\/v2\/product_brand?post=6409"},{"taxonomy":"product_cat","embeddable":true,"href":"https:\/\/fmp-components.com\/de\/wp-json\/wp\/v2\/product_cat?post=6409"},{"taxonomy":"product_tag","embeddable":true,"href":"https:\/\/fmp-components.com\/de\/wp-json\/wp\/v2\/product_tag?post=6409"}],"curies":[{"name":"wp","href":"https:\/\/api.w.org\/{rel}","templated":true}]}}