{"id":6408,"date":"2025-03-10T05:49:58","date_gmt":"2025-03-10T05:49:58","guid":{"rendered":"https:\/\/fmp-components.com\/?post_type=product&#038;p=6408"},"modified":"2025-03-10T05:49:59","modified_gmt":"2025-03-10T05:49:59","slug":"flexible-couplings","status":"publish","type":"product","link":"https:\/\/fmp-components.com\/de\/product\/flexible-couplings\/","title":{"rendered":"Flexible Kupplungen"},"content":{"rendered":"<p>Eine flexible Kupplung ist ein mechanisches Bauteil, das zwei rotierende Wellen verbindet und dabei Fluchtungsfehler ausgleicht, St\u00f6\u00dfe und Vibrationen absorbiert sowie Drehmomente zwischen ihnen \u00fcbertr\u00e4gt. Sie findet breite Anwendung in Maschinen, in denen eine exakte Wellenausrichtung nicht realisierbar ist oder dynamische Kr\u00e4fte (z. B. W\u00e4rmeausdehnung, Vibrationen) reduziert werden m\u00fcssen. Im Folgenden finden Sie eine detaillierte Einf\u00fchrung in flexible Kupplungen:<\/p>\n<h3>Hauptmerkmale<\/h3>\n<ol start=\"1\">\n<li><strong>Fehlausrichtungskompensation<\/strong>:\n<ul>\n<li><strong>Winkel-, Parallel- und Achsenfehlausrichtung<\/strong>Flexible Kupplungen tolerieren geringf\u00fcgige Winkel-, Parallel- (Offset-) oder axiale Verschiebungen zwischen den Wellen.<\/li>\n<li><strong>Arten der Flexibilit\u00e4t<\/strong>: Erreicht durch elastische Elemente, metallische Biegeelemente (z. B. Faltenb\u00e4lge, Tr\u00e4ger) oder mechanische Verbindungen (z. B. Universalgelenke).<\/li>\n<\/ul>\n<\/li>\n<li><strong>Schwingungs- und Sto\u00dfd\u00e4mpfung<\/strong>:\n<ul>\n<li>Verringert die \u00dcbertragung von Vibrationen von Motoren, Antriebsmaschinen oder ungleichm\u00e4\u00dfigen Lasten auf angeschlossene Ger\u00e4te.<\/li>\n<li>Elastomerkupplungen (Gummi\/Polyurethan) eignen sich hervorragend zur D\u00e4mpfung hochfrequenter Schwingungen.<\/li>\n<\/ul>\n<\/li>\n<li><strong>Drehmoment\u00fcbertragung<\/strong>:\n<ul>\n<li>\u00dcbertr\u00e4gt Rotationsenergie effizient und sch\u00fctzt gleichzeitig die Maschinen vor \u00dcberlastung (einige Ausf\u00fchrungen beinhalten Drehmomentbegrenzungsfunktionen).<\/li>\n<\/ul>\n<\/li>\n<li><strong>Elektrische Trennung<\/strong>:\n<ul>\n<li>Bestimmte Kupplungen (z. B. nichtmetallische elastomere Typen) verhindern galvanische Korrosion durch elektrische Trennung ungleicher Metalle.<\/li>\n<\/ul>\n<\/li>\n<li><strong>Wartungsfrei oder wartungsarm<\/strong>:\n<ul>\n<li>Viele moderne flexible Kupplungen ben\u00f6tigen keine Schmierung und haben eine lange Lebensdauer.<\/li>\n<\/ul>\n<\/li>\n<\/ol>\n<p><img loading=\"lazy\" decoding=\"async\" class=\"alignnone size-full wp-image-6398\" src=\"https:\/\/fmp-components.com\/wp-content\/uploads\/2025\/03\/flexible-coupling-1.webp\" alt=\"Flexible Kupplung\" width=\"911\" height=\"349\" title=\"\" srcset=\"https:\/\/fmp-components.com\/wp-content\/uploads\/2025\/03\/flexible-coupling-1.webp 911w, https:\/\/fmp-components.com\/wp-content\/uploads\/2025\/03\/flexible-coupling-1-480x184.webp 480w\" sizes=\"(min-width: 0px) and (max-width: 480px) 480px, (min-width: 481px) 911px, 100vw\" \/><\/p>\n<p><img loading=\"lazy\" decoding=\"async\" class=\"wp-image-6399 aligncenter\" src=\"https:\/\/fmp-components.com\/wp-content\/uploads\/2025\/03\/flexible-coupling-2.webp\" alt=\"elastische Kupplung\" width=\"872\" height=\"938\" title=\"\" srcset=\"https:\/\/fmp-components.com\/wp-content\/uploads\/2025\/03\/flexible-coupling-2.webp 872w, https:\/\/fmp-components.com\/wp-content\/uploads\/2025\/03\/flexible-coupling-2-480x516.webp 480w\" sizes=\"(min-width: 0px) and (max-width: 480px) 480px, (min-width: 481px) 872px, 100vw\" \/><\/p>","protected":false},"excerpt":{"rendered":"<p>A\u00a0flexible coupling\u00a0is a mechanical device designed to connect two rotating shafts while accommodating misalignment, absorbing shocks\/vibrations, and transmitting torque between them. It is widely used in machinery where perfect shaft alignment is impractical or where dynamic forces (e.g., thermal expansion, vibration) must be mitigated. Below is a detailed introduction to flexible couplings: Key Features Misalignment [&hellip;]<\/p>","protected":false},"featured_media":6400,"comment_status":"open","ping_status":"closed","template":"","meta":{"_et_pb_use_builder":"","_et_pb_old_content":"","_et_gb_content_width":""},"product_brand":[],"product_cat":[101],"product_tag":[],"class_list":{"0":"post-6408","1":"product","2":"type-product","3":"status-publish","4":"has-post-thumbnail","6":"product_cat-coupling","8":"first","9":"instock","10":"shipping-taxable","11":"product-type-simple"},"_links":{"self":[{"href":"https:\/\/fmp-components.com\/de\/wp-json\/wp\/v2\/product\/6408","targetHints":{"allow":["GET"]}}],"collection":[{"href":"https:\/\/fmp-components.com\/de\/wp-json\/wp\/v2\/product"}],"about":[{"href":"https:\/\/fmp-components.com\/de\/wp-json\/wp\/v2\/types\/product"}],"replies":[{"embeddable":true,"href":"https:\/\/fmp-components.com\/de\/wp-json\/wp\/v2\/comments?post=6408"}],"wp:featuredmedia":[{"embeddable":true,"href":"https:\/\/fmp-components.com\/de\/wp-json\/wp\/v2\/media\/6400"}],"wp:attachment":[{"href":"https:\/\/fmp-components.com\/de\/wp-json\/wp\/v2\/media?parent=6408"}],"wp:term":[{"taxonomy":"product_brand","embeddable":true,"href":"https:\/\/fmp-components.com\/de\/wp-json\/wp\/v2\/product_brand?post=6408"},{"taxonomy":"product_cat","embeddable":true,"href":"https:\/\/fmp-components.com\/de\/wp-json\/wp\/v2\/product_cat?post=6408"},{"taxonomy":"product_tag","embeddable":true,"href":"https:\/\/fmp-components.com\/de\/wp-json\/wp\/v2\/product_tag?post=6408"}],"curies":[{"name":"wp","href":"https:\/\/api.w.org\/{rel}","templated":true}]}}