{"id":6402,"date":"2025-03-10T05:41:33","date_gmt":"2025-03-10T05:41:33","guid":{"rendered":"https:\/\/fmp-components.com\/?post_type=product&#038;p=6402"},"modified":"2025-03-10T05:41:33","modified_gmt":"2025-03-10T05:41:33","slug":"mh-couplings","status":"publish","type":"product","link":"https:\/\/fmp-components.com\/de\/product\/mh-couplings\/","title":{"rendered":"MH-Kupplungen"},"content":{"rendered":"<p>Die MH-Serie ist eine flexible Kupplung aus synthetischem Gummi mit zwei \u00e4hnlichen Gusseisenk\u00f6rpern. Die hochwertigen Gusseisenflansche dienen haupts\u00e4chlich der Kraft\u00fcbertragung und sch\u00fctzen den flexiblen Gummi. Der elastische Gummi sorgt f\u00fcr hervorragende Haltbarkeit und hochwertige Kupplungsleistung. Die MH-Kupplung besteht aus zwei Flanschen und elastischen Ringen, die verschiedene Arten von Wellenfehlstellungen ausgleichen k\u00f6nnen. Der elastische Ring besteht aus synthetischem Gummi und ist innen mit einem Stahlkern verst\u00e4rkt, um die Zuverl\u00e4ssigkeit der Kupplung und die maximale Betriebsdrehzahl zu erh\u00f6hen. Die D\u00e4mpfungseigenschaften des Gummis absorbieren und unterdr\u00fccken Torsionsschwingungen und funktionieren effektiv in einem Temperaturbereich von -40 bis +100 \u00b0C. Dar\u00fcber hinaus ist der Gummi best\u00e4ndig gegen \u00d6l, Schmutz, Fett, Feuchtigkeit, Ozon und viele chemische L\u00f6sungsmittel.<\/p>\n<h2>Aufbau von MH-Kupplungen<\/h2>\n<p><img loading=\"lazy\" decoding=\"async\" class=\"size-full wp-image-6405 aligncenter\" src=\"https:\/\/fmp-components.com\/wp-content\/uploads\/2025\/03\/mh-couplings-1.webp\" alt=\"MH-Kupplung\" width=\"600\" height=\"400\" title=\"\" srcset=\"https:\/\/fmp-components.com\/wp-content\/uploads\/2025\/03\/mh-couplings-1.webp 600w, https:\/\/fmp-components.com\/wp-content\/uploads\/2025\/03\/mh-couplings-1-480x320.webp 480w\" sizes=\"(min-width: 0px) and (max-width: 480px) 480px, (min-width: 481px) 600px, 100vw\" \/> \u00a0<img loading=\"lazy\" decoding=\"async\" class=\"size-full wp-image-6407 aligncenter\" src=\"https:\/\/fmp-components.com\/wp-content\/uploads\/2025\/03\/k3gaks3a-mh-coupling-2.webp\" alt=\"MH-Kupplung\" width=\"686\" height=\"429\" title=\"\" srcset=\"https:\/\/fmp-components.com\/wp-content\/uploads\/2025\/03\/k3gaks3a-mh-coupling-2.webp 686w, https:\/\/fmp-components.com\/wp-content\/uploads\/2025\/03\/k3gaks3a-mh-coupling-2-480x300.webp 480w\" sizes=\"(min-width: 0px) and (max-width: 480px) 480px, (min-width: 481px) 686px, 100vw\" \/><\/p>\n<h2>MH-Kupplungsspezifikationen<\/h2>\n<p><img loading=\"lazy\" decoding=\"async\" class=\"alignnone size-full wp-image-6395\" src=\"https:\/\/fmp-components.com\/wp-content\/uploads\/2025\/03\/mh-coupling-1.webp\" alt=\"MH-Kupplung\" width=\"867\" height=\"567\" title=\"\" srcset=\"https:\/\/fmp-components.com\/wp-content\/uploads\/2025\/03\/mh-coupling-1.webp 867w, https:\/\/fmp-components.com\/wp-content\/uploads\/2025\/03\/mh-coupling-1-480x314.webp 480w\" sizes=\"(min-width: 0px) and (max-width: 480px) 480px, (min-width: 481px) 867px, 100vw\" \/><\/p>\n<h3>Anwendungen von MH-Kupplungen<\/h3>\n<p>MH-Kupplungen k\u00f6nnen je nach spezifischer Konstruktion und Branchenkontext verschiedene Kupplungstypen mit jeweils unterschiedlichen Anwendungsgebieten bezeichnen. Nachfolgend finden Sie eine strukturierte \u00dcbersicht \u00fcber m\u00f6gliche Anwendungen basierend auf g\u00e4ngigen Interpretationen:<\/p>\n<h4>Allgemeine Industriemaschinen<\/h4>\n<ul>\n<li>Pumpen und Kompressoren: Verbinden Sie Motoren mit Wellen, gleichen Sie Fehlausrichtungen aus und reduzieren Sie die Vibrations\u00fcbertragung.<\/li>\n<li>F\u00f6rdersysteme: Verbinden Sie Antriebsmotoren mit F\u00f6rderb\u00e4ndern und ber\u00fccksichtigen Sie Ausrichtungsverschiebungen aufgrund von betriebsbedingtem Verschlei\u00df.<\/li>\n<li>L\u00fcfter und Gebl\u00e4se: D\u00e4mpfen Vibrationen und bew\u00e4ltigen die W\u00e4rmeausdehnung in HLK-Systemen.<\/li>\n<\/ul>\n<h4>Pr\u00e4zise Bewegungssteuerung<\/h4>\n<ul>\n<li>Robotik: Hochpr\u00e4zise Balg- oder Schraubenkupplungen (z. B. R+W MH-Serie) sorgen f\u00fcr Spielfreiheit in servoangetriebenen Gelenken.<\/li>\n<li>CNC-Maschinen: \u00dcbertragen pr\u00e4zise Bewegungen von Motoren auf Spindeln oder Leitspindeln.<\/li>\n<li>Halbleiterfertigung: Wird in Reinraumger\u00e4ten zur genauen Positionierung verwendet.<\/li>\n<\/ul>\n<h4>Hydraulik- und Fluidsysteme<\/h4>\n<ul>\n<li>Schnellverschlusskupplungen: Erm\u00f6glichen schnelle, leckagefreie Verbindungen in hydraulischen Maschinen (Bau, Landwirtschaft).<\/li>\n<li>Chemieanlagen: Metallschlauchkupplungen sind f\u00fcr den Umgang mit korrosiven Fl\u00fcssigkeiten und hohen Temperaturen geeignet.<\/li>\n<\/ul>\n<h4>Umgebungen mit hohen Temperaturen\/korrosiven Einfl\u00fcssen<\/h4>\n<ul>\n<li>Abgassysteme: Automobil-\/Schifffahrtsanwendungen mit hitzebest\u00e4ndigen Metallschlauchkupplungen.<\/li>\n<li>\u00d6l und Gas: Flexible Kupplungen in Pipelines zur Regulierung von W\u00e4rmeausdehnung und Vibration.<\/li>\n<\/ul>\n<h4>Marine und Offshore<\/h4>\n<ul>\n<li>Antriebssysteme: Ausgleich von Wellenfehlstellungen durch Rumpfbiegungen.<\/li>\n<li>Decksmaschinen: Verbinden Sie Antriebe in Winden\/Kr\u00e4nen, die dynamischen Belastungen ausgesetzt sind.<\/li>\n<\/ul>\n<h4>Erneuerbare Energien<\/h4>\n<ul>\n<li><strong>Windkraftanlagen<\/strong>: Kupplungen zwischen Getrieben und Generatoren, die mit variablen Lasten und Fehlausrichtungen umgehen.<\/li>\n<\/ul>\n<p><img loading=\"lazy\" decoding=\"async\" class=\"wp-image-6406 aligncenter\" src=\"https:\/\/fmp-components.com\/wp-content\/uploads\/2025\/03\/mh-couplings-2.webp\" alt=\"MH-Kupplung\" width=\"652\" height=\"652\" title=\"\" srcset=\"https:\/\/fmp-components.com\/wp-content\/uploads\/2025\/03\/mh-couplings-2.webp 652w, https:\/\/fmp-components.com\/wp-content\/uploads\/2025\/03\/mh-couplings-2-480x480.webp 480w\" sizes=\"(min-width: 0px) and (max-width: 480px) 480px, (min-width: 481px) 652px, 100vw\" \/><\/p>","protected":false},"excerpt":{"rendered":"<p>The MH series is a flexible coupling device constructed of synthetic rubber with two similar cast iron bodies. The high-quality cast iron flanges are mainly used for power transmission and protect the flexible rubber. Its elastic rubber provides excellent durability and quality coupling performance. The MH coupling consists of two flanges and elastic rings, which [&hellip;]<\/p>","protected":false},"featured_media":6404,"comment_status":"open","ping_status":"closed","template":"","meta":{"_et_pb_use_builder":"","_et_pb_old_content":"","_et_gb_content_width":""},"product_brand":[],"product_cat":[101],"product_tag":[],"class_list":{"0":"post-6402","1":"product","2":"type-product","3":"status-publish","4":"has-post-thumbnail","6":"product_cat-coupling","8":"first","9":"instock","10":"shipping-taxable","11":"product-type-simple"},"_links":{"self":[{"href":"https:\/\/fmp-components.com\/de\/wp-json\/wp\/v2\/product\/6402","targetHints":{"allow":["GET"]}}],"collection":[{"href":"https:\/\/fmp-components.com\/de\/wp-json\/wp\/v2\/product"}],"about":[{"href":"https:\/\/fmp-components.com\/de\/wp-json\/wp\/v2\/types\/product"}],"replies":[{"embeddable":true,"href":"https:\/\/fmp-components.com\/de\/wp-json\/wp\/v2\/comments?post=6402"}],"wp:featuredmedia":[{"embeddable":true,"href":"https:\/\/fmp-components.com\/de\/wp-json\/wp\/v2\/media\/6404"}],"wp:attachment":[{"href":"https:\/\/fmp-components.com\/de\/wp-json\/wp\/v2\/media?parent=6402"}],"wp:term":[{"taxonomy":"product_brand","embeddable":true,"href":"https:\/\/fmp-components.com\/de\/wp-json\/wp\/v2\/product_brand?post=6402"},{"taxonomy":"product_cat","embeddable":true,"href":"https:\/\/fmp-components.com\/de\/wp-json\/wp\/v2\/product_cat?post=6402"},{"taxonomy":"product_tag","embeddable":true,"href":"https:\/\/fmp-components.com\/de\/wp-json\/wp\/v2\/product_tag?post=6402"}],"curies":[{"name":"wp","href":"https:\/\/api.w.org\/{rel}","templated":true}]}}