{"id":6394,"date":"2025-03-10T05:33:12","date_gmt":"2025-03-10T05:33:12","guid":{"rendered":"https:\/\/fmp-components.com\/?post_type=product&#038;p=6394"},"modified":"2025-03-10T05:57:43","modified_gmt":"2025-03-10T05:57:43","slug":"pin-couplings","status":"publish","type":"product","link":"https:\/\/fmp-components.com\/de\/product\/pin-couplings\/","title":{"rendered":"PIN-Kupplungen"},"content":{"rendered":"<p>Bei der Buchsenbolzenkupplung befindet sich zwischen den elastischen Elementen ein Zwischenring. Dieser Ring ist beweglich und mittels eines Bolzens mit der Endscheibe verbunden. Die Kraft\u00fcbertragung auf die andere Kupplungsh\u00e4lfte erfolgt \u00fcber das am Bolzen befestigte elastische Element. Da Bolzen und Kupplungsh\u00e4lfte nicht starr verbunden sind, erm\u00f6glicht dies eine gleichm\u00e4\u00dfige Belastung und reduziert Seitenkr\u00e4fte deutlich.<\/p>\n<p>Der Vorteil dieser Kupplung liegt darin, dass sie auch bei leicht fluchtenden Wellen problemlos funktioniert und durch ihre Flexibilit\u00e4t Vibrationen und St\u00f6\u00dfe absorbiert. Sie eignet sich besonders f\u00fcr Situationen mit axialer, radialer oder winkliger Fluchtungsabweichung und ist ein flexibles Kupplungselement.<\/p>\n<h2>Abmessungen von Stiftkupplungen<\/h2>\n<p><img loading=\"lazy\" decoding=\"async\" class=\"alignnone size-full wp-image-6401\" src=\"https:\/\/fmp-components.com\/wp-content\/uploads\/2025\/03\/pin-coupling-specification.webp\" alt=\"Stiftkupplungsspezifikation\" width=\"873\" height=\"687\" title=\"\" srcset=\"https:\/\/fmp-components.com\/wp-content\/uploads\/2025\/03\/pin-coupling-specification.webp 873w, https:\/\/fmp-components.com\/wp-content\/uploads\/2025\/03\/pin-coupling-specification-480x378.webp 480w\" sizes=\"(min-width: 0px) and (max-width: 480px) 480px, (min-width: 481px) 873px, 100vw\" \/><\/p>\n<h3>Merkmale von Stiftkupplungen<\/h3>\n<p>1. Kosteng\u00fcnstiges und benutzerfreundliches Design<\/p>\n<ul>\n<li>Kosteng\u00fcnstig: Wirtschaftliche L\u00f6sung f\u00fcr die Drehmoment\u00fcbertragung zwischen Wellen.<\/li>\n<li>Unkomplizierte Montage: Der optimierte Installationsprozess minimiert Ausfallzeiten.<\/li>\n<li>Materialvielfalt: Typischerweise aus Metall oder Gummi gefertigt, wobei spezielle Varianten f\u00fcr eine erh\u00f6hte Gelenkfestigkeit erh\u00e4ltlich sind.<\/li>\n<\/ul>\n<p>2. Mechanische Vorteile<\/p>\n<ul>\n<li>Toleranz gegen\u00fcber Fehlausrichtungen: Kann Winkel-, Parallel- und axiale Wellenfehlausrichtungen ausgleichen und so die Belastung angeschlossener Ger\u00e4te reduzieren.<\/li>\n<li>Kraftwiderstand: Nutzt die Reibung an den Kontaktfl\u00e4chen, um gro\u00dfe Kr\u00e4fte aufzunehmen, wodurch Vibrationen effektiv ged\u00e4mpft und die Lebensdauer der Maschine verl\u00e4ngert werden.<\/li>\n<\/ul>\n<p>3. Technische Design\u00fcberlegungen<\/p>\n<ul>\n<li>Optimierung der Drei-Pin-Kopplung:\n<ul>\n<li>Reibungsmanagement: Die Schnittstellenfl\u00e4che ist f\u00fcr h\u00f6here Reibung ausgelegt, w\u00e4hrend die Stiftkanten eine geringe Reibung aufweisen, um ein asymmetrisches Biegen zu verhindern.<\/li>\n<li>Noppenreibscheiben: Optionale Ausstattung zur Verbesserung der Reibungseigenschaften und der Drehmoment\u00fcbertragungseffizienz.<\/li>\n<\/ul>\n<\/li>\n<li>Vorspannungsgenauigkeit: Die Schrauben m\u00fcssen mit einem Drehmoment von mindestens 10% der Endlast angezogen werden, um einen sicheren Kontakt zwischen Stift und Schnittstelle sowie eine optimale Leistung zu gew\u00e4hrleisten.<\/li>\n<\/ul>\n<p>4. Ausfallsichere und sch\u00fctzende Rolle<\/p>\n<ul>\n<li>Dient als mechanische Schutzvorrichtung, indem sie Sto\u00dfbelastungen absorbiert und Sch\u00e4den an kritischen Bauteilen unter \u00dcberlastbedingungen verhindert.<\/li>\n<\/ul>\n<p>5. Anpassbarkeit und Anpassungsf\u00e4higkeit<\/p>\n<ul>\n<li>Spezialkonfigurationen: Erh\u00e4ltlich in ma\u00dfgeschneiderten Ausf\u00fchrungen, um spezifischen Betriebsanforderungen gerecht zu werden, wie z. B. hohen Drehmomenten oder korrosiven Umgebungen.<\/li>\n<\/ul>\n<p>Stiftkupplungen bieten ein ausgewogenes Verh\u00e4ltnis von Einfachheit, Robustheit und Anpassungsf\u00e4higkeit und sind daher ideal f\u00fcr Systeme, die eine kosteneffiziente Drehmoment\u00fcbertragung mit integrierter Kompensation von Fluchtungsfehlern und Vibrationen erfordern.<\/p>","protected":false},"excerpt":{"rendered":"<p>In the bushing pin coupling, there is an intermediate ring between the elastic elements. This ring is floating and connected to the end disc aligned by a pin. The coupling is transmitted to the other half of the coupling via the elastic element mounted on the pin, while the pin and the half of the [&hellip;]<\/p>","protected":false},"featured_media":6396,"comment_status":"open","ping_status":"closed","template":"","meta":{"_et_pb_use_builder":"","_et_pb_old_content":"","_et_gb_content_width":""},"product_brand":[],"product_cat":[101],"product_tag":[],"class_list":{"0":"post-6394","1":"product","2":"type-product","3":"status-publish","4":"has-post-thumbnail","6":"product_cat-coupling","8":"first","9":"instock","10":"shipping-taxable","11":"product-type-simple"},"_links":{"self":[{"href":"https:\/\/fmp-components.com\/de\/wp-json\/wp\/v2\/product\/6394","targetHints":{"allow":["GET"]}}],"collection":[{"href":"https:\/\/fmp-components.com\/de\/wp-json\/wp\/v2\/product"}],"about":[{"href":"https:\/\/fmp-components.com\/de\/wp-json\/wp\/v2\/types\/product"}],"replies":[{"embeddable":true,"href":"https:\/\/fmp-components.com\/de\/wp-json\/wp\/v2\/comments?post=6394"}],"wp:featuredmedia":[{"embeddable":true,"href":"https:\/\/fmp-components.com\/de\/wp-json\/wp\/v2\/media\/6396"}],"wp:attachment":[{"href":"https:\/\/fmp-components.com\/de\/wp-json\/wp\/v2\/media?parent=6394"}],"wp:term":[{"taxonomy":"product_brand","embeddable":true,"href":"https:\/\/fmp-components.com\/de\/wp-json\/wp\/v2\/product_brand?post=6394"},{"taxonomy":"product_cat","embeddable":true,"href":"https:\/\/fmp-components.com\/de\/wp-json\/wp\/v2\/product_cat?post=6394"},{"taxonomy":"product_tag","embeddable":true,"href":"https:\/\/fmp-components.com\/de\/wp-json\/wp\/v2\/product_tag?post=6394"}],"curies":[{"name":"wp","href":"https:\/\/api.w.org\/{rel}","templated":true}]}}