{"id":587,"date":"2024-12-17T01:21:39","date_gmt":"2024-12-17T01:21:39","guid":{"rendered":"https:\/\/fmp-components.com\/?page_id=8"},"modified":"2024-12-17T03:06:10","modified_gmt":"2024-12-17T03:06:10","slug":"hydraulic-cylinder-for-press","status":"publish","type":"product","link":"https:\/\/fmp-components.com\/de\/product\/hydraulic-cylinder-for-press\/","title":{"rendered":"Hydraulikzylinder f\u00fcr Presse"},"content":{"rendered":"<p style=\"text-align: center;\"><span style=\"font-size: 18pt;\">Hydraulikzylinder f\u00fcr Presse<\/span><\/p>\n<p>Der Hydraulikzylinder f\u00fcr Pressen ist eine spezielle Hydraulikkomponente, die f\u00fcr Pressanwendungen in verschiedenen industriellen Bereichen hohe Kr\u00e4fte bereitstellt. Dieser Zylinder ist unerl\u00e4sslich f\u00fcr Vorg\u00e4nge wie die Metallumformung, das Kunststoffformen und Montageprozesse, bei denen hohe Kr\u00e4fte zum Formen oder Komprimieren von Materialien ben\u00f6tigt werden.<\/p>\n<p><img loading=\"lazy\" decoding=\"async\" class=\"alignnone size-full wp-image-602\" src=\"https:\/\/fmp-components.com\/wp-content\/uploads\/2024\/12\/Hydraulic-Press-Master-Cylinder.webp\" alt=\"Hydraulik-Pressen-Hauptzylinder\" width=\"1000\" height=\"600\" title=\"\" srcset=\"https:\/\/fmp-components.com\/wp-content\/uploads\/2024\/12\/Hydraulic-Press-Master-Cylinder.webp 1000w, https:\/\/fmp-components.com\/wp-content\/uploads\/2024\/12\/Hydraulic-Press-Master-Cylinder-980x588.webp 980w, https:\/\/fmp-components.com\/wp-content\/uploads\/2024\/12\/Hydraulic-Press-Master-Cylinder-480x288.webp 480w\" sizes=\"(min-width: 0px) and (max-width: 480px) 480px, (min-width: 481px) and (max-width: 980px) 980px, (min-width: 981px) 1000px, 100vw\" \/><\/p>\n<h4>Hauptmerkmale:<\/h4>\n<ul>\n<li><strong>Hohe Kraftabgabe:<\/strong> Dieser Zylinder wurde entwickelt, um eine erhebliche hydraulische Kraft zu erzeugen und ist daher in der Lage, schwere Lasten zu bew\u00e4ltigen. Dadurch eignet er sich ideal f\u00fcr anspruchsvolle Pressaufgaben.<\/li>\n<li><strong>Robuste Konstruktion:<\/strong> Der aus hochfesten Materialien gefertigte Hydraulikzylinder ist so konstruiert, dass er den rauen Bedingungen industrieller Umgebungen standh\u00e4lt und somit eine lange Lebensdauer und Zuverl\u00e4ssigkeit gew\u00e4hrleistet.<\/li>\n<li><strong>Reibungsloser Betrieb:<\/strong> Die fortschrittliche Hydraulikkonstruktion erm\u00f6glicht gleichm\u00e4\u00dfige und kontrollierte Bewegungen und sorgt so f\u00fcr eine pr\u00e4zise Steuerung w\u00e4hrend des Pressvorgangs, um die gew\u00fcnschten Ergebnisse zu erzielen.<\/li>\n<li><strong>Vielseitige Anwendung:<\/strong> Dieser Zylinder eignet sich f\u00fcr eine breite Palette von Pressmaschinen und verbessert die Funktionalit\u00e4t verschiedener Anwendungen, unter anderem in der Automobil-, Fertigungs- und Metallverarbeitungsindustrie.<\/li>\n<li><strong>Geringer Wartungsaufwand:<\/strong> Der Hydraulikzylinder ist auf minimalen Verschlei\u00df ausgelegt und erfordert weniger Wartung, wodurch Ausfallzeiten reduziert und die Produktivit\u00e4t gesteigert wird.<\/li>\n<\/ul>\n<p>Der Hydraulikzylinder f\u00fcr Pressen ist eine essentielle Komponente, die die Leistung und Effizienz von Pressanwendungen optimiert und somit f\u00fcr die effektive Materialformung und -kompression in unterschiedlichsten industriellen Umgebungen unverzichtbar ist.<\/p>\n<h2>Hauptzylinder der Hydraulikpresse<\/h2>\n<p><img loading=\"lazy\" decoding=\"async\" class=\"size-full wp-image-596 aligncenter\" src=\"https:\/\/fmp-components.com\/wp-content\/uploads\/2024\/12\/Hydraulic-Press-Master-Cylinder1.webp\" alt=\"Hauptzylinder der Hydraulikpresse\" width=\"500\" height=\"200\" title=\"\" srcset=\"https:\/\/fmp-components.com\/wp-content\/uploads\/2024\/12\/Hydraulic-Press-Master-Cylinder1.webp 500w, https:\/\/fmp-components.com\/wp-content\/uploads\/2024\/12\/Hydraulic-Press-Master-Cylinder1-480x192.webp 480w\" sizes=\"(min-width: 0px) and (max-width: 480px) 480px, (min-width: 481px) 500px, 100vw\" \/><\/p>\n<table style=\"width: 98.4519%; height: 229px;\" border=\"1\" cellspacing=\"0\" cellpadding=\"0\">\n<tbody>\n<tr>\n<td>Produktname<\/td>\n<td>Hauptzylinder der Hydraulikpresse<\/td>\n<\/tr>\n<tr>\n<td>Merkmale:<\/td>\n<td>Den Hauptschub f\u00fcr die Presse bereitstellen.<\/td>\n<\/tr>\n<tr>\n<td>P\u00fcmpel:<\/td>\n<td>500 mm bis 1800 mm<br \/>\nHub \u2264 4500 mm<\/td>\n<\/tr>\n<tr>\n<td>Schubkraft:<\/td>\n<td>Maximal 80MN<br \/>\n(Kolben 1800 mm \/ Druck 31,5 MPa)<\/td>\n<\/tr>\n<tr>\n<td>Anwendungsbereiche von hydraulischen Hauptzylindern:<\/td>\n<td>Dr\u00fccken<\/td>\n<\/tr>\n<\/tbody>\n<\/table>\n<h2>Hydraulikpressen-Seitenzylinder<\/h2>\n<p><img loading=\"lazy\" decoding=\"async\" class=\"size-full wp-image-600 aligncenter\" src=\"https:\/\/fmp-components.com\/wp-content\/uploads\/2024\/12\/Hydraulic-Press-Side-Cylinder1.webp\" alt=\"Hydraulikpressen-Seitenzylinder\" width=\"500\" height=\"200\" title=\"\" srcset=\"https:\/\/fmp-components.com\/wp-content\/uploads\/2024\/12\/Hydraulic-Press-Side-Cylinder1.webp 500w, https:\/\/fmp-components.com\/wp-content\/uploads\/2024\/12\/Hydraulic-Press-Side-Cylinder1-480x192.webp 480w\" sizes=\"(min-width: 0px) and (max-width: 480px) 480px, (min-width: 481px) 500px, 100vw\" \/><\/p>\n<table style=\"width: 98.5144%; height: 257px;\" border=\"1\" cellspacing=\"0\" cellpadding=\"0\">\n<tbody>\n<tr style=\"height: 23px;\">\n<td style=\"height: 23px;\">Produktname<\/td>\n<td style=\"height: 23px;\">Hydraulikpressen-Seitenzylinder<\/td>\n<\/tr>\n<tr style=\"height: 23px;\">\n<td style=\"height: 23px;\">Merkmale:<\/td>\n<td style=\"height: 23px;\">Den Schub f\u00fcr die Presse mit dem Hauptbremszylinder bereitstellen<\/td>\n<\/tr>\n<tr style=\"height: 23px;\">\n<td style=\"height: 23px;\">P\u00fcmpel:<\/td>\n<td style=\"height: 23px;\">420 mm bis 1000 mm<\/td>\n<\/tr>\n<tr style=\"height: 23px;\">\n<td style=\"height: 23px;\">Schlaganfall:<\/td>\n<td style=\"height: 23px;\">Hub \u2264 4500 mm<\/td>\n<\/tr>\n<tr style=\"height: 47px;\">\n<td style=\"height: 47px;\">Schubkraft:<\/td>\n<td style=\"height: 47px;\">Maximal 24,7 MN<br \/>\n(Kolben 1000 mm \/ Druck 31,5 MPa)<\/td>\n<\/tr>\n<tr style=\"height: 23px;\">\n<td style=\"height: 23px;\">Anwendungsbereiche von hydraulischen Seitenzylindern:<\/td>\n<td style=\"height: 23px;\">Hydraulische Presse<\/td>\n<\/tr>\n<\/tbody>\n<\/table>\n<h2>R\u00fccklaufzylinder der Hydraulikpresse<\/h2>\n<p><img loading=\"lazy\" decoding=\"async\" class=\"size-full wp-image-599 aligncenter\" src=\"https:\/\/fmp-components.com\/wp-content\/uploads\/2024\/12\/Hydraulic-Press-Return-Cylinder1.webp\" alt=\"R\u00fccklaufzylinder der Hydraulikpresse\" width=\"500\" height=\"200\" title=\"\" srcset=\"https:\/\/fmp-components.com\/wp-content\/uploads\/2024\/12\/Hydraulic-Press-Return-Cylinder1.webp 500w, https:\/\/fmp-components.com\/wp-content\/uploads\/2024\/12\/Hydraulic-Press-Return-Cylinder1-480x192.webp 480w\" sizes=\"(min-width: 0px) and (max-width: 480px) 480px, (min-width: 481px) 500px, 100vw\" \/><\/p>\n<table style=\"width: 98.5637%; height: 319px;\" border=\"1\" cellspacing=\"0\" cellpadding=\"0\">\n<tbody>\n<tr>\n<td>Produktname<\/td>\n<td>R\u00fccklaufzylinder der Hydraulikpresse<\/td>\n<\/tr>\n<tr>\n<td>Merkmale:<\/td>\n<td>Bereitstellung der R\u00fcckstellkraft f\u00fcr Hauptzylinder und Seitenzylinder, unterteilt in Kolben-\/Plungertyp.<\/td>\n<\/tr>\n<tr>\n<td>Bohrungsdurchmesser:<\/td>\n<td>180 mm bis 410 mm<\/td>\n<\/tr>\n<tr>\n<td>Stangendurchmesser:<\/td>\n<td>\u00a0120 mm bis 360 mm<br \/>\nHub \u2264 4500 mm<\/td>\n<\/tr>\n<tr>\n<td>Schubkraft:<\/td>\n<td>Maximal 2612 kN<br \/>\n(Bohrungsdurchmesser: 410 mm \/ Druck: 31,5 MPa)<\/td>\n<\/tr>\n<tr>\n<td>P\u00fcmpel:<\/td>\n<td>\u00a0140 mm bis 360 mm<br \/>\nHub \u2264 3000 mm<\/td>\n<\/tr>\n<tr>\n<td>Kolbenschubkraft:<\/td>\n<td>Maximal 3206 kN<br \/>\n(Kolben 360 mm\/Druck 31,5 MPa)<\/td>\n<\/tr>\n<tr>\n<td>Anwendungen f\u00fcr R\u00fcckholzylinder in Hydraulikpressen:<\/td>\n<td>Hydraulische Presse<\/td>\n<\/tr>\n<\/tbody>\n<\/table>\n<h2>Hydraulikpressen-Nivellierzylinder<\/h2>\n<p><img loading=\"lazy\" decoding=\"async\" class=\"size-full wp-image-595 aligncenter\" src=\"https:\/\/fmp-components.com\/wp-content\/uploads\/2024\/12\/Hydraulic-Press-Leveling-Cylinder1.webp\" alt=\"Hydraulikpressen-Nivellierzylinder\" width=\"500\" height=\"200\" title=\"\" srcset=\"https:\/\/fmp-components.com\/wp-content\/uploads\/2024\/12\/Hydraulic-Press-Leveling-Cylinder1.webp 500w, https:\/\/fmp-components.com\/wp-content\/uploads\/2024\/12\/Hydraulic-Press-Leveling-Cylinder1-480x192.webp 480w\" sizes=\"(min-width: 0px) and (max-width: 480px) 480px, (min-width: 481px) 500px, 100vw\" \/><\/p>\n<table style=\"width: 101.009%; height: 270px;\" border=\"1\" cellspacing=\"0\" cellpadding=\"0\">\n<tbody>\n<tr>\n<td>Produktname<\/td>\n<td>Hydraulikpressen-Nivellierzylinder<\/td>\n<\/tr>\n<tr>\n<td>Merkmale:<\/td>\n<td>Paralleles Anheben von Rohlingen oder Werkst\u00fccken<\/td>\n<\/tr>\n<tr>\n<td>Bohrungsdurchmesser:<\/td>\n<td>\u00a090 mm bis 380 mm<\/td>\n<\/tr>\n<tr>\n<td>Stangendurchmesser:<\/td>\n<td>50 mm bis 280 mm<br \/>\nHub \u2264 2500 mm<\/td>\n<\/tr>\n<tr>\n<td>Schubkraft:<\/td>\n<td>Maximal 2835 kN<br \/>\n(Zylinderdurchmesser 380 mm \/ Druck 25 MPa)<\/td>\n<\/tr>\n<tr>\n<td>Anwendungsbereiche f\u00fcr Nivellierzylinder in hydraulischen Pressen:<\/td>\n<td>Hydraulische Presse<\/td>\n<\/tr>\n<\/tbody>\n<\/table>\n<h2>Kippzylinder f\u00fcr hydraulische Presse<\/h2>\n<p><img loading=\"lazy\" decoding=\"async\" class=\"size-full wp-image-601 aligncenter\" src=\"https:\/\/fmp-components.com\/wp-content\/uploads\/2024\/12\/Hydraulic-Press-Tilt-Cylinder1.webp\" alt=\"Kippzylinder f\u00fcr hydraulische Presse\" width=\"500\" height=\"200\" title=\"\" srcset=\"https:\/\/fmp-components.com\/wp-content\/uploads\/2024\/12\/Hydraulic-Press-Tilt-Cylinder1.webp 500w, https:\/\/fmp-components.com\/wp-content\/uploads\/2024\/12\/Hydraulic-Press-Tilt-Cylinder1-480x192.webp 480w\" sizes=\"(min-width: 0px) and (max-width: 480px) 480px, (min-width: 481px) 500px, 100vw\" \/><\/p>\n<table style=\"width: 97.3917%; height: 226px;\" border=\"1\" cellspacing=\"0\" cellpadding=\"0\">\n<tbody>\n<tr>\n<td>Produktname<\/td>\n<td>Kippzylinder f\u00fcr hydraulische Presse<\/td>\n<\/tr>\n<tr>\n<td>Merkmale:<\/td>\n<td>Das Anheben des Klemmkopfes des Manipulators realisieren<\/td>\n<\/tr>\n<tr>\n<td>Bohrungsdurchmesser:<\/td>\n<td>\u00a0100 mm bis 400 mm<\/td>\n<\/tr>\n<tr>\n<td>Stangendurchmesser:<\/td>\n<td>50 mm bis 300 mm<br \/>\nHub \u22641500 mm<\/td>\n<\/tr>\n<tr>\n<td>Schubkraft:<\/td>\n<td>Maximal 3141 kN<br \/>\n(Zylinderdurchmesser 400 mm \/ Druck 25 MPa)<\/td>\n<\/tr>\n<tr>\n<td>Anwendungsbereiche f\u00fcr Kippzylinder in hydraulischen Pressen:<\/td>\n<td>Hydraulische Presse<\/td>\n<\/tr>\n<\/tbody>\n<\/table>\n<h2>Seitlicher Verschiebungs-Ambosszylinder der hydraulischen Presse<\/h2>\n<p><img loading=\"lazy\" decoding=\"async\" class=\"size-full wp-image-594 aligncenter\" src=\"https:\/\/fmp-components.com\/wp-content\/uploads\/2024\/12\/Hydraulic-Press-Lateral-Shift-Anvil-Cylinder1.webp\" alt=\"Seitlicher Verschiebungs-Ambosszylinder der hydraulischen Presse\" width=\"500\" height=\"200\" title=\"\" srcset=\"https:\/\/fmp-components.com\/wp-content\/uploads\/2024\/12\/Hydraulic-Press-Lateral-Shift-Anvil-Cylinder1.webp 500w, https:\/\/fmp-components.com\/wp-content\/uploads\/2024\/12\/Hydraulic-Press-Lateral-Shift-Anvil-Cylinder1-480x192.webp 480w\" sizes=\"(min-width: 0px) and (max-width: 480px) 480px, (min-width: 481px) 500px, 100vw\" \/><\/p>\n<table style=\"width: 97.9604%; height: 251px;\" border=\"1\" cellspacing=\"0\" cellpadding=\"0\">\n<tbody>\n<tr style=\"height: 23px;\">\n<td style=\"height: 23px;\">Produktname<\/td>\n<td style=\"height: 23px;\">Seitlicher Verschiebungs-Ambosszylinder der hydraulischen Presse<\/td>\n<\/tr>\n<tr style=\"height: 23px;\">\n<td style=\"height: 23px;\">Merkmale:<\/td>\n<td style=\"height: 23px;\">Den Amboss seitlich bewegen<\/td>\n<\/tr>\n<tr style=\"height: 23px;\">\n<td style=\"height: 23px;\">Bohrungsdurchmesser:<\/td>\n<td style=\"height: 23px;\">125 mm \uff5e 250 mm<\/td>\n<\/tr>\n<tr style=\"height: 47px;\">\n<td style=\"height: 47px;\">Stangendurchmesser:<\/td>\n<td style=\"height: 47px;\">90 mm bis 180 mm<br \/>\nHub \u2264 5500 mm<\/td>\n<\/tr>\n<tr style=\"height: 47px;\">\n<td style=\"height: 47px;\">Schubkraft:<\/td>\n<td style=\"height: 47px;\">Maximal 1546 kN<br \/>\n(Bohrungsdurchmesser: 250 mm \/ Druck: 31,5 MPa)<\/td>\n<\/tr>\n<tr style=\"height: 23px;\">\n<td style=\"height: 23px;\">Anwendungen f\u00fcr seitlich verschiebbare Ambosszylinder:<\/td>\n<td style=\"height: 23px;\">Hydraulische Presse<\/td>\n<\/tr>\n<\/tbody>\n<\/table>\n<h2>Hydraulische Presse Mobile Werkbank Zylinder<\/h2>\n<p><img loading=\"lazy\" decoding=\"async\" class=\"size-full wp-image-597 aligncenter\" src=\"https:\/\/fmp-components.com\/wp-content\/uploads\/2024\/12\/Hydraulic-Press-Mobile-Workbench-Cylinder1.webp\" alt=\"Hydraulische Presse Mobile Werkbank Zylinder\" width=\"500\" height=\"200\" title=\"\" srcset=\"https:\/\/fmp-components.com\/wp-content\/uploads\/2024\/12\/Hydraulic-Press-Mobile-Workbench-Cylinder1.webp 500w, https:\/\/fmp-components.com\/wp-content\/uploads\/2024\/12\/Hydraulic-Press-Mobile-Workbench-Cylinder1-480x192.webp 480w\" sizes=\"(min-width: 0px) and (max-width: 480px) 480px, (min-width: 481px) 500px, 100vw\" \/><\/p>\n<table style=\"width: 97.2085%; height: 246px;\" border=\"1\" cellspacing=\"0\" cellpadding=\"0\">\n<tbody>\n<tr>\n<td>Produktname<\/td>\n<td>Hydraulische Presse Mobile Werkbank Zylinder<\/td>\n<\/tr>\n<tr>\n<td>Merkmale:<\/td>\n<td>Fahren Sie die Werkbank, um sie zu bewegen<\/td>\n<\/tr>\n<tr>\n<td>Bohrungsdurchmesser:<\/td>\n<td>125 mm bis 320 mm<\/td>\n<\/tr>\n<tr>\n<td>Stangendurchmesser:<\/td>\n<td>90 mm \uff5e 220 mm<br \/>\nHub \u2264 7500 mm<\/td>\n<\/tr>\n<tr>\n<td>Schubkraft:<\/td>\n<td>Maximal 2533 kN<br \/>\n(Zylinderdurchmesser 320 mm \/ Druck 31,5 MPa)<\/td>\n<\/tr>\n<tr>\n<td>Anwendungen f\u00fcr Zylinder an mobilen Werkb\u00e4nken:<\/td>\n<td>Hydraulische Presse<\/td>\n<\/tr>\n<\/tbody>\n<\/table>\n<h2>Spannzylinder f\u00fcr Hydraulikpresse<\/h2>\n<p><img loading=\"lazy\" decoding=\"async\" class=\"size-full wp-image-590 aligncenter\" src=\"https:\/\/fmp-components.com\/wp-content\/uploads\/2024\/12\/Hydraulic-Press-Clamping-Cylinder1.webp\" alt=\"Spannzylinder f\u00fcr Hydraulikpresse\" width=\"500\" height=\"200\" title=\"\" srcset=\"https:\/\/fmp-components.com\/wp-content\/uploads\/2024\/12\/Hydraulic-Press-Clamping-Cylinder1.webp 500w, https:\/\/fmp-components.com\/wp-content\/uploads\/2024\/12\/Hydraulic-Press-Clamping-Cylinder1-480x192.webp 480w\" sizes=\"(min-width: 0px) and (max-width: 480px) 480px, (min-width: 481px) 500px, 100vw\" \/><\/p>\n<table style=\"width: 94.5324%; height: 230px;\" border=\"1\" cellspacing=\"0\" cellpadding=\"0\">\n<tbody>\n<tr>\n<td>Produktname<\/td>\n<td>Spannzylinder f\u00fcr Hydraulikpresse<\/td>\n<\/tr>\n<tr>\n<td>Merkmale:<\/td>\n<td>Ziehen Sie den Klemmkopf fest, der den Stahlbarren oder -block h\u00e4lt.<\/td>\n<\/tr>\n<tr>\n<td>Bohrungsdurchmesser:<\/td>\n<td>125 mm bis 700 mm<\/td>\n<\/tr>\n<tr>\n<td>Stangendurchmesser:<\/td>\n<td>80 mm bis 520 mm<br \/>\nHub \u2264 1200 mm<\/td>\n<\/tr>\n<tr>\n<td>Schubkraft:<\/td>\n<td>Maximal 9621 kN<br \/>\n(Zylinderdurchmesser 700 mm \/ Druck 25 MPa)<\/td>\n<\/tr>\n<tr>\n<td>\u00a0Anwendungen f\u00fcr Spannzylinder:<\/td>\n<td>Hydraulische Presse<\/td>\n<\/tr>\n<\/tbody>\n<\/table>\n<h2>Hydraulischer Pressen-D\u00e4mpferzylinder<\/h2>\n<p><img loading=\"lazy\" decoding=\"async\" class=\"size-full wp-image-591 aligncenter\" src=\"https:\/\/fmp-components.com\/wp-content\/uploads\/2024\/12\/Hydraulic-Press-Cushion-Cylinder1.webp\" alt=\"Hydraulischer Pressen-D\u00e4mpferzylinder\" width=\"500\" height=\"200\" title=\"\" srcset=\"https:\/\/fmp-components.com\/wp-content\/uploads\/2024\/12\/Hydraulic-Press-Cushion-Cylinder1.webp 500w, https:\/\/fmp-components.com\/wp-content\/uploads\/2024\/12\/Hydraulic-Press-Cushion-Cylinder1-480x192.webp 480w\" sizes=\"(min-width: 0px) and (max-width: 480px) 480px, (min-width: 481px) 500px, 100vw\" \/><\/p>\n<table style=\"width: 98.7377%; height: 264px;\" border=\"1\" cellspacing=\"0\" cellpadding=\"0\">\n<tbody>\n<tr>\n<td>Produktname<\/td>\n<td>Hydraulischer Pressen-D\u00e4mpferzylinder<\/td>\n<\/tr>\n<tr>\n<td>Merkmale:<\/td>\n<td>Schmiedeverschiebung\/Sto\u00dfschwingungen absorbieren<\/td>\n<\/tr>\n<tr>\n<td>Bohrungsdurchmesser:<\/td>\n<td>75 mm bis 300 mm<\/td>\n<\/tr>\n<tr>\n<td>Stangendurchmesser:<\/td>\n<td>\u00a050 mm bis 180 mm<br \/>\nHub \u2264 500 mm<\/td>\n<\/tr>\n<tr>\n<td>Schubkraft:<\/td>\n<td>Maximal 1130 kN<br \/>\n(Zylinderdurchmesser 300 mm \/ Druck 25 MPa)<\/td>\n<\/tr>\n<tr>\n<td>Anwendungen f\u00fcr D\u00e4mpfungszylinder:<\/td>\n<td>Hydraulische Presse<\/td>\n<\/tr>\n<\/tbody>\n<\/table>\n<h2>Zentrierzylinder f\u00fcr hydraulische Pressen<\/h2>\n<p><img loading=\"lazy\" decoding=\"async\" class=\"size-full wp-image-589 aligncenter\" src=\"https:\/\/fmp-components.com\/wp-content\/uploads\/2024\/12\/Hydraulic-Press-Centering-Cylinder1.webp\" alt=\"Zentrierzylinder f\u00fcr hydraulische Pressen\" width=\"500\" height=\"200\" title=\"\" srcset=\"https:\/\/fmp-components.com\/wp-content\/uploads\/2024\/12\/Hydraulic-Press-Centering-Cylinder1.webp 500w, https:\/\/fmp-components.com\/wp-content\/uploads\/2024\/12\/Hydraulic-Press-Centering-Cylinder1-480x192.webp 480w\" sizes=\"(min-width: 0px) and (max-width: 480px) 480px, (min-width: 481px) 500px, 100vw\" \/><\/p>\n<table style=\"width: 98.8953%; height: 305px;\" border=\"1\" cellspacing=\"0\" cellpadding=\"0\">\n<tbody>\n<tr style=\"height: 23px;\">\n<td style=\"height: 23px;\">Produktname<\/td>\n<td style=\"height: 23px;\">Zentrierzylinder f\u00fcr hydraulische Pressen<\/td>\n<\/tr>\n<tr style=\"height: 47px;\">\n<td style=\"height: 47px;\">Merkmale:<\/td>\n<td style=\"height: 47px;\">Achten Sie auf die Mittelstellung des Klemmkopfes<\/td>\n<\/tr>\n<tr style=\"height: 23px;\">\n<td style=\"height: 23px;\">Bohrungsdurchmesser:<\/td>\n<td style=\"height: 23px;\">50 mm bis 190 mm<\/td>\n<\/tr>\n<tr style=\"height: 47px;\">\n<td style=\"height: 47px;\">Stangendurchmesser:<\/td>\n<td style=\"height: 47px;\">35 mm bis 150 mm<br \/>\nHub \u2264 1200 mm<\/td>\n<\/tr>\n<tr style=\"height: 47px;\">\n<td style=\"height: 47px;\">Schubkraft:<\/td>\n<td style=\"height: 47px;\">Maximal 441 kN<br \/>\n(Zylinderdurchmesser 190 mm \/ Druck 25 MPa)<\/td>\n<\/tr>\n<tr style=\"height: 47px;\">\n<td style=\"height: 47px;\">Anwendungen f\u00fcr Zentrierzylinder:<\/td>\n<td style=\"height: 47px;\">Hydraulische Presse<\/td>\n<\/tr>\n<\/tbody>\n<\/table>\n<h2>Hydraulikpresse Frontseiten-Verschiebezylinder<\/h2>\n<p><img loading=\"lazy\" decoding=\"async\" class=\"size-full wp-image-593 aligncenter\" src=\"https:\/\/fmp-components.com\/wp-content\/uploads\/2024\/12\/Hydraulic-Press-Front-Side-Shift-Cylinder1.webp\" alt=\"Hydraulikpresse Frontseiten-Verschiebezylinder\" width=\"500\" height=\"200\" title=\"\" srcset=\"https:\/\/fmp-components.com\/wp-content\/uploads\/2024\/12\/Hydraulic-Press-Front-Side-Shift-Cylinder1.webp 500w, https:\/\/fmp-components.com\/wp-content\/uploads\/2024\/12\/Hydraulic-Press-Front-Side-Shift-Cylinder1-480x192.webp 480w\" sizes=\"(min-width: 0px) and (max-width: 480px) 480px, (min-width: 481px) 500px, 100vw\" \/><\/p>\n<table style=\"width: 97.2921%; height: 221px;\" border=\"1\" cellspacing=\"0\" cellpadding=\"0\">\n<tbody>\n<tr>\n<td>Produktname<\/td>\n<td>Hydraulikpresse Frontseiten-Verschiebezylinder<\/td>\n<\/tr>\n<tr>\n<td>Merkmale:<\/td>\n<td>Bewegen Sie das Werkst\u00fcck horizontal.<\/td>\n<\/tr>\n<tr>\n<td>P\u00fcmpel:<\/td>\n<td>80 mm bis 240 mm<br \/>\nHub \u2264 300 mm<\/td>\n<\/tr>\n<tr>\n<td>Schubkraft:<\/td>\n<td>Maximal 1130 kN<br \/>\n(Kolben 240 mm \/ Druck 25 MPa)<\/td>\n<\/tr>\n<tr>\n<td>Anwendungsbereiche f\u00fcr den vorderen seitlichen Schaltzylinder:<\/td>\n<td>Hydraulische Presse<\/td>\n<\/tr>\n<\/tbody>\n<\/table>\n<h2>Hydraulikpresse, hinterer Seitenschiebezylinder<\/h2>\n<p><img loading=\"lazy\" decoding=\"async\" class=\"size-full wp-image-598 aligncenter\" src=\"https:\/\/fmp-components.com\/wp-content\/uploads\/2024\/12\/Hydraulic-Press-Rear-Side-Shift-Cylinder1.webp\" alt=\"Hydraulikpresse, hinterer Seitenschiebezylinder\" width=\"500\" height=\"200\" title=\"\" srcset=\"https:\/\/fmp-components.com\/wp-content\/uploads\/2024\/12\/Hydraulic-Press-Rear-Side-Shift-Cylinder1.webp 500w, https:\/\/fmp-components.com\/wp-content\/uploads\/2024\/12\/Hydraulic-Press-Rear-Side-Shift-Cylinder1-480x192.webp 480w\" sizes=\"(min-width: 0px) and (max-width: 480px) 480px, (min-width: 481px) 500px, 100vw\" \/><\/p>\n<table style=\"width: 98.0387%; height: 230px;\" border=\"1\" cellspacing=\"0\" cellpadding=\"0\">\n<tbody>\n<tr>\n<td>Produktname<\/td>\n<td>Hydraulikpresse, hinterer Seitenschiebezylinder<\/td>\n<\/tr>\n<tr>\n<td>Merkmale:<\/td>\n<td>Zusammenarbeiten, um das Anheben des Klemmkopfes des Manipulators zu realisieren<\/td>\n<\/tr>\n<tr>\n<td>P\u00fcmpel:<\/td>\n<td>70 mm bis 180 mm<br \/>\nHub \u2264 300 mm<\/td>\n<\/tr>\n<tr>\n<td>Schubkraft:<\/td>\n<td>Maximal 636 kN<br \/>\n(Kolben 180 mm \/ Druck 25 MPa)<\/td>\n<\/tr>\n<tr>\n<td>Anwendungsbereiche f\u00fcr hintere Seitenschaltzylinder:<\/td>\n<td>Hydraulische Presse<\/td>\n<\/tr>\n<\/tbody>\n<\/table>\n<h3>\u00dcber FMP<\/h3>\n<p>FMP ist ein spezialisierter Maschinenbauer, der sich auf die Produktion von Hydraulikzylindern spezialisiert hat. Seit seiner Gr\u00fcndung konzentriert sich das Unternehmen auf die Forschung und Fertigung von Hydrauliktechnologie und hat sich erfolgreich von einer vielf\u00e4ltigen Produktpalette, die Ernte- und Baumaschinen umfasste, auf die Spezialisierung auf landwirtschaftliche Traktorkomponenten spezialisiert. Mit \u00fcber einem Jahrzehnt Erfahrung in Fertigung und Management gew\u00e4hrleistet FMP durch fortschrittliche Produktionstechniken qualitativ hochwertige Produkte.<\/p>\n<p>Im Laufe der Entwicklung des Unternehmens wurden umfassende Fertigungslinien f\u00fcr die maschinelle Bearbeitung, Montagelinien und Beschichtungslinien entwickelt. Unser Team besteht aus qualifizierten F\u00fchrungskr\u00e4ften, erfahrenen Maschinenbauern und hochqualifizierten Technikern, die gemeinsam f\u00fcr eine stabile Produktionsqualit\u00e4t sorgen und gleichzeitig die Prozesskontinuit\u00e4t und -effizienz effektiv steuern.<\/p>\n<p>FMP vertritt die Philosophie \u201eTechnologische Innovation treibt Fortschritt voran, Qualit\u00e4t schafft Marken, Handwerkskunst sichert Qualit\u00e4t und baut langfristige Win-Win-Beziehungen auf.\u201c Unser Engagement f\u00fcr die Bereitstellung hochwertiger Produkte und eines hervorragenden Kundendienstes bleibt ein zentrales Ziel, w\u00e4hrend wir weiterhin den sich entwickelnden Anforderungen des Marktes gerecht werden.<\/p>\n<p><img loading=\"lazy\" decoding=\"async\" class=\"alignnone size-full wp-image-426\" src=\"https:\/\/fmp-components.com\/wp-content\/uploads\/2024\/12\/Sanitation-Machinery-Locking-Hydraulic-Cylinder-factory.webp\" sizes=\"(min-width: 0px) and (max-width: 480px) 480px, (min-width: 481px) and (max-width: 980px) 980px, (min-width: 981px) and (max-width: 1280px) 1280px, (min-width: 1281px) 1414px, 100vw\" srcset=\"https:\/\/fmp-components.com\/wp-content\/uploads\/2024\/12\/Sanitation-Machinery-Locking-Hydraulic-Cylinder-factory.webp 1414w, https:\/\/fmp-components.com\/wp-content\/uploads\/2024\/12\/Sanitation-Machinery-Locking-Hydraulic-Cylinder-factory-1280x529.webp 1280w, https:\/\/fmp-components.com\/wp-content\/uploads\/2024\/12\/Sanitation-Machinery-Locking-Hydraulic-Cylinder-factory-980x405.webp 980w, https:\/\/fmp-components.com\/wp-content\/uploads\/2024\/12\/Sanitation-Machinery-Locking-Hydraulic-Cylinder-factory-480x198.webp 480w\" alt=\"Sanit\u00e4r-Maschinen-Verriegelung-Hydraulik-Zylinder-Fabrik\" width=\"1414\" height=\"584\" title=\"\"><\/p>\n<p>Autor: CX<\/p>","protected":false},"excerpt":{"rendered":"<p>Der Hydraulikzylinder f\u00fcr Pressen ist eine leistungsstarke Hydraulikkomponente, die f\u00fcr Pressanwendungen in verschiedenen Industriezweigen entwickelt wurde und hohe Kr\u00e4fte liefert. Er ist f\u00fcr hohe Belastungen ausgelegt und unverzichtbar f\u00fcr Aufgaben wie die Metallumformung, das Kunststoffspritzgie\u00dfen und Montageprozesse, bei denen pr\u00e4ziser Druck entscheidend ist. Gefertigt aus hochfesten Materialien, gew\u00e4hrleistet er Langlebigkeit und Zuverl\u00e4ssigkeit auch unter anspruchsvollen Bedingungen. Der leichtg\u00e4ngige Hydraulikbetrieb erm\u00f6glicht kontrollierte Bewegungen und somit pr\u00e4zise Ergebnisse beim Pressen. Insgesamt ist dieser Hydraulikzylinder entscheidend f\u00fcr die Optimierung von Leistung und Effizienz beim Pressen und somit unverzichtbar f\u00fcr die effektive Formgebung und Kompression von Materialien.<\/p>","protected":false},"featured_media":588,"comment_status":"open","ping_status":"closed","template":"","meta":{"_et_pb_use_builder":"","_et_pb_old_content":"","_et_gb_content_width":""},"product_brand":[],"product_cat":[27],"product_tag":[],"class_list":{"0":"post-587","1":"product","2":"type-product","3":"status-publish","4":"has-post-thumbnail","6":"product_cat-industrial-engineering-hydraulic-cylinders","8":"first","9":"instock","10":"shipping-taxable","11":"product-type-simple"},"_links":{"self":[{"href":"https:\/\/fmp-components.com\/de\/wp-json\/wp\/v2\/product\/587","targetHints":{"allow":["GET"]}}],"collection":[{"href":"https:\/\/fmp-components.com\/de\/wp-json\/wp\/v2\/product"}],"about":[{"href":"https:\/\/fmp-components.com\/de\/wp-json\/wp\/v2\/types\/product"}],"replies":[{"embeddable":true,"href":"https:\/\/fmp-components.com\/de\/wp-json\/wp\/v2\/comments?post=587"}],"wp:featuredmedia":[{"embeddable":true,"href":"https:\/\/fmp-components.com\/de\/wp-json\/wp\/v2\/media\/588"}],"wp:attachment":[{"href":"https:\/\/fmp-components.com\/de\/wp-json\/wp\/v2\/media?parent=587"}],"wp:term":[{"taxonomy":"product_brand","embeddable":true,"href":"https:\/\/fmp-components.com\/de\/wp-json\/wp\/v2\/product_brand?post=587"},{"taxonomy":"product_cat","embeddable":true,"href":"https:\/\/fmp-components.com\/de\/wp-json\/wp\/v2\/product_cat?post=587"},{"taxonomy":"product_tag","embeddable":true,"href":"https:\/\/fmp-components.com\/de\/wp-json\/wp\/v2\/product_tag?post=587"}],"curies":[{"name":"wp","href":"https:\/\/api.w.org\/{rel}","templated":true}]}}