{"id":555,"date":"2024-12-16T08:31:00","date_gmt":"2024-12-16T08:31:00","guid":{"rendered":"https:\/\/fmp-components.com\/?page_id=8"},"modified":"2024-12-16T08:31:00","modified_gmt":"2024-12-16T08:31:00","slug":"rotary-drilling-cylinder","status":"publish","type":"product","link":"https:\/\/fmp-components.com\/de\/product\/rotary-drilling-cylinder\/","title":{"rendered":"Drehbohrzylinder"},"content":{"rendered":"<p style=\"text-align: center;\"><span style=\"font-size: 18pt;\">Drehbohrzylinder<\/span><\/p>\n<p>Der Drehbohrzylinder ist eine wichtige Hydraulikkomponente, die die f\u00fcr Bohrvorg\u00e4nge in verschiedenen Anwendungsbereichen wie Bauwesen, Bergbau und Geotechnik erforderliche Drehbewegung erm\u00f6glicht. Dieser Zylinder liefert die n\u00f6tige Kraft zum Drehen des Bohrers und erm\u00f6glicht so ein effizientes Eindringen in verschiedene Boden- und Gesteinsarten.<\/p>\n<p><img loading=\"lazy\" decoding=\"async\" class=\"size-full wp-image-556 aligncenter\" src=\"https:\/\/fmp-components.com\/wp-content\/uploads\/2024\/12\/Rotary-Drilling-Cylinder.webp\" alt=\"Drehbohrzylinder\" width=\"760\" height=\"533\" title=\"\" srcset=\"https:\/\/fmp-components.com\/wp-content\/uploads\/2024\/12\/Rotary-Drilling-Cylinder.webp 760w, https:\/\/fmp-components.com\/wp-content\/uploads\/2024\/12\/Rotary-Drilling-Cylinder-480x337.webp 480w\" sizes=\"(min-width: 0px) and (max-width: 480px) 480px, (min-width: 481px) 760px, 100vw\" \/><\/p>\n<h4>Hauptmerkmale:<\/h4>\n<ul>\n<li><strong>Robuste Konstruktion:<\/strong> Der Drehbohrzylinder besteht aus hochfesten Materialien und ist so konstruiert, dass er den anspruchsvollen Bedingungen in Bohrumgebungen standh\u00e4lt und eine lange Haltbarkeit und Zuverl\u00e4ssigkeit gew\u00e4hrleistet.<\/li>\n<li><strong>Reibungsloser Betrieb:<\/strong> Das hydraulische Design erm\u00f6glicht eine gleichm\u00e4\u00dfige und kontrollierte Rotation, sorgt f\u00fcr pr\u00e4zise Bohrf\u00e4higkeiten und verbessert die allgemeine Betriebseffizienz.<\/li>\n<li><strong>Vielseitige Anwendung:<\/strong> Dieser Zylinder ist f\u00fcr eine breite Palette von Bohrger\u00e4ten geeignet und verbessert die Funktionalit\u00e4t von Drehbohrern, Erdbohrern und anderen Bohrmaschinen, wodurch er sich ideal f\u00fcr verschiedene Projekte eignet.<\/li>\n<li><strong>Verbesserte Leistung:<\/strong> Durch die Bereitstellung konstanter Leistung und Drehmoments optimiert der Drehbohrzylinder die Bohrleistung und erm\u00f6glicht ein schnelleres und effektiveres Eindringen.<\/li>\n<li><strong>Geringer Wartungsaufwand:<\/strong> Dieser Zylinder ist auf minimalen Verschlei\u00df ausgelegt und erfordert weniger Wartung, wodurch Ausfallzeiten reduziert werden und die Produktivit\u00e4t bei Bohrvorg\u00e4ngen gesteigert wird.<\/li>\n<\/ul>\n<p>Zusammenfassend l\u00e4sst sich sagen, dass der Drehbohrzylinder eine wesentliche Komponente ist, die die Effizienz und Effektivit\u00e4t von Bohrvorg\u00e4ngen steigert und ihn f\u00fcr verschiedene Industrie- und Bauanwendungen unverzichtbar macht.<\/p>\n<h2>Spezifikationen f\u00fcr Drehbohr-Wippzylinder:<\/h2>\n<p>Der Wippzylinder f\u00fcr Drehbohranlagen ist eine wichtige Hydraulikkomponente zur Winkelsteuerung des Bohrger\u00e4teauslegers und erm\u00f6glicht so eine pr\u00e4zise Positionierung w\u00e4hrend des Bohrvorgangs. Dieser Zylinder erm\u00f6glicht die Wippbewegung, die H\u00f6he und Winkel des Auslegers anpasst, um die Bohrleistung zu optimieren und verschiedene Tiefen zu erreichen. Hergestellt aus hochfesten Materialien, ist er f\u00fcr die anspruchsvollen Bedingungen in Bau- und Bohrumgebungen ausgelegt und gew\u00e4hrleistet Langlebigkeit und Zuverl\u00e4ssigkeit. Der sanfte hydraulische Betrieb des Wippzylinders erm\u00f6glicht schnelle Anpassungen, verbessert die Vielseitigkeit und Leistung des Bohrger\u00e4ts und gew\u00e4hrleistet gleichzeitig sicheres und effizientes Bohren in verschiedenen Anwendungen.<\/p>\n<p><img loading=\"lazy\" decoding=\"async\" class=\"size-full wp-image-558 aligncenter\" src=\"https:\/\/fmp-components.com\/wp-content\/uploads\/2024\/12\/Rotary-Drilling-Luffing-Cylinder1.webp\" alt=\"Drehbohr-Wippzylinder\" width=\"500\" height=\"200\" title=\"\" srcset=\"https:\/\/fmp-components.com\/wp-content\/uploads\/2024\/12\/Rotary-Drilling-Luffing-Cylinder1.webp 500w, https:\/\/fmp-components.com\/wp-content\/uploads\/2024\/12\/Rotary-Drilling-Luffing-Cylinder1-480x192.webp 480w\" sizes=\"(min-width: 0px) and (max-width: 480px) 480px, (min-width: 481px) 500px, 100vw\" \/><\/p>\n<table style=\"width: 92.1166%; height: 218px;\" border=\"1\" cellspacing=\"0\" cellpadding=\"0\">\n<tbody>\n<tr>\n<td>Produktname<\/td>\n<td>Drehbohr-Wippzylinder<\/td>\n<\/tr>\n<tr>\n<td>Merkmale:<\/td>\n<td>Kontrollieren Sie den Wippwinkel, passen Sie den Abstand zwischen Mast und Host an<\/td>\n<\/tr>\n<tr>\n<td>Bohrungsdurchmesser:<\/td>\n<td>125 mm \uff5e 250 mm<\/td>\n<\/tr>\n<tr>\n<td>Stangendurchmesser:<\/td>\n<td>90 mm \uff5e 160 mm<br \/>\nHub \u22641640 mm<\/td>\n<\/tr>\n<tr>\n<td>Druck:<\/td>\n<td>bis zu 32 MPa<\/td>\n<\/tr>\n<tr>\n<td>Wippzylinderanwendungen:<\/td>\n<td>Drehbohren<\/td>\n<\/tr>\n<\/tbody>\n<\/table>\n<p><img loading=\"lazy\" decoding=\"async\" class=\"alignnone size-full wp-image-565\" src=\"https:\/\/fmp-components.com\/wp-content\/uploads\/2024\/12\/Rotary-Drilling-Luffing-Cylinder1-1.webp\" alt=\"Drehbohr-Wippzylinder\" width=\"839\" height=\"425\" title=\"\" srcset=\"https:\/\/fmp-components.com\/wp-content\/uploads\/2024\/12\/Rotary-Drilling-Luffing-Cylinder1-1.webp 839w, https:\/\/fmp-components.com\/wp-content\/uploads\/2024\/12\/Rotary-Drilling-Luffing-Cylinder1-1-480x243.webp 480w\" sizes=\"(min-width: 0px) and (max-width: 480px) 480px, (min-width: 481px) 839px, 100vw\" \/> <img loading=\"lazy\" decoding=\"async\" class=\"alignnone size-full wp-image-566\" src=\"https:\/\/fmp-components.com\/wp-content\/uploads\/2024\/12\/Rotary-Drilling-Luffing-Cylinder2.webp\" alt=\"Drehbohr-Wippzylinder\" width=\"831\" height=\"417\" title=\"\" srcset=\"https:\/\/fmp-components.com\/wp-content\/uploads\/2024\/12\/Rotary-Drilling-Luffing-Cylinder2.webp 831w, https:\/\/fmp-components.com\/wp-content\/uploads\/2024\/12\/Rotary-Drilling-Luffing-Cylinder2-480x241.webp 480w\" sizes=\"(min-width: 0px) and (max-width: 480px) 480px, (min-width: 481px) 831px, 100vw\" \/><\/p>\n<h2>Spezifikationen des Drehbohrmastzylinders:<\/h2>\n<p>Der Drehbohrmastzylinder ist eine wichtige Hydraulikkomponente, die die vertikale Bewegung des Bohrmastes unterst\u00fctzt und dessen Anheben und Absenken w\u00e4hrend des Bohrvorgangs erm\u00f6glicht. Dieser Zylinder liefert die n\u00f6tige Kraft zum Ausfahren des Mastes auf verschiedene H\u00f6hen und erm\u00f6glicht so einen effizienten Zugang zu den f\u00fcr die Bohrung erforderlichen Tiefen. Er besteht aus hochfesten Materialien und ist so konstruiert, dass er den hohen Anforderungen in Bohrumgebungen standh\u00e4lt und eine lange Lebensdauer und Zuverl\u00e4ssigkeit gew\u00e4hrleistet. Die sanfte Hydraulik des Mastzylinders erm\u00f6glicht eine pr\u00e4zise Steuerung, verbessert die Gesamtstabilit\u00e4t und Leistung der Bohranlage und gew\u00e4hrleistet gleichzeitig einen sicheren und effektiven Betrieb in einer Vielzahl von Anwendungen.<\/p>\n<p><img loading=\"lazy\" decoding=\"async\" class=\"size-full wp-image-559 aligncenter\" src=\"https:\/\/fmp-components.com\/wp-content\/uploads\/2024\/12\/Rotary-Drilling-Mast-Cylinder1.webp\" alt=\"Drehbohrmastzylinder\" width=\"500\" height=\"200\" title=\"\" srcset=\"https:\/\/fmp-components.com\/wp-content\/uploads\/2024\/12\/Rotary-Drilling-Mast-Cylinder1.webp 500w, https:\/\/fmp-components.com\/wp-content\/uploads\/2024\/12\/Rotary-Drilling-Mast-Cylinder1-480x192.webp 480w\" sizes=\"(min-width: 0px) and (max-width: 480px) 480px, (min-width: 481px) 500px, 100vw\" \/><\/p>\n<table style=\"width: 92.4146%; height: 200px;\" border=\"1\" cellspacing=\"0\" cellpadding=\"0\">\n<tbody>\n<tr style=\"height: 23px;\">\n<td style=\"width: 30.6306%; height: 23px;\">Produktname<\/td>\n<td style=\"width: 69.009%; height: 23px;\">Drehbohrmastzylinder<\/td>\n<\/tr>\n<tr style=\"height: 23px;\">\n<td style=\"width: 30.6306%; height: 23px;\">Merkmale:<\/td>\n<td style=\"width: 69.009%; height: 23px;\">Kontrollieren Sie den Mast, passen Sie den Winkel des Mastes und des Bodens an<\/td>\n<\/tr>\n<tr style=\"height: 23px;\">\n<td style=\"width: 30.6306%; height: 23px;\">Bohrungsdurchmesser:<\/td>\n<td style=\"width: 69.009%; height: 23px;\">140 mm \uff5e 350 mm<\/td>\n<\/tr>\n<tr style=\"height: 47px;\">\n<td style=\"width: 30.6306%; height: 47px;\">Stangendurchmesser:<\/td>\n<td style=\"width: 69.009%; height: 47px;\">90 mm \uff5e 230 mm<br \/>\nHub \u2264 5550 mm<\/td>\n<\/tr>\n<tr style=\"height: 23px;\">\n<td style=\"width: 30.6306%; height: 23px;\">Druck:<\/td>\n<td style=\"width: 69.009%; height: 23px;\">bis zu 32 MPa<\/td>\n<\/tr>\n<tr style=\"height: 23px;\">\n<td style=\"width: 30.6306%; height: 23px;\">Mastzylinderanwendungen:<\/td>\n<td style=\"width: 69.009%; height: 23px;\">Drehbohren<\/td>\n<\/tr>\n<\/tbody>\n<\/table>\n<p><img loading=\"lazy\" decoding=\"async\" class=\"alignnone size-full wp-image-563\" src=\"https:\/\/fmp-components.com\/wp-content\/uploads\/2024\/12\/Rotary-Drilling-Mast-Cylinder1-1.webp\" alt=\"Drehbohrmastzylinder\" width=\"821\" height=\"426\" title=\"\" srcset=\"https:\/\/fmp-components.com\/wp-content\/uploads\/2024\/12\/Rotary-Drilling-Mast-Cylinder1-1.webp 821w, https:\/\/fmp-components.com\/wp-content\/uploads\/2024\/12\/Rotary-Drilling-Mast-Cylinder1-1-480x249.webp 480w\" sizes=\"(min-width: 0px) and (max-width: 480px) 480px, (min-width: 481px) 821px, 100vw\" \/> <img loading=\"lazy\" decoding=\"async\" class=\"alignnone size-full wp-image-564\" src=\"https:\/\/fmp-components.com\/wp-content\/uploads\/2024\/12\/Rotary-Drilling-Mast-Cylinder2.webp\" alt=\"Drehbohrmastzylinder\" width=\"828\" height=\"414\" title=\"\" srcset=\"https:\/\/fmp-components.com\/wp-content\/uploads\/2024\/12\/Rotary-Drilling-Mast-Cylinder2.webp 828w, https:\/\/fmp-components.com\/wp-content\/uploads\/2024\/12\/Rotary-Drilling-Mast-Cylinder2-480x240.webp 480w\" sizes=\"(min-width: 0px) and (max-width: 480px) 480px, (min-width: 481px) 828px, 100vw\" \/><\/p>\n<h2>Spezifikationen f\u00fcr Druckzylinder zum Drehbohren:<\/h2>\n<p>Der Druckzylinder f\u00fcr Drehbohrarbeiten ist eine wichtige Hydraulikkomponente, die beim Drehbohren Druck erzeugt und aufrechterh\u00e4lt. Dieser Zylinder sorgt daf\u00fcr, dass der Bohrer gleichm\u00e4\u00dfig belastet wird und so seine Wirksamkeit beim Eindringen in verschiedene Boden- und Gesteinsformationen verbessert. Er besteht aus hochfesten Materialien und ist f\u00fcr die anspruchsvollen Bedingungen in Bohrumgebungen ausgelegt. Er bietet Langlebigkeit und Zuverl\u00e4ssigkeit. Die Druckwirkung erm\u00f6glicht effizientes Bohren und verbessert so Geschwindigkeit und Effektivit\u00e4t. Dar\u00fcber hinaus erm\u00f6glicht die Zylinderkonstruktion eine gleichm\u00e4\u00dfige hydraulische Bewegung, die pr\u00e4zise Steuerung und Stabilit\u00e4t beim Bohren gew\u00e4hrleistet und ihn f\u00fcr verschiedene Anwendungen im Bauwesen und in der Geotechnik unverzichtbar macht.<\/p>\n<p><img loading=\"lazy\" decoding=\"async\" class=\"size-full wp-image-560 aligncenter\" src=\"https:\/\/fmp-components.com\/wp-content\/uploads\/2024\/12\/Rotary-Drilling-Pressurized-Cylinder.webp\" alt=\"Druckzylinder f\u00fcr Drehbohren\" width=\"500\" height=\"200\" title=\"\" srcset=\"https:\/\/fmp-components.com\/wp-content\/uploads\/2024\/12\/Rotary-Drilling-Pressurized-Cylinder.webp 500w, https:\/\/fmp-components.com\/wp-content\/uploads\/2024\/12\/Rotary-Drilling-Pressurized-Cylinder-480x192.webp 480w\" sizes=\"(min-width: 0px) and (max-width: 480px) 480px, (min-width: 481px) 500px, 100vw\" \/><\/p>\n<table style=\"width: 91.2553%; height: 204px;\" border=\"1\" cellspacing=\"0\" cellpadding=\"0\">\n<tbody>\n<tr>\n<td>Produktname<\/td>\n<td>Druckzylinder f\u00fcr Drehbohren<\/td>\n<\/tr>\n<tr>\n<td>Merkmale:<\/td>\n<td>Steuern Sie das Heben und Senken des Antriebskopfes<\/td>\n<\/tr>\n<tr>\n<td>Bohrungsdurchmesser:<\/td>\n<td>125 mm \uff5e 210 mm<\/td>\n<\/tr>\n<tr>\n<td>Stangendurchmesser:<\/td>\n<td>90 mm \uff5e 150 mm<br \/>\nHub \u2264 8500 mm<\/td>\n<\/tr>\n<tr>\n<td>Druck:<\/td>\n<td>bis zu 35 MPa<\/td>\n<\/tr>\n<tr>\n<td>Druckzylinderanwendungen:<\/td>\n<td>Drehbohren<\/td>\n<\/tr>\n<\/tbody>\n<\/table>\n<p><img loading=\"lazy\" decoding=\"async\" class=\"alignnone size-full wp-image-561\" src=\"https:\/\/fmp-components.com\/wp-content\/uploads\/2024\/12\/Rotary-Drilling-Pressurized-Cylinder2.webp\" alt=\"Druckzylinder f\u00fcr Drehbohren\" width=\"831\" height=\"416\" title=\"\" srcset=\"https:\/\/fmp-components.com\/wp-content\/uploads\/2024\/12\/Rotary-Drilling-Pressurized-Cylinder2.webp 831w, https:\/\/fmp-components.com\/wp-content\/uploads\/2024\/12\/Rotary-Drilling-Pressurized-Cylinder2-480x240.webp 480w\" sizes=\"(min-width: 0px) and (max-width: 480px) 480px, (min-width: 481px) 831px, 100vw\" \/> <img loading=\"lazy\" decoding=\"async\" class=\"alignnone size-full wp-image-562\" src=\"https:\/\/fmp-components.com\/wp-content\/uploads\/2024\/12\/Rotary-Drilling-Pressurized-Cylinder1.png\" alt=\"Druckzylinder f\u00fcr Drehbohren\" width=\"817\" height=\"430\" title=\"\" srcset=\"https:\/\/fmp-components.com\/wp-content\/uploads\/2024\/12\/Rotary-Drilling-Pressurized-Cylinder1.png 817w, https:\/\/fmp-components.com\/wp-content\/uploads\/2024\/12\/Rotary-Drilling-Pressurized-Cylinder1-480x253.png 480w\" sizes=\"(min-width: 0px) and (max-width: 480px) 480px, (min-width: 481px) 817px, 100vw\" \/><\/p>\n<h2>\u00dcber FMP<\/h2>\n<p>FMP ist ein spezialisierter Maschinenbauer, der sich auf die Produktion von Hydraulikzylindern spezialisiert hat. Seit seiner Gr\u00fcndung konzentriert sich das Unternehmen auf die Forschung und Fertigung von Hydrauliktechnologie und hat sich erfolgreich von einer vielf\u00e4ltigen Produktpalette, die Ernte- und Baumaschinen umfasste, auf die Spezialisierung auf landwirtschaftliche Traktorkomponenten spezialisiert. Mit \u00fcber einem Jahrzehnt Erfahrung in Fertigung und Management gew\u00e4hrleistet FMP durch fortschrittliche Produktionstechniken qualitativ hochwertige Produkte.<\/p>\n<p>Im Laufe der Entwicklung des Unternehmens wurden umfassende Fertigungslinien f\u00fcr die maschinelle Bearbeitung, Montagelinien und Beschichtungslinien entwickelt. Unser Team besteht aus qualifizierten F\u00fchrungskr\u00e4ften, erfahrenen Maschinenbauern und hochqualifizierten Technikern, die gemeinsam f\u00fcr eine stabile Produktionsqualit\u00e4t sorgen und gleichzeitig die Prozesskontinuit\u00e4t und -effizienz effektiv steuern.<\/p>\n<p>FMP vertritt die Philosophie \u201eTechnologische Innovation treibt Fortschritt voran, Qualit\u00e4t schafft Marken, Handwerkskunst sichert Qualit\u00e4t und baut langfristige Win-Win-Beziehungen auf.\u201c Unser Engagement f\u00fcr die Bereitstellung hochwertiger Produkte und eines hervorragenden Kundendienstes bleibt ein zentrales Ziel, w\u00e4hrend wir weiterhin den sich entwickelnden Anforderungen des Marktes gerecht werden.<\/p>\n<p><img loading=\"lazy\" decoding=\"async\" class=\"alignnone size-full wp-image-426\" src=\"https:\/\/fmp-components.com\/wp-content\/uploads\/2024\/12\/Sanitation-Machinery-Locking-Hydraulic-Cylinder-factory.webp\" sizes=\"(min-width: 0px) and (max-width: 480px) 480px, (min-width: 481px) and (max-width: 980px) 980px, (min-width: 981px) and (max-width: 1280px) 1280px, (min-width: 1281px) 1414px, 100vw\" srcset=\"https:\/\/fmp-components.com\/wp-content\/uploads\/2024\/12\/Sanitation-Machinery-Locking-Hydraulic-Cylinder-factory.webp 1414w, https:\/\/fmp-components.com\/wp-content\/uploads\/2024\/12\/Sanitation-Machinery-Locking-Hydraulic-Cylinder-factory-1280x529.webp 1280w, https:\/\/fmp-components.com\/wp-content\/uploads\/2024\/12\/Sanitation-Machinery-Locking-Hydraulic-Cylinder-factory-980x405.webp 980w, https:\/\/fmp-components.com\/wp-content\/uploads\/2024\/12\/Sanitation-Machinery-Locking-Hydraulic-Cylinder-factory-480x198.webp 480w\" alt=\"Sanit\u00e4r-Maschinen-Verriegelung-Hydraulik-Zylinder-Fabrik\" width=\"1414\" height=\"584\" title=\"\"><\/p>\n<p>Autor: CX<\/p>","protected":false},"excerpt":{"rendered":"<p>Rotary Drilling Cylinder The Rotary Drilling Cylinder is a crucial hydraulic component designed to facilitate the rotary motion required for drilling operations in various applications, including construction, mining, and geotechnical engineering. This cylinder provides the necessary force to rotate the drill bit, enabling efficient penetration into different types of soil and rock. Key Features: Robust [&hellip;]<\/p>","protected":false},"featured_media":557,"comment_status":"open","ping_status":"closed","template":"","meta":{"_et_pb_use_builder":"","_et_pb_old_content":"","_et_gb_content_width":""},"product_brand":[],"product_cat":[25],"product_tag":[],"class_list":{"0":"post-555","1":"product","2":"type-product","3":"status-publish","4":"has-post-thumbnail","6":"product_cat-mobile-machinery-hydraulic-cylinder","8":"first","9":"instock","10":"shipping-taxable","11":"product-type-simple"},"_links":{"self":[{"href":"https:\/\/fmp-components.com\/de\/wp-json\/wp\/v2\/product\/555","targetHints":{"allow":["GET"]}}],"collection":[{"href":"https:\/\/fmp-components.com\/de\/wp-json\/wp\/v2\/product"}],"about":[{"href":"https:\/\/fmp-components.com\/de\/wp-json\/wp\/v2\/types\/product"}],"replies":[{"embeddable":true,"href":"https:\/\/fmp-components.com\/de\/wp-json\/wp\/v2\/comments?post=555"}],"wp:featuredmedia":[{"embeddable":true,"href":"https:\/\/fmp-components.com\/de\/wp-json\/wp\/v2\/media\/557"}],"wp:attachment":[{"href":"https:\/\/fmp-components.com\/de\/wp-json\/wp\/v2\/media?parent=555"}],"wp:term":[{"taxonomy":"product_brand","embeddable":true,"href":"https:\/\/fmp-components.com\/de\/wp-json\/wp\/v2\/product_brand?post=555"},{"taxonomy":"product_cat","embeddable":true,"href":"https:\/\/fmp-components.com\/de\/wp-json\/wp\/v2\/product_cat?post=555"},{"taxonomy":"product_tag","embeddable":true,"href":"https:\/\/fmp-components.com\/de\/wp-json\/wp\/v2\/product_tag?post=555"}],"curies":[{"name":"wp","href":"https:\/\/api.w.org\/{rel}","templated":true}]}}