{"id":5271,"date":"2025-02-05T06:15:34","date_gmt":"2025-02-05T06:15:34","guid":{"rendered":"https:\/\/fmp-components.com\/?post_type=product&#038;p=5271"},"modified":"2025-02-05T06:20:23","modified_gmt":"2025-02-05T06:20:23","slug":"cast-iron-sprocket","status":"publish","type":"product","link":"https:\/\/fmp-components.com\/de\/product\/cast-iron-sprocket\/","title":{"rendered":"Gusseisenkettenrad"},"content":{"rendered":"<h2>\u00dcbersicht \u00fcber das Kettenrad aus Gusseisen<\/h2>\n<p>Unsere Kettenr\u00e4der aus Gusseisen sind auf au\u00dfergew\u00f6hnliche Leistung und Langlebigkeit ausgelegt. Sie finden breite Anwendung in verschiedenen Industriezweigen, in denen Zuverl\u00e4ssigkeit und lange Lebensdauer entscheidend sind. Wir verwenden hochwertige Materialien und fortschrittliche Fertigungstechniken, um Kettenr\u00e4der herzustellen, die h\u00f6chsten Anspr\u00fcchen an Pr\u00e4zision und Haltbarkeit gen\u00fcgen.<\/p>\n<h3>Materialauswahl<\/h3>\n<p>Unsere gro\u00dfen und kleinen Kettenr\u00e4der werden aus hochwertigem Baustahl gefertigt und gew\u00e4hrleisten so hervorragende Festigkeit und Verschlei\u00dffestigkeit. Dar\u00fcber hinaus bieten wir kundenspezifische Anpassungsm\u00f6glichkeiten in verschiedenen Werkstoffen wie Edelstahl, Baustahl und anderen Speziallegierungen an, sodass wir die Kettenr\u00e4der exakt auf die jeweiligen Kundenanforderungen abstimmen k\u00f6nnen.<\/p>\n<h3>Verarbeitungs- und Behandlungstechnologie<\/h3>\n<p>Um optimale Leistung zu gew\u00e4hrleisten, setzen wir im Produktionsprozess modernste Zahnradfr\u00e4stechnologie ein. Dadurch entstehen Kettenr\u00e4der mit hochpr\u00e4zisen Zahnprofilen. Nach der Formgebung werden die Kettenr\u00e4der geh\u00e4rtet und angelassen, was ihre mechanischen Eigenschaften deutlich verbessert. Die Zahnh\u00e4rte wird sorgf\u00e4ltig kontrolliert und erreicht Werte zwischen 68 und 72 HRA, was f\u00fcr hervorragende Verschlei\u00dffestigkeit und Festigkeit sorgt.<\/p>\n<h3>Produktserie<\/h3>\n<p>Wir bieten eine breite Palette an Kettenr\u00e4dern \u2013 von Standardmodellen zu fairen Preisen bis hin zu Premium-Kettenr\u00e4dern f\u00fcr anspruchsvolle Anwendungen. Unser Produktionsprozess wird in jeder Phase streng kontrolliert, um gleichbleibende Qualit\u00e4t und Pr\u00e4zision bei jedem Produkt zu gew\u00e4hrleisten.<\/p>\n<h3>Hauptmerkmale von Kettenr\u00e4dern aus Gusseisen<\/h3>\n<ul>\n<li><strong>Materialvielfalt<\/strong>Unsere Kettenr\u00e4der aus Gusseisen sind in verschiedenen Materialoptionen erh\u00e4ltlich, darunter Kohlenstoffstahl, Edelstahl und andere Legierungen, um den vielf\u00e4ltigen Bed\u00fcrfnissen unserer Kunden gerecht zu werden.<\/li>\n<li><strong>Anpassungsm\u00f6glichkeiten<\/strong>Wir bieten eine vollst\u00e4ndige Anpassung an die Bed\u00fcrfnisse des Nutzers an und stellen so sicher, dass die Kettenr\u00e4der f\u00fcr die jeweiligen Betriebsbedingungen geeignet sind.<\/li>\n<li><strong>W\u00e4rmebehandlung<\/strong>Jedes Kettenrad wird einer W\u00e4rmebehandlung unterzogen, um die erforderliche H\u00e4rte zu erreichen, was seine Haltbarkeit und Verschlei\u00dffestigkeit erh\u00f6ht.<\/li>\n<li><strong>Pr\u00e4zisionsfertigung<\/strong>Die Kettenr\u00e4der werden sorgf\u00e4ltig bearbeitet, um saubere Kanten und gratfreie Oberfl\u00e4chen zu gew\u00e4hrleisten und so die \u00e4sthetische und funktionale Gesamtqualit\u00e4t zu verbessern.<\/li>\n<li><strong>Lange Lebensdauer<\/strong>Durch die sorgf\u00e4ltige Materialauswahl, die hohe H\u00e4rte und den stabilen Betrieb sind unsere Kettenr\u00e4der aus Gusseisen auf Langlebigkeit ausgelegt und bieten auch unter hoher Belastung eine lange Lebensdauer.<\/li>\n<li><strong>Stabiler Betrieb<\/strong>Unsere Kettenr\u00e4der sind f\u00fcr den Betrieb bei hohen Drehzahlen ausgelegt und bieten einen ruhigen und stabilen Lauf, wodurch das Risiko von Betriebsst\u00f6rungen oder Vibrationen reduziert wird.<\/li>\n<\/ul>\n<p>Unsere Kettenr\u00e4der aus Gusseisen sind auf Zuverl\u00e4ssigkeit und Leistung ausgelegt. Dank sorgf\u00e4ltiger Materialauswahl, fortschrittlicher Fertigungstechniken und individueller Anpassungsm\u00f6glichkeiten bieten sie die ideale L\u00f6sung f\u00fcr Anwendungen, die hohe Langlebigkeit und einen stabilen Betrieb erfordern. Ob Standardkettenrad oder Sonderanfertigung \u2013 wir bieten Ihnen hochwertige, auf Ihre Bed\u00fcrfnisse zugeschnittene L\u00f6sungen.<\/p>\n<h2>Liste der Kettenr\u00e4der aus Gusseisen:<\/h2>\n<p><img loading=\"lazy\" decoding=\"async\" class=\"alignnone size-full wp-image-5272\" src=\"https:\/\/fmp-components.com\/wp-content\/uploads\/2025\/02\/fmp-cast-iron-sprocket-1.webp\" alt=\"fmp-Gusseisen-Kettenrad\" width=\"1059\" height=\"464\" title=\"\" srcset=\"https:\/\/fmp-components.com\/wp-content\/uploads\/2025\/02\/fmp-cast-iron-sprocket-1.webp 1059w, https:\/\/fmp-components.com\/wp-content\/uploads\/2025\/02\/fmp-cast-iron-sprocket-1-980x429.webp 980w, https:\/\/fmp-components.com\/wp-content\/uploads\/2025\/02\/fmp-cast-iron-sprocket-1-480x210.webp 480w\" sizes=\"(min-width: 0px) and (max-width: 480px) 480px, (min-width: 481px) and (max-width: 980px) 980px, (min-width: 981px) 1059px, 100vw\" \/><\/p>\n<h3>06B Gusseisen-Kettenrad<\/h3>\n<p><img loading=\"lazy\" decoding=\"async\" class=\"alignnone size-full wp-image-5273\" src=\"https:\/\/fmp-components.com\/wp-content\/uploads\/2025\/02\/fmp-cast-iron-sprocket-2.webp\" alt=\"fmp-Gusseisen-Kettenrad\" width=\"935\" height=\"434\" title=\"\" srcset=\"https:\/\/fmp-components.com\/wp-content\/uploads\/2025\/02\/fmp-cast-iron-sprocket-2.webp 935w, https:\/\/fmp-components.com\/wp-content\/uploads\/2025\/02\/fmp-cast-iron-sprocket-2-480x223.webp 480w\" sizes=\"(min-width: 0px) and (max-width: 480px) 480px, (min-width: 481px) 935px, 100vw\" \/><\/p>\n<h3>08B Gusseisen-Kettenrad<\/h3>\n<p><img loading=\"lazy\" decoding=\"async\" class=\"alignnone size-full wp-image-5274\" src=\"https:\/\/fmp-components.com\/wp-content\/uploads\/2025\/02\/fmp-cast-iron-sprocket-3.webp\" alt=\"fmp-Gusseisen-Kettenrad\" width=\"934\" height=\"442\" title=\"\" srcset=\"https:\/\/fmp-components.com\/wp-content\/uploads\/2025\/02\/fmp-cast-iron-sprocket-3.webp 934w, https:\/\/fmp-components.com\/wp-content\/uploads\/2025\/02\/fmp-cast-iron-sprocket-3-480x227.webp 480w\" sizes=\"(min-width: 0px) and (max-width: 480px) 480px, (min-width: 481px) 934px, 100vw\" \/><\/p>\n<h3>10B Gusseisen-Kettenrad<\/h3>\n<p><img loading=\"lazy\" decoding=\"async\" class=\"alignnone size-full wp-image-5275\" src=\"https:\/\/fmp-components.com\/wp-content\/uploads\/2025\/02\/fmp-cast-iron-sprocket-4.webp\" alt=\"fmp-Gusseisen-Kettenrad\" width=\"937\" height=\"403\" title=\"\" srcset=\"https:\/\/fmp-components.com\/wp-content\/uploads\/2025\/02\/fmp-cast-iron-sprocket-4.webp 937w, https:\/\/fmp-components.com\/wp-content\/uploads\/2025\/02\/fmp-cast-iron-sprocket-4-480x206.webp 480w\" sizes=\"(min-width: 0px) and (max-width: 480px) 480px, (min-width: 481px) 937px, 100vw\" \/><\/p>\n<h3>12B Gusseisen-Kettenrad<\/h3>\n<p><img loading=\"lazy\" decoding=\"async\" class=\"alignnone size-full wp-image-5276\" src=\"https:\/\/fmp-components.com\/wp-content\/uploads\/2025\/02\/fmp-cast-iron-sprocket-5.webp\" alt=\"fmp-Gusseisen-Kettenrad\" width=\"937\" height=\"426\" title=\"\" srcset=\"https:\/\/fmp-components.com\/wp-content\/uploads\/2025\/02\/fmp-cast-iron-sprocket-5.webp 937w, https:\/\/fmp-components.com\/wp-content\/uploads\/2025\/02\/fmp-cast-iron-sprocket-5-480x218.webp 480w\" sizes=\"(min-width: 0px) and (max-width: 480px) 480px, (min-width: 481px) 937px, 100vw\" \/><\/p>\n<h3>16B Gusseisen-Kettenrad<\/h3>\n<p><img loading=\"lazy\" decoding=\"async\" class=\"alignnone size-full wp-image-5277\" src=\"https:\/\/fmp-components.com\/wp-content\/uploads\/2025\/02\/fmp-cast-iron-sprocket-6.webp\" alt=\"fmp-Gusseisen-Kettenrad\" width=\"938\" height=\"442\" title=\"\" srcset=\"https:\/\/fmp-components.com\/wp-content\/uploads\/2025\/02\/fmp-cast-iron-sprocket-6.webp 938w, https:\/\/fmp-components.com\/wp-content\/uploads\/2025\/02\/fmp-cast-iron-sprocket-6-480x226.webp 480w\" sizes=\"(min-width: 0px) and (max-width: 480px) 480px, (min-width: 481px) 938px, 100vw\" \/><\/p>\n<h3>20B Gusseisen-Kettenrad<\/h3>\n<p><img loading=\"lazy\" decoding=\"async\" class=\"alignnone size-full wp-image-5278\" src=\"https:\/\/fmp-components.com\/wp-content\/uploads\/2025\/02\/fmp-cast-iron-sprocket-7.webp\" alt=\"fmp-Gusseisen-Kettenrad\" width=\"938\" height=\"333\" title=\"\" srcset=\"https:\/\/fmp-components.com\/wp-content\/uploads\/2025\/02\/fmp-cast-iron-sprocket-7.webp 938w, https:\/\/fmp-components.com\/wp-content\/uploads\/2025\/02\/fmp-cast-iron-sprocket-7-480x170.webp 480w\" sizes=\"(min-width: 0px) and (max-width: 480px) 480px, (min-width: 481px) 938px, 100vw\" \/><\/p>\n<h3>24B Gusseisen-Kettenrad<\/h3>\n<p><img loading=\"lazy\" decoding=\"async\" class=\"alignnone size-full wp-image-5279\" src=\"https:\/\/fmp-components.com\/wp-content\/uploads\/2025\/02\/fmp-cast-iron-sprocket-8.webp\" alt=\"fmp-Gusseisen-Kettenrad\" width=\"935\" height=\"404\" title=\"\" srcset=\"https:\/\/fmp-components.com\/wp-content\/uploads\/2025\/02\/fmp-cast-iron-sprocket-8.webp 935w, https:\/\/fmp-components.com\/wp-content\/uploads\/2025\/02\/fmp-cast-iron-sprocket-8-480x207.webp 480w\" sizes=\"(min-width: 0px) and (max-width: 480px) 480px, (min-width: 481px) 935px, 100vw\" \/><\/p>\n<h3>28B Gusseisen-Kettenrad<\/h3>\n<p><img loading=\"lazy\" decoding=\"async\" class=\"alignnone size-full wp-image-5280\" src=\"https:\/\/fmp-components.com\/wp-content\/uploads\/2025\/02\/fmp-cast-iron-sprocket-9.webp\" alt=\"fmp-Gusseisen-Kettenrad\" width=\"938\" height=\"340\" title=\"\" srcset=\"https:\/\/fmp-components.com\/wp-content\/uploads\/2025\/02\/fmp-cast-iron-sprocket-9.webp 938w, https:\/\/fmp-components.com\/wp-content\/uploads\/2025\/02\/fmp-cast-iron-sprocket-9-480x174.webp 480w\" sizes=\"(min-width: 0px) and (max-width: 480px) 480px, (min-width: 481px) 938px, 100vw\" \/><\/p>\n<h3>32B Gusseisen-Kettenrad<\/h3>\n<p><img loading=\"lazy\" decoding=\"async\" class=\"alignnone size-full wp-image-5283\" src=\"https:\/\/fmp-components.com\/wp-content\/uploads\/2025\/02\/fmp-cast-iron-sprocket-10.webp\" alt=\"fmp-Gusseisen-Kettenrad\" width=\"937\" height=\"382\" title=\"\" srcset=\"https:\/\/fmp-components.com\/wp-content\/uploads\/2025\/02\/fmp-cast-iron-sprocket-10.webp 937w, https:\/\/fmp-components.com\/wp-content\/uploads\/2025\/02\/fmp-cast-iron-sprocket-10-480x196.webp 480w\" sizes=\"(min-width: 0px) and (max-width: 480px) 480px, (min-width: 481px) 937px, 100vw\" \/><\/p>\n<h2>\u00dcber FMP<\/h2>\n<p>Wir bei FMP sind stolz darauf, ein f\u00fchrender Hersteller hochwertiger Kettenr\u00e4der zu sein, die in unserer modernen Produktionsst\u00e4tte in Italien gefertigt werden. Wir bieten eine vielf\u00e4ltige Auswahl an Kettenr\u00e4dern, die auf die individuellen Bed\u00fcrfnisse verschiedenster Branchen zugeschnitten sind. Ob Sie Kettenr\u00e4der mit fertiger Bohrung, Leerlaufkettenr\u00e4der, Kegelrollen oder F\u00f6rderkettenr\u00e4der suchen \u2013 jedes Produkt wird von uns mit Pr\u00e4zision und Langlebigkeit gefertigt, um optimale Leistung zu gew\u00e4hrleisten. Unser Sortiment umfasst Kettenr\u00e4der aus Edelstahl, Kunststoff und Stahl sowie Spezialmodelle wie Kettenr\u00e4der mit doppelter Teilung und zweireihige Kettenr\u00e4der. So k\u00f6nnen wir f\u00fcr jede Anwendung die ideale L\u00f6sung anbieten.<\/p>\n<p>Was FMP auszeichnet, ist unser Fokus auf individuelle L\u00f6sungen. Wir wissen, dass jedes Projekt seine eigenen Anforderungen hat. Deshalb bieten wir ma\u00dfgeschneiderte Kettenradl\u00f6sungen, die exakt auf Ihre Bed\u00fcrfnisse zugeschnitten sind. Ob Sie ein individuelles Design ben\u00f6tigen oder spezielle technische Anforderungen haben \u2013 unser Expertenteam liefert pr\u00e4zise, \u200b\u200bzuverl\u00e4ssige und leistungsstarke L\u00f6sungen.<\/p>\n<p>Wir legen gr\u00f6\u00dften Wert auf h\u00f6chste Qualit\u00e4t in Entwicklung und Fertigung und garantieren, dass jedes von uns hergestellte Kettenrad h\u00f6chsten Qualit\u00e4tsstandards entspricht und besonders langlebig ist. Bei Fragen oder Bedarf an einer individuellen Kettenradl\u00f6sung kontaktieren Sie uns gerne. Unser Team ber\u00e4t Sie kompetent und antwortet Ihnen zeitnah, um Ihre volle Zufriedenheit sicherzustellen. Schreiben Sie uns einfach eine E-Mail, und wir melden uns schnellstm\u00f6glich bei Ihnen.<\/p>\n<p><img loading=\"lazy\" decoding=\"async\" class=\"alignnone size-full wp-image-5246\" src=\"https:\/\/fmp-components.com\/wp-content\/uploads\/2025\/02\/fmp-cast-sprocket-1.webp\" sizes=\"(min-width: 0px) and (max-width: 480px) 480px, (min-width: 481px) and (max-width: 980px) 980px, (min-width: 981px) and (max-width: 1280px) 1280px, (min-width: 1281px) 2492px, 100vw\" srcset=\"https:\/\/fmp-components.com\/wp-content\/uploads\/2025\/02\/fmp-cast-sprocket-1.webp 2492w, https:\/\/fmp-components.com\/wp-content\/uploads\/2025\/02\/fmp-cast-sprocket-1-1280x606.webp 1280w, https:\/\/fmp-components.com\/wp-content\/uploads\/2025\/02\/fmp-cast-sprocket-1-980x464.webp 980w, https:\/\/fmp-components.com\/wp-content\/uploads\/2025\/02\/fmp-cast-sprocket-1-480x227.webp 480w\" alt=\"fmp-cast-sprocket\" width=\"2492\" height=\"1179\" title=\"\"><\/p>","protected":false},"excerpt":{"rendered":"<p>Overview of Cast Iron Sprocket Our cast iron sprockets are designed and manufactured to provide exceptional performance and durability. These sprockets are widely used in various industrial applications where reliability and long service life are crucial. We use high-quality materials and advanced manufacturing techniques to produce sprockets that meet the highest standards of precision and [&hellip;]<\/p>","protected":false},"featured_media":5284,"comment_status":"open","ping_status":"closed","template":"","meta":{"_et_pb_use_builder":"","_et_pb_old_content":"","_et_gb_content_width":""},"product_brand":[],"product_cat":[99],"product_tag":[],"class_list":{"0":"post-5271","1":"product","2":"type-product","3":"status-publish","4":"has-post-thumbnail","6":"product_cat-specialty-sprockets","8":"first","9":"instock","10":"shipping-taxable","11":"product-type-simple"},"_links":{"self":[{"href":"https:\/\/fmp-components.com\/de\/wp-json\/wp\/v2\/product\/5271","targetHints":{"allow":["GET"]}}],"collection":[{"href":"https:\/\/fmp-components.com\/de\/wp-json\/wp\/v2\/product"}],"about":[{"href":"https:\/\/fmp-components.com\/de\/wp-json\/wp\/v2\/types\/product"}],"replies":[{"embeddable":true,"href":"https:\/\/fmp-components.com\/de\/wp-json\/wp\/v2\/comments?post=5271"}],"wp:featuredmedia":[{"embeddable":true,"href":"https:\/\/fmp-components.com\/de\/wp-json\/wp\/v2\/media\/5284"}],"wp:attachment":[{"href":"https:\/\/fmp-components.com\/de\/wp-json\/wp\/v2\/media?parent=5271"}],"wp:term":[{"taxonomy":"product_brand","embeddable":true,"href":"https:\/\/fmp-components.com\/de\/wp-json\/wp\/v2\/product_brand?post=5271"},{"taxonomy":"product_cat","embeddable":true,"href":"https:\/\/fmp-components.com\/de\/wp-json\/wp\/v2\/product_cat?post=5271"},{"taxonomy":"product_tag","embeddable":true,"href":"https:\/\/fmp-components.com\/de\/wp-json\/wp\/v2\/product_tag?post=5271"}],"curies":[{"name":"wp","href":"https:\/\/api.w.org\/{rel}","templated":true}]}}