{"id":5256,"date":"2025-02-05T05:17:19","date_gmt":"2025-02-05T05:17:19","guid":{"rendered":"https:\/\/fmp-components.com\/?post_type=product&#038;p=5256"},"modified":"2025-02-05T06:13:06","modified_gmt":"2025-02-05T06:13:06","slug":"hand-or-electric-chain-hoist-sprocket-for-crane-lifting","status":"publish","type":"product","link":"https:\/\/fmp-components.com\/de\/product\/hand-or-electric-chain-hoist-sprocket-for-crane-lifting\/","title":{"rendered":"Hand- oder Elektrokettenzugkettenrad zum Kranheben"},"content":{"rendered":"<h2>Kettenzug-Kettenrad \u2013 Produkt\u00fcbersicht<\/h2>\n<p>Das Kettenzug-Kettenrad ist auf einfache Bedienung, Mobilit\u00e4t und Sicherheit ausgelegt und daher bei Anwendern sehr beliebt. Dank seines innovativen Designs und reibungslosen Betriebs eignet es sich hervorragend f\u00fcr Anwendungen mit schweren Lasten. Doch was zeichnet es aus?<\/p>\n<p>Das Kettenzug-Kettenrad besteht aus Komponenten wie Haken, Ketten und anderen Teilen mit hoher Tragf\u00e4higkeit, ausgezeichneter Robustheit und Festigkeit. Diese Eigenschaften gew\u00e4hrleisten die Langlebigkeit und Bruchsicherheit des Kettenrads im Einsatz und erh\u00f6hen so die Betriebssicherheit deutlich. Dank seiner robusten Konstruktion kann das Kettenrad schwere Lasten \u00fcber lange Zeitr\u00e4ume zuverl\u00e4ssig heben, was die Arbeitseffizienz steigert und den Bedarf an manueller Arbeit reduziert.<\/p>\n<p>Das Kettenzug-Kettenrad findet breite Anwendung in Branchen wie der Energie-, Transport-, Br\u00fcckenbau- und Kohleindustrie und bietet einzigartige Vorteile, die zu einem effizienteren und sichereren Betrieb in verschiedenen Bereichen beitragen. Dadurch ist es ein unsch\u00e4tzbares Werkzeug zur Steigerung der Produktivit\u00e4t.<\/p>\n<h3>Verbesserte Konstruktion mit fester Riemenscheibe<\/h3>\n<p>Das Kettenzugritzel ist eine Weiterentwicklung der herk\u00f6mmlichen Festrolle und vereint deren Vorteile mit zus\u00e4tzlichen Funktionen. Es integriert ein Untersetzungsgetriebe, eine R\u00fccklaufsperre und das Kettenzugritzel selbst in einem symmetrischen Stirnradgetriebe. Diese Konstruktion ist einfach, robust und hocheffizient.<\/p>\n<p>Die Bedienung ist einfach: Durch Ziehen an der Handkette und am Kettenrad greifen die Reibscheiben-Ratsche und der Bremssitz ineinander und drehen sich gemeinsam. Die lange Zahnwelle treibt das Plattenrad an, woraufhin sich die kurze Zahnwelle und das Keilwellenrad mitdrehen. Diese Bewegung treibt das Hubkettenrad an, welches wiederum die Hubkette bewegt und die schwere Last gleichm\u00e4\u00dfig anhebt. Zus\u00e4tzlich sorgt der Einwegbremsmechanismus mit seiner Ratschen-Reibscheibe f\u00fcr automatisches Bremsen unter Last. Die Sperrklinke greift unter Federspannung in die Ratsche ein und gew\u00e4hrleistet so ein sicheres und zuverl\u00e4ssiges Bremsen.<\/p>\n<p>Das Kettenzug-Kettenrad ist so konstruiert, dass es ein zuverl\u00e4ssiges, effizientes und sicheres Heben erm\u00f6glicht und somit die ideale Wahl f\u00fcr anspruchsvolle industrielle Aufgaben darstellt.<\/p>\n<h3>Wartung des Kettenrads eines Handkettenzugs<\/h3>\n<p>Das Kettenrad des Handkettenzugs dient haupts\u00e4chlich zum Heben schwerer Gegenst\u00e4nde und zur Montage von Ger\u00e4ten. Um einen sicheren und reibungslosen Betrieb zu gew\u00e4hrleisten, sollten vor Beginn jeglicher Hebearbeiten die folgenden Schritte befolgt werden:<\/p>\n<ol>\n<li><strong>Lastkapazit\u00e4t pr\u00fcfen<\/strong>Um eine \u00dcberlastung zu vermeiden, muss sichergestellt werden, dass das Gewicht des zu hebenden Gegenstands innerhalb der zul\u00e4ssigen Tragf\u00e4higkeit des Handkettenzugs liegt.<\/li>\n<li><strong>\u00dcberpr\u00fcfen Sie die Arbeitsumgebung<\/strong>Pr\u00fcfen Sie, ob der Arbeitsbereich die erforderlichen Sicherheitsbestimmungen erf\u00fcllt. Richten Sie um den Hebevorgang eine Sicherheitszone ein, um das Unfallrisiko zu minimieren.<\/li>\n<li><strong>Untersuchen Sie die Hebezeugkomponenten<\/strong>\u00dcberpr\u00fcfen Sie den Handkettenzug sorgf\u00e4ltig auf Anzeichen von Rost, Verschlei\u00df oder Rissen an den Bauteilen. Sollten Sie M\u00e4ngel feststellen, stellen Sie den Betrieb sofort ein und ersetzen oder reparieren Sie die besch\u00e4digten Komponenten.<\/li>\n<li><strong>Ladung sichern<\/strong>: Stellen Sie sicher, dass die Last vor dem Anheben ordnungsgem\u00e4\u00df gesichert ist, um ein Herabfallen w\u00e4hrend des Vorgangs zu verhindern.<\/li>\n<\/ol>\n<p>Durch die Einhaltung dieser Wartungs- und Sicherheitsrichtlinien k\u00f6nnen Sie die Langlebigkeit des Kettenrads Ihres Handkettenzugs gew\u00e4hrleisten und gleichzeitig ein sicheres Arbeitsumfeld erhalten.<\/p>\n<table style=\"width: 100%;\" border=\"1\" width=\"100%\" cellspacing=\"0\" cellpadding=\"0\">\n<tbody>\n<tr style=\"height: 14.40pt;\">\n<td style=\"height: 14.4pt; width: 26.5659%;\" width=\"166\" height=\"24\">Handkettenzug<\/td>\n<td style=\"width: 26.5658%;\" width=\"187\">Elektrischer Kettenzug<\/td>\n<td style=\"width: 23.2181%;\" width=\"123\">Hebelzug<\/td>\n<td style=\"width: 23.4341%;\" width=\"80\">Getriebewagen<\/td>\n<\/tr>\n<tr style=\"height: 14.40pt;\">\n<td style=\"height: 14.4pt; width: 26.5659%;\" align=\"right\" height=\"24\"><img loading=\"lazy\" decoding=\"async\" class=\"alignnone size-full wp-image-5267\" src=\"https:\/\/fmp-components.com\/wp-content\/uploads\/2025\/02\/fmp_cast-sprocket-4.webp\" alt=\"fmp_cast-sprocket\" width=\"300\" height=\"300\" title=\"\" srcset=\"https:\/\/fmp-components.com\/wp-content\/uploads\/2025\/02\/fmp_cast-sprocket-4.webp 300w, https:\/\/fmp-components.com\/wp-content\/uploads\/2025\/02\/fmp_cast-sprocket-4-150x150.webp 150w, https:\/\/fmp-components.com\/wp-content\/uploads\/2025\/02\/fmp_cast-sprocket-4-12x12.webp 12w, https:\/\/fmp-components.com\/wp-content\/uploads\/2025\/02\/fmp_cast-sprocket-4-100x100.webp 100w\" sizes=\"(max-width: 300px) 100vw, 300px\" \/><\/td>\n<td style=\"width: 26.5658%;\" align=\"right\"><img loading=\"lazy\" decoding=\"async\" class=\"alignnone size-full wp-image-5259\" src=\"https:\/\/fmp-components.com\/wp-content\/uploads\/2025\/02\/fmp_cast-sprocket-7.webp\" alt=\"fmp_cast-sprocket\" width=\"300\" height=\"300\" title=\"\" srcset=\"https:\/\/fmp-components.com\/wp-content\/uploads\/2025\/02\/fmp_cast-sprocket-7.webp 300w, https:\/\/fmp-components.com\/wp-content\/uploads\/2025\/02\/fmp_cast-sprocket-7-150x150.webp 150w, https:\/\/fmp-components.com\/wp-content\/uploads\/2025\/02\/fmp_cast-sprocket-7-12x12.webp 12w, https:\/\/fmp-components.com\/wp-content\/uploads\/2025\/02\/fmp_cast-sprocket-7-100x100.webp 100w\" sizes=\"(max-width: 300px) 100vw, 300px\" \/><\/td>\n<td style=\"width: 23.2181%;\" align=\"right\"><img loading=\"lazy\" decoding=\"async\" class=\"alignnone size-full wp-image-5260\" src=\"https:\/\/fmp-components.com\/wp-content\/uploads\/2025\/02\/fmp_cast-sprocket-9.webp\" alt=\"fmp_cast-sprocket\" width=\"300\" height=\"300\" title=\"\" srcset=\"https:\/\/fmp-components.com\/wp-content\/uploads\/2025\/02\/fmp_cast-sprocket-9.webp 300w, https:\/\/fmp-components.com\/wp-content\/uploads\/2025\/02\/fmp_cast-sprocket-9-150x150.webp 150w, https:\/\/fmp-components.com\/wp-content\/uploads\/2025\/02\/fmp_cast-sprocket-9-12x12.webp 12w, https:\/\/fmp-components.com\/wp-content\/uploads\/2025\/02\/fmp_cast-sprocket-9-100x100.webp 100w\" sizes=\"(max-width: 300px) 100vw, 300px\" \/><\/td>\n<td style=\"width: 23.4341%;\" align=\"right\"><img loading=\"lazy\" decoding=\"async\" class=\"alignnone size-full wp-image-5266\" src=\"https:\/\/fmp-components.com\/wp-content\/uploads\/2025\/02\/fmp_cast-sprocket-101.webp\" alt=\"fmp_cast-sprocket\" width=\"225\" height=\"225\" title=\"\" srcset=\"https:\/\/fmp-components.com\/wp-content\/uploads\/2025\/02\/fmp_cast-sprocket-101.webp 225w, https:\/\/fmp-components.com\/wp-content\/uploads\/2025\/02\/fmp_cast-sprocket-101-150x150.webp 150w, https:\/\/fmp-components.com\/wp-content\/uploads\/2025\/02\/fmp_cast-sprocket-101-12x12.webp 12w, https:\/\/fmp-components.com\/wp-content\/uploads\/2025\/02\/fmp_cast-sprocket-101-100x100.webp 100w\" sizes=\"(max-width: 225px) 100vw, 225px\" \/><\/td>\n<\/tr>\n<tr style=\"height: 14.40pt;\">\n<td style=\"height: 14.4pt; width: 26.5659%;\" align=\"right\" height=\"24\"><img loading=\"lazy\" decoding=\"async\" class=\"alignnone size-full wp-image-5262\" src=\"https:\/\/fmp-components.com\/wp-content\/uploads\/2025\/02\/fmp_cast-sprocket-6.webp\" alt=\"fmp_cast-sprocket-\" width=\"300\" height=\"300\" title=\"\" srcset=\"https:\/\/fmp-components.com\/wp-content\/uploads\/2025\/02\/fmp_cast-sprocket-6.webp 300w, https:\/\/fmp-components.com\/wp-content\/uploads\/2025\/02\/fmp_cast-sprocket-6-150x150.webp 150w, https:\/\/fmp-components.com\/wp-content\/uploads\/2025\/02\/fmp_cast-sprocket-6-12x12.webp 12w, https:\/\/fmp-components.com\/wp-content\/uploads\/2025\/02\/fmp_cast-sprocket-6-100x100.webp 100w\" sizes=\"(max-width: 300px) 100vw, 300px\" \/><\/td>\n<td style=\"width: 26.5658%;\" align=\"right\"><img loading=\"lazy\" decoding=\"async\" class=\"alignnone size-full wp-image-5263\" src=\"https:\/\/fmp-components.com\/wp-content\/uploads\/2025\/02\/fmp_cast-sprocket-8.webp\" alt=\"fmp_cast-sprocket\" width=\"300\" height=\"300\" title=\"\" srcset=\"https:\/\/fmp-components.com\/wp-content\/uploads\/2025\/02\/fmp_cast-sprocket-8.webp 300w, https:\/\/fmp-components.com\/wp-content\/uploads\/2025\/02\/fmp_cast-sprocket-8-150x150.webp 150w, https:\/\/fmp-components.com\/wp-content\/uploads\/2025\/02\/fmp_cast-sprocket-8-12x12.webp 12w, https:\/\/fmp-components.com\/wp-content\/uploads\/2025\/02\/fmp_cast-sprocket-8-100x100.webp 100w\" sizes=\"(max-width: 300px) 100vw, 300px\" \/><\/td>\n<td style=\"width: 23.2181%;\" align=\"right\"><img loading=\"lazy\" decoding=\"async\" class=\"alignnone size-full wp-image-5264\" src=\"https:\/\/fmp-components.com\/wp-content\/uploads\/2025\/02\/fmp_cast-sprocket-81.webp\" alt=\"fmp_cast-sprocket\" width=\"347\" height=\"347\" title=\"\" srcset=\"https:\/\/fmp-components.com\/wp-content\/uploads\/2025\/02\/fmp_cast-sprocket-81.webp 347w, https:\/\/fmp-components.com\/wp-content\/uploads\/2025\/02\/fmp_cast-sprocket-81-300x300.webp 300w, https:\/\/fmp-components.com\/wp-content\/uploads\/2025\/02\/fmp_cast-sprocket-81-150x150.webp 150w, https:\/\/fmp-components.com\/wp-content\/uploads\/2025\/02\/fmp_cast-sprocket-81-12x12.webp 12w, https:\/\/fmp-components.com\/wp-content\/uploads\/2025\/02\/fmp_cast-sprocket-81-100x100.webp 100w\" sizes=\"(max-width: 347px) 100vw, 347px\" \/><\/td>\n<td style=\"width: 23.4341%;\" align=\"right\"><img loading=\"lazy\" decoding=\"async\" class=\"alignnone size-full wp-image-5265\" src=\"https:\/\/fmp-components.com\/wp-content\/uploads\/2025\/02\/fmp_cast-sprocket-11.webp\" alt=\"fmp_cast-sprocket\" width=\"300\" height=\"300\" title=\"\" srcset=\"https:\/\/fmp-components.com\/wp-content\/uploads\/2025\/02\/fmp_cast-sprocket-11.webp 300w, https:\/\/fmp-components.com\/wp-content\/uploads\/2025\/02\/fmp_cast-sprocket-11-150x150.webp 150w, https:\/\/fmp-components.com\/wp-content\/uploads\/2025\/02\/fmp_cast-sprocket-11-12x12.webp 12w, https:\/\/fmp-components.com\/wp-content\/uploads\/2025\/02\/fmp_cast-sprocket-11-100x100.webp 100w\" sizes=\"(max-width: 300px) 100vw, 300px\" \/><\/td>\n<\/tr>\n<\/tbody>\n<\/table>\n<h3>Kettenzugritzel aus anderen Materialien<\/h3>\n<table style=\"width: 100%;\" border=\"1\" width=\"100%\" cellspacing=\"0\" cellpadding=\"0\">\n<tbody>\n<tr style=\"height: 14.40pt;\">\n<td style=\"height: 14.4pt; width: 49.0281%; text-align: center;\" align=\"right\" width=\"166\" height=\"24\">Kettenzugritzel aus Kunststoff<\/td>\n<td style=\"width: 50.7559%; text-align: center;\" align=\"right\" width=\"187\">Kettenzugritzel aus Edelstahl<\/td>\n<\/tr>\n<tr style=\"height: 14.40pt;\">\n<td class=\"et2\" style=\"height: 14.4pt; width: 49.0281%;\" height=\"24\"><img loading=\"lazy\" decoding=\"async\" class=\"alignnone wp-image-5268\" src=\"https:\/\/fmp-components.com\/wp-content\/uploads\/2025\/02\/fmp_plastic-sprocket-11.webp\" alt=\"fmp_plastic-sprocket\" width=\"447\" height=\"447\" title=\"\" srcset=\"https:\/\/fmp-components.com\/wp-content\/uploads\/2025\/02\/fmp_plastic-sprocket-11.webp 300w, https:\/\/fmp-components.com\/wp-content\/uploads\/2025\/02\/fmp_plastic-sprocket-11-150x150.webp 150w, https:\/\/fmp-components.com\/wp-content\/uploads\/2025\/02\/fmp_plastic-sprocket-11-12x12.webp 12w, https:\/\/fmp-components.com\/wp-content\/uploads\/2025\/02\/fmp_plastic-sprocket-11-100x100.webp 100w\" sizes=\"(max-width: 447px) 100vw, 447px\" \/><\/td>\n<td class=\"et2\" style=\"width: 50.7559%;\"><img loading=\"lazy\" decoding=\"async\" class=\"alignnone wp-image-5269\" src=\"https:\/\/fmp-components.com\/wp-content\/uploads\/2025\/02\/fmp_plastic-sprocket-12.webp\" alt=\"fmp_plastic-sprocket\" width=\"486\" height=\"486\" title=\"\" srcset=\"https:\/\/fmp-components.com\/wp-content\/uploads\/2025\/02\/fmp_plastic-sprocket-12.webp 300w, https:\/\/fmp-components.com\/wp-content\/uploads\/2025\/02\/fmp_plastic-sprocket-12-150x150.webp 150w, https:\/\/fmp-components.com\/wp-content\/uploads\/2025\/02\/fmp_plastic-sprocket-12-12x12.webp 12w, https:\/\/fmp-components.com\/wp-content\/uploads\/2025\/02\/fmp_plastic-sprocket-12-100x100.webp 100w\" sizes=\"(max-width: 486px) 100vw, 486px\" \/><\/td>\n<\/tr>\n<\/tbody>\n<\/table>\n<h2>\u00dcber FMP<\/h2>\n<p>Wir bei FMP sind stolz darauf, ein f\u00fchrender Hersteller hochwertiger Kettenr\u00e4der zu sein, die in unserer modernen Produktionsst\u00e4tte in Italien gefertigt werden. Wir bieten eine vielf\u00e4ltige Auswahl an Kettenr\u00e4dern, die auf die individuellen Bed\u00fcrfnisse verschiedenster Branchen zugeschnitten sind. Ob Sie Kettenr\u00e4der mit fertiger Bohrung, Leerlaufkettenr\u00e4der, Kegelrollen oder F\u00f6rderkettenr\u00e4der suchen \u2013 jedes Produkt wird von uns mit Pr\u00e4zision und Langlebigkeit gefertigt, um optimale Leistung zu gew\u00e4hrleisten. Unser Sortiment umfasst Kettenr\u00e4der aus Edelstahl, Kunststoff und Stahl sowie Spezialmodelle wie Kettenr\u00e4der mit doppelter Teilung und zweireihige Kettenr\u00e4der. So k\u00f6nnen wir f\u00fcr jede Anwendung die ideale L\u00f6sung anbieten.<\/p>\n<p>Was FMP auszeichnet, ist unser Fokus auf individuelle L\u00f6sungen. Wir wissen, dass jedes Projekt seine eigenen Anforderungen hat. Deshalb bieten wir ma\u00dfgeschneiderte Kettenradl\u00f6sungen, die exakt auf Ihre Bed\u00fcrfnisse zugeschnitten sind. Ob Sie ein individuelles Design ben\u00f6tigen oder spezielle technische Anforderungen haben \u2013 unser Expertenteam liefert pr\u00e4zise, \u200b\u200bzuverl\u00e4ssige und leistungsstarke L\u00f6sungen.<\/p>\n<p>Wir legen gr\u00f6\u00dften Wert auf h\u00f6chste Qualit\u00e4t in Entwicklung und Fertigung und garantieren, dass jedes von uns hergestellte Kettenrad h\u00f6chsten Qualit\u00e4tsstandards entspricht und besonders langlebig ist. Bei Fragen oder Bedarf an einer individuellen Kettenradl\u00f6sung kontaktieren Sie uns gerne. Unser Team ber\u00e4t Sie kompetent und antwortet Ihnen zeitnah, um Ihre volle Zufriedenheit sicherzustellen. Schreiben Sie uns einfach eine E-Mail, und wir melden uns schnellstm\u00f6glich bei Ihnen.<\/p>\n<p><img loading=\"lazy\" decoding=\"async\" class=\"alignnone size-full wp-image-5246\" src=\"https:\/\/fmp-components.com\/wp-content\/uploads\/2025\/02\/fmp-cast-sprocket-1.webp\" alt=\"fmp-cast-sprocket\" width=\"2492\" height=\"1179\" title=\"\" srcset=\"https:\/\/fmp-components.com\/wp-content\/uploads\/2025\/02\/fmp-cast-sprocket-1.webp 2492w, https:\/\/fmp-components.com\/wp-content\/uploads\/2025\/02\/fmp-cast-sprocket-1-1280x606.webp 1280w, https:\/\/fmp-components.com\/wp-content\/uploads\/2025\/02\/fmp-cast-sprocket-1-980x464.webp 980w, https:\/\/fmp-components.com\/wp-content\/uploads\/2025\/02\/fmp-cast-sprocket-1-480x227.webp 480w\" sizes=\"(min-width: 0px) and (max-width: 480px) 480px, (min-width: 481px) and (max-width: 980px) 980px, (min-width: 981px) and (max-width: 1280px) 1280px, (min-width: 1281px) 2492px, 100vw\" \/><\/p>","protected":false},"excerpt":{"rendered":"<p>Chain Hoist Sprocket Product Overview The chain hoist sprocket is designed for ease of operation, portability, and safety, making it a popular choice among users. With its innovative design and smooth functionality, this sprocket excels in heavy lifting applications. But what sets it apart? The chain hoist sprocket is built with components such as hooks, [&hellip;]<\/p>","protected":false},"featured_media":5257,"comment_status":"open","ping_status":"closed","template":"","meta":{"_et_pb_use_builder":"","_et_pb_old_content":"","_et_gb_content_width":""},"product_brand":[],"product_cat":[99],"product_tag":[],"class_list":{"0":"post-5256","1":"product","2":"type-product","3":"status-publish","4":"has-post-thumbnail","6":"product_cat-specialty-sprockets","8":"first","9":"instock","10":"shipping-taxable","11":"product-type-simple"},"_links":{"self":[{"href":"https:\/\/fmp-components.com\/de\/wp-json\/wp\/v2\/product\/5256","targetHints":{"allow":["GET"]}}],"collection":[{"href":"https:\/\/fmp-components.com\/de\/wp-json\/wp\/v2\/product"}],"about":[{"href":"https:\/\/fmp-components.com\/de\/wp-json\/wp\/v2\/types\/product"}],"replies":[{"embeddable":true,"href":"https:\/\/fmp-components.com\/de\/wp-json\/wp\/v2\/comments?post=5256"}],"wp:featuredmedia":[{"embeddable":true,"href":"https:\/\/fmp-components.com\/de\/wp-json\/wp\/v2\/media\/5257"}],"wp:attachment":[{"href":"https:\/\/fmp-components.com\/de\/wp-json\/wp\/v2\/media?parent=5256"}],"wp:term":[{"taxonomy":"product_brand","embeddable":true,"href":"https:\/\/fmp-components.com\/de\/wp-json\/wp\/v2\/product_brand?post=5256"},{"taxonomy":"product_cat","embeddable":true,"href":"https:\/\/fmp-components.com\/de\/wp-json\/wp\/v2\/product_cat?post=5256"},{"taxonomy":"product_tag","embeddable":true,"href":"https:\/\/fmp-components.com\/de\/wp-json\/wp\/v2\/product_tag?post=5256"}],"curies":[{"name":"wp","href":"https:\/\/api.w.org\/{rel}","templated":true}]}}