{"id":5245,"date":"2025-02-05T03:47:45","date_gmt":"2025-02-05T03:47:45","guid":{"rendered":"https:\/\/fmp-components.com\/?post_type=product&#038;p=5245"},"modified":"2025-02-05T03:47:46","modified_gmt":"2025-02-05T03:47:46","slug":"bucket-elevator-sprocket","status":"publish","type":"product","link":"https:\/\/fmp-components.com\/de\/product\/bucket-elevator-sprocket\/","title":{"rendered":"Becherwerkskettenrad"},"content":{"rendered":"<h2>Becherwerkskettenrad<\/h2>\n<p>Der Becherwerksf\u00f6rderer ist so konstruiert, dass er Materialien effizient von niedrigeren zu h\u00f6heren Lagen transportiert. <img loading=\"lazy\" decoding=\"async\" class=\"size-full wp-image-5248 alignright\" src=\"https:\/\/fmp-components.com\/wp-content\/uploads\/2025\/02\/fmp_cast-sprocket-16.webp\" alt=\"fmp_cast-sprocket\" width=\"538\" height=\"522\" title=\"\" srcset=\"https:\/\/fmp-components.com\/wp-content\/uploads\/2025\/02\/fmp_cast-sprocket-16.webp 538w, https:\/\/fmp-components.com\/wp-content\/uploads\/2025\/02\/fmp_cast-sprocket-16-480x466.webp 480w\" sizes=\"(min-width: 0px) and (max-width: 480px) 480px, (min-width: 481px) 538px, 100vw\" \/>Nachdem das Material \u00fcber einen R\u00fctteltisch in den Trichter eingef\u00fcllt wurde, arbeitet die Maschine automatisch und kontinuierlich und bef\u00f6rdert das Material nach oben. Die F\u00f6rdergeschwindigkeit l\u00e4sst sich an das ben\u00f6tigte F\u00f6rdervolumen anpassen, und die Hubh\u00f6he kann individuell eingestellt werden.<\/p>\n<p>Unser Becherwerk verf\u00fcgt \u00fcber einen eigens entwickelten, ungiftigen PP-Trichter, der sein Einsatzspektrum in verschiedenen Branchen erweitert. Der Trichter ist sorgf\u00e4ltig konstruiert, um optimale Leistung zu gew\u00e4hrleisten und Langlebigkeit sowie eine sichere Materialhandhabung sicherzustellen. Alle Systemabmessungen sind auf die spezifischen Anforderungen der jeweiligen Anwendung abgestimmt.<\/p>\n<p>Dieser Becherwerksf\u00f6rderer eignet sich ideal zur Unterst\u00fctzung vertikaler Verpackungsmaschinen und computergesteuerter Dosiersysteme. Er wird h\u00e4ufig zum Heben und F\u00f6rdern von Produkten wie Lebensmitteln, Pharmazeutika, Industriechemikalien, Schrauben, Muttern und anderen Artikeln eingesetzt. Der Betrieb der Maschine kann durch Signalerkennung der angeschlossenen Verpackungsmaschine automatisch gesteuert werden, was ein nahtloses Starten und Stoppen erm\u00f6glicht.<\/p>\n<p>Dank seiner flexiblen Konstruktion und der Verwendung hochwertiger Komponenten ist unser Becherwerk eine zuverl\u00e4ssige L\u00f6sung f\u00fcr den effizienten vertikalen Transport in unterschiedlichsten Branchen.<\/p>\n<h2>Funktionsprinzip des Becherwerks<\/h2>\n<p>Der Becherwerksf\u00f6rderer arbeitet mit mehreren Trichtern, die das Material aus einem tiefer gelegenen Lagerbereich entnehmen. Das F\u00f6rderband oder die F\u00f6rderkette wird angehoben, l\u00e4uft \u00fcber das oberste Rad und senkt sich dann ab, um das Material in einen Auffangbeh\u00e4lter zu entladen. Dadurch kann der Becherwerksf\u00f6rderer Material kontinuierlich vertikal transportieren.<\/p>\n<p><img loading=\"lazy\" decoding=\"async\" class=\"size-full wp-image-5247 alignleft\" src=\"https:\/\/fmp-components.com\/wp-content\/uploads\/2025\/02\/fmp_cast-sprocket-15.webp\" alt=\"fmp_cast-sprocket\" width=\"526\" height=\"435\" title=\"\" srcset=\"https:\/\/fmp-components.com\/wp-content\/uploads\/2025\/02\/fmp_cast-sprocket-15.webp 526w, https:\/\/fmp-components.com\/wp-content\/uploads\/2025\/02\/fmp_cast-sprocket-15-480x397.webp 480w\" sizes=\"(min-width: 0px) and (max-width: 480px) 480px, (min-width: 481px) 526px, 100vw\" \/>Bei den meisten Becherwerken erfolgt der Antrieb \u00fcber einen Gummiriemen, der sowohl an den unteren und oberen Antriebstrommeln als auch an den oberen und unteren Lenktrommeln angebracht ist. Alternativ sind kettengetriebene Becherwerke mit zwei parallelen Antriebsketten ausgestattet. Diese Ketten arbeiten mit zwei Antriebskettenr\u00e4dern am oberen oder unteren Ende sowie mit Lenkkettenr\u00e4dern am gegen\u00fcberliegenden Ende zusammen.<\/p>\n<p>Um einen effizienten und sauberen Betrieb zu gew\u00e4hrleisten, sind Becherwerke typischerweise in Geh\u00e4usen eingeschlossen, die dazu beitragen, dass w\u00e4hrend des Materialtransports kein Staub entweicht.<\/p>\n<p>Becherwerke eignen sich ideal f\u00fcr den vertikalen Materialtransport. Sobald das Material \u00fcber einen R\u00fctteltisch in den Trichter eingef\u00fcllt wurde, f\u00e4hrt das System automatisch und kontinuierlich, um das Material auf die gew\u00fcnschte H\u00f6he zu heben und so ein zuverl\u00e4ssiges und effizientes Materialhandling zu gew\u00e4hrleisten.<\/p>\n<h2>\u00dcber FMP<\/h2>\n<p>Wir bei FMP sind stolz darauf, ein f\u00fchrender Hersteller hochwertiger Kettenr\u00e4der zu sein, die in unserer modernen Produktionsst\u00e4tte in Italien gefertigt werden. Wir bieten eine vielf\u00e4ltige Auswahl an Kettenr\u00e4dern, die auf die individuellen Bed\u00fcrfnisse verschiedenster Branchen zugeschnitten sind. Ob Sie Kettenr\u00e4der mit fertiger Bohrung, Leerlaufkettenr\u00e4der, Kegelrollen oder F\u00f6rderkettenr\u00e4der suchen \u2013 jedes Produkt wird von uns mit Pr\u00e4zision und Langlebigkeit gefertigt, um optimale Leistung zu gew\u00e4hrleisten. Unser Sortiment umfasst Kettenr\u00e4der aus Edelstahl, Kunststoff und Stahl sowie Spezialmodelle wie Kettenr\u00e4der mit doppelter Teilung und zweireihige Kettenr\u00e4der. So k\u00f6nnen wir f\u00fcr jede Anwendung die ideale L\u00f6sung anbieten.<\/p>\n<p>Was FMP auszeichnet, ist unser Fokus auf individuelle L\u00f6sungen. Wir wissen, dass jedes Projekt seine eigenen Anforderungen hat. Deshalb bieten wir ma\u00dfgeschneiderte Kettenradl\u00f6sungen, die exakt auf Ihre Bed\u00fcrfnisse zugeschnitten sind. Ob Sie ein individuelles Design ben\u00f6tigen oder spezielle technische Anforderungen haben \u2013 unser Expertenteam liefert pr\u00e4zise, \u200b\u200bzuverl\u00e4ssige und leistungsstarke L\u00f6sungen.<\/p>\n<p>Wir legen gr\u00f6\u00dften Wert auf h\u00f6chste Qualit\u00e4t in Entwicklung und Fertigung und garantieren, dass jedes von uns hergestellte Kettenrad h\u00f6chsten Qualit\u00e4tsstandards entspricht und besonders langlebig ist. Bei Fragen oder Bedarf an einer individuellen Kettenradl\u00f6sung kontaktieren Sie uns gerne. Unser Team ber\u00e4t Sie kompetent und antwortet Ihnen zeitnah, um Ihre volle Zufriedenheit sicherzustellen. Schreiben Sie uns einfach eine E-Mail, und wir melden uns schnellstm\u00f6glich bei Ihnen.<\/p>\n<p><img loading=\"lazy\" decoding=\"async\" class=\"alignnone size-full wp-image-5246\" src=\"https:\/\/fmp-components.com\/wp-content\/uploads\/2025\/02\/fmp-cast-sprocket-1.webp\" alt=\"fmp-cast-sprocket\" width=\"2492\" height=\"1179\" title=\"\" srcset=\"https:\/\/fmp-components.com\/wp-content\/uploads\/2025\/02\/fmp-cast-sprocket-1.webp 2492w, https:\/\/fmp-components.com\/wp-content\/uploads\/2025\/02\/fmp-cast-sprocket-1-1280x606.webp 1280w, https:\/\/fmp-components.com\/wp-content\/uploads\/2025\/02\/fmp-cast-sprocket-1-980x464.webp 980w, https:\/\/fmp-components.com\/wp-content\/uploads\/2025\/02\/fmp-cast-sprocket-1-480x227.webp 480w\" sizes=\"(min-width: 0px) and (max-width: 480px) 480px, (min-width: 481px) and (max-width: 980px) 980px, (min-width: 981px) and (max-width: 1280px) 1280px, (min-width: 1281px) 2492px, 100vw\" \/><\/p>","protected":false},"excerpt":{"rendered":"<p>Bucket Elevator Sprocket The bucket elevator is designed to efficiently transport materials from lower to higher elevations. After materials are placed into the hopper via a vibration table, the machine operates automatically and continuously, lifting the materials upward. The speed of the conveyor can be adjusted based on the required transport volume, and the lifting [&hellip;]<\/p>","protected":false},"featured_media":5249,"comment_status":"open","ping_status":"closed","template":"","meta":{"_et_pb_use_builder":"","_et_pb_old_content":"","_et_gb_content_width":""},"product_brand":[],"product_cat":[99],"product_tag":[],"class_list":{"0":"post-5245","1":"product","2":"type-product","3":"status-publish","4":"has-post-thumbnail","6":"product_cat-specialty-sprockets","8":"first","9":"instock","10":"shipping-taxable","11":"product-type-simple"},"_links":{"self":[{"href":"https:\/\/fmp-components.com\/de\/wp-json\/wp\/v2\/product\/5245","targetHints":{"allow":["GET"]}}],"collection":[{"href":"https:\/\/fmp-components.com\/de\/wp-json\/wp\/v2\/product"}],"about":[{"href":"https:\/\/fmp-components.com\/de\/wp-json\/wp\/v2\/types\/product"}],"replies":[{"embeddable":true,"href":"https:\/\/fmp-components.com\/de\/wp-json\/wp\/v2\/comments?post=5245"}],"wp:featuredmedia":[{"embeddable":true,"href":"https:\/\/fmp-components.com\/de\/wp-json\/wp\/v2\/media\/5249"}],"wp:attachment":[{"href":"https:\/\/fmp-components.com\/de\/wp-json\/wp\/v2\/media?parent=5245"}],"wp:term":[{"taxonomy":"product_brand","embeddable":true,"href":"https:\/\/fmp-components.com\/de\/wp-json\/wp\/v2\/product_brand?post=5245"},{"taxonomy":"product_cat","embeddable":true,"href":"https:\/\/fmp-components.com\/de\/wp-json\/wp\/v2\/product_cat?post=5245"},{"taxonomy":"product_tag","embeddable":true,"href":"https:\/\/fmp-components.com\/de\/wp-json\/wp\/v2\/product_tag?post=5245"}],"curies":[{"name":"wp","href":"https:\/\/api.w.org\/{rel}","templated":true}]}}