{"id":5239,"date":"2025-02-05T03:00:22","date_gmt":"2025-02-05T03:00:22","guid":{"rendered":"https:\/\/fmp-components.com\/?post_type=product&#038;p=5239"},"modified":"2025-02-05T03:00:22","modified_gmt":"2025-02-05T03:00:22","slug":"fu-scraper-conveyor-cast-sprocket","status":"publish","type":"product","link":"https:\/\/fmp-components.com\/de\/product\/fu-scraper-conveyor-cast-sprocket\/","title":{"rendered":"FU-Kratzerf\u00f6rderer-Gusskettenrad"},"content":{"rendered":"<h2>Schaberkettenrad<\/h2>\n<p>Das gegossene Kettenrad des FU-Kratzerf\u00f6rderers ist eine wichtige Komponente im Antriebsmechanismus verschiedener Kratzmaschinen. Es bildet zusammen mit der Kette das prim\u00e4re Antriebssystem f\u00fcr Kratzf\u00f6rderer. Die Kettenr\u00e4der und Ketten dieser Maschinen transportieren Sch\u00fcttg\u00fcter effizient im Trog und bieten Stabilit\u00e4t und Langlebigkeit. Kratzmaschinen k\u00f6nnen sowohl f\u00fcr den horizontalen als auch f\u00fcr den geneigten Materialtransport eingesetzt werden.<\/p>\n<p>Die Kettenradachse, oft auch als Kettenradgruppe bezeichnet, ist eine Schl\u00fcsselkomponente des vollmechanisierten Sch\u00fcrfkopfes und des Laders. Im Kohlebergbau treibt das Kettenrad die Kette \u00fcber ein Untersetzungsgetriebe an, sodass der Sch\u00fcrfk\u00fcbel Materialien wie Kohle im zentralen Schlitz bewegen kann.<\/p>\n<p><img loading=\"lazy\" decoding=\"async\" class=\"wp-image-5241 alignleft\" src=\"https:\/\/fmp-components.com\/wp-content\/uploads\/2025\/02\/scraper2.webp\" alt=\"Schaber\" width=\"304\" height=\"304\" title=\"\"> Die Schaberkettenr\u00e4der werden aus hochfestem Baustahl gefertigt und einem mehrstufigen Verarbeitungsprozess unterzogen. Sie zeichnen sich durch ihre hohe Festigkeit, Verschlei\u00dffestigkeit und Zuverl\u00e4ssigkeit aus. Sie sind in verschiedenen Ausf\u00fchrungen f\u00fcr unterschiedliche Schaberf\u00f6rderer erh\u00e4ltlich und erf\u00fcllen die Anforderungen unterschiedlicher Betriebsbedingungen.<\/p>\n<h3>Zu den Hauptmerkmalen der Schaberkettenr\u00e4der geh\u00f6ren:<\/h3>\n<p>Hohe Festigkeit und Verschlei\u00dffestigkeit<br \/>\nWiderstandsf\u00e4higkeit gegen\u00fcber Impulskombinationen und Sto\u00dfbelastungen<br \/>\nHaltbarkeit und Robustheit<br \/>\nPr\u00e4zise Zahngr\u00f6\u00dfe und hohe Verarbeitungsgenauigkeit f\u00fcr optimale Kettenkompatibilit\u00e4t<br \/>\nNormalerweise haben Schaberkettenr\u00e4der, je nach spezifischer Anwendung, 6\u20138 Z\u00e4hne.<\/p>\n<h2>Material des Abstreiferkettenrads<\/h2>\n<p>Die meisten Kratzerkettenr\u00e4der werden aus hochfesten legierten St\u00e4hlen wie 42CrMo oder 45CrMnMo gefertigt. Diese Materialien werden aufgrund ihrer au\u00dfergew\u00f6hnlichen Festigkeit, Haltbarkeit und Verschlei\u00dffestigkeit ausgew\u00e4hlt, die f\u00fcr die anspruchsvollen Bedingungen, denen Kratzerkettenr\u00e4der im Betrieb ausgesetzt sind, unerl\u00e4sslich sind.<\/p>\n<p>Um die Verschlei\u00dffestigkeit und Gesamtleistung der Kettenr\u00e4der zu verbessern, werden diese einem Schmiede- und Abschreckprozess unterzogen. Der Schmiedeprozess sorgt f\u00fcr eine dichte und gleichm\u00e4\u00dfige Struktur der Kettenr\u00e4der, was ihre Z\u00e4higkeit und Dauerfestigkeit deutlich verbessert. Durch das Abschrecken wird die H\u00e4rte des Materials weiter erh\u00f6ht, wodurch die Kettenr\u00e4der den Belastungen und dem Verschlei\u00df im Hochleistungseinsatz besser standhalten.<\/p>\n<p>W\u00e4hrend des Produktionsprozesses werden strenge Qualit\u00e4tskontrollma\u00dfnahmen durchgef\u00fchrt, um sicherzustellen, dass die Schmiedeoberfl\u00e4che jedes Kettenrads frei von Defekten wie Rissen, Zwischenschichten, Falten, Entwicklungssch\u00e4den und Schlackeneinschl\u00fcssen ist. Diese M\u00e4ngel k\u00f6nnen die Festigkeit und Funktionalit\u00e4t der Kettenr\u00e4der beeintr\u00e4chtigen. Daher werden strenge Tests und Inspektionen durchgef\u00fchrt, um h\u00f6chste Qualit\u00e4tsstandards zu gew\u00e4hrleisten.<\/p>\n<p>Die Herstellung jedes Kettenrads umfasst mehr als zwanzig verschiedene Verarbeitungsschritte. Dazu geh\u00f6ren pr\u00e4zise Bearbeitung, Formgebung und Endbearbeitung, um sicherzustellen, dass jedes Kettenrad die erforderlichen Spezifikationen f\u00fcr die Abstreifermaschinen erf\u00fcllt. Nach der Formgebung werden die Kettenr\u00e4der in den Kopf- und Hinterteil der Abstreifermaschine eingebaut, wo sie eine entscheidende Rolle beim Antrieb der Kette und beim effizienten Materialtransport spielen.<\/p>\n<p>Durch den Einsatz fortschrittlicher Fertigungstechniken und hochwertiger Materialien bieten die Schaberkettenr\u00e4der eine zuverl\u00e4ssige Leistung in anspruchsvollen Umgebungen und bieten eine lange Lebensdauer und verbesserte Betriebseffizienz.<\/p>\n<p><img loading=\"lazy\" decoding=\"async\" class=\"wp-image-5243 aligncenter\" src=\"https:\/\/fmp-components.com\/wp-content\/uploads\/2025\/02\/fmp_cast-sprocket-12.webp\" alt=\"fmp_cast-sprocket\" width=\"863\" height=\"859\" title=\"\" srcset=\"https:\/\/fmp-components.com\/wp-content\/uploads\/2025\/02\/fmp_cast-sprocket-12.webp 863w, https:\/\/fmp-components.com\/wp-content\/uploads\/2025\/02\/fmp_cast-sprocket-12-480x478.webp 480w\" sizes=\"(min-width: 0px) and (max-width: 480px) 480px, (min-width: 481px) 863px, 100vw\" \/><\/p>\n<h3>Funktionsprinzip des Kratzerf\u00f6rderers<\/h3>\n<p>Der Kratzerf\u00f6rderer verf\u00fcgt \u00fcber einen einfachen, aber effektiven Mechanismus, der f\u00fcr den Transport von Sch\u00fcttg\u00fctern wie Kohle, Ganggestein oder anderen Stoffen entwickelt wurde. Der F\u00f6rderer verf\u00fcgt \u00fcber eine offene Rutsche, die als F\u00fchrung und Lagerung f\u00fcr das Material dient. Der an der Kette befestigte Kratzer (die sogenannte Kratzerkette) dient als Zugelement, das das Material durch die Rutsche bef\u00f6rdert.<\/p>\n<p>Wird das Kopfantriebssystem inklusive F\u00f6rdergetriebe aktiviert, setzt es das Kettenrad auf der Antriebswelle des F\u00f6rderers in Bewegung. Diese Rotation treibt die Abstreiferkette an und sorgt f\u00fcr eine kontinuierliche Zirkulation. W\u00e4hrend sich die Abstreiferkette bewegt, zieht sie das Material entlang der Rutsche und transportiert es effizient vom hinteren Ende zum Kopf des F\u00f6rderers.<\/p>\n<p><img loading=\"lazy\" decoding=\"async\" class=\"wp-image-5242 aligncenter\" src=\"https:\/\/fmp-components.com\/wp-content\/uploads\/2025\/02\/fmp-scraper.webp\" alt=\"fmp-scraper\" width=\"880\" height=\"660\" title=\"\" srcset=\"https:\/\/fmp-components.com\/wp-content\/uploads\/2025\/02\/fmp-scraper.webp 880w, https:\/\/fmp-components.com\/wp-content\/uploads\/2025\/02\/fmp-scraper-480x360.webp 480w\" sizes=\"(min-width: 0px) and (max-width: 480px) 480px, (min-width: 481px) 880px, 100vw\" \/><\/p>\n<p>Am Kopf des F\u00f6rderers wird das Material entladen, womit der Transportzyklus abgeschlossen ist. Die Kratzerkette umgeht anschlie\u00dfend das Kettenrad und l\u00e4uft in einem kontinuierlichen, geschlossenen Kreislauf durch das System zur\u00fcck, wodurch ein gleichm\u00e4\u00dfiger Materialfluss w\u00e4hrend des gesamten Prozesses gew\u00e4hrleistet wird. Dieser nahtlose Betrieb erm\u00f6glicht eine effiziente und zuverl\u00e4ssige Materialhandhabung und macht Kratzerf\u00f6rderer ideal f\u00fcr eine Vielzahl von Branchen wie Bergbau, Kohleumschlag und Sch\u00fcttguttransport.<\/p>\n<p>Zusammenfassend l\u00e4sst sich sagen, dass das Funktionsprinzip des Kratzerf\u00f6rdersystems auf der koordinierten Bewegung der Kratzerkette und der Kettenr\u00e4der beruht, die durch das Kopfantriebssystem angetrieben werden, um Materialien kontinuierlich in einem geschlossenen Kreislauf entlang der Rutsche zu transportieren und so einen gleichm\u00e4\u00dfigen und reibungslosen Betrieb zu gew\u00e4hrleisten.<\/p>\n<h2>\u00dcber FMP<\/h2>\n<p>In unserem hochmodernen Werk in Italien sind wir auf die Produktion einer gro\u00dfen Vielfalt hochwertiger Kettenr\u00e4der spezialisiert, um den vielf\u00e4ltigen Anforderungen unserer Kunden gerecht zu werden. Von Kettenr\u00e4dern mit fertiger Bohrung \u00fcber Umlenkr\u00e4der und Kegelradverriegelungskettenr\u00e4der bis hin zu F\u00f6rderkettenr\u00e4dern bieten wir pr\u00e4zise und langlebig gefertigte Produkte. Unser umfangreiches Sortiment umfasst Kettenr\u00e4der aus Edelstahl, Kunststoff und Stahl sowie Spezialausf\u00fchrungen wie Doppelkettenr\u00e4der und Doppelreihenkettenr\u00e4der. So k\u00f6nnen wir f\u00fcr jede Anwendung die perfekte L\u00f6sung bieten.<img loading=\"lazy\" decoding=\"async\" class=\"wp-image-5244 alignleft\" src=\"https:\/\/fmp-components.com\/wp-content\/uploads\/2025\/02\/fmp_cast-sprocket-13.webp\" alt=\"fmp_cast-sprocket\" width=\"235\" height=\"295\" title=\"\"><\/p>\n<p>Was uns auszeichnet, ist unser Engagement f\u00fcr individuelle L\u00f6sungen. Wir wissen, dass jedes Projekt einzigartig ist. Deshalb bieten wir ma\u00dfgeschneiderte Kettenradl\u00f6sungen, die Ihren spezifischen Anforderungen gerecht werden. Ob Sie ein ma\u00dfgeschneidertes Design ben\u00f6tigen oder besondere technische Anforderungen haben, unser Expertenteam bietet Ihnen pr\u00e4zise und zuverl\u00e4ssige L\u00f6sungen.<\/p>\n<p>Wir sind stolz auf unsere technische Kompetenz und die Qualit\u00e4t unserer Fertigung. Jedes unserer Kettenr\u00e4der ist langlebig. Bei Fragen oder f\u00fcr individuelle W\u00fcnsche stehen wir Ihnen gerne zur Verf\u00fcgung. Unser Team unterst\u00fctzt Sie gerne und ber\u00e4t Sie kompetent und zeitnah, um Ihre Zufriedenheit zu gew\u00e4hrleisten. Senden Sie uns einfach eine E-Mail, wir melden uns schnellstm\u00f6glich bei Ihnen.<\/p>","protected":false},"excerpt":{"rendered":"<p>Scraper Sprocket The FU Scraper Conveyor Cast Sprocket is a crucial component in the drive mechanism of various scraper machines. It works together with the chain to form the primary drive system for scraper conveyors. The chain sprockets and chains of these machines efficiently transport bulk materials within the trough, offering stability and durability. Scraper [&hellip;]<\/p>","protected":false},"featured_media":5240,"comment_status":"open","ping_status":"closed","template":"","meta":{"_et_pb_use_builder":"","_et_pb_old_content":"","_et_gb_content_width":""},"product_brand":[],"product_cat":[99],"product_tag":[],"class_list":{"0":"post-5239","1":"product","2":"type-product","3":"status-publish","4":"has-post-thumbnail","6":"product_cat-specialty-sprockets","8":"first","9":"instock","10":"shipping-taxable","11":"product-type-simple"},"_links":{"self":[{"href":"https:\/\/fmp-components.com\/de\/wp-json\/wp\/v2\/product\/5239","targetHints":{"allow":["GET"]}}],"collection":[{"href":"https:\/\/fmp-components.com\/de\/wp-json\/wp\/v2\/product"}],"about":[{"href":"https:\/\/fmp-components.com\/de\/wp-json\/wp\/v2\/types\/product"}],"replies":[{"embeddable":true,"href":"https:\/\/fmp-components.com\/de\/wp-json\/wp\/v2\/comments?post=5239"}],"wp:featuredmedia":[{"embeddable":true,"href":"https:\/\/fmp-components.com\/de\/wp-json\/wp\/v2\/media\/5240"}],"wp:attachment":[{"href":"https:\/\/fmp-components.com\/de\/wp-json\/wp\/v2\/media?parent=5239"}],"wp:term":[{"taxonomy":"product_brand","embeddable":true,"href":"https:\/\/fmp-components.com\/de\/wp-json\/wp\/v2\/product_brand?post=5239"},{"taxonomy":"product_cat","embeddable":true,"href":"https:\/\/fmp-components.com\/de\/wp-json\/wp\/v2\/product_cat?post=5239"},{"taxonomy":"product_tag","embeddable":true,"href":"https:\/\/fmp-components.com\/de\/wp-json\/wp\/v2\/product_tag?post=5239"}],"curies":[{"name":"wp","href":"https:\/\/api.w.org\/{rel}","templated":true}]}}