{"id":4909,"date":"2025-01-23T06:50:33","date_gmt":"2025-01-23T06:50:33","guid":{"rendered":"https:\/\/fmp-components.com\/?post_type=product&#038;p=4909"},"modified":"2025-01-23T08:51:43","modified_gmt":"2025-01-23T08:51:43","slug":"xrv-series-car-washer-gearbox-for-automatic-car-wash-system-xrv050-gearmotor","status":"publish","type":"product","link":"https:\/\/fmp-components.com\/de\/product\/xrv-series-car-washer-gearbox-for-automatic-car-wash-system-xrv050-gearmotor\/","title":{"rendered":"Getriebe der XRV-Serie f\u00fcr automatische Waschanlagen XRV050 Getriebemotor"},"content":{"rendered":"<table style=\"border-collapse: collapse; width: 102.047%; height: 5px;\" border=\"0\" width=\"160\" cellspacing=\"0\" cellpadding=\"0\">\n<tbody>\n<tr style=\"height: 14.40pt;\">\n<td style=\"height: 14.40pt; width: 48.00pt;\" align=\"right\" width=\"80\" height=\"24\"><img loading=\"lazy\" decoding=\"async\" class=\"alignnone size-full wp-image-4917\" src=\"https:\/\/fmp-components.com\/wp-content\/uploads\/2025\/01\/xrv050-worm-gearmotor-1.webp\" alt=\"xrv050-Schneckengetriebemotor\" width=\"500\" height=\"375\" title=\"\" srcset=\"https:\/\/fmp-components.com\/wp-content\/uploads\/2025\/01\/xrv050-worm-gearmotor-1.webp 500w, https:\/\/fmp-components.com\/wp-content\/uploads\/2025\/01\/xrv050-worm-gearmotor-1-480x360.webp 480w\" sizes=\"(min-width: 0px) and (max-width: 480px) 480px, (min-width: 481px) 500px, 100vw\" \/><\/td>\n<td style=\"width: 48.00pt;\" align=\"right\" width=\"80\"><img loading=\"lazy\" decoding=\"async\" class=\"alignnone size-full wp-image-4918\" src=\"https:\/\/fmp-components.com\/wp-content\/uploads\/2025\/01\/Car-Wash-Machine-Gearmotor-5.webp\" alt=\"Autowaschmaschinen-Getriebemotor-5\" width=\"493\" height=\"397\" title=\"\" srcset=\"https:\/\/fmp-components.com\/wp-content\/uploads\/2025\/01\/Car-Wash-Machine-Gearmotor-5.webp 493w, https:\/\/fmp-components.com\/wp-content\/uploads\/2025\/01\/Car-Wash-Machine-Gearmotor-5-480x387.webp 480w\" sizes=\"(min-width: 0px) and (max-width: 480px) 480px, (min-width: 481px) 493px, 100vw\" \/><\/td>\n<\/tr>\n<\/tbody>\n<\/table>\n<h2>Spezifikationen des Schneckengetriebes f\u00fcr Autowaschanlagen XRV050<\/h2>\n<p><img loading=\"lazy\" decoding=\"async\" class=\"size-full wp-image-4910 aligncenter\" src=\"https:\/\/fmp-components.com\/wp-content\/uploads\/2025\/01\/XRV050-worm-gear-reducer-parameters.webp\" alt=\"XRV050-Schneckengetriebe-Parameter\" width=\"619\" height=\"551\" title=\"\" srcset=\"https:\/\/fmp-components.com\/wp-content\/uploads\/2025\/01\/XRV050-worm-gear-reducer-parameters.webp 619w, https:\/\/fmp-components.com\/wp-content\/uploads\/2025\/01\/XRV050-worm-gear-reducer-parameters-480x427.webp 480w\" sizes=\"(min-width: 0px) and (max-width: 480px) 480px, (min-width: 481px) 619px, 100vw\" \/><\/p>\n<table border=\"1\" width=\"100%\" cellspacing=\"0px\">\n<tbody>\n<tr>\n<td width=\"64\">Typ<\/td>\n<td width=\"64\">Verh\u00e4ltnis<\/td>\n<td width=\"64\">Flansch<\/td>\n<td width=\"64\">Leistung<\/td>\n<\/tr>\n<tr>\n<td rowspan=\"2\">XRV050<\/td>\n<td rowspan=\"2\">5\u00a0\u00a0\u00a0\u00a0 7.5\u00a0 10\u00a0\u00a0\u00a0\u00a0 12\u00a0 15\u00a0\u00a0\u00a0\u00a0 20\u00a0 30\u00a0\u00a0\u00a0\u00a0 40\u00a0 50\u00a0\u00a0\u00a0\u00a0 60\u00a0 80\u00a0\u00a0\u00a0 100<\/td>\n<td>71B14<\/td>\n<td rowspan=\"2\">0,18 kW 0,25 kW 0,37 kW 0,55 kW 0,75 kW 1,1 kW<\/td>\n<\/tr>\n<tr>\n<td>80B14<\/td>\n<\/tr>\n<\/tbody>\n<\/table>\n<table border=\"1\" width=\"100%\" cellspacing=\"0px\">\n<tbody>\n<tr>\n<td width=\"64\">Typ<\/td>\n<td width=\"64\">ich<\/td>\n<td width=\"64\">n2\/r\/min<\/td>\n<td width=\"64\">Mn2\/Nm<\/td>\n<td width=\"64\">Fr2\/N<\/td>\n<td width=\"64\">Motor<\/td>\n<td width=\"64\">P1\/kW<\/td>\n<td width=\"64\">L\/mm<\/td>\n<\/tr>\n<tr>\n<td rowspan=\"41\" width=\"64\">XRV050<\/td>\n<td rowspan=\"2\">5<\/td>\n<td>280<\/td>\n<td>17<\/td>\n<td>1577<\/td>\n<td>7134<\/td>\n<td>0.55<\/td>\n<td>180<\/td>\n<\/tr>\n<tr>\n<td>280<\/td>\n<td>23<\/td>\n<td>1577<\/td>\n<td>8024<\/td>\n<td>0.75<\/td>\n<td>205<\/td>\n<\/tr>\n<tr>\n<td rowspan=\"2\">7.5<\/td>\n<td>187<\/td>\n<td>25<\/td>\n<td>1805<\/td>\n<td>7134<\/td>\n<td>0.55<\/td>\n<td>180<\/td>\n<\/tr>\n<tr>\n<td>187<\/td>\n<td>34<\/td>\n<td>1805<\/td>\n<td>8024<\/td>\n<td>0.75<\/td>\n<td>205<\/td>\n<\/tr>\n<tr>\n<td rowspan=\"3\">10<\/td>\n<td>140<\/td>\n<td>22<\/td>\n<td>1987<\/td>\n<td>7124<\/td>\n<td>0.37<\/td>\n<td>180<\/td>\n<\/tr>\n<tr>\n<td>140<\/td>\n<td>32<\/td>\n<td>1987<\/td>\n<td>7134<\/td>\n<td>0.55<\/td>\n<td>180<\/td>\n<\/tr>\n<tr>\n<td>140<\/td>\n<td>44<\/td>\n<td>1987<\/td>\n<td>8024<\/td>\n<td>0.75<\/td>\n<td>205<\/td>\n<\/tr>\n<tr>\n<td rowspan=\"3\">12<\/td>\n<td>117<\/td>\n<td>26<\/td>\n<td>2016<\/td>\n<td>7124<\/td>\n<td>0.37<\/td>\n<td>180<\/td>\n<\/tr>\n<tr>\n<td>117<\/td>\n<td>33<\/td>\n<td>2016<\/td>\n<td>7134<\/td>\n<td>0.55<\/td>\n<td>205<\/td>\n<\/tr>\n<tr>\n<td>117<\/td>\n<td>48<\/td>\n<td>2016<\/td>\n<td>8024<\/td>\n<td>0.75<\/td>\n<td>205<\/td>\n<\/tr>\n<tr>\n<td rowspan=\"3\">15<\/td>\n<td>93<\/td>\n<td>31<\/td>\n<td>2274<\/td>\n<td>7124<\/td>\n<td>0.37<\/td>\n<td>180<\/td>\n<\/tr>\n<tr>\n<td>93<\/td>\n<td>46<\/td>\n<td>2274<\/td>\n<td>7134<\/td>\n<td>0.55<\/td>\n<td>180<\/td>\n<\/tr>\n<tr>\n<td>93<\/td>\n<td>63<\/td>\n<td>2274<\/td>\n<td>8024<\/td>\n<td>0.75<\/td>\n<td>205<\/td>\n<\/tr>\n<tr>\n<td rowspan=\"4\">20<\/td>\n<td>70<\/td>\n<td>27<\/td>\n<td>2503<\/td>\n<td>7114<\/td>\n<td>0.25<\/td>\n<td>180<\/td>\n<\/tr>\n<tr>\n<td>70<\/td>\n<td>40<\/td>\n<td>2503<\/td>\n<td>7124<\/td>\n<td>0.37<\/td>\n<td>180<\/td>\n<\/tr>\n<tr>\n<td>70<\/td>\n<td>59<\/td>\n<td>2503<\/td>\n<td>7134<\/td>\n<td>0.55<\/td>\n<td>180<\/td>\n<\/tr>\n<tr>\n<td>70<\/td>\n<td>81<\/td>\n<td>2503<\/td>\n<td>8024<\/td>\n<td>0.75<\/td>\n<td>205<\/td>\n<\/tr>\n<tr>\n<td rowspan=\"3\">25<\/td>\n<td>56<\/td>\n<td>32<\/td>\n<td>2696<\/td>\n<td>7114<\/td>\n<td>0.25<\/td>\n<td>180<\/td>\n<\/tr>\n<tr>\n<td>56<\/td>\n<td>48<\/td>\n<td>2696<\/td>\n<td>7124<\/td>\n<td>0.37<\/td>\n<td>180<\/td>\n<\/tr>\n<tr>\n<td>56<\/td>\n<td>71<\/td>\n<td>2696<\/td>\n<td>7134<\/td>\n<td>0.55<\/td>\n<td>180<\/td>\n<\/tr>\n<tr>\n<td rowspan=\"3\">30<\/td>\n<td>47<\/td>\n<td>37<\/td>\n<td>2865<\/td>\n<td>7114<\/td>\n<td>0.25<\/td>\n<td>180<\/td>\n<\/tr>\n<tr>\n<td>47<\/td>\n<td>55<\/td>\n<td>2865<\/td>\n<td>7124<\/td>\n<td>0.37<\/td>\n<td>180<\/td>\n<\/tr>\n<tr>\n<td>47<\/td>\n<td>81<\/td>\n<td>2865<\/td>\n<td>7134<\/td>\n<td>0.55<\/td>\n<td>180<\/td>\n<\/tr>\n<tr>\n<td rowspan=\"3\">40<\/td>\n<td>35<\/td>\n<td>33<\/td>\n<td>3153<\/td>\n<td>7114<\/td>\n<td>0.25<\/td>\n<td>180<\/td>\n<\/tr>\n<tr>\n<td>35<\/td>\n<td>46<\/td>\n<td>3153<\/td>\n<td>7124<\/td>\n<td>0.37<\/td>\n<td>180<\/td>\n<\/tr>\n<tr>\n<td>35<\/td>\n<td>68<\/td>\n<td>3153<\/td>\n<td>7134<\/td>\n<td>0.55<\/td>\n<td>180<\/td>\n<\/tr>\n<tr>\n<td rowspan=\"3\">50<\/td>\n<td>28<\/td>\n<td>54<\/td>\n<td>3397<\/td>\n<td>7114<\/td>\n<td>0.25<\/td>\n<td>180<\/td>\n<\/tr>\n<tr>\n<td>28<\/td>\n<td>72<\/td>\n<td>3397<\/td>\n<td>7124<\/td>\n<td>0.37<\/td>\n<td>180<\/td>\n<\/tr>\n<tr>\n<td>28<\/td>\n<td>80<\/td>\n<td>3397<\/td>\n<td>7134<\/td>\n<td>0.55<\/td>\n<td>180<\/td>\n<\/tr>\n<tr>\n<td rowspan=\"3\">52<\/td>\n<td>27<\/td>\n<td>55<\/td>\n<td>3482<\/td>\n<td>7114<\/td>\n<td>0.25<\/td>\n<td>180<\/td>\n<\/tr>\n<tr>\n<td>27<\/td>\n<td>73<\/td>\n<td>3482<\/td>\n<td>7124<\/td>\n<td>0.37<\/td>\n<td>180<\/td>\n<\/tr>\n<tr>\n<td>27<\/td>\n<td>82<\/td>\n<td>3482<\/td>\n<td>7134<\/td>\n<td>0.55<\/td>\n<td>180<\/td>\n<\/tr>\n<tr>\n<td rowspan=\"3\">60<\/td>\n<td>23<\/td>\n<td>60<\/td>\n<td>3610<\/td>\n<td>7114<\/td>\n<td>0.25<\/td>\n<td>180<\/td>\n<\/tr>\n<tr>\n<td>23<\/td>\n<td>75<\/td>\n<td>3610<\/td>\n<td>7124<\/td>\n<td>0.37<\/td>\n<td>180<\/td>\n<\/tr>\n<tr>\n<td>23<\/td>\n<td>84<\/td>\n<td>3610<\/td>\n<td>7134<\/td>\n<td>0.55<\/td>\n<td>180<\/td>\n<\/tr>\n<tr>\n<td rowspan=\"3\">80<\/td>\n<td>18<\/td>\n<td>64<\/td>\n<td>3973<\/td>\n<td>7114<\/td>\n<td>0.25<\/td>\n<td>180<\/td>\n<\/tr>\n<tr>\n<td>18<\/td>\n<td>77<\/td>\n<td>3973<\/td>\n<td>7124<\/td>\n<td>0.37<\/td>\n<td>180<\/td>\n<\/tr>\n<tr>\n<td>18<\/td>\n<td>89<\/td>\n<td>3973<\/td>\n<td>7134<\/td>\n<td>0.55<\/td>\n<td>180<\/td>\n<\/tr>\n<tr>\n<td rowspan=\"3\">100<\/td>\n<td>14<\/td>\n<td>68<\/td>\n<td>4280<\/td>\n<td>7114<\/td>\n<td>0.25<\/td>\n<td>180<\/td>\n<\/tr>\n<tr>\n<td>14<\/td>\n<td>79<\/td>\n<td>4280<\/td>\n<td>7124<\/td>\n<td>0.37<\/td>\n<td>180<\/td>\n<\/tr>\n<tr>\n<td>14<\/td>\n<td>93<\/td>\n<td>4280<\/td>\n<td>7134<\/td>\n<td>0.55<\/td>\n<td>180<\/td>\n<\/tr>\n<\/tbody>\n<\/table>\n<p><img loading=\"lazy\" decoding=\"async\" class=\"alignnone wp-image-4913\" src=\"https:\/\/fmp-components.com\/wp-content\/uploads\/2025\/01\/Car-Wash-Machine-Gearmotor.webp\" alt=\"Getriebemotor f\u00fcr Autowaschanlage\" width=\"937\" height=\"623\" title=\"\"><\/p>\n<h2>\u00dcber die Autowaschanlage<\/h2>\n<p>Eine Autowaschanlage ist ein automatisiertes Ger\u00e4t, das mithilfe von Computersteuerung B\u00fcrsten und Hochdruckwasser zur Fahrzeugw\u00e4sche betreibt. Als Autobesitzer werden Sie bei einem Besuch in einer Waschanlage verschiedene Antriebssysteme bemerken, darunter Horizontalb\u00fcrsten, Vertikalb\u00fcrsten und Radb\u00fcrsten. Diese Systeme, die keine manuelle Bedienung ben\u00f6tigen, werden vom Getriebe der Waschanlage angetrieben. Das Getriebe spielt eine entscheidende Rolle in der Waschanlage, indem es die Motordrehzahl reduziert und eine gleichm\u00e4\u00dfige Kraft\u00fcbertragung auf die Wasserspr\u00fch- und Rotationsb\u00fcrstensysteme gew\u00e4hrleistet. Dadurch werden die richtige Drehzahl und das richtige Drehmoment f\u00fcr den effizienten Betrieb der Waschanlagenkomponenten bereitgestellt, was eine stabile Leistung und effektive Reinigung in verschiedenen Umgebungen garantiert.<\/p>\n<table style=\"border-collapse: collapse; width: 101.172%; height: 5px;\" border=\"0\" width=\"160\" cellspacing=\"0\" cellpadding=\"0\">\n<tbody>\n<tr style=\"height: 14.40pt;\">\n<td style=\"height: 14.4pt; width: 51.282%;\" align=\"right\" width=\"80\" height=\"24\"><img loading=\"lazy\" decoding=\"async\" class=\"alignnone size-full wp-image-4911\" src=\"https:\/\/fmp-components.com\/wp-content\/uploads\/2025\/01\/Car-Wash-Machine-Gearmotor-2.webp\" alt=\"Autowaschmaschinen-Getriebemotor-2\" width=\"926\" height=\"626\" title=\"\" srcset=\"https:\/\/fmp-components.com\/wp-content\/uploads\/2025\/01\/Car-Wash-Machine-Gearmotor-2.webp 926w, https:\/\/fmp-components.com\/wp-content\/uploads\/2025\/01\/Car-Wash-Machine-Gearmotor-2-480x324.webp 480w\" sizes=\"(min-width: 0px) and (max-width: 480px) 480px, (min-width: 481px) 926px, 100vw\" \/><\/td>\n<td style=\"width: 48.718%;\" align=\"right\" width=\"80\"><img loading=\"lazy\" decoding=\"async\" class=\"alignnone size-full wp-image-4912\" src=\"https:\/\/fmp-components.com\/wp-content\/uploads\/2025\/01\/Car-Wash-Machine-Gearmotor-1.webp\" alt=\"Autowaschmaschinen-Getriebemotor-1\" width=\"919\" height=\"655\" title=\"\" srcset=\"https:\/\/fmp-components.com\/wp-content\/uploads\/2025\/01\/Car-Wash-Machine-Gearmotor-1.webp 919w, https:\/\/fmp-components.com\/wp-content\/uploads\/2025\/01\/Car-Wash-Machine-Gearmotor-1-480x342.webp 480w\" sizes=\"(min-width: 0px) and (max-width: 480px) 480px, (min-width: 481px) 919px, 100vw\" \/><\/td>\n<\/tr>\n<\/tbody>\n<\/table>\n<p><strong>Automatische Trommelwaschanlagen<\/strong>Diese modernen Waschanlagen nutzen gro\u00dfe, rotierende B\u00fcrsten f\u00fcr eine gr\u00fcndliche Fahrzeugreinigung. Um optimale Ergebnisse zu erzielen, werden die B\u00fcrsten \u00fcber ein Schneckengetriebe angetrieben, das ihnen die ideale Drehzahl f\u00fcr die Entfernung von Schmutz und Ablagerungen von der Fahrzeugoberfl\u00e4che erm\u00f6glicht.<\/p>\n<p><strong>Tunnelwaschanlagen<\/strong>In diesen Systemen durchfahren die Fahrzeuge einen festen Tunnel, der mit modernen Reinigungs- und Wachsanlagen ausgestattet ist. Schneckengetriebemotoren treiben typischerweise die rotierenden B\u00fcrsten oder Walzen im System an und sorgen so f\u00fcr eine zuverl\u00e4ssige Leistungsabgabe und damit f\u00fcr eine gleichm\u00e4\u00dfige Reinigung.<\/p>\n<p><strong>Ber\u00fchrungslose und ber\u00fchrungslose Autowaschanlagen<\/strong>Moderne Autowaschanlagen bieten sowohl ber\u00fchrungslose als auch manuelle Optionen, um unterschiedlichen Bed\u00fcrfnissen gerecht zu werden. Bei manuellen Systemen reinigen rotierende B\u00fcrsten die Fahrzeugoberfl\u00e4che. Manuelle Systeme hingegen nutzen Hochdruckwasserstrahlen. Das Schneckengetriebe in manuellen Systemen gew\u00e4hrleistet eine pr\u00e4zise Steuerung von B\u00fcrstengeschwindigkeit und -druck und somit eine effektive Reinigung ohne Lacksch\u00e4den.<\/p>\n<p><img loading=\"lazy\" decoding=\"async\" class=\"alignnone size-full wp-image-4919\" src=\"https:\/\/fmp-components.com\/wp-content\/uploads\/2025\/01\/Leisuwash-360-Longitudinal-drive-system.webp\" alt=\"Antriebssystem\" width=\"900\" height=\"600\" title=\"\" srcset=\"https:\/\/fmp-components.com\/wp-content\/uploads\/2025\/01\/Leisuwash-360-Longitudinal-drive-system.webp 900w, https:\/\/fmp-components.com\/wp-content\/uploads\/2025\/01\/Leisuwash-360-Longitudinal-drive-system-480x320.webp 480w\" sizes=\"(min-width: 0px) and (max-width: 480px) 480px, (min-width: 481px) 900px, 100vw\" \/><\/p>\n<h2>Wie funktionieren die Getriebemotoren von automatischen Waschanlagen?<\/h2>\n<p>Getriebemotoren f\u00fcr automatische Waschanlagen sind unverzichtbare Komponenten. Sie liefern die notwendige Kraft f\u00fcr die Bewegung verschiedener am Waschvorgang beteiligter Teile, wie B\u00fcrsten, F\u00f6rderb\u00e4nder und Spr\u00fchsysteme. Obwohl die Bauformen variieren k\u00f6nnen, folgt hier ein allgemeiner \u00dcberblick \u00fcber die Funktionsweise von Getriebemotoren f\u00fcr automatische Waschanlagen:<\/p>\n<ol>\n<li><strong>Motor<\/strong>Der Getriebemotor nutzt einen Elektromotor als prim\u00e4re Energiequelle. Typischerweise handelt es sich dabei entweder um einen Wechselstrommotor f\u00fcr gewerbliche Autowaschanlagen oder um einen Gleichstrommotor f\u00fcr kleinere oder tragbare Systeme.<\/li>\n<li><strong>Getriebe<\/strong>Der Motor ist mit einem Getriebe verbunden, das seine hohe Drehzahl auf eine niedrigere Drehzahl bei gleichzeitig h\u00f6herem Drehmoment reduziert. Das Getriebe enth\u00e4lt je nach Ausf\u00fchrung verschiedene Zahnr\u00e4der \u2013 beispielsweise Schnecken-, Planeten- oder Stirnr\u00e4der. Diese Zahnr\u00e4der arbeiten zusammen, um die gew\u00fcnschte Drehzahl und das gew\u00fcnschte Drehmoment zu erreichen.<\/li>\n<li><strong>Kraft\u00fcbertragung<\/strong>Die Abtriebswelle des Getriebes ist je nach Ausf\u00fchrung der Waschanlage \u00fcber Riemen, Ketten oder eine Direktkupplung mit dem Getriebe verbunden. Dieses Getriebe \u00fcbertr\u00e4gt die Drehbewegung des Getriebemotors auf die zu bewegenden Komponenten, wie beispielsweise B\u00fcrsten und F\u00f6rderb\u00e4nder.<\/li>\n<li><strong>Steuerungssystem<\/strong>Der Getriebemotor wird von einem zentralen Steuerungssystem geregelt, das den Betrieb der Waschanlage steuert. Das Steuerungssystem empf\u00e4ngt Daten von Sensoren, Schaltern oder automatischen Ausl\u00f6sern und sendet Signale an den Getriebemotor, um bestimmte Vorg\u00e4nge zum richtigen Zeitpunkt zu starten. F\u00e4hrt beispielsweise ein Fahrzeug in die Waschanlage ein, kann das System den Motor ansteuern, um das F\u00f6rderband zu starten oder die B\u00fcrsten zu aktivieren.<\/li>\n<li><strong>Sicherheitsfunktionen<\/strong>Automatische Waschanlagenmotoren verf\u00fcgen in der Regel \u00fcber Sicherheitsfunktionen, um Sch\u00e4den oder Unf\u00e4lle zu vermeiden. Dazu geh\u00f6ren Endschalter oder Sensoren zur Erkennung von Hindernissen oder \u00fcberm\u00e4\u00dfiger Kraft, Not-Aus-Taster und \u00dcberlastschutzmechanismen. Diese Sicherheitsfunktionen gew\u00e4hrleisten einen sicheren Betrieb des Motors und sch\u00fctzen sowohl die Anlage als auch das zu waschende Fahrzeug.<\/li>\n<\/ol>\n<p>Durch die Kombination der Motorleistung, der Drehzahlreduzierung des Getriebes und der kontrollierten Kraft\u00fcbertragung synchronisiert der Getriebemotor der automatischen Waschanlage die Bewegung verschiedener Komponenten und gew\u00e4hrleistet so einen effizienten Waschvorgang.<\/p>\n<p>Die von FMP f\u00fcr Autowaschanlagen entwickelten und produzierten Getriebe sind speziell f\u00fcr den Einsatz in g\u00e4ngigen Autowaschanlagen konzipiert. Sie zeichnen sich durch einfache Installation, geringen Ger\u00e4uschpegel, lange Lebensdauer und hervorragenden Schutz aus. Die wasserdichten Getriebe bieten ein h\u00f6heres Schutzniveau als herk\u00f6mmliche Schneckengetriebe und sind optimal auf die Anforderungen der modernen Autowaschbranche zugeschnitten.<\/p>\n<table style=\"border-collapse: collapse; width: 102.375%; height: 19px;\" border=\"0\" width=\"160\" cellspacing=\"0\" cellpadding=\"0\">\n<tbody>\n<tr style=\"height: 14.40pt;\">\n<td style=\"height: 14.40pt; width: 48.00pt;\" align=\"right\" width=\"80\" height=\"24\"><img loading=\"lazy\" decoding=\"async\" class=\"alignnone size-full wp-image-4921\" src=\"https:\/\/fmp-components.com\/wp-content\/uploads\/2025\/01\/Car-Wash-Machine-Gearmotor-8.webp\" alt=\"Autowaschmaschinen-Getriebemotor-8\" width=\"751\" height=\"580\" title=\"\" srcset=\"https:\/\/fmp-components.com\/wp-content\/uploads\/2025\/01\/Car-Wash-Machine-Gearmotor-8.webp 751w, https:\/\/fmp-components.com\/wp-content\/uploads\/2025\/01\/Car-Wash-Machine-Gearmotor-8-480x371.webp 480w\" sizes=\"(min-width: 0px) and (max-width: 480px) 480px, (min-width: 481px) 751px, 100vw\" \/><\/td>\n<td style=\"width: 48.00pt;\" align=\"right\" width=\"80\"><img loading=\"lazy\" decoding=\"async\" class=\"alignnone wp-image-4920\" src=\"https:\/\/fmp-components.com\/wp-content\/uploads\/2025\/01\/Car-Wash-Machine-Gearmotor-6.webp\" alt=\"Getriebemotor f\u00fcr Autowaschanlage\" width=\"944\" height=\"944\" title=\"\" srcset=\"https:\/\/fmp-components.com\/wp-content\/uploads\/2025\/01\/Car-Wash-Machine-Gearmotor-6.webp 944w, https:\/\/fmp-components.com\/wp-content\/uploads\/2025\/01\/Car-Wash-Machine-Gearmotor-6-480x480.webp 480w\" sizes=\"(min-width: 0px) and (max-width: 480px) 480px, (min-width: 481px) 944px, 100vw\" \/><\/td>\n<\/tr>\n<\/tbody>\n<\/table>\n<h2>Das von FMP hergestellte Getriebe f\u00fcr Autowaschmaschinen weist folgende Leistungsmerkmale und Vorteile auf:<\/h2>\n<p>Spezielle Motorkonfigurationen mit Leistungen von 0,25 kW, 0,37 kW, 0,55 kW, 0,75 kW und 2,2 kW usw.;<\/p>\n<p>Je nach Kundenbedarf k\u00f6nnen verschiedene Flanschtypen ausgew\u00e4hlt werden;<\/p>\n<p>Jedes Modul ist modular aufgebaut, und die Teile sind universeller einsetzbar.<\/p>\n<p>Der \u00dcbersetzungsbereich ist breit gef\u00e4chert und bietet mehr \u00dcbersetzungsoptionen als herk\u00f6mmliche Modelle.<\/p>\n<p>Das Ausgangsende ist aus Edelstahl 304 gefertigt, um Rostbildung w\u00e4hrend des Gebrauchs zu verhindern;<\/p>\n<p>Die Karosseriestruktur ist kompakt und eignet sich gut f\u00fcr die Installation in verschiedenen Umgebungen;<\/p>\n<p>Spezielles vollsynthetisches Schmiermittel, lebenslanger \u00d6lwechsel ist nicht erforderlich;<\/p>\n<p>Die Geh\u00e4useoberfl\u00e4che ist mit Kunststoff bespr\u00fcht, der eine gute Korrosionsbest\u00e4ndigkeit aufweist und sowohl sch\u00f6n als auch praktisch ist;<\/p>\n<p>Die Ein- und Ausg\u00e4nge sind mit \u00d6ldichtungen abgedichtet, um eine optimale Dichtleistung zu gew\u00e4hrleisten.<\/p>\n<p>Das Schneckenrad besteht aus verschlei\u00dffester Zinnbronze, und die Schnecke ist aufgekohlt und geh\u00e4rtet, wodurch sie eine hohe H\u00e4rte aufweist;<\/p>\n<p>Die Schutzart ist IP67, wodurch das Ger\u00e4t f\u00fcr verschiedene Einsatzszenarien im Innen- und Au\u00dfenbereich sowie f\u00fcr raue Arbeitsumgebungen geeignet ist;<\/p>\n<p><img loading=\"lazy\" decoding=\"async\" class=\"alignnone  wp-image-4931\" src=\"https:\/\/fmp-components.com\/wp-content\/uploads\/2025\/01\/Car-Wash-Machine-Gearmotor-10.webp\" alt=\"Getriebemotor f\u00fcr Autowaschanlage\" width=\"943\" height=\"856\" title=\"\" srcset=\"https:\/\/fmp-components.com\/wp-content\/uploads\/2025\/01\/Car-Wash-Machine-Gearmotor-10.webp 943w, https:\/\/fmp-components.com\/wp-content\/uploads\/2025\/01\/Car-Wash-Machine-Gearmotor-10-480x436.webp 480w\" sizes=\"(min-width: 0px) and (max-width: 480px) 480px, (min-width: 481px) 943px, 100vw\" \/><\/p>\n<p><img loading=\"lazy\" decoding=\"async\" class=\"alignnone wp-image-4930\" src=\"https:\/\/fmp-components.com\/wp-content\/uploads\/2025\/01\/Car-Wash-Machine-Gearmotor-9.webp\" alt=\"Getriebemotor f\u00fcr Autowaschanlage\" width=\"944\" height=\"985\" title=\"\" srcset=\"https:\/\/fmp-components.com\/wp-content\/uploads\/2025\/01\/Car-Wash-Machine-Gearmotor-9.webp 944w, https:\/\/fmp-components.com\/wp-content\/uploads\/2025\/01\/Car-Wash-Machine-Gearmotor-9-480x501.webp 480w\" sizes=\"(min-width: 0px) and (max-width: 480px) 480px, (min-width: 481px) 944px, 100vw\" \/><\/p>","protected":false},"excerpt":{"rendered":"<p>Specifications of XRV050 Car Washer Worm Gear Reducer Type Ratio Flange Power XRV050 5\u00a0\u00a0\u00a0\u00a0 7.5\u00a0 10\u00a0\u00a0\u00a0\u00a0 12\u00a0 15\u00a0\u00a0\u00a0\u00a0 20\u00a0 30\u00a0\u00a0\u00a0\u00a0 40\u00a0 50\u00a0\u00a0\u00a0\u00a0 60\u00a0 80\u00a0\u00a0\u00a0 100 71B14 0.18KW\u00a0\u00a0\u00a0\u00a0 0.25KW\u00a0\u00a0\u00a0 0.37KW\u00a0\u00a0\u00a0 0.55KW\u00a0\u00a0\u00a0 0.75KW\u00a0\u00a0\u00a0\u00a0 1.1KW 80B14 Type i n2\/r\/min Mn2\/Nm Fr2\/N Motor P1\/kw L\/mm XRV050 5 280 17 1577 7134 0.55 180 280 23 1577 8024 0.75 205 [&hellip;]<\/p>","protected":false},"featured_media":4914,"comment_status":"open","ping_status":"closed","template":"","meta":{"_et_pb_use_builder":"","_et_pb_old_content":"","_et_gb_content_width":""},"product_brand":[],"product_cat":[93],"product_tag":[],"class_list":{"0":"post-4909","1":"product","2":"type-product","3":"status-publish","4":"has-post-thumbnail","6":"product_cat-car-wash-machine-gearmotor","8":"first","9":"instock","10":"shipping-taxable","11":"product-type-simple"},"_links":{"self":[{"href":"https:\/\/fmp-components.com\/de\/wp-json\/wp\/v2\/product\/4909","targetHints":{"allow":["GET"]}}],"collection":[{"href":"https:\/\/fmp-components.com\/de\/wp-json\/wp\/v2\/product"}],"about":[{"href":"https:\/\/fmp-components.com\/de\/wp-json\/wp\/v2\/types\/product"}],"replies":[{"embeddable":true,"href":"https:\/\/fmp-components.com\/de\/wp-json\/wp\/v2\/comments?post=4909"}],"wp:featuredmedia":[{"embeddable":true,"href":"https:\/\/fmp-components.com\/de\/wp-json\/wp\/v2\/media\/4914"}],"wp:attachment":[{"href":"https:\/\/fmp-components.com\/de\/wp-json\/wp\/v2\/media?parent=4909"}],"wp:term":[{"taxonomy":"product_brand","embeddable":true,"href":"https:\/\/fmp-components.com\/de\/wp-json\/wp\/v2\/product_brand?post=4909"},{"taxonomy":"product_cat","embeddable":true,"href":"https:\/\/fmp-components.com\/de\/wp-json\/wp\/v2\/product_cat?post=4909"},{"taxonomy":"product_tag","embeddable":true,"href":"https:\/\/fmp-components.com\/de\/wp-json\/wp\/v2\/product_tag?post=4909"}],"curies":[{"name":"wp","href":"https:\/\/api.w.org\/{rel}","templated":true}]}}