{"id":4777,"date":"2025-01-20T08:49:32","date_gmt":"2025-01-20T08:49:32","guid":{"rendered":"https:\/\/fmp-components.com\/?page_id=8"},"modified":"2025-01-20T08:53:40","modified_gmt":"2025-01-20T08:53:40","slug":"curved-rack-and-pinion-gear","status":"publish","type":"product","link":"https:\/\/fmp-components.com\/de\/product\/curved-rack-and-pinion-gear\/","title":{"rendered":"Gebogenes Zahnstangengetriebe"},"content":{"rendered":"<h2>Spezifikation von gebogenen Zahnstangen- und Ritzelgetrieben<\/h2>\n<p>Pr\u00e4zisionsgefertigtes, gebogenes Zahnstangen- und Ritzelgetriebe aus Edelstahl f\u00fcr Roboter<\/p>\n<table class=\"table\" border=\"1\" width=\"100%\" cellspacing=\"0\" cellpadding=\"0\">\n<tbody>\n<tr class=\"firstRow\">\n<td><strong>Modellnummer<\/strong><\/td>\n<td>M1, M1.5, M2, M2.5, M3, M4, M5, M8, M12 usw.<\/td>\n<\/tr>\n<tr>\n<td><strong>Material<\/strong><\/td>\n<td>Messing, C45-Stahl, Edelstahl, Kupfer, POM, Aluminium, Legierungen usw.<\/td>\n<\/tr>\n<tr>\n<td><strong>Oberfl\u00e4chenbehandlung<\/strong><\/td>\n<td>Verzinken, Vernickeln, Passivieren, Oxidieren, Anodisieren, Geomet, Dacromet, Schwarzoxidieren, Phosphatieren, Pulverbeschichten und Elektrophorese.<\/td>\n<\/tr>\n<tr>\n<td><strong>Standard<\/strong><\/td>\n<td>ISO, DIN, ANSI, JIS, BS und Nicht-Standard.<\/td>\n<\/tr>\n<tr>\n<td><strong>Pr\u00e4zision<\/strong><\/td>\n<td>DIN6, DIN7, DIN8, DIN9.<\/td>\n<\/tr>\n<tr>\n<td><strong>Zahnbehandlung<\/strong><\/td>\n<td>Geh\u00e4rtet, gefr\u00e4st oder geschliffen<\/td>\n<\/tr>\n<tr>\n<td><strong>Toleranz<\/strong><\/td>\n<td>0,001 mm \u2013 0,01 mm \u2013 0,1 mm<\/td>\n<\/tr>\n<tr>\n<td><strong>Beenden<\/strong><\/td>\n<td>Kugelstrahlen\/Sandstrahlen, W\u00e4rmebehandlung, Gl\u00fchen, Anlassen, Polieren, Eloxieren, Verzinken<\/td>\n<\/tr>\n<tr>\n<td><strong>Artikelverpackung<\/strong><\/td>\n<td>Plastikt\u00fcte + Kartons oder Holzverpackung<\/td>\n<\/tr>\n<tr>\n<td><strong>Zahlungsbedingungen<\/strong><\/td>\n<td>T\/T, L\/C<\/td>\n<\/tr>\n<tr>\n<td><strong>Proben<\/strong><\/td>\n<td>Die Preisspanne f\u00fcr Muster liegt zwischen $2 und $100. Expressversand von Mustern ist vom Kunden zu tragen.<\/td>\n<\/tr>\n<tr>\n<td><strong>Anwendung<\/strong><\/td>\n<td>1. Automatische Steuerungsmaschinen 2. Halbleiterindustrie 3. Allgemeine Industriemaschinen 4. Medizinische Ger\u00e4te 5. Solarenergieanlagen 6. Werkzeugmaschinen 7. Parksysteme 8. Hochgeschwindigkeitsz\u00fcge und Lufttransportausr\u00fcstung usw.<\/td>\n<\/tr>\n<\/tbody>\n<\/table>\n<p>Die Materialauswahl f\u00fcr die gebogene Zahnstange und das Ritzel erfolgt nach wissenschaftlichen und durchdachten Kriterien. Dabei werden die tats\u00e4chlichen Einsatzbedingungen des Projekts umfassend ber\u00fccksichtigt, und es wird eine hohe Abriebfestigkeit gew\u00e4hrleistet. Die gebogene Zahnstange wird unter Ber\u00fccksichtigung der spezifischen Einsatzbedingungen und der Flie\u00dfeigenschaften des Materials ausgew\u00e4hlt und entsprechend verarbeitet. Nach der H\u00e4rtebehandlung weisen die gebogenen Zahnstangen und Ritzel Abriebfestigkeit und Stabilit\u00e4t auf.<\/p>","protected":false},"excerpt":{"rendered":"<p>Specification of Curved Rack and Pinion Gears Precision Machining Stainless Steel Curved Rack and Pinion Gear for Robot Model Number M1,M1.5,M2,M2.5,M3,M4,M5,M8,M12 etc. Material Brass, \u00a0 C45 steel, Stainless steel, Copper, POM, Aluminum, Alloy, and so on Surface treatment Zinc-plated, Nickel plated, Passivation, Oxidation, Anodization,\u00a0 \u00a0 Geomet, Dacromet, Black Oxide, Phosphatizing, Powder Coating, and \u00a0 Electrophoresis. [&hellip;]<\/p>","protected":false},"featured_media":4778,"comment_status":"open","ping_status":"closed","template":"","meta":{"_et_pb_use_builder":"","_et_pb_old_content":"","_et_gb_content_width":""},"product_brand":[],"product_cat":[91],"product_tag":[],"class_list":{"0":"post-4777","1":"product","2":"type-product","3":"status-publish","4":"has-post-thumbnail","6":"product_cat-gear-racks","8":"first","9":"instock","10":"shipping-taxable","11":"product-type-simple"},"_links":{"self":[{"href":"https:\/\/fmp-components.com\/de\/wp-json\/wp\/v2\/product\/4777","targetHints":{"allow":["GET"]}}],"collection":[{"href":"https:\/\/fmp-components.com\/de\/wp-json\/wp\/v2\/product"}],"about":[{"href":"https:\/\/fmp-components.com\/de\/wp-json\/wp\/v2\/types\/product"}],"replies":[{"embeddable":true,"href":"https:\/\/fmp-components.com\/de\/wp-json\/wp\/v2\/comments?post=4777"}],"wp:featuredmedia":[{"embeddable":true,"href":"https:\/\/fmp-components.com\/de\/wp-json\/wp\/v2\/media\/4778"}],"wp:attachment":[{"href":"https:\/\/fmp-components.com\/de\/wp-json\/wp\/v2\/media?parent=4777"}],"wp:term":[{"taxonomy":"product_brand","embeddable":true,"href":"https:\/\/fmp-components.com\/de\/wp-json\/wp\/v2\/product_brand?post=4777"},{"taxonomy":"product_cat","embeddable":true,"href":"https:\/\/fmp-components.com\/de\/wp-json\/wp\/v2\/product_cat?post=4777"},{"taxonomy":"product_tag","embeddable":true,"href":"https:\/\/fmp-components.com\/de\/wp-json\/wp\/v2\/product_tag?post=4777"}],"curies":[{"name":"wp","href":"https:\/\/api.w.org\/{rel}","templated":true}]}}