{"id":4769,"date":"2025-01-20T07:46:09","date_gmt":"2025-01-20T07:46:09","guid":{"rendered":"https:\/\/fmp-components.com\/?page_id=8"},"modified":"2025-01-20T07:46:10","modified_gmt":"2025-01-20T07:46:10","slug":"helical-gear-rack","status":"publish","type":"product","link":"https:\/\/fmp-components.com\/de\/product\/helical-gear-rack\/","title":{"rendered":"Schr\u00e4gverzahnte Zahnstange"},"content":{"rendered":"<h2>Schr\u00e4gverzahnte Zahnstange (fertig gefr\u00e4st und geformt)<\/h2>\n<p><img loading=\"lazy\" decoding=\"async\" class=\"alignnone size-full wp-image-4770\" src=\"https:\/\/fmp-components.com\/wp-content\/uploads\/2025\/01\/Helical-Gear-Rack-3.webp\" alt=\"Schr\u00e4gverzahntes Zahnstangengetriebe\" width=\"1200\" height=\"350\" title=\"\" srcset=\"https:\/\/fmp-components.com\/wp-content\/uploads\/2025\/01\/Helical-Gear-Rack-3.webp 1200w, https:\/\/fmp-components.com\/wp-content\/uploads\/2025\/01\/Helical-Gear-Rack-3-980x286.webp 980w, https:\/\/fmp-components.com\/wp-content\/uploads\/2025\/01\/Helical-Gear-Rack-3-480x140.webp 480w\" sizes=\"(min-width: 0px) and (max-width: 480px) 480px, (min-width: 481px) and (max-width: 980px) 980px, (min-width: 981px) 1200px, 100vw\" \/><\/p>\n<table style=\"width: 101.848%; height: 129px;\" border=\"1\">\n<tbody>\n<tr>\n<td>Pr\u00e4zisionsklasse: (JIS-Klasse 5) 7e25<\/td>\n<td>H\u00e4rte: Zahnbereich aufgekohlt (HRC 42-48)<\/td>\n<\/tr>\n<tr>\n<td>Material: (S45C Mittelkohlenstoffstahl)C45<\/td>\n<td>Seitlicher Boden: Inklusive<\/td>\n<\/tr>\n<tr>\n<td>Typ: Schraubenverzahnung<\/td>\n<td>Druckwinkel: 20\u00b0<\/td>\n<\/tr>\n<tr>\n<td>Zahnbehandlung: Gefr\u00e4st<\/td>\n<td>Rechter Helixwinkel: 19\u00b031\u203242\u2033<\/td>\n<\/tr>\n<\/tbody>\n<\/table>\n<h2>Spezifikation der schr\u00e4gverzahnten Zahnstange:<\/h2>\n<table border=\"1\" cellspacing=\"0\" cellpadding=\"0\">\n<tbody>\n<tr>\n<td width=\"59\">Modul<\/td>\n<td width=\"71\">L<\/td>\n<td width=\"59\">L2<\/td>\n<td width=\"59\">Zahn Nr.<\/td>\n<td width=\"42\">B<\/td>\n<td width=\"35\">A0<\/td>\n<td width=\"42\">A1<\/td>\n<td width=\"47\">D<\/td>\n<td width=\"47\">ICH<\/td>\n<td width=\"47\">Loch Nr.<\/td>\n<td width=\"35\">A<\/td>\n<td width=\"47\">C1<\/td>\n<td width=\"47\">C2<\/td>\n<td width=\"35\">E<\/td>\n<td width=\"59\">D1<\/td>\n<td width=\"59\">I1<\/td>\n<td width=\"48\">C3<\/td>\n<td width=\"82\">Steigungsfehler \/300 mm<\/td>\n<\/tr>\n<tr>\n<td width=\"59\">1<\/td>\n<td width=\"71\">1000.00<\/td>\n<td width=\"59\">3.14<\/td>\n<td width=\"59\">300<\/td>\n<td width=\"42\">15<\/td>\n<td width=\"35\">15<\/td>\n<td width=\"42\">14<\/td>\n<td width=\"47\">&#8211;<\/td>\n<td width=\"47\">&#8211;<\/td>\n<td width=\"47\">&#8211;<\/td>\n<td width=\"35\">&#8211;<\/td>\n<td width=\"47\">&#8211;<\/td>\n<td width=\"47\">&#8211;<\/td>\n<td width=\"35\">&#8211;<\/td>\n<td width=\"59\">&#8211;<\/td>\n<td width=\"59\">&#8211;<\/td>\n<td width=\"48\">&#8211;<\/td>\n<td width=\"82\">0.02<\/td>\n<\/tr>\n<tr>\n<td width=\"59\">1.5<\/td>\n<td width=\"71\">1000.00<\/td>\n<td width=\"59\">6.7<\/td>\n<td width=\"59\">200<\/td>\n<td width=\"42\">19<\/td>\n<td width=\"35\">19<\/td>\n<td width=\"42\">17.5<\/td>\n<td width=\"47\">62.5<\/td>\n<td width=\"47\">125<\/td>\n<td width=\"47\">8<\/td>\n<td width=\"35\">8<\/td>\n<td width=\"47\">7<\/td>\n<td width=\"47\">11<\/td>\n<td width=\"35\">7<\/td>\n<td width=\"59\">31.7<\/td>\n<td width=\"59\">936.6<\/td>\n<td width=\"48\">5.7<\/td>\n<td width=\"82\">0.03<\/td>\n<\/tr>\n<tr>\n<td width=\"59\">2<\/td>\n<td width=\"71\">1000.00<\/td>\n<td width=\"59\">8.5<\/td>\n<td width=\"59\">150<\/td>\n<td width=\"42\">24<\/td>\n<td width=\"35\">24<\/td>\n<td width=\"42\">22<\/td>\n<td width=\"47\">62.5<\/td>\n<td width=\"47\">125<\/td>\n<td width=\"47\">8<\/td>\n<td width=\"35\">8<\/td>\n<td width=\"47\">7<\/td>\n<td width=\"47\">11<\/td>\n<td width=\"35\">7<\/td>\n<td width=\"59\">31.7<\/td>\n<td width=\"59\">936.6<\/td>\n<td width=\"48\">5.7<\/td>\n<td width=\"82\">0.031<\/td>\n<\/tr>\n<tr>\n<td width=\"59\">2.5<\/td>\n<td width=\"71\">1000.00<\/td>\n<td width=\"59\">8.5<\/td>\n<td width=\"59\">120<\/td>\n<td width=\"42\">24<\/td>\n<td width=\"35\">24<\/td>\n<td width=\"42\">21.5<\/td>\n<td width=\"47\">62.5<\/td>\n<td width=\"47\">125<\/td>\n<td width=\"47\">8<\/td>\n<td width=\"35\">9<\/td>\n<td width=\"47\">7<\/td>\n<td width=\"47\">11<\/td>\n<td width=\"35\">7<\/td>\n<td width=\"59\">31.7<\/td>\n<td width=\"59\">936.6<\/td>\n<td width=\"48\">5.7<\/td>\n<td width=\"82\">0.033<\/td>\n<\/tr>\n<tr>\n<td width=\"59\">3<\/td>\n<td width=\"71\">1000.00<\/td>\n<td width=\"59\">10.3<\/td>\n<td width=\"59\">100<\/td>\n<td width=\"42\">29<\/td>\n<td width=\"35\">29<\/td>\n<td width=\"42\">26<\/td>\n<td width=\"47\">62.5<\/td>\n<td width=\"47\">125<\/td>\n<td width=\"47\">8<\/td>\n<td width=\"35\">9<\/td>\n<td width=\"47\">10<\/td>\n<td width=\"47\">15<\/td>\n<td width=\"35\">9<\/td>\n<td width=\"59\">35.0<\/td>\n<td width=\"59\">930.0<\/td>\n<td width=\"48\">7.7<\/td>\n<td width=\"82\">0.035<\/td>\n<\/tr>\n<tr>\n<td width=\"59\">4<\/td>\n<td width=\"71\">1000.00<\/td>\n<td width=\"59\">13.8<\/td>\n<td width=\"59\">75<\/td>\n<td width=\"42\">39<\/td>\n<td width=\"35\">39<\/td>\n<td width=\"42\">35<\/td>\n<td width=\"47\">62.5<\/td>\n<td width=\"47\">125<\/td>\n<td width=\"47\">8<\/td>\n<td width=\"35\">12<\/td>\n<td width=\"47\">10<\/td>\n<td width=\"47\">15<\/td>\n<td width=\"35\">9<\/td>\n<td width=\"59\">33.3<\/td>\n<td width=\"59\">933.0<\/td>\n<td width=\"48\">7.7<\/td>\n<td width=\"82\">0.038<\/td>\n<\/tr>\n<tr>\n<td width=\"59\">5<\/td>\n<td width=\"71\">1000.00<\/td>\n<td width=\"59\">17.4<\/td>\n<td width=\"59\">60<\/td>\n<td width=\"42\">49<\/td>\n<td width=\"35\">39<\/td>\n<td width=\"42\">34<\/td>\n<td width=\"47\">62.5<\/td>\n<td width=\"47\">125<\/td>\n<td width=\"47\">8<\/td>\n<td width=\"35\">12<\/td>\n<td width=\"47\">14<\/td>\n<td width=\"47\">20<\/td>\n<td width=\"35\">13<\/td>\n<td width=\"59\">37.5<\/td>\n<td width=\"59\">925.0<\/td>\n<td width=\"48\">11.7<\/td>\n<td width=\"82\">0.04<\/td>\n<\/tr>\n<tr>\n<td width=\"59\">6<\/td>\n<td width=\"71\">1000.00<\/td>\n<td width=\"59\">20.9<\/td>\n<td width=\"59\">50<\/td>\n<td width=\"42\">59<\/td>\n<td width=\"35\">49<\/td>\n<td width=\"42\">43<\/td>\n<td width=\"47\">62.5<\/td>\n<td width=\"47\">125<\/td>\n<td width=\"47\">8<\/td>\n<td width=\"35\">16<\/td>\n<td width=\"47\">18<\/td>\n<td width=\"47\">26<\/td>\n<td width=\"35\">17<\/td>\n<td width=\"59\">37.5<\/td>\n<td width=\"59\">925.0<\/td>\n<td width=\"48\">15.7<\/td>\n<td width=\"82\">0.042<\/td>\n<\/tr>\n<tr>\n<td width=\"59\">8<\/td>\n<td width=\"71\">1000.00<\/td>\n<td width=\"59\">28.7<\/td>\n<td width=\"59\">36<\/td>\n<td width=\"42\">79<\/td>\n<td width=\"35\">79<\/td>\n<td width=\"42\">71<\/td>\n<td width=\"47\">60<\/td>\n<td width=\"47\">120<\/td>\n<td width=\"47\">8<\/td>\n<td width=\"35\">25<\/td>\n<td width=\"47\">22<\/td>\n<td width=\"47\">33<\/td>\n<td width=\"35\">21<\/td>\n<td width=\"59\">120.0<\/td>\n<td width=\"59\">720.0<\/td>\n<td width=\"48\">19.7<\/td>\n<td width=\"82\">0.045<\/td>\n<\/tr>\n<tr>\n<td width=\"59\">10<\/td>\n<td width=\"71\">1000.00<\/td>\n<td width=\"59\">35.11<\/td>\n<td width=\"59\">30<\/td>\n<td width=\"42\">99<\/td>\n<td width=\"35\">99<\/td>\n<td width=\"42\">89<\/td>\n<td width=\"47\">62.5<\/td>\n<td width=\"47\">125<\/td>\n<td width=\"47\">8<\/td>\n<td width=\"35\">32<\/td>\n<td width=\"47\">33<\/td>\n<td width=\"47\">48<\/td>\n<td width=\"35\">32<\/td>\n<td width=\"59\">125.0<\/td>\n<td width=\"59\">750.0<\/td>\n<td width=\"48\">19.7<\/td>\n<td width=\"82\">0.052<\/td>\n<\/tr>\n<\/tbody>\n<\/table>\n<h2>Produktinformationen zu Zahnstangen- und Ritzelgetrieben mit Schr\u00e4gverzahnung<\/h2>\n<table border=\"1\" width=\"100%\" cellspacing=\"0\" cellpadding=\"0\">\n<tbody>\n<tr>\n<td width=\"140\"><strong>Verfahren<\/strong><\/td>\n<td width=\"429\">Zerspanen, Schmieden, Gie\u00dfen, Schneiden<\/td>\n<\/tr>\n<tr>\n<td width=\"140\"><strong>Material<\/strong><\/td>\n<td width=\"429\">C45 (1045), A3 (kohlenstoffarmer Stahl), 40Cr, 20CrMnTi, 42CrMo, Gusseisen, Sph\u00e4roguss, Kupfer, Edelstahl usw., wie von Ihnen gew\u00fcnscht.<\/td>\n<\/tr>\n<tr>\n<td width=\"140\"><strong>W\u00e4rmebehandlung<\/strong><\/td>\n<td width=\"429\">Hochfrequenzh\u00e4rten, Aufkohlen, Kugelstrahlen, H\u00e4rten und Anlassen, Nitrieren<\/td>\n<\/tr>\n<tr>\n<td width=\"140\"><strong>Oberfl\u00e4chenbehandlung<\/strong><\/td>\n<td width=\"429\">Ich biete Schw\u00e4rzen, Feuerverzinken, Hartverchromen, Verzinken, Galvanisieren, Vernickeln, Sandstrahlen, Farblackieren, Dacromet-Beschichtung, Pulverbeschichtung und Beschichtung nach Kundenwunsch an.<\/td>\n<\/tr>\n<tr>\n<td width=\"140\"><strong>Leistung<\/strong><\/td>\n<td width=\"429\">Lange Lebensdauer, hohe Pr\u00e4zision, hohe Verschlei\u00dffestigkeit, hohe Festigkeit, geringe Ger\u00e4uschentwicklung, ruhiger und gleichm\u00e4\u00dfiger Lauf, Dauerfestigkeit<\/td>\n<\/tr>\n<tr>\n<td width=\"140\"><strong>Modell<\/strong><\/td>\n<td width=\"429\">ANSI-, DIN- und JIS-Standard, Sonderanfertigungen, Stirnr\u00e4der, Schr\u00e4gverzahnungen, Kegelr\u00e4der (geradverzahnt), Spiralkegelr\u00e4der, Schneckenr\u00e4der, Zahnstangen<\/td>\n<\/tr>\n<tr>\n<td width=\"140\"><strong>Verpackung<\/strong><\/td>\n<td width=\"429\">Die Produkte werden sorgf\u00e4ltig verpackt, entweder in Plastikt\u00fcten im Inneren oder in Kartons im \u00c4u\u00dferen, oder nach Kundenwunsch; nach langem Transport oder langer Lagerung wird die Verpackung ge\u00f6ffnet; die Produkte sind neu, unbesch\u00e4digt und rostfrei.<\/td>\n<\/tr>\n<\/tbody>\n<\/table>\n<h3>Anwendungen von Stirnradverzahnungen<\/h3>\n<p>Schr\u00e4gverzahnte Zahnstangenantriebe finden in einer Vielzahl von Anwendungen Verwendung, darunter Achsenantriebe, mobile Portale und S\u00e4ulen, Pick-and-Place-Roboter, CNC-Fr\u00e4smaschinen und Materialhandhabungssysteme, wo pr\u00e4zise Positionierung und Wiederholgenauigkeit erforderlich sind. Diese Antriebe bew\u00e4ltigen auch hohe Lasten und Betriebszyklen problemlos. Zu den Branchen, in denen sie eingesetzt werden, z\u00e4hlen Materialhandhabung, Automatisierung, Automobilindustrie, Luft- und Raumfahrt, Werkzeugmaschinen und Robotik.<\/p>\n<p><img loading=\"lazy\" decoding=\"async\" class=\"alignnone size-full wp-image-4771\" src=\"https:\/\/fmp-components.com\/wp-content\/uploads\/2025\/01\/Helical-Gear-Rack-Applications.webp\" alt=\"Anwendungen f\u00fcr Stirnradgetriebe\" width=\"2250\" height=\"1306\" title=\"\" srcset=\"https:\/\/fmp-components.com\/wp-content\/uploads\/2025\/01\/Helical-Gear-Rack-Applications.webp 2250w, https:\/\/fmp-components.com\/wp-content\/uploads\/2025\/01\/Helical-Gear-Rack-Applications-1280x743.webp 1280w, https:\/\/fmp-components.com\/wp-content\/uploads\/2025\/01\/Helical-Gear-Rack-Applications-980x569.webp 980w, https:\/\/fmp-components.com\/wp-content\/uploads\/2025\/01\/Helical-Gear-Rack-Applications-480x279.webp 480w\" sizes=\"(min-width: 0px) and (max-width: 480px) 480px, (min-width: 481px) and (max-width: 980px) 980px, (min-width: 981px) and (max-width: 1280px) 1280px, (min-width: 1281px) 2250px, 100vw\" \/><\/p>","protected":false},"excerpt":{"rendered":"<p>Helical Gear Rack(Finish Milled&amp;Shaped) Precision Grade: (JIS Grade 5) 7e25 Hardening: Tooth area carburized(HRC42-48) Material:(S45C Medium Carbon Steel)C45 Side Ground: Included Type: Helical Rack Pressure Angle: 20\u00b0 Treatment of Teeth:\u00a0Milled Right helix angle: 19\u00b031\u203242\u2033 Helical Gear Rack Specification\uff1a Module L L2 Tooth No. B A0 A1 D I Hole No. A C1 C2 E D1 [&hellip;]<\/p>","protected":false},"featured_media":4772,"comment_status":"open","ping_status":"closed","template":"","meta":{"_et_pb_use_builder":"","_et_pb_old_content":"","_et_gb_content_width":""},"product_brand":[],"product_cat":[91],"product_tag":[],"class_list":{"0":"post-4769","1":"product","2":"type-product","3":"status-publish","4":"has-post-thumbnail","6":"product_cat-gear-racks","8":"first","9":"instock","10":"shipping-taxable","11":"product-type-simple"},"_links":{"self":[{"href":"https:\/\/fmp-components.com\/de\/wp-json\/wp\/v2\/product\/4769","targetHints":{"allow":["GET"]}}],"collection":[{"href":"https:\/\/fmp-components.com\/de\/wp-json\/wp\/v2\/product"}],"about":[{"href":"https:\/\/fmp-components.com\/de\/wp-json\/wp\/v2\/types\/product"}],"replies":[{"embeddable":true,"href":"https:\/\/fmp-components.com\/de\/wp-json\/wp\/v2\/comments?post=4769"}],"wp:featuredmedia":[{"embeddable":true,"href":"https:\/\/fmp-components.com\/de\/wp-json\/wp\/v2\/media\/4772"}],"wp:attachment":[{"href":"https:\/\/fmp-components.com\/de\/wp-json\/wp\/v2\/media?parent=4769"}],"wp:term":[{"taxonomy":"product_brand","embeddable":true,"href":"https:\/\/fmp-components.com\/de\/wp-json\/wp\/v2\/product_brand?post=4769"},{"taxonomy":"product_cat","embeddable":true,"href":"https:\/\/fmp-components.com\/de\/wp-json\/wp\/v2\/product_cat?post=4769"},{"taxonomy":"product_tag","embeddable":true,"href":"https:\/\/fmp-components.com\/de\/wp-json\/wp\/v2\/product_tag?post=4769"}],"curies":[{"name":"wp","href":"https:\/\/api.w.org\/{rel}","templated":true}]}}