{"id":4763,"date":"2025-01-20T06:18:59","date_gmt":"2025-01-20T06:18:59","guid":{"rendered":"https:\/\/fmp-components.com\/?page_id=8"},"modified":"2025-01-20T06:45:54","modified_gmt":"2025-01-20T06:45:54","slug":"gear-rack-and-pinion","status":"publish","type":"product","link":"https:\/\/fmp-components.com\/de\/product\/gear-rack-and-pinion\/","title":{"rendered":"Zahnstange und Ritzel"},"content":{"rendered":"<table style=\"border-collapse: collapse; width: 101.172%; height: 57px;\" border=\"0\" width=\"128\" cellspacing=\"0\" cellpadding=\"0\">\n<tbody>\n<tr style=\"height: 13.8pt;\">\n<td style=\"height: 13.8pt; width: 48pt;\" align=\"right\" width=\"64\" height=\"18\"><img loading=\"lazy\" decoding=\"async\" class=\"alignnone size-full wp-image-4765\" src=\"https:\/\/fmp-components.com\/wp-content\/uploads\/2025\/01\/Rack-and-Pinion-Gear.webp\" alt=\"Zahnstangengetriebe\" width=\"600\" height=\"600\" title=\"\" srcset=\"https:\/\/fmp-components.com\/wp-content\/uploads\/2025\/01\/Rack-and-Pinion-Gear.webp 600w, https:\/\/fmp-components.com\/wp-content\/uploads\/2025\/01\/Rack-and-Pinion-Gear-480x480.webp 480w\" sizes=\"(min-width: 0px) and (max-width: 480px) 480px, (min-width: 481px) 600px, 100vw\" \/><\/td>\n<td style=\"width: 48pt;\" align=\"right\" width=\"64\"><img loading=\"lazy\" decoding=\"async\" class=\"alignnone size-full wp-image-4766\" src=\"https:\/\/fmp-components.com\/wp-content\/uploads\/2025\/01\/Rack-and-Pinion-Gears.webp\" alt=\"Zahnstangengetriebe\" width=\"600\" height=\"600\" title=\"\" srcset=\"https:\/\/fmp-components.com\/wp-content\/uploads\/2025\/01\/Rack-and-Pinion-Gears.webp 600w, https:\/\/fmp-components.com\/wp-content\/uploads\/2025\/01\/Rack-and-Pinion-Gears-480x480.webp 480w\" sizes=\"(min-width: 0px) and (max-width: 480px) 480px, (min-width: 481px) 600px, 100vw\" \/><\/td>\n<\/tr>\n<\/tbody>\n<\/table>\n<h2>Zahnstangen- und Ritzelmaterial<\/h2>\n<p>Bei den Materialien f\u00fcr Zahnstangen und Ritzel spielen Festigkeit, Abriebfestigkeit und Saugf\u00e4higkeit eine wichtige Rolle. Kohlenstoffstahl ist das am h\u00e4ufigsten verwendete Material f\u00fcr die Herstellung von Zahnstangen und Ritzeln.<\/p>\n<ol>\n<li>Dieses Material eignet sich hervorragend f\u00fcr die meisten Umgebungen und Anwendungsszenarien.<\/li>\n<li>Die relative Festigkeit des Zahnstangenzahns in Kombination mit dem Ritzel macht dieses Material effektiv.<\/li>\n<li>Dar\u00fcber hinaus eignet sich das Material gut f\u00fcr eine W\u00e4rmebehandlung zur Erh\u00f6hung der Festigkeit, erm\u00f6glicht das Einbringen von Gewinde- oder Bolzenl\u00f6chern, beh\u00e4lt die Dimensionsstabilit\u00e4t bei und kann bei Bedarf begradigt werden.<\/li>\n<\/ol>\n<table border=\"1\" cellspacing=\"0\" cellpadding=\"0\">\n<tbody>\n<tr>\n<td><b>Aluminium<\/b><\/td>\n<td>Aluminium ist ein bl\u00e4ulich-silberwei\u00dfes, formbares, dehnbares, leichtes, dreiwertiges Metall mit guter elektrischer und thermischer Leitf\u00e4higkeit, hoher Reflektivit\u00e4t und Oxidationsbest\u00e4ndigkeit. Es ist leichter als Stahl, aber nicht so stark.<\/td>\n<\/tr>\n<tr>\n<td><b>Messing<\/b><\/td>\n<td class=\"LtGrey\" valign=\"top\">Messing verf\u00fcgt \u00fcber eine gute Festigkeit, Duktilit\u00e4t bei hohen Temperaturen und K\u00e4lteflexibilit\u00e4t, elektrische Leitf\u00e4higkeit, Korrosionsbest\u00e4ndigkeit, Lagereigenschaften und eine geringe magnetische Permeabilit\u00e4t.<\/td>\n<\/tr>\n<tr>\n<td><b>Bronze\u00a0<\/b><\/td>\n<td class=\"LtGrey\" valign=\"top\">Bronze ist eine Kupferlegierung, die aus Kupfer als prim\u00e4rem Legierungsmetall und einem oder mehreren anderen Metallen wie Zinn, Zink oder Phosphor besteht. Siliziumbronze ist eine typische Bronzelegierung.<\/td>\n<\/tr>\n<tr>\n<td><b>Gusseisen<\/b><\/td>\n<td class=\"LtGrey\" valign=\"top\">Gusseisen ist eine sehr langlebige Eisenlegierung mit hohem Kohlenstoffgehalt. Zu den Typen geh\u00f6ren Sph\u00e4roguss, Grauguss und Wei\u00dfguss. Unterschiede in den Sorten sind auf Unterschiede in der Zusammensetzung und Verarbeitung zur\u00fcckzuf\u00fchren.<\/td>\n<\/tr>\n<tr>\n<td><b>Kohlenstoffstahl \/ legierter Stahl<\/b><\/td>\n<td class=\"LtGrey\" valign=\"top\">Stahl ist ein handels\u00fcbliches Eisen, das als wesentlichen Legierungsbestandteil Kohlenstoff in beliebigen Mengen bis zu etwa 1,7 Prozent enth\u00e4lt. Es sind viele Sorten von Kohlenstoff- und legiertem Stahl erh\u00e4ltlich. Diese ben\u00f6tigen jedoch m\u00f6glicherweise eine Beschichtung zum Schutz vor Korrosion.<\/td>\n<\/tr>\n<tr>\n<td><b>Geh\u00e4rteter Stahl<\/b><\/td>\n<td class=\"LtGrey\" valign=\"top\">Stahl kann auf verschiedene Arten geh\u00e4rtet werden. Dazu geh\u00f6ren verschiedene Abschreckverfahren in \u00d6l und Wasser, das Durchlaufen von Induktionskammern usw. Durch die schnelle Abk\u00fchlung des Stahls w\u00e4hrend der Verarbeitung werden die Kohlenstoffatome in den geschrumpften Eisenkristallen eingefroren, eingeschlossen und gepackt, wodurch ein starres und spr\u00f6des Metall entsteht. Obwohl es eine Herausforderung darstellt, kann es St\u00f6\u00dfe oder Schl\u00e4ge nicht ausreichend absorbieren, ohne zu brechen.<\/td>\n<\/tr>\n<tr>\n<td><b>Edelstahl<\/b><\/td>\n<td class=\"LtGrey\" valign=\"top\">Edelstahl ist chemikalien- und korrosionsbest\u00e4ndig und kann relativ hohe Belastungen aushalten. Die meisten rostfreien St\u00e4hle lassen sich nicht so stark h\u00e4rten wie Kohlenstoffst\u00e4hle.<\/td>\n<\/tr>\n<tr>\n<td><b>Acetal<\/b><\/td>\n<td>Acetal ist ein stabiler Kunststoff mit inh\u00e4renten selbstschmierenden Eigenschaften, die durch Schmierf\u00fcllstoffe verbessert werden k\u00f6nnen.<\/td>\n<\/tr>\n<tr>\n<td><b>Delrin<\/b><\/td>\n<td class=\"LtGrey\" valign=\"top\">Delrin ist ein technischer Kunststoff mit Z\u00e4higkeit, Steifigkeit, Verschlei\u00df- und Abriebfestigkeit sowie geringen Reibungseigenschaften.<\/td>\n<\/tr>\n<tr>\n<td><b>Nylon<\/b><\/td>\n<td class=\"LtGrey\" valign=\"top\">Nylon, das aus mehreren Polyamidsorten besteht, ist ein vielseitig einsetzbares Material. Es ist robust und widerstandsf\u00e4hig und weist gute Druckwerte auf.<\/td>\n<\/tr>\n<tr>\n<td><b>Polycarbonat<\/b><\/td>\n<td class=\"LtGrey\" valign=\"top\">Polycarbonat ist ein extrem z\u00e4hes Polymer, das mit engen Toleranzen bearbeitet werden kann. Manchmal ist eine Schmierung erforderlich, da die Verschlei\u00dfeigenschaften von Polycarbonat nicht so gut sind wie bei anderen Polymeren.<\/td>\n<\/tr>\n<\/tbody>\n<\/table>\n<h3>Anwendung f\u00fcr Zahnstangen<\/h3>\n<p>Wird haupts\u00e4chlich in verschiedenen mechanischen \u00dcbertragungssystemen verwendet, beispielsweise in automatisierten Maschinen, CNC-Werkzeugmaschinen, Baustoffwerkst\u00e4tten, Produktionsanlagen, Maschinenreparaturwerkst\u00e4tten, Bauprojekten usw.<\/p>\n<p><img loading=\"lazy\" decoding=\"async\" class=\"alignnone size-full wp-image-4767\" src=\"https:\/\/fmp-components.com\/wp-content\/uploads\/2025\/01\/gear-rack-11.webp\" alt=\"Zahnstange\" width=\"1200\" height=\"209\" title=\"\" srcset=\"https:\/\/fmp-components.com\/wp-content\/uploads\/2025\/01\/gear-rack-11.webp 1200w, https:\/\/fmp-components.com\/wp-content\/uploads\/2025\/01\/gear-rack-11-980x171.webp 980w, https:\/\/fmp-components.com\/wp-content\/uploads\/2025\/01\/gear-rack-11-480x84.webp 480w\" sizes=\"(min-width: 0px) and (max-width: 480px) 480px, (min-width: 481px) and (max-width: 980px) 980px, (min-width: 981px) 1200px, 100vw\" \/><\/p>","protected":false},"excerpt":{"rendered":"<p>Rack and Pinion Gear Material As for the materials of racks and pinions, strength, abrasion resistance, and absorbency are considered. Carbon steel is the most common material used to make racks and pinion steel. This material is excellent for most settings and usage scenarios. The relative strength of the rack tooth combined with the pinion [&hellip;]<\/p>","protected":false},"featured_media":4764,"comment_status":"open","ping_status":"closed","template":"","meta":{"_et_pb_use_builder":"","_et_pb_old_content":"","_et_gb_content_width":""},"product_brand":[],"product_cat":[91],"product_tag":[],"class_list":{"0":"post-4763","1":"product","2":"type-product","3":"status-publish","4":"has-post-thumbnail","6":"product_cat-gear-racks","8":"first","9":"instock","10":"shipping-taxable","11":"product-type-simple"},"_links":{"self":[{"href":"https:\/\/fmp-components.com\/de\/wp-json\/wp\/v2\/product\/4763","targetHints":{"allow":["GET"]}}],"collection":[{"href":"https:\/\/fmp-components.com\/de\/wp-json\/wp\/v2\/product"}],"about":[{"href":"https:\/\/fmp-components.com\/de\/wp-json\/wp\/v2\/types\/product"}],"replies":[{"embeddable":true,"href":"https:\/\/fmp-components.com\/de\/wp-json\/wp\/v2\/comments?post=4763"}],"wp:featuredmedia":[{"embeddable":true,"href":"https:\/\/fmp-components.com\/de\/wp-json\/wp\/v2\/media\/4764"}],"wp:attachment":[{"href":"https:\/\/fmp-components.com\/de\/wp-json\/wp\/v2\/media?parent=4763"}],"wp:term":[{"taxonomy":"product_brand","embeddable":true,"href":"https:\/\/fmp-components.com\/de\/wp-json\/wp\/v2\/product_brand?post=4763"},{"taxonomy":"product_cat","embeddable":true,"href":"https:\/\/fmp-components.com\/de\/wp-json\/wp\/v2\/product_cat?post=4763"},{"taxonomy":"product_tag","embeddable":true,"href":"https:\/\/fmp-components.com\/de\/wp-json\/wp\/v2\/product_tag?post=4763"}],"curies":[{"name":"wp","href":"https:\/\/api.w.org\/{rel}","templated":true}]}}