{"id":469,"date":"2024-12-10T08:34:34","date_gmt":"2024-12-10T08:34:34","guid":{"rendered":"https:\/\/fmp-components.com\/?page_id=8"},"modified":"2024-12-10T08:53:20","modified_gmt":"2024-12-10T08:53:20","slug":"small-excavator-cylinder","status":"publish","type":"product","link":"https:\/\/fmp-components.com\/de\/product\/small-excavator-cylinder\/","title":{"rendered":"Kleiner Baggerzylinder"},"content":{"rendered":"<p style=\"text-align: center;\"><span style=\"font-size: 18pt;\">Kleiner Baggerzylinder<\/span><\/p>\n<p>Der Kleinbaggerzylinder ist eine wichtige Hydraulikkomponente, die die Leistung von Kleinbaggern bei verschiedenen Bau- und Aushubarbeiten optimiert. Dieser auf Langlebigkeit und Effizienz ausgelegte Zylinder erleichtert wichtige Bewegungen wie Heben, Graben und Man\u00f6vrieren und gew\u00e4hrleistet pr\u00e4zises Arbeiten.<\/p>\n<p><img loading=\"lazy\" decoding=\"async\" class=\"size-full wp-image-483 aligncenter\" src=\"https:\/\/fmp-components.com\/wp-content\/uploads\/2024\/12\/Small-Excavator-Cylinder.webp\" alt=\"Kleinbagger-Zylinder\" width=\"760\" height=\"533\" title=\"\" srcset=\"https:\/\/fmp-components.com\/wp-content\/uploads\/2024\/12\/Small-Excavator-Cylinder.webp 760w, https:\/\/fmp-components.com\/wp-content\/uploads\/2024\/12\/Small-Excavator-Cylinder-480x337.webp 480w\" sizes=\"(min-width: 0px) and (max-width: 480px) 480px, (min-width: 481px) 760px, 100vw\" \/><\/p>\n<h4>Hauptmerkmale:<\/h4>\n<ul>\n<li>Robuste Konstruktion: Der kleine Baggerzylinder ist aus hochfesten Materialien gefertigt und h\u00e4lt den anspruchsvollen Bedingungen auf Baustellen stand. Er bietet dauerhafte Zuverl\u00e4ssigkeit und Leistung.<\/li>\n<li>Vielseitige Funktionalit\u00e4t: Dieser Zylinder unterst\u00fctzt verschiedene Funktionen, einschlie\u00dflich der Bedienung von Ausleger, Stiel, Schaufel und Anbauger\u00e4ten, und ist somit ein integraler Bestandteil der Gesamtbedienung des Baggers.<\/li>\n<li>Effiziente Hydraulikleistung: Das Hydrauliksystem ist f\u00fcr einen reibungslosen und reaktionsschnellen Betrieb ausgelegt und erm\u00f6glicht es dem Bediener, Aufgaben pr\u00e4zise auszuf\u00fchren, wodurch die Produktivit\u00e4t beim Graben, Planieren und Materialtransport gesteigert wird.<\/li>\n<li>Kompaktes Design: Das kompakte Design des Zylinders erm\u00f6glicht eine einfache Integration in kleine Bagger und verbessert deren Man\u00f6vrierf\u00e4higkeit in engen R\u00e4umen bei gleichzeitiger Beibehaltung einer robusten Leistung.<\/li>\n<li>Geringer Wartungsaufwand: Der auf Langlebigkeit ausgelegte kleine Baggerzylinder erfordert nur minimale Wartung, reduziert Ausfallzeiten und tr\u00e4gt zur Gesamteffizienz des Betriebs bei.<\/li>\n<\/ul>\n<p>Der Zylinder f\u00fcr kleine Bagger ist eine wesentliche Komponente, die die Funktionalit\u00e4t und Vielseitigkeit kleiner Bagger verbessert und sie zu effektiven Werkzeugen f\u00fcr eine breite Palette von Anwendungen im Bauwesen, in der Landschaftsgestaltung und beim Aushub macht.<\/p>\n<h2>Spezifikationen f\u00fcr den Stielzylinder (Armzylinder) eines kleinen Baggers:<\/h2>\n<p>Der Stielzylinder, auch Armzylinder genannt, ist f\u00fcr das Ausfahren und Einfahren des Baggerarms zust\u00e4ndig. Dieser Zylinder liefert die n\u00f6tige Kraft zum Anheben und Absenken des Stiels und erm\u00f6glicht so pr\u00e4zise Bewegungen beim Graben und bei Materialtransportarbeiten.<\/p>\n<h2><img loading=\"lazy\" decoding=\"async\" class=\"size-full wp-image-471 aligncenter\" src=\"https:\/\/fmp-components.com\/wp-content\/uploads\/2024\/12\/Small-Excavator-Cylinder1.webp\" alt=\"Kleiner Baggerzylinder\" width=\"500\" height=\"200\" title=\"\" srcset=\"https:\/\/fmp-components.com\/wp-content\/uploads\/2024\/12\/Small-Excavator-Cylinder1.webp 500w, https:\/\/fmp-components.com\/wp-content\/uploads\/2024\/12\/Small-Excavator-Cylinder1-480x192.webp 480w\" sizes=\"(min-width: 0px) and (max-width: 480px) 480px, (min-width: 481px) 500px, 100vw\" \/><\/h2>\n<table style=\"width: 100%;\" border=\"1\" width=\"100%\" cellspacing=\"0\" cellpadding=\"0\">\n<tbody>\n<tr>\n<td>Produktname<\/td>\n<td>Kleiner Baggerstielzylinder<\/td>\n<\/tr>\n<tr>\n<td>Merkmale:<\/td>\n<td>Kontrollieren Sie die Bewegung des Unterarms<\/td>\n<\/tr>\n<tr>\n<td>Bohrungsdurchmesser:<\/td>\n<td>50 mm \uff5e 115 mm<\/td>\n<\/tr>\n<tr>\n<td>Stangendurchmesser:<\/td>\n<td>25 mm \uff5e 70 mm<br \/>\nHub \u22641000 mm<\/td>\n<\/tr>\n<tr>\n<td>Schubkraft:<\/td>\n<td>Maximal 305 kN<\/td>\n<\/tr>\n<tr>\n<td>Bohrungsdurchmesser:<\/td>\n<td>115 mm\/Druck 29,4 MPa)<\/td>\n<\/tr>\n<\/tbody>\n<\/table>\n<h2><\/h2>\n<h2><img loading=\"lazy\" decoding=\"async\" class=\"alignnone size-full wp-image-472\" src=\"https:\/\/fmp-components.com\/wp-content\/uploads\/2024\/12\/Small-Excavator-Cylinder1-1.webp\" alt=\"Kleiner Baggerzylinder\" width=\"828\" height=\"416\" title=\"\" srcset=\"https:\/\/fmp-components.com\/wp-content\/uploads\/2024\/12\/Small-Excavator-Cylinder1-1.webp 828w, https:\/\/fmp-components.com\/wp-content\/uploads\/2024\/12\/Small-Excavator-Cylinder1-1-480x241.webp 480w\" sizes=\"(min-width: 0px) and (max-width: 480px) 480px, (min-width: 481px) 828px, 100vw\" \/><\/h2>\n<h2>Spezifikationen f\u00fcr den Schaufelzylinder eines kleinen Baggers:<\/h2>\n<p>Der L\u00f6ffelzylinder bet\u00e4tigt die Schaufel des Baggers und erm\u00f6glicht das Kippen und Abladen von Material. Dieser Zylinder ist f\u00fcr das Ausheben, Sch\u00f6pfen und Laden von entscheidender Bedeutung und liefert die n\u00f6tige Kraft, um die Schaufel effektiv zu man\u00f6vrieren.<\/p>\n<h2><img loading=\"lazy\" decoding=\"async\" class=\"size-full wp-image-473 aligncenter\" src=\"https:\/\/fmp-components.com\/wp-content\/uploads\/2024\/12\/Small-Excavator-Cylinder2.webp\" alt=\"Kleiner Baggerzylinder\" width=\"500\" height=\"200\" title=\"\" srcset=\"https:\/\/fmp-components.com\/wp-content\/uploads\/2024\/12\/Small-Excavator-Cylinder2.webp 500w, https:\/\/fmp-components.com\/wp-content\/uploads\/2024\/12\/Small-Excavator-Cylinder2-480x192.webp 480w\" sizes=\"(min-width: 0px) and (max-width: 480px) 480px, (min-width: 481px) 500px, 100vw\" \/><\/h2>\n<table style=\"width: 100%;\" border=\"1\" width=\"100%\" cellspacing=\"0\" cellpadding=\"0\">\n<tbody>\n<tr>\n<td>Produktname<\/td>\n<td>Kleiner Baggerschaufelzylinder<\/td>\n<\/tr>\n<tr>\n<td>Merkmale:<\/td>\n<td>Kontrollieren Sie die Aktion des Eimers<\/td>\n<\/tr>\n<tr>\n<td>Bohrungsdurchmesser:<\/td>\n<td>50 mm \uff5e 105 mm<\/td>\n<\/tr>\n<tr>\n<td>Stangendurchmesser:<\/td>\n<td>25 mm \uff5e 70 mm<br \/>\nHub \u22641000 mm<\/td>\n<\/tr>\n<tr>\n<td>Schubkraft:<\/td>\n<td>Maximal 255 kN<\/td>\n<\/tr>\n<tr>\n<td>Bohrungsdurchmesser:<\/td>\n<td>105 mm\/Druck 29,4 MPa<\/td>\n<\/tr>\n<\/tbody>\n<\/table>\n<h2><\/h2>\n<h2><img loading=\"lazy\" decoding=\"async\" class=\"alignnone size-full wp-image-474\" src=\"https:\/\/fmp-components.com\/wp-content\/uploads\/2024\/12\/Small-Excavator-Cylinder2-1.webp\" alt=\"Kleiner Baggerzylinder\" width=\"847\" height=\"410\" title=\"\" srcset=\"https:\/\/fmp-components.com\/wp-content\/uploads\/2024\/12\/Small-Excavator-Cylinder2-1.webp 847w, https:\/\/fmp-components.com\/wp-content\/uploads\/2024\/12\/Small-Excavator-Cylinder2-1-480x232.webp 480w\" sizes=\"(min-width: 0px) and (max-width: 480px) 480px, (min-width: 481px) 847px, 100vw\" \/><\/h2>\n<h2>Spezifikationen f\u00fcr den Auslegerzylinder eines kleinen Baggers:<\/h2>\n<p>Der Auslegerzylinder steuert die Bewegung des Baggerauslegers und erm\u00f6glicht dessen Anheben und Absenken. Dieser Zylinder ist unerl\u00e4sslich, um unterschiedliche H\u00f6hen und Tiefen zu erreichen und dem Bagger die pr\u00e4zise Ausf\u00fchrung vielf\u00e4ltiger Aufgaben zu erm\u00f6glichen.<\/p>\n<h2><img loading=\"lazy\" decoding=\"async\" class=\"size-full wp-image-475 aligncenter\" src=\"https:\/\/fmp-components.com\/wp-content\/uploads\/2024\/12\/Small-Excavator-Cylinder3.webp\" alt=\"Kleiner Baggerzylinder\" width=\"500\" height=\"200\" title=\"\" srcset=\"https:\/\/fmp-components.com\/wp-content\/uploads\/2024\/12\/Small-Excavator-Cylinder3.webp 500w, https:\/\/fmp-components.com\/wp-content\/uploads\/2024\/12\/Small-Excavator-Cylinder3-480x192.webp 480w\" sizes=\"(min-width: 0px) and (max-width: 480px) 480px, (min-width: 481px) 500px, 100vw\" \/><\/h2>\n<table style=\"width: 100%;\" border=\"1\" width=\"100%\" cellspacing=\"0\" cellpadding=\"0\">\n<tbody>\n<tr>\n<td>Produktname<\/td>\n<td>Auslegerzylinder f\u00fcr kleine Bagger<\/td>\n<\/tr>\n<tr>\n<td>Merkmale:<\/td>\n<td>Kontrollieren Sie die Hubbewegung des gro\u00dfen Arms<\/td>\n<\/tr>\n<tr>\n<td>Bohrungsdurchmesser:<\/td>\n<td>50 mm \uff5e 125 mm<\/td>\n<\/tr>\n<tr>\n<td>Stangendurchmesser:<\/td>\n<td>25 mm \uff5e 75 mm<br \/>\nHub \u22641000 mm<\/td>\n<\/tr>\n<tr>\n<td>Schubkraft:<\/td>\n<td>Maximal 361 kN<\/td>\n<\/tr>\n<tr>\n<td>Bohrungsdurchmesser:<\/td>\n<td>125 mm\/Druck 29,4 MPa<\/td>\n<\/tr>\n<\/tbody>\n<\/table>\n<h2><\/h2>\n<h2><img loading=\"lazy\" decoding=\"async\" class=\"alignnone size-full wp-image-476\" src=\"https:\/\/fmp-components.com\/wp-content\/uploads\/2024\/12\/Small-Excavator-Cylinder3-1.webp\" alt=\"Kleiner Baggerzylinder\" width=\"874\" height=\"394\" title=\"\" srcset=\"https:\/\/fmp-components.com\/wp-content\/uploads\/2024\/12\/Small-Excavator-Cylinder3-1.webp 874w, https:\/\/fmp-components.com\/wp-content\/uploads\/2024\/12\/Small-Excavator-Cylinder3-1-480x216.webp 480w\" sizes=\"(min-width: 0px) and (max-width: 480px) 480px, (min-width: 481px) 874px, 100vw\" \/><\/h2>\n<h2>Spezifikationen f\u00fcr Bulldozerzylinder f\u00fcr kleine Bagger:<\/h2>\n<p>Der Planierzylinder dient zur Steuerung der Baggerschaufel und erm\u00f6glicht eine pr\u00e4zise Einebnung und Planierung des Bodens. Dieser Zylinder erh\u00f6ht die Vielseitigkeit des Baggers und macht ihn f\u00fcr Aufgaben wie Baustellenvorbereitung und Erdbewegung geeignet.<\/p>\n<h2><img loading=\"lazy\" decoding=\"async\" class=\"size-full wp-image-477 aligncenter\" src=\"https:\/\/fmp-components.com\/wp-content\/uploads\/2024\/12\/Small-Excavator-Cylinder4.webp\" alt=\"Kleiner Baggerzylinder\" width=\"500\" height=\"200\" title=\"\" srcset=\"https:\/\/fmp-components.com\/wp-content\/uploads\/2024\/12\/Small-Excavator-Cylinder4.webp 500w, https:\/\/fmp-components.com\/wp-content\/uploads\/2024\/12\/Small-Excavator-Cylinder4-480x192.webp 480w\" sizes=\"(min-width: 0px) and (max-width: 480px) 480px, (min-width: 481px) 500px, 100vw\" \/><\/h2>\n<table style=\"width: 100%;\" border=\"1\" width=\"100%\" cellspacing=\"0\" cellpadding=\"0\">\n<tbody>\n<tr>\n<td>Produktname<\/td>\n<td>Kleiner Bagger-Planierraupenzylinder<\/td>\n<\/tr>\n<tr>\n<td>Merkmale:<\/td>\n<td>Kontrollieren Sie die Aktion des Bulldozers<\/td>\n<\/tr>\n<tr>\n<td>Bohrungsdurchmesser:<\/td>\n<td>50 mm \uff5e 140 mm<\/td>\n<\/tr>\n<tr>\n<td>Stangendurchmesser:<\/td>\n<td>25 mm \uff5e 80 mm<br \/>\nHub \u2264 250 mm<\/td>\n<\/tr>\n<tr>\n<td>Schubkraft:<\/td>\n<td>Maximal 453 kN<\/td>\n<\/tr>\n<tr>\n<td>Bohrungsdurchmesser:<\/td>\n<td>140 mm\/Druck 29,4 MPa<\/td>\n<\/tr>\n<\/tbody>\n<\/table>\n<h2><\/h2>\n<h2><img loading=\"lazy\" decoding=\"async\" class=\"alignnone size-full wp-image-478\" src=\"https:\/\/fmp-components.com\/wp-content\/uploads\/2024\/12\/Small-Excavator-Cylinder4-1.webp\" alt=\"Kleiner Baggerzylinder\" width=\"847\" height=\"401\" title=\"\" srcset=\"https:\/\/fmp-components.com\/wp-content\/uploads\/2024\/12\/Small-Excavator-Cylinder4-1.webp 847w, https:\/\/fmp-components.com\/wp-content\/uploads\/2024\/12\/Small-Excavator-Cylinder4-1-480x227.webp 480w\" sizes=\"(min-width: 0px) and (max-width: 480px) 480px, (min-width: 481px) 847px, 100vw\" \/><\/h2>\n<h2>Spezifikationen des Drehantriebs f\u00fcr kleine Bagger:<\/h2>\n<p>Der Drehantrieb erm\u00f6glicht die Drehbewegung von Anbauger\u00e4ten wie Erdbohrern oder Greifern. Diese Komponente erm\u00f6glicht dem Bagger die Ausf\u00fchrung von Aufgaben, die Schwenk- oder Drehbewegungen erfordern, und erh\u00f6ht so seine Betriebsflexibilit\u00e4t.<\/p>\n<h2><img loading=\"lazy\" decoding=\"async\" class=\"size-full wp-image-479 aligncenter\" src=\"https:\/\/fmp-components.com\/wp-content\/uploads\/2024\/12\/Small-Excavator-Cylinder5.webp\" alt=\"Kleiner Baggerzylinder\" width=\"500\" height=\"200\" title=\"\" srcset=\"https:\/\/fmp-components.com\/wp-content\/uploads\/2024\/12\/Small-Excavator-Cylinder5.webp 500w, https:\/\/fmp-components.com\/wp-content\/uploads\/2024\/12\/Small-Excavator-Cylinder5-480x192.webp 480w\" sizes=\"(min-width: 0px) and (max-width: 480px) 480px, (min-width: 481px) 500px, 100vw\" \/><\/h2>\n<table style=\"width: 100%;\" border=\"1\" width=\"100%\" cellspacing=\"0\" cellpadding=\"0\">\n<tbody>\n<tr style=\"height: 23px;\">\n<td style=\"height: 23px;\">Produktname<\/td>\n<td style=\"height: 23px;\">Drehantrieb f\u00fcr kleine Bagger<\/td>\n<\/tr>\n<tr style=\"height: 23px;\">\n<td style=\"height: 23px;\">Merkmale:<\/td>\n<td style=\"height: 23px;\">Auslenkung des gro\u00dfen Arms<\/td>\n<\/tr>\n<tr style=\"height: 23px;\">\n<td style=\"height: 23px;\">Bohrungsdurchmesser:<\/td>\n<td style=\"height: 23px;\">50 mm \uff5e 120 mm<\/td>\n<\/tr>\n<tr style=\"height: 47px;\">\n<td style=\"height: 47px;\">Stangendurchmesser:<\/td>\n<td style=\"height: 47px;\">25 mm \uff5e 75 mm<br \/>\nHub \u22641000 mm<\/td>\n<\/tr>\n<tr style=\"height: 23px;\">\n<td style=\"height: 23px;\">Schubkraft:<\/td>\n<td style=\"height: 23px;\">Maximal 333 kN<\/td>\n<\/tr>\n<tr style=\"height: 23px;\">\n<td style=\"height: 23px;\">Bohrungsdurchmesser:<\/td>\n<td style=\"height: 23px;\">120 mm\/Druck 29,4 MPa<\/td>\n<\/tr>\n<\/tbody>\n<\/table>\n<h2><\/h2>\n<h2><img loading=\"lazy\" decoding=\"async\" class=\"alignnone size-full wp-image-480\" src=\"https:\/\/fmp-components.com\/wp-content\/uploads\/2024\/12\/Small-Excavator-Cylinder5-1.webp\" alt=\"Kleiner Baggerzylinder\" width=\"849\" height=\"392\" title=\"\" srcset=\"https:\/\/fmp-components.com\/wp-content\/uploads\/2024\/12\/Small-Excavator-Cylinder5-1.webp 849w, https:\/\/fmp-components.com\/wp-content\/uploads\/2024\/12\/Small-Excavator-Cylinder5-1-480x222.webp 480w\" sizes=\"(min-width: 0px) and (max-width: 480px) 480px, (min-width: 481px) 849px, 100vw\" \/><\/h2>\n<h2>\u00dcber FMP<\/h2>\n<p>FMP ist ein spezialisierter Maschinenbauer, der sich auf die Produktion von Hydraulikzylindern spezialisiert hat. Seit seiner Gr\u00fcndung konzentriert sich das Unternehmen auf die Forschung und Fertigung von Hydrauliktechnologie und hat sich erfolgreich von einer vielf\u00e4ltigen Produktpalette, die Ernte- und Baumaschinen umfasste, auf die Spezialisierung auf landwirtschaftliche Traktorkomponenten spezialisiert. Mit \u00fcber einem Jahrzehnt Erfahrung in Fertigung und Management gew\u00e4hrleistet FMP durch fortschrittliche Produktionstechniken qualitativ hochwertige Produkte.<\/p>\n<p>Im Laufe der Entwicklung des Unternehmens wurden umfassende Fertigungslinien f\u00fcr die maschinelle Bearbeitung, Montagelinien und Beschichtungslinien entwickelt. Unser Team besteht aus qualifizierten F\u00fchrungskr\u00e4ften, erfahrenen Maschinenbauern und hochqualifizierten Technikern, die gemeinsam f\u00fcr eine stabile Produktionsqualit\u00e4t sorgen und gleichzeitig die Prozesskontinuit\u00e4t und -effizienz effektiv steuern.<\/p>\n<p>FMP vertritt die Philosophie \u201eTechnologische Innovation treibt Fortschritt voran, Qualit\u00e4t schafft Marken, Handwerkskunst sichert Qualit\u00e4t und baut langfristige Win-Win-Beziehungen auf.\u201c Unser Engagement f\u00fcr die Bereitstellung hochwertiger Produkte und eines hervorragenden Kundendienstes bleibt ein zentrales Ziel, w\u00e4hrend wir weiterhin den sich entwickelnden Anforderungen des Marktes gerecht werden.<\/p>\n<p><img loading=\"lazy\" decoding=\"async\" class=\"alignnone size-full wp-image-426\" src=\"https:\/\/fmp-components.com\/wp-content\/uploads\/2024\/12\/Sanitation-Machinery-Locking-Hydraulic-Cylinder-factory.webp\" sizes=\"(min-width: 0px) and (max-width: 480px) 480px, (min-width: 481px) and (max-width: 980px) 980px, (min-width: 981px) and (max-width: 1280px) 1280px, (min-width: 1281px) 1414px, 100vw\" srcset=\"https:\/\/fmp-components.com\/wp-content\/uploads\/2024\/12\/Sanitation-Machinery-Locking-Hydraulic-Cylinder-factory.webp 1414w, https:\/\/fmp-components.com\/wp-content\/uploads\/2024\/12\/Sanitation-Machinery-Locking-Hydraulic-Cylinder-factory-1280x529.webp 1280w, https:\/\/fmp-components.com\/wp-content\/uploads\/2024\/12\/Sanitation-Machinery-Locking-Hydraulic-Cylinder-factory-980x405.webp 980w, https:\/\/fmp-components.com\/wp-content\/uploads\/2024\/12\/Sanitation-Machinery-Locking-Hydraulic-Cylinder-factory-480x198.webp 480w\" alt=\"Sanit\u00e4r-Maschinen-Verriegelung-Hydraulik-Zylinder-Fabrik\" width=\"1414\" height=\"584\" title=\"\"><\/p>\n<p>Autor: CX<\/p>","protected":false},"excerpt":{"rendered":"<p>Der Kleinbaggerzylinder ist eine wichtige Hydraulikkomponente, die f\u00fcr kraftvolle und pr\u00e4zise Bewegungen kleiner Bagger sorgt. Er erm\u00f6glicht verschiedene Funktionen wie Heben, Graben und Kippen und gew\u00e4hrleistet so den effizienten Betrieb der Maschine. Hergestellt aus hochfesten Materialien, h\u00e4lt er den anspruchsvollen Bedingungen auf Baustellen stand und bietet Langlebigkeit und Zuverl\u00e4ssigkeit. Die kompakte Bauweise erm\u00f6glicht den einfachen Einbau in Kleinbagger und sorgt f\u00fcr verbesserte Man\u00f6vrierf\u00e4higkeit auf engstem Raum. Mit seiner effizienten Hydraulikleistung tr\u00e4gt der Kleinbaggerzylinder entscheidend zur Optimierung der Maschinenleistung f\u00fcr ein breites Anwendungsspektrum bei.<\/p>","protected":false},"featured_media":470,"comment_status":"open","ping_status":"closed","template":"","meta":{"_et_pb_use_builder":"","_et_pb_old_content":"","_et_gb_content_width":""},"product_brand":[],"product_cat":[25],"product_tag":[],"class_list":{"0":"post-469","1":"product","2":"type-product","3":"status-publish","4":"has-post-thumbnail","6":"product_cat-mobile-machinery-hydraulic-cylinder","8":"first","9":"instock","10":"shipping-taxable","11":"product-type-simple"},"_links":{"self":[{"href":"https:\/\/fmp-components.com\/de\/wp-json\/wp\/v2\/product\/469","targetHints":{"allow":["GET"]}}],"collection":[{"href":"https:\/\/fmp-components.com\/de\/wp-json\/wp\/v2\/product"}],"about":[{"href":"https:\/\/fmp-components.com\/de\/wp-json\/wp\/v2\/types\/product"}],"replies":[{"embeddable":true,"href":"https:\/\/fmp-components.com\/de\/wp-json\/wp\/v2\/comments?post=469"}],"wp:featuredmedia":[{"embeddable":true,"href":"https:\/\/fmp-components.com\/de\/wp-json\/wp\/v2\/media\/470"}],"wp:attachment":[{"href":"https:\/\/fmp-components.com\/de\/wp-json\/wp\/v2\/media?parent=469"}],"wp:term":[{"taxonomy":"product_brand","embeddable":true,"href":"https:\/\/fmp-components.com\/de\/wp-json\/wp\/v2\/product_brand?post=469"},{"taxonomy":"product_cat","embeddable":true,"href":"https:\/\/fmp-components.com\/de\/wp-json\/wp\/v2\/product_cat?post=469"},{"taxonomy":"product_tag","embeddable":true,"href":"https:\/\/fmp-components.com\/de\/wp-json\/wp\/v2\/product_tag?post=469"}],"curies":[{"name":"wp","href":"https:\/\/api.w.org\/{rel}","templated":true}]}}