{"id":452,"date":"2024-12-10T07:23:50","date_gmt":"2024-12-10T07:23:50","guid":{"rendered":"https:\/\/fmp-components.com\/?page_id=8"},"modified":"2024-12-10T07:26:39","modified_gmt":"2024-12-10T07:26:39","slug":"crane-pin-hydraulic-cylinder","status":"publish","type":"product","link":"https:\/\/fmp-components.com\/de\/product\/crane-pin-hydraulic-cylinder\/","title":{"rendered":"Kranstift-Hydraulikzylinder"},"content":{"rendered":"<p style=\"text-align: center;\"><span style=\"font-size: 18pt;\">Kranstift-Hydraulikzylinder<\/span><\/p>\n<p>Der Hydraulikzylinder f\u00fcr Kranbolzen ist eine wichtige Komponente, die die pr\u00e4zise Bewegung und sichere Verriegelung von Bolzen in verschiedenen Krananwendungen erm\u00f6glicht. Dieser Hydraulikzylinder bietet zuverl\u00e4ssige Kraft zum Ein- und Auskuppeln von Bolzen, die verschiedene Krankomponenten verbinden, und sorgt so f\u00fcr Stabilit\u00e4t und Sicherheit bei Hebevorg\u00e4ngen.<\/p>\n<p><img loading=\"lazy\" decoding=\"async\" class=\"size-full wp-image-453 aligncenter\" src=\"https:\/\/fmp-components.com\/wp-content\/uploads\/2024\/12\/Crane-Pin-Hydraulic-Cylinder.jpg\" alt=\"Kranstift-Hydraulikzylinder\" width=\"500\" height=\"500\" title=\"\" srcset=\"https:\/\/fmp-components.com\/wp-content\/uploads\/2024\/12\/Crane-Pin-Hydraulic-Cylinder.jpg 500w, https:\/\/fmp-components.com\/wp-content\/uploads\/2024\/12\/Crane-Pin-Hydraulic-Cylinder-480x480.jpg 480w\" sizes=\"(min-width: 0px) and (max-width: 480px) 480px, (min-width: 481px) 500px, 100vw\" \/><\/p>\n<h4>Hauptmerkmale:<\/h4>\n<ul>\n<li>Langlebige Konstruktion: Der aus hochfesten Materialien gefertigte Hydraulikzylinder mit Kranbolzen ist so konstruiert, dass er den anspruchsvollen Bedingungen im Baugewerbe und bei Schwerlasthebearbeiten standh\u00e4lt und so eine lange Haltbarkeit und Zuverl\u00e4ssigkeit gew\u00e4hrleistet.<\/li>\n<li>Reibungsloser Betrieb: Das fortschrittliche Hydrauliksystem erm\u00f6glicht fl\u00fcssige und kontrollierte Bewegungen und erm\u00f6glicht ein schnelles und effizientes Ein- und Auskuppeln der Bolzen, was die Gesamtfunktionalit\u00e4t des Krans verbessert.<\/li>\n<li>Verbesserte Sicherheit: Durch die Gew\u00e4hrleistung eines sicheren Bolzeneingriffs tr\u00e4gt dieser Hydraulikzylinder dazu bei, die Stabilit\u00e4t der Krankomponenten w\u00e4hrend des Betriebs aufrechtzuerhalten, das Unfallrisiko zu verringern und die Sicherheit f\u00fcr Bediener und Baustellenpersonal zu verbessern.<\/li>\n<li>Vielseitige Anwendung: Der Bolzenhydraulikzylinder ist f\u00fcr eine Vielzahl von Kr\u00e4nen und Hebeger\u00e4ten geeignet und l\u00e4sst sich problemlos in bestehende Systeme integrieren. Damit ist er eine vielseitige L\u00f6sung f\u00fcr verschiedene Hebe- und Bauaufgaben.<\/li>\n<li>Geringer Wartungsaufwand: Dieser auf Effizienz und Langlebigkeit ausgelegte Hydraulikzylinder erfordert nur minimale Wartung, was zu geringeren Ausfallzeiten und h\u00f6herer Produktivit\u00e4t beitr\u00e4gt.<\/li>\n<\/ul>\n<p>Der hydraulische Kranbolzenzylinder ist eine entscheidende Komponente, die die Leistung, Sicherheit und Zuverl\u00e4ssigkeit von Kr\u00e4nen verbessert und ihn f\u00fcr effektive Hebevorg\u00e4nge in verschiedenen Anwendungen unverzichtbar macht.<\/p>\n<h2>Abmessungen des Kranbolzen-Hydraulikzylinders:<\/h2>\n<table style=\"width: 100%;\">\n<tbody>\n<tr>\n<td style=\"width: 45.9228%;\"><img loading=\"lazy\" decoding=\"async\" class=\"size-full wp-image-453 aligncenter\" src=\"https:\/\/fmp-components.com\/wp-content\/uploads\/2024\/12\/Crane-Pin-Hydraulic-Cylinder.jpg\" alt=\"Kranstift-Hydraulikzylinder\" width=\"500\" height=\"500\" title=\"\" srcset=\"https:\/\/fmp-components.com\/wp-content\/uploads\/2024\/12\/Crane-Pin-Hydraulic-Cylinder.jpg 500w, https:\/\/fmp-components.com\/wp-content\/uploads\/2024\/12\/Crane-Pin-Hydraulic-Cylinder-480x480.jpg 480w\" sizes=\"(min-width: 0px) and (max-width: 480px) 480px, (min-width: 481px) 500px, 100vw\" \/><\/td>\n<td style=\"width: 53.4335%;\"><img loading=\"lazy\" decoding=\"async\" class=\"alignnone size-full wp-image-454\" src=\"https:\/\/fmp-components.com\/wp-content\/uploads\/2024\/12\/Crane-Pin-Hydraulic-Cylinder-Dimensions-2.webp\" alt=\"Kranstift-Hydraulikzylinder\" width=\"1024\" height=\"690\" title=\"\" srcset=\"https:\/\/fmp-components.com\/wp-content\/uploads\/2024\/12\/Crane-Pin-Hydraulic-Cylinder-Dimensions-2.webp 1024w, https:\/\/fmp-components.com\/wp-content\/uploads\/2024\/12\/Crane-Pin-Hydraulic-Cylinder-Dimensions-2-980x660.webp 980w, https:\/\/fmp-components.com\/wp-content\/uploads\/2024\/12\/Crane-Pin-Hydraulic-Cylinder-Dimensions-2-480x323.webp 480w\" sizes=\"(min-width: 0px) and (max-width: 480px) 480px, (min-width: 481px) and (max-width: 980px) 980px, (min-width: 981px) 1024px, 100vw\" \/><\/td>\n<\/tr>\n<\/tbody>\n<\/table>\n<table style=\"width: 100%; height: 133px;\" border=\"1\" cellspacing=\"0\" cellpadding=\"0\">\n<tbody>\n<tr style=\"height: 71px;\">\n<td style=\"height: 71px;\" width=\"246\">Zylindername<\/td>\n<td style=\"height: 71px;\" width=\"336\">Zeichnungsnummer<\/td>\n<td style=\"height: 71px;\" width=\"126\">Bohrungsdurchmesser (D)<\/td>\n<td style=\"height: 71px;\" width=\"123\">Stabdurchmesser (d)<\/td>\n<td style=\"height: 71px;\" width=\"114\">Schlaganfall (S)<\/td>\n<td style=\"height: 71px;\" width=\"170\">Installationsabstand (L)<\/td>\n<td style=\"height: 71px;\" width=\"172\">Arbeitsdruck<\/td>\n<td style=\"height: 71px;\" width=\"366\">Schnittstellenma\u00dfe (M)<\/td>\n<td style=\"height: 71px;\" width=\"96\">Gewicht<\/td>\n<\/tr>\n<tr style=\"height: 62px;\">\n<td class=\"et3\" style=\"height: 62px;\" width=\"246\" height=\"370\">Stifthydraulikzylinder<\/td>\n<td class=\"et4\" style=\"height: 62px;\" width=\"336\">ZXYG14.01-00<\/td>\n<td class=\"et4\" style=\"height: 62px;\" width=\"126\">\u03a680<\/td>\n<td class=\"et4\" style=\"height: 62px;\" width=\"123\">\u03a640<\/td>\n<td class=\"et4\" style=\"height: 62px;\" width=\"114\">225<\/td>\n<td class=\"et4\" style=\"height: 62px;\" width=\"170\">440<\/td>\n<td class=\"et4\" style=\"height: 62px;\" width=\"172\">25 MPa<\/td>\n<td class=\"et4\" style=\"height: 62px;\" width=\"366\">G1\/4<\/td>\n<td class=\"et4\" style=\"height: 62px;\" width=\"96\">97,8 kg<\/td>\n<\/tr>\n<\/tbody>\n<\/table>\n<h2>Parameter des Kranstift-Hydraulikzylinders:<\/h2>\n<table border=\"1\" width=\"100%\" cellspacing=\"0\" cellpadding=\"0\">\n<tbody>\n<tr>\n<td width=\"70\">Artikel<\/td>\n<td width=\"70\">Beschreibung<\/td>\n<\/tr>\n<tr>\n<td width=\"70\">Produktname<\/td>\n<td width=\"70\">Ma\u00dfgefertigter Hydraulikzylinder<\/td>\n<\/tr>\n<tr>\n<td width=\"70\">Zertifikat:<\/td>\n<td width=\"70\">ISO9001, ISO4001, ISO 45003<\/td>\n<\/tr>\n<tr>\n<td width=\"70\">Produktionskapazit\u00e4t:<\/td>\n<td width=\"70\">1200.000 St\u00fcck pro Jahr<\/td>\n<\/tr>\n<tr>\n<td width=\"70\">Abtastzeit<\/td>\n<td width=\"70\">Basierend auf dem tats\u00e4chlichen Typ<\/td>\n<\/tr>\n<tr>\n<td width=\"70\">Marke<\/td>\n<td width=\"70\">FMP- oder Kundenlogo<\/td>\n<\/tr>\n<tr>\n<td width=\"70\">Service<\/td>\n<td width=\"70\">OEM und ODM<\/td>\n<\/tr>\n<tr>\n<td width=\"70\">Siegelmarke<\/td>\n<td width=\"70\">Parker,NOK, BUSAK SHAMBAN<\/td>\n<\/tr>\n<tr>\n<td width=\"70\">Lieferzeit<\/td>\n<td width=\"70\">Basierend auf der Bestellmenge.<\/td>\n<\/tr>\n<tr>\n<td width=\"70\">Unternehmenst\u00e4tigkeit<\/td>\n<td width=\"70\">Hersteller &amp; Exporteur<\/td>\n<\/tr>\n<\/tbody>\n<\/table>\n<h2>Hydraulikzylinder. Verf\u00fcgbare Marken und Modelle:<\/h2>\n<table border=\"1\" cellspacing=\"0\" cellpadding=\"0\">\n<tbody>\n<tr>\n<td><span data-spm-anchor-id=\"a2700.details.0.i43.45d84a73e99C9z\">KOMATSU (PC)<\/span><\/td>\n<td>PC30,PC40,PC50,PC56,PC60,PC78,PC100,PC110,PC120,PC130,PC160,PC200-3\/5\/6\/7\/8\/8MO,PC210,PC220-5\/6\/7\/8\/8MO,PC240,PC300\/350\/360-5\/6\/7\/8\/8MO,PC400\/450-5\/6\/7\/8\/8MO,PC800,PC850<\/td>\n<\/tr>\n<tr>\n<td>RAUPE (E)<\/td>\n<td>E301.5,E302,E305.5,E306,E307V1\/V2\/B\/C\/D\/E\/F,E308B\/C,E120B,E312V1\/V2\/B\/C\/D,E313D2,E312D2,E315D,<br \/>\nE200B, E320V1\/V2\/A\/B\/C\/D, E324D, E325C\/D, E329D, E330\/336C\/D, E345C, E349D, E365C, E374, E390<\/td>\n<\/tr>\n<tr>\n<td>KOBELCO (SK)<\/td>\n<td>SK60-3\/5\/8, SK75-8\/SR, SK100, SK120-3\/5, SK135-8\/SR, SK140-8, SK200-3\/5\/6\/6E, SK210-3\/5\/6\/6E,<br \/>\nSK230\/250-6E,SK250-8,SK260-8,SK350-8\/S8,SK460\/480-8<\/td>\n<\/tr>\n<tr>\n<td>HYUNDAI (R)<\/td>\n<td>R55-5\/7, R60-5\/7, R80, R110,R130, R200-5, R210-5, R215-5\/7,R220-5\/7\/9, R225-5\/7\/9, R250,R260,R265,R290,R305,R445,R485, R505<\/td>\n<\/tr>\n<tr>\n<td><span data-spm-anchor-id=\"a2700.details.0.i53.45d84a73e99C9z\">HITACHI (EX.ZX)<\/span><\/td>\n<td>EX60,EX100-1\/2\/3,EX120-1\/3\/5\/6,EX200-1\/3\/5,EX230-5,EX300-1,EX400<br \/>\nZAX60, ZAX70, ZA120-6, ZAX200\/210-1\/3\/5\/5K, ZAX240, ZAX250, ZAX260, ZAX330-3\/5\/6, ZAX450\/470, ZAX650\/670, ZAX850\/870<\/td>\n<\/tr>\n<tr>\n<td>\n<div class=\"magic-32\"><span data-spm-anchor-id=\"a2700.details.0.i55.45d84a73e99C9z\">DOOSAN (DH\/DX)<\/span><\/div>\n<\/td>\n<td>\n<div class=\"magic-33\"><span class=\"magic-34\">DH55, DH60, DH80, DH150, DH215-5\/7, DH220-5, DH225-5\/7, DH258, DH300-5\/7, DH370, DH420, DH500<br \/>\nDX55, DX60, DX75, DX130, DX225-9, DX300, DX380, DX420, DX500<\/span><\/div>\n<\/td>\n<\/tr>\n<tr>\n<td>\n<div class=\"magic-32\">VOLVO (EG)<\/div>\n<\/td>\n<td>\n<div class=\"magic-33\"><span class=\"magic-34\">EC55, EC60, EC75, EC80, EC140, EC210B\/D, EC220D, EC240, EC250, EC290, EC300, EC360 EC380, EC460, EC480, EC700, EC750, EC950<\/span><\/div>\n<\/td>\n<\/tr>\n<tr>\n<td>\n<div class=\"magic-32\">KATO (HD)<\/div>\n<\/td>\n<td>\n<div class=\"magic-33\"><span class=\"magic-34\">HD307\/308,HD450,HD512,HD700-5\/7,HD820-1\/2\/3\/5\/R,HD1023-1\/3,HD1430-1\/3<\/span><\/div>\n<\/td>\n<\/tr>\n<tr>\n<td>\n<div class=\"magic-32\">ANDERE MARKE<\/div>\n<\/td>\n<td>\n<div class=\"magic-33\"><span class=\"magic-34\">XCMG,LIUGONG,KUBOTA,CASE,YANMAR,SUNWARD,ZOOMLION,LISHIDE,LIEHERR<\/span><\/div>\n<\/td>\n<\/tr>\n<\/tbody>\n<\/table>\n<h3>Vorteile des Kranbolzen-Hydraulikzylinders<\/h3>\n<h4>1. Pr\u00e4zises Ein- und Auskuppeln<\/h4>\n<p>Der hydraulische Kranbolzenzylinder erm\u00f6glicht eine pr\u00e4zise Steuerung des Ein- und Ausr\u00fcckens der Bolzen und stellt sicher, dass die Krankomponenten w\u00e4hrend des Betriebs sicher verriegelt sind. Diese Pr\u00e4zision erh\u00f6ht die Sicherheit und Betriebseffizienz.<\/p>\n<h4>2. Verbesserte Stabilit\u00e4t<\/h4>\n<p>Durch zuverl\u00e4ssige Verriegelungsmechanismen sorgt dieser Hydraulikzylinder daf\u00fcr, dass die Krankomponenten w\u00e4hrend des Hebevorgangs stabil bleiben. Diese Stabilit\u00e4t verringert das Unfallrisiko und verbessert die allgemeine Sicherheit f\u00fcr Bediener und umstehendes Personal.<\/p>\n<h4>3. Langlebige Konstruktion<\/h4>\n<p>Der aus hochfesten Materialien gefertigte Hydraulikzylinder f\u00fcr Kranbolzen ist f\u00fcr die anspruchsvollen Bedingungen im Bauwesen und beim Heben schwerer Lasten ausgelegt. Seine robuste Konstruktion gew\u00e4hrleistet Langlebigkeit und Zuverl\u00e4ssigkeit in rauen Umgebungen.<\/p>\n<h4>4. Reibungsloser Betrieb<\/h4>\n<p>Das fortschrittliche Hydrauliksystem erm\u00f6glicht sanfte und kontrollierte Bewegungen und erm\u00f6glicht schnelle Anpassungen. Diese Effizienz steigert die Leistung des Krans und erm\u00f6glicht schnellere Zykluszeiten im Betrieb.<\/p>\n<h4>5. Vielseitige Anwendung<\/h4>\n<p>Dieser Hydraulikzylinder eignet sich f\u00fcr eine gro\u00dfe Bandbreite an Krantypen und Hebeger\u00e4ten und ist somit eine vielseitige L\u00f6sung f\u00fcr verschiedene Anwendungen im Bau-, Wartungs- und Industriebereich.<\/p>\n<h4>6. Geringer Wartungsbedarf<\/h4>\n<p>Das Design minimiert den Verschlei\u00df und f\u00fchrt zu einem geringeren Wartungsaufwand. Dies f\u00fchrt zu niedrigeren Betriebskosten und weniger Ausfallzeiten und tr\u00e4gt so zur Gesamtproduktivit\u00e4t bei.<\/p>\n<h4>7. Energieeffizienz<\/h4>\n<p>Das Hydrauliksystem ist energieoptimiert und reduziert den Stromverbrauch w\u00e4hrend des Betriebs. Diese Effizienz senkt nicht nur die Betriebskosten, sondern unterst\u00fctzt auch umweltfreundliche Hebevorg\u00e4nge.<\/p>\n<p>Der Crane Pin-Hydraulikzylinder bietet zahlreiche Vorteile, darunter pr\u00e4zise Steuerung, verbesserte Stabilit\u00e4t und Haltbarkeit, was ihn zu einer unverzichtbaren Komponente f\u00fcr einen effektiven und zuverl\u00e4ssigen Kranbetrieb in verschiedenen Anwendungen macht.<\/p>\n<p><img loading=\"lazy\" decoding=\"async\" class=\"alignnone size-full wp-image-447\" src=\"https:\/\/fmp-components.com\/wp-content\/uploads\/2024\/12\/Crane.webp\" alt=\"Kran\" width=\"1234\" height=\"822\" title=\"\" srcset=\"https:\/\/fmp-components.com\/wp-content\/uploads\/2024\/12\/Crane.webp 1234w, https:\/\/fmp-components.com\/wp-content\/uploads\/2024\/12\/Crane-980x653.webp 980w, https:\/\/fmp-components.com\/wp-content\/uploads\/2024\/12\/Crane-480x320.webp 480w\" sizes=\"(min-width: 0px) and (max-width: 480px) 480px, (min-width: 481px) and (max-width: 980px) 980px, (min-width: 981px) 1234px, 100vw\" \/><\/p>\n<h2>\u00dcber FMP<\/h2>\n<p>FMP ist ein spezialisierter Maschinenbauer, der sich auf die Produktion von Hydraulikzylindern spezialisiert hat. Seit seiner Gr\u00fcndung konzentriert sich das Unternehmen auf die Forschung und Fertigung von Hydrauliktechnologie und hat sich erfolgreich von einer vielf\u00e4ltigen Produktpalette, die Ernte- und Baumaschinen umfasste, auf die Spezialisierung auf landwirtschaftliche Traktorkomponenten spezialisiert. Mit \u00fcber einem Jahrzehnt Erfahrung in Fertigung und Management gew\u00e4hrleistet FMP durch fortschrittliche Produktionstechniken qualitativ hochwertige Produkte.<\/p>\n<p>Im Laufe der Entwicklung des Unternehmens wurden umfassende Fertigungslinien f\u00fcr die maschinelle Bearbeitung, Montagelinien und Beschichtungslinien entwickelt. Unser Team besteht aus qualifizierten F\u00fchrungskr\u00e4ften, erfahrenen Maschinenbauern und hochqualifizierten Technikern, die gemeinsam f\u00fcr eine stabile Produktionsqualit\u00e4t sorgen und gleichzeitig die Prozesskontinuit\u00e4t und -effizienz effektiv steuern.<\/p>\n<p>FMP vertritt die Philosophie \u201eTechnologische Innovation treibt Fortschritt voran, Qualit\u00e4t schafft Marken, Handwerkskunst sichert Qualit\u00e4t und baut langfristige Win-Win-Beziehungen auf.\u201c Unser Engagement f\u00fcr die Bereitstellung hochwertiger Produkte und eines hervorragenden Kundendienstes bleibt ein zentrales Ziel, w\u00e4hrend wir weiterhin den sich entwickelnden Anforderungen des Marktes gerecht werden.<\/p>\n<p><img loading=\"lazy\" decoding=\"async\" class=\"alignnone size-full wp-image-426\" src=\"https:\/\/fmp-components.com\/wp-content\/uploads\/2024\/12\/Sanitation-Machinery-Locking-Hydraulic-Cylinder-factory.webp\" sizes=\"(min-width: 0px) and (max-width: 480px) 480px, (min-width: 481px) and (max-width: 980px) 980px, (min-width: 981px) and (max-width: 1280px) 1280px, (min-width: 1281px) 1414px, 100vw\" srcset=\"https:\/\/fmp-components.com\/wp-content\/uploads\/2024\/12\/Sanitation-Machinery-Locking-Hydraulic-Cylinder-factory.webp 1414w, https:\/\/fmp-components.com\/wp-content\/uploads\/2024\/12\/Sanitation-Machinery-Locking-Hydraulic-Cylinder-factory-1280x529.webp 1280w, https:\/\/fmp-components.com\/wp-content\/uploads\/2024\/12\/Sanitation-Machinery-Locking-Hydraulic-Cylinder-factory-980x405.webp 980w, https:\/\/fmp-components.com\/wp-content\/uploads\/2024\/12\/Sanitation-Machinery-Locking-Hydraulic-Cylinder-factory-480x198.webp 480w\" alt=\"Sanit\u00e4r-Maschinen-Verriegelung-Hydraulik-Zylinder-Fabrik\" width=\"1414\" height=\"584\" title=\"\"><\/p>\n<p>Autor: CX<\/p>","protected":false},"excerpt":{"rendered":"<p>Der Kranbolzen-Hydraulikzylinder ist eine wichtige Komponente, die die pr\u00e4zise Bewegung und Verriegelung von Bolzen in Krananwendungen erm\u00f6glicht. Dieser Hydraulikzylinder liefert zuverl\u00e4ssige Kraft zum Ein- und Auskuppeln von Bolzen, die verschiedene Krankomponenten sichern, und sorgt so f\u00fcr Stabilit\u00e4t und Sicherheit bei Hebevorg\u00e4ngen. Er ist auf Langlebigkeit ausgelegt und besteht aus hochfesten Materialien, um den hohen Anforderungen im Baubereich standzuhalten. Das effiziente Hydrauliksystem erm\u00f6glicht einen reibungslosen und kontrollierten Betrieb, schnelle Anpassungen und verbessert die Gesamtfunktionalit\u00e4t des Krans. Dieser unverzichtbare Zylinder spielt eine entscheidende Rolle bei der Optimierung der Kranleistung und der sicheren Handhabung schwerer Lasten.<\/p>","protected":false},"featured_media":453,"comment_status":"open","ping_status":"closed","template":"","meta":{"_et_pb_use_builder":"","_et_pb_old_content":"","_et_gb_content_width":""},"product_brand":[],"product_cat":[24],"product_tag":[],"class_list":{"0":"post-452","1":"product","2":"type-product","3":"status-publish","4":"has-post-thumbnail","6":"product_cat-construction-machinery-hydraulic-cylinders","8":"first","9":"instock","10":"shipping-taxable","11":"product-type-simple"},"_links":{"self":[{"href":"https:\/\/fmp-components.com\/de\/wp-json\/wp\/v2\/product\/452","targetHints":{"allow":["GET"]}}],"collection":[{"href":"https:\/\/fmp-components.com\/de\/wp-json\/wp\/v2\/product"}],"about":[{"href":"https:\/\/fmp-components.com\/de\/wp-json\/wp\/v2\/types\/product"}],"replies":[{"embeddable":true,"href":"https:\/\/fmp-components.com\/de\/wp-json\/wp\/v2\/comments?post=452"}],"wp:featuredmedia":[{"embeddable":true,"href":"https:\/\/fmp-components.com\/de\/wp-json\/wp\/v2\/media\/453"}],"wp:attachment":[{"href":"https:\/\/fmp-components.com\/de\/wp-json\/wp\/v2\/media?parent=452"}],"wp:term":[{"taxonomy":"product_brand","embeddable":true,"href":"https:\/\/fmp-components.com\/de\/wp-json\/wp\/v2\/product_brand?post=452"},{"taxonomy":"product_cat","embeddable":true,"href":"https:\/\/fmp-components.com\/de\/wp-json\/wp\/v2\/product_cat?post=452"},{"taxonomy":"product_tag","embeddable":true,"href":"https:\/\/fmp-components.com\/de\/wp-json\/wp\/v2\/product_tag?post=452"}],"curies":[{"name":"wp","href":"https:\/\/api.w.org\/{rel}","templated":true}]}}