{"id":448,"date":"2024-12-10T06:59:17","date_gmt":"2024-12-10T06:59:17","guid":{"rendered":"https:\/\/fmp-components.com\/?page_id=8"},"modified":"2024-12-10T07:23:25","modified_gmt":"2024-12-10T07:23:25","slug":"crane-luffing-hydraulic-cylinder","status":"publish","type":"product","link":"https:\/\/fmp-components.com\/de\/product\/crane-luffing-hydraulic-cylinder\/","title":{"rendered":"Kran-Wipp-Hydraulikzylinder"},"content":{"rendered":"<p style=\"text-align: center;\"><span style=\"font-size: 18pt;\">Kran-Wipp-Hydraulikzylinder<\/span><\/p>\n<p>Der hydraulische Kranwippzylinder ist eine wichtige Komponente, die die Wippbewegung des Kranauslegers erleichtert und eine pr\u00e4zise Winkeleinstellung f\u00fcr optimale Lasthandhabung erm\u00f6glicht. Dieser Hydraulikzylinder ist f\u00fcr eine gleichm\u00e4\u00dfige und kontrollierte Bewegung ausgelegt, die f\u00fcr sichere und effiziente Hebevorg\u00e4nge entscheidend ist.<\/p>\n<p><img loading=\"lazy\" decoding=\"async\" class=\"size-full wp-image-449 aligncenter\" src=\"https:\/\/fmp-components.com\/wp-content\/uploads\/2024\/12\/Crane-Luffing-Hydraulic-Cylinder.webp\" alt=\"Kran-Wipp-Hydraulikzylinder\" width=\"500\" height=\"500\" title=\"\" srcset=\"https:\/\/fmp-components.com\/wp-content\/uploads\/2024\/12\/Crane-Luffing-Hydraulic-Cylinder.webp 500w, https:\/\/fmp-components.com\/wp-content\/uploads\/2024\/12\/Crane-Luffing-Hydraulic-Cylinder-480x480.webp 480w\" sizes=\"(min-width: 0px) and (max-width: 480px) 480px, (min-width: 481px) 500px, 100vw\" \/><\/p>\n<h4>Hauptmerkmale:<\/h4>\n<ul>\n<li>Robuste Konstruktion: Der Wipp-Hydraulikzylinder besteht aus hochfesten Materialien und ist so konstruiert, dass er den anspruchsvollen Bedingungen im Bau- und Industrieumfeld standh\u00e4lt und eine lange Haltbarkeit und Zuverl\u00e4ssigkeit gew\u00e4hrleistet.<\/li>\n<li>Reibungsloser Betrieb: Das fortschrittliche Hydrauliksystem erm\u00f6glicht fl\u00fcssige und reaktionsschnelle Bewegungen, sodass der Bediener den Winkel des Auslegers schnell und pr\u00e4zise einstellen und so die allgemeine Betriebseffizienz steigern kann.<\/li>\n<li>Verbesserte Sicherheit: Durch die pr\u00e4zise Steuerung der Wippbewegung des Auslegers tr\u00e4gt dieser Hydraulikzylinder zur Aufrechterhaltung der Stabilit\u00e4t bei Hebevorg\u00e4ngen bei, verringert das Unfallrisiko und gew\u00e4hrleistet die sichere Handhabung schwerer Lasten.<\/li>\n<li>Vielseitige Anwendung: Der Wipp-Hydraulikzylinder ist f\u00fcr eine Vielzahl von Kr\u00e4nen geeignet, darunter Turmdrehkr\u00e4ne und Mobilkr\u00e4ne. Er l\u00e4sst sich problemlos in vorhandene Kransysteme integrieren und stellt somit eine vielseitige L\u00f6sung f\u00fcr verschiedene Hebeanwendungen dar.<\/li>\n<li>Geringer Wartungsaufwand: Der auf Effizienz und Langlebigkeit ausgelegte Hydraulikzylinder erfordert nur minimale Wartung, was Ausfallzeiten reduziert und die Produktivit\u00e4t steigert.<\/li>\n<\/ul>\n<p>Der hydraulische Kranwippzylinder ist eine wichtige Komponente, die die Leistung und Sicherheit von Kr\u00e4nen verbessert, indem sie pr\u00e4zise Wippbewegungen erm\u00f6glicht und ihn f\u00fcr effektive Hebevorg\u00e4nge in verschiedenen Anwendungen unverzichtbar macht.<\/p>\n<h2>Abmessungen des Kran-Wipphydraulikzylinders:<\/h2>\n<table style=\"width: 100%; height: 257px;\">\n<tbody>\n<tr style=\"height: 257px;\">\n<td style=\"width: 50.6438%; height: 257px;\">\n<h2><img loading=\"lazy\" decoding=\"async\" class=\"wp-image-449 aligncenter\" src=\"https:\/\/fmp-components.com\/wp-content\/uploads\/2024\/12\/Crane-Luffing-Hydraulic-Cylinder.webp\" alt=\"Kran-Wipp-Hydraulikzylinder\" width=\"302\" height=\"302\" title=\"\"><\/h2>\n<\/td>\n<td style=\"width: 48.7124%; height: 257px;\">\n<h2><img loading=\"lazy\" decoding=\"async\" class=\"alignnone size-full wp-image-450\" src=\"https:\/\/fmp-components.com\/wp-content\/uploads\/2024\/12\/Crane-Luffing-Hydraulic-Cylinder-Dimensions-2.webp\" alt=\"Kran-Wipp-Hydraulikzylinder\" width=\"980\" height=\"495\" title=\"\" srcset=\"https:\/\/fmp-components.com\/wp-content\/uploads\/2024\/12\/Crane-Luffing-Hydraulic-Cylinder-Dimensions-2.webp 980w, https:\/\/fmp-components.com\/wp-content\/uploads\/2024\/12\/Crane-Luffing-Hydraulic-Cylinder-Dimensions-2-480x242.webp 480w\" sizes=\"(min-width: 0px) and (max-width: 480px) 480px, (min-width: 481px) 980px, 100vw\" \/><\/h2>\n<\/td>\n<\/tr>\n<\/tbody>\n<\/table>\n<table style=\"width: 100%; height: 137px;\" border=\"1\" cellspacing=\"0\" cellpadding=\"0\">\n<tbody>\n<tr style=\"height: 71px;\">\n<td style=\"height: 71px;\" width=\"246\">Zylindername<\/td>\n<td style=\"height: 71px;\" width=\"336\">Zeichnungsnummer<\/td>\n<td style=\"height: 71px;\" width=\"126\">Bohrungsdurchmesser (D)<\/td>\n<td style=\"height: 71px;\" width=\"123\">Stabdurchmesser (d)<\/td>\n<td style=\"height: 71px;\" width=\"114\">Schlaganfall (S)<\/td>\n<td style=\"height: 71px;\" width=\"170\">Installationsabstand (L)<\/td>\n<td style=\"height: 71px;\" width=\"172\">Arbeitsdruck<\/td>\n<td style=\"height: 71px;\" width=\"366\">Schnittstellenma\u00dfe (M)<\/td>\n<td style=\"height: 71px;\" width=\"96\">Gewicht<\/td>\n<\/tr>\n<tr style=\"height: 66px;\">\n<td class=\"et3\" style=\"height: 66px;\" width=\"246\" height=\"405\">Wipp-Hydraulikzylinder<\/td>\n<td class=\"et4\" style=\"height: 66px;\" width=\"336\">ZXSTC1000S.2.5-00<\/td>\n<td class=\"et4\" style=\"height: 66px;\" width=\"126\">\u03a6320<\/td>\n<td class=\"et4\" style=\"height: 66px;\" width=\"123\">\u03a6280<\/td>\n<td class=\"et4\" style=\"height: 66px;\" width=\"114\">4000<\/td>\n<td class=\"et4\" style=\"height: 66px;\" width=\"170\">4750<\/td>\n<td class=\"et4\" style=\"height: 66px;\" width=\"172\">32 MPa<\/td>\n<td class=\"et4\" style=\"height: 66px;\" width=\"366\">2-M27*2;4-G1\/4<\/td>\n<td class=\"et4\" style=\"height: 66px;\" width=\"96\">1522 kg<\/td>\n<\/tr>\n<\/tbody>\n<\/table>\n<h2>Parameter des Kran-Wipp-Hydraulikzylinders:<\/h2>\n<table border=\"1\" width=\"100%\" cellspacing=\"0\" cellpadding=\"0\">\n<tbody>\n<tr>\n<td width=\"70\">Artikel<\/td>\n<td width=\"70\">Beschreibung<\/td>\n<\/tr>\n<tr>\n<td width=\"70\">Produktname<\/td>\n<td width=\"70\">Ma\u00dfgefertigter Hydraulikzylinder<\/td>\n<\/tr>\n<tr>\n<td width=\"70\">Zertifikat:<\/td>\n<td width=\"70\">ISO9001, ISO4001, ISO 45003<\/td>\n<\/tr>\n<tr>\n<td width=\"70\">Produktionskapazit\u00e4t:<\/td>\n<td width=\"70\">1200.000 St\u00fcck pro Jahr<\/td>\n<\/tr>\n<tr>\n<td width=\"70\">Abtastzeit<\/td>\n<td width=\"70\">Basierend auf dem tats\u00e4chlichen Typ<\/td>\n<\/tr>\n<tr>\n<td width=\"70\">Marke<\/td>\n<td width=\"70\">FMP- oder Kundenlogo<\/td>\n<\/tr>\n<tr>\n<td width=\"70\">Service<\/td>\n<td width=\"70\">OEM und ODM<\/td>\n<\/tr>\n<tr>\n<td width=\"70\">Siegelmarke<\/td>\n<td width=\"70\">Parker,NOK, BUSAK SHAMBAN<\/td>\n<\/tr>\n<tr>\n<td width=\"70\">Lieferzeit<\/td>\n<td width=\"70\">Basierend auf der Bestellmenge.<\/td>\n<\/tr>\n<tr>\n<td width=\"70\">Unternehmenst\u00e4tigkeit<\/td>\n<td width=\"70\">Hersteller &amp; Exporteur<\/td>\n<\/tr>\n<\/tbody>\n<\/table>\n<h2>Hydraulikzylinder. Verf\u00fcgbare Marken und Modelle:<\/h2>\n<table border=\"1\" cellspacing=\"0\" cellpadding=\"0\">\n<tbody>\n<tr>\n<td><span data-spm-anchor-id=\"a2700.details.0.i43.45d84a73e99C9z\">KOMATSU (PC)<\/span><\/td>\n<td>PC30,PC40,PC50,PC56,PC60,PC78,PC100,PC110,PC120,PC130,PC160,PC200-3\/5\/6\/7\/8\/8MO,PC210,PC220-5\/6\/7\/8\/8MO,PC240,PC300\/350\/360-5\/6\/7\/8\/8MO,PC400\/450-5\/6\/7\/8\/8MO,PC800,PC850<\/td>\n<\/tr>\n<tr>\n<td>RAUPE (E)<\/td>\n<td>E301.5,E302,E305.5,E306,E307V1\/V2\/B\/C\/D\/E\/F,E308B\/C,E120B,E312V1\/V2\/B\/C\/D,E313D2,E312D2,E315D,<br \/>\nE200B, E320V1\/V2\/A\/B\/C\/D, E324D, E325C\/D, E329D, E330\/336C\/D, E345C, E349D, E365C, E374, E390<\/td>\n<\/tr>\n<tr>\n<td>KOBELCO (SK)<\/td>\n<td>SK60-3\/5\/8, SK75-8\/SR, SK100, SK120-3\/5, SK135-8\/SR, SK140-8, SK200-3\/5\/6\/6E, SK210-3\/5\/6\/6E,<br \/>\nSK230\/250-6E,SK250-8,SK260-8,SK350-8\/S8,SK460\/480-8<\/td>\n<\/tr>\n<tr>\n<td>HYUNDAI (R)<\/td>\n<td>R55-5\/7, R60-5\/7, R80, R110,R130, R200-5, R210-5, R215-5\/7,R220-5\/7\/9, R225-5\/7\/9, R250,R260,R265,R290,R305,R445,R485, R505<\/td>\n<\/tr>\n<tr>\n<td><span data-spm-anchor-id=\"a2700.details.0.i53.45d84a73e99C9z\">HITACHI (EX.ZX)<\/span><\/td>\n<td>EX60,EX100-1\/2\/3,EX120-1\/3\/5\/6,EX200-1\/3\/5,EX230-5,EX300-1,EX400<br \/>\nZAX60, ZAX70, ZA120-6, ZAX200\/210-1\/3\/5\/5K, ZAX240, ZAX250, ZAX260, ZAX330-3\/5\/6, ZAX450\/470, ZAX650\/670, ZAX850\/870<\/td>\n<\/tr>\n<tr>\n<td>\n<div class=\"magic-32\"><span data-spm-anchor-id=\"a2700.details.0.i55.45d84a73e99C9z\">DOOSAN (DH\/DX)<\/span><\/div>\n<\/td>\n<td>\n<div class=\"magic-33\"><span class=\"magic-34\">DH55, DH60, DH80, DH150, DH215-5\/7, DH220-5, DH225-5\/7, DH258, DH300-5\/7, DH370, DH420, DH500<br \/>\nDX55, DX60, DX75, DX130, DX225-9, DX300, DX380, DX420, DX500<\/span><\/div>\n<\/td>\n<\/tr>\n<tr>\n<td>\n<div class=\"magic-32\">VOLVO (EG)<\/div>\n<\/td>\n<td>\n<div class=\"magic-33\"><span class=\"magic-34\">EC55, EC60, EC75, EC80, EC140, EC210B\/D, EC220D, EC240, EC250, EC290, EC300, EC360 EC380, EC460, EC480, EC700, EC750, EC950<\/span><\/div>\n<\/td>\n<\/tr>\n<tr>\n<td>\n<div class=\"magic-32\">KATO (HD)<\/div>\n<\/td>\n<td>\n<div class=\"magic-33\"><span class=\"magic-34\">HD307\/308,HD450,HD512,HD700-5\/7,HD820-1\/2\/3\/5\/R,HD1023-1\/3,HD1430-1\/3<\/span><\/div>\n<\/td>\n<\/tr>\n<tr>\n<td>\n<div class=\"magic-32\">ANDERE MARKE<\/div>\n<\/td>\n<td>\n<div class=\"magic-33\"><span class=\"magic-34\">XCMG,LIUGONG,KUBOTA,CASE,YANMAR,SUNWARD,ZOOMLION,LISHIDE,LIEHERR<\/span><\/div>\n<\/td>\n<\/tr>\n<\/tbody>\n<\/table>\n<h3>Vorteile des Kran-Wipp-Hydraulikzylinders<\/h3>\n<h4>1. Pr\u00e4zise Steuerung<\/h4>\n<p>Der hydraulische Wippzylinder erm\u00f6glicht dem Bediener eine pr\u00e4zise Kontrolle \u00fcber den Auslegerwinkel und erm\u00f6glicht so eine pr\u00e4zise Positionierung der Last. Diese Pr\u00e4zision ist entscheidend f\u00fcr sichere und effiziente Hebevorg\u00e4nge, insbesondere in engen oder komplexen Arbeitsumgebungen.<\/p>\n<h4>2. Verbesserte Sicherheit<\/h4>\n<p>Dieser Hydraulikzylinder erm\u00f6glicht sanfte und kontrollierte Wippbewegungen und tr\u00e4gt so zur Stabilit\u00e4t des Krans w\u00e4hrend des Betriebs bei. Dies reduziert das Unfallrisiko und gew\u00e4hrleistet die Sicherheit sowohl des Kranf\u00fchrers als auch des Personals in der N\u00e4he.<\/p>\n<h4>3. Robuste Haltbarkeit<\/h4>\n<p>Der Wipp-Hydraulikzylinder besteht aus hochfesten Materialien und ist f\u00fcr die anspruchsvollen Bedingungen im Bau- und Industriebereich ausgelegt. Seine Langlebigkeit gew\u00e4hrleistet eine dauerhafte Leistung und minimiert den Bedarf an h\u00e4ufigen Austauschvorg\u00e4ngen.<\/p>\n<h4>4. Verbesserte Betriebseffizienz<\/h4>\n<p>Das fortschrittliche Hydrauliksystem erm\u00f6glicht schnelle und reaktionsschnelle Anpassungen des Auslegerwinkels und steigert so die Gesamtbetriebseffizienz. Dies erm\u00f6glicht k\u00fcrzere Zykluszeiten und eine h\u00f6here Produktivit\u00e4t bei Hebevorg\u00e4ngen.<\/p>\n<h4>5. Vielseitigkeit<\/h4>\n<p>Der Wipphydraulikzylinder ist f\u00fcr eine Vielzahl von Krantypen geeignet, darunter Turmdrehkrane und Mobilkrane, und l\u00e4sst sich problemlos in verschiedene Systeme integrieren. Diese Vielseitigkeit macht ihn zu einer unverzichtbaren Komponente f\u00fcr diverse Hebeanwendungen.<\/p>\n<h4>6. Geringer Wartungsaufwand<\/h4>\n<p>Die Konstruktion des Hydraulikzylinders minimiert den Verschlei\u00df und f\u00fchrt zu einem geringeren Wartungsbedarf. Dies f\u00fchrt zu geringeren Ausfallzeiten und Betriebskosten und tr\u00e4gt zu einem effizienteren Projektmanagement bei.<\/p>\n<h4>7. Energieeffizienz<\/h4>\n<p>Das Hydrauliksystem ist auf optimierten Energieverbrauch ausgelegt und reduziert Leistungsverluste w\u00e4hrend des Betriebs. Diese Energieeffizienz f\u00fchrt zu niedrigeren Betriebskosten und unterst\u00fctzt umweltfreundliche Praktiken im Bau- und Industriebetrieb.<\/p>\n<p>Der hydraulische Kranwippzylinder bietet zahlreiche Vorteile, darunter pr\u00e4zise Steuerung, erh\u00f6hte Sicherheit und verbesserte Effizienz, was ihn zu einer unverzichtbaren Komponente f\u00fcr einen effektiven und zuverl\u00e4ssigen Kranbetrieb in verschiedenen Anwendungen macht.<\/p>\n<p><img loading=\"lazy\" decoding=\"async\" class=\"alignnone size-full wp-image-447\" src=\"https:\/\/fmp-components.com\/wp-content\/uploads\/2024\/12\/Crane.webp\" alt=\"Kran\" width=\"1234\" height=\"822\" title=\"\" srcset=\"https:\/\/fmp-components.com\/wp-content\/uploads\/2024\/12\/Crane.webp 1234w, https:\/\/fmp-components.com\/wp-content\/uploads\/2024\/12\/Crane-980x653.webp 980w, https:\/\/fmp-components.com\/wp-content\/uploads\/2024\/12\/Crane-480x320.webp 480w\" sizes=\"(min-width: 0px) and (max-width: 480px) 480px, (min-width: 481px) and (max-width: 980px) 980px, (min-width: 981px) 1234px, 100vw\" \/><\/p>\n<h2>\u00dcber FMP<\/h2>\n<p>FMP ist ein spezialisierter Maschinenbauer, der sich auf die Produktion von Hydraulikzylindern spezialisiert hat. Seit seiner Gr\u00fcndung konzentriert sich das Unternehmen auf die Forschung und Fertigung von Hydrauliktechnologie und hat sich erfolgreich von einer vielf\u00e4ltigen Produktpalette, die Ernte- und Baumaschinen umfasste, auf die Spezialisierung auf landwirtschaftliche Traktorkomponenten spezialisiert. Mit \u00fcber einem Jahrzehnt Erfahrung in Fertigung und Management gew\u00e4hrleistet FMP durch fortschrittliche Produktionstechniken qualitativ hochwertige Produkte.<\/p>\n<p>Im Laufe der Entwicklung des Unternehmens wurden umfassende Fertigungslinien f\u00fcr die maschinelle Bearbeitung, Montagelinien und Beschichtungslinien entwickelt. Unser Team besteht aus qualifizierten F\u00fchrungskr\u00e4ften, erfahrenen Maschinenbauern und hochqualifizierten Technikern, die gemeinsam f\u00fcr eine stabile Produktionsqualit\u00e4t sorgen und gleichzeitig die Prozesskontinuit\u00e4t und -effizienz effektiv steuern.<\/p>\n<p>FMP vertritt die Philosophie \u201eTechnologische Innovation treibt Fortschritt voran, Qualit\u00e4t schafft Marken, Handwerkskunst sichert Qualit\u00e4t und baut langfristige Win-Win-Beziehungen auf.\u201c Unser Engagement f\u00fcr die Bereitstellung hochwertiger Produkte und eines hervorragenden Kundendienstes bleibt ein zentrales Ziel, w\u00e4hrend wir weiterhin den sich entwickelnden Anforderungen des Marktes gerecht werden.<\/p>\n<p><img loading=\"lazy\" decoding=\"async\" class=\"alignnone size-full wp-image-426\" src=\"https:\/\/fmp-components.com\/wp-content\/uploads\/2024\/12\/Sanitation-Machinery-Locking-Hydraulic-Cylinder-factory.webp\" sizes=\"(min-width: 0px) and (max-width: 480px) 480px, (min-width: 481px) and (max-width: 980px) 980px, (min-width: 981px) and (max-width: 1280px) 1280px, (min-width: 1281px) 1414px, 100vw\" srcset=\"https:\/\/fmp-components.com\/wp-content\/uploads\/2024\/12\/Sanitation-Machinery-Locking-Hydraulic-Cylinder-factory.webp 1414w, https:\/\/fmp-components.com\/wp-content\/uploads\/2024\/12\/Sanitation-Machinery-Locking-Hydraulic-Cylinder-factory-1280x529.webp 1280w, https:\/\/fmp-components.com\/wp-content\/uploads\/2024\/12\/Sanitation-Machinery-Locking-Hydraulic-Cylinder-factory-980x405.webp 980w, https:\/\/fmp-components.com\/wp-content\/uploads\/2024\/12\/Sanitation-Machinery-Locking-Hydraulic-Cylinder-factory-480x198.webp 480w\" alt=\"Sanit\u00e4r-Maschinen-Verriegelung-Hydraulik-Zylinder-Fabrik\" width=\"1414\" height=\"584\" title=\"\"><\/p>\n<p>Autor: CX<\/p>","protected":false},"excerpt":{"rendered":"<p>Der hydraulische Kranwippzylinder ist eine wichtige Komponente, die die Wippbewegung des Kranauslegers erm\u00f6glicht und dessen Winkel f\u00fcr eine pr\u00e4zise Positionierung bei Hebevorg\u00e4ngen anhebt oder absenkt. Dieser auf Langlebigkeit und Effizienz ausgelegte Hydraulikzylinder erm\u00f6glicht sanfte und kontrollierte Bewegungen und gew\u00e4hrleistet so die sichere und effektive Handhabung schwerer Lasten. Er besteht aus hochfesten Materialien und ist f\u00fcr die anspruchsvollen Bedingungen im Bau- und Industrieumfeld ausgelegt. Das effiziente Hydrauliksystem erm\u00f6glicht schnelle Anpassungen des Auslegerwinkels und erh\u00f6ht so die Vielseitigkeit und Betriebsflexibilit\u00e4t des Krans. Dieser wichtige Zylinder spielt eine entscheidende Rolle bei der Optimierung der Kranleistung und ist daher f\u00fcr verschiedene Hebeanwendungen unverzichtbar.<\/p>","protected":false},"featured_media":449,"comment_status":"open","ping_status":"closed","template":"","meta":{"_et_pb_use_builder":"","_et_pb_old_content":"","_et_gb_content_width":""},"product_brand":[],"product_cat":[24],"product_tag":[],"class_list":{"0":"post-448","1":"product","2":"type-product","3":"status-publish","4":"has-post-thumbnail","6":"product_cat-construction-machinery-hydraulic-cylinders","8":"first","9":"instock","10":"shipping-taxable","11":"product-type-simple"},"_links":{"self":[{"href":"https:\/\/fmp-components.com\/de\/wp-json\/wp\/v2\/product\/448","targetHints":{"allow":["GET"]}}],"collection":[{"href":"https:\/\/fmp-components.com\/de\/wp-json\/wp\/v2\/product"}],"about":[{"href":"https:\/\/fmp-components.com\/de\/wp-json\/wp\/v2\/types\/product"}],"replies":[{"embeddable":true,"href":"https:\/\/fmp-components.com\/de\/wp-json\/wp\/v2\/comments?post=448"}],"wp:featuredmedia":[{"embeddable":true,"href":"https:\/\/fmp-components.com\/de\/wp-json\/wp\/v2\/media\/449"}],"wp:attachment":[{"href":"https:\/\/fmp-components.com\/de\/wp-json\/wp\/v2\/media?parent=448"}],"wp:term":[{"taxonomy":"product_brand","embeddable":true,"href":"https:\/\/fmp-components.com\/de\/wp-json\/wp\/v2\/product_brand?post=448"},{"taxonomy":"product_cat","embeddable":true,"href":"https:\/\/fmp-components.com\/de\/wp-json\/wp\/v2\/product_cat?post=448"},{"taxonomy":"product_tag","embeddable":true,"href":"https:\/\/fmp-components.com\/de\/wp-json\/wp\/v2\/product_tag?post=448"}],"curies":[{"name":"wp","href":"https:\/\/api.w.org\/{rel}","templated":true}]}}