{"id":444,"date":"2024-12-10T06:46:45","date_gmt":"2024-12-10T06:46:45","guid":{"rendered":"https:\/\/fmp-components.com\/?page_id=8"},"modified":"2024-12-10T07:23:36","modified_gmt":"2024-12-10T07:23:36","slug":"crane-counterweight-hydraulic-cylinder","status":"publish","type":"product","link":"https:\/\/fmp-components.com\/de\/product\/crane-counterweight-hydraulic-cylinder\/","title":{"rendered":"Hydraulikzylinder f\u00fcr Krangegengewicht"},"content":{"rendered":"<p style=\"text-align: center;\"><span style=\"font-size: 18pt;\">Hydraulikzylinder f\u00fcr Krangegengewicht<\/span><\/p>\n<p>Der Hydraulikzylinder f\u00fcr das Krangegengewicht ist eine wichtige Komponente, die f\u00fcr einen pr\u00e4zisen Gegengewichtsausgleich bei Hebevorg\u00e4ngen sorgt. Dieser Hydraulikzylinder spielt eine entscheidende Rolle bei der Einstellung der Gegengewichtsposition und gew\u00e4hrleistet optimale Stabilit\u00e4t und Sicherheit beim Umgang mit schweren Lasten.<\/p>\n<h4>Hauptmerkmale:<\/h4>\n<ul>\n<li>Robuste Konstruktion: Der aus hochfesten Materialien gefertigte Gegengewichts-Hydraulikzylinder ist so konstruiert, dass er den anspruchsvollen Bedingungen im Baugewerbe und bei der Hebearbeit schwerer Lasten standh\u00e4lt und so eine lange Haltbarkeit und Zuverl\u00e4ssigkeit gew\u00e4hrleistet.<\/li>\n<li>Reibungsloser Hydraulikbetrieb: Das fortschrittliche Hydrauliksystem erm\u00f6glicht sanfte und kontrollierte Bewegungen, erm\u00f6glicht eine pr\u00e4zise Einstellung der Gegengewichte und verbessert die Gesamtleistung des Krans.<\/li>\n<li>Verbesserte Stabilit\u00e4t: Durch pr\u00e4zises Gegengewicht tr\u00e4gt dieser Hydraulikzylinder dazu bei, die Stabilit\u00e4t des Krans w\u00e4hrend des Betriebs aufrechtzuerhalten und verringert so das Risiko des Umkippens oder von Unf\u00e4llen beim Heben schwerer Lasten.<\/li>\n<li>Vielseitige Anwendung: Dieser Hydraulikzylinder ist f\u00fcr eine Vielzahl von Krantypen geeignet, darunter Mobilkr\u00e4ne und Turmdrehkr\u00e4ne. Er l\u00e4sst sich problemlos in vorhandene Kransysteme integrieren und stellt somit eine vielseitige L\u00f6sung f\u00fcr Hebevorg\u00e4nge dar.<\/li>\n<li>Geringer Wartungsaufwand: Der auf Effizienz und Langlebigkeit ausgelegte Gegengewichts-Hydraulikzylinder erfordert nur minimale Wartung, was zu geringeren Ausfallzeiten und h\u00f6herer Produktivit\u00e4t f\u00fchrt.<\/li>\n<\/ul>\n<p>Zusammenfassend l\u00e4sst sich sagen, dass der Hydraulikzylinder f\u00fcr das Gegengewicht eines Krans eine wichtige Komponente ist, die die Funktionalit\u00e4t und Sicherheit des Krans verbessert und effektive Hebevorg\u00e4nge bei gleichzeitiger Wahrung von Stabilit\u00e4t und Kontrolle gew\u00e4hrleistet.<\/p>\n<h2>Abmessungen des Hydraulikzylinders f\u00fcr das Krangegengewicht:<\/h2>\n<table style=\"width: 100%;\">\n<tbody>\n<tr>\n<td style=\"width: 46.1373%;\"><img loading=\"lazy\" decoding=\"async\" class=\"alignnone size-full wp-image-445\" src=\"https:\/\/fmp-components.com\/wp-content\/uploads\/2024\/12\/Crane-Counterweight-Hydraulic-Cylinder.webp\" alt=\"Hydraulikzylinder f\u00fcr Krangegengewicht\" width=\"500\" height=\"500\" title=\"\" srcset=\"https:\/\/fmp-components.com\/wp-content\/uploads\/2024\/12\/Crane-Counterweight-Hydraulic-Cylinder.webp 500w, https:\/\/fmp-components.com\/wp-content\/uploads\/2024\/12\/Crane-Counterweight-Hydraulic-Cylinder-480x480.webp 480w\" sizes=\"(min-width: 0px) and (max-width: 480px) 480px, (min-width: 481px) 500px, 100vw\" \/><\/td>\n<td style=\"width: 53.2189%;\"><img loading=\"lazy\" decoding=\"async\" class=\"alignnone size-full wp-image-446\" src=\"https:\/\/fmp-components.com\/wp-content\/uploads\/2024\/12\/YWMPMnZi-Crane-Counterweight-Hydraulic-Cylinder-Dimensions-2.webp\" alt=\"Hydraulikzylinder f\u00fcr Krangegengewicht\" width=\"1024\" height=\"698\" title=\"\" srcset=\"https:\/\/fmp-components.com\/wp-content\/uploads\/2024\/12\/YWMPMnZi-Crane-Counterweight-Hydraulic-Cylinder-Dimensions-2.webp 1024w, https:\/\/fmp-components.com\/wp-content\/uploads\/2024\/12\/YWMPMnZi-Crane-Counterweight-Hydraulic-Cylinder-Dimensions-2-980x668.webp 980w, https:\/\/fmp-components.com\/wp-content\/uploads\/2024\/12\/YWMPMnZi-Crane-Counterweight-Hydraulic-Cylinder-Dimensions-2-480x327.webp 480w\" sizes=\"(min-width: 0px) and (max-width: 480px) 480px, (min-width: 481px) and (max-width: 980px) 980px, (min-width: 981px) 1024px, 100vw\" \/><\/td>\n<\/tr>\n<\/tbody>\n<\/table>\n<table style=\"width: 100%; height: 134px;\" border=\"1\" cellspacing=\"0\" cellpadding=\"0\">\n<tbody>\n<tr style=\"height: 71px;\">\n<td style=\"height: 71px;\" width=\"246\">Zylindername<\/td>\n<td style=\"height: 71px;\" width=\"336\">Zeichnungsnummer<\/td>\n<td style=\"height: 71px;\" width=\"126\">Bohrungsdurchmesser (D)<\/td>\n<td style=\"height: 71px;\" width=\"123\">Stabdurchmesser (d)<\/td>\n<td style=\"height: 71px;\" width=\"114\">Schlaganfall (S)<\/td>\n<td style=\"height: 71px;\" width=\"170\">Installationsabstand (L)<\/td>\n<td style=\"height: 71px;\" width=\"172\">Arbeitsdruck<\/td>\n<td style=\"height: 71px;\" width=\"366\">Schnittstellenma\u00dfe (M)<\/td>\n<td style=\"height: 71px;\" width=\"96\">Gewicht<\/td>\n<\/tr>\n<tr style=\"height: 63px;\">\n<td class=\"et3\" style=\"height: 63px;\" width=\"246\" height=\"356\">Gegengewichts-Hydraulikzylinder<\/td>\n<td class=\"et4\" style=\"height: 63px;\" width=\"336\">QAY220.12\/13A-00<\/td>\n<td class=\"et4\" style=\"height: 63px;\" width=\"126\">\u03a6200<\/td>\n<td class=\"et4\" style=\"height: 63px;\" width=\"123\">\u03a6100<\/td>\n<td class=\"et4\" style=\"height: 63px;\" width=\"114\">180<\/td>\n<td class=\"et4\" style=\"height: 63px;\" width=\"170\">530<\/td>\n<td class=\"et4\" style=\"height: 63px;\" width=\"172\">25 MPa; 40 MPa<\/td>\n<td class=\"et4\" style=\"height: 63px;\" width=\"366\">3-G1\/4;M20*1,5;2-M14*1,5<\/td>\n<td class=\"et4\" style=\"height: 63px;\" width=\"96\">124 kg<\/td>\n<\/tr>\n<\/tbody>\n<\/table>\n<h2>Parameter des Hydraulikzylinders f\u00fcr das Krangegengewicht:<\/h2>\n<table border=\"1\" width=\"100%\" cellspacing=\"0\" cellpadding=\"0\">\n<tbody>\n<tr>\n<td width=\"70\">Artikel<\/td>\n<td width=\"70\">Beschreibung<\/td>\n<\/tr>\n<tr>\n<td width=\"70\">Produktname<\/td>\n<td width=\"70\">Ma\u00dfgefertigter Hydraulikzylinder<\/td>\n<\/tr>\n<tr>\n<td width=\"70\">Zertifikat:<\/td>\n<td width=\"70\">ISO9001, ISO4001, ISO 45003<\/td>\n<\/tr>\n<tr>\n<td width=\"70\">Produktionskapazit\u00e4t:<\/td>\n<td width=\"70\">1200.000 St\u00fcck pro Jahr<\/td>\n<\/tr>\n<tr>\n<td width=\"70\">Abtastzeit<\/td>\n<td width=\"70\">Basierend auf dem tats\u00e4chlichen Typ<\/td>\n<\/tr>\n<tr>\n<td width=\"70\">Marke<\/td>\n<td width=\"70\">FMP- oder Kundenlogo<\/td>\n<\/tr>\n<tr>\n<td width=\"70\">Service<\/td>\n<td width=\"70\">OEM und ODM<\/td>\n<\/tr>\n<tr>\n<td width=\"70\">Siegelmarke<\/td>\n<td width=\"70\">Parker,NOK, BUSAK SHAMBAN<\/td>\n<\/tr>\n<tr>\n<td width=\"70\">Lieferzeit<\/td>\n<td width=\"70\">Basierend auf der Bestellmenge.<\/td>\n<\/tr>\n<tr>\n<td width=\"70\">Unternehmenst\u00e4tigkeit<\/td>\n<td width=\"70\">Hersteller &amp; Exporteur<\/td>\n<\/tr>\n<\/tbody>\n<\/table>\n<h2>Hydraulikzylinder. Verf\u00fcgbare Marken und Modelle:<\/h2>\n<table border=\"1\" cellspacing=\"0\" cellpadding=\"0\">\n<tbody>\n<tr>\n<td><span data-spm-anchor-id=\"a2700.details.0.i43.45d84a73e99C9z\">KOMATSU (PC)<\/span><\/td>\n<td>PC30,PC40,PC50,PC56,PC60,PC78,PC100,PC110,PC120,PC130,PC160,PC200-3\/5\/6\/7\/8\/8MO,PC210,PC220-5\/6\/7\/8\/8MO,PC240,PC300\/350\/360-5\/6\/7\/8\/8MO,PC400\/450-5\/6\/7\/8\/8MO,PC800,PC850<\/td>\n<\/tr>\n<tr>\n<td>RAUPE (E)<\/td>\n<td>E301.5,E302,E305.5,E306,E307V1\/V2\/B\/C\/D\/E\/F,E308B\/C,E120B,E312V1\/V2\/B\/C\/D,E313D2,E312D2,E315D,<br \/>\nE200B, E320V1\/V2\/A\/B\/C\/D, E324D, E325C\/D, E329D, E330\/336C\/D, E345C, E349D, E365C, E374, E390<\/td>\n<\/tr>\n<tr>\n<td>KOBELCO (SK)<\/td>\n<td>SK60-3\/5\/8, SK75-8\/SR, SK100, SK120-3\/5, SK135-8\/SR, SK140-8, SK200-3\/5\/6\/6E, SK210-3\/5\/6\/6E,<br \/>\nSK230\/250-6E,SK250-8,SK260-8,SK350-8\/S8,SK460\/480-8<\/td>\n<\/tr>\n<tr>\n<td>HYUNDAI (R)<\/td>\n<td>R55-5\/7, R60-5\/7, R80, R110,R130, R200-5, R210-5, R215-5\/7,R220-5\/7\/9, R225-5\/7\/9, R250,R260,R265,R290,R305,R445,R485, R505<\/td>\n<\/tr>\n<tr>\n<td><span data-spm-anchor-id=\"a2700.details.0.i53.45d84a73e99C9z\">HITACHI (EX.ZX)<\/span><\/td>\n<td>EX60,EX100-1\/2\/3,EX120-1\/3\/5\/6,EX200-1\/3\/5,EX230-5,EX300-1,EX400<br \/>\nZAX60, ZAX70, ZA120-6, ZAX200\/210-1\/3\/5\/5K, ZAX240, ZAX250, ZAX260, ZAX330-3\/5\/6, ZAX450\/470, ZAX650\/670, ZAX850\/870<\/td>\n<\/tr>\n<tr>\n<td>\n<div class=\"magic-32\"><span data-spm-anchor-id=\"a2700.details.0.i55.45d84a73e99C9z\">DOOSAN (DH\/DX)<\/span><\/div>\n<\/td>\n<td>\n<div class=\"magic-33\"><span class=\"magic-34\">DH55, DH60, DH80, DH150, DH215-5\/7, DH220-5, DH225-5\/7, DH258, DH300-5\/7, DH370, DH420, DH500<br \/>\nDX55, DX60, DX75, DX130, DX225-9, DX300, DX380, DX420, DX500<\/span><\/div>\n<\/td>\n<\/tr>\n<tr>\n<td>\n<div class=\"magic-32\">VOLVO (EG)<\/div>\n<\/td>\n<td>\n<div class=\"magic-33\"><span class=\"magic-34\">EC55, EC60, EC75, EC80, EC140, EC210B\/D, EC220D, EC240, EC250, EC290, EC300, EC360 EC380, EC460, EC480, EC700, EC750, EC950<\/span><\/div>\n<\/td>\n<\/tr>\n<tr>\n<td>\n<div class=\"magic-32\">KATO (HD)<\/div>\n<\/td>\n<td>\n<div class=\"magic-33\"><span class=\"magic-34\">HD307\/308,HD450,HD512,HD700-5\/7,HD820-1\/2\/3\/5\/R,HD1023-1\/3,HD1430-1\/3<\/span><\/div>\n<\/td>\n<\/tr>\n<tr>\n<td>\n<div class=\"magic-32\">ANDERE MARKE<\/div>\n<\/td>\n<td>\n<div class=\"magic-33\"><span class=\"magic-34\">XCMG,LIUGONG,KUBOTA,CASE,YANMAR,SUNWARD,ZOOMLION,LISHIDE,LIEHERR<\/span><\/div>\n<\/td>\n<\/tr>\n<\/tbody>\n<\/table>\n<h2>Funktionsweise des Hydraulikzylinders f\u00fcr Krangegengewichte<\/h2>\n<p>Der Hydraulikzylinder f\u00fcr Krangegengewichte arbeitet nach hydraulischen Prinzipien und nutzt Fl\u00fcssigkeitsdruck, um die Position von Gegengewichten in Kr\u00e4nen einzustellen und zu steuern. Hier ist eine \u00dcbersicht \u00fcber seine Funktionsweise:<\/p>\n<h3>1. Hydraulische Fluiddynamik<\/h3>\n<p>Der Zylinder enth\u00e4lt Hydraulikfl\u00fcssigkeit, \u00fcblicherweise \u00d6l, die in den Zylinder gepumpt wird, um Druck zu erzeugen. Diese Fl\u00fcssigkeit dient als Medium f\u00fcr die Kraft\u00fcbertragung innerhalb des Hydrauliksystems.<\/p>\n<h3>2. Kolbenbewegung<\/h3>\n<p>Im Hydraulikzylinder bewegt sich ein Kolben, der durch den Druck der Hydraulikfl\u00fcssigkeit beeinflusst wird. Wenn der Bediener das Hydrauliksystem aktiviert, wird Fl\u00fcssigkeit in eine Seite des Zylinders geleitet, wodurch der Kolben gedr\u00fcckt wird und sich aus- oder einf\u00e4hrt.<\/p>\n<h3>3. Gegengewichtseinstellung<\/h3>\n<p>Durch die Bewegung des Kolbens wird die Position der am Kran befestigten Gegengewichte angepasst. Durch das Ausfahren des Kolbens werden die Gegengewichte nach au\u00dfen bewegt, was die Stabilit\u00e4t des Krans beim Heben schwerer Lasten erh\u00f6ht. Umgekehrt werden durch das Einfahren des Kolbens die Gegengewichte n\u00e4her an den Kran gebracht, was zum Man\u00f6vrieren oder Transportieren des Krans erforderlich ist.<\/p>\n<h3>4. Druckregulierung<\/h3>\n<p>Das Hydrauliksystem ist mit Druckregelventilen ausgestattet, die Durchfluss und Druck der Hydraulikfl\u00fcssigkeit steuern. Dadurch wird eine sanfte und kontrollierte Einstellung der Gegengewichte gew\u00e4hrleistet und pl\u00f6tzliche Bewegungen, die den Kran destabilisieren k\u00f6nnten, werden vermieden.<\/p>\n<h3>5. Sicherheitsmechanismen<\/h3>\n<p>Viele Gegengewichts-Hydraulikzylinder verf\u00fcgen \u00fcber Sicherheitsfunktionen wie \u00dcberlastschutz und Druckbegrenzungsventile. Diese Mechanismen verhindern einen \u00fcberm\u00e4\u00dfigen Druckaufbau und gew\u00e4hrleisten einen sicheren Betrieb. Dies erh\u00f6ht die Stabilit\u00e4t und Sicherheit des Krans bei Hebevorg\u00e4ngen zus\u00e4tzlich.<\/p>\n<p>Der Hydraulikzylinder f\u00fcr das Krangegengewicht ist unerl\u00e4sslich, um das Gleichgewicht und die Stabilit\u00e4t von Kr\u00e4nen beim Heben schwerer Lasten aufrechtzuerhalten. Durch die Nutzung hydraulischer Fluiddynamik und pr\u00e4ziser Kolbenbewegungen erm\u00f6glicht er die effektive Einstellung von Gegengewichten und gew\u00e4hrleistet so einen sicheren und effizienten Kranbetrieb in verschiedenen Anwendungen.<\/p>\n<p><img loading=\"lazy\" decoding=\"async\" class=\"alignnone size-full wp-image-447\" src=\"https:\/\/fmp-components.com\/wp-content\/uploads\/2024\/12\/Crane.webp\" alt=\"Kran\" width=\"1234\" height=\"822\" title=\"\" srcset=\"https:\/\/fmp-components.com\/wp-content\/uploads\/2024\/12\/Crane.webp 1234w, https:\/\/fmp-components.com\/wp-content\/uploads\/2024\/12\/Crane-980x653.webp 980w, https:\/\/fmp-components.com\/wp-content\/uploads\/2024\/12\/Crane-480x320.webp 480w\" sizes=\"(min-width: 0px) and (max-width: 480px) 480px, (min-width: 481px) and (max-width: 980px) 980px, (min-width: 981px) 1234px, 100vw\" \/><\/p>\n<h2>\u00dcber FMP<\/h2>\n<p>FMP ist ein spezialisierter Maschinenbauer, der sich auf die Produktion von Hydraulikzylindern spezialisiert hat. Seit seiner Gr\u00fcndung konzentriert sich das Unternehmen auf die Forschung und Fertigung von Hydrauliktechnologie und hat sich erfolgreich von einer vielf\u00e4ltigen Produktpalette, die Ernte- und Baumaschinen umfasste, auf die Spezialisierung auf landwirtschaftliche Traktorkomponenten spezialisiert. Mit \u00fcber einem Jahrzehnt Erfahrung in Fertigung und Management gew\u00e4hrleistet FMP durch fortschrittliche Produktionstechniken qualitativ hochwertige Produkte.<\/p>\n<p>Im Laufe der Entwicklung des Unternehmens wurden umfassende Fertigungslinien f\u00fcr die maschinelle Bearbeitung, Montagelinien und Beschichtungslinien entwickelt. Unser Team besteht aus qualifizierten F\u00fchrungskr\u00e4ften, erfahrenen Maschinenbauern und hochqualifizierten Technikern, die gemeinsam f\u00fcr eine stabile Produktionsqualit\u00e4t sorgen und gleichzeitig die Prozesskontinuit\u00e4t und -effizienz effektiv steuern.<\/p>\n<p>FMP vertritt die Philosophie \u201eTechnologische Innovation treibt Fortschritt voran, Qualit\u00e4t schafft Marken, Handwerkskunst sichert Qualit\u00e4t und baut langfristige Win-Win-Beziehungen auf.\u201c Unser Engagement f\u00fcr die Bereitstellung hochwertiger Produkte und eines hervorragenden Kundendienstes bleibt ein zentrales Ziel, w\u00e4hrend wir weiterhin den sich entwickelnden Anforderungen des Marktes gerecht werden.<\/p>\n<p><img loading=\"lazy\" decoding=\"async\" class=\"alignnone size-full wp-image-426\" src=\"https:\/\/fmp-components.com\/wp-content\/uploads\/2024\/12\/Sanitation-Machinery-Locking-Hydraulic-Cylinder-factory.webp\" sizes=\"(min-width: 0px) and (max-width: 480px) 480px, (min-width: 481px) and (max-width: 980px) 980px, (min-width: 981px) and (max-width: 1280px) 1280px, (min-width: 1281px) 1414px, 100vw\" srcset=\"https:\/\/fmp-components.com\/wp-content\/uploads\/2024\/12\/Sanitation-Machinery-Locking-Hydraulic-Cylinder-factory.webp 1414w, https:\/\/fmp-components.com\/wp-content\/uploads\/2024\/12\/Sanitation-Machinery-Locking-Hydraulic-Cylinder-factory-1280x529.webp 1280w, https:\/\/fmp-components.com\/wp-content\/uploads\/2024\/12\/Sanitation-Machinery-Locking-Hydraulic-Cylinder-factory-980x405.webp 980w, https:\/\/fmp-components.com\/wp-content\/uploads\/2024\/12\/Sanitation-Machinery-Locking-Hydraulic-Cylinder-factory-480x198.webp 480w\" alt=\"Sanit\u00e4r-Maschinen-Verriegelung-Hydraulik-Zylinder-Fabrik\" width=\"1414\" height=\"584\" title=\"\"><\/p>\n<p>Autor: CX<\/p>","protected":false},"excerpt":{"rendered":"<p data-id=\"a11392d4-7524-4709-8e84-2ea1d23339d0\" data-pm-slice=\"1 1 []\">Die Aufgabe des Hydraulikzylinders f\u00fcr Krangegengewichte besteht darin, das notwendige Gegengewicht f\u00fcr Krane w\u00e4hrend des Hebevorgangs bereitzustellen. Nutzen Sie diesen Hydraulikzylinder f\u00fcr die pr\u00e4zise und dennoch ferngesteuerte Positionierung des Gegengewichts f\u00fcr Stabilit\u00e4t und Sicherheit bei Schwerlastanwendungen. Dieses speziell auf Langlebigkeit ausgelegte Arbeitstier wird aus hochwertigen Materialien gefertigt, um den harten Bedingungen der Bau- und Schwerlastindustrie standzuhalten. Das Hydrauliksystem ist auf eine effiziente und reaktionsschnelle Steuerung ausgelegt und gew\u00e4hrleistet gleichm\u00e4\u00dfige und ausgewogene Bewegungen, sodass Bediener die Kranleistung optimieren und gleichzeitig die Stabilit\u00e4t gew\u00e4hrleisten k\u00f6nnen. Als integraler Bestandteil der Gesamtfunktion von Kranen ist es f\u00fcr deren sicheren Betrieb von entscheidender Bedeutung und tr\u00e4gt zu effektiven Hebel\u00f6sungen bei.<\/p>","protected":false},"featured_media":445,"comment_status":"open","ping_status":"closed","template":"","meta":{"_et_pb_use_builder":"","_et_pb_old_content":"","_et_gb_content_width":""},"product_brand":[],"product_cat":[24],"product_tag":[],"class_list":{"0":"post-444","1":"product","2":"type-product","3":"status-publish","4":"has-post-thumbnail","6":"product_cat-construction-machinery-hydraulic-cylinders","8":"first","9":"instock","10":"shipping-taxable","11":"product-type-simple"},"_links":{"self":[{"href":"https:\/\/fmp-components.com\/de\/wp-json\/wp\/v2\/product\/444","targetHints":{"allow":["GET"]}}],"collection":[{"href":"https:\/\/fmp-components.com\/de\/wp-json\/wp\/v2\/product"}],"about":[{"href":"https:\/\/fmp-components.com\/de\/wp-json\/wp\/v2\/types\/product"}],"replies":[{"embeddable":true,"href":"https:\/\/fmp-components.com\/de\/wp-json\/wp\/v2\/comments?post=444"}],"wp:featuredmedia":[{"embeddable":true,"href":"https:\/\/fmp-components.com\/de\/wp-json\/wp\/v2\/media\/445"}],"wp:attachment":[{"href":"https:\/\/fmp-components.com\/de\/wp-json\/wp\/v2\/media?parent=444"}],"wp:term":[{"taxonomy":"product_brand","embeddable":true,"href":"https:\/\/fmp-components.com\/de\/wp-json\/wp\/v2\/product_brand?post=444"},{"taxonomy":"product_cat","embeddable":true,"href":"https:\/\/fmp-components.com\/de\/wp-json\/wp\/v2\/product_cat?post=444"},{"taxonomy":"product_tag","embeddable":true,"href":"https:\/\/fmp-components.com\/de\/wp-json\/wp\/v2\/product_tag?post=444"}],"curies":[{"name":"wp","href":"https:\/\/api.w.org\/{rel}","templated":true}]}}