{"id":427,"date":"2024-12-10T05:55:29","date_gmt":"2024-12-10T05:55:29","guid":{"rendered":"https:\/\/fmp-components.com\/?page_id=8"},"modified":"2024-12-10T05:55:29","modified_gmt":"2024-12-10T05:55:29","slug":"sanitation-machinery-reverse-thrust-hydraulic-cylinder","status":"publish","type":"product","link":"https:\/\/fmp-components.com\/de\/product\/sanitation-machinery-reverse-thrust-hydraulic-cylinder\/","title":{"rendered":"Hydraulikzylinder mit umgekehrtem Schub f\u00fcr Sanit\u00e4rmaschinen"},"content":{"rendered":"<p style=\"text-align: center;\"><span style=\"font-size: 18pt;\">Hydraulikzylinder mit umgekehrtem Schub f\u00fcr Sanit\u00e4rmaschinen<\/span><\/p>\n<p>Der Hydraulikzylinder f\u00fcr den R\u00fcckw\u00e4rtsschub von Entsorgungsmaschinen ist eine wichtige Komponente, die f\u00fcr zuverl\u00e4ssigen R\u00fcckw\u00e4rtsschub bei verschiedenen Entsorgungsger\u00e4ten wie M\u00fcllwagen und Kehrmaschinen sorgt. Dieser Hydraulikzylinder erm\u00f6glicht sanfte und kontrollierte Bewegungen und somit das effektive Ein- und Ausschalten der Maschinenfunktionen w\u00e4hrend der Abfallentsorgung und Reinigungsarbeiten.<\/p>\n<p><img loading=\"lazy\" decoding=\"async\" class=\"size-full wp-image-428 aligncenter\" src=\"https:\/\/fmp-components.com\/wp-content\/uploads\/2024\/12\/Sanitation-Machinery-Reverse-Thrust-Hydraulic-Cylinder.webp\" alt=\"Hydraulikzylinder mit umgekehrtem Schub f\u00fcr Sanit\u00e4rmaschinen\" width=\"500\" height=\"500\" title=\"\" srcset=\"https:\/\/fmp-components.com\/wp-content\/uploads\/2024\/12\/Sanitation-Machinery-Reverse-Thrust-Hydraulic-Cylinder.webp 500w, https:\/\/fmp-components.com\/wp-content\/uploads\/2024\/12\/Sanitation-Machinery-Reverse-Thrust-Hydraulic-Cylinder-480x480.webp 480w\" sizes=\"(min-width: 0px) and (max-width: 480px) 480px, (min-width: 481px) 500px, 100vw\" \/><\/p>\n<h4>Hauptmerkmale:<\/h4>\n<ul>\n<li>Robuste Konstruktion: Dieser Hydraulikzylinder ist aus hochfesten Materialien gefertigt und so konstruiert, dass er den strengen Anforderungen von Reinigungsarbeiten standh\u00e4lt und eine dauerhafte Leistung auch unter rauen Bedingungen gew\u00e4hrleistet.<\/li>\n<li>Reibungsloser Hydraulikbetrieb: Das fortschrittliche Hydrauliksystem erm\u00f6glicht reaktionsschnelle und fl\u00fcssige Bewegungen, minimiert den Verschlei\u00df der Ger\u00e4te und steigert die Gesamteffizienz des Betriebs.<\/li>\n<li>Verbesserte Kontrolle: Der auf pr\u00e4zise Steuerung ausgelegte Hydraulikzylinder mit R\u00fcckschub erm\u00f6glicht es dem Bediener, die Reinigungsmaschinen effektiv zu navigieren und zu man\u00f6vrieren, was die Sicherheit und Leistung verbessert.<\/li>\n<li>Vielseitige Anwendung: Dieser Hydraulikzylinder eignet sich f\u00fcr eine breite Palette von Sanit\u00e4rmaschinen und l\u00e4sst sich nahtlos in verschiedene Systeme integrieren, wodurch er eine vielseitige L\u00f6sung f\u00fcr die Abfallwirtschaft darstellt.<\/li>\n<li>Energieeffizient: Durch sein Design wird der Energieverbrauch optimiert, der Leistungsverlust reduziert und zu niedrigeren Betriebskosten beigetragen, was es zu einer umweltfreundlichen Wahl macht.<\/li>\n<\/ul>\n<p>Der hydraulische R\u00fcckschubzylinder f\u00fcr Sanit\u00e4rmaschinen ist eine wichtige Komponente, die die Funktionalit\u00e4t und Effizienz von Sanit\u00e4ranlagen verbessert und eine effektive Leistung bei Abfallentsorgungsvorg\u00e4ngen gew\u00e4hrleistet, w\u00e4hrend gleichzeitig ein hohes Ma\u00df an Haltbarkeit und Kontrolle erhalten bleibt.<\/p>\n<h2 style=\"box-sizing: border-box; user-select: initial !important; margin: 0px; padding: 0px 0px 10px; border: 0px; outline: 0px; font-size: 26px; text-size-adjust: 100%; vertical-align: baseline; background: #ffffff; color: #333333; line-height: 1em; font-weight: 500; font-family: Nunito, Helvetica, Arial, Lucida, sans-serif; font-style: normal; font-variant-ligatures: normal; font-variant-caps: normal; letter-spacing: normal; orphans: 2; text-align: start; text-indent: 0px; text-transform: none; widows: 2; word-spacing: 0px; -webkit-text-stroke-width: 0px; white-space: normal; text-decoration-thickness: initial; text-decoration-style: initial; text-decoration-color: initial;\">Abmessungen des hydraulischen R\u00fcckschubzylinders f\u00fcr Sanit\u00e4rmaschinen:<\/h2>\n<table style=\"box-sizing: border-box; user-select: initial !important; border-collapse: collapse; border-spacing: 0px; word-break: break-all !important; color: #666666; font-family: Nunito, Helvetica, Arial, Lucida, sans-serif; font-size: 16px; font-style: normal; font-variant-ligatures: normal; font-variant-caps: normal; font-weight: 500; letter-spacing: normal; orphans: 2; text-align: start; text-transform: none; widows: 2; word-spacing: 0px; -webkit-text-stroke-width: 0px; white-space: normal; background-color: #ffffff; text-decoration-thickness: initial; text-decoration-style: initial; text-decoration-color: initial; width: 735.139px;\">\n<tbody style=\"box-sizing: border-box; user-select: initial !important;\">\n<tr style=\"box-sizing: border-box; user-select: initial !important;\">\n<td style=\"box-sizing: border-box; user-select: initial !important; width: 367.569px;\"><img loading=\"lazy\" decoding=\"async\" class=\"alignnone size-full wp-image-430\" src=\"https:\/\/fmp-components.com\/wp-content\/uploads\/2024\/12\/Sanitation-Machinery-Reverse-thrust-Hydraulic-Cylinder-Dimensions-1.webp\" alt=\"Hydraulikzylinder mit umgekehrtem Schub f\u00fcr Sanit\u00e4rmaschinen\" width=\"806\" height=\"377\" title=\"\" srcset=\"https:\/\/fmp-components.com\/wp-content\/uploads\/2024\/12\/Sanitation-Machinery-Reverse-thrust-Hydraulic-Cylinder-Dimensions-1.webp 806w, https:\/\/fmp-components.com\/wp-content\/uploads\/2024\/12\/Sanitation-Machinery-Reverse-thrust-Hydraulic-Cylinder-Dimensions-1-480x225.webp 480w\" sizes=\"(min-width: 0px) and (max-width: 480px) 480px, (min-width: 481px) 806px, 100vw\" \/><\/td>\n<td style=\"box-sizing: border-box; user-select: initial !important; width: 367.569px;\"><img loading=\"lazy\" decoding=\"async\" class=\"alignnone size-full wp-image-431\" src=\"https:\/\/fmp-components.com\/wp-content\/uploads\/2024\/12\/Sanitation-Machinery-Reverse-thrust-Hydraulic-Cylinder-Dimensions-2.webp\" alt=\"Hydraulikzylinder mit umgekehrtem Schub f\u00fcr Sanit\u00e4rmaschinen\" width=\"806\" height=\"377\" title=\"\" srcset=\"https:\/\/fmp-components.com\/wp-content\/uploads\/2024\/12\/Sanitation-Machinery-Reverse-thrust-Hydraulic-Cylinder-Dimensions-2.webp 806w, https:\/\/fmp-components.com\/wp-content\/uploads\/2024\/12\/Sanitation-Machinery-Reverse-thrust-Hydraulic-Cylinder-Dimensions-2-480x225.webp 480w\" sizes=\"(min-width: 0px) and (max-width: 480px) 480px, (min-width: 481px) 806px, 100vw\" \/><\/td>\n<\/tr>\n<\/tbody>\n<\/table>\n<table style=\"box-sizing: border-box; border-collapse: collapse; border-spacing: 0px; color: #666666; font-family: Nunito, Helvetica, Arial, Lucida, sans-serif; font-size: 16px; font-style: normal; font-variant-ligatures: normal; font-variant-caps: normal; font-weight: 500; letter-spacing: normal; orphans: 2; text-align: start; text-transform: none; widows: 2; word-spacing: 0px; -webkit-text-stroke-width: 0px; white-space: normal; background-color: #ffffff; text-decoration-thickness: initial; text-decoration-style: initial; text-decoration-color: initial; height: 62px; width: 97.3832%; user-select: initial !important; word-break: break-all !important;\" border=\"1\" cellspacing=\"0\" cellpadding=\"0\">\n<tbody style=\"box-sizing: border-box; user-select: initial !important;\">\n<tr style=\"box-sizing: border-box; user-select: initial !important; height: 47px;\">\n<td style=\"box-sizing: border-box; height: 47px; width: 12.6359%; text-align: center; user-select: initial !important;\" width=\"246\">Zylindername<\/td>\n<td style=\"box-sizing: border-box; height: 47px; width: 17.5272%; text-align: center; user-select: initial !important;\" width=\"336\">Zeichnungsnummer<\/td>\n<td style=\"box-sizing: border-box; height: 47px; width: 8.55978%; text-align: center; user-select: initial !important;\" width=\"126\">Bohrungsdurchmesser (D)<\/td>\n<td style=\"box-sizing: border-box; height: 47px; width: 8.42391%; text-align: center; user-select: initial !important;\" width=\"123\">Stabdurchmesser (d)<\/td>\n<td style=\"box-sizing: border-box; height: 47px; width: 7.06522%; text-align: center; user-select: initial !important;\" width=\"114\">Schlaganfall (S)<\/td>\n<td style=\"box-sizing: border-box; height: 47px; width: 11.0054%; text-align: center; user-select: initial !important;\" width=\"170\">Installationsabstand (L)<\/td>\n<td style=\"box-sizing: border-box; height: 47px; width: 10.0543%; text-align: center; user-select: initial !important;\" width=\"172\">Arbeitsdruck<\/td>\n<td style=\"box-sizing: border-box; height: 47px; width: 18.0707%; text-align: center; user-select: initial !important;\" width=\"366\">Schnittstellenma\u00dfe (M)<\/td>\n<td style=\"box-sizing: border-box; height: 47px; width: 28.7304%; text-align: center; user-select: initial !important;\" width=\"96\">Gewicht<\/td>\n<\/tr>\n<tr style=\"box-sizing: border-box; user-select: initial !important; height: 15px;\">\n<td class=\"et3\" style=\"box-sizing: border-box; height: 15px; width: 12.6359%; text-align: center; user-select: initial !important;\" width=\"246\" height=\"303\">Schubumkehrzylinder<\/td>\n<td class=\"et4\" style=\"box-sizing: border-box; width: 17.5272%; height: 15px; text-align: center; user-select: initial !important;\" width=\"336\">LPE222.2.2-5-00<\/td>\n<td class=\"et4\" style=\"box-sizing: border-box; width: 8.55978%; height: 15px; text-align: center; user-select: initial !important;\" width=\"126\">\u03a6220<\/td>\n<td class=\"et4\" style=\"box-sizing: border-box; width: 8.42391%; height: 15px; text-align: center; user-select: initial !important;\" width=\"123\">\u03a6110<\/td>\n<td class=\"et4\" style=\"box-sizing: border-box; width: 7.06522%; height: 15px; text-align: center; user-select: initial !important;\" width=\"114\">420<\/td>\n<td class=\"et4\" style=\"box-sizing: border-box; width: 11.0054%; height: 15px; text-align: center; user-select: initial !important;\" width=\"170\">1110<\/td>\n<td class=\"et4\" style=\"box-sizing: border-box; width: 10.0543%; height: 15px; text-align: center; user-select: initial !important;\" width=\"172\">16 MPa<\/td>\n<td class=\"et4\" style=\"box-sizing: border-box; width: 18.0707%; height: 15px; text-align: center; user-select: initial !important;\" width=\"366\">2-M22*1.5<\/td>\n<td class=\"et4\" style=\"box-sizing: border-box; width: 28.7304%; height: 15px; text-align: center; user-select: initial !important;\" width=\"96\">323 kg<\/td>\n<\/tr>\n<\/tbody>\n<\/table>\n<h2>Hydraulikzylinder. Verf\u00fcgbare Marken und Modelle:<\/h2>\n<table border=\"1\" cellspacing=\"0\" cellpadding=\"0\">\n<tbody>\n<tr>\n<td><span data-spm-anchor-id=\"a2700.details.0.i43.45d84a73e99C9z\">KOMATSU (PC)<\/span><\/td>\n<td>PC30,PC40,PC50,PC56,PC60,PC78,PC100,PC110,PC120,PC130,PC160,PC200-3\/5\/6\/7\/8\/8MO,PC210,PC220-5\/6\/7\/8\/8MO,PC240,PC300\/350\/360-5\/6\/7\/8\/8MO,PC400\/450-5\/6\/7\/8\/8MO,PC800,PC850<\/td>\n<\/tr>\n<tr>\n<td>RAUPE (E)<\/td>\n<td>E301.5,E302,E305.5,E306,E307V1\/V2\/B\/C\/D\/E\/F,E308B\/C,E120B,E312V1\/V2\/B\/C\/D,E313D2,E312D2,E315D,<br \/>\nE200B, E320V1\/V2\/A\/B\/C\/D, E324D, E325C\/D, E329D, E330\/336C\/D, E345C, E349D, E365C, E374, E390<\/td>\n<\/tr>\n<tr>\n<td>KOBELCO (SK)<\/td>\n<td>SK60-3\/5\/8, SK75-8\/SR, SK100, SK120-3\/5, SK135-8\/SR, SK140-8, SK200-3\/5\/6\/6E, SK210-3\/5\/6\/6E,<br \/>\nSK230\/250-6E,SK250-8,SK260-8,SK350-8\/S8,SK460\/480-8<\/td>\n<\/tr>\n<tr>\n<td>HYUNDAI (R)<\/td>\n<td>R55-5\/7, R60-5\/7, R80, R110,R130, R200-5, R210-5, R215-5\/7,R220-5\/7\/9, R225-5\/7\/9, R250,R260,R265,R290,R305,R445,R485, R505<\/td>\n<\/tr>\n<tr>\n<td><span data-spm-anchor-id=\"a2700.details.0.i53.45d84a73e99C9z\">HITACHI (EX.ZX)<\/span><\/td>\n<td>EX60,EX100-1\/2\/3,EX120-1\/3\/5\/6,EX200-1\/3\/5,EX230-5,EX300-1,EX400<br \/>\nZAX60, ZAX70, ZA120-6, ZAX200\/210-1\/3\/5\/5K, ZAX240, ZAX250, ZAX260, ZAX330-3\/5\/6, ZAX450\/470, ZAX650\/670, ZAX850\/870<\/td>\n<\/tr>\n<tr>\n<td>\n<div class=\"magic-32\"><span data-spm-anchor-id=\"a2700.details.0.i55.45d84a73e99C9z\">DOOSAN (DH\/DX)<\/span><\/div>\n<\/td>\n<td>\n<div class=\"magic-33\"><span class=\"magic-34\">DH55, DH60, DH80, DH150, DH215-5\/7, DH220-5, DH225-5\/7, DH258, DH300-5\/7, DH370, DH420, DH500<br \/>\nDX55, DX60, DX75, DX130, DX225-9, DX300, DX380, DX420, DX500<\/span><\/div>\n<\/td>\n<\/tr>\n<tr>\n<td>\n<div class=\"magic-32\">VOLVO (EG)<\/div>\n<\/td>\n<td>\n<div class=\"magic-33\"><span class=\"magic-34\">EC55, EC60, EC75, EC80, EC140, EC210B\/D, EC220D, EC240, EC250, EC290, EC300, EC360 EC380, EC460, EC480, EC700, EC750, EC950<\/span><\/div>\n<\/td>\n<\/tr>\n<tr>\n<td>\n<div class=\"magic-32\">KATO (HD)<\/div>\n<\/td>\n<td>\n<div class=\"magic-33\"><span class=\"magic-34\">HD307\/308,HD450,HD512,HD700-5\/7,HD820-1\/2\/3\/5\/R,HD1023-1\/3,HD1430-1\/3<\/span><\/div>\n<\/td>\n<\/tr>\n<tr>\n<td>\n<div class=\"magic-32\">ANDERE MARKE<\/div>\n<\/td>\n<td>\n<div class=\"magic-33\"><span class=\"magic-34\">XCMG,LIUGONG,KUBOTA,CASE,YANMAR,SUNWARD,ZOOMLION,LISHIDE,LIEHERR<\/span><\/div>\n<\/td>\n<\/tr>\n<\/tbody>\n<\/table>\n<h3>Vorteile des hydraulischen R\u00fcckschubzylinders von Sanit\u00e4rmaschinen<\/h3>\n<h4>1. Verbesserte Steuerung<\/h4>\n<p>Der Hydraulikzylinder f\u00fcr die R\u00fcckw\u00e4rtsschubbewegung von Reinigungsmaschinen erm\u00f6glicht die pr\u00e4zise Steuerung dieser Bewegungen. Dadurch k\u00f6nnen die Bediener die Ger\u00e4te effektiv man\u00f6vrieren und die Gesamteffizienz von Abl\u00e4ufen wie der Abfallentsorgung und Stra\u00dfenreinigung verbessern.<\/p>\n<h4>2. Robuste Langlebigkeit<\/h4>\n<p>Dieser Hydraulikzylinder wurde speziell f\u00fcr die harten Bedingungen im Sanit\u00e4rbereich entwickelt und besteht aus hochfesten Materialien. Seine Langlebigkeit gew\u00e4hrleistet eine dauerhafte Leistungsf\u00e4higkeit und reduziert den Bedarf an h\u00e4ufigem Austausch und Wartung.<\/p>\n<h4>3. Reibungsloser Betrieb<\/h4>\n<p>Das hochentwickelte Hydrauliksystem des Schubumkehrzylinders erm\u00f6glicht einen reibungslosen und reaktionsschnellen Betrieb. Dies reduziert den Verschlei\u00df der Ausr\u00fcstung und minimiert das Risiko pl\u00f6tzlicher Bewegungen, wodurch die Sicherheit im Betrieb erh\u00f6ht wird.<\/p>\n<h4>4. Vielseitigkeit<\/h4>\n<p>Dieser Hydraulikzylinder ist vielseitig einsetzbar und kann in verschiedenen Entsorgungsmaschinen, darunter M\u00fcllwagen und Kehrmaschinen, verwendet werden. Seine Anpassungsf\u00e4higkeit macht ihn f\u00fcr ein breites Anwendungsspektrum in der Abfallwirtschaft und bei kommunalen Dienstleistungen geeignet.<\/p>\n<h4>5. Verbesserte Sicherheit<\/h4>\n<p>Durch die zuverl\u00e4ssige Steuerung des R\u00fcckschubs erh\u00f6ht der Hydraulikzylinder die Sicherheit bei Reinigungsarbeiten. Er tr\u00e4gt zur Unfallverh\u00fctung bei und gew\u00e4hrleistet den sicheren Betrieb der Maschinen, wodurch sowohl die Bediener als auch die Umwelt gesch\u00fctzt werden.<\/p>\n<h4>6. Energieeffizienz<\/h4>\n<p>Die Konstruktion des Hydraulikzylinders f\u00fcr die Schubumkehr optimiert den Energieverbrauch und minimiert Leistungsverluste im Betrieb. Diese Effizienz f\u00fchrt zu geringeren Betriebskosten und tr\u00e4gt zu umweltfreundlichen Verfahren im Abfallmanagement bei.<\/p>\n<h4>7. Einfache Integration<\/h4>\n<p>Der Zylinder ist f\u00fcr die unkomplizierte Installation in bestehende Sanit\u00e4ranlagen konzipiert, was schnelle Modernisierungen erm\u00f6glicht und Ausfallzeiten bei Wartungs- oder Austauscharbeiten minimiert.<\/p>\n<p>Der Hydraulikzylinder mit umgekehrter Schubkraft f\u00fcr Sanit\u00e4ranlagen bietet zahlreiche Vorteile, darunter verbesserte Steuerung, Langlebigkeit und Sicherheit, und ist somit eine unverzichtbare Komponente f\u00fcr effiziente und effektive Sanit\u00e4rprozesse. Seine Vielseitigkeit und Energieeffizienz tragen zus\u00e4tzlich zu seinem Wert in der Abfallwirtschaft bei.<\/p>\n<p><img loading=\"lazy\" decoding=\"async\" class=\"alignnone size-full wp-image-429\" src=\"https:\/\/fmp-components.com\/wp-content\/uploads\/2024\/12\/Sanitation-Machinery-Reverse-Thrust-Hydraulic-Cylinder-1.webp\" alt=\"Hydraulikzylinder mit umgekehrtem Schub f\u00fcr Sanit\u00e4rmaschinen\" width=\"1000\" height=\"667\" title=\"\" srcset=\"https:\/\/fmp-components.com\/wp-content\/uploads\/2024\/12\/Sanitation-Machinery-Reverse-Thrust-Hydraulic-Cylinder-1.webp 1000w, https:\/\/fmp-components.com\/wp-content\/uploads\/2024\/12\/Sanitation-Machinery-Reverse-Thrust-Hydraulic-Cylinder-1-980x654.webp 980w, https:\/\/fmp-components.com\/wp-content\/uploads\/2024\/12\/Sanitation-Machinery-Reverse-Thrust-Hydraulic-Cylinder-1-480x320.webp 480w\" sizes=\"(min-width: 0px) and (max-width: 480px) 480px, (min-width: 481px) and (max-width: 980px) 980px, (min-width: 981px) 1000px, 100vw\" \/><\/p>\n<h2>\u00dcber FMP<\/h2>\n<p>FMP ist ein spezialisierter Maschinenbauer, der sich auf die Produktion von Hydraulikzylindern spezialisiert hat. Seit seiner Gr\u00fcndung konzentriert sich das Unternehmen auf die Forschung und Fertigung von Hydrauliktechnologie und hat sich erfolgreich von einer vielf\u00e4ltigen Produktpalette, die Ernte- und Baumaschinen umfasste, auf die Spezialisierung auf landwirtschaftliche Traktorkomponenten spezialisiert. Mit \u00fcber einem Jahrzehnt Erfahrung in Fertigung und Management gew\u00e4hrleistet FMP durch fortschrittliche Produktionstechniken qualitativ hochwertige Produkte.<\/p>\n<p>Im Laufe der Entwicklung des Unternehmens wurden umfassende Fertigungslinien f\u00fcr die maschinelle Bearbeitung, Montagelinien und Beschichtungslinien entwickelt. Unser Team besteht aus qualifizierten F\u00fchrungskr\u00e4ften, erfahrenen Maschinenbauern und hochqualifizierten Technikern, die gemeinsam f\u00fcr eine stabile Produktionsqualit\u00e4t sorgen und gleichzeitig die Prozesskontinuit\u00e4t und -effizienz effektiv steuern.<\/p>\n<p>FMP vertritt die Philosophie \u201eTechnologische Innovation treibt Fortschritt voran, Qualit\u00e4t schafft Marken, Handwerkskunst sichert Qualit\u00e4t und baut langfristige Win-Win-Beziehungen auf.\u201c Unser Engagement f\u00fcr die Bereitstellung hochwertiger Produkte und eines hervorragenden Kundendienstes bleibt ein zentrales Ziel, w\u00e4hrend wir weiterhin den sich entwickelnden Anforderungen des Marktes gerecht werden.<\/p>\n<p><img loading=\"lazy\" decoding=\"async\" class=\"alignnone size-full wp-image-426\" src=\"https:\/\/fmp-components.com\/wp-content\/uploads\/2024\/12\/Sanitation-Machinery-Locking-Hydraulic-Cylinder-factory.webp\" alt=\"Sanit\u00e4r-Maschinen-Verriegelung-Hydraulik-Zylinder-Fabrik\" width=\"1414\" height=\"584\" title=\"\" srcset=\"https:\/\/fmp-components.com\/wp-content\/uploads\/2024\/12\/Sanitation-Machinery-Locking-Hydraulic-Cylinder-factory.webp 1414w, https:\/\/fmp-components.com\/wp-content\/uploads\/2024\/12\/Sanitation-Machinery-Locking-Hydraulic-Cylinder-factory-1280x529.webp 1280w, https:\/\/fmp-components.com\/wp-content\/uploads\/2024\/12\/Sanitation-Machinery-Locking-Hydraulic-Cylinder-factory-980x405.webp 980w, https:\/\/fmp-components.com\/wp-content\/uploads\/2024\/12\/Sanitation-Machinery-Locking-Hydraulic-Cylinder-factory-480x198.webp 480w\" sizes=\"(min-width: 0px) and (max-width: 480px) 480px, (min-width: 481px) and (max-width: 980px) 980px, (min-width: 981px) and (max-width: 1280px) 1280px, (min-width: 1281px) 1414px, 100vw\" \/><\/p>\n<p>Autor: CX<\/p>","protected":false},"excerpt":{"rendered":"<p>Der Hydraulikzylinder f\u00fcr den R\u00fcckw\u00e4rtsschub von Entsorgungsmaschinen ist eine entscheidende Komponente f\u00fcr den effektiven R\u00fcckw\u00e4rtsschub von Entsorgungsfahrzeugen wie M\u00fcllwagen und Kehrmaschinen. Entwickelt f\u00fcr zuverl\u00e4ssige Leistung, gew\u00e4hrleistet dieser Hydraulikzylinder einen reibungslosen und kontrollierten Betrieb und erm\u00f6glicht pr\u00e4zise Bewegungen beim Ein- und Ausschalten verschiedener Maschinenfunktionen. Gefertigt aus hochfesten Materialien, h\u00e4lt er den Belastungen anspruchsvoller Arbeitsbedingungen stand und garantiert so Langlebigkeit. Die effiziente Hydraulikkonstruktion minimiert Energieverluste und maximiert die Betriebseffektivit\u00e4t. Damit ist er ein unverzichtbares Werkzeug zur Steigerung der Funktionalit\u00e4t und Effizienz von Entsorgungsmaschinen in der Abfallwirtschaft.<\/p>","protected":false},"featured_media":428,"comment_status":"open","ping_status":"closed","template":"","meta":{"_et_pb_use_builder":"","_et_pb_old_content":"","_et_gb_content_width":""},"product_brand":[],"product_cat":[23],"product_tag":[],"class_list":{"0":"post-427","1":"product","2":"type-product","3":"status-publish","4":"has-post-thumbnail","6":"product_cat-sanitation-machinery-hydraulic-cylinders","8":"first","9":"instock","10":"shipping-taxable","11":"product-type-simple"},"_links":{"self":[{"href":"https:\/\/fmp-components.com\/de\/wp-json\/wp\/v2\/product\/427","targetHints":{"allow":["GET"]}}],"collection":[{"href":"https:\/\/fmp-components.com\/de\/wp-json\/wp\/v2\/product"}],"about":[{"href":"https:\/\/fmp-components.com\/de\/wp-json\/wp\/v2\/types\/product"}],"replies":[{"embeddable":true,"href":"https:\/\/fmp-components.com\/de\/wp-json\/wp\/v2\/comments?post=427"}],"wp:featuredmedia":[{"embeddable":true,"href":"https:\/\/fmp-components.com\/de\/wp-json\/wp\/v2\/media\/428"}],"wp:attachment":[{"href":"https:\/\/fmp-components.com\/de\/wp-json\/wp\/v2\/media?parent=427"}],"wp:term":[{"taxonomy":"product_brand","embeddable":true,"href":"https:\/\/fmp-components.com\/de\/wp-json\/wp\/v2\/product_brand?post=427"},{"taxonomy":"product_cat","embeddable":true,"href":"https:\/\/fmp-components.com\/de\/wp-json\/wp\/v2\/product_cat?post=427"},{"taxonomy":"product_tag","embeddable":true,"href":"https:\/\/fmp-components.com\/de\/wp-json\/wp\/v2\/product_tag?post=427"}],"curies":[{"name":"wp","href":"https:\/\/api.w.org\/{rel}","templated":true}]}}