{"id":411,"date":"2024-12-10T03:31:52","date_gmt":"2024-12-10T03:31:52","guid":{"rendered":"https:\/\/fmp-components.com\/?page_id=8"},"modified":"2024-12-10T03:51:35","modified_gmt":"2024-12-10T03:51:35","slug":"boom-aerial-work-vehicle-steering-hydraulic-cylinder","status":"publish","type":"product","link":"https:\/\/fmp-components.com\/de\/product\/boom-aerial-work-vehicle-steering-hydraulic-cylinder\/","title":{"rendered":"Hydraulikzylinder f\u00fcr die Lenkung von Hubarbeitsb\u00fchnen"},"content":{"rendered":"<p style=\"text-align: center;\"><span style=\"font-size: 18pt;\">Hydraulikzylinder f\u00fcr die Lenkung von Hubarbeitsb\u00fchnen<\/span><\/p>\n<p>Der Lenkhydraulikzylinder f\u00fcr Hubarbeitsb\u00fchnen ist eine entscheidende Komponente zur Verbesserung der Man\u00f6vrierf\u00e4higkeit und Steuerung von Hubarbeitsb\u00fchnen. Dieser Hydraulikzylinder erm\u00f6glicht pr\u00e4zises Lenken und erlaubt es dem Bediener, auch in beengten Bereichen problemlos zu navigieren und die Hubarbeitsb\u00fchne bei verschiedenen Anwendungen exakt zu positionieren.<\/p>\n<h2><img loading=\"lazy\" decoding=\"async\" class=\"size-full wp-image-416 aligncenter\" src=\"https:\/\/fmp-components.com\/wp-content\/uploads\/2024\/12\/Boom-Aerial-Work-Vehicle-Steering-Hydraulic-Cylinder.webp\" alt=\"Hydraulikzylinder f\u00fcr die Lenkung von Hubarbeitsb\u00fchnen\" width=\"500\" height=\"500\" title=\"\" srcset=\"https:\/\/fmp-components.com\/wp-content\/uploads\/2024\/12\/Boom-Aerial-Work-Vehicle-Steering-Hydraulic-Cylinder.webp 500w, https:\/\/fmp-components.com\/wp-content\/uploads\/2024\/12\/Boom-Aerial-Work-Vehicle-Steering-Hydraulic-Cylinder-480x480.webp 480w\" sizes=\"(min-width: 0px) and (max-width: 480px) 480px, (min-width: 481px) 500px, 100vw\" \/><\/h2>\n<h4>Hauptmerkmale:<\/h4>\n<ul>\n<li>Sanfte Lenkkontrolle: Der Hydraulikzylinder gew\u00e4hrleistet eine reaktionsschnelle und sanfte Lenkung, die pr\u00e4zise Einstellungen und ein \u00fcberlegenes Handling beim Navigieren in komplexen Arbeitsumgebungen erm\u00f6glicht.<\/li>\n<li>Robuste Konstruktion: Dieser Lenkhydraulikzylinder ist aus hochfesten Materialien gefertigt und so konstruiert, dass er den Belastungen anspruchsvoller Betriebsbedingungen standh\u00e4lt und somit eine lange Lebensdauer und Zuverl\u00e4ssigkeit gew\u00e4hrleistet.<\/li>\n<li>Effizientes Hydrauliksystem: Die fortschrittliche Hydraulikkonstruktion maximiert die Leistung bei gleichzeitiger Minimierung des Energieverlusts und tr\u00e4gt so zu einem kosteng\u00fcnstigen Betrieb und einer verbesserten Gesamteffizienz bei.<\/li>\n<li>Sicherheitsverbesserungen: Ausgestattet mit Sicherheitsmerkmalen, die ein \u00dcbersteuern verhindern und f\u00fcr Stabilit\u00e4t sorgen, tr\u00e4gt der Zylinder dazu bei, die Kontrolle w\u00e4hrend des Betriebs zu bewahren und das Unfallrisiko zu verringern.<\/li>\n<li>Vielseitige Einsatzm\u00f6glichkeiten: Dieser Lenkhydraulikzylinder eignet sich f\u00fcr verschiedene Aufgaben im Bau-, Instandhaltungs- und Versorgungssektor und ist unerl\u00e4sslich, um die Effektivit\u00e4t von Hubarbeitsb\u00fchnen zu maximieren.<\/li>\n<\/ul>\n<p>Der Lenkhydraulikzylinder f\u00fcr Hubarbeitsb\u00fchnen wurde entwickelt, um Man\u00f6vrierf\u00e4higkeit, Sicherheit und Gesamtleistung zu verbessern und ist somit ein unverzichtbares Werkzeug f\u00fcr Anwender in verschiedenen Branchen, die L\u00f6sungen f\u00fcr den Zugang in der H\u00f6he ben\u00f6tigen.<\/p>\n<h2>Abmessungen des Lenkhydraulikzylinders f\u00fcr Hubarbeitsb\u00fchnen:<\/h2>\n<table>\n<tbody>\n<tr>\n<td>\n<h2><img loading=\"lazy\" decoding=\"async\" class=\"alignnone size-full wp-image-414\" src=\"https:\/\/fmp-components.com\/wp-content\/uploads\/2024\/12\/Boom-Aerial-Work-Vehicle-Steering-Hydraulic-Cylinder-Dimensions-1.webp\" alt=\"Abmessungen des Hydraulikzylinders f\u00fcr die Lenkung von Hubarbeitsb\u00fchnen\" width=\"980\" height=\"390\" title=\"\" srcset=\"https:\/\/fmp-components.com\/wp-content\/uploads\/2024\/12\/Boom-Aerial-Work-Vehicle-Steering-Hydraulic-Cylinder-Dimensions-1.webp 980w, https:\/\/fmp-components.com\/wp-content\/uploads\/2024\/12\/Boom-Aerial-Work-Vehicle-Steering-Hydraulic-Cylinder-Dimensions-1-480x191.webp 480w\" sizes=\"(min-width: 0px) and (max-width: 480px) 480px, (min-width: 481px) 980px, 100vw\" \/><\/h2>\n<\/td>\n<td>\n<h2><img loading=\"lazy\" decoding=\"async\" class=\"alignnone size-full wp-image-415\" src=\"https:\/\/fmp-components.com\/wp-content\/uploads\/2024\/12\/Boom-Aerial-Work-Vehicle-Steering-Hydraulic-Cylinder-Dimensions-2.webp\" alt=\"Abmessungen des Hydraulikzylinders f\u00fcr die Lenkung von Hubarbeitsb\u00fchnen (2)\" width=\"980\" height=\"390\" title=\"\" srcset=\"https:\/\/fmp-components.com\/wp-content\/uploads\/2024\/12\/Boom-Aerial-Work-Vehicle-Steering-Hydraulic-Cylinder-Dimensions-2.webp 980w, https:\/\/fmp-components.com\/wp-content\/uploads\/2024\/12\/Boom-Aerial-Work-Vehicle-Steering-Hydraulic-Cylinder-Dimensions-2-480x191.webp 480w\" sizes=\"(min-width: 0px) and (max-width: 480px) 480px, (min-width: 481px) 980px, 100vw\" \/><\/h2>\n<\/td>\n<\/tr>\n<\/tbody>\n<\/table>\n<table style=\"width: 100%; height: 130px;\" border=\"1\" cellspacing=\"0\" cellpadding=\"0\">\n<tbody>\n<tr style=\"height: 71px;\">\n<td style=\"height: 71px;\" width=\"246\">Zylindername<\/td>\n<td style=\"height: 71px;\" width=\"336\">Zeichnungsnummer<\/td>\n<td style=\"height: 71px;\" width=\"126\">Bohrungsdurchmesser (D)<\/td>\n<td style=\"height: 71px;\" width=\"123\">Stabdurchmesser (d)<\/td>\n<td style=\"height: 71px;\" width=\"114\">Schlaganfall (S)<\/td>\n<td style=\"height: 71px;\" width=\"170\">Installationsabstand (L)<\/td>\n<td style=\"height: 71px;\" width=\"172\">Arbeitsdruck<\/td>\n<td style=\"height: 71px;\" width=\"366\">Schnittstellenma\u00dfe (M)<\/td>\n<td style=\"height: 71px;\" width=\"96\">Gewicht<\/td>\n<\/tr>\n<tr style=\"height: 59px;\">\n<td class=\"et3\" style=\"height: 59px;\" width=\"246\" height=\"214\">Lenkzylinder<\/td>\n<td class=\"et4\" style=\"height: 59px;\" width=\"336\">GTHZ210C-620100-000<\/td>\n<td class=\"et4\" style=\"height: 59px;\" width=\"126\">\u03a663<\/td>\n<td class=\"et4\" style=\"height: 59px;\" width=\"123\">\u03a635<\/td>\n<td class=\"et4\" style=\"height: 59px;\" width=\"114\">320<\/td>\n<td class=\"et4\" style=\"height: 59px;\" width=\"170\">540<\/td>\n<td class=\"et4\" style=\"height: 59px;\" width=\"172\">21 MPa<\/td>\n<td class=\"et4\" style=\"height: 59px;\" width=\"366\">2-M14*1,5<\/td>\n<td class=\"et4\" style=\"height: 59px;\" width=\"96\">13 kg<\/td>\n<\/tr>\n<\/tbody>\n<\/table>\n<h2>Parameter des Hydraulikzylinders f\u00fcr die Lenkung von Hubarbeitsb\u00fchnen:<\/h2>\n<table border=\"1\" width=\"100%\" cellspacing=\"0\" cellpadding=\"0\">\n<tbody>\n<tr>\n<td width=\"70\">Artikel<\/td>\n<td width=\"70\">Beschreibung<\/td>\n<\/tr>\n<tr>\n<td width=\"70\">Produktname<\/td>\n<td width=\"70\">Lenkhydraulikzylinder<\/td>\n<\/tr>\n<tr>\n<td width=\"70\">Anwendung<\/td>\n<td width=\"70\">Ausleger-Hubarbeitsfahrzeug<\/td>\n<\/tr>\n<tr>\n<td width=\"70\">Material<\/td>\n<td width=\"70\">20#\/45#, Q345B, 40Cr-Stahl<\/td>\n<\/tr>\n<tr>\n<td width=\"70\">Schauspieltyp<\/td>\n<td width=\"70\">Doppeltwirkend Einfachwirkend<\/td>\n<\/tr>\n<tr>\n<td width=\"70\">Kernkomponenten<\/td>\n<td width=\"70\">Kolbenstange, Kolben<\/td>\n<\/tr>\n<tr>\n<td width=\"70\">Zertifikat:<\/td>\n<td width=\"70\">ISO9001, ISO4001, ISO 45003<\/td>\n<\/tr>\n<tr>\n<td width=\"70\">Produktionskapazit\u00e4t:<\/td>\n<td width=\"70\">1200.000 St\u00fcck pro Jahr<\/td>\n<\/tr>\n<tr>\n<td width=\"70\">Abtastzeit<\/td>\n<td width=\"70\">Basierend auf dem tats\u00e4chlichen Typ<\/td>\n<\/tr>\n<tr>\n<td width=\"70\">Marke<\/td>\n<td width=\"70\">FMP- oder Kundenlogo<\/td>\n<\/tr>\n<tr>\n<td width=\"70\">Service<\/td>\n<td width=\"70\">OEM und ODM<\/td>\n<\/tr>\n<tr>\n<td width=\"70\">Siegelmarke<\/td>\n<td width=\"70\">Parker, NOK, BUSAK SHAMBAN<\/td>\n<\/tr>\n<tr>\n<td width=\"70\">Lieferzeit<\/td>\n<td width=\"70\">Basierend auf der Bestellmenge.<\/td>\n<\/tr>\n<tr>\n<td width=\"70\">Unternehmenst\u00e4tigkeit<\/td>\n<td width=\"70\">Hersteller &amp; Exporteur<\/td>\n<\/tr>\n<\/tbody>\n<\/table>\n<h2>Hydraulikzylinder. Verf\u00fcgbare Marken und Modelle:<\/h2>\n<table style=\"width: 100%;\" border=\"1\" cellspacing=\"0\" cellpadding=\"0\">\n<tbody>\n<tr>\n<td style=\"width: 11.2661%;\"><b data-spm-anchor-id=\"a2700.details.0.i43.45d84a73e99C9z\">KOMATSU (PC)<\/b><\/td>\n<td style=\"width: 88.6266%;\">PC30,PC40,PC50,PC56,PC60,PC78,PC100,PC110,PC120,PC130,PC160,PC200-3\/5\/6\/7\/8\/8MO,PC210,PC220-5\/6\/7\/8\/8MO,PC240,PC300\/350\/360-5\/6\/7\/8\/8MO,PC400\/450-5\/6\/7\/8\/8MO,PC800,PC850<\/td>\n<\/tr>\n<tr>\n<td style=\"width: 11.2661%;\"><b>RAUPE (E)<\/b><\/td>\n<td style=\"width: 88.6266%;\">E301.5,E302,E305.5,E306,E307V1\/V2\/B\/C\/D\/E\/F,E308B\/C,E120B,E312V1\/V2\/B\/C\/D,E313D2,E312D2,E315D,<br \/>\nE200B, E320V1\/V2\/A\/B\/C\/D, E324D, E325C\/D, E329D, E330\/336C\/D, E345C, E349D, E365C, E374, E390<\/td>\n<\/tr>\n<tr>\n<td style=\"width: 11.2661%;\"><b>KOBELCO (SK)<\/b><\/td>\n<td style=\"width: 88.6266%;\">SK60-3\/5\/8, SK75-8\/SR, SK100, SK120-3\/5, SK135-8\/SR, SK140-8, SK200-3\/5\/6\/6E, SK210-3\/5\/6\/6E,<br \/>\nSK230\/250-6E,SK250-8,SK260-8,SK350-8\/S8,SK460\/480-8<\/td>\n<\/tr>\n<tr>\n<td style=\"width: 11.2661%;\"><b>HYUNDAI (R)<\/b><\/td>\n<td style=\"width: 88.6266%;\">R55-5\/7, R60-5\/7, R80, R110,R130, R200-5, R210-5, R215-5\/7,R220-5\/7\/9, R225-5\/7\/9, R250,R260,R265,R290,R305,R445,R485, R505<\/td>\n<\/tr>\n<tr>\n<td style=\"width: 11.2661%;\"><b data-spm-anchor-id=\"a2700.details.0.i53.45d84a73e99C9z\">HITACHI (EX.ZX)<\/b><\/td>\n<td style=\"width: 88.6266%;\">EX60,EX100-1\/2\/3,EX120-1\/3\/5\/6,EX200-1\/3\/5,EX230-5,EX300-1,EX400<br \/>\nZAX60, ZAX70, ZA120-6, ZAX200\/210-1\/3\/5\/5K, ZAX240, ZAX250, ZAX260, ZAX330-3\/5\/6, ZAX450\/470, ZAX650\/670, ZAX850\/870<\/td>\n<\/tr>\n<tr>\n<td style=\"width: 11.2661%;\">\n<div class=\"magic-32\"><b data-spm-anchor-id=\"a2700.details.0.i55.45d84a73e99C9z\">DOOSAN (DH\/DX)<\/b><\/div>\n<\/td>\n<td style=\"width: 88.6266%;\">\n<div class=\"magic-33\"><span class=\"magic-34\">DH55, DH60, DH80, DH150, DH215-5\/7, DH220-5, DH225-5\/7, DH258, DH300-5\/7, DH370, DH420, DH500<br \/>\nDX55, DX60, DX75, DX130, DX225-9, DX300, DX380, DX420, DX500<\/span><\/div>\n<\/td>\n<\/tr>\n<tr>\n<td style=\"width: 11.2661%;\">\n<div class=\"magic-32\"><b>VOLVO (EG)<\/b><\/div>\n<\/td>\n<td style=\"width: 88.6266%;\">\n<div class=\"magic-33\"><span class=\"magic-34\">EC55, EC60, EC75, EC80, EC140, EC210B\/D, EC220D, EC240, EC250, EC290, EC300, EC360 EC380, EC460, EC480, EC700, EC750, EC950<\/span><\/div>\n<\/td>\n<\/tr>\n<tr>\n<td style=\"width: 11.2661%;\">\n<div class=\"magic-32\"><b>KATO (HD)<\/b><\/div>\n<\/td>\n<td style=\"width: 88.6266%;\">\n<div class=\"magic-33\"><span class=\"magic-34\">HD307\/308,HD450,HD512,HD700-5\/7,HD820-1\/2\/3\/5\/R,HD1023-1\/3,HD1430-1\/3<\/span><\/div>\n<\/td>\n<\/tr>\n<tr>\n<td style=\"width: 11.2661%;\">\n<div class=\"magic-32\"><b>ANDERE MARKE<\/b><\/div>\n<\/td>\n<td style=\"width: 88.6266%;\">\n<div class=\"magic-33\"><span class=\"magic-34\">XCMG,LIUGONG,KUBOTA,CASE,YANMAR,SUNWARD,ZOOMLION,LISHIDE,LIEHERR<\/span><\/div>\n<\/td>\n<\/tr>\n<\/tbody>\n<\/table>\n<h3>Funktionsprinzip des hydraulischen Lenkzylinders eines Hubarbeitsb\u00fchnenfahrzeugs<\/h3>\n<p>Der Lenkhydraulikzylinder des Hubarbeitsb\u00fchnenfahrzeugs arbeitet nach den Prinzipien der Hydraulik und nutzt den Fl\u00fcssigkeitsdruck, um Bewegung und Kraft f\u00fcr die Lenkung des Fahrzeugs zu erzeugen. Hier ist eine \u00dcbersicht der Funktionsweise:<\/p>\n<h4>1. Hydraulische Fluiddynamik<\/h4>\n<p>Der Zylinder enth\u00e4lt Hydraulikfl\u00fcssigkeit, typischerweise \u00d6l, die zur Kraft\u00fcbertragung dient. Beim Bet\u00e4tigen der Lenkung pumpt eine Pumpe Hydraulikfl\u00fcssigkeit in den Zylinder.<\/p>\n<h4>2. Kolbenbewegung<\/h4>\n<p>Im Inneren des Zylinders befindet sich ein Kolben, der den Zylinder in zwei Kammern teilt. Wenn Hydraulikfl\u00fcssigkeit in eine der Kammern str\u00f6mt, dr\u00fcckt sie den Kolben und versetzt ihn in Bewegung. Diese Bewegung bewirkt die Lenkung des Fahrzeugs.<\/p>\n<h4>3. Fl\u00fcssigkeitsdruckregelung<\/h4>\n<p>Die Menge und der Druck der Hydraulikfl\u00fcssigkeit werden reguliert, um Geschwindigkeit und Kraft der Kolbenbewegung zu steuern. Durch die Anpassung des Fl\u00fcssigkeitsdurchflusses kann der Bediener pr\u00e4zise Lenkreaktionen erzielen und so ein sanftes und genaues Man\u00f6vrieren erm\u00f6glichen.<\/p>\n<h4>4. R\u00fcckgabemechanismus<\/h4>\n<p>Sobald der gew\u00fcnschte Lenkwinkel erreicht ist, wird die Hydraulikfl\u00fcssigkeit zur\u00fcck in den Vorratsbeh\u00e4lter geleitet, wodurch der Kolben in seine Ausgangsposition zur\u00fcckkehrt. Dieser R\u00fcckstellvorgang ist unerl\u00e4sslich, um den Lenkmechanismus zur\u00fcckzusetzen und f\u00fcr das n\u00e4chste Fahrman\u00f6ver vorzubereiten.<\/p>\n<h4>5. Sicherheitsmerkmale<\/h4>\n<p>Viele hydraulische Lenkzylinder verf\u00fcgen \u00fcber Sicherheitsmechanismen wie Druckbegrenzungsventile, die eine \u00dcberlastung verhindern und einen stabilen Betrieb gew\u00e4hrleisten. Diese Merkmale tragen dazu bei, die Kontrolle \u00fcber das Fahrzeug zu behalten und Unf\u00e4lle zu vermeiden.<\/p>\n<p>Der Lenkhydraulikzylinder nutzt hydraulische Prinzipien effizient und erm\u00f6glicht so die pr\u00e4zise Steuerung und Man\u00f6vrierf\u00e4higkeit von Hubarbeitsb\u00fchnen. Durch die Umwandlung von Hydraulikdruck in lineare Bewegung erlaubt er dem Bediener, sich sicher und effektiv in komplexen Umgebungen zu bewegen und ist damit eine unverzichtbare Komponente f\u00fcr Arbeiten in der H\u00f6he.<\/p>\n<h2>\u00dcber FMP<\/h2>\n<p>FMP ist ein spezialisierter Hersteller von Hydraulikzylindern und bekannt f\u00fcr seinen starken Fokus auf Forschung und Produktion. Seit seiner Gr\u00fcndung hat sich das Unternehmen der kontinuierlichen Weiterentwicklung der Hydraulikzylindertechnologie verschrieben. Urspr\u00fcnglich produzierte FMP ein breites Produktspektrum f\u00fcr Ernte- und Baumaschinen; heute konzentriert sich das Unternehmen jedoch speziell auf Komponenten f\u00fcr landwirtschaftliche Traktoren.<\/p>\n<p>Mit \u00fcber einem Jahrzehnt Fertigungskompetenz kombiniert FMP umfassende Managementerfahrung mit fortschrittlichen Produktionstechnologien, um h\u00f6chste Qualit\u00e4tsstandards f\u00fcr seine Produkte zu gew\u00e4hrleisten. Das Unternehmen verf\u00fcgt \u00fcber eine umfassende Fertigungslinie f\u00fcr die maschinelle Bearbeitung, Montage und Beschichtung und gew\u00e4hrleistet so zuverl\u00e4ssige und effiziente Fertigungsprozesse.<\/p>\n<p>Das Wachstum von FMP wurde von einem engagierten Team aus erfahrenen F\u00fchrungskr\u00e4ften, qualifizierten Maschinenbauern und hochqualifizierten Technikern unterst\u00fctzt. Dieser kooperative Ansatz gew\u00e4hrleistet eine gleichbleibende Produktqualit\u00e4t und sorgt f\u00fcr eine effektive Prozesskontinuit\u00e4t, wodurch die Gesamtproduktionseffizienz gesteigert wird.<\/p>\n<p>Im Mittelpunkt der FMP-Philosophie stehen die Werte \u201eTechnologische Innovation treibt Fortschritt voran\u201c, \u201eQualit\u00e4t schafft Marken\u201c, \u201eHandwerkskunst sichert Qualit\u00e4t\u201c und \u201eAufbau langfristiger Win-Win-Beziehungen\u201c. Das Unternehmen ist bestrebt, qualitativ hochwertige Produkte anzubieten und gleichzeitig einen hervorragenden Kundenservice zu bieten. FMP ist kontinuierlich bestrebt, sich an die sich entwickelnden Bed\u00fcrfnisse des Marktes anzupassen und sich als vertrauensw\u00fcrdiger Partner in der Landmaschinenindustrie zu positionieren. Durch sein Engagement f\u00fcr Innovation und Qualit\u00e4t m\u00f6chte FMP ma\u00dfgeblich zur Weiterentwicklung der Hydrauliktechnologie im Agrarsektor beitragen.<\/p>\n<p><img loading=\"lazy\" decoding=\"async\" class=\"alignnone wp-image-359\" src=\"https:\/\/fmp-components.com\/wp-content\/uploads\/2024\/12\/fmp-factory-3.webp\" sizes=\"(min-width: 0px) and (max-width: 480px) 480px, (min-width: 481px) 914px, 100vw\" srcset=\"https:\/\/fmp-components.com\/wp-content\/uploads\/2024\/12\/fmp-factory-3.webp 914w, https:\/\/fmp-components.com\/wp-content\/uploads\/2024\/12\/fmp-factory-3-480x321.webp 480w\" alt=\"fmp-fabrik\" width=\"914\" height=\"612\" title=\"\"><\/p>\n<p>Autor: CX<\/p>","protected":false},"excerpt":{"rendered":"<p>Der Lenkhydraulikzylinder f\u00fcr Hubarbeitsb\u00fchnen ist eine unverzichtbare Komponente f\u00fcr die pr\u00e4zise Steuerung von Hubarbeitsb\u00fchnen. Er erm\u00f6glicht ein sanftes und reaktionsschnelles Man\u00f6vrieren, sodass Bediener auch auf engstem Raum pr\u00e4zise navigieren und das Fahrzeug bei verschiedenen Aufgaben exakt positionieren k\u00f6nnen. Gefertigt aus hochfesten Materialien, gew\u00e4hrleistet er Langlebigkeit und Zuverl\u00e4ssigkeit auch unter anspruchsvollen Bedingungen. Das effiziente Hydrauliksystem verbessert nicht nur die Lenkleistung, sondern tr\u00e4gt auch zur allgemeinen Betriebssicherheit bei. Dank seiner F\u00e4higkeit, die Man\u00f6vrierf\u00e4higkeit zu optimieren, ist dieser Lenkhydraulikzylinder entscheidend f\u00fcr die maximale Effektivit\u00e4t von Hubarbeitsb\u00fchnen im Bauwesen, bei Wartungsarbeiten und in der Energieversorgung.<\/p>","protected":false},"featured_media":416,"comment_status":"open","ping_status":"closed","template":"","meta":{"_et_pb_use_builder":"","_et_pb_old_content":"","_et_gb_content_width":""},"product_brand":[],"product_cat":[22],"product_tag":[],"class_list":{"0":"post-411","1":"product","2":"type-product","3":"status-publish","4":"has-post-thumbnail","6":"product_cat-aerial-work-vehicle-hydraulic-cylinders","8":"first","9":"instock","10":"shipping-taxable","11":"product-type-simple"},"_links":{"self":[{"href":"https:\/\/fmp-components.com\/de\/wp-json\/wp\/v2\/product\/411","targetHints":{"allow":["GET"]}}],"collection":[{"href":"https:\/\/fmp-components.com\/de\/wp-json\/wp\/v2\/product"}],"about":[{"href":"https:\/\/fmp-components.com\/de\/wp-json\/wp\/v2\/types\/product"}],"replies":[{"embeddable":true,"href":"https:\/\/fmp-components.com\/de\/wp-json\/wp\/v2\/comments?post=411"}],"wp:featuredmedia":[{"embeddable":true,"href":"https:\/\/fmp-components.com\/de\/wp-json\/wp\/v2\/media\/416"}],"wp:attachment":[{"href":"https:\/\/fmp-components.com\/de\/wp-json\/wp\/v2\/media?parent=411"}],"wp:term":[{"taxonomy":"product_brand","embeddable":true,"href":"https:\/\/fmp-components.com\/de\/wp-json\/wp\/v2\/product_brand?post=411"},{"taxonomy":"product_cat","embeddable":true,"href":"https:\/\/fmp-components.com\/de\/wp-json\/wp\/v2\/product_cat?post=411"},{"taxonomy":"product_tag","embeddable":true,"href":"https:\/\/fmp-components.com\/de\/wp-json\/wp\/v2\/product_tag?post=411"}],"curies":[{"name":"wp","href":"https:\/\/api.w.org\/{rel}","templated":true}]}}