{"id":397,"date":"2024-12-10T02:38:22","date_gmt":"2024-12-10T02:38:22","guid":{"rendered":"https:\/\/fmp-components.com\/?page_id=8"},"modified":"2024-12-10T02:54:39","modified_gmt":"2024-12-10T02:54:39","slug":"scissor-fork-aerial-work-vehicle-lifting-hydraulic-cylinder","status":"publish","type":"product","link":"https:\/\/fmp-components.com\/de\/product\/scissor-fork-aerial-work-vehicle-lifting-hydraulic-cylinder\/","title":{"rendered":"Hydraulikzylinder zum Anheben von Hubarbeitsfahrzeugen mit Scherengabel"},"content":{"rendered":"<p style=\"text-align: center;\"><span style=\"font-size: 18pt;\">Hydraulikzylinder zum Anheben von Hubarbeitsfahrzeugen mit Scherengabel<\/span><\/p>\n<p>Der Hydraulikzylinder f\u00fcr Scherenarbeitsb\u00fchnen ist eine unverzichtbare Komponente f\u00fcr zuverl\u00e4ssige Hubkraft. Er ist auf optimale Leistung ausgelegt und erm\u00f6glicht ein sanftes und kontrolliertes Anheben der Arbeitsb\u00fchne \u2013 eine entscheidende Voraussetzung f\u00fcr den sicheren und effizienten Zugang zu h\u00f6her gelegenen Arbeitsbereichen.<\/p>\n<p><img loading=\"lazy\" decoding=\"async\" class=\"size-full wp-image-407 aligncenter\" src=\"https:\/\/fmp-components.com\/wp-content\/uploads\/2024\/12\/Scissor-Fork-Aerial-Work-Vehicle-Lifting-Hydraulic-Cylinder.webp\" alt=\"Hydraulikzylinder zum Anheben von Hubarbeitsfahrzeugen mit Scherengabel\" width=\"500\" height=\"500\" title=\"\" srcset=\"https:\/\/fmp-components.com\/wp-content\/uploads\/2024\/12\/Scissor-Fork-Aerial-Work-Vehicle-Lifting-Hydraulic-Cylinder.webp 500w, https:\/\/fmp-components.com\/wp-content\/uploads\/2024\/12\/Scissor-Fork-Aerial-Work-Vehicle-Lifting-Hydraulic-Cylinder-480x480.webp 480w\" sizes=\"(min-width: 0px) and (max-width: 480px) 480px, (min-width: 481px) 500px, 100vw\" \/><\/p>\n<h4>Hauptmerkmale:<\/h4>\n<ul>\n<li>Robuste Konstruktion: Dieser Hubzylinder ist aus hochfesten Materialien gefertigt und so konstruiert, dass er hohen Belastungen standh\u00e4lt und auch unter rauen Arbeitsbedingungen zuverl\u00e4ssig funktioniert. Dies gew\u00e4hrleistet Langlebigkeit und dauerhafte Leistungsf\u00e4higkeit.<\/li>\n<li>Reibungsloser Hydraulikbetrieb: Das fortschrittliche Hydrauliksystem erm\u00f6glicht nahtlose Hebe- und Senkvorg\u00e4nge und bietet dem Bediener eine pr\u00e4zise Kontrolle \u00fcber die Plattformh\u00f6he bei verschiedenen Aufgaben.<\/li>\n<li>Erh\u00f6hte Sicherheit: Der Zylinder wurde mit Blick auf die Sicherheit entwickelt und verf\u00fcgt \u00fcber Merkmale, die pl\u00f6tzliche Bewegungen verhindern und einen stabilen Betrieb gew\u00e4hrleisten, wodurch das Unfallrisiko bei Arbeiten in der H\u00f6he reduziert wird.<\/li>\n<li>Vielseitige Einsatzm\u00f6glichkeiten: Dieser hydraulische Hubzylinder eignet sich ideal f\u00fcr eine breite Palette von Anwendungen, darunter Bauwesen, Instandhaltung und industrielle Umgebungen, und verbessert die Funktionalit\u00e4t von Scherengabel-Arbeitsb\u00fchnen.<\/li>\n<li>Einfache Integration: Der Zylinder ist f\u00fcr die unkomplizierte Installation in bestehende Hebesysteme konzipiert, wodurch Ausfallzeiten minimiert und ein schneller Einsatz vor Ort erm\u00f6glicht werden.<\/li>\n<\/ul>\n<p>Zusammenfassend l\u00e4sst sich sagen, dass der hydraulische Hubzylinder f\u00fcr Scherengabeln an Hubarbeitsb\u00fchnen eine wichtige Komponente darstellt, die die Sicherheit, Effizienz und Produktivit\u00e4t von Hubarbeitsb\u00fchnen erh\u00f6ht und ihn somit zu einem unverzichtbaren Werkzeug f\u00fcr Bediener in verschiedenen Branchen macht, die L\u00f6sungen f\u00fcr den Zugang in der H\u00f6he ben\u00f6tigen.<\/p>\n<h2>Hydraulikzylinderteile f\u00fcr Scherengabel-Hubarbeitsb\u00fchnen:<\/h2>\n<p><img loading=\"lazy\" decoding=\"async\" class=\"alignnone size-full wp-image-404\" src=\"https:\/\/fmp-components.com\/wp-content\/uploads\/2024\/12\/Scissor-Fork-Aerial-Work-Vehicle-Lifting-Hydraulic-Cylinder-Parts.webp\" alt=\"\" width=\"1024\" height=\"634\" title=\"\" srcset=\"https:\/\/fmp-components.com\/wp-content\/uploads\/2024\/12\/Scissor-Fork-Aerial-Work-Vehicle-Lifting-Hydraulic-Cylinder-Parts.webp 1024w, https:\/\/fmp-components.com\/wp-content\/uploads\/2024\/12\/Scissor-Fork-Aerial-Work-Vehicle-Lifting-Hydraulic-Cylinder-Parts-980x607.webp 980w, https:\/\/fmp-components.com\/wp-content\/uploads\/2024\/12\/Scissor-Fork-Aerial-Work-Vehicle-Lifting-Hydraulic-Cylinder-Parts-480x297.webp 480w\" sizes=\"(min-width: 0px) and (max-width: 480px) 480px, (min-width: 481px) and (max-width: 980px) 980px, (min-width: 981px) 1024px, 100vw\" \/><\/p>\n<table class=\"has-title all magic-26\" style=\"width: 97.5988%; height: 214px;\" border=\"1\" cellspacing=\"0\" cellpadding=\"0\">\n<tbody>\n<tr>\n<td style=\"width: 6.0665%;\" colspan=\"1\" rowspan=\"1\">\n<div class=\"magic-27\" data-spm-anchor-id=\"a2700.details.0.i26.201d6d46acEaSr\">1<\/div>\n<\/td>\n<td style=\"width: 52.9018%;\" colspan=\"1\" rowspan=\"1\">\n<div class=\"magic-28\">Zylindergeh\u00e4usebaugruppe<\/div>\n<\/td>\n<td style=\"width: 6.16271%;\" colspan=\"1\" rowspan=\"1\">\n<div class=\"magic-27\">9<\/div>\n<\/td>\n<td style=\"width: 34.6345%;\" colspan=\"1\" rowspan=\"1\">\n<div class=\"magic-29\">Du Bush<\/div>\n<\/td>\n<\/tr>\n<tr>\n<td style=\"width: 6.0665%;\" colspan=\"1\" rowspan=\"1\">\n<div class=\"magic-27\">2<\/div>\n<\/td>\n<td style=\"width: 52.9018%;\" colspan=\"1\" rowspan=\"1\">\n<div class=\"magic-28\">F\u00fchrungsbuchse<\/div>\n<\/td>\n<td style=\"width: 6.16271%;\" colspan=\"1\" rowspan=\"1\">\n<div class=\"magic-27\">10<\/div>\n<\/td>\n<td style=\"width: 34.6345%;\" colspan=\"1\" rowspan=\"1\">\n<div class=\"magic-29\">O-Ring<\/div>\n<\/td>\n<\/tr>\n<tr>\n<td style=\"width: 6.0665%;\" colspan=\"1\" rowspan=\"1\">\n<div class=\"magic-27\">3<\/div>\n<\/td>\n<td style=\"width: 52.9018%;\" colspan=\"1\" rowspan=\"1\">\n<div class=\"magic-28\">Kolben<\/div>\n<\/td>\n<td style=\"width: 6.16271%;\" colspan=\"1\" rowspan=\"1\">\n<div class=\"magic-27\">11<\/div>\n<\/td>\n<td style=\"width: 34.6345%;\" colspan=\"1\" rowspan=\"1\">\n<div class=\"magic-29\">O-Ring<\/div>\n<\/td>\n<\/tr>\n<tr>\n<td style=\"width: 6.0665%;\" colspan=\"1\" rowspan=\"1\">\n<div class=\"magic-27\">4<\/div>\n<\/td>\n<td style=\"width: 52.9018%;\" colspan=\"1\" rowspan=\"1\">\n<div class=\"magic-28\">Kolbenstange<\/div>\n<\/td>\n<td style=\"width: 6.16271%;\" colspan=\"1\" rowspan=\"1\">\n<div class=\"magic-27\">12<\/div>\n<\/td>\n<td style=\"width: 34.6345%;\" colspan=\"1\" rowspan=\"1\">\n<div class=\"magic-29\">Lochdichtung<\/div>\n<\/td>\n<\/tr>\n<tr>\n<td style=\"width: 6.0665%;\" colspan=\"1\" rowspan=\"1\">\n<div class=\"magic-27\">5<\/div>\n<\/td>\n<td style=\"width: 52.9018%;\" colspan=\"1\" rowspan=\"1\">\n<div class=\"magic-28\">Verbundlager<\/div>\n<\/td>\n<td style=\"width: 6.16271%;\" colspan=\"1\" rowspan=\"1\">\n<div class=\"magic-27\">13<\/div>\n<\/td>\n<td style=\"width: 34.6345%;\" colspan=\"1\" rowspan=\"1\">\n<div class=\"magic-29\">Verschlei\u00dfring<\/div>\n<\/td>\n<\/tr>\n<tr>\n<td style=\"width: 6.0665%;\" colspan=\"1\" rowspan=\"1\">\n<div class=\"magic-27\">6<\/div>\n<\/td>\n<td style=\"width: 52.9018%;\" colspan=\"1\" rowspan=\"1\">\n<div class=\"magic-28\">Staubwischer<\/div>\n<\/td>\n<td style=\"width: 6.16271%;\" colspan=\"1\" rowspan=\"1\">\n<div class=\"magic-27\">14<\/div>\n<\/td>\n<td style=\"width: 34.6345%;\" colspan=\"1\" rowspan=\"1\">\n<div class=\"magic-29\">Stellschrauben<\/div>\n<\/td>\n<\/tr>\n<tr>\n<td style=\"width: 6.0665%;\" colspan=\"1\" rowspan=\"1\">\n<div class=\"magic-27\">7<\/div>\n<\/td>\n<td style=\"width: 52.9018%;\" colspan=\"1\" rowspan=\"1\">\n<div class=\"magic-28\">U-Ring<\/div>\n<\/td>\n<td style=\"width: 6.16271%;\" colspan=\"1\" rowspan=\"1\">\n<div class=\"magic-27\">15<\/div>\n<\/td>\n<td style=\"width: 34.6345%;\" colspan=\"1\" rowspan=\"1\">\n<div class=\"magic-29\">Staubschutzh\u00fclle<\/div>\n<\/td>\n<\/tr>\n<tr>\n<td style=\"width: 6.0665%;\" colspan=\"1\" rowspan=\"1\">\n<div class=\"magic-27\">8<\/div>\n<\/td>\n<td style=\"width: 52.9018%;\" colspan=\"1\" rowspan=\"1\">\n<div class=\"magic-28\">O-Ring<\/div>\n<\/td>\n<td style=\"width: 6.16271%;\" colspan=\"1\" rowspan=\"1\">\n<div class=\"magic-27\"><\/div>\n<\/td>\n<td style=\"width: 34.6345%;\" colspan=\"1\" rowspan=\"1\"><\/td>\n<\/tr>\n<\/tbody>\n<\/table>\n<h2>Abmessungen des Hydraulikzylinders f\u00fcr die Hebevorrichtung von Scherengabel-Arbeitsb\u00fchnen:<\/h2>\n<table>\n<tbody>\n<tr>\n<td><img loading=\"lazy\" decoding=\"async\" class=\"alignnone size-full wp-image-400\" src=\"https:\/\/fmp-components.com\/wp-content\/uploads\/2024\/12\/Scissor-Fork-Aerial-Work-Vehicle-Lifting-Hydraulic-Cylinder-Dimensions-1.webp\" alt=\"\" width=\"680\" height=\"210\" title=\"\" srcset=\"https:\/\/fmp-components.com\/wp-content\/uploads\/2024\/12\/Scissor-Fork-Aerial-Work-Vehicle-Lifting-Hydraulic-Cylinder-Dimensions-1.webp 680w, https:\/\/fmp-components.com\/wp-content\/uploads\/2024\/12\/Scissor-Fork-Aerial-Work-Vehicle-Lifting-Hydraulic-Cylinder-Dimensions-1-480x148.webp 480w\" sizes=\"(min-width: 0px) and (max-width: 480px) 480px, (min-width: 481px) 680px, 100vw\" \/><\/td>\n<td><img loading=\"lazy\" decoding=\"async\" class=\"alignnone size-full wp-image-401\" src=\"https:\/\/fmp-components.com\/wp-content\/uploads\/2024\/12\/Scissor-Fork-Aerial-Work-Vehicle-Lifting-Hydraulic-Cylinder-Dimensions-2.webp\" alt=\"\" width=\"680\" height=\"210\" title=\"\" srcset=\"https:\/\/fmp-components.com\/wp-content\/uploads\/2024\/12\/Scissor-Fork-Aerial-Work-Vehicle-Lifting-Hydraulic-Cylinder-Dimensions-2.webp 680w, https:\/\/fmp-components.com\/wp-content\/uploads\/2024\/12\/Scissor-Fork-Aerial-Work-Vehicle-Lifting-Hydraulic-Cylinder-Dimensions-2-480x148.webp 480w\" sizes=\"(min-width: 0px) and (max-width: 480px) 480px, (min-width: 481px) 680px, 100vw\" \/><\/td>\n<\/tr>\n<\/tbody>\n<\/table>\n<table border=\"1\" cellspacing=\"0\" cellpadding=\"0\">\n<tbody>\n<tr>\n<td width=\"246\">Zylindername<\/td>\n<td width=\"336\">Zeichnungsnummer<\/td>\n<td width=\"126\">Bohrungsdurchmesser (D)<\/td>\n<td width=\"123\">Stabdurchmesser (d)<\/td>\n<td width=\"114\">Schlaganfall (S)<\/td>\n<td width=\"170\">Installationsabstand (L)<\/td>\n<td width=\"172\">Arbeitsdruck<\/td>\n<td width=\"366\">Schnittstellenma\u00dfe (M)<\/td>\n<td width=\"96\">Gewicht<\/td>\n<\/tr>\n<tr>\n<td class=\"et3\" width=\"246\" height=\"173\">Hubzylinder<\/td>\n<td class=\"et4\" width=\"336\">78XEN-620100-001<\/td>\n<td class=\"et4\" width=\"126\">\u03a665<\/td>\n<td class=\"et4\" width=\"123\">\u03a645<\/td>\n<td class=\"et4\" width=\"114\">840<\/td>\n<td class=\"et4\" width=\"170\">1075<\/td>\n<td class=\"et4\" width=\"172\">18 MPa<\/td>\n<td class=\"et4\" width=\"366\">G1\/4; \u03a66; M14*1,5<\/td>\n<td class=\"et4\" width=\"96\">27 kg<\/td>\n<\/tr>\n<\/tbody>\n<\/table>\n<table>\n<tbody>\n<tr>\n<td><img loading=\"lazy\" decoding=\"async\" class=\"alignnone size-full wp-image-402\" src=\"https:\/\/fmp-components.com\/wp-content\/uploads\/2024\/12\/Scissor-Fork-Aerial-Work-Vehicle-Lifting-Hydraulic-Cylinder-Dimensions-3.webp\" alt=\"\" width=\"680\" height=\"300\" title=\"\" srcset=\"https:\/\/fmp-components.com\/wp-content\/uploads\/2024\/12\/Scissor-Fork-Aerial-Work-Vehicle-Lifting-Hydraulic-Cylinder-Dimensions-3.webp 680w, https:\/\/fmp-components.com\/wp-content\/uploads\/2024\/12\/Scissor-Fork-Aerial-Work-Vehicle-Lifting-Hydraulic-Cylinder-Dimensions-3-480x212.webp 480w\" sizes=\"(min-width: 0px) and (max-width: 480px) 480px, (min-width: 481px) 680px, 100vw\" \/><\/td>\n<td><img loading=\"lazy\" decoding=\"async\" class=\"alignnone size-full wp-image-403\" src=\"https:\/\/fmp-components.com\/wp-content\/uploads\/2024\/12\/Scissor-Fork-Aerial-Work-Vehicle-Lifting-Hydraulic-Cylinder-Dimensions-4.webp\" alt=\"\" width=\"680\" height=\"300\" title=\"\" srcset=\"https:\/\/fmp-components.com\/wp-content\/uploads\/2024\/12\/Scissor-Fork-Aerial-Work-Vehicle-Lifting-Hydraulic-Cylinder-Dimensions-4.webp 680w, https:\/\/fmp-components.com\/wp-content\/uploads\/2024\/12\/Scissor-Fork-Aerial-Work-Vehicle-Lifting-Hydraulic-Cylinder-Dimensions-4-480x212.webp 480w\" sizes=\"(min-width: 0px) and (max-width: 480px) 480px, (min-width: 481px) 680px, 100vw\" \/><\/td>\n<\/tr>\n<\/tbody>\n<\/table>\n<table style=\"width: 100%; height: 168px;\" border=\"1\" cellspacing=\"0\" cellpadding=\"0\">\n<tbody>\n<tr style=\"height: 71px;\">\n<td style=\"height: 71px;\" width=\"246\">Zylindername<\/td>\n<td style=\"height: 71px;\" width=\"336\">Zeichnungsnummer<\/td>\n<td style=\"height: 71px;\" width=\"126\">Bohrungsdurchmesser (D)<\/td>\n<td style=\"height: 71px;\" width=\"123\">Stabdurchmesser (d)<\/td>\n<td style=\"height: 71px;\" width=\"114\">Schlaganfall (S)<\/td>\n<td style=\"height: 71px;\" width=\"170\">Installationsabstand (L)<\/td>\n<td style=\"height: 71px;\" width=\"172\">Arbeitsdruck<\/td>\n<td style=\"height: 71px;\" width=\"366\">Schnittstellenma\u00dfe (M)<\/td>\n<td style=\"height: 71px;\" width=\"96\">Gewicht<\/td>\n<\/tr>\n<tr style=\"height: 53px;\">\n<td class=\"et3\" style=\"height: 53px;\" width=\"246\" height=\"222\">Hubzylinder<\/td>\n<td class=\"et4\" style=\"height: 53px;\" width=\"336\">JCPT1212HD-531000-00A<\/td>\n<td class=\"et4\" style=\"height: 53px;\" width=\"126\">\u03a675<\/td>\n<td class=\"et4\" style=\"height: 53px;\" width=\"123\">\u03a663<\/td>\n<td class=\"et4\" style=\"height: 53px;\" width=\"114\">1269<\/td>\n<td class=\"et4\" style=\"height: 53px;\" width=\"170\">1530<\/td>\n<td class=\"et4\" style=\"height: 53px;\" width=\"172\">25 MPa<\/td>\n<td class=\"et4\" style=\"height: 53px;\" width=\"366\">G1\/4;M18*1.5<\/td>\n<td class=\"et4\" style=\"height: 53px;\" width=\"96\">60 kg<\/td>\n<\/tr>\n<tr style=\"height: 44px;\">\n<td class=\"et3\" style=\"height: 44px;\" width=\"246\" height=\"222\">Hubzylinder<\/td>\n<td class=\"et4\" style=\"height: 44px;\">JCPT0607DCS-531000-00A<\/td>\n<td class=\"et4\" style=\"height: 44px;\">\u03a663<\/td>\n<td class=\"et4\" style=\"height: 44px;\">\u03a640<\/td>\n<td class=\"et4\" style=\"height: 44px;\">563<\/td>\n<td class=\"et4\" style=\"height: 44px;\">812<\/td>\n<td class=\"et4\" style=\"height: 44px;\">20 MPa<\/td>\n<td class=\"et4\" style=\"height: 44px;\">G1\/4;M18*1.5<\/td>\n<td class=\"et4\" style=\"height: 44px;\">17 kg<\/td>\n<\/tr>\n<\/tbody>\n<\/table>\n<h2>Hydraulikzylinder. Verf\u00fcgbare Marken und Modelle:<\/h2>\n<table border=\"1\" cellspacing=\"0\" cellpadding=\"0\">\n<tbody>\n<tr>\n<td><b data-spm-anchor-id=\"a2700.details.0.i43.45d84a73e99C9z\">KOMATSU (PC)<\/b><\/td>\n<td>PC30,PC40,PC50,PC56,PC60,PC78,PC100,PC110,PC120,PC130,PC160,PC200-3\/5\/6\/7\/8\/8MO,PC210,PC220-5\/6\/7\/8\/8MO,PC240,PC300\/350\/360-5\/6\/7\/8\/8MO,PC400\/450-5\/6\/7\/8\/8MO,PC800,PC850<\/td>\n<\/tr>\n<tr>\n<td><b>RAUPE (E)<\/b><\/td>\n<td>E301.5,E302,E305.5,E306,E307V1\/V2\/B\/C\/D\/E\/F,E308B\/C,E120B,E312V1\/V2\/B\/C\/D,E313D2,E312D2,E315D,<br \/>\nE200B, E320V1\/V2\/A\/B\/C\/D, E324D, E325C\/D, E329D, E330\/336C\/D, E345C, E349D, E365C, E374, E390<\/td>\n<\/tr>\n<tr>\n<td><b>KOBELCO (SK)<\/b><\/td>\n<td>SK60-3\/5\/8, SK75-8\/SR, SK100, SK120-3\/5, SK135-8\/SR, SK140-8, SK200-3\/5\/6\/6E, SK210-3\/5\/6\/6E,<br \/>\nSK230\/250-6E,SK250-8,SK260-8,SK350-8\/S8,SK460\/480-8<\/td>\n<\/tr>\n<tr>\n<td><b>HYUNDAI (R)<\/b><\/td>\n<td>R55-5\/7, R60-5\/7, R80, R110,R130, R200-5, R210-5, R215-5\/7,R220-5\/7\/9, R225-5\/7\/9, R250,R260,R265,R290,R305,R445,R485, R505<\/td>\n<\/tr>\n<tr>\n<td><b data-spm-anchor-id=\"a2700.details.0.i53.45d84a73e99C9z\">HITACHI (EX.ZX)<\/b><\/td>\n<td>EX60,EX100-1\/2\/3,EX120-1\/3\/5\/6,EX200-1\/3\/5,EX230-5,EX300-1,EX400<br \/>\nZAX60, ZAX70, ZA120-6, ZAX200\/210-1\/3\/5\/5K, ZAX240, ZAX250, ZAX260, ZAX330-3\/5\/6, ZAX450\/470, ZAX650\/670, ZAX850\/870<\/td>\n<\/tr>\n<tr>\n<td>\n<div class=\"magic-32\"><b data-spm-anchor-id=\"a2700.details.0.i55.45d84a73e99C9z\">DOOSAN (DH\/DX)<\/b><\/div>\n<\/td>\n<td>\n<div class=\"magic-33\"><span class=\"magic-34\">DH55, DH60, DH80, DH150, DH215-5\/7, DH220-5, DH225-5\/7, DH258, DH300-5\/7, DH370, DH420, DH500<br \/>\nDX55, DX60, DX75, DX130, DX225-9, DX300, DX380, DX420, DX500<\/span><\/div>\n<\/td>\n<\/tr>\n<tr>\n<td>\n<div class=\"magic-32\"><b>VOLVO (EG)<\/b><\/div>\n<\/td>\n<td>\n<div class=\"magic-33\"><span class=\"magic-34\">EC55, EC60, EC75, EC80, EC140, EC210B\/D, EC220D, EC240, EC250, EC290, EC300, EC360 EC380, EC460, EC480, EC700, EC750, EC950<\/span><\/div>\n<\/td>\n<\/tr>\n<tr>\n<td>\n<div class=\"magic-32\"><b>KATO (HD)<\/b><\/div>\n<\/td>\n<td>\n<div class=\"magic-33\"><span class=\"magic-34\">HD307\/308,HD450,HD512,HD700-5\/7,HD820-1\/2\/3\/5\/R,HD1023-1\/3,HD1430-1\/3<\/span><\/div>\n<\/td>\n<\/tr>\n<tr>\n<td>\n<div class=\"magic-32\"><b>ANDERE MARKE<\/b><\/div>\n<\/td>\n<td>\n<div class=\"magic-33\"><span class=\"magic-34\">XCMG,LIUGONG,KUBOTA,CASE,YANMAR,SUNWARD,ZOOMLION,LISHIDE,LIEHERR<\/span><\/div>\n<\/td>\n<\/tr>\n<\/tbody>\n<\/table>\n<h3>Vorteile des hydraulischen Hubzylinders f\u00fcr Scherengabeln an Hubarbeitsb\u00fchnen<\/h3>\n<h4>1. Verbesserte Hubkapazit\u00e4t<\/h4>\n<p>Der hydraulische Hubzylinder f\u00fcr Scherengabel-Arbeitsb\u00fchnen ist f\u00fcr eine hohe Hubkraft ausgelegt und erm\u00f6glicht das sichere Anheben schwerer Lasten. Dadurch k\u00f6nnen Bediener eine Vielzahl von Aufgaben \u2013 von Bau- bis hin zu Wartungsarbeiten \u2013 effizient und ohne Kompromisse bei Sicherheit oder Leistung bew\u00e4ltigen.<\/p>\n<h4>2. Reibungsloser und pr\u00e4ziser Betrieb<\/h4>\n<p>Ausgestattet mit einem hochentwickelten Hydrauliksystem gew\u00e4hrleistet dieser Hubzylinder sanfte und kontrollierte Bewegungen. Bediener k\u00f6nnen die Plattformh\u00f6he pr\u00e4zise einstellen, was eine genaue Positionierung f\u00fcr verschiedene Anwendungen erm\u00f6glicht und die Effizienz des gesamten Arbeitsablaufs verbessert.<\/p>\n<h4>3. Robuste Haltbarkeit<\/h4>\n<p>Der aus hochfesten Materialien gefertigte Hubzylinder ist f\u00fcr anspruchsvolle Umgebungen und intensive Beanspruchung ausgelegt. Diese Langlebigkeit f\u00fchrt zu einer l\u00e4ngeren Lebensdauer und einem geringeren Wartungsaufwand, was letztendlich die Betriebskosten f\u00fcr Unternehmen senkt.<\/p>\n<h4>4. Sicherheitsmerkmale<\/h4>\n<p>Sicherheit hat bei Arbeiten in der H\u00f6he oberste Priorit\u00e4t. Dieser Hydraulikzylinder verf\u00fcgt \u00fcber Funktionen, die pl\u00f6tzliche Bewegungen verhindern und die Stabilit\u00e4t erh\u00f6hen. Diese Sicherheitsmechanismen geben dem Bediener Sicherheit und erm\u00f6glichen es ihm, sich auf seine Aufgaben zu konzentrieren, w\u00e4hrend gleichzeitig das Unfallrisiko minimiert wird.<\/p>\n<h4>5. Vielseitigkeit in verschiedenen Anwendungen<\/h4>\n<p>Der hydraulische Hubzylinder f\u00fcr Scherengabeln von Hubarbeitsb\u00fchnen ist vielseitig einsetzbar und eignet sich f\u00fcr eine breite Palette von Branchen, darunter Bauwesen, Instandhaltung und industrielle Anwendungen. Seine Anpassungsf\u00e4higkeit macht ihn zu einem unverzichtbaren Werkzeug f\u00fcr jedes Unternehmen, das auf Hubarbeitsb\u00fchnen angewiesen ist, und gew\u00e4hrleistet die effiziente Ausf\u00fchrung verschiedenster Arbeiten in der H\u00f6he.<\/p>\n<table style=\"width: 100.251%; height: 397px;\" width=\"290\">\n<tbody>\n<tr style=\"height: 397px;\">\n<td style=\"width: 52.0342%; height: 397px;\" width=\"226\"><img loading=\"lazy\" decoding=\"async\" class=\"wp-image-399 aligncenter\" src=\"https:\/\/fmp-components.com\/wp-content\/uploads\/2024\/12\/Scissor-Fork-Aerial-Work-Vehicle-Lifting-Hydraulic-Cylinder-Applications-2.webp\" alt=\"\" width=\"399\" height=\"399\" title=\"\"><\/td>\n<td style=\"width: 47.3234%; height: 397px;\" width=\"64\"><img loading=\"lazy\" decoding=\"async\" class=\"alignnone wp-image-398\" src=\"https:\/\/fmp-components.com\/wp-content\/uploads\/2024\/12\/Scissor-Fork-Aerial-Work-Vehicle-Lifting-Hydraulic-Cylinder-Applications-1.webp\" alt=\"\" width=\"401\" height=\"401\" title=\"\"><\/td>\n<\/tr>\n<\/tbody>\n<\/table>\n<h2>\u00dcber FMP<\/h2>\n<p>FMP ist ein spezialisierter Hersteller von Hydraulikzylindern und bekannt f\u00fcr seinen starken Fokus auf Forschung und Produktion. Seit seiner Gr\u00fcndung hat sich das Unternehmen der kontinuierlichen Weiterentwicklung der Hydraulikzylindertechnologie verschrieben. Urspr\u00fcnglich produzierte FMP ein breites Produktspektrum f\u00fcr Ernte- und Baumaschinen; heute konzentriert sich das Unternehmen jedoch speziell auf Komponenten f\u00fcr landwirtschaftliche Traktoren.<\/p>\n<p>Mit \u00fcber einem Jahrzehnt Fertigungskompetenz kombiniert FMP umfassende Managementerfahrung mit fortschrittlichen Produktionstechnologien, um h\u00f6chste Qualit\u00e4tsstandards f\u00fcr seine Produkte zu gew\u00e4hrleisten. Das Unternehmen verf\u00fcgt \u00fcber eine umfassende Fertigungslinie f\u00fcr die maschinelle Bearbeitung, Montage und Beschichtung und gew\u00e4hrleistet so zuverl\u00e4ssige und effiziente Fertigungsprozesse.<\/p>\n<p>Das Wachstum von FMP wurde von einem engagierten Team aus erfahrenen F\u00fchrungskr\u00e4ften, qualifizierten Maschinenbauern und hochqualifizierten Technikern unterst\u00fctzt. Dieser kooperative Ansatz gew\u00e4hrleistet eine gleichbleibende Produktqualit\u00e4t und sorgt f\u00fcr eine effektive Prozesskontinuit\u00e4t, wodurch die Gesamtproduktionseffizienz gesteigert wird.<\/p>\n<p>Im Mittelpunkt der FMP-Philosophie stehen die Werte \u201eTechnologische Innovation treibt Fortschritt voran\u201c, \u201eQualit\u00e4t schafft Marken\u201c, \u201eHandwerkskunst sichert Qualit\u00e4t\u201c und \u201eAufbau langfristiger Win-Win-Beziehungen\u201c. Das Unternehmen ist bestrebt, qualitativ hochwertige Produkte anzubieten und gleichzeitig einen hervorragenden Kundenservice zu bieten. FMP ist kontinuierlich bestrebt, sich an die sich entwickelnden Bed\u00fcrfnisse des Marktes anzupassen und sich als vertrauensw\u00fcrdiger Partner in der Landmaschinenindustrie zu positionieren. Durch sein Engagement f\u00fcr Innovation und Qualit\u00e4t m\u00f6chte FMP ma\u00dfgeblich zur Weiterentwicklung der Hydrauliktechnologie im Agrarsektor beitragen.<\/p>\n<p><img loading=\"lazy\" decoding=\"async\" class=\"alignnone wp-image-359\" src=\"https:\/\/fmp-components.com\/wp-content\/uploads\/2024\/12\/fmp-factory-3.webp\" sizes=\"(min-width: 0px) and (max-width: 480px) 480px, (min-width: 481px) 914px, 100vw\" srcset=\"https:\/\/fmp-components.com\/wp-content\/uploads\/2024\/12\/fmp-factory-3.webp 914w, https:\/\/fmp-components.com\/wp-content\/uploads\/2024\/12\/fmp-factory-3-480x321.webp 480w\" alt=\"fmp-fabrik\" width=\"914\" height=\"612\" title=\"\"><\/p>\n<p>Autor: CX<\/p>","protected":false},"excerpt":{"rendered":"<p>Der Hydraulikzylinder f\u00fcr Scherenarbeitsb\u00fchnen ist eine entscheidende Komponente, die die notwendige Hubkraft f\u00fcr Scherenarbeitsb\u00fchnen bereitstellt. Dieser auf Effizienz und Zuverl\u00e4ssigkeit ausgelegte Hydraulikzylinder erm\u00f6glicht ein sanftes und kontrolliertes Anheben der Plattform und somit den sicheren Zugang zu h\u00f6her gelegenen Arbeitsbereichen. Gefertigt aus hochfesten Materialien, h\u00e4lt er hohen Belastungen und rauen Bedingungen stand und gew\u00e4hrleistet so eine lange Lebensdauer. Sein fortschrittliches Hydrauliksystem erm\u00f6glicht pr\u00e4zise Hebe- und Senkvorg\u00e4nge und macht ihn ideal f\u00fcr vielf\u00e4ltige Anwendungen im Bauwesen, in der Instandhaltung und in industriellen Umgebungen. Mit diesem Hubhydraulikzylinder steigern Bediener ihre Produktivit\u00e4t und gew\u00e4hrleisten gleichzeitig die Sicherheit in der H\u00f6he.<\/p>","protected":false},"featured_media":407,"comment_status":"open","ping_status":"closed","template":"","meta":{"_et_pb_use_builder":"","_et_pb_old_content":"","_et_gb_content_width":""},"product_brand":[],"product_cat":[22],"product_tag":[],"class_list":{"0":"post-397","1":"product","2":"type-product","3":"status-publish","4":"has-post-thumbnail","6":"product_cat-aerial-work-vehicle-hydraulic-cylinders","8":"first","9":"instock","10":"shipping-taxable","11":"product-type-simple"},"_links":{"self":[{"href":"https:\/\/fmp-components.com\/de\/wp-json\/wp\/v2\/product\/397","targetHints":{"allow":["GET"]}}],"collection":[{"href":"https:\/\/fmp-components.com\/de\/wp-json\/wp\/v2\/product"}],"about":[{"href":"https:\/\/fmp-components.com\/de\/wp-json\/wp\/v2\/types\/product"}],"replies":[{"embeddable":true,"href":"https:\/\/fmp-components.com\/de\/wp-json\/wp\/v2\/comments?post=397"}],"wp:featuredmedia":[{"embeddable":true,"href":"https:\/\/fmp-components.com\/de\/wp-json\/wp\/v2\/media\/407"}],"wp:attachment":[{"href":"https:\/\/fmp-components.com\/de\/wp-json\/wp\/v2\/media?parent=397"}],"wp:term":[{"taxonomy":"product_brand","embeddable":true,"href":"https:\/\/fmp-components.com\/de\/wp-json\/wp\/v2\/product_brand?post=397"},{"taxonomy":"product_cat","embeddable":true,"href":"https:\/\/fmp-components.com\/de\/wp-json\/wp\/v2\/product_cat?post=397"},{"taxonomy":"product_tag","embeddable":true,"href":"https:\/\/fmp-components.com\/de\/wp-json\/wp\/v2\/product_tag?post=397"}],"curies":[{"name":"wp","href":"https:\/\/api.w.org\/{rel}","templated":true}]}}