{"id":3697,"date":"2025-01-09T07:44:24","date_gmt":"2025-01-09T07:44:24","guid":{"rendered":"https:\/\/fmp-components.com\/?page_id=8"},"modified":"2025-01-09T07:44:24","modified_gmt":"2025-01-09T07:44:24","slug":"wheel-drive-planetary-gearbox-reducer-for-cranes","status":"publish","type":"product","link":"https:\/\/fmp-components.com\/de\/product\/wheel-drive-planetary-gearbox-reducer-for-cranes\/","title":{"rendered":"Planetengetriebe mit Radantrieb f\u00fcr Kr\u00e4ne"},"content":{"rendered":"<p style=\"text-align: center;\"><span style=\"font-size: 18pt;\">Planetengetriebe mit Radantrieb f\u00fcr Kr\u00e4ne<\/span><\/p>\n<p>Das Planetengetriebe mit Radantrieb f\u00fcr Kr\u00e4ne ist eine Schl\u00fcsselkomponente f\u00fcr die Mobilit\u00e4t und Stabilit\u00e4t von Kr\u00e4nen. Es \u00fcbertr\u00e4gt die Kraft vom Kranmotor auf die R\u00e4der und sorgt so f\u00fcr eine gleichm\u00e4\u00dfige und kontrollierte Bewegung. Je nach Radkonfiguration des Krans k\u00f6nnen mehrere Planetengetriebe zum Antrieb jedes Rades eingesetzt werden, sodass der Kran in unterschiedlichen Arbeitsumgebungen effektiv man\u00f6vrieren kann.<\/p>\n<p><img loading=\"lazy\" decoding=\"async\" class=\"wp-image-3698 aligncenter\" src=\"https:\/\/fmp-components.com\/wp-content\/uploads\/2025\/01\/0_wheel-drive-application-2-11.webp\" alt=\"Radantriebsanwendung\" width=\"537\" height=\"453\" title=\"\" srcset=\"https:\/\/fmp-components.com\/wp-content\/uploads\/2025\/01\/0_wheel-drive-application-2-11.webp 344w, https:\/\/fmp-components.com\/wp-content\/uploads\/2025\/01\/0_wheel-drive-application-2-11-300x253.webp 300w, https:\/\/fmp-components.com\/wp-content\/uploads\/2025\/01\/0_wheel-drive-application-2-11-14x12.webp 14w\" sizes=\"(max-width: 537px) 100vw, 537px\" \/><\/p>\n<p><strong>Leistungsanforderungen an den Radantrieb von Kr\u00e4nen<\/strong><\/p>\n<ul>\n<li><strong>Hohe Drehmomentkapazit\u00e4t:<\/strong> Das Getriebe muss in der Lage sein, die hohen Lasten des Krans zu bew\u00e4ltigen und unter anspruchsvollen Bedingungen eine zuverl\u00e4ssige Kraft\u00fcbertragung auf die R\u00e4der zu gew\u00e4hrleisten.<\/li>\n<li><strong>Ger\u00e4uscharmer Betrieb:<\/strong> Um die L\u00e4rmbel\u00e4stigung auf Baustellen zu minimieren, ist das Getriebe auf einen leisen Betrieb ausgelegt und sorgt so f\u00fcr eine ruhige Arbeitsumgebung.<\/li>\n<li><strong>Hohe Effizienz:<\/strong> Das Getriebe sollte eine effiziente Kraft\u00fcbertragung erm\u00f6glichen, den Energieverlust verringern und die Kranleistung f\u00fcr maximale Produktivit\u00e4t optimieren.<\/li>\n<li><strong>Haltbarkeit:<\/strong> Das Getriebe ist f\u00fcr den Einsatz in anspruchsvollen Arbeitsumgebungen konzipiert und muss harten Bedingungen standhalten, darunter extremen Wetterbedingungen und starker Beanspruchung, um eine lange Lebensdauer zu gew\u00e4hrleisten.<\/li>\n<li><strong>Stabilit\u00e4t:<\/strong> Das Getriebe spielt eine entscheidende Rolle dabei, sicherzustellen, dass der Kran auf einer stabilen Plattform arbeitet und beim Heben und Bewegen schwerer Lasten das Gleichgewicht und die Kontrolle beh\u00e4lt.<\/li>\n<\/ul>\n<h2>Funktionsweise des Radantriebs bei Kr\u00e4nen<\/h2>\n<p>Der Radantrieb bei Kr\u00e4nen bezeichnet den Mechanismus, der die R\u00e4der des Krans antreibt und ihm so erm\u00f6glicht, sich entlang einer Schiene oder \u00fcber eine Fl\u00e4che zu bewegen. Dieses System verwendet typischerweise Elektro- oder Hydraulikmotoren, die mit den R\u00e4dern verbunden sind und das n\u00f6tige Drehmoment zum Bewegen des Krans erzeugen. Die Art des Antriebs (hydraulisch oder elektrisch) h\u00e4ngt von der Konstruktion des Krans und den Anwendungsanforderungen ab.<\/p>\n<p>Bei elektrischen Radantriebssystemen versorgen Elektromotoren die R\u00e4der \u00fcber Untersetzungsgetriebe oder Direktantriebe mit Energie. Die Motoren werden h\u00e4ufig \u00fcber die Hauptstromversorgung des Krans oder eine externe Quelle mit Strom versorgt. Diese Motoren lassen sich \u00fcber ausgekl\u00fcgelte Systeme steuern, um Geschwindigkeit, Richtung und Beschleunigung des Krans anzupassen und so Pr\u00e4zision und Effizienz zu gew\u00e4hrleisten.<\/p>\n<p>Hydraulische Radantriebssysteme hingegen nutzen Hydraulikmotoren zum Antrieb der R\u00e4der. Diese Motoren werden von Hydraulikpumpen angetrieben, die typischerweise von einem Diesel- oder Elektromotor angetrieben werden. Der hydraulische Antrieb bietet ein hohes Drehmoment und wird h\u00e4ufig bei Kr\u00e4nen bevorzugt, die schwere Lasten bewegen oder in anspruchsvollen Umgebungen arbeiten m\u00fcssen, in denen hohe Leistung und robuste Leistung gefragt sind.<\/p>\n<p><img loading=\"lazy\" decoding=\"async\" class=\"wp-image-3699 aligncenter\" src=\"https:\/\/fmp-components.com\/wp-content\/uploads\/2025\/01\/0_Reggiana-Riduttori-71.webp\" alt=\"Reggiana-Riduttori\" width=\"726\" height=\"620\" title=\"\" srcset=\"https:\/\/fmp-components.com\/wp-content\/uploads\/2025\/01\/0_Reggiana-Riduttori-71.webp 726w, https:\/\/fmp-components.com\/wp-content\/uploads\/2025\/01\/0_Reggiana-Riduttori-71-480x410.webp 480w\" sizes=\"(min-width: 0px) and (max-width: 480px) 480px, (min-width: 481px) 726px, 100vw\" \/><\/p>\n<h2>Beliebte Marken und Kompatibilit\u00e4t<\/h2>\n<p><span style=\"color: #ff0000;\"><em><strong>Hinweis: Die im Artikel genannten Markennamen dienen lediglich unserer Bequemlichkeit, damit unsere Kunden das Zubeh\u00f6r der entsprechenden Landmaschinenmarke ausw\u00e4hlen und ersetzen k\u00f6nnen. Es handelt sich nicht um den Verkauf der Produkte dieser Marke.<\/strong><\/em><\/span><\/p>\n<table style=\"width: 96.3288%; height: 140px;\">\n<tbody>\n<tr>\n<th>Marke<\/th>\n<th>Modell<\/th>\n<th>Kompatibilit\u00e4t<\/th>\n<\/tr>\n<tr>\n<td>Zoomlion<\/td>\n<td>QUY260<\/td>\n<td>Kompatibel<\/td>\n<\/tr>\n<tr>\n<td>XCMG<\/td>\n<td>QY50K<\/td>\n<td>Kompatibel<\/td>\n<\/tr>\n<tr>\n<td>Sany<\/td>\n<td>STC250<\/td>\n<td>Kompatibel<\/td>\n<\/tr>\n<tr>\n<td>Terex<\/td>\n<td>RT555-1<\/td>\n<td>Kompatibel<\/td>\n<\/tr>\n<\/tbody>\n<\/table>\n<h2>\u00dcber FMP<\/h2>\n<p>FMP ist ein f\u00fchrender Hersteller, der sich auf die Produktion einer breiten Palette mechanischer und hydraulischer Getriebeprodukte spezialisiert hat. Unser Produktsortiment umfasst Planetengetriebe, Schneckengetriebe, Stirnradgetriebe, Parallelwellen-Stirnradgetriebe, Kegelstirnradgetriebe, Stirnradschneckengetriebe, Agrargetriebe, Traktorgetriebe, Automobilgetriebe, Abtriebswellen und Spezialgetriebe. Dar\u00fcber hinaus bieten wir eine umfassende Auswahl an erg\u00e4nzenden Komponenten wie Kettenr\u00e4der, Hydrauliksysteme, Vakuumpumpen, Hydraulikkupplungen, Zahnstangen, Ketten, Zahnriemenscheiben, UDL-Getriebe, Keilriemenscheiben, Hydraulikzylinder, Zahnradpumpen, Schraubenkompressoren und spielarme Schneckengetriebe.<\/p>\n<p><strong>Ma\u00dfgeschneiderte L\u00f6sungen f\u00fcr jeden Bedarf<\/strong><\/p>\n<p>Wir bei FMP wissen, dass jede Anwendung einzigartig ist. Deshalb bieten wir individuell anpassbare L\u00f6sungen an, darunter ma\u00dfgeschneiderte Getriebe, Getriebemotoren, Hydrauliksysteme und Motoren, die auf die spezifischen Anforderungen unserer Kunden zugeschnitten sind. Unsere flexiblen Fertigungskapazit\u00e4ten erm\u00f6glichen es uns, pr\u00e4zise konstruierte Produkte zu entwickeln, die maximale Effizienz und optimale Leistung f\u00fcr jede Anwendung gew\u00e4hrleisten.<\/p>\n<p><strong>Engagement f\u00fcr Qualit\u00e4t und Innovation<\/strong><\/p>\n<p>Wir legen gr\u00f6\u00dften Wert darauf, bei jedem unserer Produkte h\u00f6chste Qualit\u00e4ts- und Zuverl\u00e4ssigkeitsstandards einzuhalten. Unsere modernen Pr\u00fcf- und Inspektionsger\u00e4te sowie ein hochqualifiziertes technisches Team stellen sicher, dass jedes Produkt den strengen Industriestandards entspricht. Ob Standardl\u00f6sungen oder kundenspezifische Produkte \u2013 FMP liefert Spitzenqualit\u00e4t, die selbst in anspruchsvollsten Umgebungen herausragende Leistungen erbringt.<\/p>\n<p>FMP hat in den letzten Jahren ein rasantes Wachstum erlebt, das auf unsere umfassende Produktionserfahrung, unsere robusten Managementsysteme und unser fundiertes technisches Know-how zur\u00fcckzuf\u00fchren ist. Unsere Philosophie \u201eQualit\u00e4t f\u00fcr das \u00dcberleben und Innovation f\u00fcr die Entwicklung\u201c ist der Grundstein unseres Erfolgs und treibt kontinuierliche Verbesserung und Wachstum voran.<\/p>\n<p><strong>Partnerschaft f\u00fcr den Erfolg<\/strong><\/p>\n<p>Bei FMP legen wir Wert auf die Zusammenarbeit und langfristige Partnerschaften mit unseren Kunden. Wir arbeiten eng mit ihnen zusammen, um innovative, zuverl\u00e4ssige L\u00f6sungen zu liefern, die ihre Erwartungen \u00fcbertreffen. Unser Ziel ist es, nicht nur die Bed\u00fcrfnisse unserer Kunden zu erf\u00fcllen, sondern auch dauerhafte Beziehungen aufzubauen, die auf Vertrauen, Qualit\u00e4t und gemeinsamem Erfolg basieren.<\/p>\n<p>Mit Fokus auf Pr\u00e4zisionstechnik, Zuverl\u00e4ssigkeit und ma\u00dfgeschneiderten Dienstleistungen ist FMP der zuverl\u00e4ssige Partner f\u00fcr alle Ihre mechanischen und hydraulischen Getriebeanforderungen. Wir freuen uns auf die Zusammenarbeit mit Ihnen, um gemeinsam Erfolge zu erzielen und Spitzenleistungen zu erzielen.<\/p>\n<p><img loading=\"lazy\" decoding=\"async\" class=\"alignnone size-full wp-image-3678\" src=\"https:\/\/fmp-components.com\/wp-content\/uploads\/2025\/01\/worm-gearbox-factory1.webp\" alt=\"Schneckengetriebefabrik\" width=\"1024\" height=\"888\" title=\"\" srcset=\"https:\/\/fmp-components.com\/wp-content\/uploads\/2025\/01\/worm-gearbox-factory1.webp 1024w, https:\/\/fmp-components.com\/wp-content\/uploads\/2025\/01\/worm-gearbox-factory1-980x850.webp 980w, https:\/\/fmp-components.com\/wp-content\/uploads\/2025\/01\/worm-gearbox-factory1-480x416.webp 480w\" sizes=\"(min-width: 0px) and (max-width: 480px) 480px, (min-width: 481px) and (max-width: 980px) 980px, (min-width: 981px) 1024px, 100vw\" \/><\/p>\n<p>Autor: CX<\/p>","protected":false},"excerpt":{"rendered":"<p>Wheel Drive Planetary Gearbox Reducer for Cranes The wheel drive planetary gearbox reducer for cranes is a key component in providing mobility and stability to cranes. It is responsible for transmitting power from the crane\u2019s engine to the wheels, ensuring smooth and controlled movement. Depending on the crane&#8217;s wheel configuration, multiple planetary gearboxes may be [&hellip;]<\/p>","protected":false},"featured_media":3700,"comment_status":"open","ping_status":"closed","template":"","meta":{"_et_pb_use_builder":"","_et_pb_old_content":"","_et_gb_content_width":""},"product_brand":[],"product_cat":[90],"product_tag":[],"class_list":{"0":"post-3697","1":"product","2":"type-product","3":"status-publish","4":"has-post-thumbnail","6":"product_cat-planetary-gearbox","8":"first","9":"instock","10":"shipping-taxable","11":"product-type-simple"},"_links":{"self":[{"href":"https:\/\/fmp-components.com\/de\/wp-json\/wp\/v2\/product\/3697","targetHints":{"allow":["GET"]}}],"collection":[{"href":"https:\/\/fmp-components.com\/de\/wp-json\/wp\/v2\/product"}],"about":[{"href":"https:\/\/fmp-components.com\/de\/wp-json\/wp\/v2\/types\/product"}],"replies":[{"embeddable":true,"href":"https:\/\/fmp-components.com\/de\/wp-json\/wp\/v2\/comments?post=3697"}],"wp:featuredmedia":[{"embeddable":true,"href":"https:\/\/fmp-components.com\/de\/wp-json\/wp\/v2\/media\/3700"}],"wp:attachment":[{"href":"https:\/\/fmp-components.com\/de\/wp-json\/wp\/v2\/media?parent=3697"}],"wp:term":[{"taxonomy":"product_brand","embeddable":true,"href":"https:\/\/fmp-components.com\/de\/wp-json\/wp\/v2\/product_brand?post=3697"},{"taxonomy":"product_cat","embeddable":true,"href":"https:\/\/fmp-components.com\/de\/wp-json\/wp\/v2\/product_cat?post=3697"},{"taxonomy":"product_tag","embeddable":true,"href":"https:\/\/fmp-components.com\/de\/wp-json\/wp\/v2\/product_tag?post=3697"}],"curies":[{"name":"wp","href":"https:\/\/api.w.org\/{rel}","templated":true}]}}