{"id":3686,"date":"2025-01-09T06:39:01","date_gmt":"2025-01-09T06:39:01","guid":{"rendered":"https:\/\/fmp-components.com\/?page_id=8"},"modified":"2025-01-09T06:39:01","modified_gmt":"2025-01-09T06:39:01","slug":"wheel-drive-planetary-gearbox-reducer-for-road-reclaimers-and-grades","status":"publish","type":"product","link":"https:\/\/fmp-components.com\/de\/product\/wheel-drive-planetary-gearbox-reducer-for-road-reclaimers-and-grades\/","title":{"rendered":"Planetengetriebe mit Radantrieb f\u00fcr Stra\u00dfenr\u00fcckgewinnungsmaschinen und Planierraupen"},"content":{"rendered":"<p><img loading=\"lazy\" decoding=\"async\" class=\"alignnone wp-image-3687\" src=\"https:\/\/fmp-components.com\/wp-content\/uploads\/2025\/01\/0_wheel-drive-for-Road-Reclaimers-and-Grades-0.webp\" alt=\"Radantrieb f\u00fcr Stra\u00dfenr\u00fcckgewinnungsmaschinen und -planierraupen\" width=\"863\" height=\"647\" title=\"\" srcset=\"https:\/\/fmp-components.com\/wp-content\/uploads\/2025\/01\/0_wheel-drive-for-Road-Reclaimers-and-Grades-0.webp 400w, https:\/\/fmp-components.com\/wp-content\/uploads\/2025\/01\/0_wheel-drive-for-Road-Reclaimers-and-Grades-0-300x225.webp 300w, https:\/\/fmp-components.com\/wp-content\/uploads\/2025\/01\/0_wheel-drive-for-Road-Reclaimers-and-Grades-0-16x12.webp 16w\" sizes=\"(max-width: 863px) 100vw, 863px\" \/><\/p>\n<h2>Radantrieb f\u00fcr Stra\u00dfenr\u00fcckgewinnungsger\u00e4te<\/h2>\n<p>Der Radantrieb von Stra\u00dfenr\u00fcckgewinnungsmaschinen ist eine wichtige Komponente, die f\u00fcr die n\u00f6tige Mobilit\u00e4t und Traktion sorgt. Stra\u00dfenr\u00fcckgewinnungsmaschinen sind gro\u00dfe, hochbelastbare Maschinen, die im Stra\u00dfenbau und in der Stra\u00dfeninstandhaltung zum Fr\u00e4sen und Reparieren von Stra\u00dfenoberfl\u00e4chen eingesetzt werden. Dank des Radantriebssystems k\u00f6nnen sich diese Maschinen auf verschiedenen Oberfl\u00e4chen wie Schotter, Asphalt und Erde bewegen und dabei Stabilit\u00e4t und Leistung bewahren.<\/p>\n<p><img loading=\"lazy\" decoding=\"async\" class=\"size-full wp-image-3688 aligncenter\" src=\"https:\/\/fmp-components.com\/wp-content\/uploads\/2025\/01\/ep_wheel-drive-2-1.webp\" alt=\"Radantrieb\" width=\"608\" height=\"677\" title=\"\" srcset=\"https:\/\/fmp-components.com\/wp-content\/uploads\/2025\/01\/ep_wheel-drive-2-1.webp 608w, https:\/\/fmp-components.com\/wp-content\/uploads\/2025\/01\/ep_wheel-drive-2-1-480x534.webp 480w\" sizes=\"(min-width: 0px) and (max-width: 480px) 480px, (min-width: 481px) 608px, 100vw\" \/><\/p>\n<p><strong>Schl\u00fcsselrolle und -funktion:<\/strong><\/p>\n<p>Der Radantrieb von Stra\u00dfenr\u00fcckgewinnungsmaschinen \u00fcbertr\u00e4gt die Kraft vom Motor oder Hydrauliksystem auf die R\u00e4der. Dies gew\u00e4hrleistet eine effiziente Fortbewegung auch auf unebenem, absch\u00fcssigem Gel\u00e4nde. Das System ist typischerweise mit drehmomentstarken Antrieben ausgestattet, die es der Maschine erm\u00f6glichen, auch unter hoher Last schwierige Oberfl\u00e4chen ohne Traktionsverlust zu bew\u00e4ltigen. Zudem erm\u00f6glicht es eine kontrollierte Geschwindigkeit, sodass die Maschine mit der richtigen Geschwindigkeit f\u00fcr Fr\u00e4s- und Oberfl\u00e4chenvorbereitungsarbeiten f\u00e4hrt.<\/p>\n<p><strong>Leistung und Haltbarkeit:<\/strong><\/p>\n<p>Angesichts der anspruchsvollen Einsatzbedingungen von Stra\u00dfenr\u00fcckgewinnungsmaschinen ist das Radantriebssystem auf Langlebigkeit und Zuverl\u00e4ssigkeit ausgelegt. Es ist f\u00fcr hohe Belastungen wie h\u00e4ufiges Anfahren und Stoppen sowie den Betrieb in rauen Umgebungen ausgelegt. Die robuste Konstruktion des Systems gew\u00e4hrleistet eine lange Lebensdauer und minimalen Wartungsaufwand. Dies ist entscheidend f\u00fcr die Reduzierung von Ausfallzeiten und einen effizienten Betrieb der Ger\u00e4te auch bei langen, intensiven Arbeitszyklen.<\/p>\n<h2>Perfekt an die Arbeitsumgebung von Stra\u00dfenfr\u00e4sen angepasst<\/h2>\n<p>Das Radantriebssystem f\u00fcr Stra\u00dfenr\u00fcckgewinnungsmaschinen ist perfekt an die anspruchsvollen Arbeitsumgebungen im Stra\u00dfenbau und in der Stra\u00dfeninstandhaltung angepasst. Diese Maschinen arbeiten oft auf unebenem, rauem und unvorhersehbarem Gel\u00e4nde, darunter Asphalt-, Schotter- und Feldwege, und bew\u00e4ltigen dabei hohe Arbeitslasten. Das Radantriebssystem ist auf optimale Traktion, Stabilit\u00e4t und Mobilit\u00e4t ausgelegt und stellt sicher, dass die R\u00fcckgewinnungsmaschine ihre Aufgaben wie das Fr\u00e4sen, Instandsetzen und Recyceln von Stra\u00dfenoberfl\u00e4chen unabh\u00e4ngig von den Gel\u00e4ndebedingungen effektiv erf\u00fcllen kann.<\/p>\n<p><strong>Hohes Drehmoment und Traktion f\u00fcr anspruchsvolle Bedingungen<\/strong><\/p>\n<p>Stra\u00dfenr\u00fcckgewinnungsmaschinen ben\u00f6tigen ein hohes Drehmoment und Traktion, um sich auf schwierigem Untergrund zu bewegen und gleichzeitig eine gleichbleibende Leistung zu gew\u00e4hrleisten. Das Radantriebssystem ist auf hohes Drehmoment ausgelegt und stellt sicher, dass die Maschine selbst unter schwierigsten Bedingungen wie steilen Steigungen, losem Schotter und verdichteten Stra\u00dfenoberfl\u00e4chen meistert. Dies f\u00fchrt zu einem ruhigeren Betrieb, besserer Kontrolle und der F\u00e4higkeit, schwieriges Gel\u00e4nde ohne Schleudern oder Abw\u00fcrgen zu bew\u00e4ltigen.<\/p>\n<p><strong>Haltbarkeit und Zuverl\u00e4ssigkeit in rauen Umgebungen<\/strong><\/p>\n<p>Die harten Arbeitsbedingungen von Stra\u00dfenr\u00fcckgewinnungsmaschinen, einschlie\u00dflich Staubbelastung, Vibrationen und h\u00e4ufigem Betrieb auf rauen, instabilen Oberfl\u00e4chen, erfordern ein Radantriebssystem, das auf Langlebigkeit und Zuverl\u00e4ssigkeit ausgelegt ist. Das System ist aus hochwertigen Materialien und mit modernster Technik gefertigt, um diesen Belastungen \u00fcber lange Zeitr\u00e4ume standzuhalten. Mit minimalem Wartungsaufwand und hervorragender Leistung unter Last sorgt der Radantrieb daf\u00fcr, dass die R\u00fcckgewinnungsmaschine auch w\u00e4hrend langer, anspruchsvoller Arbeitsschichten einsatzbereit und effizient bleibt. Dies reduziert letztendlich Ausfallzeiten und verbessert die Gesamtproduktivit\u00e4t.<\/p>\n<p><img loading=\"lazy\" decoding=\"async\" class=\"alignnone wp-image-3689\" src=\"https:\/\/fmp-components.com\/wp-content\/uploads\/2025\/01\/0_Reggiana-Riduttori-8.webp\" alt=\"Reggiana-Riduttori\" width=\"859\" height=\"734\" title=\"\" srcset=\"https:\/\/fmp-components.com\/wp-content\/uploads\/2025\/01\/0_Reggiana-Riduttori-8.webp 859w, https:\/\/fmp-components.com\/wp-content\/uploads\/2025\/01\/0_Reggiana-Riduttori-8-480x410.webp 480w\" sizes=\"(min-width: 0px) and (max-width: 480px) 480px, (min-width: 481px) 859px, 100vw\" \/><\/p>\n<h3>Kompatibilit\u00e4t mit g\u00e4ngigen Modellen<\/h3>\n<p data-spm-anchor-id=\"5176.28103460.0.i154.22d63f99WoHmOF\">Listen Sie einige g\u00e4ngige Marken und Modelle von Stra\u00dfenr\u00fcckgewinnungsmaschinen auf, die theoretisch mit mehreren Radantrieben kompatibel sein k\u00f6nnen, deren spezifische Kompatibilit\u00e4t jedoch gem\u00e4\u00df den technischen Spezifikationen und Anpassungsanforderungen des Herstellers erfolgen muss:<\/p>\n<ul>\n<li data-spm-anchor-id=\"5176.28103460.0.i154.22d63f99WoHmOF\">Wirtgen: Stra\u00dfenregenerationsmaschinen wie die Wirtgen-Serien WR 200 und WR 250.<\/li>\n<li data-spm-anchor-id=\"5176.28103460.0.i154.22d63f99WoHmOF\">Caterpillar: Zum Beispiel Stra\u00dfenk\u00e4lteregenerationsmaschinen Caterpillar PM620 und PM820.<\/li>\n<li data-spm-anchor-id=\"5176.28103460.0.i154.22d63f99WoHmOF\">Fayat Group (Bomag): wie z. B. Regenerationsmaschinen der Serien Bomag BF 600 C und BF 800 P.<\/li>\n<li data-spm-anchor-id=\"5176.28103460.0.i154.22d63f99WoHmOF\">Volvo-Baumaschinen: Zum Beispiel Stra\u00dfenerneuerungsmaschinen Volvo R900S und R1100S.<\/li>\n<li data-spm-anchor-id=\"5176.28103460.0.i154.22d63f99WoHmOF\">Dynapac: Regenerationsmaschine der Serien Dynapac CR 250\/CR 280\/CR 350.<\/li>\n<\/ul>\n<p>Bitte beachten Sie, dass Stra\u00dfenregenerationsmaschinen verschiedener Marken unterschiedliche Konstruktionen aufweisen k\u00f6nnen. Daher ist es notwendig, ein passendes Planetengetriebe mit Radantrieb basierend auf den spezifischen technischen Parametern auszuw\u00e4hlen oder anzupassen. In der Praxis muss sichergestellt werden, dass der Radantrieb ausreichend Drehmoment und Drehzahlregelung bietet und hinsichtlich Bauma\u00dfen, Schnittstellenstandards und Tragf\u00e4higkeit vollst\u00e4ndig zum Hauptk\u00f6rper der Regenerationsmaschine passt.<\/p>\n<p><span style=\"color: #ff0000;\"><em><strong>Hinweis: Die im Artikel genannten Markennamen dienen lediglich unserer Bequemlichkeit, damit unsere Kunden das Zubeh\u00f6r der entsprechenden Landmaschinenmarke ausw\u00e4hlen und ersetzen k\u00f6nnen. Es handelt sich nicht um den Verkauf der Produkte dieser Marke.<\/strong><\/em><\/span><\/p>\n<h2>\u00dcber FMP<\/h2>\n<p>FMP ist ein f\u00fchrender Hersteller, der sich auf die Produktion einer breiten Palette mechanischer und hydraulischer Getriebeprodukte spezialisiert hat. Unser Produktsortiment umfasst Planetengetriebe, Schneckengetriebe, Stirnradgetriebe, Parallelwellen-Stirnradgetriebe, Kegelstirnradgetriebe, Stirnradschneckengetriebe, Agrargetriebe, Traktorgetriebe, Automobilgetriebe, Abtriebswellen und Spezialgetriebe. Dar\u00fcber hinaus bieten wir eine umfassende Auswahl an erg\u00e4nzenden Komponenten wie Kettenr\u00e4der, Hydrauliksysteme, Vakuumpumpen, Hydraulikkupplungen, Zahnstangen, Ketten, Zahnriemenscheiben, UDL-Getriebe, Keilriemenscheiben, Hydraulikzylinder, Zahnradpumpen, Schraubenkompressoren und spielarme Schneckengetriebe.<\/p>\n<p><strong>Ma\u00dfgeschneiderte L\u00f6sungen f\u00fcr jeden Bedarf<\/strong><\/p>\n<p>Wir bei FMP wissen, dass jede Anwendung einzigartig ist. Deshalb bieten wir individuell anpassbare L\u00f6sungen an, darunter ma\u00dfgeschneiderte Getriebe, Getriebemotoren, Hydrauliksysteme und Motoren, die auf die spezifischen Anforderungen unserer Kunden zugeschnitten sind. Unsere flexiblen Fertigungskapazit\u00e4ten erm\u00f6glichen es uns, pr\u00e4zise konstruierte Produkte zu entwickeln, die maximale Effizienz und optimale Leistung f\u00fcr jede Anwendung gew\u00e4hrleisten.<\/p>\n<p><strong>Engagement f\u00fcr Qualit\u00e4t und Innovation<\/strong><\/p>\n<p>Wir legen gr\u00f6\u00dften Wert darauf, bei jedem unserer Produkte h\u00f6chste Qualit\u00e4ts- und Zuverl\u00e4ssigkeitsstandards einzuhalten. Unsere modernen Pr\u00fcf- und Inspektionsger\u00e4te sowie ein hochqualifiziertes technisches Team stellen sicher, dass jedes Produkt den strengen Industriestandards entspricht. Ob Standardl\u00f6sungen oder kundenspezifische Produkte \u2013 FMP liefert Spitzenqualit\u00e4t, die selbst in anspruchsvollsten Umgebungen herausragende Leistungen erbringt.<\/p>\n<p>FMP hat in den letzten Jahren ein rasantes Wachstum erlebt, das auf unsere umfassende Produktionserfahrung, unsere robusten Managementsysteme und unser fundiertes technisches Know-how zur\u00fcckzuf\u00fchren ist. Unsere Philosophie \u201eQualit\u00e4t f\u00fcr das \u00dcberleben und Innovation f\u00fcr die Entwicklung\u201c ist der Grundstein unseres Erfolgs und treibt kontinuierliche Verbesserung und Wachstum voran.<\/p>\n<p><strong>Partnerschaft f\u00fcr den Erfolg<\/strong><\/p>\n<p>Bei FMP legen wir Wert auf die Zusammenarbeit und langfristige Partnerschaften mit unseren Kunden. Wir arbeiten eng mit ihnen zusammen, um innovative, zuverl\u00e4ssige L\u00f6sungen zu liefern, die ihre Erwartungen \u00fcbertreffen. Unser Ziel ist es, nicht nur die Bed\u00fcrfnisse unserer Kunden zu erf\u00fcllen, sondern auch dauerhafte Beziehungen aufzubauen, die auf Vertrauen, Qualit\u00e4t und gemeinsamem Erfolg basieren.<\/p>\n<p>Mit Fokus auf Pr\u00e4zisionstechnik, Zuverl\u00e4ssigkeit und ma\u00dfgeschneiderten Dienstleistungen ist FMP der zuverl\u00e4ssige Partner f\u00fcr alle Ihre mechanischen und hydraulischen Getriebeanforderungen. Wir freuen uns auf die Zusammenarbeit mit Ihnen, um gemeinsam Erfolge zu erzielen und Spitzenleistungen zu erzielen.<\/p>\n<p><img loading=\"lazy\" decoding=\"async\" class=\"alignnone size-full wp-image-3678\" src=\"https:\/\/fmp-components.com\/wp-content\/uploads\/2025\/01\/worm-gearbox-factory1.webp\" alt=\"Schneckengetriebefabrik\" width=\"1024\" height=\"888\" title=\"\" srcset=\"https:\/\/fmp-components.com\/wp-content\/uploads\/2025\/01\/worm-gearbox-factory1.webp 1024w, https:\/\/fmp-components.com\/wp-content\/uploads\/2025\/01\/worm-gearbox-factory1-980x850.webp 980w, https:\/\/fmp-components.com\/wp-content\/uploads\/2025\/01\/worm-gearbox-factory1-480x416.webp 480w\" sizes=\"(min-width: 0px) and (max-width: 480px) 480px, (min-width: 481px) and (max-width: 980px) 980px, (min-width: 981px) 1024px, 100vw\" \/><\/p>\n<p>Autor: CX<\/p>\n<p>&nbsp;<\/p>","protected":false},"excerpt":{"rendered":"<p>Wheel Drive for Road Reclaimers The wheel drive for road reclaimers is a critical component that provides the necessary mobility and traction for road reclaiming machines. Road reclaimers are large, heavy-duty machines used in road construction and maintenance to mill and recondition road surfaces. The wheel drive system enables these machines to move across various [&hellip;]<\/p>","protected":false},"featured_media":3690,"comment_status":"open","ping_status":"closed","template":"","meta":{"_et_pb_use_builder":"","_et_pb_old_content":"","_et_gb_content_width":""},"product_brand":[],"product_cat":[90],"product_tag":[],"class_list":{"0":"post-3686","1":"product","2":"type-product","3":"status-publish","4":"has-post-thumbnail","6":"product_cat-planetary-gearbox","8":"first","9":"instock","10":"shipping-taxable","11":"product-type-simple"},"_links":{"self":[{"href":"https:\/\/fmp-components.com\/de\/wp-json\/wp\/v2\/product\/3686","targetHints":{"allow":["GET"]}}],"collection":[{"href":"https:\/\/fmp-components.com\/de\/wp-json\/wp\/v2\/product"}],"about":[{"href":"https:\/\/fmp-components.com\/de\/wp-json\/wp\/v2\/types\/product"}],"replies":[{"embeddable":true,"href":"https:\/\/fmp-components.com\/de\/wp-json\/wp\/v2\/comments?post=3686"}],"wp:featuredmedia":[{"embeddable":true,"href":"https:\/\/fmp-components.com\/de\/wp-json\/wp\/v2\/media\/3690"}],"wp:attachment":[{"href":"https:\/\/fmp-components.com\/de\/wp-json\/wp\/v2\/media?parent=3686"}],"wp:term":[{"taxonomy":"product_brand","embeddable":true,"href":"https:\/\/fmp-components.com\/de\/wp-json\/wp\/v2\/product_brand?post=3686"},{"taxonomy":"product_cat","embeddable":true,"href":"https:\/\/fmp-components.com\/de\/wp-json\/wp\/v2\/product_cat?post=3686"},{"taxonomy":"product_tag","embeddable":true,"href":"https:\/\/fmp-components.com\/de\/wp-json\/wp\/v2\/product_tag?post=3686"}],"curies":[{"name":"wp","href":"https:\/\/api.w.org\/{rel}","templated":true}]}}