{"id":3619,"date":"2025-01-09T01:56:31","date_gmt":"2025-01-09T01:56:31","guid":{"rendered":"https:\/\/fmp-components.com\/?page_id=8"},"modified":"2025-01-09T01:56:31","modified_gmt":"2025-01-09T01:56:31","slug":"spindle-motor-used-for-cnc-spindle-jszd170c","status":"publish","type":"product","link":"https:\/\/fmp-components.com\/de\/product\/spindle-motor-used-for-cnc-spindle-jszd170c\/","title":{"rendered":"Spindelmotor f\u00fcr CNC-Spindel JSZD170C"},"content":{"rendered":"<p><img loading=\"lazy\" decoding=\"async\" class=\"alignnone size-full wp-image-3621\" src=\"https:\/\/fmp-components.com\/wp-content\/uploads\/2025\/01\/spindle-motor-for-cnc-spindle-jszd170c-2.webp\" alt=\"Spindelmotor f\u00fcr CNC-Spindel jszd170c-2\" width=\"1068\" height=\"718\" title=\"\" srcset=\"https:\/\/fmp-components.com\/wp-content\/uploads\/2025\/01\/spindle-motor-for-cnc-spindle-jszd170c-2.webp 1068w, https:\/\/fmp-components.com\/wp-content\/uploads\/2025\/01\/spindle-motor-for-cnc-spindle-jszd170c-2-980x659.webp 980w, https:\/\/fmp-components.com\/wp-content\/uploads\/2025\/01\/spindle-motor-for-cnc-spindle-jszd170c-2-480x323.webp 480w\" sizes=\"(min-width: 0px) and (max-width: 480px) 480px, (min-width: 481px) and (max-width: 980px) 980px, (min-width: 981px) 1068px, 100vw\" \/><\/p>\n<p><img loading=\"lazy\" decoding=\"async\" class=\"alignnone size-full wp-image-3620\" src=\"https:\/\/fmp-components.com\/wp-content\/uploads\/2025\/01\/spindle-motor-for-cnc-spindle-jszd170c-3.webp\" alt=\"Spindelmotor f\u00fcr CNC-Spindel jszd170c-3\" width=\"1114\" height=\"298\" title=\"\" srcset=\"https:\/\/fmp-components.com\/wp-content\/uploads\/2025\/01\/spindle-motor-for-cnc-spindle-jszd170c-3.webp 1114w, https:\/\/fmp-components.com\/wp-content\/uploads\/2025\/01\/spindle-motor-for-cnc-spindle-jszd170c-3-980x262.webp 980w, https:\/\/fmp-components.com\/wp-content\/uploads\/2025\/01\/spindle-motor-for-cnc-spindle-jszd170c-3-480x128.webp 480w\" sizes=\"(min-width: 0px) and (max-width: 480px) 480px, (min-width: 481px) and (max-width: 980px) 980px, (min-width: 981px) 1114px, 100vw\" \/><\/p>\n<h2>Es gibt zwei M\u00f6glichkeiten f\u00fcr die Ausgabe: Eine ist konstantes Drehmoment und die andere ist konstante Leistung, wie unten dargestellt:<\/h2>\n<p><img loading=\"lazy\" decoding=\"async\" class=\"alignnone size-full wp-image-3573\" src=\"https:\/\/fmp-components.com\/wp-content\/uploads\/2025\/01\/spindle-motor-1.webp\" alt=\"Spindelmotor-1\" width=\"973\" height=\"551\" title=\"\" srcset=\"https:\/\/fmp-components.com\/wp-content\/uploads\/2025\/01\/spindle-motor-1.webp 973w, https:\/\/fmp-components.com\/wp-content\/uploads\/2025\/01\/spindle-motor-1-480x272.webp 480w\" sizes=\"(min-width: 0px) and (max-width: 480px) 480px, (min-width: 481px) 973px, 100vw\" \/><\/p>\n<h2>Nomenklaturerkl\u00e4rung der Motorspindel<\/h2>\n<p><img loading=\"lazy\" decoding=\"async\" class=\"alignnone size-full wp-image-3574\" src=\"https:\/\/fmp-components.com\/wp-content\/uploads\/2025\/01\/spindle-motor-2.webp\" alt=\"Spindelmotor-2\" width=\"666\" height=\"351\" title=\"\" srcset=\"https:\/\/fmp-components.com\/wp-content\/uploads\/2025\/01\/spindle-motor-2.webp 666w, https:\/\/fmp-components.com\/wp-content\/uploads\/2025\/01\/spindle-motor-2-480x253.webp 480w\" sizes=\"(min-width: 0px) and (max-width: 480px) 480px, (min-width: 481px) 666px, 100vw\" \/><\/p>\n<h2>Das Ende der Spindelverbindung<\/h2>\n<p>Es gibt viele verschiedene Anschlussarten, abh\u00e4ngig von der jeweiligen Spindel, siehe die folgende Tabelle.<\/p>\n<p><img loading=\"lazy\" decoding=\"async\" class=\"alignnone wp-image-3575\" src=\"https:\/\/fmp-components.com\/wp-content\/uploads\/2025\/01\/spindle-motor-3.webp\" alt=\"Spindelmotor-\" width=\"885\" height=\"231\" title=\"\" srcset=\"https:\/\/fmp-components.com\/wp-content\/uploads\/2025\/01\/spindle-motor-3.webp 885w, https:\/\/fmp-components.com\/wp-content\/uploads\/2025\/01\/spindle-motor-3-480x125.webp 480w\" sizes=\"(min-width: 0px) and (max-width: 480px) 480px, (min-width: 481px) 885px, 100vw\" \/><\/p>\n<h2>Spindelanleitung<\/h2>\n<div><span id=\"spin1\">1<\/span>Der Frequenzumrichter\u00a0<span id=\"spin2\">muss<\/span>\u00a0entsprechen dem\u00a0<span id=\"spin3\">elektrisch<\/span>\u00a0Spindeleinheit. Die\u00a0<span id=\"spin4\">Basic<\/span>\u00a0Frequenz\u00a0<span id=\"spin5\">oder sogar die<\/span>\u00a0Nennfrequenz\u00a0<span id=\"spin6\">sowie<\/span>\u00a0Stromspannung\u00a0<span id=\"spin7\">m\u00fcssen<\/span>\u00a0die technischen Parameter erf\u00fcllen\u00a0<span id=\"spin8\">der<\/span>\u00a0<span id=\"spin9\">elektrisch<\/span>\u00a0Spindel.<br \/>\n<span id=\"spin10\">2<\/span>.\u00a0<span id=\"spin11\">Elektrisch<\/span>\u00a0Spindel\u00a0<span id=\"spin12\">ist im Allgemeinen<\/span>\u00a0durch zirkulierendes Wasser gek\u00fchlt. K\u00fchlwasser\u00a0<span id=\"spin13\">muss sein<\/span>\u00a0rostfrei und sauber gefiltert. Wenn\u00a0<span id=\"spin14\">Erwerb<\/span>\u00a0Wasser, der Zulauf\u00a0<span id=\"spin15\">muss sein<\/span>\u00a0<span id=\"spin16\">unter<\/span>\u00a0Die\u00a0<span id=\"spin17\">elektrisch<\/span>\u00a0Spindel.<br \/>\n<span id=\"spin18\">drei<\/span>. Wann\u00a0<span id=\"spin19\">Zusammenarbeit mit<\/span>\u00a0eine \u00f6lnebelgeschmierte Spindel, die\u00a0<span id=\"spin20\">Stress<\/span>\u00a0Regelventil\u00a0<span id=\"spin21\">auf der<\/span>\u00a0\u00d6lnebel\u00a0<span id=\"spin22\">Ger\u00e4t<\/span>\u00a0<span id=\"spin23\">sollte sein<\/span>\u00a0eingestellt auf 0,25~0,3 MPA der Nebel\u00a0<span id=\"spin25\">Druck<\/span>\u00a0<span id=\"spin26\">sollte sein<\/span>\u00a00,1 bis 0,2 MPa\u00a0<span id=\"spin28\">und die<\/span>\u00a0<span id=\"spin29\">Vielzahl von<\/span>\u00a0Tropfen \u00d6l\u00a0<span id=\"spin30\">muss sein<\/span>\u00a060-70 Tropfen\/min.\u00a0<span id=\"spin31\">und auch die<\/span>\u00a0Schmier\u00f6l\u00a0<span id=\"spin32\">sollte sein<\/span>\u00a0Glocken\u00f6l oder Turbinen\u00f6l Nr.\u00a0<span id=\"spin33\">20<\/span>.<br \/>\n<span id=\"spin34\">vier<\/span>. Der\u00a0<span id=\"spin35\">Geschwindigkeit<\/span>\u00a0<span id=\"spin36\">rund um die<\/span>\u00a0motorisierte Spindel\u00a0<span id=\"spin37\">F\u00fchrung<\/span>\u00a0<span id=\"spin38\">ist definitiv die<\/span>\u00a0h\u00f6chste\u00a0<span id=\"spin39\">Geschwindigkeit<\/span>, Und\u00a0<span id=\"spin40\">es kann<\/span>\u00a0nicht sein\u00a0<span id=\"spin41\">erh\u00f6ht<\/span>,\u00a0<span id=\"spin42\">dennoch<\/span>\u00a0<span id=\"spin43\">Vielleicht<\/span>\u00a0<span id=\"spin44\">besch\u00e4ftigt<\/span>\u00a0<span id=\"spin45\">reduzieren<\/span><br \/>\nDie\u00a0<span id=\"spin46\">Tempo,<\/span>\u00a0Spannung und Frequenz sind\u00a0<span id=\"spin47\">reduziert<\/span>\u00a0<span id=\"spin48\">sobald die<\/span>\u00a0<span id=\"spin49\">Geschwindigkeit<\/span>\u00a0wird gesenkt.<br \/>\n<span id=\"spin50\">5<\/span>Die Rotation\u00a0<span id=\"spin51\">Kurs<\/span>\u00a0<span id=\"spin52\">mit dem<\/span>\u00a0motorisierte Spindel\u00a0<span id=\"spin53\">ist normalerweise<\/span>\u00a0gegen den Uhrzeigersinn (gesehen\u00a0<span id=\"spin54\">im<\/span>\u00a0Welle). au\u00dfer f\u00fcr\u00a0<span id=\"spin55\">exklusiv<\/span><br \/>\n<span id=\"spin56\">Forderungen<\/span>.<br \/>\n<span id=\"spin57\">6<\/span>. Die motorisierte Spindel wird durch \u00d6lnebel geschmiert\u00a0<span id=\"spin58\">muss sein<\/span>\u00a0<span id=\"spin59\">verkn\u00fcpft<\/span>\u00a0mit Wasser und\u00a0<span id=\"spin60\">Benzin<\/span>\u00a0<span id=\"spin61\">vor<\/span>\u00a0<span id=\"spin62\">es k\u00f6nnte m\u00f6glicherweise<\/span>\u00a0<span id=\"spin63\">beginnen<\/span>\u00a0Und\u00a0<span id=\"spin64\">aufh\u00f6ren<\/span>\u00a0Wasser und\u00a0<span id=\"spin65\">Kraftstoff\u00a0<\/span><span id=\"spin66\">liefern<\/span>\u00a0<span id=\"spin67\">nach<\/span>\u00a0abschalten.<br \/>\nErl\u00e4uterung:\u00a0<span id=\"spin68\">einzigartig<\/span>\u00a0Betrieb\u00a0<span id=\"spin69\">ist erforderlich<\/span>\u00a0<span id=\"spin70\">nach<\/span>\u00a0<span id=\"spin71\">zum<\/span>\u00a0<span id=\"spin72\">elektrisch<\/span>\u00a0Spindel\u00a0<span id=\"spin73\">Richtlinien<\/span>.<\/div>\n<div>\n<div class=\"flex max-w-full flex-col flex-grow\">\n<div class=\"min-h-8 text-message flex w-full flex-col items-end gap-2 whitespace-normal break-words text-start [.text-message+&amp;]:mt-5\" dir=\"auto\" data-message-author-role=\"assistant\" data-message-id=\"fbdee532-4424-41b2-a093-d85f55f880e4\" data-message-model-slug=\"gpt-4o-mini\">\n<div class=\"flex w-full flex-col gap-1 empty:hidden first:pt-[3px]\">\n<div class=\"markdown prose w-full break-words dark:prose-invert light\">\n<h2>\u00dcber FMP<\/h2>\n<p>FMP ist ein f\u00fchrender Hersteller hochwertiger mechanischer Komponenten, darunter Spiralkegelschneckengetriebe, Kettenr\u00e4der, Kegelbuchsen, Zahnstangen, Kupplungen und andere Getriebeteile. Dank unseres starken Exportfokus beliefern wir \u00fcber 651.000 Tonnen unserer Produkte in Europa, darunter Deutschland, Gro\u00dfbritannien und Frankreich. Das j\u00e4hrliche Exportvolumen betr\u00e4gt 1.518.000 Tonnen. Unser Gesamtproduktionswert liegt bei \u00fcber 200 Millionen RMB.<\/p>\n<p>Unsere Produkte werden sorgf\u00e4ltig entwickelt, um internationalen, europ\u00e4ischen und US-amerikanischen Industriestandards zu entsprechen. Durch den Einsatz modernster Pr\u00e4zisionsbearbeitungsmaschinen und optimierter Produktionsprozesse verf\u00fcgen wir \u00fcber ein flexibles und effizientes Managementsystem, das sowohl Produktqualit\u00e4t als auch wettbewerbsf\u00e4hige Preise gew\u00e4hrleistet.<\/p>\n<p>FMP arbeitet nach den Grundprinzipien \u201eQualit\u00e4t: die Grundlage f\u00fcr langfristigen Erfolg; Integrit\u00e4t: der Wachstumsmotor; Service: der Eckpfeiler der Entwicklung; und Erschwinglichkeit: der Schl\u00fcssel zu nachhaltigem Erfolg.\u201c Wir sind offen f\u00fcr die Zusammenarbeit mit nationalen und internationalen Partnern und setzen uns f\u00fcr die F\u00f6rderung gegenseitigen Wachstums und gemeinsamen Erfolgs ein.<\/p>\n<\/div>\n<\/div>\n<\/div>\n<\/div>\n<p><img loading=\"lazy\" decoding=\"async\" class=\"alignnone wp-image-3563\" src=\"https:\/\/fmp-components.com\/wp-content\/uploads\/2025\/01\/company-2.webp\" alt=\"Unternehmen\" width=\"873\" height=\"790\" title=\"\" srcset=\"https:\/\/fmp-components.com\/wp-content\/uploads\/2025\/01\/company-2.webp 873w, https:\/\/fmp-components.com\/wp-content\/uploads\/2025\/01\/company-2-480x435.webp 480w\" sizes=\"(min-width: 0px) and (max-width: 480px) 480px, (min-width: 481px) 873px, 100vw\" \/> <img loading=\"lazy\" decoding=\"async\" class=\"alignnone wp-image-3564\" src=\"https:\/\/fmp-components.com\/wp-content\/uploads\/2025\/01\/company-3.webp\" alt=\"Unternehmen\" width=\"873\" height=\"776\" title=\"\" srcset=\"https:\/\/fmp-components.com\/wp-content\/uploads\/2025\/01\/company-3.webp 873w, https:\/\/fmp-components.com\/wp-content\/uploads\/2025\/01\/company-3-480x427.webp 480w\" sizes=\"(min-width: 0px) and (max-width: 480px) 480px, (min-width: 481px) 873px, 100vw\" \/> <img loading=\"lazy\" decoding=\"async\" class=\"alignnone wp-image-3565\" src=\"https:\/\/fmp-components.com\/wp-content\/uploads\/2025\/01\/company-1.webp\" alt=\"Unternehmen\" width=\"877\" height=\"225\" title=\"\" srcset=\"https:\/\/fmp-components.com\/wp-content\/uploads\/2025\/01\/company-1.webp 877w, https:\/\/fmp-components.com\/wp-content\/uploads\/2025\/01\/company-1-480x123.webp 480w\" sizes=\"(min-width: 0px) and (max-width: 480px) 480px, (min-width: 481px) 877px, 100vw\" \/><\/p>\n<p>Autor: CX<\/p>\n<\/div>\n<p>&nbsp;<\/p>","protected":false},"excerpt":{"rendered":"<p>There are Two Ways for the Output One is Constant Torque, and Another is Constant Power as Below: Nomenclature Explanation of Motor Spindle The End of the Spindle Connection Its have many different types of connection, depending on the different model spindle, please refer to the table below. Spindle Instruction 1. The frequency converter\u00a0has to\u00a0match [&hellip;]<\/p>","protected":false},"featured_media":3622,"comment_status":"open","ping_status":"closed","template":"","meta":{"_et_pb_use_builder":"","_et_pb_old_content":"","_et_gb_content_width":""},"product_brand":[],"product_cat":[89],"product_tag":[],"class_list":{"0":"post-3619","1":"product","2":"type-product","3":"status-publish","4":"has-post-thumbnail","6":"product_cat-spindle-motor","8":"first","9":"instock","10":"shipping-taxable","11":"product-type-simple"},"_links":{"self":[{"href":"https:\/\/fmp-components.com\/de\/wp-json\/wp\/v2\/product\/3619","targetHints":{"allow":["GET"]}}],"collection":[{"href":"https:\/\/fmp-components.com\/de\/wp-json\/wp\/v2\/product"}],"about":[{"href":"https:\/\/fmp-components.com\/de\/wp-json\/wp\/v2\/types\/product"}],"replies":[{"embeddable":true,"href":"https:\/\/fmp-components.com\/de\/wp-json\/wp\/v2\/comments?post=3619"}],"wp:featuredmedia":[{"embeddable":true,"href":"https:\/\/fmp-components.com\/de\/wp-json\/wp\/v2\/media\/3622"}],"wp:attachment":[{"href":"https:\/\/fmp-components.com\/de\/wp-json\/wp\/v2\/media?parent=3619"}],"wp:term":[{"taxonomy":"product_brand","embeddable":true,"href":"https:\/\/fmp-components.com\/de\/wp-json\/wp\/v2\/product_brand?post=3619"},{"taxonomy":"product_cat","embeddable":true,"href":"https:\/\/fmp-components.com\/de\/wp-json\/wp\/v2\/product_cat?post=3619"},{"taxonomy":"product_tag","embeddable":true,"href":"https:\/\/fmp-components.com\/de\/wp-json\/wp\/v2\/product_tag?post=3619"}],"curies":[{"name":"wp","href":"https:\/\/api.w.org\/{rel}","templated":true}]}}