{"id":360,"date":"2024-12-09T08:28:19","date_gmt":"2024-12-09T08:28:19","guid":{"rendered":"https:\/\/fmp-components.com\/?page_id=8"},"modified":"2024-12-10T03:04:10","modified_gmt":"2024-12-10T03:04:10","slug":"boom-aerial-work-vehicle-lower-arm-hydraulic-cylinder","status":"publish","type":"product","link":"https:\/\/fmp-components.com\/de\/product\/boom-aerial-work-vehicle-lower-arm-hydraulic-cylinder\/","title":{"rendered":"Hydraulikzylinder f\u00fcr den unteren Arm eines Hubarbeitsfahrzeugs"},"content":{"rendered":"<p style=\"text-align: center;\"><span style=\"font-size: 18pt;\">Hydraulikzylinder f\u00fcr den unteren Arm eines Hubarbeitsfahrzeugs<\/span><\/p>\n<p>Der Hydraulikzylinder f\u00fcr den unteren Arm von Hubarbeitsb\u00fchnen ist eine wichtige Komponente f\u00fcr optimale Leistung. Er sorgt f\u00fcr die n\u00f6tige Hubkraft und Stabilit\u00e4t des unteren Arms und erm\u00f6glicht dem Bediener pr\u00e4zisen und sicheren Zugang zu erh\u00f6hten Arbeitsbereichen.<\/p>\n<h4>Hauptmerkmale:<\/h4>\n<ul>\n<li>Hochfeste Konstruktion: Dieser Hydraulikzylinder besteht aus langlebigen Materialien und ist f\u00fcr hohe Belastungen und raue Betriebsbedingungen ausgelegt. Dadurch wird eine lang anhaltende Leistung und Zuverl\u00e4ssigkeit gew\u00e4hrleistet.<\/li>\n<li>Reibungsloser Hydraulikbetrieb: Das fortschrittliche Hydrauliksystem erm\u00f6glicht nahtlose Hebe- und Senkvorg\u00e4nge, erm\u00f6glicht eine pr\u00e4zise Steuerung w\u00e4hrend des Betriebs und reduziert das Risiko pl\u00f6tzlicher Bewegungen.<\/li>\n<li>Verbesserte Stabilit\u00e4t: Dieser Zylinder spielt eine entscheidende Rolle bei der Aufrechterhaltung der Stabilit\u00e4t des Auslegers und tr\u00e4gt zu sichereren Arbeiten in der H\u00f6he bei.<\/li>\n<li>Vielseitige Anwendungen: Dieser Hydraulikzylinder ist ideal f\u00fcr eine Vielzahl von Branchen, darunter Bau, Instandhaltung, Versorgungsunternehmen und Unterhaltung, und unterst\u00fctzt Aufgaben wie die Installation von Vorrichtungen, die Durchf\u00fchrung von Reparaturen und die Durchf\u00fchrung von Inspektionen.<\/li>\n<li>Einfache Integration: Der Hydraulikzylinder des Unterarms ist f\u00fcr eine unkomplizierte Installation konzipiert und kann nahtlos in vorhandene Auslegerhubsysteme integriert werden, wodurch Ausfallzeiten minimiert und ein schneller Einsatz erm\u00f6glicht wird.<\/li>\n<\/ul>\n<h4>Vorteile:<\/h4>\n<ul>\n<li>H\u00f6here Produktivit\u00e4t: Die zuverl\u00e4ssigen Hubf\u00e4higkeiten des Hydraulikzylinders steigern die Effizienz von Luftarbeiten und erm\u00f6glichen es den Bedienern, ihre Arbeiten schneller und effektiver zu erledigen.<\/li>\n<li>Vertrauen des Bedieners: Dank seiner robusten Konstruktion und des reibungslosen Betriebs erm\u00f6glicht der Zylinder dem Bediener ein sicheres Arbeiten, verringert die Erm\u00fcdung und steigert die Arbeitszufriedenheit.<\/li>\n<li>Kosteng\u00fcnstige L\u00f6sung: Die Langlebigkeit und Effizienz des Hydraulikzylinders f\u00fchren zu geringeren Wartungskosten und weniger Ausfallzeiten, was ihn zu einer intelligenten Investition f\u00fcr jeden Fuhrpark an Hubarbeitsb\u00fchnen macht.<\/li>\n<\/ul>\n<p>Zusammenfassend l\u00e4sst sich sagen, dass der Hydraulikzylinder f\u00fcr den unteren Arm von Hubarbeitsb\u00fchnen eine wesentliche Komponente ist, die die Funktionalit\u00e4t, Sicherheit und Effizienz von Hubarbeitsb\u00fchnen verbessert. Seine zuverl\u00e4ssige Leistung macht ihn f\u00fcr eine Vielzahl von Anwendungen unverzichtbar und stellt sicher, dass Bediener ihre Aufgaben in der H\u00f6he effektiv und sicher ausf\u00fchren k\u00f6nnen.<\/p>\n<h2>Abmessungen des Hydraulikzylinders des unteren Arms des Auslegerhubfahrzeugs:<\/h2>\n<table>\n<tbody>\n<tr>\n<td><img loading=\"lazy\" decoding=\"async\" class=\"size-large wp-image-316554 aligncenter\" src=\"https:\/\/hzpt.com\/wp-content\/uploads\/2023\/08\/Boom-Aerial-Work-Vehicle-Lower-Arm-Hydraulic-Cylinder-Dimensions-1-1024x379.webp\" sizes=\"(min-width: 0px) and (max-width: 480px) 480px, (min-width: 481px) and (max-width: 980px) 980px, (min-width: 981px) 1024px, 100vw\" srcset=\"https:\/\/images.hzpt.com\/2023\/08\/FMNqWZJ8-Boom-Aerial-Work-Vehicle-Lower-Arm-Hydraulic-Cylinder-Dimensions-1-980x363.webp 980w, https:\/\/images.hzpt.com\/2023\/08\/FMNqWZJ8-Boom-Aerial-Work-Vehicle-Lower-Arm-Hydraulic-Cylinder-Dimensions-1-480x178.webp 480w\" alt=\"Abmessungen des Hydraulikzylinders des unteren Arms eines Hubarbeitsfahrzeugs\" width=\"1024\" height=\"379\" title=\"\"><\/td>\n<td><img loading=\"lazy\" decoding=\"async\" class=\"size-large wp-image-316555 aligncenter\" src=\"https:\/\/hzpt.com\/wp-content\/uploads\/2023\/08\/Boom-Aerial-Work-Vehicle-Lower-Arm-Hydraulic-Cylinder-Dimensions-2-1024x379.webp\" sizes=\"(min-width: 0px) and (max-width: 480px) 480px, (min-width: 481px) and (max-width: 980px) 980px, (min-width: 981px) 1024px, 100vw\" srcset=\"https:\/\/images.hzpt.com\/2023\/08\/Vym6PmKH-Boom-Aerial-Work-Vehicle-Lower-Arm-Hydraulic-Cylinder-Dimensions-2-980x363.webp 980w, https:\/\/images.hzpt.com\/2023\/08\/Vym6PmKH-Boom-Aerial-Work-Vehicle-Lower-Arm-Hydraulic-Cylinder-Dimensions-2-480x178.webp 480w\" alt=\"Abmessungen des Hydraulikzylinders des unteren Arms eines Hubarbeitsfahrzeugs\" width=\"1024\" height=\"379\" title=\"\"><\/td>\n<\/tr>\n<\/tbody>\n<\/table>\n<table border=\"1\" cellspacing=\"0\" cellpadding=\"0\">\n<tbody>\n<tr>\n<td width=\"246\">Zylindername<\/td>\n<td width=\"336\">Zeichnungsnummer<\/td>\n<td width=\"126\">Bohrungsdurchmesser (D)<\/td>\n<td width=\"123\">Stabdurchmesser (d)<\/td>\n<td width=\"114\">Schlaganfall (S)<\/td>\n<td width=\"170\">Installationsabstand (L)<\/td>\n<td width=\"172\">Arbeitsdruck<\/td>\n<td width=\"366\">Schnittstellenma\u00dfe (M)<\/td>\n<td width=\"96\">Gewicht<\/td>\n<\/tr>\n<tr>\n<td class=\"et3\" width=\"246\" height=\"190\">Unterarmzylinder<\/td>\n<td class=\"et4\" width=\"336\">GTHZ210C-620400-000<\/td>\n<td class=\"et4\" width=\"126\">\u03a6100<\/td>\n<td class=\"et4\" width=\"123\">\u03a680<\/td>\n<td class=\"et4\" width=\"114\">1458<\/td>\n<td class=\"et4\" width=\"170\">1899<\/td>\n<td class=\"et4\" width=\"172\">21 MPa<\/td>\n<td class=\"et4\" width=\"366\">2-\u03a69<\/td>\n<td class=\"et4\" width=\"96\">137 kg<\/td>\n<\/tr>\n<\/tbody>\n<\/table>\n<h2>Hydraulikzylinder. Verf\u00fcgbare Marken und Modelle:<\/h2>\n<table border=\"1\" cellspacing=\"0\" cellpadding=\"0\">\n<tbody>\n<tr>\n<td><b data-spm-anchor-id=\"a2700.details.0.i43.45d84a73e99C9z\">KOMATSU (PC)<\/b><\/td>\n<td>PC30,PC40,PC50,PC56,PC60,PC78,PC100,PC110,PC120,PC130,PC160,PC200-3\/5\/6\/7\/8\/8MO,PC210,PC220-5\/6\/7\/8\/8MO,PC240,PC300\/350\/360-5\/6\/7\/8\/8MO,PC400\/450-5\/6\/7\/8\/8MO,PC800,PC850<\/td>\n<\/tr>\n<tr>\n<td><b>RAUPE (E)<\/b><\/td>\n<td>E301.5,E302,E305.5,E306,E307V1\/V2\/B\/C\/D\/E\/F,E308B\/C,E120B,E312V1\/V2\/B\/C\/D,E313D2,E312D2,E315D,<br \/>\nE200B, E320V1\/V2\/A\/B\/C\/D, E324D, E325C\/D, E329D, E330\/336C\/D, E345C, E349D, E365C, E374, E390<\/td>\n<\/tr>\n<tr>\n<td><b>KOBELCO (SK)<\/b><\/td>\n<td>SK60-3\/5\/8, SK75-8\/SR, SK100, SK120-3\/5, SK135-8\/SR, SK140-8, SK200-3\/5\/6\/6E, SK210-3\/5\/6\/6E,<br \/>\nSK230\/250-6E,SK250-8,SK260-8,SK350-8\/S8,SK460\/480-8<\/td>\n<\/tr>\n<tr>\n<td><b>HYUNDAI (R)<\/b><\/td>\n<td>R55-5\/7, R60-5\/7, R80, R110,R130, R200-5, R210-5, R215-5\/7,R220-5\/7\/9, R225-5\/7\/9, R250,R260,R265,R290,R305,R445,R485, R505<\/td>\n<\/tr>\n<tr>\n<td><b data-spm-anchor-id=\"a2700.details.0.i53.45d84a73e99C9z\">HITACHI (EX.ZX)<\/b><\/td>\n<td>EX60,EX100-1\/2\/3,EX120-1\/3\/5\/6,EX200-1\/3\/5,EX230-5,EX300-1,EX400<br \/>\nZAX60, ZAX70, ZA120-6, ZAX200\/210-1\/3\/5\/5K, ZAX240, ZAX250, ZAX260, ZAX330-3\/5\/6, ZAX450\/470, ZAX650\/670, ZAX850\/870<\/td>\n<\/tr>\n<tr>\n<td>\n<div class=\"magic-32\"><b data-spm-anchor-id=\"a2700.details.0.i55.45d84a73e99C9z\">DOOSAN (DH\/DX)<\/b><\/div>\n<\/td>\n<td>\n<div class=\"magic-33\"><span class=\"magic-34\">DH55, DH60, DH80, DH150, DH215-5\/7, DH220-5, DH225-5\/7, DH258, DH300-5\/7, DH370, DH420, DH500<br \/>\nDX55, DX60, DX75, DX130, DX225-9, DX300, DX380, DX420, DX500<\/span><\/div>\n<\/td>\n<\/tr>\n<tr>\n<td>\n<div class=\"magic-32\"><b>VOLVO (EG)<\/b><\/div>\n<\/td>\n<td>\n<div class=\"magic-33\"><span class=\"magic-34\">EC55, EC60, EC75, EC80, EC140, EC210B\/D, EC220D, EC240, EC250, EC290, EC300, EC360 EC380, EC460, EC480, EC700, EC750, EC950<\/span><\/div>\n<\/td>\n<\/tr>\n<tr>\n<td>\n<div class=\"magic-32\"><b>KATO (HD)<\/b><\/div>\n<\/td>\n<td>\n<div class=\"magic-33\"><span class=\"magic-34\">HD307\/308,HD450,HD512,HD700-5\/7,HD820-1\/2\/3\/5\/R,HD1023-1\/3,HD1430-1\/3<\/span><\/div>\n<\/td>\n<\/tr>\n<tr>\n<td>\n<div class=\"magic-32\"><b>ANDERE MARKE<\/b><\/div>\n<\/td>\n<td>\n<div class=\"magic-33\"><span class=\"magic-34\">XCMG,LIUGONG,KUBOTA,CASE,YANMAR,SUNWARD,ZOOMLION,LISHIDE,LIEHERR<\/span><\/div>\n<\/td>\n<\/tr>\n<\/tbody>\n<\/table>\n<h3>Vorteile des Hydraulikzylinders f\u00fcr den unteren Arm eines Hubarbeitsfahrzeugs<\/h3>\n<p>Der Hydraulikzylinder f\u00fcr den unteren Arm von Hubarbeitsb\u00fchnen bietet zahlreiche Vorteile, die die Leistung und Sicherheit von Hubarbeitsb\u00fchnen verbessern. Hier sind einige der wichtigsten Vorteile:<\/p>\n<h4>1. Verbesserte Hubkapazit\u00e4t<\/h4>\n<p>Der Hydraulikzylinder bietet eine hohe Hubkraft, sodass der Ausleger problemlos schwere Lasten bew\u00e4ltigen kann. Dank dieser F\u00e4higkeit k\u00f6nnen Bediener ein breiteres Aufgabenspektrum effizient erledigen, vom Bau bis zur Wartung.<\/p>\n<h4>2. Pr\u00e4zise Steuerung<\/h4>\n<p>Dank seiner sanften Hydraulikfunktion erm\u00f6glicht der Zylinder eine pr\u00e4zise Steuerung der Auslegerbewegung. Der Bediener kann H\u00f6he und Winkel einfach einstellen und so eine pr\u00e4zise Positionierung f\u00fcr verschiedene Anwendungen gew\u00e4hrleisten.<\/p>\n<h4>3. Verbesserte Stabilit\u00e4t<\/h4>\n<p>Der Hydraulikzylinder des Unterarms tr\u00e4gt zur Gesamtstabilit\u00e4t der Hubarbeitsb\u00fchne bei. Indem er das Gleichgewicht beim Heben und Senken aufrechterh\u00e4lt, erh\u00f6ht er die Sicherheit sowohl f\u00fcr den Bediener als auch f\u00fcr das umstehende Personal.<\/p>\n<h4>4. Langlebige Konstruktion<\/h4>\n<p>Der Hydraulikzylinder besteht aus hochfesten Materialien und ist f\u00fcr raue Arbeitsbedingungen und starke Beanspruchung ausgelegt. Diese Langlebigkeit f\u00fchrt zu einer l\u00e4ngeren Lebensdauer und einem geringeren Wartungsbedarf.<\/p>\n<h4>5. Vielseitigkeit in den Anwendungen<\/h4>\n<p>Der Hydraulikzylinder eignet sich f\u00fcr eine Vielzahl von Branchen, darunter Bauwesen, Versorgungsunternehmen, Instandhaltung und Veranstaltungstechnik. Seine Vielseitigkeit macht ihn zu einem unverzichtbaren Werkzeug f\u00fcr den Zugang zu hochgelegenen Arbeitsbereichen in unterschiedlichsten Umgebungen.<\/p>\n<h4>6. Schnelle Installation und Integration<\/h4>\n<p>Der Hydraulikzylinder des Unterarms ist einfach zu installieren und l\u00e4sst sich nahtlos in vorhandene Hubarbeitsb\u00fchnen integrieren. Diese Funktion minimiert Ausfallzeiten und erm\u00f6glicht einen schnellen Einsatz vor Ort.<\/p>\n<h4>7. Kosteneffizienz<\/h4>\n<p>Die Effizienz und Zuverl\u00e4ssigkeit des Hydraulikzylinders f\u00fchren zu niedrigeren Betriebskosten. Reduzierter Wartungsaufwand und geringere Ausfallzeiten tragen zu Gesamteinsparungen bei und machen ihn zu einer kosteng\u00fcnstigen L\u00f6sung f\u00fcr Unternehmen.<\/p>\n<h4>8. Sicherheitsfunktionen<\/h4>\n<p>Viele Hydraulikzylinder verf\u00fcgen \u00fcber Sicherheitsmechanismen wie einen \u00dcberlastschutz, der Unf\u00e4lle w\u00e4hrend des Betriebs verhindert. Diese Funktionen erh\u00f6hen die Sicherheit von Hubarbeitsb\u00fchnen und geben den Bedienern ein beruhigendes Gef\u00fchl.<\/p>\n<h4>9. Bedienerkomfort<\/h4>\n<p>Die einfache Bedienung des Hydraulikzylinders reduziert die k\u00f6rperliche Belastung des Bedieners. Dieser Komfort erm\u00f6glicht l\u00e4ngeres, erm\u00fcdungsfreies Arbeiten und steigert die Produktivit\u00e4t auf der Baustelle.<\/p>\n<p>Der Hydraulikzylinder f\u00fcr den unteren Arm von Hubarbeitsb\u00fchnen ist eine wichtige Komponente, die nicht nur die Funktionalit\u00e4t von Hubarbeitsb\u00fchnen verbessert, sondern auch die Sicherheit und Effizienz steigert. Seine Vorteile machen ihn zu einer unverzichtbaren Wahl f\u00fcr jedes Unternehmen, das f\u00fcr seinen Betrieb auf Hubarbeitsb\u00fchnen angewiesen ist.<\/p>\n<table style=\"width: 99.9612%; height: 437px;\" width=\"290\">\n<tbody>\n<tr style=\"height: 437px;\">\n<td style=\"width: 51.7046%; height: 437px;\" width=\"226\">\n<h2><img loading=\"lazy\" decoding=\"async\" class=\"alignnone size-full wp-image-363\" src=\"https:\/\/fmp-components.com\/wp-content\/uploads\/2024\/12\/Boom-Aerial-Work-Vehicle-Lower-Arm-Hydraulic-Cylinder-Installation-2.webp\" alt=\"Ausleger-Hubarbeitsfahrzeug-Unterarm-Hydraulikzylinder\" width=\"1024\" height=\"849\" title=\"\" srcset=\"https:\/\/fmp-components.com\/wp-content\/uploads\/2024\/12\/Boom-Aerial-Work-Vehicle-Lower-Arm-Hydraulic-Cylinder-Installation-2.webp 1024w, https:\/\/fmp-components.com\/wp-content\/uploads\/2024\/12\/Boom-Aerial-Work-Vehicle-Lower-Arm-Hydraulic-Cylinder-Installation-2-980x813.webp 980w, https:\/\/fmp-components.com\/wp-content\/uploads\/2024\/12\/Boom-Aerial-Work-Vehicle-Lower-Arm-Hydraulic-Cylinder-Installation-2-480x398.webp 480w\" sizes=\"(min-width: 0px) and (max-width: 480px) 480px, (min-width: 481px) and (max-width: 980px) 980px, (min-width: 981px) 1024px, 100vw\" \/><\/h2>\n<\/td>\n<td style=\"width: 98.3102%; height: 437px;\" width=\"64\">\n<h2><img loading=\"lazy\" decoding=\"async\" class=\"alignnone size-full wp-image-362\" src=\"https:\/\/fmp-components.com\/wp-content\/uploads\/2024\/12\/Boom-Aerial-Work-Vehicle-Lower-Arm-Hydraulic-Cylinder-Installation-1.webp\" alt=\"Ausleger-Hubarbeitsfahrzeug-Unterarm-Hydraulikzylinder\" width=\"1024\" height=\"849\" title=\"\" srcset=\"https:\/\/fmp-components.com\/wp-content\/uploads\/2024\/12\/Boom-Aerial-Work-Vehicle-Lower-Arm-Hydraulic-Cylinder-Installation-1.webp 1024w, https:\/\/fmp-components.com\/wp-content\/uploads\/2024\/12\/Boom-Aerial-Work-Vehicle-Lower-Arm-Hydraulic-Cylinder-Installation-1-980x813.webp 980w, https:\/\/fmp-components.com\/wp-content\/uploads\/2024\/12\/Boom-Aerial-Work-Vehicle-Lower-Arm-Hydraulic-Cylinder-Installation-1-480x398.webp 480w\" sizes=\"(min-width: 0px) and (max-width: 480px) 480px, (min-width: 481px) and (max-width: 980px) 980px, (min-width: 981px) 1024px, 100vw\" \/><\/h2>\n<\/td>\n<\/tr>\n<\/tbody>\n<\/table>\n<h2>\u00dcber FMP<\/h2>\n<p>FMP ist ein spezialisierter Hersteller von Hydraulikzylindern und bekannt f\u00fcr seinen starken Fokus auf Forschung und Produktion. Seit seiner Gr\u00fcndung hat sich das Unternehmen der kontinuierlichen Weiterentwicklung der Hydraulikzylindertechnologie verschrieben. Urspr\u00fcnglich produzierte FMP ein breites Produktspektrum f\u00fcr Ernte- und Baumaschinen; heute konzentriert sich das Unternehmen jedoch speziell auf Komponenten f\u00fcr landwirtschaftliche Traktoren.<\/p>\n<p>Mit \u00fcber einem Jahrzehnt Fertigungskompetenz kombiniert FMP umfassende Managementerfahrung mit fortschrittlichen Produktionstechnologien, um h\u00f6chste Qualit\u00e4tsstandards f\u00fcr seine Produkte zu gew\u00e4hrleisten. Das Unternehmen verf\u00fcgt \u00fcber eine umfassende Fertigungslinie f\u00fcr die maschinelle Bearbeitung, Montage und Beschichtung und gew\u00e4hrleistet so zuverl\u00e4ssige und effiziente Fertigungsprozesse.<\/p>\n<p>Das Wachstum von FMP wurde von einem engagierten Team aus erfahrenen F\u00fchrungskr\u00e4ften, qualifizierten Maschinenbauern und hochqualifizierten Technikern unterst\u00fctzt. Dieser kooperative Ansatz gew\u00e4hrleistet eine gleichbleibende Produktqualit\u00e4t und sorgt f\u00fcr eine effektive Prozesskontinuit\u00e4t, wodurch die Gesamtproduktionseffizienz gesteigert wird.<\/p>\n<p>Im Mittelpunkt der FMP-Philosophie stehen die Werte \u201eTechnologische Innovation treibt Fortschritt voran\u201c, \u201eQualit\u00e4t schafft Marken\u201c, \u201eHandwerkskunst sichert Qualit\u00e4t\u201c und \u201eAufbau langfristiger Win-Win-Beziehungen\u201c. Das Unternehmen ist bestrebt, qualitativ hochwertige Produkte anzubieten und gleichzeitig einen hervorragenden Kundenservice zu bieten. FMP ist kontinuierlich bestrebt, sich an die sich entwickelnden Bed\u00fcrfnisse des Marktes anzupassen und sich als vertrauensw\u00fcrdiger Partner in der Landmaschinenindustrie zu positionieren. Durch sein Engagement f\u00fcr Innovation und Qualit\u00e4t m\u00f6chte FMP ma\u00dfgeblich zur Weiterentwicklung der Hydrauliktechnologie im Agrarsektor beitragen.<\/p>\n<p><img loading=\"lazy\" decoding=\"async\" class=\"alignnone wp-image-359\" src=\"https:\/\/fmp-components.com\/wp-content\/uploads\/2024\/12\/fmp-factory-3.webp\" alt=\"fmp-fabrik\" width=\"914\" height=\"612\" title=\"\" srcset=\"https:\/\/fmp-components.com\/wp-content\/uploads\/2024\/12\/fmp-factory-3.webp 914w, https:\/\/fmp-components.com\/wp-content\/uploads\/2024\/12\/fmp-factory-3-480x321.webp 480w\" sizes=\"(min-width: 0px) and (max-width: 480px) 480px, (min-width: 481px) 914px, 100vw\" \/><\/p>\n<p>Autor: CX<\/p>","protected":false},"excerpt":{"rendered":"<p>Der Hydraulikzylinder f\u00fcr den unteren Arm von Hubarbeitsb\u00fchnen ist eine wichtige Komponente, die die n\u00f6tige Hubkraft und Stabilit\u00e4t gew\u00e4hrleistet. Dieser Hydraulikzylinder st\u00fctzt den unteren Arm des Auslegers und erm\u00f6glicht pr\u00e4zise Steuerung und Bewegung, sodass Bediener sicher in erh\u00f6hte Arbeitsbereiche gelangen k\u00f6nnen. Die Konstruktion aus hochfesten Materialien gew\u00e4hrleistet Langlebigkeit und Zuverl\u00e4ssigkeit auch bei hoher Belastung und anspruchsvollen Bedingungen. Sein sanfter Hydraulikbetrieb erm\u00f6glicht effiziente vertikale und horizontale Bewegungen und erh\u00f6ht so die Produktivit\u00e4t und Sicherheit bei Aufgaben wie Wartung, Bau und Inspektion. Dieser Hydraulikzylinder ist unverzichtbar f\u00fcr die Leistungsoptimierung von Hubarbeitsb\u00fchnen in verschiedenen Anwendungen.<\/p>","protected":false},"featured_media":356,"comment_status":"open","ping_status":"closed","template":"","meta":{"_et_pb_use_builder":"","_et_pb_old_content":"","_et_gb_content_width":""},"product_brand":[],"product_cat":[22],"product_tag":[],"class_list":{"0":"post-360","1":"product","2":"type-product","3":"status-publish","4":"has-post-thumbnail","6":"product_cat-aerial-work-vehicle-hydraulic-cylinders","8":"first","9":"instock","10":"shipping-taxable","11":"product-type-simple"},"_links":{"self":[{"href":"https:\/\/fmp-components.com\/de\/wp-json\/wp\/v2\/product\/360","targetHints":{"allow":["GET"]}}],"collection":[{"href":"https:\/\/fmp-components.com\/de\/wp-json\/wp\/v2\/product"}],"about":[{"href":"https:\/\/fmp-components.com\/de\/wp-json\/wp\/v2\/types\/product"}],"replies":[{"embeddable":true,"href":"https:\/\/fmp-components.com\/de\/wp-json\/wp\/v2\/comments?post=360"}],"wp:featuredmedia":[{"embeddable":true,"href":"https:\/\/fmp-components.com\/de\/wp-json\/wp\/v2\/media\/356"}],"wp:attachment":[{"href":"https:\/\/fmp-components.com\/de\/wp-json\/wp\/v2\/media?parent=360"}],"wp:term":[{"taxonomy":"product_brand","embeddable":true,"href":"https:\/\/fmp-components.com\/de\/wp-json\/wp\/v2\/product_brand?post=360"},{"taxonomy":"product_cat","embeddable":true,"href":"https:\/\/fmp-components.com\/de\/wp-json\/wp\/v2\/product_cat?post=360"},{"taxonomy":"product_tag","embeddable":true,"href":"https:\/\/fmp-components.com\/de\/wp-json\/wp\/v2\/product_tag?post=360"}],"curies":[{"name":"wp","href":"https:\/\/api.w.org\/{rel}","templated":true}]}}