{"id":3569,"date":"2025-01-08T06:24:56","date_gmt":"2025-01-08T06:24:56","guid":{"rendered":"https:\/\/fmp-components.com\/?page_id=8"},"modified":"2025-01-08T07:57:44","modified_gmt":"2025-01-08T07:57:44","slug":"electrical-spindle-for-special-usage","status":"publish","type":"product","link":"https:\/\/fmp-components.com\/de\/product\/electrical-spindle-for-special-usage\/","title":{"rendered":"Elektrische Spindel f\u00fcr spezielle Anwendungen"},"content":{"rendered":"<p><img loading=\"lazy\" decoding=\"async\" class=\"size-full wp-image-3577 aligncenter\" src=\"https:\/\/fmp-components.com\/wp-content\/uploads\/2025\/01\/electrical-spindle-for-special-usage-2.webp\" alt=\"elektrische-spindel-fur-sonderanwendungen-2\" width=\"652\" height=\"256\" title=\"\" srcset=\"https:\/\/fmp-components.com\/wp-content\/uploads\/2025\/01\/electrical-spindle-for-special-usage-2.webp 652w, https:\/\/fmp-components.com\/wp-content\/uploads\/2025\/01\/electrical-spindle-for-special-usage-2-480x188.webp 480w\" sizes=\"(min-width: 0px) and (max-width: 480px) 480px, (min-width: 481px) 652px, 100vw\" \/>\u00a0<img loading=\"lazy\" decoding=\"async\" class=\"alignnone wp-image-3571\" src=\"https:\/\/fmp-components.com\/wp-content\/uploads\/2025\/01\/electrical-spindle-for-special-usage-3.webp\" alt=\"elektrische-spindel-fur-sonderanwendungen-3\" width=\"895\" height=\"87\" title=\"\" srcset=\"https:\/\/fmp-components.com\/wp-content\/uploads\/2025\/01\/electrical-spindle-for-special-usage-3.webp 895w, https:\/\/fmp-components.com\/wp-content\/uploads\/2025\/01\/electrical-spindle-for-special-usage-3-480x47.webp 480w\" sizes=\"(min-width: 0px) and (max-width: 480px) 480px, (min-width: 481px) 895px, 100vw\" \/><\/p>\n<p><img loading=\"lazy\" decoding=\"async\" class=\"size-full wp-image-3576 aligncenter\" src=\"https:\/\/fmp-components.com\/wp-content\/uploads\/2025\/01\/electrical-spindle-for-special-usage-4.webp\" alt=\"elektrische-spindel-fur-sonderanwendungen-4\" width=\"493\" height=\"246\" title=\"\" srcset=\"https:\/\/fmp-components.com\/wp-content\/uploads\/2025\/01\/electrical-spindle-for-special-usage-4.webp 493w, https:\/\/fmp-components.com\/wp-content\/uploads\/2025\/01\/electrical-spindle-for-special-usage-4-480x240.webp 480w\" sizes=\"(min-width: 0px) and (max-width: 480px) 480px, (min-width: 481px) 493px, 100vw\" \/> <img loading=\"lazy\" decoding=\"async\" class=\"alignnone wp-image-3572\" src=\"https:\/\/fmp-components.com\/wp-content\/uploads\/2025\/01\/electrical-spindle-for-special-usage-5.webp\" alt=\"elektrische-spindel-fur-sonderanwendungen-5\" width=\"922\" height=\"128\" title=\"\" srcset=\"https:\/\/fmp-components.com\/wp-content\/uploads\/2025\/01\/electrical-spindle-for-special-usage-5.webp 922w, https:\/\/fmp-components.com\/wp-content\/uploads\/2025\/01\/electrical-spindle-for-special-usage-5-480x67.webp 480w\" sizes=\"(min-width: 0px) and (max-width: 480px) 480px, (min-width: 481px) 922px, 100vw\" \/><\/p>\n<p>Beispiele: Die motorisierte Spindel JSZD120-12\/15 wird haupts\u00e4chlich f\u00fcr die Kleinteilebearbeitung von Nichteisenmetallen verwendet. Kundeneigener Vorschubmechanismus, Spindelhohlvorschub, elastische Frontklemmung, Bearbeitungsnull. Sie weist eine geringe Rauheit, gute Dimensionsstabilit\u00e4t und hohe Effizienz auf.<\/p>\n<div class=\"flex max-w-full flex-col flex-grow\">\n<div class=\"min-h-8 text-message flex w-full flex-col items-end gap-2 whitespace-normal break-words text-start [.text-message+&amp;]:mt-5\" dir=\"auto\" data-message-author-role=\"assistant\" data-message-id=\"876c8b08-b709-4638-9f07-28b349cfff1a\" data-message-model-slug=\"gpt-4o\">\n<div class=\"flex w-full flex-col gap-1 empty:hidden first:pt-[3px]\">\n<div class=\"markdown prose w-full break-words dark:prose-invert light\">\n<h3>Vorteile einer Elektrospindel f\u00fcr spezielle Anwendungen<\/h3>\n<p>Elektrische Spindeln bieten f\u00fcr Spezialanwendungen in Branchen wie der CNC-Bearbeitung, Automatisierung und Feinmechanik entscheidende Vorteile. Im Folgenden sind die wichtigsten Vorteile einer elektrischen Spindel f\u00fcr spezielle Anwendungen aufgef\u00fchrt:<\/p>\n<ol>\n<li><strong>Hohe Pr\u00e4zision und Genauigkeit<\/strong><br \/>\nElektrische Spindeln zeichnen sich durch ihre hohe Rotationsgenauigkeit aus, die f\u00fcr Spezialanwendungen mit engen Toleranzen entscheidend ist. Sie erm\u00f6glichen eine pr\u00e4zise Steuerung von Drehzahl und Drehmoment und gew\u00e4hrleisten so eine konsistente und pr\u00e4zise Bearbeitung oder Bearbeitung.<\/li>\n<li><strong>Kompaktes Design und Platzeffizienz<\/strong><br \/>\nElektrische Spindeln sind in der Regel kompakter als herk\u00f6mmliche mechanische Spindeln. Dadurch eignen sie sich ideal f\u00fcr Anwendungen mit begrenztem Platzangebot, bei denen ein geringerer Platzbedarf ohne Leistungseinbu\u00dfen erforderlich ist.<\/li>\n<li><strong>Verbesserte Geschwindigkeitskontrolle und Vielseitigkeit<\/strong><br \/>\nDie Drehzahl elektrischer Spindeln l\u00e4sst sich \u00fcber elektronische Steuerungen einfach regeln und anpassen und bietet ein breites Spektrum an Betriebsgeschwindigkeiten. Dank dieser Anpassungsf\u00e4higkeit k\u00f6nnen sie f\u00fcr eine Vielzahl von Materialien und Bearbeitungsprozessen eingesetzt werden, vom Hochgeschwindigkeitsschneiden bis zum langsamen Schleifen.<\/li>\n<li><strong>Geringerer Wartungsaufwand und l\u00e4ngere Lebensdauer<\/strong><br \/>\nElektrische Spindeln verf\u00fcgen im Gegensatz zu mechanischen Spindeln \u00fcber weniger bewegliche Teile und ben\u00f6tigen keine komplexen Getriebesysteme. Dieser geringere mechanische Verschlei\u00df f\u00fchrt zu geringeren Wartungskosten und einer l\u00e4ngeren Lebensdauer, was sie f\u00fcr den Langzeiteinsatz zuverl\u00e4ssiger macht.<\/li>\n<li><strong>Verbesserte Effizienz<\/strong><br \/>\nElektrische Spindeln sind im Vergleich zu herk\u00f6mmlichen Spindeln energieeffizienter, da sie elektrische Energie mit minimalem Energieverlust direkt in Drehbewegung umwandeln. Dies f\u00fchrt langfristig zu niedrigeren Betriebskosten und macht sie zu einer kosteng\u00fcnstigen L\u00f6sung f\u00fcr spezielle, anspruchsvolle Anwendungen.<\/li>\n<\/ol>\n<p>Insgesamt bieten elektrische Spindeln au\u00dfergew\u00f6hnliche Leistung, Effizienz und Anpassungsf\u00e4higkeit f\u00fcr spezielle Anwendungsszenarien. Ihre Pr\u00e4zision, der geringe Wartungsaufwand und die M\u00f6glichkeit, sie in fortschrittliche Systeme zu integrieren, machen sie zur bevorzugten Wahl in Hightech-Branchen.<\/p>\n<h2>Es gibt zwei M\u00f6glichkeiten f\u00fcr die Ausgabe: Eine ist konstantes Drehmoment und die andere ist konstante Leistung, wie unten dargestellt:<\/h2>\n<\/div>\n<\/div>\n<\/div>\n<\/div>\n<p><img loading=\"lazy\" decoding=\"async\" class=\"alignnone size-full wp-image-3573\" src=\"https:\/\/fmp-components.com\/wp-content\/uploads\/2025\/01\/spindle-motor-1.webp\" alt=\"Spindelmotor-1\" width=\"973\" height=\"551\" title=\"\" srcset=\"https:\/\/fmp-components.com\/wp-content\/uploads\/2025\/01\/spindle-motor-1.webp 973w, https:\/\/fmp-components.com\/wp-content\/uploads\/2025\/01\/spindle-motor-1-480x272.webp 480w\" sizes=\"(min-width: 0px) and (max-width: 480px) 480px, (min-width: 481px) 973px, 100vw\" \/><\/p>\n<h2>Nomenklaturerkl\u00e4rung der Motorspindel<\/h2>\n<p><img loading=\"lazy\" decoding=\"async\" class=\"alignnone size-full wp-image-3574\" src=\"https:\/\/fmp-components.com\/wp-content\/uploads\/2025\/01\/spindle-motor-2.webp\" alt=\"Spindelmotor-2\" width=\"666\" height=\"351\" title=\"\" srcset=\"https:\/\/fmp-components.com\/wp-content\/uploads\/2025\/01\/spindle-motor-2.webp 666w, https:\/\/fmp-components.com\/wp-content\/uploads\/2025\/01\/spindle-motor-2-480x253.webp 480w\" sizes=\"(min-width: 0px) and (max-width: 480px) 480px, (min-width: 481px) 666px, 100vw\" \/><\/p>\n<h2>Das Ende der Spindelverbindung<\/h2>\n<p>Es gibt viele verschiedene Anschlussarten, abh\u00e4ngig von der jeweiligen Spindel, siehe die folgende Tabelle.<\/p>\n<p><img loading=\"lazy\" decoding=\"async\" class=\"alignnone wp-image-3575\" src=\"https:\/\/fmp-components.com\/wp-content\/uploads\/2025\/01\/spindle-motor-3.webp\" alt=\"Spindelmotor-\" width=\"885\" height=\"231\" title=\"\" srcset=\"https:\/\/fmp-components.com\/wp-content\/uploads\/2025\/01\/spindle-motor-3.webp 885w, https:\/\/fmp-components.com\/wp-content\/uploads\/2025\/01\/spindle-motor-3-480x125.webp 480w\" sizes=\"(min-width: 0px) and (max-width: 480px) 480px, (min-width: 481px) 885px, 100vw\" \/><\/p>\n<h2>Spindelanleitung<\/h2>\n<div><span id=\"spin1\">1<\/span>Der Frequenzumrichter\u00a0<span id=\"spin2\">muss<\/span>\u00a0entsprechen dem\u00a0<span id=\"spin3\">elektrisch<\/span>\u00a0Spindeleinheit. Die\u00a0<span id=\"spin4\">Basic<\/span>\u00a0Frequenz\u00a0<span id=\"spin5\">oder sogar die<\/span>\u00a0Nennfrequenz\u00a0<span id=\"spin6\">sowie<\/span>\u00a0Stromspannung\u00a0<span id=\"spin7\">m\u00fcssen<\/span>\u00a0die technischen Parameter erf\u00fcllen\u00a0<span id=\"spin8\">der<\/span>\u00a0<span id=\"spin9\">elektrisch<\/span>\u00a0Spindel.<br \/>\n<span id=\"spin10\">2<\/span>.\u00a0<span id=\"spin11\">Elektrisch<\/span>\u00a0Spindel\u00a0<span id=\"spin12\">ist im Allgemeinen<\/span>\u00a0durch zirkulierendes Wasser gek\u00fchlt. K\u00fchlwasser\u00a0<span id=\"spin13\">muss sein<\/span>\u00a0rostfrei und sauber gefiltert. Wenn\u00a0<span id=\"spin14\">Erwerb<\/span>\u00a0Wasser, der Zulauf\u00a0<span id=\"spin15\">muss sein<\/span>\u00a0<span id=\"spin16\">unter<\/span>\u00a0Die\u00a0<span id=\"spin17\">elektrisch<\/span>\u00a0Spindel.<br \/>\n<span id=\"spin18\">drei<\/span>. Wann\u00a0<span id=\"spin19\">Zusammenarbeit mit<\/span>\u00a0eine \u00f6lnebelgeschmierte Spindel, die\u00a0<span id=\"spin20\">Stress<\/span>\u00a0Regelventil\u00a0<span id=\"spin21\">auf der<\/span>\u00a0\u00d6lnebel\u00a0<span id=\"spin22\">Ger\u00e4t<\/span>\u00a0<span id=\"spin23\">sollte sein<\/span>\u00a0eingestellt auf 0,25~0,3 MPA der Nebel\u00a0<span id=\"spin25\">Druck<\/span>\u00a0<span id=\"spin26\">sollte sein<\/span>\u00a00,1 bis 0,2 MPa\u00a0<span id=\"spin28\">und die<\/span>\u00a0<span id=\"spin29\">Vielzahl von<\/span>\u00a0Tropfen \u00d6l\u00a0<span id=\"spin30\">muss sein<\/span>\u00a060-70 Tropfen\/min.\u00a0<span id=\"spin31\">und auch die<\/span>\u00a0Schmier\u00f6l\u00a0<span id=\"spin32\">sollte sein<\/span>\u00a0Glocken\u00f6l oder Turbinen\u00f6l Nr.\u00a0<span id=\"spin33\">20<\/span>.<br \/>\n<span id=\"spin34\">vier<\/span>. Der\u00a0<span id=\"spin35\">Geschwindigkeit<\/span>\u00a0<span id=\"spin36\">rund um die<\/span>\u00a0motorisierte Spindel\u00a0<span id=\"spin37\">F\u00fchrung<\/span>\u00a0<span id=\"spin38\">ist definitiv die<\/span>\u00a0h\u00f6chste\u00a0<span id=\"spin39\">Geschwindigkeit<\/span>, Und\u00a0<span id=\"spin40\">es kann<\/span>\u00a0nicht sein\u00a0<span id=\"spin41\">erh\u00f6ht<\/span>,\u00a0<span id=\"spin42\">dennoch<\/span>\u00a0<span id=\"spin43\">Vielleicht<\/span>\u00a0<span id=\"spin44\">besch\u00e4ftigt<\/span>\u00a0<span id=\"spin45\">reduzieren<\/span><br \/>\nDie\u00a0<span id=\"spin46\">Tempo,<\/span>\u00a0Spannung und Frequenz sind\u00a0<span id=\"spin47\">reduziert<\/span>\u00a0<span id=\"spin48\">sobald die<\/span>\u00a0<span id=\"spin49\">Geschwindigkeit<\/span>\u00a0wird gesenkt.<br \/>\n<span id=\"spin50\">5<\/span>Die Rotation\u00a0<span id=\"spin51\">Kurs<\/span>\u00a0<span id=\"spin52\">mit dem<\/span>\u00a0motorisierte Spindel\u00a0<span id=\"spin53\">ist normalerweise<\/span>\u00a0gegen den Uhrzeigersinn (gesehen\u00a0<span id=\"spin54\">im<\/span>\u00a0Welle). au\u00dfer f\u00fcr\u00a0<span id=\"spin55\">exklusiv<\/span><br \/>\n<span id=\"spin56\">Forderungen<\/span>.<br \/>\n<span id=\"spin57\">6<\/span>. Die motorisierte Spindel wird durch \u00d6lnebel geschmiert\u00a0<span id=\"spin58\">muss sein<\/span>\u00a0<span id=\"spin59\">verkn\u00fcpft<\/span>\u00a0mit Wasser und\u00a0<span id=\"spin60\">Benzin<\/span>\u00a0<span id=\"spin61\">vor<\/span>\u00a0<span id=\"spin62\">es k\u00f6nnte m\u00f6glicherweise<\/span>\u00a0<span id=\"spin63\">beginnen<\/span>\u00a0Und\u00a0<span id=\"spin64\">aufh\u00f6ren<\/span>\u00a0Wasser und\u00a0<span id=\"spin65\">Kraftstoff\u00a0<\/span><span id=\"spin66\">liefern<\/span>\u00a0<span id=\"spin67\">nach<\/span>\u00a0abschalten.<br \/>\nErl\u00e4uterung:\u00a0<span id=\"spin68\">einzigartig<\/span>\u00a0Betrieb\u00a0<span id=\"spin69\">ist erforderlich<\/span>\u00a0<span id=\"spin70\">nach<\/span>\u00a0<span id=\"spin71\">zum<\/span>\u00a0<span id=\"spin72\">elektrisch<\/span>\u00a0Spindel\u00a0<span id=\"spin73\">Richtlinien<\/span>.<\/div>\n<div class=\"flex max-w-full flex-col flex-grow\">\n<div class=\"min-h-8 text-message flex w-full flex-col items-end gap-2 whitespace-normal break-words text-start [.text-message+&amp;]:mt-5\" dir=\"auto\" data-message-author-role=\"assistant\" data-message-id=\"fbdee532-4424-41b2-a093-d85f55f880e4\" data-message-model-slug=\"gpt-4o-mini\">\n<div class=\"flex w-full flex-col gap-1 empty:hidden first:pt-[3px]\">\n<div class=\"markdown prose w-full break-words dark:prose-invert light\">\n<h2>\u00dcber FMP<\/h2>\n<p>FMP ist ein professioneller Hersteller, der sich auf die Produktion mechanischer Komponenten spezialisiert hat. Zu unseren Hauptprodukten z\u00e4hlen Spiralkegelschneckengetriebe, Kettenr\u00e4der, Kegelbuchsen, Zahnstangen, Kupplungen und andere Getriebeteile. Dank unseres starken Exportfokus werden \u00fcber 651.000 Tonnen unserer Produkte in europ\u00e4ische M\u00e4rkte wie Deutschland, Gro\u00dfbritannien und Frankreich geliefert, wodurch ein j\u00e4hrliches Exportvolumen von 1.518.000 Tonnen erreicht wird. Unser j\u00e4hrlicher Gesamtproduktionswert erreicht 200 Millionen RMB.<\/p>\n<p>Alle FMP-Produkte werden nach internationalen, europ\u00e4ischen und US-amerikanischen Industriestandards gefertigt. Wir nutzen pr\u00e4zise und hochwertige Bearbeitungsmaschinen, implementieren durchdachte Produktionsprozesse und setzen auf ein effizientes und flexibles Managementsystem. Unser umfassendes Qualit\u00e4tsmanagementsystem gew\u00e4hrleistet exzellente Produktqualit\u00e4t und wettbewerbsf\u00e4hige Preise.<\/p>\n<p>FMP arbeitet nach den Grundprinzipien \u201eQualit\u00e4t: die Grundlage des Gesch\u00e4fts\u00fcberlebens, Integrit\u00e4t: die treibende Kraft hinter der Gesch\u00e4ftsentwicklung, Service: die Quelle des Gesch\u00e4ftswachstums und Erschwinglichkeit: der Schl\u00fcssel zum Gesch\u00e4ftserfolg.\u201c Wir hei\u00dfen sowohl inl\u00e4ndische als auch internationale Kunden willkommen und freuen uns auf die Zusammenarbeit f\u00fcr gemeinsames Wachstum und Erfolg.<\/p>\n<\/div>\n<\/div>\n<\/div>\n<\/div>\n<p><img loading=\"lazy\" decoding=\"async\" class=\"alignnone wp-image-3563\" src=\"https:\/\/fmp-components.com\/wp-content\/uploads\/2025\/01\/company-2.webp\" alt=\"Unternehmen\" width=\"873\" height=\"790\" title=\"\" srcset=\"https:\/\/fmp-components.com\/wp-content\/uploads\/2025\/01\/company-2.webp 873w, https:\/\/fmp-components.com\/wp-content\/uploads\/2025\/01\/company-2-480x435.webp 480w\" sizes=\"(min-width: 0px) and (max-width: 480px) 480px, (min-width: 481px) 873px, 100vw\" \/> <img loading=\"lazy\" decoding=\"async\" class=\"alignnone wp-image-3564\" src=\"https:\/\/fmp-components.com\/wp-content\/uploads\/2025\/01\/company-3.webp\" alt=\"Unternehmen\" width=\"873\" height=\"776\" title=\"\" srcset=\"https:\/\/fmp-components.com\/wp-content\/uploads\/2025\/01\/company-3.webp 873w, https:\/\/fmp-components.com\/wp-content\/uploads\/2025\/01\/company-3-480x427.webp 480w\" sizes=\"(min-width: 0px) and (max-width: 480px) 480px, (min-width: 481px) 873px, 100vw\" \/> <img loading=\"lazy\" decoding=\"async\" class=\"alignnone wp-image-3565\" src=\"https:\/\/fmp-components.com\/wp-content\/uploads\/2025\/01\/company-1.webp\" alt=\"Unternehmen\" width=\"877\" height=\"225\" title=\"\" srcset=\"https:\/\/fmp-components.com\/wp-content\/uploads\/2025\/01\/company-1.webp 877w, https:\/\/fmp-components.com\/wp-content\/uploads\/2025\/01\/company-1-480x123.webp 480w\" sizes=\"(min-width: 0px) and (max-width: 480px) 480px, (min-width: 481px) 877px, 100vw\" \/><\/p>\n<p>Autor: CX<\/p>","protected":false},"excerpt":{"rendered":"<p>\u00a0 Examples: JSZD120-12\/15 motorized spindle is mainly used for small parts processing of non-ferrous metals. Customers own\u3000feeding mechanism, spindle hollow feeding, front elastic clamping, processing zero. lt has low roughness\uff0c good dimensional\u3000stability, and high efficiency. Advantages of an Electrical Spindle for Special Usage Electrical spindles offer several distinct advantages for specialized applications in industries such [&hellip;]<\/p>","protected":false},"featured_media":3570,"comment_status":"open","ping_status":"closed","template":"","meta":{"_et_pb_use_builder":"","_et_pb_old_content":"","_et_gb_content_width":""},"product_brand":[],"product_cat":[88],"product_tag":[],"class_list":{"0":"post-3569","1":"product","2":"type-product","3":"status-publish","4":"has-post-thumbnail","6":"product_cat-stainless-steel-motors","8":"first","9":"instock","10":"shipping-taxable","11":"product-type-simple"},"_links":{"self":[{"href":"https:\/\/fmp-components.com\/de\/wp-json\/wp\/v2\/product\/3569","targetHints":{"allow":["GET"]}}],"collection":[{"href":"https:\/\/fmp-components.com\/de\/wp-json\/wp\/v2\/product"}],"about":[{"href":"https:\/\/fmp-components.com\/de\/wp-json\/wp\/v2\/types\/product"}],"replies":[{"embeddable":true,"href":"https:\/\/fmp-components.com\/de\/wp-json\/wp\/v2\/comments?post=3569"}],"wp:featuredmedia":[{"embeddable":true,"href":"https:\/\/fmp-components.com\/de\/wp-json\/wp\/v2\/media\/3570"}],"wp:attachment":[{"href":"https:\/\/fmp-components.com\/de\/wp-json\/wp\/v2\/media?parent=3569"}],"wp:term":[{"taxonomy":"product_brand","embeddable":true,"href":"https:\/\/fmp-components.com\/de\/wp-json\/wp\/v2\/product_brand?post=3569"},{"taxonomy":"product_cat","embeddable":true,"href":"https:\/\/fmp-components.com\/de\/wp-json\/wp\/v2\/product_cat?post=3569"},{"taxonomy":"product_tag","embeddable":true,"href":"https:\/\/fmp-components.com\/de\/wp-json\/wp\/v2\/product_tag?post=3569"}],"curies":[{"name":"wp","href":"https:\/\/api.w.org\/{rel}","templated":true}]}}