{"id":3548,"date":"2025-01-08T05:13:09","date_gmt":"2025-01-08T05:13:09","guid":{"rendered":"https:\/\/fmp-components.com\/?page_id=8"},"modified":"2025-01-08T05:13:10","modified_gmt":"2025-01-08T05:13:10","slug":"iec-motor-b5t-flange-mounted-stainless-steel-motor-tenv-replacement-of-sew-motor","status":"publish","type":"product","link":"https:\/\/fmp-components.com\/de\/product\/iec-motor-b5t-flange-mounted-stainless-steel-motor-tenv-replacement-of-sew-motor\/","title":{"rendered":"IEC-Motor B5T, Flanschmontierter Edelstahlmotor, TENV-Ersatz f\u00fcr SEW-Motor"},"content":{"rendered":"<p><img loading=\"lazy\" decoding=\"async\" class=\"alignnone size-full wp-image-3539\" src=\"https:\/\/fmp-components.com\/wp-content\/uploads\/2025\/01\/fmp_0.stainless-steel-motor-2.webp\" alt=\"fmp_0.Edelstahlmotor-2\" width=\"1579\" height=\"608\" title=\"\" srcset=\"https:\/\/fmp-components.com\/wp-content\/uploads\/2025\/01\/fmp_0.stainless-steel-motor-2.webp 1579w, https:\/\/fmp-components.com\/wp-content\/uploads\/2025\/01\/fmp_0.stainless-steel-motor-2-1280x493.webp 1280w, https:\/\/fmp-components.com\/wp-content\/uploads\/2025\/01\/fmp_0.stainless-steel-motor-2-980x377.webp 980w, https:\/\/fmp-components.com\/wp-content\/uploads\/2025\/01\/fmp_0.stainless-steel-motor-2-480x185.webp 480w\" sizes=\"(min-width: 0px) and (max-width: 480px) 480px, (min-width: 481px) and (max-width: 980px) 980px, (min-width: 981px) and (max-width: 1280px) 1280px, (min-width: 1281px) 1579px, 100vw\" \/><\/p>\n<p><span style=\"font-size: 18pt;\">IEC Motors B5T Flanschmontierte Edelstahlmotoren \u2013 TENV-Ersatz f\u00fcr SEW-Motoren<\/span><\/p>\n<p>Die Standard-Waschmotoren aus Edelstahl von FMP erf\u00fcllen die extremen und strengen Hygieneanforderungen der heutigen Lebensmittel-, Pharma-, Verpackungs- und Getr\u00e4nkeindustrie. Die lebensmittelsicheren Edelstahlmotoren von FMP wurden nach der strengen IP69K-Spezifikation auf Hochdruckdampf und Wasser getestet und bieten dauerhaften Schutz gegen extrem korrosive Waschbedingungen. Gleichzeitig gew\u00e4hrleisten sie die Einhaltung der Hygienestandards, um die Lebensmittelsicherheit zu gew\u00e4hrleisten.<\/p>\n<p><img loading=\"lazy\" decoding=\"async\" class=\"alignnone  wp-image-3549\" src=\"https:\/\/fmp-components.com\/wp-content\/uploads\/2025\/01\/fmp_4.stainless-steel-motor-2.webp\" alt=\"fmp_4.Edelstahlmotor-2\" width=\"917\" height=\"431\" title=\"\" srcset=\"https:\/\/fmp-components.com\/wp-content\/uploads\/2025\/01\/fmp_4.stainless-steel-motor-2.webp 400w, https:\/\/fmp-components.com\/wp-content\/uploads\/2025\/01\/fmp_4.stainless-steel-motor-2-300x141.webp 300w, https:\/\/fmp-components.com\/wp-content\/uploads\/2025\/01\/fmp_4.stainless-steel-motor-2-18x8.webp 18w\" sizes=\"(max-width: 917px) 100vw, 917px\" \/><\/p>\n<table style=\"width: 100.22%; height: 109px;\" border=\"1\">\n<tbody>\n<tr>\n<td>Rahmentyp<\/td>\n<td>Flansch<br \/>\nTyp<\/td>\n<td>Stangen<\/td>\n<td>D<\/td>\n<td>E<\/td>\n<td>F<\/td>\n<td>G<\/td>\n<td>M<\/td>\n<td>N<\/td>\n<td>P<\/td>\n<td>R<\/td>\n<td>S<\/td>\n<td>T<\/td>\n<td>Flansch<br \/>\nLoch<\/td>\n<td>Klimaanlage<\/td>\n<td>ANZEIGE<\/td>\n<\/tr>\n<tr>\n<td>71<\/td>\n<td>B5T<\/td>\n<td>4<\/td>\n<td>10<\/td>\n<td>35<\/td>\n<td>2<\/td>\n<td>8.6<\/td>\n<td>100<\/td>\n<td>80<\/td>\n<td>120<\/td>\n<td>16.5<\/td>\n<td>7<\/td>\n<td>3<\/td>\n<td>4<\/td>\n<td>134<\/td>\n<td>129<\/td>\n<\/tr>\n<tr>\n<td>80<\/td>\n<td>B5T<\/td>\n<td>4<\/td>\n<td>12<\/td>\n<td>35<\/td>\n<td>3<\/td>\n<td>10<\/td>\n<td>100<\/td>\n<td>80<\/td>\n<td>120<\/td>\n<td>14.5<\/td>\n<td>7<\/td>\n<td>3<\/td>\n<td>4<\/td>\n<td>134<\/td>\n<td>135<\/td>\n<\/tr>\n<\/tbody>\n<\/table>\n<h2>IEC-Motor B5T, Flanschmontierter Edelstahlmotor<\/h2>\n<ol>\n<li><strong>Korrosionsbest\u00e4ndige Konstruktion<\/strong><br \/>\nDer IEC B5T-Flanschmotor aus Edelstahl ist aus hochwertigem Edelstahl gefertigt und bietet hervorragende Korrosions-, Rost- und Verschlei\u00dfbest\u00e4ndigkeit. Dadurch eignet er sich ideal f\u00fcr den Einsatz in rauen Umgebungen wie der Lebensmittelverarbeitung sowie der Pharma- und Chemieindustrie, wo Feuchtigkeit und aggressiven Substanzen h\u00e4ufig ausgesetzt sind.<\/li>\n<li><strong>Flanschmontage f\u00fcr einfache Installation<\/strong><br \/>\nDer Motor ist mit einer B5T-Flanschmontage ausgestattet und erm\u00f6glicht so eine einfache und sichere Montage an Maschinen. Diese Montageart erm\u00f6glicht eine kompakte Integration in bestehende Systeme und reduziert den Bedarf an zus\u00e4tzlichen St\u00fctzstrukturen oder komplexen Montageverfahren.<\/li>\n<li><strong>Hygienische und leicht zu reinigende Oberfl\u00e4che<\/strong><br \/>\nDank der glatten, nahtlosen Oberfl\u00e4che ist der Motor leicht zu reinigen und zu warten. Es gibt keine freiliegenden Spalten oder Fugen, in denen sich Schmutz, Staub oder Speisereste ansammeln k\u00f6nnten. Daher eignet er sich f\u00fcr hygienische Anwendungen, bei denen Hygiene oberste Priorit\u00e4t hat. Die Konstruktion des Motors verhindert Verunreinigungen und sorgt f\u00fcr ein hohes Ma\u00df an Sauberkeit.<\/li>\n<li><strong>Schutzart IP69K<\/strong><br \/>\nDieser Motor verf\u00fcgt \u00fcber die Schutzart IP69K und bietet damit h\u00f6chste Best\u00e4ndigkeit gegen das Eindringen von Wasser und Staub. Der Motor h\u00e4lt Hochdruckwasserstrahlen stand und ist daher ideal f\u00fcr Waschumgebungen, in denen h\u00e4ufig mit Wasser und aggressiven Chemikalien gereinigt werden muss.<\/li>\n<li><strong>Effiziente Leistung<\/strong><br \/>\nDer Edelstahlmotor erf\u00fcllt hohe Effizienzstandards und sorgt f\u00fcr optimale Leistung bei gleichzeitig reduziertem Energieverbrauch. Seine pr\u00e4zisionsgefertigten Komponenten und das effektive W\u00e4rmemanagementsystem minimieren die W\u00e4rmeentwicklung und gew\u00e4hrleisten einen langlebigen, zuverl\u00e4ssigen Betrieb.<\/li>\n<\/ol>\n<p>Diese Eigenschaften machen den IEC B5T-Flanschmotor aus Edelstahl zur idealen Wahl f\u00fcr Anwendungen, die Haltbarkeit, Hygiene und hohe Leistung in rauen Industrieumgebungen erfordern.<\/p>\n<h2>Zugeh\u00f6riger Edelstahlmotor<\/h2>\n<table style=\"width: 100%;\" border=\"1\" width=\"100%\" cellspacing=\"0\" cellpadding=\"0\">\n<tbody>\n<tr>\n<td style=\"width: 25.8099%;\" align=\"right\" width=\"64\" height=\"18\"><img loading=\"lazy\" decoding=\"async\" class=\"alignnone size-full wp-image-3507\" src=\"https:\/\/fmp-components.com\/wp-content\/uploads\/2025\/01\/ep_stainless-steel-motor-1.webp\" sizes=\"(max-width: 379px) 100vw, 379px\" srcset=\"https:\/\/fmp-components.com\/wp-content\/uploads\/2025\/01\/ep_stainless-steel-motor-1.webp 379w, https:\/\/fmp-components.com\/wp-content\/uploads\/2025\/01\/ep_stainless-steel-motor-1-300x200.webp 300w, https:\/\/fmp-components.com\/wp-content\/uploads\/2025\/01\/ep_stainless-steel-motor-1-18x12.webp 18w\" alt=\"Edelstahlmotor\" width=\"379\" height=\"253\" title=\"\"><\/td>\n<td style=\"width: 26.134%;\" align=\"right\" width=\"64\"><img loading=\"lazy\" decoding=\"async\" class=\"alignnone size-full wp-image-3508\" src=\"https:\/\/fmp-components.com\/wp-content\/uploads\/2025\/01\/ep_stainless-steel-motor-2-2.webp\" sizes=\"(max-width: 379px) 100vw, 379px\" srcset=\"https:\/\/fmp-components.com\/wp-content\/uploads\/2025\/01\/ep_stainless-steel-motor-2-2.webp 379w, https:\/\/fmp-components.com\/wp-content\/uploads\/2025\/01\/ep_stainless-steel-motor-2-2-300x200.webp 300w, https:\/\/fmp-components.com\/wp-content\/uploads\/2025\/01\/ep_stainless-steel-motor-2-2-18x12.webp 18w\" alt=\"Edelstahlmotor\" width=\"379\" height=\"253\" title=\"\"><\/td>\n<td style=\"width: 25.162%;\" align=\"right\" width=\"64\"><img loading=\"lazy\" decoding=\"async\" class=\"alignnone size-full wp-image-3509\" src=\"https:\/\/fmp-components.com\/wp-content\/uploads\/2025\/01\/ep_stainless-steel-motor-6.webp\" sizes=\"(max-width: 379px) 100vw, 379px\" srcset=\"https:\/\/fmp-components.com\/wp-content\/uploads\/2025\/01\/ep_stainless-steel-motor-6.webp 379w, https:\/\/fmp-components.com\/wp-content\/uploads\/2025\/01\/ep_stainless-steel-motor-6-300x200.webp 300w, https:\/\/fmp-components.com\/wp-content\/uploads\/2025\/01\/ep_stainless-steel-motor-6-18x12.webp 18w\" alt=\"Edelstahlmotor\" width=\"379\" height=\"253\" title=\"\"><\/td>\n<td style=\"width: 22.6782%;\" align=\"right\" width=\"64\"><img loading=\"lazy\" decoding=\"async\" class=\"alignnone size-full wp-image-3510\" src=\"https:\/\/fmp-components.com\/wp-content\/uploads\/2025\/01\/ep_stainless-steel-motor-300x200-1.webp\" sizes=\"(max-width: 300px) 100vw, 300px\" srcset=\"https:\/\/fmp-components.com\/wp-content\/uploads\/2025\/01\/ep_stainless-steel-motor-300x200-1.webp 300w, https:\/\/fmp-components.com\/wp-content\/uploads\/2025\/01\/ep_stainless-steel-motor-300x200-1-18x12.webp 18w\" alt=\"Edelstahlmotor\" width=\"300\" height=\"200\" title=\"\"><\/td>\n<\/tr>\n<tr>\n<td style=\"width: 25.8099%;\" align=\"right\" height=\"18\">Permanentmagnetmotor aus Edelstahl<\/td>\n<td style=\"width: 26.134%;\" align=\"right\">Wassergek\u00fchlter Edelstahlmotor<\/td>\n<td style=\"width: 25.162%;\" align=\"right\">Elektromotor f\u00fcr die Lebensmittelindustrie<\/td>\n<td style=\"width: 22.6782%;\" align=\"right\">Edelstahlmotor<\/td>\n<\/tr>\n<tr>\n<td style=\"width: 25.8099%;\" align=\"right\" height=\"18\"><img loading=\"lazy\" decoding=\"async\" class=\"alignnone size-full wp-image-3511\" src=\"https:\/\/fmp-components.com\/wp-content\/uploads\/2025\/01\/ep_stainless-steel-motor-4.webp\" sizes=\"(max-width: 379px) 100vw, 379px\" srcset=\"https:\/\/fmp-components.com\/wp-content\/uploads\/2025\/01\/ep_stainless-steel-motor-4.webp 379w, https:\/\/fmp-components.com\/wp-content\/uploads\/2025\/01\/ep_stainless-steel-motor-4-300x200.webp 300w, https:\/\/fmp-components.com\/wp-content\/uploads\/2025\/01\/ep_stainless-steel-motor-4-18x12.webp 18w\" alt=\"Edelstahlmotor\" width=\"379\" height=\"253\" title=\"\"><\/td>\n<td style=\"width: 26.134%;\" align=\"right\"><img loading=\"lazy\" decoding=\"async\" class=\"alignnone size-full wp-image-3512\" src=\"https:\/\/fmp-components.com\/wp-content\/uploads\/2025\/01\/ep_stainless-steel-motor-3.webp\" sizes=\"(max-width: 379px) 100vw, 379px\" srcset=\"https:\/\/fmp-components.com\/wp-content\/uploads\/2025\/01\/ep_stainless-steel-motor-3.webp 379w, https:\/\/fmp-components.com\/wp-content\/uploads\/2025\/01\/ep_stainless-steel-motor-3-300x200.webp 300w, https:\/\/fmp-components.com\/wp-content\/uploads\/2025\/01\/ep_stainless-steel-motor-3-18x12.webp 18w\" alt=\"Edelstahlmotor\" width=\"379\" height=\"253\" title=\"\"><\/td>\n<td style=\"width: 25.162%;\" align=\"right\"><img loading=\"lazy\" decoding=\"async\" class=\"alignnone size-full wp-image-3513\" src=\"https:\/\/fmp-components.com\/wp-content\/uploads\/2025\/01\/ep_stainless-steel-motor-5.webp\" sizes=\"(max-width: 379px) 100vw, 379px\" srcset=\"https:\/\/fmp-components.com\/wp-content\/uploads\/2025\/01\/ep_stainless-steel-motor-5.webp 379w, https:\/\/fmp-components.com\/wp-content\/uploads\/2025\/01\/ep_stainless-steel-motor-5-300x200.webp 300w, https:\/\/fmp-components.com\/wp-content\/uploads\/2025\/01\/ep_stainless-steel-motor-5-18x12.webp 18w\" alt=\"Edelstahlmotor\" width=\"379\" height=\"253\" title=\"\"><\/td>\n<td style=\"width: 22.6782%;\" align=\"right\"><img loading=\"lazy\" decoding=\"async\" class=\"alignnone wp-image-3514\" src=\"https:\/\/fmp-components.com\/wp-content\/uploads\/2025\/01\/ep_stainless-steel-motor-6-1.webp\" sizes=\"(max-width: 379px) 100vw, 379px\" srcset=\"https:\/\/fmp-components.com\/wp-content\/uploads\/2025\/01\/ep_stainless-steel-motor-6-1.webp 379w, https:\/\/fmp-components.com\/wp-content\/uploads\/2025\/01\/ep_stainless-steel-motor-6-1-300x200.webp 300w, https:\/\/fmp-components.com\/wp-content\/uploads\/2025\/01\/ep_stainless-steel-motor-6-1-18x12.webp 18w\" alt=\"Edelstahlmotor\" width=\"220\" height=\"147\" title=\"\"><\/td>\n<\/tr>\n<tr>\n<td style=\"width: 25.8099%;\" align=\"right\" height=\"18\">IEC-Wechselstrommotor f\u00fcr emulgierte Lebensmittelmaschinen<\/td>\n<td style=\"width: 26.134%;\" align=\"right\">NEMA 56C Asynchronmotor<\/td>\n<td style=\"width: 25.162%;\" align=\"right\">IEC-Wechselstrommotor aus Edelstahl<\/td>\n<td style=\"width: 22.6782%;\">IEC-Hochleistungsmotor komplett aus Edelstahl<\/td>\n<\/tr>\n<tr>\n<td style=\"width: 25.8099%;\" align=\"right\" width=\"64\" height=\"18\"><img loading=\"lazy\" decoding=\"async\" class=\"alignnone size-full wp-image-3515\" src=\"https:\/\/fmp-components.com\/wp-content\/uploads\/2025\/01\/ep_stainless-steel-motor-2.webp\" sizes=\"(max-width: 379px) 100vw, 379px\" srcset=\"https:\/\/fmp-components.com\/wp-content\/uploads\/2025\/01\/ep_stainless-steel-motor-2.webp 379w, https:\/\/fmp-components.com\/wp-content\/uploads\/2025\/01\/ep_stainless-steel-motor-2-300x200.webp 300w, https:\/\/fmp-components.com\/wp-content\/uploads\/2025\/01\/ep_stainless-steel-motor-2-18x12.webp 18w\" alt=\"Edelstahlmotor\" width=\"379\" height=\"253\" title=\"\"><\/td>\n<td style=\"width: 26.134%;\" align=\"right\" width=\"64\"><img loading=\"lazy\" decoding=\"async\" class=\"alignnone size-full wp-image-3516\" src=\"https:\/\/fmp-components.com\/wp-content\/uploads\/2025\/01\/ep_stainless-steel-motor-8.webp\" sizes=\"(max-width: 379px) 100vw, 379px\" srcset=\"https:\/\/fmp-components.com\/wp-content\/uploads\/2025\/01\/ep_stainless-steel-motor-8.webp 379w, https:\/\/fmp-components.com\/wp-content\/uploads\/2025\/01\/ep_stainless-steel-motor-8-300x200.webp 300w, https:\/\/fmp-components.com\/wp-content\/uploads\/2025\/01\/ep_stainless-steel-motor-8-18x12.webp 18w\" alt=\"Edelstahlmotor\" width=\"379\" height=\"253\" title=\"\"><\/td>\n<td style=\"width: 25.162%;\" align=\"right\" width=\"64\"><img loading=\"lazy\" decoding=\"async\" class=\"alignnone size-full wp-image-3517\" src=\"https:\/\/fmp-components.com\/wp-content\/uploads\/2025\/01\/ep_stainless-steel-motor-7.webp\" sizes=\"(max-width: 379px) 100vw, 379px\" srcset=\"https:\/\/fmp-components.com\/wp-content\/uploads\/2025\/01\/ep_stainless-steel-motor-7.webp 379w, https:\/\/fmp-components.com\/wp-content\/uploads\/2025\/01\/ep_stainless-steel-motor-7-300x200.webp 300w, https:\/\/fmp-components.com\/wp-content\/uploads\/2025\/01\/ep_stainless-steel-motor-7-18x12.webp 18w\" alt=\"Edelstahlmotor\" width=\"379\" height=\"253\" title=\"\"><\/td>\n<td style=\"width: 22.6782%;\" align=\"right\" width=\"64\"><\/td>\n<\/tr>\n<tr>\n<td style=\"width: 25.8099%;\" align=\"right\" height=\"18\">Motor f\u00fcr H\u00fchner- und Entenhaarungsger\u00e4te<\/td>\n<td style=\"width: 26.134%;\" align=\"right\">NEMA-Motor aus lebensmittelechtem Edelstahl<\/td>\n<td style=\"width: 25.162%;\" align=\"right\">Lebensmittelechter IEC-Edelstahlmotor<\/td>\n<td style=\"width: 22.6782%;\" align=\"right\"><\/td>\n<\/tr>\n<\/tbody>\n<\/table>\n<h2>\u00dcber FMP<\/h2>\n<p>FMP ist ein f\u00fchrendes Hightech-Unternehmen, das sich auf die Entwicklung und Fertigung fortschrittlicher Motoren und elektromechanischer L\u00f6sungen spezialisiert hat. Unser Produktportfolio umfasst die Motoren der Serien YE2, YE3 und YE4 sowie eine breite Palette abgeleiteter Produkte. Dar\u00fcber hinaus bieten wir Spezialmotoren f\u00fcr Hydraulikpumpen an, darunter sowohl dreiphasige als auch einphasige Varianten, Motoren mit Aluminiumgeh\u00e4use, Sondermotoren, elektromechanisch integrierte Turbinengetriebe und weitere ma\u00dfgeschneiderte Motorl\u00f6sungen.<\/p>\n<p>Unsere Produkte finden breite Anwendung in verschiedenen Branchen, darunter in der industriellen Automatisierung, der CNC-Bearbeitung, der Schuhherstellung, der Holz- und Metallverarbeitung, der Kunststoffverarbeitung und im Baumaschinenbau. FMPs Engagement f\u00fcr Innovation und Qualit\u00e4t stellt sicher, dass alle Produkte h\u00f6chste Leistungs- und Zuverl\u00e4ssigkeitsstandards erf\u00fcllen.<\/p>\n<p>\u00dcber unser Standardangebot hinaus bieten wir ma\u00dfgeschneiderte L\u00f6sungen f\u00fcr die individuellen Bed\u00fcrfnisse unserer Kunden. Ob Spezialmotoren, Sonderprodukte oder vollintegrierte Systeme \u2013 FMP arbeitet eng mit seinen Kunden zusammen, um pr\u00e4zise und hochwertige L\u00f6sungen zu liefern. Unser Fokus auf Pr\u00e4zisionstechnik und Kundenzufriedenheit ist der Schl\u00fcssel zu unserem kontinuierlichen Wachstum und Erfolg auf den globalen M\u00e4rkten.<\/p>\n<p>Bei FMP legen wir Wert auf die Pflege langfristiger, f\u00fcr beide Seiten vorteilhafter Partnerschaften. Wir unterst\u00fctzen den Erfolg unserer Kunden, stellen sicher, dass jedes Projekt herausragende Ergebnisse liefert und st\u00e4rken unsere globale Pr\u00e4senz.<\/p>\n<table style=\"width: 100.629%;\" border=\"0\" width=\"128\" cellspacing=\"0\" cellpadding=\"0\">\n<tbody>\n<tr>\n<td style=\"width: 49.2308%;\" align=\"right\" width=\"64\" height=\"18\"><img loading=\"lazy\" decoding=\"async\" class=\"alignnone size-full wp-image-3398\" src=\"https:\/\/fmp-components.com\/wp-content\/uploads\/2025\/01\/Three-Phase-Motor-Factory.webp\" sizes=\"(min-width: 0px) and (max-width: 480px) 480px, (min-width: 481px) 900px, 100vw\" srcset=\"https:\/\/fmp-components.com\/wp-content\/uploads\/2025\/01\/Three-Phase-Motor-Factory.webp 900w, https:\/\/fmp-components.com\/wp-content\/uploads\/2025\/01\/Three-Phase-Motor-Factory-480x320.webp 480w\" alt=\"Drehstrommotorenfabrik\" width=\"900\" height=\"600\" title=\"\"><\/td>\n<td style=\"width: 659.231%;\" align=\"right\" width=\"64\"><img loading=\"lazy\" decoding=\"async\" class=\"alignnone size-full wp-image-3399\" src=\"https:\/\/fmp-components.com\/wp-content\/uploads\/2025\/01\/Three-Phase-Motor-Factory-2.webp\" sizes=\"(min-width: 0px) and (max-width: 480px) 480px, (min-width: 481px) 900px, 100vw\" srcset=\"https:\/\/fmp-components.com\/wp-content\/uploads\/2025\/01\/Three-Phase-Motor-Factory-2.webp 900w, https:\/\/fmp-components.com\/wp-content\/uploads\/2025\/01\/Three-Phase-Motor-Factory-2-480x320.webp 480w\" alt=\"Dreiphasenmotorenfabrik-2\" width=\"900\" height=\"600\" title=\"\"><\/td>\n<\/tr>\n<tr>\n<td style=\"width: 49.2308%;\" align=\"right\" height=\"18\"><img loading=\"lazy\" decoding=\"async\" class=\"alignnone size-full wp-image-3400\" src=\"https:\/\/fmp-components.com\/wp-content\/uploads\/2025\/01\/China-Three-Phase-Motor-Factory-1.webp\" sizes=\"(min-width: 0px) and (max-width: 480px) 480px, (min-width: 481px) 900px, 100vw\" srcset=\"https:\/\/fmp-components.com\/wp-content\/uploads\/2025\/01\/China-Three-Phase-Motor-Factory-1.webp 900w, https:\/\/fmp-components.com\/wp-content\/uploads\/2025\/01\/China-Three-Phase-Motor-Factory-1-480x320.webp 480w\" alt=\"Dreiphasenmotorenfabrik-1\" width=\"900\" height=\"600\" title=\"\"><\/td>\n<td style=\"width: 659.231%;\" align=\"right\"><img loading=\"lazy\" decoding=\"async\" class=\"alignnone size-full wp-image-3401\" src=\"https:\/\/fmp-components.com\/wp-content\/uploads\/2025\/01\/Three-Phase-Motor-Factory-3.webp\" sizes=\"(min-width: 0px) and (max-width: 480px) 480px, (min-width: 481px) 900px, 100vw\" srcset=\"https:\/\/fmp-components.com\/wp-content\/uploads\/2025\/01\/Three-Phase-Motor-Factory-3.webp 900w, https:\/\/fmp-components.com\/wp-content\/uploads\/2025\/01\/Three-Phase-Motor-Factory-3-480x320.webp 480w\" alt=\"Dreiphasenmotorenfabrik-3\" width=\"900\" height=\"600\" title=\"\"><\/td>\n<\/tr>\n<tr>\n<td style=\"width: 49.2308%;\"><img loading=\"lazy\" decoding=\"async\" class=\"alignnone size-full wp-image-3471\" src=\"https:\/\/fmp-components.com\/wp-content\/uploads\/2025\/01\/Single-Phase-Induction-Motor-Suppliers.webp\" sizes=\"(min-width: 0px) and (max-width: 480px) 480px, (min-width: 481px) 900px, 100vw\" srcset=\"https:\/\/fmp-components.com\/wp-content\/uploads\/2025\/01\/Single-Phase-Induction-Motor-Suppliers.webp 900w, https:\/\/fmp-components.com\/wp-content\/uploads\/2025\/01\/Single-Phase-Induction-Motor-Suppliers-480x320.webp 480w\" alt=\"Einphasen-Induktionsmotor-Lieferanten\" width=\"900\" height=\"600\" title=\"\"><\/td>\n<td style=\"width: 659.231%;\"><img loading=\"lazy\" decoding=\"async\" class=\"alignnone size-full wp-image-3470\" src=\"https:\/\/fmp-components.com\/wp-content\/uploads\/2025\/01\/Single-Phase-Induction-Motor-Manufacturers-1.webp\" sizes=\"(min-width: 0px) and (max-width: 480px) 480px, (min-width: 481px) 900px, 100vw\" srcset=\"https:\/\/fmp-components.com\/wp-content\/uploads\/2025\/01\/Single-Phase-Induction-Motor-Manufacturers-1.webp 900w, https:\/\/fmp-components.com\/wp-content\/uploads\/2025\/01\/Single-Phase-Induction-Motor-Manufacturers-1-480x320.webp 480w\" alt=\"Einphasen-Induktionsmotor-Hersteller-1\" width=\"900\" height=\"600\" title=\"\"><\/td>\n<\/tr>\n<tr>\n<td style=\"width: 49.2308%;\"><img loading=\"lazy\" decoding=\"async\" class=\"alignnone size-full wp-image-3472\" src=\"https:\/\/fmp-components.com\/wp-content\/uploads\/2025\/01\/Single-Phase-Induction-Motor-Manufacturers.webp\" sizes=\"(min-width: 0px) and (max-width: 480px) 480px, (min-width: 481px) 900px, 100vw\" srcset=\"https:\/\/fmp-components.com\/wp-content\/uploads\/2025\/01\/Single-Phase-Induction-Motor-Manufacturers.webp 900w, https:\/\/fmp-components.com\/wp-content\/uploads\/2025\/01\/Single-Phase-Induction-Motor-Manufacturers-480x320.webp 480w\" alt=\"Hersteller von Einphasen-Induktionsmotoren\" width=\"900\" height=\"600\" title=\"\"><\/td>\n<td style=\"width: 659.231%;\"><img loading=\"lazy\" decoding=\"async\" class=\"alignnone size-full wp-image-3473\" src=\"https:\/\/fmp-components.com\/wp-content\/uploads\/2025\/01\/Single-Phase-Induction-Motor-for-Sale.webp\" sizes=\"(min-width: 0px) and (max-width: 480px) 480px, (min-width: 481px) 900px, 100vw\" srcset=\"https:\/\/fmp-components.com\/wp-content\/uploads\/2025\/01\/Single-Phase-Induction-Motor-for-Sale.webp 900w, https:\/\/fmp-components.com\/wp-content\/uploads\/2025\/01\/Single-Phase-Induction-Motor-for-Sale-480x320.webp 480w\" alt=\"Einphasen-Induktionsmotor zu verkaufen\" width=\"900\" height=\"600\" title=\"\"><\/td>\n<\/tr>\n<\/tbody>\n<\/table>\n<p>Autor: CX<\/p>","protected":false},"excerpt":{"rendered":"<p>IEC Motors B5T Flange Mount Stainless Steel Motors &#8211; TENV Replacement for SEW Motors FMP standard stainless steel washdown motors are designed to meet the extreme and stringent hygiene requirements of today&#8217;s food processing, pharmaceutical, packaging and beverage industries. High pressure steam and water tested to stringent IP69K specifications, FMP&#8217;s food safe stainless steel motors [&hellip;]<\/p>","protected":false},"featured_media":3550,"comment_status":"open","ping_status":"closed","template":"","meta":{"_et_pb_use_builder":"","_et_pb_old_content":"","_et_gb_content_width":""},"product_brand":[],"product_cat":[88],"product_tag":[],"class_list":{"0":"post-3548","1":"product","2":"type-product","3":"status-publish","4":"has-post-thumbnail","6":"product_cat-stainless-steel-motors","8":"first","9":"instock","10":"shipping-taxable","11":"product-type-simple"},"_links":{"self":[{"href":"https:\/\/fmp-components.com\/de\/wp-json\/wp\/v2\/product\/3548","targetHints":{"allow":["GET"]}}],"collection":[{"href":"https:\/\/fmp-components.com\/de\/wp-json\/wp\/v2\/product"}],"about":[{"href":"https:\/\/fmp-components.com\/de\/wp-json\/wp\/v2\/types\/product"}],"replies":[{"embeddable":true,"href":"https:\/\/fmp-components.com\/de\/wp-json\/wp\/v2\/comments?post=3548"}],"wp:featuredmedia":[{"embeddable":true,"href":"https:\/\/fmp-components.com\/de\/wp-json\/wp\/v2\/media\/3550"}],"wp:attachment":[{"href":"https:\/\/fmp-components.com\/de\/wp-json\/wp\/v2\/media?parent=3548"}],"wp:term":[{"taxonomy":"product_brand","embeddable":true,"href":"https:\/\/fmp-components.com\/de\/wp-json\/wp\/v2\/product_brand?post=3548"},{"taxonomy":"product_cat","embeddable":true,"href":"https:\/\/fmp-components.com\/de\/wp-json\/wp\/v2\/product_cat?post=3548"},{"taxonomy":"product_tag","embeddable":true,"href":"https:\/\/fmp-components.com\/de\/wp-json\/wp\/v2\/product_tag?post=3548"}],"curies":[{"name":"wp","href":"https:\/\/api.w.org\/{rel}","templated":true}]}}