{"id":3535,"date":"2025-01-08T03:23:35","date_gmt":"2025-01-08T03:23:35","guid":{"rendered":"https:\/\/fmp-components.com\/?page_id=8"},"modified":"2025-01-08T03:28:26","modified_gmt":"2025-01-08T03:28:26","slug":"b5-flange-mounted-stainless-steel-motor-tefc-for-food-machinery","status":"publish","type":"product","link":"https:\/\/fmp-components.com\/de\/product\/b5-flange-mounted-stainless-steel-motor-tefc-for-food-machinery\/","title":{"rendered":"B5 Flanschmontierter Edelstahlmotor-TEFC f\u00fcr Lebensmittelmaschinen"},"content":{"rendered":"<p><img loading=\"lazy\" decoding=\"async\" class=\"alignnone size-full wp-image-3539\" src=\"https:\/\/fmp-components.com\/wp-content\/uploads\/2025\/01\/fmp_0.stainless-steel-motor-2.webp\" alt=\"fmp_0.Edelstahlmotor-2\" width=\"1579\" height=\"608\" title=\"\" srcset=\"https:\/\/fmp-components.com\/wp-content\/uploads\/2025\/01\/fmp_0.stainless-steel-motor-2.webp 1579w, https:\/\/fmp-components.com\/wp-content\/uploads\/2025\/01\/fmp_0.stainless-steel-motor-2-1280x493.webp 1280w, https:\/\/fmp-components.com\/wp-content\/uploads\/2025\/01\/fmp_0.stainless-steel-motor-2-980x377.webp 980w, https:\/\/fmp-components.com\/wp-content\/uploads\/2025\/01\/fmp_0.stainless-steel-motor-2-480x185.webp 480w\" sizes=\"(min-width: 0px) and (max-width: 480px) 480px, (min-width: 481px) and (max-width: 980px) 980px, (min-width: 981px) and (max-width: 1280px) 1280px, (min-width: 1281px) 1579px, 100vw\" \/> <img loading=\"lazy\" decoding=\"async\" class=\"alignnone wp-image-3537\" src=\"https:\/\/fmp-components.com\/wp-content\/uploads\/2025\/01\/fmp_7.stainless-steel-motor-2.webp\" alt=\"fmp_7.Edelstahlmotor-2\" width=\"929\" height=\"481\" title=\"\" srcset=\"https:\/\/fmp-components.com\/wp-content\/uploads\/2025\/01\/fmp_7.stainless-steel-motor-2.webp 929w, https:\/\/fmp-components.com\/wp-content\/uploads\/2025\/01\/fmp_7.stainless-steel-motor-2-480x249.webp 480w\" sizes=\"(min-width: 0px) and (max-width: 480px) 480px, (min-width: 481px) 929px, 100vw\" \/><\/p>\n<table style=\"width: 101.327%; height: 208px;\" border=\"1\">\n<tbody>\n<tr>\n<td>Rahmentyp<\/td>\n<td>Flanschtyp<\/td>\n<td>Stangen<\/td>\n<td>D<\/td>\n<td>E<\/td>\n<td>F<\/td>\n<td>G<\/td>\n<td>M<\/td>\n<td>N<\/td>\n<td>P<\/td>\n<td>R<\/td>\n<td>S<\/td>\n<td>T<\/td>\n<td>Flanschloch<\/td>\n<td>Wellenloch<\/td>\n<td>Klimaanlage<\/td>\n<td>ANZEIGE<\/td>\n<\/tr>\n<tr>\n<td>71<\/td>\n<td>FT130<\/td>\n<td>2, 4, 6<\/td>\n<td>14<\/td>\n<td>30<\/td>\n<td>5<\/td>\n<td>11<\/td>\n<td>130<\/td>\n<td>110<\/td>\n<td>160<\/td>\n<td>0<\/td>\n<td>10<\/td>\n<td>3.5<\/td>\n<td>4<\/td>\n<td>M5<\/td>\n<td>134<\/td>\n<td>129<\/td>\n<\/tr>\n<tr>\n<td>80<\/td>\n<td>FT165<\/td>\n<td>2, 4, 6<\/td>\n<td>19<\/td>\n<td>40<\/td>\n<td>6<\/td>\n<td>15.5<\/td>\n<td>165<\/td>\n<td>130<\/td>\n<td>200<\/td>\n<td>0<\/td>\n<td>12<\/td>\n<td>3.5<\/td>\n<td>4<\/td>\n<td>M6<\/td>\n<td>144<\/td>\n<td>135<\/td>\n<\/tr>\n<tr>\n<td>90<\/td>\n<td>FT165<\/td>\n<td>2, 4, 6<\/td>\n<td>24<\/td>\n<td>50<\/td>\n<td>8<\/td>\n<td>20<\/td>\n<td>165<\/td>\n<td>130<\/td>\n<td>200<\/td>\n<td>0<\/td>\n<td>12<\/td>\n<td>3.5<\/td>\n<td>4<\/td>\n<td>M8<\/td>\n<td>176<\/td>\n<td>147<\/td>\n<\/tr>\n<tr>\n<td>100<\/td>\n<td>FT215<\/td>\n<td>2, 4, 6<\/td>\n<td>28<\/td>\n<td>60<\/td>\n<td>8<\/td>\n<td>24<\/td>\n<td>215<\/td>\n<td>180<\/td>\n<td>250<\/td>\n<td>0<\/td>\n<td>15<\/td>\n<td>4<\/td>\n<td>4<\/td>\n<td>M10<\/td>\n<td>203<\/td>\n<td>169<\/td>\n<\/tr>\n<tr>\n<td>112<\/td>\n<td>FT215<\/td>\n<td>2, 4, 6<\/td>\n<td>28<\/td>\n<td>60<\/td>\n<td>8<\/td>\n<td>24<\/td>\n<td>215<\/td>\n<td>180<\/td>\n<td>250<\/td>\n<td>0<\/td>\n<td>15<\/td>\n<td>4<\/td>\n<td>4<\/td>\n<td>M10<\/td>\n<td>218<\/td>\n<td>174<\/td>\n<\/tr>\n<tr>\n<td>132<\/td>\n<td>FT265<\/td>\n<td>2, 4, 6<\/td>\n<td>38<\/td>\n<td>80<\/td>\n<td>10<\/td>\n<td>33<\/td>\n<td>265<\/td>\n<td>230<\/td>\n<td>300<\/td>\n<td>0<\/td>\n<td>15<\/td>\n<td>4<\/td>\n<td>4<\/td>\n<td>M12<\/td>\n<td>256<\/td>\n<td>192<\/td>\n<\/tr>\n<\/tbody>\n<\/table>\n<h2>Vorteile von Edelstahlmotoren<\/h2>\n<ul>\n<li><strong>Hohe Hygienestandards<\/strong><br \/>\nDer von uns entwickelte Edelstahlmotor verf\u00fcgt \u00fcber eine glatte Oberfl\u00e4che, die den strengen Hygienestandards des Marktes entspricht und sowohl Sicherheit als auch Sauberkeit in anspruchsvollen Umgebungen gew\u00e4hrleistet.<\/li>\n<li><strong>Korrosionsbest\u00e4ndiges Design<\/strong><br \/>\nDer Motor verf\u00fcgt \u00fcber einen Rohrrahmen und eine geschlossene Bauweise, sodass keine Bel\u00fcftungs\u00f6ffnungen vorhanden sind und sich weder Staub noch Speisereste ansammeln k\u00f6nnen. Das gesamte Au\u00dfengeh\u00e4use besteht aus Edelstahl und enth\u00e4lt keine Kunststoffteile. Die Daten des Typenschilds sind per Laser auf die Endabdeckung oder den Anschlusskasten graviert, um eine saubere und langlebige Funktion zu gew\u00e4hrleisten. Dank dieser Bauweise l\u00e4sst sich die Motoroberfl\u00e4che leicht reinigen und ist best\u00e4ndig gegen g\u00e4ngige Korrosionsmittel.<\/li>\n<li><strong>Verbesserter Schutz und Effizienz<\/strong><br \/>\nDer Edelstahlmotor mit Schutzart IP69K ist \u00e4u\u00dferst widerstandsf\u00e4hig gegen Wasser und Staub. Er erf\u00fcllt die IE4-Effizienznorm und sein pr\u00e4zises elektrisches Design sorgt f\u00fcr eine effektive Kontrolle der Innenerw\u00e4rmung und Oberfl\u00e4chentemperatur. Der Motor ist zudem hochwertig isoliert und somit f\u00fcr den Einsatz mit Wechselrichtern geeignet.<\/li>\n<li><strong>Kundenspezifische L\u00f6sungen<\/strong><br \/>\nFMP ist in der Lage, einzigartige elektrische und mechanische L\u00f6sungen zu entwickeln, um spezifische Kundenanforderungen zu erf\u00fcllen und ma\u00dfgeschneiderte Designs f\u00fcr verschiedene Anwendungen bereitzustellen.<\/li>\n<\/ul>\n<p><img loading=\"lazy\" decoding=\"async\" class=\"alignnone  wp-image-3541\" src=\"https:\/\/fmp-components.com\/wp-content\/uploads\/2025\/01\/fmp_steel-motor-application-1.webp\" alt=\"fmp_steel-motor-application-1\" width=\"922\" height=\"523\" title=\"\" srcset=\"https:\/\/fmp-components.com\/wp-content\/uploads\/2025\/01\/fmp_steel-motor-application-1.webp 476w, https:\/\/fmp-components.com\/wp-content\/uploads\/2025\/01\/fmp_steel-motor-application-1-300x170.webp 300w, https:\/\/fmp-components.com\/wp-content\/uploads\/2025\/01\/fmp_steel-motor-application-1-18x10.webp 18w\" sizes=\"(max-width: 922px) 100vw, 922px\" \/><\/p>\n<h2>Zugeh\u00f6riger Edelstahlmotor<\/h2>\n<table style=\"width: 100%;\" border=\"1\" width=\"100%\" cellspacing=\"0\" cellpadding=\"0\">\n<tbody>\n<tr>\n<td style=\"width: 25.9179%;\" align=\"right\" width=\"64\" height=\"18\"><img loading=\"lazy\" decoding=\"async\" class=\"alignnone size-full wp-image-3507\" src=\"https:\/\/fmp-components.com\/wp-content\/uploads\/2025\/01\/ep_stainless-steel-motor-1.webp\" sizes=\"(max-width: 379px) 100vw, 379px\" srcset=\"https:\/\/fmp-components.com\/wp-content\/uploads\/2025\/01\/ep_stainless-steel-motor-1.webp 379w, https:\/\/fmp-components.com\/wp-content\/uploads\/2025\/01\/ep_stainless-steel-motor-1-300x200.webp 300w, https:\/\/fmp-components.com\/wp-content\/uploads\/2025\/01\/ep_stainless-steel-motor-1-18x12.webp 18w\" alt=\"Edelstahlmotor\" width=\"379\" height=\"253\" title=\"\"><\/td>\n<td style=\"width: 25.8099%;\" align=\"right\" width=\"64\"><img loading=\"lazy\" decoding=\"async\" class=\"alignnone size-full wp-image-3508\" src=\"https:\/\/fmp-components.com\/wp-content\/uploads\/2025\/01\/ep_stainless-steel-motor-2-2.webp\" sizes=\"(max-width: 379px) 100vw, 379px\" srcset=\"https:\/\/fmp-components.com\/wp-content\/uploads\/2025\/01\/ep_stainless-steel-motor-2-2.webp 379w, https:\/\/fmp-components.com\/wp-content\/uploads\/2025\/01\/ep_stainless-steel-motor-2-2-300x200.webp 300w, https:\/\/fmp-components.com\/wp-content\/uploads\/2025\/01\/ep_stainless-steel-motor-2-2-18x12.webp 18w\" alt=\"Edelstahlmotor\" width=\"379\" height=\"253\" title=\"\"><\/td>\n<td style=\"width: 25.378%;\" align=\"right\" width=\"64\"><img loading=\"lazy\" decoding=\"async\" class=\"alignnone size-full wp-image-3509\" src=\"https:\/\/fmp-components.com\/wp-content\/uploads\/2025\/01\/ep_stainless-steel-motor-6.webp\" sizes=\"(max-width: 379px) 100vw, 379px\" srcset=\"https:\/\/fmp-components.com\/wp-content\/uploads\/2025\/01\/ep_stainless-steel-motor-6.webp 379w, https:\/\/fmp-components.com\/wp-content\/uploads\/2025\/01\/ep_stainless-steel-motor-6-300x200.webp 300w, https:\/\/fmp-components.com\/wp-content\/uploads\/2025\/01\/ep_stainless-steel-motor-6-18x12.webp 18w\" alt=\"Edelstahlmotor\" width=\"379\" height=\"253\" title=\"\"><\/td>\n<td style=\"width: 22.6782%;\" align=\"right\" width=\"64\"><img loading=\"lazy\" decoding=\"async\" class=\"alignnone size-full wp-image-3510\" src=\"https:\/\/fmp-components.com\/wp-content\/uploads\/2025\/01\/ep_stainless-steel-motor-300x200-1.webp\" sizes=\"(max-width: 300px) 100vw, 300px\" srcset=\"https:\/\/fmp-components.com\/wp-content\/uploads\/2025\/01\/ep_stainless-steel-motor-300x200-1.webp 300w, https:\/\/fmp-components.com\/wp-content\/uploads\/2025\/01\/ep_stainless-steel-motor-300x200-1-18x12.webp 18w\" alt=\"Edelstahlmotor\" width=\"300\" height=\"200\" title=\"\"><\/td>\n<\/tr>\n<tr>\n<td style=\"width: 25.9179%;\" align=\"right\" height=\"18\">Permanentmagnetmotor aus Edelstahl<\/td>\n<td style=\"width: 25.8099%;\" align=\"right\">Wassergek\u00fchlter Edelstahlmotor<\/td>\n<td style=\"width: 25.378%;\" align=\"right\">Elektromotor f\u00fcr die Lebensmittelindustrie<\/td>\n<td style=\"width: 22.6782%;\" align=\"right\">Edelstahlmotor<\/td>\n<\/tr>\n<tr>\n<td style=\"width: 25.9179%;\" align=\"right\" height=\"18\"><img loading=\"lazy\" decoding=\"async\" class=\"alignnone size-full wp-image-3511\" src=\"https:\/\/fmp-components.com\/wp-content\/uploads\/2025\/01\/ep_stainless-steel-motor-4.webp\" sizes=\"(max-width: 379px) 100vw, 379px\" srcset=\"https:\/\/fmp-components.com\/wp-content\/uploads\/2025\/01\/ep_stainless-steel-motor-4.webp 379w, https:\/\/fmp-components.com\/wp-content\/uploads\/2025\/01\/ep_stainless-steel-motor-4-300x200.webp 300w, https:\/\/fmp-components.com\/wp-content\/uploads\/2025\/01\/ep_stainless-steel-motor-4-18x12.webp 18w\" alt=\"Edelstahlmotor\" width=\"379\" height=\"253\" title=\"\"><\/td>\n<td style=\"width: 25.8099%;\" align=\"right\"><img loading=\"lazy\" decoding=\"async\" class=\"alignnone size-full wp-image-3512\" src=\"https:\/\/fmp-components.com\/wp-content\/uploads\/2025\/01\/ep_stainless-steel-motor-3.webp\" sizes=\"(max-width: 379px) 100vw, 379px\" srcset=\"https:\/\/fmp-components.com\/wp-content\/uploads\/2025\/01\/ep_stainless-steel-motor-3.webp 379w, https:\/\/fmp-components.com\/wp-content\/uploads\/2025\/01\/ep_stainless-steel-motor-3-300x200.webp 300w, https:\/\/fmp-components.com\/wp-content\/uploads\/2025\/01\/ep_stainless-steel-motor-3-18x12.webp 18w\" alt=\"Edelstahlmotor\" width=\"379\" height=\"253\" title=\"\"><\/td>\n<td style=\"width: 25.378%;\" align=\"right\"><img loading=\"lazy\" decoding=\"async\" class=\"alignnone size-full wp-image-3513\" src=\"https:\/\/fmp-components.com\/wp-content\/uploads\/2025\/01\/ep_stainless-steel-motor-5.webp\" sizes=\"(max-width: 379px) 100vw, 379px\" srcset=\"https:\/\/fmp-components.com\/wp-content\/uploads\/2025\/01\/ep_stainless-steel-motor-5.webp 379w, https:\/\/fmp-components.com\/wp-content\/uploads\/2025\/01\/ep_stainless-steel-motor-5-300x200.webp 300w, https:\/\/fmp-components.com\/wp-content\/uploads\/2025\/01\/ep_stainless-steel-motor-5-18x12.webp 18w\" alt=\"Edelstahlmotor\" width=\"379\" height=\"253\" title=\"\"><\/td>\n<td style=\"width: 22.6782%;\" align=\"right\"><img loading=\"lazy\" decoding=\"async\" class=\"alignnone size-full wp-image-3514\" src=\"https:\/\/fmp-components.com\/wp-content\/uploads\/2025\/01\/ep_stainless-steel-motor-6-1.webp\" sizes=\"(max-width: 379px) 100vw, 379px\" srcset=\"https:\/\/fmp-components.com\/wp-content\/uploads\/2025\/01\/ep_stainless-steel-motor-6-1.webp 379w, https:\/\/fmp-components.com\/wp-content\/uploads\/2025\/01\/ep_stainless-steel-motor-6-1-300x200.webp 300w, https:\/\/fmp-components.com\/wp-content\/uploads\/2025\/01\/ep_stainless-steel-motor-6-1-18x12.webp 18w\" alt=\"Edelstahlmotor\" width=\"379\" height=\"253\" title=\"\"><\/td>\n<\/tr>\n<tr>\n<td style=\"width: 25.9179%;\" align=\"right\" height=\"18\">IEC-Wechselstrommotor f\u00fcr emulgierte Lebensmittelmaschinen<\/td>\n<td style=\"width: 25.8099%;\" align=\"right\">NEMA 56C Asynchronmotor<\/td>\n<td style=\"width: 25.378%;\" align=\"right\">IEC-Wechselstrommotor aus Edelstahl<\/td>\n<td style=\"width: 22.6782%;\">IEC-Hochleistungsmotor komplett aus Edelstahl<\/td>\n<\/tr>\n<tr>\n<td style=\"width: 25.9179%;\" align=\"right\" width=\"64\" height=\"18\"><img loading=\"lazy\" decoding=\"async\" class=\"alignnone size-full wp-image-3515\" src=\"https:\/\/fmp-components.com\/wp-content\/uploads\/2025\/01\/ep_stainless-steel-motor-2.webp\" sizes=\"(max-width: 379px) 100vw, 379px\" srcset=\"https:\/\/fmp-components.com\/wp-content\/uploads\/2025\/01\/ep_stainless-steel-motor-2.webp 379w, https:\/\/fmp-components.com\/wp-content\/uploads\/2025\/01\/ep_stainless-steel-motor-2-300x200.webp 300w, https:\/\/fmp-components.com\/wp-content\/uploads\/2025\/01\/ep_stainless-steel-motor-2-18x12.webp 18w\" alt=\"Edelstahlmotor\" width=\"379\" height=\"253\" title=\"\"><\/td>\n<td style=\"width: 25.8099%;\" align=\"right\" width=\"64\"><img loading=\"lazy\" decoding=\"async\" class=\"alignnone size-full wp-image-3516\" src=\"https:\/\/fmp-components.com\/wp-content\/uploads\/2025\/01\/ep_stainless-steel-motor-8.webp\" sizes=\"(max-width: 379px) 100vw, 379px\" srcset=\"https:\/\/fmp-components.com\/wp-content\/uploads\/2025\/01\/ep_stainless-steel-motor-8.webp 379w, https:\/\/fmp-components.com\/wp-content\/uploads\/2025\/01\/ep_stainless-steel-motor-8-300x200.webp 300w, https:\/\/fmp-components.com\/wp-content\/uploads\/2025\/01\/ep_stainless-steel-motor-8-18x12.webp 18w\" alt=\"Edelstahlmotor\" width=\"379\" height=\"253\" title=\"\"><\/td>\n<td style=\"width: 25.378%;\" align=\"right\" width=\"64\"><img loading=\"lazy\" decoding=\"async\" class=\"alignnone size-full wp-image-3517\" src=\"https:\/\/fmp-components.com\/wp-content\/uploads\/2025\/01\/ep_stainless-steel-motor-7.webp\" sizes=\"(max-width: 379px) 100vw, 379px\" srcset=\"https:\/\/fmp-components.com\/wp-content\/uploads\/2025\/01\/ep_stainless-steel-motor-7.webp 379w, https:\/\/fmp-components.com\/wp-content\/uploads\/2025\/01\/ep_stainless-steel-motor-7-300x200.webp 300w, https:\/\/fmp-components.com\/wp-content\/uploads\/2025\/01\/ep_stainless-steel-motor-7-18x12.webp 18w\" alt=\"Edelstahlmotor\" width=\"379\" height=\"253\" title=\"\"><\/td>\n<td style=\"width: 22.6782%;\" align=\"right\" width=\"64\"><\/td>\n<\/tr>\n<tr>\n<td style=\"width: 25.9179%;\" align=\"right\" height=\"18\">Motor f\u00fcr H\u00fchner- und Entenhaarungsger\u00e4te<\/td>\n<td style=\"width: 25.8099%;\" align=\"right\">NEMA-Motor aus lebensmittelechtem Edelstahl<\/td>\n<td style=\"width: 25.378%;\" align=\"right\">Lebensmittelechter IEC-Edelstahlmotor<\/td>\n<td style=\"width: 22.6782%;\" align=\"right\"><\/td>\n<\/tr>\n<\/tbody>\n<\/table>\n<h2>\u00dcber FMP<\/h2>\n<p>FMP ist ein nationales Hightech-Unternehmen, das sich auf die Konstruktion, Entwicklung und Produktion fortschrittlicher Motoren und elektromechanischer L\u00f6sungen spezialisiert hat. Wir konzentrieren uns auf die Produktion von Motoren der Serien YE2, YE3 und YE4 sowie einer Reihe abgeleiteter Produkte. Unser Produktangebot umfasst au\u00dferdem Dreiphasen- und Einphasenmotoren f\u00fcr Hydraulikpumpen, Motoren mit Aluminiumgeh\u00e4use, Sondermotoren f\u00fcr Hydraulikpumpen, elektromechanisch integrierte Turbinengetriebe und andere Spezialmotoren.<\/p>\n<p>Die Produkte von FMP finden breite Anwendung in der industriellen Automatisierung und bedienen Schl\u00fcsselsektoren wie CNC-Drehmaschinen, Schuhherstellungsmaschinen, Holzbearbeitungsmaschinen, Metallbearbeitungsmaschinen, Kunststoffmaschinen und Baumaschinen. Mit einem starken Engagement f\u00fcr Innovation und Qualit\u00e4t stellt FMP sicher, dass alle Produkte den h\u00f6chsten Leistungsstandards entsprechen.<\/p>\n<p>Neben unserem umfassenden Produktangebot bieten wir auch ma\u00dfgeschneiderte L\u00f6sungen f\u00fcr die spezifischen Bed\u00fcrfnisse unserer Kunden. Ob Spezialmotoren, Sonderprodukte oder integrierte Systeme \u2013 FMP arbeitet eng mit seinen Kunden zusammen, um hochwertige, ma\u00dfgeschneiderte L\u00f6sungen zu liefern. Unser Fokus auf Pr\u00e4zisionstechnik und Kundenzufriedenheit ist der Schl\u00fcssel zu unserem anhaltenden Erfolg auf den globalen M\u00e4rkten.<\/p>\n<p>Bei FMP sind wir bestrebt, langfristige, f\u00fcr beide Seiten vorteilhafte Partnerschaften aufzubauen und den Erfolg unserer Kunden mit jedem Projekt zu unterst\u00fctzen.<\/p>\n<table style=\"width: 100.629%;\" border=\"0\" width=\"128\" cellspacing=\"0\" cellpadding=\"0\">\n<tbody>\n<tr>\n<td style=\"width: 49.2308%;\" align=\"right\" width=\"64\" height=\"18\"><img loading=\"lazy\" decoding=\"async\" class=\"alignnone size-full wp-image-3398\" src=\"https:\/\/fmp-components.com\/wp-content\/uploads\/2025\/01\/Three-Phase-Motor-Factory.webp\" sizes=\"(min-width: 0px) and (max-width: 480px) 480px, (min-width: 481px) 900px, 100vw\" srcset=\"https:\/\/fmp-components.com\/wp-content\/uploads\/2025\/01\/Three-Phase-Motor-Factory.webp 900w, https:\/\/fmp-components.com\/wp-content\/uploads\/2025\/01\/Three-Phase-Motor-Factory-480x320.webp 480w\" alt=\"Drehstrommotorenfabrik\" width=\"900\" height=\"600\" title=\"\"><\/td>\n<td style=\"width: 659.231%;\" align=\"right\" width=\"64\"><img loading=\"lazy\" decoding=\"async\" class=\"alignnone size-full wp-image-3399\" src=\"https:\/\/fmp-components.com\/wp-content\/uploads\/2025\/01\/Three-Phase-Motor-Factory-2.webp\" sizes=\"(min-width: 0px) and (max-width: 480px) 480px, (min-width: 481px) 900px, 100vw\" srcset=\"https:\/\/fmp-components.com\/wp-content\/uploads\/2025\/01\/Three-Phase-Motor-Factory-2.webp 900w, https:\/\/fmp-components.com\/wp-content\/uploads\/2025\/01\/Three-Phase-Motor-Factory-2-480x320.webp 480w\" alt=\"Dreiphasenmotorenfabrik-2\" width=\"900\" height=\"600\" title=\"\"><\/td>\n<\/tr>\n<tr>\n<td style=\"width: 49.2308%;\" align=\"right\" height=\"18\"><img loading=\"lazy\" decoding=\"async\" class=\"alignnone size-full wp-image-3400\" src=\"https:\/\/fmp-components.com\/wp-content\/uploads\/2025\/01\/China-Three-Phase-Motor-Factory-1.webp\" sizes=\"(min-width: 0px) and (max-width: 480px) 480px, (min-width: 481px) 900px, 100vw\" srcset=\"https:\/\/fmp-components.com\/wp-content\/uploads\/2025\/01\/China-Three-Phase-Motor-Factory-1.webp 900w, https:\/\/fmp-components.com\/wp-content\/uploads\/2025\/01\/China-Three-Phase-Motor-Factory-1-480x320.webp 480w\" alt=\"Dreiphasenmotorenfabrik-1\" width=\"900\" height=\"600\" title=\"\"><\/td>\n<td style=\"width: 659.231%;\" align=\"right\"><img loading=\"lazy\" decoding=\"async\" class=\"alignnone size-full wp-image-3401\" src=\"https:\/\/fmp-components.com\/wp-content\/uploads\/2025\/01\/Three-Phase-Motor-Factory-3.webp\" sizes=\"(min-width: 0px) and (max-width: 480px) 480px, (min-width: 481px) 900px, 100vw\" srcset=\"https:\/\/fmp-components.com\/wp-content\/uploads\/2025\/01\/Three-Phase-Motor-Factory-3.webp 900w, https:\/\/fmp-components.com\/wp-content\/uploads\/2025\/01\/Three-Phase-Motor-Factory-3-480x320.webp 480w\" alt=\"Dreiphasenmotorenfabrik-3\" width=\"900\" height=\"600\" title=\"\"><\/td>\n<\/tr>\n<tr>\n<td style=\"width: 49.2308%;\"><img loading=\"lazy\" decoding=\"async\" class=\"alignnone size-full wp-image-3471\" src=\"https:\/\/fmp-components.com\/wp-content\/uploads\/2025\/01\/Single-Phase-Induction-Motor-Suppliers.webp\" sizes=\"(min-width: 0px) and (max-width: 480px) 480px, (min-width: 481px) 900px, 100vw\" srcset=\"https:\/\/fmp-components.com\/wp-content\/uploads\/2025\/01\/Single-Phase-Induction-Motor-Suppliers.webp 900w, https:\/\/fmp-components.com\/wp-content\/uploads\/2025\/01\/Single-Phase-Induction-Motor-Suppliers-480x320.webp 480w\" alt=\"Einphasen-Induktionsmotor-Lieferanten\" width=\"900\" height=\"600\" title=\"\"><\/td>\n<td style=\"width: 659.231%;\"><img loading=\"lazy\" decoding=\"async\" class=\"alignnone size-full wp-image-3470\" src=\"https:\/\/fmp-components.com\/wp-content\/uploads\/2025\/01\/Single-Phase-Induction-Motor-Manufacturers-1.webp\" sizes=\"(min-width: 0px) and (max-width: 480px) 480px, (min-width: 481px) 900px, 100vw\" srcset=\"https:\/\/fmp-components.com\/wp-content\/uploads\/2025\/01\/Single-Phase-Induction-Motor-Manufacturers-1.webp 900w, https:\/\/fmp-components.com\/wp-content\/uploads\/2025\/01\/Single-Phase-Induction-Motor-Manufacturers-1-480x320.webp 480w\" alt=\"Einphasen-Induktionsmotor-Hersteller-1\" width=\"900\" height=\"600\" title=\"\"><\/td>\n<\/tr>\n<tr>\n<td style=\"width: 49.2308%;\"><img loading=\"lazy\" decoding=\"async\" class=\"alignnone size-full wp-image-3472\" src=\"https:\/\/fmp-components.com\/wp-content\/uploads\/2025\/01\/Single-Phase-Induction-Motor-Manufacturers.webp\" sizes=\"(min-width: 0px) and (max-width: 480px) 480px, (min-width: 481px) 900px, 100vw\" srcset=\"https:\/\/fmp-components.com\/wp-content\/uploads\/2025\/01\/Single-Phase-Induction-Motor-Manufacturers.webp 900w, https:\/\/fmp-components.com\/wp-content\/uploads\/2025\/01\/Single-Phase-Induction-Motor-Manufacturers-480x320.webp 480w\" alt=\"Hersteller von Einphasen-Induktionsmotoren\" width=\"900\" height=\"600\" title=\"\"><\/td>\n<td style=\"width: 659.231%;\"><img loading=\"lazy\" decoding=\"async\" class=\"alignnone size-full wp-image-3473\" src=\"https:\/\/fmp-components.com\/wp-content\/uploads\/2025\/01\/Single-Phase-Induction-Motor-for-Sale.webp\" sizes=\"(min-width: 0px) and (max-width: 480px) 480px, (min-width: 481px) 900px, 100vw\" srcset=\"https:\/\/fmp-components.com\/wp-content\/uploads\/2025\/01\/Single-Phase-Induction-Motor-for-Sale.webp 900w, https:\/\/fmp-components.com\/wp-content\/uploads\/2025\/01\/Single-Phase-Induction-Motor-for-Sale-480x320.webp 480w\" alt=\"Einphasen-Induktionsmotor zu verkaufen\" width=\"900\" height=\"600\" title=\"\"><\/td>\n<\/tr>\n<\/tbody>\n<\/table>\n<p>Autor: CX<\/p>","protected":false},"excerpt":{"rendered":"<p>Frame Type Flange type Poles D E F G M N P R S T Flange hole shaft hole AC AD 71 FT130 2, 4, 6 14 30 5 11 130 110 160 0 10 3.5 4 M5 134 129 80 FT165 2, 4, 6 19 40 6 15.5 165 130 200 0 12 3.5 [&hellip;]<\/p>","protected":false},"featured_media":3538,"comment_status":"open","ping_status":"closed","template":"","meta":{"_et_pb_use_builder":"","_et_pb_old_content":"","_et_gb_content_width":""},"product_brand":[],"product_cat":[88],"product_tag":[],"class_list":{"0":"post-3535","1":"product","2":"type-product","3":"status-publish","4":"has-post-thumbnail","6":"product_cat-stainless-steel-motors","8":"first","9":"instock","10":"shipping-taxable","11":"product-type-simple"},"_links":{"self":[{"href":"https:\/\/fmp-components.com\/de\/wp-json\/wp\/v2\/product\/3535","targetHints":{"allow":["GET"]}}],"collection":[{"href":"https:\/\/fmp-components.com\/de\/wp-json\/wp\/v2\/product"}],"about":[{"href":"https:\/\/fmp-components.com\/de\/wp-json\/wp\/v2\/types\/product"}],"replies":[{"embeddable":true,"href":"https:\/\/fmp-components.com\/de\/wp-json\/wp\/v2\/comments?post=3535"}],"wp:featuredmedia":[{"embeddable":true,"href":"https:\/\/fmp-components.com\/de\/wp-json\/wp\/v2\/media\/3538"}],"wp:attachment":[{"href":"https:\/\/fmp-components.com\/de\/wp-json\/wp\/v2\/media?parent=3535"}],"wp:term":[{"taxonomy":"product_brand","embeddable":true,"href":"https:\/\/fmp-components.com\/de\/wp-json\/wp\/v2\/product_brand?post=3535"},{"taxonomy":"product_cat","embeddable":true,"href":"https:\/\/fmp-components.com\/de\/wp-json\/wp\/v2\/product_cat?post=3535"},{"taxonomy":"product_tag","embeddable":true,"href":"https:\/\/fmp-components.com\/de\/wp-json\/wp\/v2\/product_tag?post=3535"}],"curies":[{"name":"wp","href":"https:\/\/api.w.org\/{rel}","templated":true}]}}