{"id":3518,"date":"2025-01-08T02:37:21","date_gmt":"2025-01-08T02:37:21","guid":{"rendered":"https:\/\/fmp-components.com\/?page_id=8"},"modified":"2025-01-08T02:39:02","modified_gmt":"2025-01-08T02:39:02","slug":"tefc-stainless-steel-nema-washdown-electric-motor","status":"publish","type":"product","link":"https:\/\/fmp-components.com\/de\/product\/tefc-stainless-steel-nema-washdown-electric-motor\/","title":{"rendered":"TEFC-Edelstahl-NEMA-Waschmotor"},"content":{"rendered":"<p style=\"text-align: center;\"><span style=\"font-size: 18pt;\">TEFC-Edelstahl-NEMA-Waschmotor<\/span><\/p>\n<p>In der Lebensmittel- und Getr\u00e4nkeindustrie sind Anlagenausf\u00e4lle mittlerweile zur Normalit\u00e4t geworden. Viele Innenschr\u00e4nke m\u00fcssen vor \u00fcberm\u00e4\u00dfiger Feuchtigkeit durch Schlauchf\u00fchrung oder Spritzwasser (Spritzwasser) gesch\u00fctzt werden. Spritzwassermotoren sind f\u00fcr den Einsatz in Lebensmittel- und Getr\u00e4nkefabriken und anderen Anwendungen konzipiert, in denen Motoren h\u00e4ufig Spritzwasser und Verunreinigungen (Chemikalien, Feuchtigkeit und N\u00e4sse) ausgesetzt sind.<br \/>\nWashdown-Motoren sch\u00fctzen die internen Komponenten des Motors (Statorwicklungen, Statorbaugruppe, Rotor und Welle).<\/p>\n<p>Washdown-Wechselstrommotoren treiben F\u00f6rderb\u00e4nder in Umgebungen mit hoher Luftfeuchtigkeit und hoher Luftfeuchtigkeit an. In der Chemie-, Pharma-, Lebensmittel- und Getr\u00e4nkeproduktion ist regelm\u00e4\u00dfiges Waschen und Reinigen der Anlagen unerl\u00e4sslich. Die Motoren sind vollst\u00e4ndig gekapselt und best\u00e4ndig gegen Wasser und andere Fl\u00fcssigkeiten, die die inneren Motorkomponenten besch\u00e4digen k\u00f6nnten. Die Motorwelle verf\u00fcgt \u00fcber eine V-Ring-Wellendichtung und federbelastete Kontaktdichtungen, w\u00e4hrend die Motorlager f\u00fcr zus\u00e4tzlichen Schutz vor Spritzwasser mit feuchtigkeitsbest\u00e4ndigem Fett geschmiert sind.<\/p>\n<p><img loading=\"lazy\" decoding=\"async\" class=\"alignnone wp-image-3520\" src=\"https:\/\/fmp-components.com\/wp-content\/uploads\/2025\/01\/fmp_11.stainless-steel-motor-2.webp\" alt=\"fmp_11.Edelstahlmotor\" width=\"925\" height=\"374\" title=\"\" srcset=\"https:\/\/fmp-components.com\/wp-content\/uploads\/2025\/01\/fmp_11.stainless-steel-motor-2.webp 925w, https:\/\/fmp-components.com\/wp-content\/uploads\/2025\/01\/fmp_11.stainless-steel-motor-2-480x194.webp 480w\" sizes=\"(min-width: 0px) and (max-width: 480px) 480px, (min-width: 481px) 925px, 100vw\" \/><\/p>\n<table style=\"width: 100.825%; height: 96px;\" border=\"1\">\n<tbody>\n<tr>\n<td><strong>Rahmen\u00a0<\/strong><\/td>\n<td><strong>A<\/strong><\/td>\n<td><strong>BB<\/strong><\/td>\n<td><strong>BA<\/strong><\/td>\n<td><strong>NW<\/strong><\/td>\n<td><strong>U<\/strong><\/td>\n<td><strong>R<\/strong><\/td>\n<td><strong>S<\/strong><\/td>\n<td><strong>ES<\/strong><\/td>\n<td><strong>E<\/strong><\/td>\n<td><strong>2F<\/strong><\/td>\n<td><strong>B<\/strong><\/td>\n<td><strong>H<\/strong><\/td>\n<td><strong>BF<\/strong><\/td>\n<td>AJ<\/td>\n<td>P<\/td>\n<td>AK<\/td>\n<td>AB<\/td>\n<td>D<\/td>\n<td>0<\/td>\n<\/tr>\n<tr>\n<td>56C<\/td>\n<td>6.5<\/td>\n<td>0.16<\/td>\n<td>2.75<\/td>\n<td>1.88<\/td>\n<td>0.625<\/td>\n<td>0.517<\/td>\n<td>0.188<\/td>\n<td>1.41<\/td>\n<td>2.44<\/td>\n<td>3<\/td>\n<td>3.87<\/td>\n<td>0.34<\/td>\n<td>3\/8-16<\/td>\n<td>5.875<\/td>\n<td>6.93<\/td>\n<td>4.5<\/td>\n<td>5.79<\/td>\n<td>3.504<\/td>\n<td>8.51<\/td>\n<\/tr>\n<tr>\n<td>143TC<\/td>\n<td>6.5<\/td>\n<td>0.16<\/td>\n<td>2.75<\/td>\n<td>2.25<\/td>\n<td>0.771<\/td>\n<td>0.771<\/td>\n<td>0.188<\/td>\n<td>1.41<\/td>\n<td>2.75<\/td>\n<td>4<\/td>\n<td>4.87<\/td>\n<td>4.87<\/td>\n<td>3\/8-16<\/td>\n<td>5.875<\/td>\n<td>6.93<\/td>\n<td>4.5<\/td>\n<td>5.79<\/td>\n<td>3.504<\/td>\n<td>8.51<\/td>\n<\/tr>\n<tr>\n<td>145TC<\/td>\n<td>6.5<\/td>\n<td>0.16<\/td>\n<td>2.75<\/td>\n<td>2.25<\/td>\n<td>0.771<\/td>\n<td>0.771<\/td>\n<td>0.188<\/td>\n<td>1.41<\/td>\n<td>2.75<\/td>\n<td>5<\/td>\n<td>5.87<\/td>\n<td>5.87<\/td>\n<td>3\/8-16<\/td>\n<td>5.875<\/td>\n<td>6.93<\/td>\n<td>4.5<\/td>\n<td>5.79<\/td>\n<td>3.504<\/td>\n<td>8.51<\/td>\n<\/tr>\n<\/tbody>\n<\/table>\n<h2>Anwendungen des TEFC-Edelstahl-NEMA-Waschmotors<\/h2>\n<ol>\n<li><strong>Lebensmittelverarbeitung und -verpackung<\/strong><br \/>\nTEFC (Totally Enclosed Fan Cooled) Edelstahl-NEMA-Waschmotoren eignen sich ideal f\u00fcr Lebensmittelverarbeitungsanlagen, in denen Hygiene und Sauberkeit oberste Priorit\u00e4t haben. Diese Motoren sind so konstruiert, dass sie dem Hochdruckwasser und den aggressiven Reinigungsmitteln standhalten, die typischerweise in der Lebensmittelproduktion verwendet werden. Sie werden in Anlagen wie F\u00f6rderb\u00e4ndern, Mischern, Pumpen und Verpackungsmaschinen eingesetzt und gew\u00e4hrleisten zuverl\u00e4ssige Leistung unter Einhaltung hygienischer Bedingungen.<\/li>\n<li><strong>Getr\u00e4nkeherstellung<\/strong><br \/>\nIn der Getr\u00e4nkeindustrie, wo Kontaminationsrisiken minimiert werden m\u00fcssen, stellen diese Motoren eine unverzichtbare L\u00f6sung dar. TEFC-Edelstahlmotoren werden in Abf\u00fcll-, Verschlie\u00df- und Etikettiermaschinen sowie in Filter- und Pumpsystemen eingesetzt und bieten Korrosionsbest\u00e4ndigkeit und einfache Wartung in anspruchsvollen Waschumgebungen.<\/li>\n<li><strong>Chemische und pharmazeutische Industrie<\/strong><br \/>\nDie Chemie- und Pharmabranche setzt auf diese Motoren f\u00fcr Anwendungen, die sowohl Langlebigkeit als auch Sauberkeit erfordern. TEFC-Edelstahlmotoren werden h\u00e4ufig in Mischtanks, R\u00fchrwerken, F\u00f6rderb\u00e4ndern und Verpackungslinien eingesetzt, wo sie h\u00e4ufig korrosiven Materialien ausgesetzt sind und h\u00e4ufig gereinigt werden m\u00fcssen. Die Abwaschfunktion gew\u00e4hrleistet eine sichere Reinigung der Motoren ohne Besch\u00e4digungsrisiko.<\/li>\n<li><strong>Wasser- und Abwasseraufbereitung<\/strong><br \/>\nIn Wasser- und Abwasseraufbereitungsanlagen werden TEFC-Edelstahlmotoren in Pumpen, Bel\u00fcftern, Mischern und Filteranlagen eingesetzt. Diese Motoren bieten den notwendigen Schutz vor Wasser und Chemikalien und gew\u00e4hrleisten einen unterbrechungsfreien Betrieb in den oft korrosiven und feuchten Umgebungen von Wasseraufbereitungsanlagen.<\/li>\n<li><strong>Marine- und Offshore-Anwendungen<\/strong><br \/>\nDank der Edelstahlkonstruktion und des TEFC-Designs eignen sich diese Motoren f\u00fcr den Einsatz in der Schifffahrt und Offshore-Industrie, wo sie Salzwasser, hoher Luftfeuchtigkeit und rauen Umgebungsbedingungen ausgesetzt sind. Diese Motoren werden h\u00e4ufig in Pumpen, Winden und anderen Ger\u00e4ten eingesetzt, die Korrosionsbest\u00e4ndigkeit und einfache Waschbarkeit erfordern.<\/li>\n<li><strong>Reinigungsger\u00e4te<\/strong><br \/>\nTEFC-Edelstahlmotoren sind h\u00e4ufig in gewerblichen Reinigungsger\u00e4ten wie Hochdruckreinigern, Bodenschrubbern und Industriestaubsaugern zu finden. Ihre Widerstandsf\u00e4higkeit gegen\u00fcber Hochdruckreinigungen und Reinigungsmitteln macht sie ideal f\u00fcr die Aufrechterhaltung der Sauberkeit und Zuverl\u00e4ssigkeit von Reinigungsmaschinen.<\/li>\n<li><strong>Verpackung und Materialhandhabung<\/strong><br \/>\nIn Verpackungs- und Materialtransportsystemen, insbesondere in der Pharma-, Lebensmittel- und Chemieindustrie, gew\u00e4hrleistet die Waschbarkeit dieser Motoren einen lang anhaltenden, st\u00f6rungsfreien Betrieb. Sie werden in F\u00f6rderb\u00e4ndern, Palettierern und anderen automatisierten Systemen eingesetzt, die h\u00e4ufig gereinigt werden m\u00fcssen.<\/li>\n<li><strong>Landwirtschaftliche Verarbeitung<\/strong><br \/>\nDiese Motoren werden auch in Landmaschinen eingesetzt, wo sie h\u00e4ufig Feuchtigkeit, Staub und korrosiven Elementen ausgesetzt sind. Zu den Anwendungsgebieten geh\u00f6ren Getreideverarbeitungssysteme, Sortiermaschinen und Bew\u00e4sserungssysteme, bei denen eine einfache Reinigung und Korrosionsbest\u00e4ndigkeit unerl\u00e4sslich sind.<\/li>\n<\/ol>\n<p>Aufgrund ihrer Korrosionsbest\u00e4ndigkeit, Langlebigkeit und F\u00e4higkeit, h\u00e4ufig gereinigt zu werden, sind TEFC-Edelstahl-NEMA-Waschmotoren in Branchen von entscheidender Bedeutung, in denen Hygiene und Betriebszuverl\u00e4ssigkeit unverzichtbar sind.<\/p>\n<h2>Zugeh\u00f6riger Edelstahlmotor<\/h2>\n<table border=\"1\" width=\"100%\" cellspacing=\"0\" cellpadding=\"0\">\n<tbody>\n<tr>\n<td align=\"right\" width=\"64\" height=\"18\"><img loading=\"lazy\" decoding=\"async\" class=\"alignnone size-full wp-image-3507\" src=\"https:\/\/fmp-components.com\/wp-content\/uploads\/2025\/01\/ep_stainless-steel-motor-1.webp\" sizes=\"(max-width: 379px) 100vw, 379px\" srcset=\"https:\/\/fmp-components.com\/wp-content\/uploads\/2025\/01\/ep_stainless-steel-motor-1.webp 379w, https:\/\/fmp-components.com\/wp-content\/uploads\/2025\/01\/ep_stainless-steel-motor-1-300x200.webp 300w, https:\/\/fmp-components.com\/wp-content\/uploads\/2025\/01\/ep_stainless-steel-motor-1-18x12.webp 18w\" alt=\"Edelstahlmotor\" width=\"379\" height=\"253\" title=\"\"><\/td>\n<td align=\"right\" width=\"64\"><img loading=\"lazy\" decoding=\"async\" class=\"alignnone size-full wp-image-3508\" src=\"https:\/\/fmp-components.com\/wp-content\/uploads\/2025\/01\/ep_stainless-steel-motor-2-2.webp\" sizes=\"(max-width: 379px) 100vw, 379px\" srcset=\"https:\/\/fmp-components.com\/wp-content\/uploads\/2025\/01\/ep_stainless-steel-motor-2-2.webp 379w, https:\/\/fmp-components.com\/wp-content\/uploads\/2025\/01\/ep_stainless-steel-motor-2-2-300x200.webp 300w, https:\/\/fmp-components.com\/wp-content\/uploads\/2025\/01\/ep_stainless-steel-motor-2-2-18x12.webp 18w\" alt=\"Edelstahlmotor\" width=\"379\" height=\"253\" title=\"\"><\/td>\n<td align=\"right\" width=\"64\"><img loading=\"lazy\" decoding=\"async\" class=\"alignnone size-full wp-image-3509\" src=\"https:\/\/fmp-components.com\/wp-content\/uploads\/2025\/01\/ep_stainless-steel-motor-6.webp\" sizes=\"(max-width: 379px) 100vw, 379px\" srcset=\"https:\/\/fmp-components.com\/wp-content\/uploads\/2025\/01\/ep_stainless-steel-motor-6.webp 379w, https:\/\/fmp-components.com\/wp-content\/uploads\/2025\/01\/ep_stainless-steel-motor-6-300x200.webp 300w, https:\/\/fmp-components.com\/wp-content\/uploads\/2025\/01\/ep_stainless-steel-motor-6-18x12.webp 18w\" alt=\"Edelstahlmotor\" width=\"379\" height=\"253\" title=\"\"><\/td>\n<td align=\"right\" width=\"64\"><img loading=\"lazy\" decoding=\"async\" class=\"alignnone size-full wp-image-3510\" src=\"https:\/\/fmp-components.com\/wp-content\/uploads\/2025\/01\/ep_stainless-steel-motor-300x200-1.webp\" sizes=\"(max-width: 300px) 100vw, 300px\" srcset=\"https:\/\/fmp-components.com\/wp-content\/uploads\/2025\/01\/ep_stainless-steel-motor-300x200-1.webp 300w, https:\/\/fmp-components.com\/wp-content\/uploads\/2025\/01\/ep_stainless-steel-motor-300x200-1-18x12.webp 18w\" alt=\"Edelstahlmotor\" width=\"300\" height=\"200\" title=\"\"><\/td>\n<\/tr>\n<tr>\n<td align=\"right\" height=\"18\">Permanentmagnetmotor aus Edelstahl<\/td>\n<td align=\"right\">Wassergek\u00fchlter Edelstahlmotor<\/td>\n<td align=\"right\">Elektromotor f\u00fcr die Lebensmittelindustrie<\/td>\n<td align=\"right\">Edelstahlmotor<\/td>\n<\/tr>\n<tr>\n<td align=\"right\" height=\"18\"><img loading=\"lazy\" decoding=\"async\" class=\"alignnone size-full wp-image-3511\" src=\"https:\/\/fmp-components.com\/wp-content\/uploads\/2025\/01\/ep_stainless-steel-motor-4.webp\" sizes=\"(max-width: 379px) 100vw, 379px\" srcset=\"https:\/\/fmp-components.com\/wp-content\/uploads\/2025\/01\/ep_stainless-steel-motor-4.webp 379w, https:\/\/fmp-components.com\/wp-content\/uploads\/2025\/01\/ep_stainless-steel-motor-4-300x200.webp 300w, https:\/\/fmp-components.com\/wp-content\/uploads\/2025\/01\/ep_stainless-steel-motor-4-18x12.webp 18w\" alt=\"Edelstahlmotor\" width=\"379\" height=\"253\" title=\"\"><\/td>\n<td align=\"right\"><img loading=\"lazy\" decoding=\"async\" class=\"alignnone size-full wp-image-3512\" src=\"https:\/\/fmp-components.com\/wp-content\/uploads\/2025\/01\/ep_stainless-steel-motor-3.webp\" sizes=\"(max-width: 379px) 100vw, 379px\" srcset=\"https:\/\/fmp-components.com\/wp-content\/uploads\/2025\/01\/ep_stainless-steel-motor-3.webp 379w, https:\/\/fmp-components.com\/wp-content\/uploads\/2025\/01\/ep_stainless-steel-motor-3-300x200.webp 300w, https:\/\/fmp-components.com\/wp-content\/uploads\/2025\/01\/ep_stainless-steel-motor-3-18x12.webp 18w\" alt=\"Edelstahlmotor\" width=\"379\" height=\"253\" title=\"\"><\/td>\n<td align=\"right\"><img loading=\"lazy\" decoding=\"async\" class=\"alignnone size-full wp-image-3513\" src=\"https:\/\/fmp-components.com\/wp-content\/uploads\/2025\/01\/ep_stainless-steel-motor-5.webp\" sizes=\"(max-width: 379px) 100vw, 379px\" srcset=\"https:\/\/fmp-components.com\/wp-content\/uploads\/2025\/01\/ep_stainless-steel-motor-5.webp 379w, https:\/\/fmp-components.com\/wp-content\/uploads\/2025\/01\/ep_stainless-steel-motor-5-300x200.webp 300w, https:\/\/fmp-components.com\/wp-content\/uploads\/2025\/01\/ep_stainless-steel-motor-5-18x12.webp 18w\" alt=\"Edelstahlmotor\" width=\"379\" height=\"253\" title=\"\"><\/td>\n<td align=\"right\"><img loading=\"lazy\" decoding=\"async\" class=\"alignnone size-full wp-image-3514\" src=\"https:\/\/fmp-components.com\/wp-content\/uploads\/2025\/01\/ep_stainless-steel-motor-6-1.webp\" sizes=\"(max-width: 379px) 100vw, 379px\" srcset=\"https:\/\/fmp-components.com\/wp-content\/uploads\/2025\/01\/ep_stainless-steel-motor-6-1.webp 379w, https:\/\/fmp-components.com\/wp-content\/uploads\/2025\/01\/ep_stainless-steel-motor-6-1-300x200.webp 300w, https:\/\/fmp-components.com\/wp-content\/uploads\/2025\/01\/ep_stainless-steel-motor-6-1-18x12.webp 18w\" alt=\"Edelstahlmotor\" width=\"379\" height=\"253\" title=\"\"><\/td>\n<\/tr>\n<tr>\n<td align=\"right\" height=\"18\">IEC-Wechselstrommotor f\u00fcr emulgierte Lebensmittelmaschinen<\/td>\n<td align=\"right\">NEMA 56C Asynchronmotor<\/td>\n<td align=\"right\">IEC-Wechselstrommotor aus Edelstahl<\/td>\n<td>IEC-Hochleistungsmotor komplett aus Edelstahl<\/td>\n<\/tr>\n<tr>\n<td align=\"right\" width=\"64\" height=\"18\"><img loading=\"lazy\" decoding=\"async\" class=\"alignnone size-full wp-image-3515\" src=\"https:\/\/fmp-components.com\/wp-content\/uploads\/2025\/01\/ep_stainless-steel-motor-2.webp\" sizes=\"(max-width: 379px) 100vw, 379px\" srcset=\"https:\/\/fmp-components.com\/wp-content\/uploads\/2025\/01\/ep_stainless-steel-motor-2.webp 379w, https:\/\/fmp-components.com\/wp-content\/uploads\/2025\/01\/ep_stainless-steel-motor-2-300x200.webp 300w, https:\/\/fmp-components.com\/wp-content\/uploads\/2025\/01\/ep_stainless-steel-motor-2-18x12.webp 18w\" alt=\"Edelstahlmotor\" width=\"379\" height=\"253\" title=\"\"><\/td>\n<td align=\"right\" width=\"64\"><img loading=\"lazy\" decoding=\"async\" class=\"alignnone size-full wp-image-3516\" src=\"https:\/\/fmp-components.com\/wp-content\/uploads\/2025\/01\/ep_stainless-steel-motor-8.webp\" sizes=\"(max-width: 379px) 100vw, 379px\" srcset=\"https:\/\/fmp-components.com\/wp-content\/uploads\/2025\/01\/ep_stainless-steel-motor-8.webp 379w, https:\/\/fmp-components.com\/wp-content\/uploads\/2025\/01\/ep_stainless-steel-motor-8-300x200.webp 300w, https:\/\/fmp-components.com\/wp-content\/uploads\/2025\/01\/ep_stainless-steel-motor-8-18x12.webp 18w\" alt=\"Edelstahlmotor\" width=\"379\" height=\"253\" title=\"\"><\/td>\n<td align=\"right\" width=\"64\"><img loading=\"lazy\" decoding=\"async\" class=\"alignnone size-full wp-image-3517\" src=\"https:\/\/fmp-components.com\/wp-content\/uploads\/2025\/01\/ep_stainless-steel-motor-7.webp\" sizes=\"(max-width: 379px) 100vw, 379px\" srcset=\"https:\/\/fmp-components.com\/wp-content\/uploads\/2025\/01\/ep_stainless-steel-motor-7.webp 379w, https:\/\/fmp-components.com\/wp-content\/uploads\/2025\/01\/ep_stainless-steel-motor-7-300x200.webp 300w, https:\/\/fmp-components.com\/wp-content\/uploads\/2025\/01\/ep_stainless-steel-motor-7-18x12.webp 18w\" alt=\"Edelstahlmotor\" width=\"379\" height=\"253\" title=\"\"><\/td>\n<td align=\"right\" width=\"64\"><\/td>\n<\/tr>\n<tr>\n<td align=\"right\" height=\"18\">Motor f\u00fcr H\u00fchner- und Entenhaarungsger\u00e4te<\/td>\n<td align=\"right\">NEMA-Motor aus lebensmittelechtem Edelstahl<\/td>\n<td align=\"right\">Lebensmittelechter IEC-Edelstahlmotor<\/td>\n<td align=\"right\"><\/td>\n<\/tr>\n<\/tbody>\n<\/table>\n<h2>\u00dcber FMP<\/h2>\n<p>FMP ist ein nationales Hightech-Unternehmen, das sich auf die Konstruktion, Entwicklung und Produktion fortschrittlicher Motoren und elektromechanischer L\u00f6sungen spezialisiert hat. Wir konzentrieren uns auf die Produktion von Motoren der Serien YE2, YE3 und YE4 sowie einer Reihe abgeleiteter Produkte. Unser Produktangebot umfasst au\u00dferdem Dreiphasen- und Einphasenmotoren f\u00fcr Hydraulikpumpen, Motoren mit Aluminiumgeh\u00e4use, Sondermotoren f\u00fcr Hydraulikpumpen, elektromechanisch integrierte Turbinengetriebe und andere Spezialmotoren.<\/p>\n<p>Die Produkte von FMP finden breite Anwendung in der industriellen Automatisierung und bedienen Schl\u00fcsselsektoren wie CNC-Drehmaschinen, Schuhherstellungsmaschinen, Holzbearbeitungsmaschinen, Metallbearbeitungsmaschinen, Kunststoffmaschinen und Baumaschinen. Mit einem starken Engagement f\u00fcr Innovation und Qualit\u00e4t stellt FMP sicher, dass alle Produkte den h\u00f6chsten Leistungsstandards entsprechen.<\/p>\n<p>Neben unserem umfassenden Produktangebot bieten wir auch ma\u00dfgeschneiderte L\u00f6sungen f\u00fcr die spezifischen Bed\u00fcrfnisse unserer Kunden. Ob Spezialmotoren, Sonderprodukte oder integrierte Systeme \u2013 FMP arbeitet eng mit seinen Kunden zusammen, um hochwertige, ma\u00dfgeschneiderte L\u00f6sungen zu liefern. Unser Fokus auf Pr\u00e4zisionstechnik und Kundenzufriedenheit ist der Schl\u00fcssel zu unserem anhaltenden Erfolg auf den globalen M\u00e4rkten.<\/p>\n<p>Bei FMP sind wir bestrebt, langfristige, f\u00fcr beide Seiten vorteilhafte Partnerschaften aufzubauen und den Erfolg unserer Kunden mit jedem Projekt zu unterst\u00fctzen.<\/p>\n<table style=\"width: 100.629%;\" border=\"0\" width=\"128\" cellspacing=\"0\" cellpadding=\"0\">\n<tbody>\n<tr>\n<td style=\"width: 49.2308%;\" align=\"right\" width=\"64\" height=\"18\"><img loading=\"lazy\" decoding=\"async\" class=\"alignnone size-full wp-image-3398\" src=\"https:\/\/fmp-components.com\/wp-content\/uploads\/2025\/01\/Three-Phase-Motor-Factory.webp\" sizes=\"(min-width: 0px) and (max-width: 480px) 480px, (min-width: 481px) 900px, 100vw\" srcset=\"https:\/\/fmp-components.com\/wp-content\/uploads\/2025\/01\/Three-Phase-Motor-Factory.webp 900w, https:\/\/fmp-components.com\/wp-content\/uploads\/2025\/01\/Three-Phase-Motor-Factory-480x320.webp 480w\" alt=\"Drehstrommotorenfabrik\" width=\"900\" height=\"600\" title=\"\"><\/td>\n<td style=\"width: 659.231%;\" align=\"right\" width=\"64\"><img loading=\"lazy\" decoding=\"async\" class=\"alignnone size-full wp-image-3399\" src=\"https:\/\/fmp-components.com\/wp-content\/uploads\/2025\/01\/Three-Phase-Motor-Factory-2.webp\" sizes=\"(min-width: 0px) and (max-width: 480px) 480px, (min-width: 481px) 900px, 100vw\" srcset=\"https:\/\/fmp-components.com\/wp-content\/uploads\/2025\/01\/Three-Phase-Motor-Factory-2.webp 900w, https:\/\/fmp-components.com\/wp-content\/uploads\/2025\/01\/Three-Phase-Motor-Factory-2-480x320.webp 480w\" alt=\"Dreiphasenmotorenfabrik-2\" width=\"900\" height=\"600\" title=\"\"><\/td>\n<\/tr>\n<tr>\n<td style=\"width: 49.2308%;\" align=\"right\" height=\"18\"><img loading=\"lazy\" decoding=\"async\" class=\"alignnone size-full wp-image-3400\" src=\"https:\/\/fmp-components.com\/wp-content\/uploads\/2025\/01\/China-Three-Phase-Motor-Factory-1.webp\" sizes=\"(min-width: 0px) and (max-width: 480px) 480px, (min-width: 481px) 900px, 100vw\" srcset=\"https:\/\/fmp-components.com\/wp-content\/uploads\/2025\/01\/China-Three-Phase-Motor-Factory-1.webp 900w, https:\/\/fmp-components.com\/wp-content\/uploads\/2025\/01\/China-Three-Phase-Motor-Factory-1-480x320.webp 480w\" alt=\"Dreiphasenmotorenfabrik-1\" width=\"900\" height=\"600\" title=\"\"><\/td>\n<td style=\"width: 659.231%;\" align=\"right\"><img loading=\"lazy\" decoding=\"async\" class=\"alignnone size-full wp-image-3401\" src=\"https:\/\/fmp-components.com\/wp-content\/uploads\/2025\/01\/Three-Phase-Motor-Factory-3.webp\" sizes=\"(min-width: 0px) and (max-width: 480px) 480px, (min-width: 481px) 900px, 100vw\" srcset=\"https:\/\/fmp-components.com\/wp-content\/uploads\/2025\/01\/Three-Phase-Motor-Factory-3.webp 900w, https:\/\/fmp-components.com\/wp-content\/uploads\/2025\/01\/Three-Phase-Motor-Factory-3-480x320.webp 480w\" alt=\"Dreiphasenmotorenfabrik-3\" width=\"900\" height=\"600\" title=\"\"><\/td>\n<\/tr>\n<tr>\n<td style=\"width: 49.2308%;\"><img loading=\"lazy\" decoding=\"async\" class=\"alignnone size-full wp-image-3471\" src=\"https:\/\/fmp-components.com\/wp-content\/uploads\/2025\/01\/Single-Phase-Induction-Motor-Suppliers.webp\" sizes=\"(min-width: 0px) and (max-width: 480px) 480px, (min-width: 481px) 900px, 100vw\" srcset=\"https:\/\/fmp-components.com\/wp-content\/uploads\/2025\/01\/Single-Phase-Induction-Motor-Suppliers.webp 900w, https:\/\/fmp-components.com\/wp-content\/uploads\/2025\/01\/Single-Phase-Induction-Motor-Suppliers-480x320.webp 480w\" alt=\"Einphasen-Induktionsmotor-Lieferanten\" width=\"900\" height=\"600\" title=\"\"><\/td>\n<td style=\"width: 659.231%;\"><img loading=\"lazy\" decoding=\"async\" class=\"alignnone size-full wp-image-3470\" src=\"https:\/\/fmp-components.com\/wp-content\/uploads\/2025\/01\/Single-Phase-Induction-Motor-Manufacturers-1.webp\" sizes=\"(min-width: 0px) and (max-width: 480px) 480px, (min-width: 481px) 900px, 100vw\" srcset=\"https:\/\/fmp-components.com\/wp-content\/uploads\/2025\/01\/Single-Phase-Induction-Motor-Manufacturers-1.webp 900w, https:\/\/fmp-components.com\/wp-content\/uploads\/2025\/01\/Single-Phase-Induction-Motor-Manufacturers-1-480x320.webp 480w\" alt=\"Einphasen-Induktionsmotor-Hersteller-1\" width=\"900\" height=\"600\" title=\"\"><\/td>\n<\/tr>\n<tr>\n<td style=\"width: 49.2308%;\"><img loading=\"lazy\" decoding=\"async\" class=\"alignnone size-full wp-image-3472\" src=\"https:\/\/fmp-components.com\/wp-content\/uploads\/2025\/01\/Single-Phase-Induction-Motor-Manufacturers.webp\" sizes=\"(min-width: 0px) and (max-width: 480px) 480px, (min-width: 481px) 900px, 100vw\" srcset=\"https:\/\/fmp-components.com\/wp-content\/uploads\/2025\/01\/Single-Phase-Induction-Motor-Manufacturers.webp 900w, https:\/\/fmp-components.com\/wp-content\/uploads\/2025\/01\/Single-Phase-Induction-Motor-Manufacturers-480x320.webp 480w\" alt=\"Hersteller von Einphasen-Induktionsmotoren\" width=\"900\" height=\"600\" title=\"\"><\/td>\n<td style=\"width: 659.231%;\"><img loading=\"lazy\" decoding=\"async\" class=\"alignnone size-full wp-image-3473\" src=\"https:\/\/fmp-components.com\/wp-content\/uploads\/2025\/01\/Single-Phase-Induction-Motor-for-Sale.webp\" sizes=\"(min-width: 0px) and (max-width: 480px) 480px, (min-width: 481px) 900px, 100vw\" srcset=\"https:\/\/fmp-components.com\/wp-content\/uploads\/2025\/01\/Single-Phase-Induction-Motor-for-Sale.webp 900w, https:\/\/fmp-components.com\/wp-content\/uploads\/2025\/01\/Single-Phase-Induction-Motor-for-Sale-480x320.webp 480w\" alt=\"Einphasen-Induktionsmotor zu verkaufen\" width=\"900\" height=\"600\" title=\"\"><\/td>\n<\/tr>\n<\/tbody>\n<\/table>\n<p>Autor: CX<\/p>","protected":false},"excerpt":{"rendered":"<p>TEFC Stainless Steel NEMA Washdown Electric Motor Over time, equipment downtime has become typical in food and beverage plants. Many indoor cabinets must be protected from excessive moisture from hose routing or splashing water (washdown). Washdown motors are designed for use in food and beverage plants and other applications where motors are frequently exposed to [&hellip;]<\/p>","protected":false},"featured_media":3521,"comment_status":"open","ping_status":"closed","template":"","meta":{"_et_pb_use_builder":"","_et_pb_old_content":"","_et_gb_content_width":""},"product_brand":[],"product_cat":[88],"product_tag":[],"class_list":{"0":"post-3518","1":"product","2":"type-product","3":"status-publish","4":"has-post-thumbnail","6":"product_cat-stainless-steel-motors","8":"first","9":"instock","10":"shipping-taxable","11":"product-type-simple"},"_links":{"self":[{"href":"https:\/\/fmp-components.com\/de\/wp-json\/wp\/v2\/product\/3518","targetHints":{"allow":["GET"]}}],"collection":[{"href":"https:\/\/fmp-components.com\/de\/wp-json\/wp\/v2\/product"}],"about":[{"href":"https:\/\/fmp-components.com\/de\/wp-json\/wp\/v2\/types\/product"}],"replies":[{"embeddable":true,"href":"https:\/\/fmp-components.com\/de\/wp-json\/wp\/v2\/comments?post=3518"}],"wp:featuredmedia":[{"embeddable":true,"href":"https:\/\/fmp-components.com\/de\/wp-json\/wp\/v2\/media\/3521"}],"wp:attachment":[{"href":"https:\/\/fmp-components.com\/de\/wp-json\/wp\/v2\/media?parent=3518"}],"wp:term":[{"taxonomy":"product_brand","embeddable":true,"href":"https:\/\/fmp-components.com\/de\/wp-json\/wp\/v2\/product_brand?post=3518"},{"taxonomy":"product_cat","embeddable":true,"href":"https:\/\/fmp-components.com\/de\/wp-json\/wp\/v2\/product_cat?post=3518"},{"taxonomy":"product_tag","embeddable":true,"href":"https:\/\/fmp-components.com\/de\/wp-json\/wp\/v2\/product_tag?post=3518"}],"curies":[{"name":"wp","href":"https:\/\/api.w.org\/{rel}","templated":true}]}}