{"id":3505,"date":"2025-01-08T02:21:06","date_gmt":"2025-01-08T02:21:06","guid":{"rendered":"https:\/\/fmp-components.com\/?page_id=8"},"modified":"2025-01-08T02:22:26","modified_gmt":"2025-01-08T02:22:26","slug":"nema-stainless-steel-stepper-motor-with-double-capacitor","status":"publish","type":"product","link":"https:\/\/fmp-components.com\/de\/product\/nema-stainless-steel-stepper-motor-with-double-capacitor\/","title":{"rendered":"NEMA-Schrittmotor aus Edelstahl mit Doppelkondensator"},"content":{"rendered":"<p class=\"et_pb_module_header\" style=\"text-align: center;\"><span style=\"font-size: 18pt;\">NEMA-Schrittmotor aus Edelstahl mit Doppelkondensator<\/span><\/p>\n<p>FMP Electric Edelstahl-\/Sp\u00fclmotoren sind in geschlossenen, l\u00fcftergek\u00fchlten (Tens) oder geschlossenen, unbel\u00fcfteten (Tens) Geh\u00e4usen mit Schutzart IP56 f\u00fcr Wasserdichtigkeit erh\u00e4ltlich. Diese spritzwassergesch\u00fctzten Motoren eignen sich ideal f\u00fcr F\u00f6rder-, Pumpen- und Materialhandhabungsanwendungen in der Lebensmittel-, Getr\u00e4nke-, Pharma- und Gefl\u00fcgelindustrie.<\/p>\n<p>Zu den Merkmalen geh\u00f6ren Doppellippendichtungen an Antriebs- und Nichtantriebsseite, verschiedene Wellenheberinge, O-Ringe und Durchgangsschrauben an den Endkappen, ein Rahmen aus Edelstahl 304, eine Edelstahlwelle und ein wasserdichter Kabelverbinder\/Klemmenkasten. Diese wasserdichten Motoren sind in Leistungsstufen von 1\/2 bis 2 PS erh\u00e4ltlich und haben einen Betriebsfaktor von 1,15 (1,0 SF f\u00fcr AC-Antriebe).<br \/>\nAufgrund ihrer Vielseitigkeit eignen sich Edelstahl-\/B\u00fcndigmotoren und andere Motoren mit geringer Leistung ideal f\u00fcr begrenzte Lagerkapazit\u00e4ten. Bestellungen von 25 oder mehr 56 Motoren qualifizieren sich f\u00fcr eine vorzeitige Lieferung.<\/p>\n<h2>Parameter des Schrittmotors aus Edelstahl<\/h2>\n<p><img loading=\"lazy\" decoding=\"async\" class=\"wp-image-3506 aligncenter\" src=\"https:\/\/fmp-components.com\/wp-content\/uploads\/2025\/01\/ep_12.stainless-steel-motor-1.webp\" alt=\"ep_12.Edelstahlmotor-1\" width=\"920\" height=\"454\" title=\"\" srcset=\"https:\/\/fmp-components.com\/wp-content\/uploads\/2025\/01\/ep_12.stainless-steel-motor-1.webp 920w, https:\/\/fmp-components.com\/wp-content\/uploads\/2025\/01\/ep_12.stainless-steel-motor-1-480x237.webp 480w\" sizes=\"(min-width: 0px) and (max-width: 480px) 480px, (min-width: 481px) 920px, 100vw\" \/><\/p>\n<table style=\"width: 100.179%; height: 117px;\" border=\"1\">\n<tbody>\n<tr>\n<td><strong>Rahmen\u00a0<\/strong><\/td>\n<td><strong>A<\/strong><\/td>\n<td><strong>BB<\/strong><\/td>\n<td><strong>BA<\/strong><\/td>\n<td><strong>NW<\/strong><\/td>\n<td><strong>U<\/strong><\/td>\n<td><strong>R<\/strong><\/td>\n<td><strong>S<\/strong><\/td>\n<td><strong>ES<\/strong><\/td>\n<td><strong>E<\/strong><\/td>\n<td><strong>2F<\/strong><\/td>\n<td><strong>B<\/strong><\/td>\n<td><strong>H<\/strong><\/td>\n<td><strong>BF<\/strong><\/td>\n<td><strong>AJ<\/strong><\/td>\n<td><strong>AK<\/strong><\/td>\n<td><strong>P<\/strong><\/td>\n<td><strong>AB<\/strong><\/td>\n<td><strong>D<\/strong><\/td>\n<td><strong>O<\/strong><\/td>\n<\/tr>\n<tr>\n<td>56C<\/td>\n<td>6.5<\/td>\n<td>0.16<\/td>\n<td>2.75<\/td>\n<td>1.88<\/td>\n<td>0.625<\/td>\n<td>0.517<\/td>\n<td>0.188<\/td>\n<td>1.41<\/td>\n<td>2.44<\/td>\n<td>3<\/td>\n<td>3.87<\/td>\n<td>0.34<\/td>\n<td>3\/8-16<\/td>\n<td>5.875<\/td>\n<td>4.5<\/td>\n<td>6.93<\/td>\n<td>5.79<\/td>\n<td>3.504<\/td>\n<td>8.07<\/td>\n<\/tr>\n<tr>\n<td>143TC<\/td>\n<td>6.5<\/td>\n<td>0.16<\/td>\n<td>2.75<\/td>\n<td>2.25<\/td>\n<td>0.771<\/td>\n<td>0.771<\/td>\n<td>0.188<\/td>\n<td>1.41<\/td>\n<td>2.75<\/td>\n<td>4<\/td>\n<td>4.87<\/td>\n<td>4.87<\/td>\n<td>3\/8-16<\/td>\n<td>5.875<\/td>\n<td>4.5<\/td>\n<td>6.93<\/td>\n<td>5.79<\/td>\n<td>3.504<\/td>\n<td>8.07<\/td>\n<\/tr>\n<tr>\n<td>145TC<\/td>\n<td>6.5<\/td>\n<td>0.16<\/td>\n<td>2.75<\/td>\n<td>2.25<\/td>\n<td>0.771<\/td>\n<td>0.771<\/td>\n<td>0.188<\/td>\n<td>1.41<\/td>\n<td>2.75<\/td>\n<td>5<\/td>\n<td>5.87<\/td>\n<td>5.87<\/td>\n<td>3\/8-16<\/td>\n<td>5.875<\/td>\n<td>4.5<\/td>\n<td>6.93<\/td>\n<td>5.79<\/td>\n<td>3.504<\/td>\n<td>8.07<\/td>\n<\/tr>\n<\/tbody>\n<\/table>\n<ul>\n<li>TEFC- oder TENV-Geh\u00e4use<\/li>\n<li>Schutzart IP67<\/li>\n<li>Dreiphasig, 208-230\/460 Volt<\/li>\n<li>1,15 Quadratfu\u00df<\/li>\n<li>Isolierung der Klasse F<\/li>\n<li>C-Seite mit F\u00fc\u00dfen (Schwei\u00dfen) oder rund (ohne F\u00fc\u00dfe)<\/li>\n<li>Rahmen, Endhalterung und Anschlusskasten aus Edelstahl 304<\/li>\n<li>Edelstahlwelle<\/li>\n<li>Rostschutzfilm des Rotors<\/li>\n<li>Doppellippendichtung mit zus\u00e4tzlichem Bund auf der Antriebsseite<\/li>\n<li>Der auf der Heckabdeckung installierte O-Ring kann das Eindringen von Feuchtigkeit verhindern<\/li>\n<li>Inklusive Edelstahl-Drahtverbinder<\/li>\n<li>Wechselrichterlast<\/li>\n<\/ul>\n<h2>Zugeh\u00f6riger Edelstahlmotor<\/h2>\n<table style=\"width: 101.404%; height: 110px;\" border=\"1\" width=\"100%\" cellspacing=\"0\" cellpadding=\"0\">\n<tbody>\n<tr style=\"height: 13.8pt;\">\n<td style=\"height: 13px; width: 25.0965%;\" align=\"right\" width=\"64\" height=\"18\"><img loading=\"lazy\" decoding=\"async\" class=\"alignnone size-full wp-image-3507\" src=\"https:\/\/fmp-components.com\/wp-content\/uploads\/2025\/01\/ep_stainless-steel-motor-1.webp\" alt=\"Edelstahlmotor\" width=\"379\" height=\"253\" title=\"\" srcset=\"https:\/\/fmp-components.com\/wp-content\/uploads\/2025\/01\/ep_stainless-steel-motor-1.webp 379w, https:\/\/fmp-components.com\/wp-content\/uploads\/2025\/01\/ep_stainless-steel-motor-1-300x200.webp 300w, https:\/\/fmp-components.com\/wp-content\/uploads\/2025\/01\/ep_stainless-steel-motor-1-18x12.webp 18w\" sizes=\"(max-width: 379px) 100vw, 379px\" \/><\/td>\n<td style=\"width: 25.0965%; height: 13px;\" align=\"right\" width=\"64\"><img loading=\"lazy\" decoding=\"async\" class=\"alignnone size-full wp-image-3508\" src=\"https:\/\/fmp-components.com\/wp-content\/uploads\/2025\/01\/ep_stainless-steel-motor-2-2.webp\" alt=\"Edelstahlmotor\" width=\"379\" height=\"253\" title=\"\" srcset=\"https:\/\/fmp-components.com\/wp-content\/uploads\/2025\/01\/ep_stainless-steel-motor-2-2.webp 379w, https:\/\/fmp-components.com\/wp-content\/uploads\/2025\/01\/ep_stainless-steel-motor-2-2-300x200.webp 300w, https:\/\/fmp-components.com\/wp-content\/uploads\/2025\/01\/ep_stainless-steel-motor-2-2-18x12.webp 18w\" sizes=\"(max-width: 379px) 100vw, 379px\" \/><\/td>\n<td style=\"width: 25.0965%; height: 13px;\" align=\"right\" width=\"64\"><img loading=\"lazy\" decoding=\"async\" class=\"alignnone size-full wp-image-3509\" src=\"https:\/\/fmp-components.com\/wp-content\/uploads\/2025\/01\/ep_stainless-steel-motor-6.webp\" alt=\"Edelstahlmotor\" width=\"379\" height=\"253\" title=\"\" srcset=\"https:\/\/fmp-components.com\/wp-content\/uploads\/2025\/01\/ep_stainless-steel-motor-6.webp 379w, https:\/\/fmp-components.com\/wp-content\/uploads\/2025\/01\/ep_stainless-steel-motor-6-300x200.webp 300w, https:\/\/fmp-components.com\/wp-content\/uploads\/2025\/01\/ep_stainless-steel-motor-6-18x12.webp 18w\" sizes=\"(max-width: 379px) 100vw, 379px\" \/><\/td>\n<td style=\"width: 25.0965%; height: 13px;\" align=\"right\" width=\"64\"><img loading=\"lazy\" decoding=\"async\" class=\"alignnone size-full wp-image-3510\" src=\"https:\/\/fmp-components.com\/wp-content\/uploads\/2025\/01\/ep_stainless-steel-motor-300x200-1.webp\" alt=\"Edelstahlmotor\" width=\"300\" height=\"200\" title=\"\" srcset=\"https:\/\/fmp-components.com\/wp-content\/uploads\/2025\/01\/ep_stainless-steel-motor-300x200-1.webp 300w, https:\/\/fmp-components.com\/wp-content\/uploads\/2025\/01\/ep_stainless-steel-motor-300x200-1-18x12.webp 18w\" sizes=\"(max-width: 300px) 100vw, 300px\" \/><\/td>\n<\/tr>\n<tr style=\"height: 13.8pt;\">\n<td style=\"height: 45px; width: 25.0965%; text-align: center;\" align=\"right\" height=\"18\">Permanentmagnetmotor aus Edelstahl<\/td>\n<td style=\"width: 25.0965%; height: 45px; text-align: center;\" align=\"right\">Wassergek\u00fchlter Edelstahlmotor<\/td>\n<td style=\"width: 25.0965%; height: 45px; text-align: center;\" align=\"right\">Elektromotor f\u00fcr die Lebensmittelindustrie<\/td>\n<td style=\"width: 25.0965%; height: 45px; text-align: center;\" align=\"right\">Edelstahlmotor<\/td>\n<\/tr>\n<tr style=\"height: 13.8pt;\">\n<td style=\"height: 13px; width: 25.0965%;\" align=\"right\" height=\"18\"><img loading=\"lazy\" decoding=\"async\" class=\"alignnone size-full wp-image-3511\" src=\"https:\/\/fmp-components.com\/wp-content\/uploads\/2025\/01\/ep_stainless-steel-motor-4.webp\" alt=\"Edelstahlmotor\" width=\"379\" height=\"253\" title=\"\" srcset=\"https:\/\/fmp-components.com\/wp-content\/uploads\/2025\/01\/ep_stainless-steel-motor-4.webp 379w, https:\/\/fmp-components.com\/wp-content\/uploads\/2025\/01\/ep_stainless-steel-motor-4-300x200.webp 300w, https:\/\/fmp-components.com\/wp-content\/uploads\/2025\/01\/ep_stainless-steel-motor-4-18x12.webp 18w\" sizes=\"(max-width: 379px) 100vw, 379px\" \/><\/td>\n<td style=\"width: 25.0965%; height: 13px;\" align=\"right\"><img loading=\"lazy\" decoding=\"async\" class=\"alignnone size-full wp-image-3512\" src=\"https:\/\/fmp-components.com\/wp-content\/uploads\/2025\/01\/ep_stainless-steel-motor-3.webp\" alt=\"Edelstahlmotor\" width=\"379\" height=\"253\" title=\"\" srcset=\"https:\/\/fmp-components.com\/wp-content\/uploads\/2025\/01\/ep_stainless-steel-motor-3.webp 379w, https:\/\/fmp-components.com\/wp-content\/uploads\/2025\/01\/ep_stainless-steel-motor-3-300x200.webp 300w, https:\/\/fmp-components.com\/wp-content\/uploads\/2025\/01\/ep_stainless-steel-motor-3-18x12.webp 18w\" sizes=\"(max-width: 379px) 100vw, 379px\" \/><\/td>\n<td style=\"width: 25.0965%; height: 13px;\" align=\"right\"><img loading=\"lazy\" decoding=\"async\" class=\"alignnone size-full wp-image-3513\" src=\"https:\/\/fmp-components.com\/wp-content\/uploads\/2025\/01\/ep_stainless-steel-motor-5.webp\" alt=\"Edelstahlmotor\" width=\"379\" height=\"253\" title=\"\" srcset=\"https:\/\/fmp-components.com\/wp-content\/uploads\/2025\/01\/ep_stainless-steel-motor-5.webp 379w, https:\/\/fmp-components.com\/wp-content\/uploads\/2025\/01\/ep_stainless-steel-motor-5-300x200.webp 300w, https:\/\/fmp-components.com\/wp-content\/uploads\/2025\/01\/ep_stainless-steel-motor-5-18x12.webp 18w\" sizes=\"(max-width: 379px) 100vw, 379px\" \/><\/td>\n<td style=\"width: 25.0965%; height: 13px;\" align=\"right\"><img loading=\"lazy\" decoding=\"async\" class=\"alignnone size-full wp-image-3514\" src=\"https:\/\/fmp-components.com\/wp-content\/uploads\/2025\/01\/ep_stainless-steel-motor-6-1.webp\" alt=\"Edelstahlmotor\" width=\"379\" height=\"253\" title=\"\" srcset=\"https:\/\/fmp-components.com\/wp-content\/uploads\/2025\/01\/ep_stainless-steel-motor-6-1.webp 379w, https:\/\/fmp-components.com\/wp-content\/uploads\/2025\/01\/ep_stainless-steel-motor-6-1-300x200.webp 300w, https:\/\/fmp-components.com\/wp-content\/uploads\/2025\/01\/ep_stainless-steel-motor-6-1-18x12.webp 18w\" sizes=\"(max-width: 379px) 100vw, 379px\" \/><\/td>\n<\/tr>\n<tr style=\"height: 13.8pt;\">\n<td style=\"height: 13px; width: 25.0965%; text-align: center;\" align=\"right\" height=\"18\">IEC-Wechselstrommotor f\u00fcr emulgierte Lebensmittelmaschinen<\/td>\n<td style=\"width: 25.0965%; height: 13px; text-align: center;\" align=\"right\">NEMA 56C Asynchronmotor<\/td>\n<td style=\"width: 25.0965%; height: 13px; text-align: center;\" align=\"right\">IEC-Wechselstrommotor aus Edelstahl<\/td>\n<td style=\"width: 25.0965%; text-align: center;\">IEC-Hochleistungsmotor komplett aus Edelstahl<\/td>\n<\/tr>\n<tr style=\"height: 13.8pt;\">\n<td style=\"height: 13px; width: 25.0965%;\" align=\"right\" width=\"64\" height=\"18\"><img loading=\"lazy\" decoding=\"async\" class=\"alignnone size-full wp-image-3515\" src=\"https:\/\/fmp-components.com\/wp-content\/uploads\/2025\/01\/ep_stainless-steel-motor-2.webp\" alt=\"Edelstahlmotor\" width=\"379\" height=\"253\" title=\"\" srcset=\"https:\/\/fmp-components.com\/wp-content\/uploads\/2025\/01\/ep_stainless-steel-motor-2.webp 379w, https:\/\/fmp-components.com\/wp-content\/uploads\/2025\/01\/ep_stainless-steel-motor-2-300x200.webp 300w, https:\/\/fmp-components.com\/wp-content\/uploads\/2025\/01\/ep_stainless-steel-motor-2-18x12.webp 18w\" sizes=\"(max-width: 379px) 100vw, 379px\" \/><\/td>\n<td style=\"width: 25.0965%; height: 13px;\" align=\"right\" width=\"64\"><img loading=\"lazy\" decoding=\"async\" class=\"alignnone size-full wp-image-3516\" src=\"https:\/\/fmp-components.com\/wp-content\/uploads\/2025\/01\/ep_stainless-steel-motor-8.webp\" alt=\"Edelstahlmotor\" width=\"379\" height=\"253\" title=\"\" srcset=\"https:\/\/fmp-components.com\/wp-content\/uploads\/2025\/01\/ep_stainless-steel-motor-8.webp 379w, https:\/\/fmp-components.com\/wp-content\/uploads\/2025\/01\/ep_stainless-steel-motor-8-300x200.webp 300w, https:\/\/fmp-components.com\/wp-content\/uploads\/2025\/01\/ep_stainless-steel-motor-8-18x12.webp 18w\" sizes=\"(max-width: 379px) 100vw, 379px\" \/><\/td>\n<td style=\"width: 25.0965%; height: 13px;\" align=\"right\" width=\"64\"><img loading=\"lazy\" decoding=\"async\" class=\"alignnone size-full wp-image-3517\" src=\"https:\/\/fmp-components.com\/wp-content\/uploads\/2025\/01\/ep_stainless-steel-motor-7.webp\" alt=\"Edelstahlmotor\" width=\"379\" height=\"253\" title=\"\" srcset=\"https:\/\/fmp-components.com\/wp-content\/uploads\/2025\/01\/ep_stainless-steel-motor-7.webp 379w, https:\/\/fmp-components.com\/wp-content\/uploads\/2025\/01\/ep_stainless-steel-motor-7-300x200.webp 300w, https:\/\/fmp-components.com\/wp-content\/uploads\/2025\/01\/ep_stainless-steel-motor-7-18x12.webp 18w\" sizes=\"(max-width: 379px) 100vw, 379px\" \/><\/td>\n<td style=\"width: 25.0965%; height: 13px;\" align=\"right\" width=\"64\"><\/td>\n<\/tr>\n<tr style=\"height: 13.8pt;\">\n<td style=\"height: 13px; width: 25.0965%; text-align: center;\" align=\"right\" height=\"18\">Motor f\u00fcr H\u00fchner- und Entenhaarungsger\u00e4te<\/td>\n<td style=\"width: 25.0965%; height: 13px; text-align: center;\" align=\"right\">NEMA-Motor aus lebensmittelechtem Edelstahl<\/td>\n<td style=\"width: 25.0965%; height: 13px;\" align=\"right\">Lebensmittelechter IEC-Edelstahlmotor<\/td>\n<td style=\"width: 25.0965%; height: 13px;\" align=\"right\"><\/td>\n<\/tr>\n<\/tbody>\n<\/table>\n<h2>\u00dcber FMP<\/h2>\n<p>FMP ist ein nationales Hightech-Unternehmen, das sich auf die Konstruktion, Entwicklung und Produktion fortschrittlicher Motoren und elektromechanischer L\u00f6sungen spezialisiert hat. Wir konzentrieren uns auf die Produktion von Motoren der Serien YE2, YE3 und YE4 sowie einer Reihe abgeleiteter Produkte. Unser Produktangebot umfasst au\u00dferdem Dreiphasen- und Einphasenmotoren f\u00fcr Hydraulikpumpen, Motoren mit Aluminiumgeh\u00e4use, Sondermotoren f\u00fcr Hydraulikpumpen, elektromechanisch integrierte Turbinengetriebe und andere Spezialmotoren.<\/p>\n<p>Die Produkte von FMP finden breite Anwendung in der industriellen Automatisierung und bedienen Schl\u00fcsselsektoren wie CNC-Drehmaschinen, Schuhherstellungsmaschinen, Holzbearbeitungsmaschinen, Metallbearbeitungsmaschinen, Kunststoffmaschinen und Baumaschinen. Mit einem starken Engagement f\u00fcr Innovation und Qualit\u00e4t stellt FMP sicher, dass alle Produkte den h\u00f6chsten Leistungsstandards entsprechen.<\/p>\n<p>Neben unserem umfassenden Produktangebot bieten wir auch ma\u00dfgeschneiderte L\u00f6sungen f\u00fcr die spezifischen Bed\u00fcrfnisse unserer Kunden. Ob Spezialmotoren, Sonderprodukte oder integrierte Systeme \u2013 FMP arbeitet eng mit seinen Kunden zusammen, um hochwertige, ma\u00dfgeschneiderte L\u00f6sungen zu liefern. Unser Fokus auf Pr\u00e4zisionstechnik und Kundenzufriedenheit ist der Schl\u00fcssel zu unserem anhaltenden Erfolg auf den globalen M\u00e4rkten.<\/p>\n<p>Bei FMP sind wir bestrebt, langfristige, f\u00fcr beide Seiten vorteilhafte Partnerschaften aufzubauen und den Erfolg unserer Kunden mit jedem Projekt zu unterst\u00fctzen.<\/p>\n<table style=\"border-collapse: collapse; width: 100.882%; height: 23px;\" border=\"0\" width=\"128\" cellspacing=\"0\" cellpadding=\"0\">\n<tbody>\n<tr style=\"height: 13.8pt;\">\n<td style=\"height: 10px; width: 50.3922%;\" align=\"right\" width=\"64\" height=\"18\"><img loading=\"lazy\" decoding=\"async\" class=\"alignnone size-full wp-image-3398\" src=\"https:\/\/fmp-components.com\/wp-content\/uploads\/2025\/01\/Three-Phase-Motor-Factory.webp\" alt=\"Drehstrommotorenfabrik\" width=\"900\" height=\"600\" title=\"\" srcset=\"https:\/\/fmp-components.com\/wp-content\/uploads\/2025\/01\/Three-Phase-Motor-Factory.webp 900w, https:\/\/fmp-components.com\/wp-content\/uploads\/2025\/01\/Three-Phase-Motor-Factory-480x320.webp 480w\" sizes=\"(min-width: 0px) and (max-width: 480px) 480px, (min-width: 481px) 900px, 100vw\" \/><\/td>\n<td style=\"width: 604.224%; height: 10px;\" align=\"right\" width=\"64\"><img loading=\"lazy\" decoding=\"async\" class=\"alignnone size-full wp-image-3399\" src=\"https:\/\/fmp-components.com\/wp-content\/uploads\/2025\/01\/Three-Phase-Motor-Factory-2.webp\" alt=\"Dreiphasenmotorenfabrik-2\" width=\"900\" height=\"600\" title=\"\" srcset=\"https:\/\/fmp-components.com\/wp-content\/uploads\/2025\/01\/Three-Phase-Motor-Factory-2.webp 900w, https:\/\/fmp-components.com\/wp-content\/uploads\/2025\/01\/Three-Phase-Motor-Factory-2-480x320.webp 480w\" sizes=\"(min-width: 0px) and (max-width: 480px) 480px, (min-width: 481px) 900px, 100vw\" \/><\/td>\n<\/tr>\n<tr style=\"height: 13.8pt;\">\n<td style=\"height: 13px; width: 50.3922%;\" align=\"right\" height=\"18\"><img loading=\"lazy\" decoding=\"async\" class=\"alignnone size-full wp-image-3400\" src=\"https:\/\/fmp-components.com\/wp-content\/uploads\/2025\/01\/China-Three-Phase-Motor-Factory-1.webp\" alt=\"Dreiphasenmotorenfabrik-1\" width=\"900\" height=\"600\" title=\"\" srcset=\"https:\/\/fmp-components.com\/wp-content\/uploads\/2025\/01\/China-Three-Phase-Motor-Factory-1.webp 900w, https:\/\/fmp-components.com\/wp-content\/uploads\/2025\/01\/China-Three-Phase-Motor-Factory-1-480x320.webp 480w\" sizes=\"(min-width: 0px) and (max-width: 480px) 480px, (min-width: 481px) 900px, 100vw\" \/><\/td>\n<td style=\"width: 604.224%; height: 13px;\" align=\"right\"><img loading=\"lazy\" decoding=\"async\" class=\"alignnone size-full wp-image-3401\" src=\"https:\/\/fmp-components.com\/wp-content\/uploads\/2025\/01\/Three-Phase-Motor-Factory-3.webp\" alt=\"Dreiphasenmotorenfabrik-3\" width=\"900\" height=\"600\" title=\"\" srcset=\"https:\/\/fmp-components.com\/wp-content\/uploads\/2025\/01\/Three-Phase-Motor-Factory-3.webp 900w, https:\/\/fmp-components.com\/wp-content\/uploads\/2025\/01\/Three-Phase-Motor-Factory-3-480x320.webp 480w\" sizes=\"(min-width: 0px) and (max-width: 480px) 480px, (min-width: 481px) 900px, 100vw\" \/><\/td>\n<\/tr>\n<tr>\n<td><img loading=\"lazy\" decoding=\"async\" class=\"alignnone size-full wp-image-3471\" src=\"https:\/\/fmp-components.com\/wp-content\/uploads\/2025\/01\/Single-Phase-Induction-Motor-Suppliers.webp\" alt=\"Einphasen-Induktionsmotor-Lieferanten\" width=\"900\" height=\"600\" title=\"\" srcset=\"https:\/\/fmp-components.com\/wp-content\/uploads\/2025\/01\/Single-Phase-Induction-Motor-Suppliers.webp 900w, https:\/\/fmp-components.com\/wp-content\/uploads\/2025\/01\/Single-Phase-Induction-Motor-Suppliers-480x320.webp 480w\" sizes=\"(min-width: 0px) and (max-width: 480px) 480px, (min-width: 481px) 900px, 100vw\" \/><\/td>\n<td><img loading=\"lazy\" decoding=\"async\" class=\"alignnone size-full wp-image-3470\" src=\"https:\/\/fmp-components.com\/wp-content\/uploads\/2025\/01\/Single-Phase-Induction-Motor-Manufacturers-1.webp\" alt=\"Einphasen-Induktionsmotor-Hersteller-1\" width=\"900\" height=\"600\" title=\"\" srcset=\"https:\/\/fmp-components.com\/wp-content\/uploads\/2025\/01\/Single-Phase-Induction-Motor-Manufacturers-1.webp 900w, https:\/\/fmp-components.com\/wp-content\/uploads\/2025\/01\/Single-Phase-Induction-Motor-Manufacturers-1-480x320.webp 480w\" sizes=\"(min-width: 0px) and (max-width: 480px) 480px, (min-width: 481px) 900px, 100vw\" \/><\/td>\n<\/tr>\n<tr>\n<td><img loading=\"lazy\" decoding=\"async\" class=\"alignnone size-full wp-image-3472\" src=\"https:\/\/fmp-components.com\/wp-content\/uploads\/2025\/01\/Single-Phase-Induction-Motor-Manufacturers.webp\" alt=\"Hersteller von Einphasen-Induktionsmotoren\" width=\"900\" height=\"600\" title=\"\" srcset=\"https:\/\/fmp-components.com\/wp-content\/uploads\/2025\/01\/Single-Phase-Induction-Motor-Manufacturers.webp 900w, https:\/\/fmp-components.com\/wp-content\/uploads\/2025\/01\/Single-Phase-Induction-Motor-Manufacturers-480x320.webp 480w\" sizes=\"(min-width: 0px) and (max-width: 480px) 480px, (min-width: 481px) 900px, 100vw\" \/><\/td>\n<td><img loading=\"lazy\" decoding=\"async\" class=\"alignnone size-full wp-image-3473\" src=\"https:\/\/fmp-components.com\/wp-content\/uploads\/2025\/01\/Single-Phase-Induction-Motor-for-Sale.webp\" alt=\"Einphasen-Induktionsmotor zu verkaufen\" width=\"900\" height=\"600\" title=\"\" srcset=\"https:\/\/fmp-components.com\/wp-content\/uploads\/2025\/01\/Single-Phase-Induction-Motor-for-Sale.webp 900w, https:\/\/fmp-components.com\/wp-content\/uploads\/2025\/01\/Single-Phase-Induction-Motor-for-Sale-480x320.webp 480w\" sizes=\"(min-width: 0px) and (max-width: 480px) 480px, (min-width: 481px) 900px, 100vw\" \/><\/td>\n<\/tr>\n<\/tbody>\n<\/table>\n<p>Autor: CX<\/p>","protected":false},"excerpt":{"rendered":"<p>NEMA Stainless Steel Stepper Motor With Double Capacitor FMP Electric Stainless Steel\/Flush motors are available in enclosed fan-cooled (Tens) or enclosed non-ventilated (ten) enclosures with IP56 protection for waterproofing. These washdown motors are ideal for conveyor, pump and material handling applications in the food, beverage, pharmaceutical and poultry industries. Features include double lip seals on [&hellip;]<\/p>","protected":false},"featured_media":3519,"comment_status":"open","ping_status":"closed","template":"","meta":{"_et_pb_use_builder":"","_et_pb_old_content":"","_et_gb_content_width":""},"product_brand":[],"product_cat":[88],"product_tag":[],"class_list":{"0":"post-3505","1":"product","2":"type-product","3":"status-publish","4":"has-post-thumbnail","6":"product_cat-stainless-steel-motors","8":"first","9":"instock","10":"shipping-taxable","11":"product-type-simple"},"_links":{"self":[{"href":"https:\/\/fmp-components.com\/de\/wp-json\/wp\/v2\/product\/3505","targetHints":{"allow":["GET"]}}],"collection":[{"href":"https:\/\/fmp-components.com\/de\/wp-json\/wp\/v2\/product"}],"about":[{"href":"https:\/\/fmp-components.com\/de\/wp-json\/wp\/v2\/types\/product"}],"replies":[{"embeddable":true,"href":"https:\/\/fmp-components.com\/de\/wp-json\/wp\/v2\/comments?post=3505"}],"wp:featuredmedia":[{"embeddable":true,"href":"https:\/\/fmp-components.com\/de\/wp-json\/wp\/v2\/media\/3519"}],"wp:attachment":[{"href":"https:\/\/fmp-components.com\/de\/wp-json\/wp\/v2\/media?parent=3505"}],"wp:term":[{"taxonomy":"product_brand","embeddable":true,"href":"https:\/\/fmp-components.com\/de\/wp-json\/wp\/v2\/product_brand?post=3505"},{"taxonomy":"product_cat","embeddable":true,"href":"https:\/\/fmp-components.com\/de\/wp-json\/wp\/v2\/product_cat?post=3505"},{"taxonomy":"product_tag","embeddable":true,"href":"https:\/\/fmp-components.com\/de\/wp-json\/wp\/v2\/product_tag?post=3505"}],"curies":[{"name":"wp","href":"https:\/\/api.w.org\/{rel}","templated":true}]}}