{"id":3348,"date":"2025-01-07T01:30:15","date_gmt":"2025-01-07T01:30:15","guid":{"rendered":"https:\/\/fmp-components.com\/?page_id=8"},"modified":"2025-01-07T01:30:15","modified_gmt":"2025-01-07T01:30:15","slug":"low-noise-basic-dc-toy-motor-for-toy-car-tgp02s-a130","status":"publish","type":"product","link":"https:\/\/fmp-components.com\/de\/product\/low-noise-basic-dc-toy-motor-for-toy-car-tgp02s-a130\/","title":{"rendered":"Ger\u00e4uscharmer einfacher Gleichstrom-Spielzeugmotor f\u00fcr Spielzeugauto TGP02S-A130"},"content":{"rendered":"<h2>Charaktere des grundlegenden DC-Spielzeugmotors<\/h2>\n<p>1. Einzelwelle. Kleine Gr\u00f6\u00dfe 42,2 mm * 45,5 mm * 23 mm<br \/>\n2. DC-Kunststoffgetriebemotor mit niedriger Drehzahl und gro\u00dfem Drehmoment<br \/>\n3. Geeignet f\u00fcr Anwendungen mit kleinem Durchmesser, geringem Ger\u00e4uschpegel und gro\u00dfem Drehmoment<br \/>\n4. Untersetzungsverh\u00e4ltnis: 48\u3001120\u3001180\u3001220\u3001288<\/p>\n<p><img loading=\"lazy\" decoding=\"async\" class=\"alignnone  wp-image-3352\" src=\"https:\/\/fmp-components.com\/wp-content\/uploads\/2025\/01\/fmp_4.TGP010-A130-2.webp\" alt=\"fmp_4.TGP010-A130-2\" width=\"918\" height=\"421\" title=\"\" srcset=\"https:\/\/fmp-components.com\/wp-content\/uploads\/2025\/01\/fmp_4.TGP010-A130-2.webp 918w, https:\/\/fmp-components.com\/wp-content\/uploads\/2025\/01\/fmp_4.TGP010-A130-2-480x220.webp 480w\" sizes=\"(min-width: 0px) and (max-width: 480px) 480px, (min-width: 481px) 918px, 100vw\" \/><\/p>\n<h2>Technische Daten des Mini-Gleichstrommotors<\/h2>\n<table style=\"width: 98.042%; height: 144px;\" border=\"1\">\n<tbody>\n<tr>\n<td style=\"width: 21.3647%;\">Motormodell Nr.<\/td>\n<td style=\"width: 15.8837%;\">Nennspannung<br \/>\nVDC<\/td>\n<td style=\"width: 16.6667%;\">Leerlaufdrehzahl<br \/>\nU\/min<\/td>\n<td style=\"width: 17.6734%;\">Leerlaufstrom<br \/>\nmA<\/td>\n<td style=\"width: 13.0872%;\">Blockierdrehmoment<br \/>\ng\/cm<\/td>\n<td style=\"width: 15.3244%;\">Blockierstrom<br \/>\nA<\/td>\n<\/tr>\n<tr>\n<td style=\"width: 21.3647%;\">TFE-130RA-12215<\/td>\n<td style=\"width: 15.8837%;\">6.0<\/td>\n<td style=\"width: 16.6667%;\">11500<\/td>\n<td style=\"width: 17.6734%;\">120<\/td>\n<td style=\"width: 13.0872%;\">20<\/td>\n<td style=\"width: 15.3244%;\">0.85<\/td>\n<\/tr>\n<tr>\n<td style=\"width: 21.3647%;\">TFE-130RA-14175<\/td>\n<td style=\"width: 15.8837%;\">3.0<\/td>\n<td style=\"width: 16.6667%;\">8000<\/td>\n<td style=\"width: 17.6734%;\">120<\/td>\n<td style=\"width: 13.0872%;\">13<\/td>\n<td style=\"width: 15.3244%;\">0.70<\/td>\n<\/tr>\n<tr>\n<td style=\"width: 21.3647%;\">TFE-130RA-18100<\/td>\n<td style=\"width: 15.8837%;\">3.0<\/td>\n<td style=\"width: 16.6667%;\">11500<\/td>\n<td style=\"width: 17.6734%;\">250<\/td>\n<td style=\"width: 13.0872%;\">20<\/td>\n<td style=\"width: 15.3244%;\">1.80<\/td>\n<\/tr>\n<\/tbody>\n<\/table>\n<h2>Technische Daten des Getriebemotors<\/h2>\n<table style=\"width: 98.042%; height: 120px;\" border=\"1\">\n<tbody>\n<tr style=\"height: 30px;\">\n<th style=\"height: 30px; width: 32.774%; text-align: left;\">Getriebemodell<\/th>\n<td style=\"height: 30px; width: 68.0089%;\">TGP01D-A130-12215-XXX<\/td>\n<\/tr>\n<tr style=\"height: 30px;\">\n<th style=\"height: 30px; width: 32.774%; text-align: left;\">Untersetzungsverh\u00e4ltnisse<\/th>\n<td style=\"height: 30px; width: 68.0089%;\">48, 120, 180, 220, 288<\/td>\n<\/tr>\n<tr style=\"height: 30px;\">\n<th style=\"height: 30px; width: 32.774%; text-align: left;\">Leerlaufdrehzahlen (U\/min)<\/th>\n<td style=\"height: 30px; width: 68.0089%;\">230, 90, 60, 50, 38<\/td>\n<\/tr>\n<tr style=\"height: 30px;\">\n<th style=\"height: 30px; width: 32.774%; text-align: left;\">Max. momentanes Toleranzdrehmoment (kg.cm)<\/th>\n<td style=\"height: 30px; width: 68.0089%;\">0.7, 1.4, 2.0, 2.2, 2.8<\/td>\n<\/tr>\n<\/tbody>\n<\/table>\n<h2>Getriebe mit Motor<\/h2>\n<table style=\"width: 98.7983%; height: 96px;\" border=\"1\">\n<tbody>\n<tr style=\"height: 24px;\">\n<th style=\"height: 24px; text-align: left; width: 38.4787%;\">Getriebemodell<\/th>\n<td style=\"height: 24px; width: 63.0872%;\">TGP01D-A130-14175-XXX<\/td>\n<\/tr>\n<tr style=\"height: 24px;\">\n<th style=\"height: 24px; text-align: left; width: 38.4787%;\">Untersetzungsverh\u00e4ltnisse<\/th>\n<td style=\"height: 24px; width: 63.0872%;\">48, 120, 180, 220, 288<\/td>\n<\/tr>\n<tr style=\"height: 24px;\">\n<th style=\"height: 24px; text-align: left; width: 38.4787%;\">Leerlaufdrehzahlen (U\/min)<\/th>\n<td style=\"height: 24px; width: 63.0872%;\">150, 60, 40, 33, 25<\/td>\n<\/tr>\n<tr style=\"height: 24px;\">\n<th style=\"height: 24px; text-align: left; width: 38.4787%;\">Max. momentanes Toleranzdrehmoment (kg.cm)<\/th>\n<td style=\"height: 24px; width: 63.0872%;\">0.5, 0.9, 1.2, 1.4, 1.8<\/td>\n<\/tr>\n<\/tbody>\n<\/table>\n<table style=\"color: #666666; font-size: 14px; width: 98.9666%; height: 142px;\" border=\"1\">\n<tbody>\n<tr style=\"height: 24px;\">\n<th style=\"text-align: left; width: 38.5906%; height: 24px;\">Getriebemodell<\/th>\n<td style=\"width: 61.8421%; height: 24px;\">TGP01D-A130-18100-XXX<\/td>\n<\/tr>\n<tr style=\"height: 24px;\">\n<th style=\"text-align: left; width: 38.5906%; height: 24px;\">Untersetzungsverh\u00e4ltnisse<\/th>\n<td style=\"width: 61.8421%; height: 24px;\">48, 120, 180, 220, 288<\/td>\n<\/tr>\n<tr style=\"height: 24px;\">\n<th style=\"text-align: left; width: 38.5906%; height: 24px;\">Leerlaufdrehzahlen (U\/min)<\/th>\n<td style=\"width: 61.8421%; height: 24px;\">230, 90, 60, 50, 38<\/td>\n<\/tr>\n<tr style=\"height: 24px;\">\n<th style=\"text-align: left; width: 38.5906%; height: 24px;\">Max. momentanes Toleranzdrehmoment (kg.cm)<\/th>\n<td style=\"width: 61.8421%; height: 24px;\">0.7, 1.4, 2.0, 2.2, 2.8<\/td>\n<\/tr>\n<\/tbody>\n<\/table>\n<h2>Sonstiges Kunststoffgetriebe plus A130-Gleichstrommotor<\/h2>\n<table style=\"width: 100%; height: 71px;\" border=\"1\" width=\"100%\" cellspacing=\"0\" cellpadding=\"0\">\n<tbody>\n<tr style=\"height: 13.8pt;\">\n<td style=\"height: 13px; width: 49.892%;\" align=\"right\" width=\"64\" height=\"18\"><img loading=\"lazy\" decoding=\"async\" class=\"alignnone size-full wp-image-3344\" src=\"https:\/\/fmp-components.com\/wp-content\/uploads\/2025\/01\/fmp_1.TGP010-A130-1-1.webp\" alt=\"fmp_1.TGP010-A130-1-1\" width=\"600\" height=\"600\" title=\"\" srcset=\"https:\/\/fmp-components.com\/wp-content\/uploads\/2025\/01\/fmp_1.TGP010-A130-1-1.webp 600w, https:\/\/fmp-components.com\/wp-content\/uploads\/2025\/01\/fmp_1.TGP010-A130-1-1-480x480.webp 480w\" sizes=\"(min-width: 0px) and (max-width: 480px) 480px, (min-width: 481px) 600px, 100vw\" \/><\/td>\n<td style=\"width: 49.892%; height: 13px;\" align=\"right\" width=\"64\"><img loading=\"lazy\" decoding=\"async\" class=\"alignnone size-full wp-image-3345\" src=\"https:\/\/fmp-components.com\/wp-content\/uploads\/2025\/01\/fmp_2.TGP010-A130-1-1.webp\" alt=\"fmp_2.TGP010-A130-1-1\" width=\"600\" height=\"600\" title=\"\" srcset=\"https:\/\/fmp-components.com\/wp-content\/uploads\/2025\/01\/fmp_2.TGP010-A130-1-1.webp 600w, https:\/\/fmp-components.com\/wp-content\/uploads\/2025\/01\/fmp_2.TGP010-A130-1-1-480x480.webp 480w\" sizes=\"(min-width: 0px) and (max-width: 480px) 480px, (min-width: 481px) 600px, 100vw\" \/><\/td>\n<\/tr>\n<tr style=\"height: 22px;\">\n<td style=\"height: 22px; text-align: center;\"><strong>TGP01D-A130<\/strong><\/td>\n<td style=\"height: 22px; text-align: center;\"><strong>TGP01S-A130<\/strong><\/td>\n<\/tr>\n<tr style=\"height: 13.8pt;\">\n<td style=\"height: 13px; width: 49.892%;\" align=\"right\" height=\"18\"><img loading=\"lazy\" decoding=\"async\" class=\"alignnone size-full wp-image-3346\" src=\"https:\/\/fmp-components.com\/wp-content\/uploads\/2025\/01\/fmp_3.TGP010-A130-1.webp\" alt=\"fmp_3.TGP010-A130-1\" width=\"600\" height=\"600\" title=\"\" srcset=\"https:\/\/fmp-components.com\/wp-content\/uploads\/2025\/01\/fmp_3.TGP010-A130-1.webp 600w, https:\/\/fmp-components.com\/wp-content\/uploads\/2025\/01\/fmp_3.TGP010-A130-1-480x480.webp 480w\" sizes=\"(min-width: 0px) and (max-width: 480px) 480px, (min-width: 481px) 600px, 100vw\" \/><\/td>\n<td style=\"width: 49.892%; height: 13px;\" align=\"right\"><img loading=\"lazy\" decoding=\"async\" class=\"alignnone size-full wp-image-3347\" src=\"https:\/\/fmp-components.com\/wp-content\/uploads\/2025\/01\/fmp_4.TGP010-A130-1.webp\" alt=\"fmp_4.TGP010-A130-1\" width=\"600\" height=\"600\" title=\"\" srcset=\"https:\/\/fmp-components.com\/wp-content\/uploads\/2025\/01\/fmp_4.TGP010-A130-1.webp 600w, https:\/\/fmp-components.com\/wp-content\/uploads\/2025\/01\/fmp_4.TGP010-A130-1-480x480.webp 480w\" sizes=\"(min-width: 0px) and (max-width: 480px) 480px, (min-width: 481px) 600px, 100vw\" \/><\/td>\n<\/tr>\n<tr style=\"height: 23px;\">\n<td style=\"height: 23px; text-align: center;\"><strong>TGP02D-A130<\/strong><\/td>\n<td style=\"height: 23px; text-align: center;\"><strong>TGP02S-A130<\/strong><\/td>\n<\/tr>\n<\/tbody>\n<\/table>\n<h2 data-pm-slice=\"0 0 []\">Merkmale des ger\u00e4uscharmen Basis-Gleichstrom-Spielzeugmotors<\/h2>\n<p>Der ger\u00e4uscharme Basis-Gleichstrom-Spielzeugmotor bietet zuverl\u00e4ssige Leistung bei minimalem Betriebsger\u00e4usch und eignet sich daher ideal f\u00fcr verschiedene Spielzeuganwendungen und Ger\u00e4te mit geringem Stromverbrauch. Nachfolgend sind die wichtigsten Merkmale dieses Motors aufgef\u00fchrt:<\/p>\n<p>1. <strong>Ger\u00e4uscharmer Betrieb<\/strong><\/p>\n<ul>\n<li>Der Motor ist speziell f\u00fcr einen leisen Betrieb ausgelegt, sodass die Ger\u00e4uschentwicklung w\u00e4hrend des Betriebs minimal ist. Diese Funktion ist besonders vorteilhaft f\u00fcr Spielzeuge und Ger\u00e4te, bei denen ein leises Erlebnis gew\u00fcnscht ist.<\/li>\n<\/ul>\n<p>2. <strong>Kompaktes Design<\/strong><\/p>\n<ul>\n<li>Der Motor wurde mit Blick auf Platzersparnis entwickelt und verf\u00fcgt \u00fcber einen kleinen, leichten Formfaktor, der sich leicht in verschiedene Spielzeugdesigns integrieren l\u00e4sst, ohne unn\u00f6tige Masse hinzuzuf\u00fcgen.<\/li>\n<\/ul>\n<p>3. <strong>Energieeffizienz<\/strong><\/p>\n<ul>\n<li>Der Motor bietet im Verh\u00e4ltnis zu seiner Gr\u00f6\u00dfe und Leistung einen effizienten Stromverbrauch und ist daher die ideale Wahl f\u00fcr batteriebetriebene Spielzeuge oder andere kleine Ger\u00e4te mit geringem Energieverbrauch.<\/li>\n<\/ul>\n<p>4. <strong>Haltbarkeit<\/strong><\/p>\n<ul>\n<li>Der Motor ist auf Langlebigkeit ausgelegt und besteht aus hochwertigen Materialien, die langfristige Zuverl\u00e4ssigkeit und konstante Leistung unter typischen Betriebsbedingungen gew\u00e4hrleisten.<\/li>\n<\/ul>\n<p><strong>5. Geringer Stromverbrauch<\/strong><\/p>\n<ul>\n<li>Der Motor ist f\u00fcr den effizienten Betrieb mit kleinen Stromversorgungen (wie AA-Batterien oder kleinen Gleichstromquellen) ausgelegt und verbraucht wenig Strom, was dazu beitr\u00e4gt, die Batterielebensdauer in Spielzeugen oder anderen Anwendungen zu verl\u00e4ngern.<\/li>\n<\/ul>\n<p>Dieser Motor eignet sich ideal f\u00fcr den Einsatz in Spielzeugautos, kleinen Robotern, Lernbaus\u00e4tzen und anderen Ger\u00e4ten, die einen leisen, energieeffizienten und zuverl\u00e4ssigen Motor f\u00fcr kleine Anwendungen ben\u00f6tigen.<\/p>\n<h2>\u00dcber FMP<\/h2>\n<p>FMP ist ein f\u00fchrender Hersteller, der sich auf die Konstruktion, Entwicklung und Produktion von hochpr\u00e4zisen Getrieben, Hydraulikzylindern, Motoren, Zapfwellen, Mikromotoren und einer Vielzahl weiterer wichtiger Komponenten spezialisiert hat. Dank des Engagements und der harten Arbeit unseres qualifizierten Teams haben wir uns als Branchenf\u00fchrer etabliert. Unsere Produkte sind in Europa, Nordamerika, S\u00fcdostasien und anderen Schl\u00fcsselm\u00e4rkten weit verbreitet und genie\u00dfen einen hervorragenden Ruf f\u00fcr Qualit\u00e4t und Exzellenz. Unsere Kunden loben stets die Leistung und Zuverl\u00e4ssigkeit unserer Produkte.<\/p>\n<p>Bei FMP verf\u00fcgen wir \u00fcber hochmoderne Produktionsanlagen, darunter gro\u00dfz\u00fcgige Fertigungswerkst\u00e4tten, B\u00fcror\u00e4ume und Mitarbeiterunterk\u00fcnfte. Dar\u00fcber hinaus verf\u00fcgen wir \u00fcber modernste Forschungs- und Entwicklungs-, Produktions- und Pr\u00fcfanlagen. Unsere spezialisierten Abteilungen f\u00fcr Konstruktion, Formenbau und Montage sind bestens ger\u00fcstet, um ma\u00dfgeschneiderte L\u00f6sungen f\u00fcr die individuellen Bed\u00fcrfnisse jedes Kunden zu entwickeln. Mit einer soliden technischen Basis, optimierten Produktionsprozessen und einem effizienten Managementsystem stellt FMP sicher, dass alle Produkte den h\u00f6chsten Industriestandards entsprechen.<\/p>\n<p>Qualit\u00e4t steht im Mittelpunkt unserer Gesch\u00e4ftst\u00e4tigkeit. Von der Materialauswahl und dem Design \u00fcber die Produktion und Lieferung bis hin zum Kundenfeedback achten wir auf jedes Detail. Kundenzufriedenheit hat f\u00fcr uns oberste Priorit\u00e4t und wir sind bestrebt, in jeder Phase des Prozesses au\u00dfergew\u00f6hnlichen Service zu bieten. FMP konzentriert sich nicht auf \u00fcberm\u00e4\u00dfigen Gewinn, sondern auf den Aufbau langfristiger, f\u00fcr beide Seiten vorteilhafter Partnerschaften mit unseren Kunden, um nachhaltiges Wachstum und Erfolg zu gew\u00e4hrleisten.<\/p>\n<p>Wir freuen uns auf die Zusammenarbeit und darauf, gemeinsam mit unseren Partnern eine bessere Zukunft zu gestalten. Unsere ma\u00dfgeschneiderten L\u00f6sungen sind auf die wachsenden Anforderungen unserer Kunden zugeschnitten und stellen sicher, dass jedes Projekt die volle Aufmerksamkeit und Expertise erh\u00e4lt, die es verdient. Ob Standardprodukte oder ma\u00dfgeschneiderte L\u00f6sungen \u2013 FMP unterst\u00fctzt Sie bei jedem Schritt Ihres Erfolgs.<\/p>\n<p><img loading=\"lazy\" decoding=\"async\" class=\"alignnone size-full wp-image-3335\" src=\"https:\/\/fmp-components.com\/wp-content\/uploads\/2025\/01\/DC-motor-tgp01d-a130-product-1.webp\" alt=\"Gleichstrommotor-tgp01d-a130\" width=\"883\" height=\"574\" title=\"\" srcset=\"https:\/\/fmp-components.com\/wp-content\/uploads\/2025\/01\/DC-motor-tgp01d-a130-product-1.webp 883w, https:\/\/fmp-components.com\/wp-content\/uploads\/2025\/01\/DC-motor-tgp01d-a130-product-1-480x312.webp 480w\" sizes=\"(min-width: 0px) and (max-width: 480px) 480px, (min-width: 481px) 883px, 100vw\" \/><\/p>\n<p>Autor: CX<\/p>","protected":false},"excerpt":{"rendered":"<p>Characters Of Basic DC Toy Motor 1. Single shaft.Small size 42.2mm*45.5mm*23mm 2. DC plastic gear motor with low speed and big torque 3. Suitable for small diameter, low noise, and big toque application 4. Reduction Ratio: 48\u3001120\u3001180\u3001220\u3001288 Mini DC Motor Technical Data Motor model No Rated voltage VDC No-load speed r\/min No-load current mA Stall [&hellip;]<\/p>","protected":false},"featured_media":3353,"comment_status":"open","ping_status":"closed","template":"","meta":{"_et_pb_use_builder":"","_et_pb_old_content":"","_et_gb_content_width":""},"product_brand":[],"product_cat":[85],"product_tag":[],"class_list":{"0":"post-3348","1":"product","2":"type-product","3":"status-publish","4":"has-post-thumbnail","6":"product_cat-dc-motors","8":"first","9":"instock","10":"shipping-taxable","11":"product-type-simple"},"_links":{"self":[{"href":"https:\/\/fmp-components.com\/de\/wp-json\/wp\/v2\/product\/3348","targetHints":{"allow":["GET"]}}],"collection":[{"href":"https:\/\/fmp-components.com\/de\/wp-json\/wp\/v2\/product"}],"about":[{"href":"https:\/\/fmp-components.com\/de\/wp-json\/wp\/v2\/types\/product"}],"replies":[{"embeddable":true,"href":"https:\/\/fmp-components.com\/de\/wp-json\/wp\/v2\/comments?post=3348"}],"wp:featuredmedia":[{"embeddable":true,"href":"https:\/\/fmp-components.com\/de\/wp-json\/wp\/v2\/media\/3353"}],"wp:attachment":[{"href":"https:\/\/fmp-components.com\/de\/wp-json\/wp\/v2\/media?parent=3348"}],"wp:term":[{"taxonomy":"product_brand","embeddable":true,"href":"https:\/\/fmp-components.com\/de\/wp-json\/wp\/v2\/product_brand?post=3348"},{"taxonomy":"product_cat","embeddable":true,"href":"https:\/\/fmp-components.com\/de\/wp-json\/wp\/v2\/product_cat?post=3348"},{"taxonomy":"product_tag","embeddable":true,"href":"https:\/\/fmp-components.com\/de\/wp-json\/wp\/v2\/product_tag?post=3348"}],"curies":[{"name":"wp","href":"https:\/\/api.w.org\/{rel}","templated":true}]}}